{"id":11954,"date":"2024-11-07T15:00:32","date_gmt":"2024-11-07T20:00:32","guid":{"rendered":"https:\/\/alliedmineral.com\/industrias\/aluminio\/horno-stackmelter-2\/"},"modified":"2025-03-06T09:39:02","modified_gmt":"2025-03-06T14:39:02","slug":"horno-stackmelter-2","status":"publish","type":"page","link":"https:\/\/alliedmineral.com\/es\/industrias\/aluminio\/horno-stackmelter-2\/","title":{"rendered":"Horno Stackmelter"},"content":{"rendered":"<div class=\"wpb-content-wrapper\"><p>[vc_row full_width=\u00bbstretch_row\u00bb woodmart_bg_position=\u00bbcenter-bottom\u00bb css=\u00bb.vc_custom_1680617386280{margin-top: -40px !important;padding-top: 10px !important;padding-bottom: 18px !important;background-image: url(https:\/\/alliedmineral.com\/wp-content\/uploads\/2023\/03\/Allied-Minerals-title-1.jpg?id=84) !important;background-position: center !important;background-repeat: no-repeat !important;background-size: cover !important;}\u00bb woodmart_css_id=\u00bb642c2fa3441a4&#8243; responsive_spacing=\u00bbeyJwYXJhbV90eXBlIjoid29vZG1hcnRfcmVzcG9uc2l2ZV9zcGFjaW5nIiwic2VsZWN0b3JfaWQiOiI2NDJjMmZhMzQ0MWE0Iiwic2hvcnRjb2RlIjoidmNfcm93IiwiZGF0YSI6eyJ0YWJsZXQiOnt9LCJtb2JpbGUiOnt9fX0=\u00bb mobile_bg_img_hidden=\u00bbno\u00bb tablet_bg_img_hidden=\u00bbno\u00bb woodmart_parallax=\u00bb0&#8243; woodmart_gradient_switch=\u00bbno\u00bb woodmart_box_shadow=\u00bbno\u00bb wd_z_index=\u00bbno\u00bb woodmart_disable_overflow=\u00bb0&#8243; row_reverse_mobile=\u00bb0&#8243; row_reverse_tablet=\u00bb0&#8243;][vc_column css_animation=\u00bbfadeInUp\u00bb woodmart_css_id=\u00bb642ec2f26e0bf\u00bb parallax_scroll=\u00bbno\u00bb woodmart_sticky_column=\u00bbfalse\u00bb wd_collapsible_content_switcher=\u00bbno\u00bb wd_column_role_offcanvas_desktop=\u00bbno\u00bb wd_column_role_offcanvas_tablet=\u00bbno\u00bb wd_column_role_offcanvas_mobile=\u00bbno\u00bb wd_column_role_content_desktop=\u00bbno\u00bb wd_column_role_content_tablet=\u00bbno\u00bb wd_column_role_content_mobile=\u00bbno\u00bb mobile_bg_img_hidden=\u00bbno\u00bb tablet_bg_img_hidden=\u00bbno\u00bb woodmart_parallax=\u00bb0&#8243; woodmart_box_shadow=\u00bbno\u00bb responsive_spacing=\u00bbeyJwYXJhbV90eXBlIjoid29vZG1hcnRfcmVzcG9uc2l2ZV9zcGFjaW5nIiwic2VsZWN0b3JfaWQiOiI2NDJlYzJmMjZlMGJmIiwic2hvcnRjb2RlIjoidmNfY29sdW1uIiwiZGF0YSI6eyJ0YWJsZXQiOnt9LCJtb2JpbGUiOnt9fX0=\u00bb mobile_reset_margin=\u00bbno\u00bb tablet_reset_margin=\u00bbno\u00bb wd_z_index=\u00bbno\u00bb][vc_custom_heading text=\u00bbHorno Stackmelter\u00bb font_container=\u00bbtag:h1|font_size:40|text_align:left|color:%23ffffff|line_height:1&#8243; use_theme_fonts=\u00bbyes\u00bb css=\u00bb.vc_custom_1681261155498{border-bottom-width: 4px !important;padding-bottom: 20px !important;border-bottom-color: #ee7623 !important;border-bottom-style: solid !important;}\u00bb el_class=\u00bbpage-title\u00bb][\/vc_column][\/vc_row][vc_row content_placement=\u00bbmiddle\u00bb woodmart_css_id=\u00bb643595a53c85d\u00bb responsive_spacing=\u00bbeyJwYXJhbV90eXBlIjoid29vZG1hcnRfcmVzcG9uc2l2ZV9zcGFjaW5nIiwic2VsZWN0b3JfaWQiOiI2NDM1OTVhNTNjODVkIiwic2hvcnRjb2RlIjoidmNfcm93IiwiZGF0YSI6eyJ0YWJsZXQiOnt9LCJtb2JpbGUiOnt9fX0=\u00bb mobile_bg_img_hidden=\u00bbno\u00bb tablet_bg_img_hidden=\u00bbno\u00bb woodmart_parallax=\u00bb0&#8243; woodmart_gradient_switch=\u00bbno\u00bb woodmart_box_shadow=\u00bbno\u00bb wd_z_index=\u00bbno\u00bb woodmart_disable_overflow=\u00bb0&#8243; row_reverse_mobile=\u00bb0&#8243; row_reverse_tablet=\u00bb0&#8243; css=\u00bb.vc_custom_1681233321052{margin-bottom: 60px !important;}\u00bb][vc_column offset=\u00bbvc_col-md-8&#8243; woodmart_css_id=\u00bb6477ea3d5a0c5&#8243; parallax_scroll=\u00bbno\u00bb woodmart_sticky_column=\u00bbfalse\u00bb wd_collapsible_content_switcher=\u00bbno\u00bb wd_column_role_offcanvas_desktop=\u00bbno\u00bb wd_column_role_offcanvas_tablet=\u00bbno\u00bb wd_column_role_offcanvas_mobile=\u00bbno\u00bb wd_column_role_content_desktop=\u00bbno\u00bb wd_column_role_content_tablet=\u00bbno\u00bb wd_column_role_content_mobile=\u00bbno\u00bb mobile_bg_img_hidden=\u00bbno\u00bb tablet_bg_img_hidden=\u00bbno\u00bb woodmart_parallax=\u00bb0&#8243; woodmart_box_shadow=\u00bbno\u00bb responsive_spacing=\u00bbeyJwYXJhbV90eXBlIjoid29vZG1hcnRfcmVzcG9uc2l2ZV9zcGFjaW5nIiwic2VsZWN0b3JfaWQiOiI2NDc3ZWEzZDVhMGM1Iiwic2hvcnRjb2RlIjoidmNfY29sdW1uIiwiZGF0YSI6eyJ0YWJsZXQiOnt9LCJtb2JpbGUiOnt9fX0=\u00bb mobile_reset_margin=\u00bbno\u00bb tablet_reset_margin=\u00bbno\u00bb wd_z_index=\u00bbno\u00bb]\t\t\t<link rel=\"stylesheet\" id=\"wd-image-hotspot-css\" href=\"https:\/\/alliedmineral.com\/wp-content\/themes\/woodmart\/woodmart\/css\/parts\/el-hotspot.min.css?ver=7.1.4\" type=\"text\/css\" media=\"all\" \/> \t\t\t\t\t\t<link rel=\"stylesheet\" id=\"wd-mod-more-description-css\" href=\"https:\/\/alliedmineral.com\/wp-content\/themes\/woodmart\/woodmart\/css\/parts\/mod-more-description.min.css?ver=7.1.4\" type=\"text\/css\" media=\"all\" \/> \t\t\t\t\t<div class=\"wd-image-hotspot-wrapper wd-rs-672a22d603c7d hotspot-action-hover hotspot-icon-default color-scheme-dark vc_custom_1730814743887\">\n\t\t\t<div class=\"wd-image-hotspot-hotspots\">\n\t\t\t\t<img loading=\"lazy\" decoding=\"async\" width=\"2066\" height=\"1726\" src=\"https:\/\/alliedmineral.com\/wp-content\/uploads\/2023\/12\/StackMelter.png\" class=\"wd-image-hotspot-img attachment-full\" alt=\"\" title=\"StackMelter\" srcset=\"https:\/\/alliedmineral.com\/wp-content\/uploads\/2023\/12\/StackMelter.png 2066w, https:\/\/alliedmineral.com\/wp-content\/uploads\/2023\/12\/StackMelter-300x251.png 300w, https:\/\/alliedmineral.com\/wp-content\/uploads\/2023\/12\/StackMelter-1024x855.png 1024w, https:\/\/alliedmineral.com\/wp-content\/uploads\/2023\/12\/StackMelter-768x642.png 768w, https:\/\/alliedmineral.com\/wp-content\/uploads\/2023\/12\/StackMelter-1536x1283.png 1536w, https:\/\/alliedmineral.com\/wp-content\/uploads\/2023\/12\/StackMelter-2048x1711.png 2048w\" sizes=\"auto, (max-width: 2066px) 100vw, 2066px\" \/><div class=\"wd-image-hotspot hotspot-type-text\" style=\"left: 23.964%; top: 18.117%;\"><span class=\"hotspot-sonar\"><\/span><div class=\"hotspot-btn wd-fill\"><\/div><div class=\"hotspot-text hotspot-content hotspot-dropdown-bottom\"><h4 class=\"wd-entities-title\">PILA<\/h4><div class=\"hotspot-content-text set-cont-mb-s reset-last-child\"><\/p>\n<div class=\"hover-table-info\">\n<table class=\"hover-tables\">\n<tbody>\n<tr class=\"hover-table-1\">\n<td class=\"table-product\"><sup>ARMORMAX\u00ae<\/sup> 70 AC<\/td>\n<td>Hormig\u00f3n vibracional con 70% de al\u00famina, de bajo contenido en cemento, de alta resistencia a las agujas y a los golpes<\/td>\n<\/tr>\n<tr>\n<td class=\"table-product\"><sup>ARMORMAX\u00ae<\/sup> 70 SR<\/td>\n<td>Hormig\u00f3n vibracional con 70% de al\u00famina, de bajo contenido en cemento, de alta resistencia a las agujas y a los golpes<\/td>\n<\/tr>\n<tr class=\"hover-table-1\">\n<td class=\"table-product\">MATRIPUMP 72 ACX<\/td>\n<td>Hormig\u00f3n con base de mullita de alta pureza y bajo contenido en cemento, dise\u00f1ado para aplicaciones de contacto con aluminio fundido<\/td>\n<\/tr>\n<tr>\n<td class=\"table-product\">QUICK <sup>CAST\u00ae<\/sup> 81 ACX<\/td>\n<td>Hormig\u00f3n de baja cementaci\u00f3n a base de mullita de gran pureza, alta resistencia y resistente al aluminio<\/td>\n<\/tr>\n<tr class=\"hover-table-1\">\n<td class=\"table-product\">MATRIFLO 93 AC<\/td>\n<td>Hormig\u00f3n de alto contenido en al\u00famina y sin s\u00edlice<\/td>\n<\/tr>\n<\/tbody>\n<\/table>\n<\/div>\n<h5 style=\"text-align: center;\"><a style=\"color: #007473;\" href=\"https:\/\/alliedmineral.com\/wp-content\/uploads\/2024\/11\/Stack_stackmelter.pdf\" target=\"_blank\" rel=\"noopener\">PARA SABER M\u00c1S \u00ab<\/a><\/h5>\n<p><\/div><\/div><\/div><div class=\"wd-image-hotspot hotspot-type-text\" style=\"left: 45.405%; top: 58.664%;\"><span class=\"hotspot-sonar\"><\/span><div class=\"hotspot-btn wd-fill\"><\/div><div class=\"hotspot-text hotspot-content hotspot-dropdown-bottom\"><h4 class=\"wd-entities-title\">QUEMADORES<\/h4><div class=\"hotspot-content-text set-cont-mb-s reset-last-child\"><\/p>\n<div class=\"hover-table-info\">\n<table class=\"hover-tables\">\n<tbody>\n<tr class=\"hover-table-1\">\n<td class=\"table-product\">KAST TECH 60<\/td>\n<td>Hormig\u00f3n vibracional con 56% de al\u00famina y bajo contenido en cemento, con alta retenci\u00f3n de la resistencia<\/td>\n<\/tr>\n<tr>\n<td class=\"table-product\">MATRIPHOS 85 AC<\/td>\n<td>pl\u00e1stico aglomerado fosf\u00f3rico con 81% de al\u00famina<\/td>\n<\/tr>\n<tr class=\"hover-table-1\">\n<td class=\"table-product\"><sup>QUICK-FIRE\u00ae<\/sup> 88<\/td>\n<td>Mezcla bicomponente de parcheo fosf\u00f3rico con un 88% de al\u00famina<\/td>\n<\/tr>\n<tr>\n<td class=\"table-product\"><sup>QUICK-FIRE\u00ae<\/sup> UNO 86<\/td>\n<td>Hormig\u00f3n de alta al\u00famina, resistente al aluminio, aglomerado qu\u00edmicamente<\/td>\n<\/tr>\n<\/tbody>\n<\/table>\n<\/div>\n<h5 style=\"text-align: center;\"><a style=\"color: #007473;\" href=\"https:\/\/alliedmineral.com\/wp-content\/uploads\/2024\/11\/Burners_stackmelter.pdf\" target=\"_blank\" rel=\"noopener\">PARA SABER M\u00c1S \u00ab<\/a><\/h5>\n<p><\/div><\/div><\/div><div class=\"wd-image-hotspot hotspot-type-text\" style=\"left: 53.153%; top: 54.782%;\"><span class=\"hotspot-sonar\"><\/span><div class=\"hotspot-btn wd-fill\"><\/div><div class=\"hotspot-text hotspot-content hotspot-dropdown-bottom\"><h4 class=\"wd-entities-title\">TECHO<\/h4><div class=\"hotspot-content-text set-cont-mb-s reset-last-child\"><\/p>\n<div class=\"hover-table-info\">\n<table class=\"hover-tables\">\n<tbody>\n<tr class=\"hover-table-1\">\n<td class=\"table-product\">KAST TECH 60<\/td>\n<td>Hormig\u00f3n vibracional con 56% de al\u00famina y bajo contenido en cemento, con alta retenci\u00f3n de la resistencia<\/td>\n<\/tr>\n<tr>\n<td class=\"table-product\">MATRIPUMP AR 61<\/td>\n<td>Hormig\u00f3n bajo en cemento con un 60% de al\u00famina, resistente a los \u00e1lcalis<\/td>\n<\/tr>\n<tr class=\"hover-table-1\">\n<td class=\"table-product\">MATRIPUMP 50<\/td>\n<td>Hormig\u00f3n vibrante\/bombeable con 54% de al\u00famina y bajo contenido en cemento<\/td>\n<\/tr>\n<\/tbody>\n<\/table>\n<\/div>\n<h5 style=\"text-align: center;\"><a style=\"color: #007473;\" href=\"\/wp-content\/uploads\/2023\/08\/Roof_reverb.pdf\" target=\"_blank\" rel=\"noopener\">PARA SABER M\u00c1S \u00ab<\/a><\/h5>\n<p><\/div><\/div><\/div><div class=\"wd-image-hotspot hotspot-type-text\" style=\"left: 24.685%; top: 53.272%;\"><span class=\"hotspot-sonar\"><\/span><div class=\"hotspot-btn wd-fill\"><\/div><div class=\"hotspot-text hotspot-content hotspot-dropdown-bottom\"><h4 class=\"wd-entities-title\">HOGAR SECO \/ RAMPA<\/h4><div class=\"hotspot-content-text set-cont-mb-s reset-last-child\"><\/p>\n<div class=\"hover-table-info\">\n<table class=\"hover-tables\">\n<tbody>\n<tr class=\"hover-table-1\">\n<td class=\"table-product\">MATRIFLO 93 AC<\/td>\n<td>Hormig\u00f3n de alto contenido en al\u00famina y sin s\u00edlice<\/td>\n<\/tr>\n<tr>\n<td class=\"table-product\">MATRIFLO AL C<\/td>\n<td>Hormig\u00f3n de bajo contenido en cemento a base de mullita<\/td>\n<\/tr>\n<tr class=\"hover-table-1\">\n<td class=\"table-product\">MATRIFLO SiC 6<\/td>\n<td>Hormig\u00f3n de bajo contenido en cemento con carburo de silicio resistente al aluminio<\/td>\n<\/tr>\n<tr>\n<td class=\"table-product\">MATRIPUMP 72 ACX<\/td>\n<td>Hormig\u00f3n con base de mullita de alta pureza y bajo contenido en cemento, dise\u00f1ado para aplicaciones de contacto con aluminio fundido<\/td>\n<\/tr>\n<tr class=\"hover-table-1\">\n<td class=\"table-product\">QUICK <sup>CAST\u00ae<\/sup> 81 ACX<\/td>\n<td>Hormig\u00f3n de baja cementaci\u00f3n a base de mullita de gran pureza, alta resistencia y resistente al aluminio<\/td>\n<\/tr>\n<\/tbody>\n<\/table>\n<\/div>\n<h5 style=\"text-align: center;\"><a style=\"color: #007473;\" href=\"https:\/\/alliedmineral.com\/wp-content\/uploads\/2024\/11\/Walls-Hearth-Ramp_stackmelter.pdf\" target=\"_blank\" rel=\"noopener\">PARA SABER M\u00c1S \u00ab<\/a><\/h5>\n<p><\/div><\/div><\/div><div class=\"wd-image-hotspot hotspot-type-text\" style=\"left: 46.306%; top: 69.232%;\"><span class=\"hotspot-sonar\"><\/span><div class=\"hotspot-btn wd-fill\"><\/div><div class=\"hotspot-text hotspot-content hotspot-dropdown-bottom\"><h4 class=\"wd-entities-title\">C\u00c1MARA DE CONTENCI\u00d3N<\/h4><div class=\"hotspot-content-text set-cont-mb-s reset-last-child\"><\/p>\n<div class=\"hover-table-info\">\n<table class=\"hover-tables\">\n<tbody>\n<tr class=\"hover-table-1\">\n<td class=\"table-product\">QUICK <sup>CAST\u00ae<\/sup> 61 ACX<\/td>\n<td>Hormig\u00f3n de baja cementaci\u00f3n resistente al aluminio y de alta resistencia a base de mullita<\/td>\n<\/tr>\n<tr>\n<td class=\"table-product\"><sup>QUICK-FIRE\u00ae<\/sup> 88<\/td>\n<td>Mezcla bicomponente de parcheo fosf\u00f3rico con un 88% de al\u00famina<\/td>\n<\/tr>\n<tr class=\"hover-table-1\">\n<td class=\"table-product\"><sup>QUICK-FIRE\u00ae<\/sup> UNO 86<\/td>\n<td>Hormig\u00f3n monocomponente resistente al aluminio, aglomerado con \u00e1cido fosf\u00f3rico<\/td>\n<\/tr>\n<tr>\n<td class=\"table-product\">MATRICAST 70 AC<\/td>\n<td>Hormig\u00f3n de bajo contenido en cemento a base de mullita con buena resistencia a la abrasi\u00f3n<\/td>\n<\/tr>\n<tr class=\"hover-table-1\">\n<td class=\"table-product\"><sup>WAM\u00ae<\/sup> AL II HDF<\/td>\n<td>Hormig\u00f3n de alto cemento resistente al aluminio y a la corrosi\u00f3n<\/td>\n<\/tr>\n<tr class=\"hover-table-1\">\n<td class=\"table-product\"><sup>WAM\u00ae<\/sup> AL III HD<\/td>\n<td>Hormig\u00f3n de alto contenido en aluminio y resistente a la corrosi\u00f3n<\/td>\n<\/tr>\n<\/tbody>\n<\/table>\n<\/div>\n<h5 style=\"text-align: center;\"><a style=\"color: #007473;\" href=\"https:\/\/alliedmineral.com\/wp-content\/uploads\/2024\/11\/Holding-Chamber_stackmelter.pdf\" target=\"_blank\" rel=\"noopener\">PARA SABER M\u00c1S \u00ab<\/a><\/h5>\n<p><\/div><\/div><\/div><div class=\"wd-image-hotspot hotspot-type-text\" style=\"left: 34.775%; top: 57.586%;\"><span class=\"hotspot-sonar\"><\/span><div class=\"hotspot-btn wd-fill\"><\/div><div class=\"hotspot-text hotspot-content hotspot-dropdown-bottom\"><h4 class=\"wd-entities-title\">NARIZ DE TORO<\/h4><div class=\"hotspot-content-text set-cont-mb-s reset-last-child\"><\/p>\n<div class=\"hover-table-info\">\n<table class=\"hover-tables\">\n<tbody>\n<tr class=\"hover-table-1\">\n<td class=\"table-product\"><sup>ARMORMAX\u00ae<\/sup> 70 SR<\/td>\n<td>Hormig\u00f3n antivibratorio con 70% de al\u00famina, bajo en cemento y resistente a los golpes<\/td>\n<\/tr>\n<tr>\n<td class=\"table-product\"><sup>ARMORMAX\u00ae<\/sup> 70 AC<\/td>\n<td>Hormig\u00f3n de vibraci\u00f3n de contacto de aluminio, con 70% de al\u00famina y bajo contenido de cemento<\/td>\n<\/tr>\n<tr class=\"hover-table-1\">\n<td class=\"table-product\">QUICK <sup>CAST\u00ae<\/sup> 61 ACX<\/td>\n<td>Hormig\u00f3n de baja cementaci\u00f3n resistente al aluminio y de alta resistencia a base de mullita<\/td>\n<\/tr>\n<tr>\n<td class=\"table-product\">QUICK <sup>CAST\u00ae<\/sup> 81 ACX<\/td>\n<td>Hormig\u00f3n de baja cementaci\u00f3n a base de mullita de gran pureza, alta resistencia y resistente al aluminio<\/td>\n<\/tr>\n<\/tbody>\n<\/table>\n<\/div>\n<h5 style=\"text-align: center;\"><a style=\"color: #007473;\" href=\"https:\/\/alliedmineral.com\/wp-content\/uploads\/2024\/11\/Bull-Nose_stackmelter.pdf\" target=\"_blank\" rel=\"noopener\">PARA SABER M\u00c1S \u00ab<\/a><\/h5>\n<p><\/div><\/div><\/div>\t\t\t<\/div>\n\t\t<\/div>\n\t\t[\/vc_column][vc_column woodmart_css_id=\u00bb6477ea43b57af\u00bb parallax_scroll=\u00bbno\u00bb woodmart_sticky_column=\u00bbfalse\u00bb wd_collapsible_content_switcher=\u00bbno\u00bb wd_column_role_offcanvas_desktop=\u00bbno\u00bb wd_column_role_offcanvas_tablet=\u00bbno\u00bb wd_column_role_offcanvas_mobile=\u00bbno\u00bb wd_column_role_content_desktop=\u00bbno\u00bb wd_column_role_content_tablet=\u00bbno\u00bb wd_column_role_content_mobile=\u00bbno\u00bb mobile_bg_img_hidden=\u00bbno\u00bb tablet_bg_img_hidden=\u00bbno\u00bb woodmart_parallax=\u00bb0&#8243; woodmart_box_shadow=\u00bbno\u00bb responsive_spacing=\u00bbeyJwYXJhbV90eXBlIjoid29vZG1hcnRfcmVzcG9uc2l2ZV9zcGFjaW5nIiwic2VsZWN0b3JfaWQiOiI2NDc3ZWE0M2I1N2FmIiwic2hvcnRjb2RlIjoidmNfY29sdW1uIiwiZGF0YSI6eyJ0YWJsZXQiOnt9LCJtb2JpbGUiOnt9fX0=\u00bb mobile_reset_margin=\u00bbno\u00bb tablet_reset_margin=\u00bbno\u00bb wd_z_index=\u00bbno\u00bb offset=\u00bbvc_col-md-4&#8243;][vc_custom_heading text=\u00bbALUMINIO\u00bb font_container=\u00bbtag:h3|text_align:left|color:%23ee7623&#8243; use_theme_fonts=\u00bbyes\u00bb css=\u00bb.vc_custom_1681261384553{margin-bottom: 0px !important;}\u00bb][vc_custom_heading text=\u00bbSTACKMELTER<br \/>\nFURNACE\u00bb font_container=\u00bbtag:h2|text_align:left|color:%231a1a1a\u00bb use_theme_fonts=\u00bbyes\u00bb][vc_column_text woodmart_inline=\u00bbno\u00bb text_larger=\u00bbno\u00bb]Allied fabrica un surtido de productos que permite flexibilidad para satisfacer las necesidades de todas las \u00e1reas de un horno de fusi\u00f3n de aluminio en pila. Nuestras l\u00edneas de productos de confianza incluyen WAM, MATRIFLO, <sup>ARMORMAX\u00ae<\/sup>, QUICK <sup>CAST\u00ae<\/sup> y <sup>QUICK-FIRE\u00ae<\/sup>.[\/vc_column_text]<div id=\"wd-642eff5a4f8b3\" class=\" wd-rs-642eff5a4f8b3  wd-button-wrapper text-left\"><a href=\"\/es\/?page_id=11674\" title=\"P\u00f3ngase en contacto con\" class=\"btn btn-scheme-light btn-scheme-hover-light btn-style-default btn-style-rectangle btn-size-default\">SOLICITAR PRESUPUESTO<\/a><\/div>[\/vc_column][\/vc_row]<\/p>\n<\/div>","protected":false},"excerpt":{"rendered":"<p>[vc_row full_width=\u00bbstretch_row\u00bb woodmart_bg_position=\u00bbcenter-bottom\u00bb css=\u00bb.vc_custom_1680617386280{margin-top: -40px !important;padding-top: 10px !important;padding-bottom: 18px !important;background-image: url(https:\/\/alliedmineral.com\/wp-content\/uploads\/2023\/03\/Allied-Minerals-title-1.jpg?id=84) !important;background-position: center !important;background-repeat: no-repeat !important;background-size: cover !important;}\u00bb woodmart_css_id=\u00bb642c2fa3441a4&#8243; responsive_spacing=\u00bbeyJwYXJhbV90eXBlIjoid29vZG1hcnRfcmVzcG9uc2l2ZV9zcGFjaW5nIiwic2VsZWN0b3JfaWQiOiI2NDJjMmZhMzQ0MWE0Iiwic2hvcnRjb2RlIjoidmNfcm93IiwiZGF0YSI6eyJ0YWJsZXQiOnt9LCJtb2JpbGUiOnt9fX0=\u00bb<\/p>\n","protected":false},"author":7,"featured_media":0,"parent":11453,"menu_order":0,"comment_status":"closed","ping_status":"closed","template":"","meta":{"content-type":"","footnotes":""},"class_list":["post-11954","page","type-page","status-publish","hentry"],"yoast_head":"<!-- This site is optimized with the Yoast SEO plugin v25.7 - https:\/\/yoast.com\/wordpress\/plugins\/seo\/ -->\n<title>Refractarios para hornos stackmelter<\/title>\n<meta name=\"description\" content=\"Refractarios dise\u00f1ados para todas las \u00e1reas de los hornos de fusi\u00f3n por apilamiento\" \/>\n<meta name=\"robots\" content=\"index, follow, max-snippet:-1, max-image-preview:large, max-video-preview:-1\" \/>\n<link rel=\"canonical\" href=\"https:\/\/alliedmineral.com\/es\/industrias\/aluminio\/horno-stackmelter-2\/\" \/>\n<meta property=\"og:locale\" content=\"es_ES\" \/>\n<meta property=\"og:type\" content=\"article\" \/>\n<meta property=\"og:title\" content=\"Refractarios para hornos stackmelter\" \/>\n<meta property=\"og:description\" content=\"Refractarios dise\u00f1ados para todas las \u00e1reas de los hornos de fusi\u00f3n por apilamiento\" \/>\n<meta property=\"og:url\" content=\"https:\/\/alliedmineral.com\/es\/industrias\/aluminio\/horno-stackmelter-2\/\" \/>\n<meta property=\"og:site_name\" content=\"Allied Mineral Products\" \/>\n<meta property=\"article:modified_time\" content=\"2025-03-06T14:39:02+00:00\" \/>\n<meta name=\"twitter:card\" content=\"summary_large_image\" \/>\n<meta name=\"twitter:label1\" content=\"Tiempo de lectura\" \/>\n\t<meta name=\"twitter:data1\" content=\"7 minutos\" \/>\n<script type=\"application\/ld+json\" class=\"yoast-schema-graph\">{\"@context\":\"https:\/\/schema.org\",\"@graph\":[{\"@type\":\"WebPage\",\"@id\":\"https:\/\/alliedmineral.com\/es\/industrias\/aluminio\/horno-stackmelter-2\/\",\"url\":\"https:\/\/alliedmineral.com\/es\/industrias\/aluminio\/horno-stackmelter-2\/\",\"name\":\"Refractarios para hornos stackmelter\",\"isPartOf\":{\"@id\":\"https:\/\/alliedmineral.com\/es\/#website\"},\"datePublished\":\"2024-11-07T20:00:32+00:00\",\"dateModified\":\"2025-03-06T14:39:02+00:00\",\"description\":\"Refractarios dise\u00f1ados para todas las \u00e1reas de los hornos de fusi\u00f3n por apilamiento\",\"breadcrumb\":{\"@id\":\"https:\/\/alliedmineral.com\/es\/industrias\/aluminio\/horno-stackmelter-2\/#breadcrumb\"},\"inLanguage\":\"es\",\"potentialAction\":[{\"@type\":\"ReadAction\",\"target\":[\"https:\/\/alliedmineral.com\/es\/industrias\/aluminio\/horno-stackmelter-2\/\"]}]},{\"@type\":\"BreadcrumbList\",\"@id\":\"https:\/\/alliedmineral.com\/es\/industrias\/aluminio\/horno-stackmelter-2\/#breadcrumb\",\"itemListElement\":[{\"@type\":\"ListItem\",\"position\":1,\"name\":\"Home\",\"item\":\"https:\/\/alliedmineral.com\/es\/\"},{\"@type\":\"ListItem\",\"position\":2,\"name\":\"Industrias\",\"item\":\"https:\/\/alliedmineral.com\/es\/industrias\/\"},{\"@type\":\"ListItem\",\"position\":3,\"name\":\"Aluminio\",\"item\":\"https:\/\/alliedmineral.com\/es\/industrias\/aluminio\/\"},{\"@type\":\"ListItem\",\"position\":4,\"name\":\"Horno Stackmelter\"}]},{\"@type\":\"WebSite\",\"@id\":\"https:\/\/alliedmineral.com\/es\/#website\",\"url\":\"https:\/\/alliedmineral.com\/es\/\",\"name\":\"Allied Mineral Products\",\"description\":\"\",\"potentialAction\":[{\"@type\":\"SearchAction\",\"target\":{\"@type\":\"EntryPoint\",\"urlTemplate\":\"https:\/\/alliedmineral.com\/es\/?s={search_term_string}\"},\"query-input\":{\"@type\":\"PropertyValueSpecification\",\"valueRequired\":true,\"valueName\":\"search_term_string\"}}],\"inLanguage\":\"es\"}]}<\/script>\n<!-- \/ Yoast SEO plugin. -->","yoast_head_json":{"title":"Refractarios para hornos stackmelter","description":"Refractarios dise\u00f1ados para todas las \u00e1reas de los hornos de fusi\u00f3n por apilamiento","robots":{"index":"index","follow":"follow","max-snippet":"max-snippet:-1","max-image-preview":"max-image-preview:large","max-video-preview":"max-video-preview:-1"},"canonical":"https:\/\/alliedmineral.com\/es\/industrias\/aluminio\/horno-stackmelter-2\/","og_locale":"es_ES","og_type":"article","og_title":"Refractarios para hornos stackmelter","og_description":"Refractarios dise\u00f1ados para todas las \u00e1reas de los hornos de fusi\u00f3n por apilamiento","og_url":"https:\/\/alliedmineral.com\/es\/industrias\/aluminio\/horno-stackmelter-2\/","og_site_name":"Allied Mineral Products","article_modified_time":"2025-03-06T14:39:02+00:00","twitter_card":"summary_large_image","twitter_misc":{"Tiempo de lectura":"7 minutos"},"schema":{"@context":"https:\/\/schema.org","@graph":[{"@type":"WebPage","@id":"https:\/\/alliedmineral.com\/es\/industrias\/aluminio\/horno-stackmelter-2\/","url":"https:\/\/alliedmineral.com\/es\/industrias\/aluminio\/horno-stackmelter-2\/","name":"Refractarios para hornos stackmelter","isPartOf":{"@id":"https:\/\/alliedmineral.com\/es\/#website"},"datePublished":"2024-11-07T20:00:32+00:00","dateModified":"2025-03-06T14:39:02+00:00","description":"Refractarios dise\u00f1ados para todas las \u00e1reas de los hornos de fusi\u00f3n por apilamiento","breadcrumb":{"@id":"https:\/\/alliedmineral.com\/es\/industrias\/aluminio\/horno-stackmelter-2\/#breadcrumb"},"inLanguage":"es","potentialAction":[{"@type":"ReadAction","target":["https:\/\/alliedmineral.com\/es\/industrias\/aluminio\/horno-stackmelter-2\/"]}]},{"@type":"BreadcrumbList","@id":"https:\/\/alliedmineral.com\/es\/industrias\/aluminio\/horno-stackmelter-2\/#breadcrumb","itemListElement":[{"@type":"ListItem","position":1,"name":"Home","item":"https:\/\/alliedmineral.com\/es\/"},{"@type":"ListItem","position":2,"name":"Industrias","item":"https:\/\/alliedmineral.com\/es\/industrias\/"},{"@type":"ListItem","position":3,"name":"Aluminio","item":"https:\/\/alliedmineral.com\/es\/industrias\/aluminio\/"},{"@type":"ListItem","position":4,"name":"Horno Stackmelter"}]},{"@type":"WebSite","@id":"https:\/\/alliedmineral.com\/es\/#website","url":"https:\/\/alliedmineral.com\/es\/","name":"Allied Mineral Products","description":"","potentialAction":[{"@type":"SearchAction","target":{"@type":"EntryPoint","urlTemplate":"https:\/\/alliedmineral.com\/es\/?s={search_term_string}"},"query-input":{"@type":"PropertyValueSpecification","valueRequired":true,"valueName":"search_term_string"}}],"inLanguage":"es"}]}},"_links":{"self":[{"href":"https:\/\/alliedmineral.com\/es\/wp-json\/wp\/v2\/pages\/11954","targetHints":{"allow":["GET"]}}],"collection":[{"href":"https:\/\/alliedmineral.com\/es\/wp-json\/wp\/v2\/pages"}],"about":[{"href":"https:\/\/alliedmineral.com\/es\/wp-json\/wp\/v2\/types\/page"}],"author":[{"embeddable":true,"href":"https:\/\/alliedmineral.com\/es\/wp-json\/wp\/v2\/users\/7"}],"replies":[{"embeddable":true,"href":"https:\/\/alliedmineral.com\/es\/wp-json\/wp\/v2\/comments?post=11954"}],"version-history":[{"count":0,"href":"https:\/\/alliedmineral.com\/es\/wp-json\/wp\/v2\/pages\/11954\/revisions"}],"up":[{"embeddable":true,"href":"https:\/\/alliedmineral.com\/es\/wp-json\/wp\/v2\/pages\/11453"}],"wp:attachment":[{"href":"https:\/\/alliedmineral.com\/es\/wp-json\/wp\/v2\/media?parent=11954"}],"curies":[{"name":"wp","href":"https:\/\/api.w.org\/{rel}","templated":true}]}}