{"id":11460,"date":"2023-04-11T19:58:47","date_gmt":"2023-04-12T00:58:47","guid":{"rendered":"https:\/\/alliedmineral.com\/industrias\/aluminio\/horno-stackmelter\/"},"modified":"2025-03-06T09:39:02","modified_gmt":"2025-03-06T14:39:02","slug":"horno-stackmelter","status":"publish","type":"page","link":"https:\/\/alliedmineral.com\/es\/industrias\/aluminio\/horno-stackmelter\/","title":{"rendered":"Horno Stackmelter"},"content":{"rendered":"<div class=\"wpb-content-wrapper\"><p>[vc_row full_width=\u00bbstretch_row\u00bb woodmart_bg_position=\u00bbcenter-bottom\u00bb css=\u00bb.vc_custom_1680617386280{margin-top: -40px !important;padding-top: 10px !important;padding-bottom: 18px !important;background-image: url(https:\/\/alliedmineral.com\/wp-content\/uploads\/2023\/03\/Allied-Minerals-title-1.jpg?id=84) !important;background-position: center !important;background-repeat: no-repeat !important;background-size: cover !important;}\u00bb woodmart_css_id=\u00bb642c2fa3441a4&#8243; responsive_spacing=\u00bbeyJwYXJhbV90eXBlIjoid29vZG1hcnRfcmVzcG9uc2l2ZV9zcGFjaW5nIiwic2VsZWN0b3JfaWQiOiI2NDJjMmZhMzQ0MWE0Iiwic2hvcnRjb2RlIjoidmNfcm93IiwiZGF0YSI6eyJ0YWJsZXQiOnt9LCJtb2JpbGUiOnt9fX0=\u00bb mobile_bg_img_hidden=\u00bbno\u00bb tablet_bg_img_hidden=\u00bbno\u00bb woodmart_parallax=\u00bb0&#8243; woodmart_gradient_switch=\u00bbno\u00bb woodmart_box_shadow=\u00bbno\u00bb wd_z_index=\u00bbno\u00bb woodmart_disable_overflow=\u00bb0&#8243; row_reverse_mobile=\u00bb0&#8243; row_reverse_tablet=\u00bb0&#8243;][vc_column css_animation=\u00bbfadeInUp\u00bb woodmart_css_id=\u00bb642ec2f26e0bf\u00bb parallax_scroll=\u00bbno\u00bb woodmart_sticky_column=\u00bbfalse\u00bb wd_collapsible_content_switcher=\u00bbno\u00bb wd_column_role_offcanvas_desktop=\u00bbno\u00bb wd_column_role_offcanvas_tablet=\u00bbno\u00bb wd_column_role_offcanvas_mobile=\u00bbno\u00bb wd_column_role_content_desktop=\u00bbno\u00bb wd_column_role_content_tablet=\u00bbno\u00bb wd_column_role_content_mobile=\u00bbno\u00bb mobile_bg_img_hidden=\u00bbno\u00bb tablet_bg_img_hidden=\u00bbno\u00bb woodmart_parallax=\u00bb0&#8243; woodmart_box_shadow=\u00bbno\u00bb responsive_spacing=\u00bbeyJwYXJhbV90eXBlIjoid29vZG1hcnRfcmVzcG9uc2l2ZV9zcGFjaW5nIiwic2VsZWN0b3JfaWQiOiI2NDJlYzJmMjZlMGJmIiwic2hvcnRjb2RlIjoidmNfY29sdW1uIiwiZGF0YSI6eyJ0YWJsZXQiOnt9LCJtb2JpbGUiOnt9fX0=\u00bb mobile_reset_margin=\u00bbno\u00bb tablet_reset_margin=\u00bbno\u00bb wd_z_index=\u00bbno\u00bb][vc_custom_heading text=\u00bbHorno Stackmelter\u00bb font_container=\u00bbtag:h1|font_size:40|text_align:left|color:%23ffffff|line_height:1&#8243; use_theme_fonts=\u00bbyes\u00bb el_class=\u00bbpage-title\u00bb css=\u00bb.vc_custom_1681261155498{border-bottom-width: 4px !important;padding-bottom: 20px !important;border-bottom-color: #ee7623 !important;border-bottom-style: solid !important;}\u00bb][\/vc_column][\/vc_row][vc_row content_placement=\u00bbmiddle\u00bb woodmart_css_id=\u00bb643595a53c85d\u00bb responsive_spacing=\u00bbeyJwYXJhbV90eXBlIjoid29vZG1hcnRfcmVzcG9uc2l2ZV9zcGFjaW5nIiwic2VsZWN0b3JfaWQiOiI2NDM1OTVhNTNjODVkIiwic2hvcnRjb2RlIjoidmNfcm93IiwiZGF0YSI6eyJ0YWJsZXQiOnt9LCJtb2JpbGUiOnt9fX0=\u00bb mobile_bg_img_hidden=\u00bbno\u00bb tablet_bg_img_hidden=\u00bbno\u00bb woodmart_parallax=\u00bb0&#8243; woodmart_gradient_switch=\u00bbno\u00bb woodmart_box_shadow=\u00bbno\u00bb wd_z_index=\u00bbno\u00bb woodmart_disable_overflow=\u00bb0&#8243; row_reverse_mobile=\u00bb0&#8243; row_reverse_tablet=\u00bb0&#8243; css=\u00bb.vc_custom_1681233321052{margin-bottom: 60px !important;}\u00bb][vc_column offset=\u00bbvc_col-md-8&#8243; woodmart_css_id=\u00bb6477ea3d5a0c5&#8243; parallax_scroll=\u00bbno\u00bb woodmart_sticky_column=\u00bbfalse\u00bb wd_collapsible_content_switcher=\u00bbno\u00bb wd_column_role_offcanvas_desktop=\u00bbno\u00bb wd_column_role_offcanvas_tablet=\u00bbno\u00bb wd_column_role_offcanvas_mobile=\u00bbno\u00bb wd_column_role_content_desktop=\u00bbno\u00bb wd_column_role_content_tablet=\u00bbno\u00bb wd_column_role_content_mobile=\u00bbno\u00bb mobile_bg_img_hidden=\u00bbno\u00bb tablet_bg_img_hidden=\u00bbno\u00bb woodmart_parallax=\u00bb0&#8243; woodmart_box_shadow=\u00bbno\u00bb responsive_spacing=\u00bbeyJwYXJhbV90eXBlIjoid29vZG1hcnRfcmVzcG9uc2l2ZV9zcGFjaW5nIiwic2VsZWN0b3JfaWQiOiI2NDc3ZWEzZDVhMGM1Iiwic2hvcnRjb2RlIjoidmNfY29sdW1uIiwiZGF0YSI6eyJ0YWJsZXQiOnt9LCJtb2JpbGUiOnt9fX0=\u00bb mobile_reset_margin=\u00bbno\u00bb tablet_reset_margin=\u00bbno\u00bb wd_z_index=\u00bbno\u00bb][vc_single_image image=\u00bb11260&#8243; img_size=\u00bbfull\u00bb alignment=\u00bbcenter\u00bb parallax_scroll=\u00bbno\u00bb woodmart_inline=\u00bbno\u00bb][\/vc_column][vc_column woodmart_css_id=\u00bb6477ea43b57af\u00bb parallax_scroll=\u00bbno\u00bb woodmart_sticky_column=\u00bbfalse\u00bb wd_collapsible_content_switcher=\u00bbno\u00bb wd_column_role_offcanvas_desktop=\u00bbno\u00bb wd_column_role_offcanvas_tablet=\u00bbno\u00bb wd_column_role_offcanvas_mobile=\u00bbno\u00bb wd_column_role_content_desktop=\u00bbno\u00bb wd_column_role_content_tablet=\u00bbno\u00bb wd_column_role_content_mobile=\u00bbno\u00bb mobile_bg_img_hidden=\u00bbno\u00bb tablet_bg_img_hidden=\u00bbno\u00bb woodmart_parallax=\u00bb0&#8243; woodmart_box_shadow=\u00bbno\u00bb responsive_spacing=\u00bbeyJwYXJhbV90eXBlIjoid29vZG1hcnRfcmVzcG9uc2l2ZV9zcGFjaW5nIiwic2VsZWN0b3JfaWQiOiI2NDc3ZWE0M2I1N2FmIiwic2hvcnRjb2RlIjoidmNfY29sdW1uIiwiZGF0YSI6eyJ0YWJsZXQiOnt9LCJtb2JpbGUiOnt9fX0=\u00bb mobile_reset_margin=\u00bbno\u00bb tablet_reset_margin=\u00bbno\u00bb wd_z_index=\u00bbno\u00bb offset=\u00bbvc_col-md-4&#8243;][vc_custom_heading text=\u00bbALUMINIO\u00bb font_container=\u00bbtag:h3|text_align:left|color:%23ee7623&#8243; use_theme_fonts=\u00bbyes\u00bb css=\u00bb.vc_custom_1681261384553{margin-bottom: 0px !important;}\u00bb][vc_custom_heading text=\u00bbSTACKMELTER<br \/>\nCALEFACCI\u00d3N\u00bb font_container=\u00bbtag:h2|text_align:left|color:%231a1a1a\u00bb use_theme_fonts=\u00bbyes\u00bb][vc_column_text woodmart_inline=\u00bbno\u00bb text_larger=\u00bbno\u00bb]Allied fabrica un surtido de productos que permite flexibilidad para satisfacer las necesidades de todas las \u00e1reas de un horno de fusi\u00f3n de aluminio en pila. Nuestras l\u00edneas de productos de confianza incluyen WAM, MATRIFLO, <sup>ARMORMAX\u00ae<\/sup>, QUICK <sup>CAST\u00ae<\/sup> y <sup>QUICK-FIRE\u00ae<\/sup>.[\/vc_column_text]<div id=\"wd-642eff5a4f8b3\" class=\" wd-rs-642eff5a4f8b3  wd-button-wrapper text-left\"><a href=\"\/es\/?page_id=11674\" title=\"P\u00f3ngase en contacto con\" class=\"btn btn-scheme-light btn-scheme-hover-light btn-style-default btn-style-rectangle btn-size-default\">SOLICITAR PRESUPUESTO<\/a><\/div>[\/vc_column][\/vc_row][vc_row full_width=\u00bbstretch_row\u00bb equal_height=\u00bbyes\u00bb css=\u00bb.vc_custom_1685580372128{margin-bottom: -40px !important;padding-top: 100px !important;padding-bottom: 100px !important;}\u00bb woodmart_css_id=\u00bb6477ea4db783c\u00bb responsive_spacing=\u00bbeyJwYXJhbV90eXBlIjoid29vZG1hcnRfcmVzcG9uc2l2ZV9zcGFjaW5nIiwic2VsZWN0b3JfaWQiOiI2NDc3ZWE0ZGI3ODNjIiwic2hvcnRjb2RlIjoidmNfcm93IiwiZGF0YSI6eyJ0YWJsZXQiOnt9LCJtb2JpbGUiOnsicGFkZGluZy10b3AiOiI1MCIsInBhZGRpbmctYm90dG9tIjoiNTAifX19&#8243; mobile_bg_img_hidden=\u00bbno\u00bb tablet_bg_img_hidden=\u00bbno\u00bb woodmart_parallax=\u00bb0&#8243; woodmart_gradient_switch=\u00bbyes\u00bb woodmart_box_shadow=\u00bbno\u00bb wd_z_index=\u00bbno\u00bb woodmart_disable_overflow=\u00bb0&#8243; row_reverse_mobile=\u00bb0&#8243; row_reverse_tablet=\u00bb0&#8243; woodmart_color_gradient=\u00bbrgb(0, 116, 115)-0\/rgb(0, 0, 0)-100\/|linear-gradient(top , rgb(0, 116, 115) , rgb(0, 0, 0) 100%)|linear|top\u00bb][vc_column width=\u00bb5\/6&#8243; woodmart_css_id=\u00bb6477ea55c5150&#8243; parallax_scroll=\u00bbno\u00bb woodmart_sticky_column=\u00bbfalse\u00bb wd_collapsible_content_switcher=\u00bbno\u00bb wd_column_role_offcanvas_desktop=\u00bbno\u00bb wd_column_role_offcanvas_tablet=\u00bbno\u00bb wd_column_role_offcanvas_mobile=\u00bbno\u00bb wd_column_role_content_desktop=\u00bbno\u00bb wd_column_role_content_tablet=\u00bbno\u00bb wd_column_role_content_mobile=\u00bbno\u00bb mobile_bg_img_hidden=\u00bbno\u00bb tablet_bg_img_hidden=\u00bbno\u00bb woodmart_parallax=\u00bb0&#8243; woodmart_box_shadow=\u00bbno\u00bb responsive_spacing=\u00bbeyJwYXJhbV90eXBlIjoid29vZG1hcnRfcmVzcG9uc2l2ZV9zcGFjaW5nIiwic2VsZWN0b3JfaWQiOiI2NDc3ZWE1NWM1MTUwIiwic2hvcnRjb2RlIjoidmNfY29sdW1uIiwiZGF0YSI6eyJ0YWJsZXQiOnsicGFkZGluZy1yaWdodCI6IiAiLCJwYWRkaW5nLWxlZnQiOiIgIn0sIm1vYmlsZSI6eyJwYWRkaW5nLXJpZ2h0IjoiICIsInBhZGRpbmctbGVmdCI6IiAifX19&#8243; mobile_reset_margin=\u00bbno\u00bb tablet_reset_margin=\u00bbno\u00bb wd_z_index=\u00bbno\u00bb offset=\u00bbvc_col-md-offset-2 vc_col-md-8 vc_col-xs-offset-1 vc_col-xs-10&#8243; css=\u00bb.vc_custom_1685580380909{margin-bottom: 0px !important;padding-top: 0px !important;padding-right: 0px !important;padding-bottom: 0px !important;padding-left: 0px !important;background-color: #ffffff !important;}\u00bb][vc_raw_html css=\u00bb.vc_custom_1684343576357{margin-bottom: 0px !important;}\u00bb]PGRpdj4KPHRhYmxlIGNsYXNzPSJpbmR1c3RyaWVzLXRhYmxlIiB3aWR0aD0iMTAwJSI+Cjx0aGVhZCBjbGFzcz0iaW5kdXN0cmllcy1vcmctaGVhZC10YWJsZSI+Cjx0cj4KPHRoIGFsaWduPSJsZWZ0Ij5ab25hPC90aD4KPHRoIGFsaWduPSJsZWZ0Ij5Qcm9kdWN0b3MgcHJpbmNpcGFsZXM8L3RoPgo8L3RyPgo8L3RoZWFkPgo8dGJvZHk+Cjx0cj4KPHRkIGFsaWduPSJsZWZ0Ij5QaWxhPC90ZD4KPHRkIGFsaWduPSJsZWZ0Ij48c3VwPkFSTU9STUFYwq48L3N1cD4gNzAgQUM8YnI+CjxzdXA+QVJNT1JNQVjCrjwvc3VwPiA3MCBTUjxicj4KTUFUUklQVU1QIDcyIEFDWDxicj4KUVVJQ0sgPHN1cD5DQVNUwq48L3N1cD4gODEgQUNYPGJyPgpNQVRSSUZMTyA5MyBBPGJyPgo8L3RyPgo8dHI+Cjx0ZCBhbGlnbj0ibGVmdCI+UXVlbWFkb3JlczwvdGQ+Cjx0ZCBhbGlnbj0ibGVmdCI+S0FTVCBURUNIIDYwPGJyPgpNQVRSSVBIT1MgODUgQUM8YnI+CjxzdXA+UVVJQ0stRklSRcKuPC9zdXA+IDg4PGJyPgo8c3VwPlFVSUNLLUZJUkXCrjwvc3VwPiBPTkUgODY8L3RkPgo8L3RyPgo8dHI+Cjx0ZCBhbGlnbj0ibGVmdCI+VGVjaG88L3RkPgo8dGQgYWxpZ249ImxlZnQiPktBU1QgVEVDSCA2MDxicj4KTUFUUklQVU1QIEFSIDYxPGJyPgpNQVRSSVBVTVAgNTA8L3RkPgo8L3RyPgo8dHI+Cjx0ZCBhbGlnbj0ibGVmdCI+SG9nYXIgc2VjbyAvIFJhbXBhPC90ZD4KPHRkIGFsaWduPSJsZWZ0Ij5NQVRSSUZMTyA5MyBDQTxicj4KTUFUUklGTE8gQUwgQzxicj4KTUFUUklGTE8gU2lDIDY8YnI+Ck1BVFJJUFVNUCA3MiBBQ1g8YnI+ClFVSUNLIDxzdXA+Q0FTVMKuPC9zdXA+IDgxIEFDWDwvdGQ+CjwvdHI+Cjx0cj4KPHRkIGFsaWduPSJsZWZ0Ij5Dw6FtYXJhIGRlIGVzcGVyYTwvdGQ+Cjx0ZCBhbGlnbj0ibGVmdCI+UVVJQ0sgQ0FTVMKuIDYxIEFDWDxicj4KPHN1cD5RVUlDSy1GSVJFwq48L3N1cD4gODg8YnI+CjxzdXA+UVVJQ0stRklSRcKuPC9zdXA+IE9ORSA4Njxicj4KTUFUUklDQVNUIDcwIEFDPGJyPgo8c3VwPldBTcKuPC9zdXA+IEFMIElJIEhERjxicj4KPHN1cD5XQU3Crjwvc3VwPiBBTCBJSUkgSEQ8L3RkPgo8L3RyPgo8L3Rib2R5Pgo8L3RhYmxlPgo8L2Rpdj4=[\/vc_raw_html][\/vc_column][\/vc_row]<\/p>\n<\/div>","protected":false},"excerpt":{"rendered":"<p>[vc_row full_width=\u00bbstretch_row\u00bb woodmart_bg_position=\u00bbcenter-bottom\u00bb css=\u00bb.vc_custom_1680617386280{margin-top: -40px !important;padding-top: 10px !important;padding-bottom: 18px !important;background-image: url(https:\/\/alliedmineral.com\/wp-content\/uploads\/2023\/03\/Allied-Minerals-title-1.jpg?id=84) !important;background-position: center !important;background-repeat: no-repeat !important;background-size: cover !important;}\u00bb woodmart_css_id=\u00bb642c2fa3441a4&#8243; responsive_spacing=\u00bbeyJwYXJhbV90eXBlIjoid29vZG1hcnRfcmVzcG9uc2l2ZV9zcGFjaW5nIiwic2VsZWN0b3JfaWQiOiI2NDJjMmZhMzQ0MWE0Iiwic2hvcnRjb2RlIjoidmNfcm93IiwiZGF0YSI6eyJ0YWJsZXQiOnt9LCJtb2JpbGUiOnt9fX0=\u00bb<\/p>\n","protected":false},"author":3,"featured_media":0,"parent":11453,"menu_order":0,"comment_status":"closed","ping_status":"closed","template":"","meta":{"content-type":"","footnotes":""},"class_list":["post-11460","page","type-page","status-publish","hentry"],"yoast_head":"<!-- This site is optimized with the Yoast SEO plugin v25.7 - https:\/\/yoast.com\/wordpress\/plugins\/seo\/ -->\n<title>Refractarios para hornos stackmelter<\/title>\n<meta name=\"description\" content=\"Refractarios dise\u00f1ados para todas las \u00e1reas de los hornos de fusi\u00f3n por apilamiento\" \/>\n<meta name=\"robots\" content=\"index, follow, max-snippet:-1, max-image-preview:large, max-video-preview:-1\" \/>\n<link rel=\"canonical\" href=\"https:\/\/alliedmineral.com\/es\/industrias\/aluminio\/horno-stackmelter\/\" \/>\n<meta property=\"og:locale\" content=\"es_ES\" \/>\n<meta property=\"og:type\" content=\"article\" \/>\n<meta property=\"og:title\" content=\"Refractarios para hornos stackmelter\" \/>\n<meta property=\"og:description\" content=\"Refractarios dise\u00f1ados para todas las \u00e1reas de los hornos de fusi\u00f3n por apilamiento\" \/>\n<meta property=\"og:url\" content=\"https:\/\/alliedmineral.com\/es\/industrias\/aluminio\/horno-stackmelter\/\" \/>\n<meta property=\"og:site_name\" content=\"Allied Mineral Products\" \/>\n<meta property=\"article:modified_time\" content=\"2025-03-06T14:39:02+00:00\" \/>\n<meta name=\"twitter:card\" content=\"summary_large_image\" \/>\n<meta name=\"twitter:label1\" content=\"Tiempo de lectura\" \/>\n\t<meta name=\"twitter:data1\" content=\"6 minutos\" \/>\n<script type=\"application\/ld+json\" class=\"yoast-schema-graph\">{\"@context\":\"https:\/\/schema.org\",\"@graph\":[{\"@type\":\"WebPage\",\"@id\":\"https:\/\/alliedmineral.com\/es\/industrias\/aluminio\/horno-stackmelter\/\",\"url\":\"https:\/\/alliedmineral.com\/es\/industrias\/aluminio\/horno-stackmelter\/\",\"name\":\"Refractarios para hornos stackmelter\",\"isPartOf\":{\"@id\":\"https:\/\/alliedmineral.com\/es\/#website\"},\"datePublished\":\"2023-04-12T00:58:47+00:00\",\"dateModified\":\"2025-03-06T14:39:02+00:00\",\"description\":\"Refractarios dise\u00f1ados para todas las \u00e1reas de los hornos de fusi\u00f3n por apilamiento\",\"breadcrumb\":{\"@id\":\"https:\/\/alliedmineral.com\/es\/industrias\/aluminio\/horno-stackmelter\/#breadcrumb\"},\"inLanguage\":\"es\",\"potentialAction\":[{\"@type\":\"ReadAction\",\"target\":[\"https:\/\/alliedmineral.com\/es\/industrias\/aluminio\/horno-stackmelter\/\"]}]},{\"@type\":\"BreadcrumbList\",\"@id\":\"https:\/\/alliedmineral.com\/es\/industrias\/aluminio\/horno-stackmelter\/#breadcrumb\",\"itemListElement\":[{\"@type\":\"ListItem\",\"position\":1,\"name\":\"Home\",\"item\":\"https:\/\/alliedmineral.com\/es\/\"},{\"@type\":\"ListItem\",\"position\":2,\"name\":\"Industrias\",\"item\":\"https:\/\/alliedmineral.com\/es\/industrias\/\"},{\"@type\":\"ListItem\",\"position\":3,\"name\":\"Aluminio\",\"item\":\"https:\/\/alliedmineral.com\/es\/industrias\/aluminio\/\"},{\"@type\":\"ListItem\",\"position\":4,\"name\":\"Horno Stackmelter\"}]},{\"@type\":\"WebSite\",\"@id\":\"https:\/\/alliedmineral.com\/es\/#website\",\"url\":\"https:\/\/alliedmineral.com\/es\/\",\"name\":\"Allied Mineral Products\",\"description\":\"\",\"potentialAction\":[{\"@type\":\"SearchAction\",\"target\":{\"@type\":\"EntryPoint\",\"urlTemplate\":\"https:\/\/alliedmineral.com\/es\/?s={search_term_string}\"},\"query-input\":{\"@type\":\"PropertyValueSpecification\",\"valueRequired\":true,\"valueName\":\"search_term_string\"}}],\"inLanguage\":\"es\"}]}<\/script>\n<!-- \/ Yoast SEO plugin. -->","yoast_head_json":{"title":"Refractarios para hornos stackmelter","description":"Refractarios dise\u00f1ados para todas las \u00e1reas de los hornos de fusi\u00f3n por apilamiento","robots":{"index":"index","follow":"follow","max-snippet":"max-snippet:-1","max-image-preview":"max-image-preview:large","max-video-preview":"max-video-preview:-1"},"canonical":"https:\/\/alliedmineral.com\/es\/industrias\/aluminio\/horno-stackmelter\/","og_locale":"es_ES","og_type":"article","og_title":"Refractarios para hornos stackmelter","og_description":"Refractarios dise\u00f1ados para todas las \u00e1reas de los hornos de fusi\u00f3n por apilamiento","og_url":"https:\/\/alliedmineral.com\/es\/industrias\/aluminio\/horno-stackmelter\/","og_site_name":"Allied Mineral Products","article_modified_time":"2025-03-06T14:39:02+00:00","twitter_card":"summary_large_image","twitter_misc":{"Tiempo de lectura":"6 minutos"},"schema":{"@context":"https:\/\/schema.org","@graph":[{"@type":"WebPage","@id":"https:\/\/alliedmineral.com\/es\/industrias\/aluminio\/horno-stackmelter\/","url":"https:\/\/alliedmineral.com\/es\/industrias\/aluminio\/horno-stackmelter\/","name":"Refractarios para hornos stackmelter","isPartOf":{"@id":"https:\/\/alliedmineral.com\/es\/#website"},"datePublished":"2023-04-12T00:58:47+00:00","dateModified":"2025-03-06T14:39:02+00:00","description":"Refractarios dise\u00f1ados para todas las \u00e1reas de los hornos de fusi\u00f3n por apilamiento","breadcrumb":{"@id":"https:\/\/alliedmineral.com\/es\/industrias\/aluminio\/horno-stackmelter\/#breadcrumb"},"inLanguage":"es","potentialAction":[{"@type":"ReadAction","target":["https:\/\/alliedmineral.com\/es\/industrias\/aluminio\/horno-stackmelter\/"]}]},{"@type":"BreadcrumbList","@id":"https:\/\/alliedmineral.com\/es\/industrias\/aluminio\/horno-stackmelter\/#breadcrumb","itemListElement":[{"@type":"ListItem","position":1,"name":"Home","item":"https:\/\/alliedmineral.com\/es\/"},{"@type":"ListItem","position":2,"name":"Industrias","item":"https:\/\/alliedmineral.com\/es\/industrias\/"},{"@type":"ListItem","position":3,"name":"Aluminio","item":"https:\/\/alliedmineral.com\/es\/industrias\/aluminio\/"},{"@type":"ListItem","position":4,"name":"Horno Stackmelter"}]},{"@type":"WebSite","@id":"https:\/\/alliedmineral.com\/es\/#website","url":"https:\/\/alliedmineral.com\/es\/","name":"Allied Mineral Products","description":"","potentialAction":[{"@type":"SearchAction","target":{"@type":"EntryPoint","urlTemplate":"https:\/\/alliedmineral.com\/es\/?s={search_term_string}"},"query-input":{"@type":"PropertyValueSpecification","valueRequired":true,"valueName":"search_term_string"}}],"inLanguage":"es"}]}},"_links":{"self":[{"href":"https:\/\/alliedmineral.com\/es\/wp-json\/wp\/v2\/pages\/11460","targetHints":{"allow":["GET"]}}],"collection":[{"href":"https:\/\/alliedmineral.com\/es\/wp-json\/wp\/v2\/pages"}],"about":[{"href":"https:\/\/alliedmineral.com\/es\/wp-json\/wp\/v2\/types\/page"}],"author":[{"embeddable":true,"href":"https:\/\/alliedmineral.com\/es\/wp-json\/wp\/v2\/users\/3"}],"replies":[{"embeddable":true,"href":"https:\/\/alliedmineral.com\/es\/wp-json\/wp\/v2\/comments?post=11460"}],"version-history":[{"count":0,"href":"https:\/\/alliedmineral.com\/es\/wp-json\/wp\/v2\/pages\/11460\/revisions"}],"up":[{"embeddable":true,"href":"https:\/\/alliedmineral.com\/es\/wp-json\/wp\/v2\/pages\/11453"}],"wp:attachment":[{"href":"https:\/\/alliedmineral.com\/es\/wp-json\/wp\/v2\/media?parent=11460"}],"curies":[{"name":"wp","href":"https:\/\/api.w.org\/{rel}","templated":true}]}}