{"id":11437,"date":"2023-08-16T14:10:19","date_gmt":"2023-08-16T19:10:19","guid":{"rendered":"https:\/\/alliedmineral.com\/horno-de-fundicion-a-presion\/"},"modified":"2025-03-06T09:39:01","modified_gmt":"2025-03-06T14:39:01","slug":"horno-de-fundicion-a-presion","status":"publish","type":"page","link":"https:\/\/alliedmineral.com\/es\/industrias\/aluminio\/horno-de-fundicion-a-presion\/","title":{"rendered":"Horno de fundici\u00f3n a presi\u00f3n"},"content":{"rendered":"<div class=\"wpb-content-wrapper\"><p>[vc_row full_width=\u00bbstretch_row\u00bb woodmart_bg_position=\u00bbcenter-bottom\u00bb css=\u00bb.vc_custom_1680617386280{margin-top: -40px !important;padding-top: 10px !important;padding-bottom: 18px !important;background-image: url(https:\/\/alliedmineral.com\/wp-content\/uploads\/2023\/03\/Allied-Minerals-title-1.jpg?id=84) !important;background-position: center !important;background-repeat: no-repeat !important;background-size: cover !important;}\u00bb woodmart_css_id=\u00bb642c2fa3441a4&#8243; responsive_spacing=\u00bbeyJwYXJhbV90eXBlIjoid29vZG1hcnRfcmVzcG9uc2l2ZV9zcGFjaW5nIiwic2VsZWN0b3JfaWQiOiI2NDJjMmZhMzQ0MWE0Iiwic2hvcnRjb2RlIjoidmNfcm93IiwiZGF0YSI6eyJ0YWJsZXQiOnt9LCJtb2JpbGUiOnt9fX0=\u00bb mobile_bg_img_hidden=\u00bbno\u00bb tablet_bg_img_hidden=\u00bbno\u00bb woodmart_parallax=\u00bb0&#8243; woodmart_gradient_switch=\u00bbno\u00bb woodmart_box_shadow=\u00bbno\u00bb wd_z_index=\u00bbno\u00bb woodmart_disable_overflow=\u00bb0&#8243; row_reverse_mobile=\u00bb0&#8243; row_reverse_tablet=\u00bb0&#8243;][vc_column css_animation=\u00bbfadeInUp\u00bb woodmart_css_id=\u00bb642ec2f26e0bf\u00bb parallax_scroll=\u00bbno\u00bb woodmart_sticky_column=\u00bbfalse\u00bb wd_collapsible_content_switcher=\u00bbno\u00bb wd_column_role_offcanvas_desktop=\u00bbno\u00bb wd_column_role_offcanvas_tablet=\u00bbno\u00bb wd_column_role_offcanvas_mobile=\u00bbno\u00bb wd_column_role_content_desktop=\u00bbno\u00bb wd_column_role_content_tablet=\u00bbno\u00bb wd_column_role_content_mobile=\u00bbno\u00bb mobile_bg_img_hidden=\u00bbno\u00bb tablet_bg_img_hidden=\u00bbno\u00bb woodmart_parallax=\u00bb0&#8243; woodmart_box_shadow=\u00bbno\u00bb responsive_spacing=\u00bbeyJwYXJhbV90eXBlIjoid29vZG1hcnRfcmVzcG9uc2l2ZV9zcGFjaW5nIiwic2VsZWN0b3JfaWQiOiI2NDJlYzJmMjZlMGJmIiwic2hvcnRjb2RlIjoidmNfY29sdW1uIiwiZGF0YSI6eyJ0YWJsZXQiOnt9LCJtb2JpbGUiOnt9fX0=\u00bb mobile_reset_margin=\u00bbno\u00bb tablet_reset_margin=\u00bbno\u00bb wd_z_index=\u00bbno\u00bb][vc_custom_heading text=\u00bbHorno de fundici\u00f3n a presi\u00f3n\u00bb font_container=\u00bbtag:h1|font_size:40|text_align:left|color:%23ffffff|line_height:1&#8243; use_theme_fonts=\u00bbyes\u00bb el_class=\u00bbpage-title\u00bb css=\u00bb.vc_custom_1692190257933{border-bottom-width: 4px !important;padding-bottom: 20px !important;border-bottom-color: #ee7623 !important;border-bottom-style: solid !important;}\u00bb][\/vc_column][\/vc_row][vc_row][vc_column width=\u00bb1\/2&#8243;]\t\t\t<link rel=\"stylesheet\" id=\"wd-image-hotspot-css\" href=\"https:\/\/alliedmineral.com\/wp-content\/themes\/woodmart\/woodmart\/css\/parts\/el-hotspot.min.css?ver=7.1.4\" type=\"text\/css\" media=\"all\" \/> \t\t\t\t\t\t<link rel=\"stylesheet\" id=\"wd-mod-more-description-css\" href=\"https:\/\/alliedmineral.com\/wp-content\/themes\/woodmart\/woodmart\/css\/parts\/mod-more-description.min.css?ver=7.1.4\" type=\"text\/css\" media=\"all\" \/> \t\t\t\t\t<div class=\"wd-image-hotspot-wrapper wd-rs-6580a8f81b0f3 hotspot-action-hover hotspot-icon-default color-scheme-dark \">\n\t\t\t<div class=\"wd-image-hotspot-hotspots\">\n\t\t\t\t<img loading=\"lazy\" decoding=\"async\" width=\"2096\" height=\"1425\" src=\"https:\/\/alliedmineral.com\/wp-content\/uploads\/2023\/12\/DieCasting.png\" class=\"wd-image-hotspot-img attachment-full\" alt=\"\" title=\"DieCasting\" srcset=\"https:\/\/alliedmineral.com\/wp-content\/uploads\/2023\/12\/DieCasting.png 2096w, https:\/\/alliedmineral.com\/wp-content\/uploads\/2023\/12\/DieCasting-300x204.png 300w, https:\/\/alliedmineral.com\/wp-content\/uploads\/2023\/12\/DieCasting-1024x696.png 1024w, https:\/\/alliedmineral.com\/wp-content\/uploads\/2023\/12\/DieCasting-768x522.png 768w, https:\/\/alliedmineral.com\/wp-content\/uploads\/2023\/12\/DieCasting-1536x1044.png 1536w, https:\/\/alliedmineral.com\/wp-content\/uploads\/2023\/12\/DieCasting-2048x1392.png 2048w\" sizes=\"auto, (max-width: 2096px) 100vw, 2096px\" \/><div class=\"wd-image-hotspot hotspot-type-text\" style=\"left: 64.214%; top: 75.595%;\"><span class=\"hotspot-sonar\"><\/span><div class=\"hotspot-btn wd-fill\"><\/div><div class=\"hotspot-text hotspot-content hotspot-dropdown-left\"><h4 class=\"wd-entities-title\">REVESTIMIENTO DE SEGURIDAD<\/h4><div class=\"hotspot-content-text set-cont-mb-s reset-last-child\"><\/p>\n<div class=\"hover-table-info\">\n<table class=\"hover-tables\">\n<tbody>\n<tr class=\"hover-table-1\">\n<td class=\"table-product\">DRI-LITE\u00ae 79AL-M<\/td>\n<td>Aluminio resistente aislante seco vibratorio<\/td>\n<\/tr>\n<tr>\n<td class=\"table-product\">BETAMAX\u00ae 24 LT<\/td>\n<td>Hormig\u00f3n aislante resistente al aluminio<\/td>\n<\/tr>\n<tr class=\"hover-table-1\">\n<td class=\"table-product\">BETAMAX\u00ae HS LT<\/td>\n<td>Hormig\u00f3n aislante resistente al aluminio y de alta resistencia<\/td>\n<\/tr>\n<\/tbody>\n<\/table>\n<p>&nbsp;<\/p>\n<p><a style=\"color: #007473;\" href=\"\/wp-content\/uploads\/2023\/04\/Reverberatory_Furnace_Upper_Walls.pdf\" target=\"_blank\" rel=\"noopener\">PARA SABER M\u00c1S \u00ab<\/a><\/p>\n<\/div>\n<p><\/div><\/div><\/div><div class=\"wd-image-hotspot hotspot-type-text\" style=\"left: 41.441%; top: 35.135%;\"><span class=\"hotspot-sonar\"><\/span><div class=\"hotspot-btn wd-fill\"><\/div><div class=\"hotspot-text hotspot-content hotspot-dropdown-bottom\"><h4 class=\"wd-entities-title\">FORRO<\/h4><div class=\"hotspot-content-text set-cont-mb-s reset-last-child\"><\/p>\n<div class=\"hover-table-info\">\n<table class=\"hover-tables\">\n<tbody>\n<tr class=\"hover-table-1\">\n<td class=\"table-product\">MATRIPUMP 63ACX<\/td>\n<td>Hormig\u00f3n de bajo contenido en cemento a base de mullita<\/td>\n<\/tr>\n<tr>\n<td class=\"table-product\">MATRICAST 70AC<\/td>\n<td>Hormig\u00f3n de bajo contenido en cemento a base de mullita con buena resistencia a la abrasi\u00f3n<\/td>\n<\/tr>\n<tr class=\"hover-table-1\">\n<td class=\"table-product\">MATRIFLO 85ACX<\/td>\n<td>Hormig\u00f3n con alto contenido en al\u00famina, bajo en cemento, resistente a la corrosi\u00f3n y bajo en s\u00edlice<\/td>\n<\/tr>\n<tr class=\"hover-table-1\">\n<td class=\"table-product\">QUICK-FIRE\u00ae 88<\/td>\n<td>Hormig\u00f3n fosfatado<\/td>\n<\/tr>\n<tr class=\"hover-table-1\">\n<td class=\"table-product\">QUICK-FIRE\u00ae ONE 86<\/td>\n<td>Hormig\u00f3n monocomponente resistente al aluminio, aglomerado con \u00e1cido fosf\u00f3rico<\/td>\n<\/tr>\n<tr class=\"hover-table-1\">\n<td class=\"table-product\">WAM\u00ae AL II<\/td>\n<td>Hormig\u00f3n no mojable de gran pureza, resistente a la corrosi\u00f3n y peso medio<\/td>\n<\/tr>\n<tr class=\"hover-table-1\">\n<td class=\"table-product\">WAM\u00ae AL III<\/td>\n<td>Hormig\u00f3n no mojable de gran pureza, resistente a la corrosi\u00f3n y peso medio<\/td>\n<\/tr>\n<\/tbody>\n<\/table>\n<\/div>\n<h5><\/h5>\n<h5 style=\"text-align: center;\"><a style=\"color: #007473;\" href=\"\/wp-content\/uploads\/2023\/04\/Reverberatory_Furnace_Upper_Walls.pdf\" target=\"_blank\" rel=\"noopener\">PARA SABER M\u00c1S \u00ab<\/a><\/h5>\n<p><\/div><\/div><\/div>\t\t\t<\/div>\n\t\t<\/div>\n\t\t[\/vc_column][vc_column width=\u00bb1\/2&#8243;][vc_custom_heading text=\u00bbALUMINIO\u00bb font_container=\u00bbtag:h3|text_align:left|color:%23ee7623&#8243; use_theme_fonts=\u00bbyes\u00bb][vc_custom_heading text=\u00bbHORNO DE FUNDICI\u00d3N A PRESI\u00d3N\u00bb font_container=\u00bbtag:h2|text_align:left|color:%231a1a1a\u00bb use_theme_fonts=\u00bbyes\u00bb]\t\t\t<link rel=\"stylesheet\" id=\"wd-text-block-css\" href=\"https:\/\/alliedmineral.com\/wp-content\/themes\/woodmart\/woodmart\/css\/parts\/el-text-block.min.css?ver=7.1.4\" type=\"text\/css\" media=\"all\" \/> \t\t\t\t\t<div id=\"wd-64ecd203c3fa1\" class=\"wd-text-block wd-wpb reset-last-child wd-rs-64ecd203c3fa1 text-left \">\n\t\t\t<p>Allied lleva a\u00f1os proporcionando soluciones de ahorro energ\u00e9tico y mejora del rendimiento a la industria de fundici\u00f3n a presi\u00f3n. Nuestros productos cer\u00e1micos refractarios, rentables y de alta calidad, se adaptan a diversos m\u00e9todos de instalaci\u00f3n y presentan excelentes propiedades f\u00edsicas no humectantes. Nuestras l\u00edneas de productos de confianza incluyen WAM\u00ae AL, QUICK-FIRE\u00ae y MATRIFLO.<\/p>\n\t\t<\/div>\n\t\t<div id=\"wd-64cd185f3f743\" class=\" wd-rs-64cd185f3f743  wd-button-wrapper text-left\"><a href=\"\/es\/?page_id=11278\" title=\"P\u00f3ngase en contacto con\" class=\"btn btn-scheme-light btn-scheme-hover-light btn-style-default btn-style-rectangle btn-size-default\">SOLICITAR PRESUPUESTO<\/a><\/div>[\/vc_column][\/vc_row]<\/p>\n<\/div>","protected":false},"excerpt":{"rendered":"<p>[vc_row full_width=\u00bbstretch_row\u00bb woodmart_bg_position=\u00bbcenter-bottom\u00bb css=\u00bb.vc_custom_1680617386280{margin-top: -40px !important;padding-top: 10px !important;padding-bottom: 18px !important;background-image: url(https:\/\/alliedmineral.com\/wp-content\/uploads\/2023\/03\/Allied-Minerals-title-1.jpg?id=84) !important;background-position: center !important;background-repeat: no-repeat !important;background-size: cover !important;}\u00bb woodmart_css_id=\u00bb642c2fa3441a4&#8243; responsive_spacing=\u00bbeyJwYXJhbV90eXBlIjoid29vZG1hcnRfcmVzcG9uc2l2ZV9zcGFjaW5nIiwic2VsZWN0b3JfaWQiOiI2NDJjMmZhMzQ0MWE0Iiwic2hvcnRjb2RlIjoidmNfcm93IiwiZGF0YSI6eyJ0YWJsZXQiOnt9LCJtb2JpbGUiOnt9fX0=\u00bb<\/p>\n","protected":false},"author":7,"featured_media":0,"parent":11453,"menu_order":0,"comment_status":"closed","ping_status":"closed","template":"","meta":{"content-type":"","footnotes":""},"class_list":["post-11437","page","type-page","status-publish","hentry"],"yoast_head":"<!-- This site is optimized with the Yoast SEO plugin v25.7 - https:\/\/yoast.com\/wordpress\/plugins\/seo\/ -->\n<title>Refractarios para hornos de canal<\/title>\n<meta name=\"description\" content=\"Refractarios monol\u00edticos y prefabricados para hornos de canal de fusi\u00f3n y mantenimiento de aleaciones f\u00e9rricas y no f\u00e9rricas\" \/>\n<meta name=\"robots\" content=\"index, follow, max-snippet:-1, max-image-preview:large, max-video-preview:-1\" \/>\n<link rel=\"canonical\" href=\"https:\/\/alliedmineral.com\/es\/industrias\/aluminio\/horno-de-fundicion-a-presion\/\" \/>\n<meta property=\"og:locale\" content=\"es_ES\" \/>\n<meta property=\"og:type\" content=\"article\" \/>\n<meta property=\"og:title\" content=\"Refractarios para hornos de canal\" \/>\n<meta property=\"og:description\" content=\"Refractarios monol\u00edticos y prefabricados para hornos de canal de fusi\u00f3n y mantenimiento de aleaciones f\u00e9rricas y no f\u00e9rricas\" \/>\n<meta property=\"og:url\" content=\"https:\/\/alliedmineral.com\/es\/industrias\/aluminio\/horno-de-fundicion-a-presion\/\" \/>\n<meta property=\"og:site_name\" content=\"Allied Mineral Products\" \/>\n<meta property=\"article:modified_time\" content=\"2025-03-06T14:39:01+00:00\" \/>\n<meta name=\"twitter:card\" content=\"summary_large_image\" \/>\n<meta name=\"twitter:label1\" content=\"Tiempo de lectura\" \/>\n\t<meta name=\"twitter:data1\" content=\"4 minutos\" \/>\n<script type=\"application\/ld+json\" class=\"yoast-schema-graph\">{\"@context\":\"https:\/\/schema.org\",\"@graph\":[{\"@type\":\"WebPage\",\"@id\":\"https:\/\/alliedmineral.com\/es\/industrias\/aluminio\/horno-de-fundicion-a-presion\/\",\"url\":\"https:\/\/alliedmineral.com\/es\/industrias\/aluminio\/horno-de-fundicion-a-presion\/\",\"name\":\"Refractarios para hornos de canal\",\"isPartOf\":{\"@id\":\"https:\/\/alliedmineral.com\/es\/#website\"},\"datePublished\":\"2023-08-16T19:10:19+00:00\",\"dateModified\":\"2025-03-06T14:39:01+00:00\",\"description\":\"Refractarios monol\u00edticos y prefabricados para hornos de canal de fusi\u00f3n y mantenimiento de aleaciones f\u00e9rricas y no f\u00e9rricas\",\"breadcrumb\":{\"@id\":\"https:\/\/alliedmineral.com\/es\/industrias\/aluminio\/horno-de-fundicion-a-presion\/#breadcrumb\"},\"inLanguage\":\"es\",\"potentialAction\":[{\"@type\":\"ReadAction\",\"target\":[\"https:\/\/alliedmineral.com\/es\/industrias\/aluminio\/horno-de-fundicion-a-presion\/\"]}]},{\"@type\":\"BreadcrumbList\",\"@id\":\"https:\/\/alliedmineral.com\/es\/industrias\/aluminio\/horno-de-fundicion-a-presion\/#breadcrumb\",\"itemListElement\":[{\"@type\":\"ListItem\",\"position\":1,\"name\":\"Home\",\"item\":\"https:\/\/alliedmineral.com\/es\/\"},{\"@type\":\"ListItem\",\"position\":2,\"name\":\"Industrias\",\"item\":\"https:\/\/alliedmineral.com\/es\/industrias\/\"},{\"@type\":\"ListItem\",\"position\":3,\"name\":\"Aluminio\",\"item\":\"https:\/\/alliedmineral.com\/es\/industrias\/aluminio\/\"},{\"@type\":\"ListItem\",\"position\":4,\"name\":\"Horno de fundici\u00f3n a presi\u00f3n\"}]},{\"@type\":\"WebSite\",\"@id\":\"https:\/\/alliedmineral.com\/es\/#website\",\"url\":\"https:\/\/alliedmineral.com\/es\/\",\"name\":\"Allied Mineral Products\",\"description\":\"\",\"potentialAction\":[{\"@type\":\"SearchAction\",\"target\":{\"@type\":\"EntryPoint\",\"urlTemplate\":\"https:\/\/alliedmineral.com\/es\/?s={search_term_string}\"},\"query-input\":{\"@type\":\"PropertyValueSpecification\",\"valueRequired\":true,\"valueName\":\"search_term_string\"}}],\"inLanguage\":\"es\"}]}<\/script>\n<!-- \/ Yoast SEO plugin. -->","yoast_head_json":{"title":"Refractarios para hornos de canal","description":"Refractarios monol\u00edticos y prefabricados para hornos de canal de fusi\u00f3n y mantenimiento de aleaciones f\u00e9rricas y no f\u00e9rricas","robots":{"index":"index","follow":"follow","max-snippet":"max-snippet:-1","max-image-preview":"max-image-preview:large","max-video-preview":"max-video-preview:-1"},"canonical":"https:\/\/alliedmineral.com\/es\/industrias\/aluminio\/horno-de-fundicion-a-presion\/","og_locale":"es_ES","og_type":"article","og_title":"Refractarios para hornos de canal","og_description":"Refractarios monol\u00edticos y prefabricados para hornos de canal de fusi\u00f3n y mantenimiento de aleaciones f\u00e9rricas y no f\u00e9rricas","og_url":"https:\/\/alliedmineral.com\/es\/industrias\/aluminio\/horno-de-fundicion-a-presion\/","og_site_name":"Allied Mineral Products","article_modified_time":"2025-03-06T14:39:01+00:00","twitter_card":"summary_large_image","twitter_misc":{"Tiempo de lectura":"4 minutos"},"schema":{"@context":"https:\/\/schema.org","@graph":[{"@type":"WebPage","@id":"https:\/\/alliedmineral.com\/es\/industrias\/aluminio\/horno-de-fundicion-a-presion\/","url":"https:\/\/alliedmineral.com\/es\/industrias\/aluminio\/horno-de-fundicion-a-presion\/","name":"Refractarios para hornos de canal","isPartOf":{"@id":"https:\/\/alliedmineral.com\/es\/#website"},"datePublished":"2023-08-16T19:10:19+00:00","dateModified":"2025-03-06T14:39:01+00:00","description":"Refractarios monol\u00edticos y prefabricados para hornos de canal de fusi\u00f3n y mantenimiento de aleaciones f\u00e9rricas y no f\u00e9rricas","breadcrumb":{"@id":"https:\/\/alliedmineral.com\/es\/industrias\/aluminio\/horno-de-fundicion-a-presion\/#breadcrumb"},"inLanguage":"es","potentialAction":[{"@type":"ReadAction","target":["https:\/\/alliedmineral.com\/es\/industrias\/aluminio\/horno-de-fundicion-a-presion\/"]}]},{"@type":"BreadcrumbList","@id":"https:\/\/alliedmineral.com\/es\/industrias\/aluminio\/horno-de-fundicion-a-presion\/#breadcrumb","itemListElement":[{"@type":"ListItem","position":1,"name":"Home","item":"https:\/\/alliedmineral.com\/es\/"},{"@type":"ListItem","position":2,"name":"Industrias","item":"https:\/\/alliedmineral.com\/es\/industrias\/"},{"@type":"ListItem","position":3,"name":"Aluminio","item":"https:\/\/alliedmineral.com\/es\/industrias\/aluminio\/"},{"@type":"ListItem","position":4,"name":"Horno de fundici\u00f3n a presi\u00f3n"}]},{"@type":"WebSite","@id":"https:\/\/alliedmineral.com\/es\/#website","url":"https:\/\/alliedmineral.com\/es\/","name":"Allied Mineral Products","description":"","potentialAction":[{"@type":"SearchAction","target":{"@type":"EntryPoint","urlTemplate":"https:\/\/alliedmineral.com\/es\/?s={search_term_string}"},"query-input":{"@type":"PropertyValueSpecification","valueRequired":true,"valueName":"search_term_string"}}],"inLanguage":"es"}]}},"_links":{"self":[{"href":"https:\/\/alliedmineral.com\/es\/wp-json\/wp\/v2\/pages\/11437","targetHints":{"allow":["GET"]}}],"collection":[{"href":"https:\/\/alliedmineral.com\/es\/wp-json\/wp\/v2\/pages"}],"about":[{"href":"https:\/\/alliedmineral.com\/es\/wp-json\/wp\/v2\/types\/page"}],"author":[{"embeddable":true,"href":"https:\/\/alliedmineral.com\/es\/wp-json\/wp\/v2\/users\/7"}],"replies":[{"embeddable":true,"href":"https:\/\/alliedmineral.com\/es\/wp-json\/wp\/v2\/comments?post=11437"}],"version-history":[{"count":0,"href":"https:\/\/alliedmineral.com\/es\/wp-json\/wp\/v2\/pages\/11437\/revisions"}],"up":[{"embeddable":true,"href":"https:\/\/alliedmineral.com\/es\/wp-json\/wp\/v2\/pages\/11453"}],"wp:attachment":[{"href":"https:\/\/alliedmineral.com\/es\/wp-json\/wp\/v2\/media?parent=11437"}],"curies":[{"name":"wp","href":"https:\/\/api.w.org\/{rel}","templated":true}]}}