{"id":11393,"date":"2023-05-24T12:20:47","date_gmt":"2023-05-24T17:20:47","guid":{"rendered":"https:\/\/alliedmineral.com\/materiales-termicos-e-integrados\/plano-de-deslizamiento-y-mica\/"},"modified":"2025-03-06T09:51:50","modified_gmt":"2025-03-06T14:51:50","slug":"plano-de-deslizamiento-y-mica","status":"publish","type":"page","link":"https:\/\/alliedmineral.com\/es\/asociaciones\/materiales-termicos-e-integrados\/plano-de-deslizamiento-y-mica\/","title":{"rendered":"Plano de deslizamiento y mica"},"content":{"rendered":"<div class=\"wpb-content-wrapper\"><p>[vc_row full_width=\u00bbstretch_row\u00bb woodmart_bg_position=\u00bbcenter-bottom\u00bb css=\u00bb.vc_custom_1684333181442{margin-top: -40px !important;padding-top: 10px !important;padding-bottom: 18px !important;background-image: url(https:\/\/alliedmineral.com\/wp-content\/uploads\/2023\/03\/Allied-Minerals-title-1.jpg?id=84) !important;background-position: center !important;background-repeat: no-repeat !important;background-size: cover !important;}\u00bb woodmart_css_id=\u00bb6464e27725146&#8243; responsive_spacing=\u00bbeyJwYXJhbV90eXBlIjoid29vZG1hcnRfcmVzcG9uc2l2ZV9zcGFjaW5nIiwic2VsZWN0b3JfaWQiOiI2NDY0ZTI3NzI1MTQ2Iiwic2hvcnRjb2RlIjoidmNfcm93IiwiZGF0YSI6eyJ0YWJsZXQiOnt9LCJtb2JpbGUiOnt9fX0=\u00bb mobile_bg_img_hidden=\u00bbno\u00bb tablet_bg_img_hidden=\u00bbno\u00bb woodmart_parallax=\u00bb0&#8243; woodmart_gradient_switch=\u00bbno\u00bb woodmart_box_shadow=\u00bbno\u00bb wd_z_index=\u00bbno\u00bb woodmart_disable_overflow=\u00bb0&#8243; row_reverse_mobile=\u00bb0&#8243; row_reverse_tablet=\u00bb0&#8243;][vc_column][vc_custom_heading text=\u00bbPlano de deslizamiento y mica\u00bb font_container=\u00bbtag:h1|font_size:40|text_align:left|color:%23ffffff|line_height:1&#8243; use_theme_fonts=\u00bbyes\u00bb css_animation=\u00bbfadeInUp\u00bb css=\u00bb.vc_custom_1684948996545{border-bottom-width: 4px !important;padding-bottom: 20px !important;border-bottom-color: #ee7623 !important;border-bottom-style: solid !important;}\u00bb el_class=\u00bbpage-title\u00bb][\/vc_column][\/vc_row][vc_row equal_height=\u00bbyes\u00bb content_placement=\u00bbmiddle\u00bb css=\u00bb.vc_custom_1680105536961{padding-top: 80px !important;padding-bottom: 100px !important;}\u00bb woodmart_css_id=\u00bb6424603c44aa3&#8243; responsive_spacing=\u00bbeyJwYXJhbV90eXBlIjoid29vZG1hcnRfcmVzcG9uc2l2ZV9zcGFjaW5nIiwic2VsZWN0b3JfaWQiOiI2NDI0NjAzYzQ0YWEzIiwic2hvcnRjb2RlIjoidmNfcm93IiwiZGF0YSI6eyJ0YWJsZXQiOnt9LCJtb2JpbGUiOnt9fX0=\u00bb mobile_bg_img_hidden=\u00bbno\u00bb tablet_bg_img_hidden=\u00bbno\u00bb woodmart_parallax=\u00bb0&#8243; woodmart_gradient_switch=\u00bbno\u00bb woodmart_box_shadow=\u00bbno\u00bb wd_z_index=\u00bbno\u00bb woodmart_disable_overflow=\u00bb0&#8243; row_reverse_mobile=\u00bb0&#8243; row_reverse_tablet=\u00bb0&#8243;][vc_column css_animation=\u00bbfadeIn\u00bb offset=\u00bbvc_col-md-6&#8243; woodmart_css_id=\u00bb64245f202e99c\u00bb parallax_scroll=\u00bbno\u00bb woodmart_sticky_column=\u00bbfalse\u00bb wd_collapsible_content_switcher=\u00bbno\u00bb wd_column_role_offcanvas_desktop=\u00bbno\u00bb wd_column_role_offcanvas_tablet=\u00bbno\u00bb wd_column_role_offcanvas_mobile=\u00bbno\u00bb wd_column_role_content_desktop=\u00bbno\u00bb wd_column_role_content_tablet=\u00bbno\u00bb wd_column_role_content_mobile=\u00bbno\u00bb mobile_bg_img_hidden=\u00bbno\u00bb tablet_bg_img_hidden=\u00bbno\u00bb woodmart_parallax=\u00bb0&#8243; woodmart_box_shadow=\u00bbno\u00bb responsive_spacing=\u00bbeyJwYXJhbV90eXBlIjoid29vZG1hcnRfcmVzcG9uc2l2ZV9zcGFjaW5nIiwic2VsZWN0b3JfaWQiOiI2NDI0NWYyMDJlOTljIiwic2hvcnRjb2RlIjoidmNfY29sdW1uIiwiZGF0YSI6eyJ0YWJsZXQiOnt9LCJtb2JpbGUiOnt9fX0=\u00bb mobile_reset_margin=\u00bbno\u00bb tablet_reset_margin=\u00bbno\u00bb wd_z_index=\u00bbno\u00bb][vc_single_image image=\u00bb7885&#8243; img_size=\u00bbfull\u00bb alignment=\u00bbcenter\u00bb parallax_scroll=\u00bbno\u00bb woodmart_inline=\u00bbno\u00bb][\/vc_column][vc_column css_animation=\u00bbfadeIn\u00bb offset=\u00bbvc_col-md-6&#8243; woodmart_css_id=\u00bb6476a49cc662c\u00bb parallax_scroll=\u00bbno\u00bb woodmart_sticky_column=\u00bbfalse\u00bb wd_collapsible_content_switcher=\u00bbno\u00bb wd_column_role_offcanvas_desktop=\u00bbno\u00bb wd_column_role_offcanvas_tablet=\u00bbno\u00bb wd_column_role_offcanvas_mobile=\u00bbno\u00bb wd_column_role_content_desktop=\u00bbno\u00bb wd_column_role_content_tablet=\u00bbno\u00bb wd_column_role_content_mobile=\u00bbno\u00bb mobile_bg_img_hidden=\u00bbno\u00bb tablet_bg_img_hidden=\u00bbno\u00bb woodmart_parallax=\u00bb0&#8243; woodmart_box_shadow=\u00bbno\u00bb responsive_spacing=\u00bbeyJwYXJhbV90eXBlIjoid29vZG1hcnRfcmVzcG9uc2l2ZV9zcGFjaW5nIiwic2VsZWN0b3JfaWQiOiI2NDc2YTQ5Y2M2NjJjIiwic2hvcnRjb2RlIjoidmNfY29sdW1uIiwiZGF0YSI6eyJ0YWJsZXQiOnsicGFkZGluZy1sZWZ0IjoiMTUifSwibW9iaWxlIjp7fX19&#8243; mobile_reset_margin=\u00bbno\u00bb tablet_reset_margin=\u00bbno\u00bb wd_z_index=\u00bbno\u00bb css=\u00bb.vc_custom_1685496994443{padding-left: 10% !important;}\u00bb][vc_column_text css=\u00bb\u00bb woodmart_inline=\u00bbno\u00bb text_larger=\u00bbno\u00bb]<strong>Una amplia selecci\u00f3n de soluciones de planos deslizantes que ayudan a proteger las bobinas de los hornos de inducci\u00f3n.<\/strong><\/p>\n<p>Allied suministra materiales de revestimiento de mica Elmelin de todos los tama\u00f1os y grados de temperatura. Estos productos han demostrado su eficacia como plano de deslizamiento entre la lechada de la bobina del horno de inducci\u00f3n y el revestimiento.<\/p>\n<p>La flexibilidad de la mica permite que el revestimiento del horno se expanda y contraiga m\u00e1s libremente, protegi\u00e9ndolo de las grietas. Tambi\u00e9n ayuda en la demolici\u00f3n de revestimientos cer\u00e1micos refractarios.<\/p>\n<p>P\u00f3ngase en contacto con nosotros para que le recomendemos un producto de plano deslizante que satisfaga sus requisitos espec\u00edficos.[\/vc_column_text]<div id=\"wd-646e4afcb81bd\" class=\" wd-rs-646e4afcb81bd  wd-button-wrapper text-center inline-element\"><a href=\"\/wp-content\/uploads\/2023\/05\/ELMELIN-MICA.pdf\" title=\"\" target=\"_blank\" class=\"btn btn-color-alt btn-style-default btn-style-rectangle btn-size-large\">DESCARGAR PDF<\/a><\/div>[\/vc_column][\/vc_row][vc_row full_width=\u00bbstretch_row\u00bb equal_height=\u00bbyes\u00bb css=\u00bb.vc_custom_1685497004875{margin-bottom: -40px !important;padding-top: 100px !important;padding-bottom: 100px !important;}\u00bb woodmart_css_id=\u00bb6476a4a452b26&#8243; responsive_spacing=\u00bbeyJwYXJhbV90eXBlIjoid29vZG1hcnRfcmVzcG9uc2l2ZV9zcGFjaW5nIiwic2VsZWN0b3JfaWQiOiI2NDc2YTRhNDUyYjI2Iiwic2hvcnRjb2RlIjoidmNfcm93IiwiZGF0YSI6eyJ0YWJsZXQiOnsicGFkZGluZy1yaWdodCI6IjM1IiwicGFkZGluZy1sZWZ0IjoiMzUifSwibW9iaWxlIjp7InBhZGRpbmctdG9wIjoiNTAiLCJwYWRkaW5nLWJvdHRvbSI6IjUwIn19fQ==\u00bb mobile_bg_img_hidden=\u00bbno\u00bb tablet_bg_img_hidden=\u00bbno\u00bb woodmart_parallax=\u00bb0&#8243; woodmart_gradient_switch=\u00bbyes\u00bb woodmart_box_shadow=\u00bbno\u00bb wd_z_index=\u00bbno\u00bb woodmart_disable_overflow=\u00bb0&#8243; row_reverse_mobile=\u00bb0&#8243; row_reverse_tablet=\u00bb0&#8243; woodmart_color_gradient=\u00bbrgb(221, 117, 39)-0\/rgb(0, 0, 0)-100\/|linear-gradient(top , rgb(221, 117, 39) , rgb(0, 0, 0) 100%)|linear|top\u00bb][vc_column css=\u00bb.vc_custom_1680106105116{margin-bottom: 0px !important;padding-bottom: 25px !important;background-color: #92412b !important;}\u00bb woodmart_css_id=\u00bb642462726b593&#8243; parallax_scroll=\u00bbno\u00bb woodmart_sticky_column=\u00bbfalse\u00bb wd_collapsible_content_switcher=\u00bbno\u00bb wd_column_role_offcanvas_desktop=\u00bbno\u00bb wd_column_role_offcanvas_tablet=\u00bbno\u00bb wd_column_role_offcanvas_mobile=\u00bbno\u00bb wd_column_role_content_desktop=\u00bbno\u00bb wd_column_role_content_tablet=\u00bbno\u00bb wd_column_role_content_mobile=\u00bbno\u00bb mobile_bg_img_hidden=\u00bbno\u00bb tablet_bg_img_hidden=\u00bbno\u00bb woodmart_parallax=\u00bb0&#8243; woodmart_box_shadow=\u00bbno\u00bb responsive_spacing=\u00bbeyJwYXJhbV90eXBlIjoid29vZG1hcnRfcmVzcG9uc2l2ZV9zcGFjaW5nIiwic2VsZWN0b3JfaWQiOiI2NDI0NjI3MjZiNTkzIiwic2hvcnRjb2RlIjoidmNfY29sdW1uIiwiZGF0YSI6eyJ0YWJsZXQiOnt9LCJtb2JpbGUiOnt9fX0=\u00bb mobile_reset_margin=\u00bbno\u00bb tablet_reset_margin=\u00bbno\u00bb wd_z_index=\u00bbno\u00bb][vc_custom_heading text=\u00bbDETALLES DEL MATERIAL\u00bb font_container=\u00bbtag:h2|text_align:center|color:%23ffffff|line_height:1&#8243; use_theme_fonts=\u00bbyes\u00bb css=\u00bb.vc_custom_1680105781030{margin-bottom: 5px !important;}\u00bb][\/vc_column][vc_column css=\u00bb.vc_custom_1680106740193{margin-top: 0px !important;padding-top: 50px !important;padding-right: 120px !important;padding-bottom: 50px !important;padding-left: 120px !important;background-color: #ffffff !important;}\u00bb woodmart_css_id=\u00bb642464e8dbd6f\u00bb parallax_scroll=\u00bbno\u00bb woodmart_sticky_column=\u00bbfalse\u00bb wd_collapsible_content_switcher=\u00bbno\u00bb wd_column_role_offcanvas_desktop=\u00bbno\u00bb wd_column_role_offcanvas_tablet=\u00bbno\u00bb wd_column_role_offcanvas_mobile=\u00bbno\u00bb wd_column_role_content_desktop=\u00bbno\u00bb wd_column_role_content_tablet=\u00bbno\u00bb wd_column_role_content_mobile=\u00bbno\u00bb mobile_bg_img_hidden=\u00bbno\u00bb tablet_bg_img_hidden=\u00bbno\u00bb woodmart_parallax=\u00bb0&#8243; woodmart_box_shadow=\u00bbno\u00bb responsive_spacing=\u00bbeyJwYXJhbV90eXBlIjoid29vZG1hcnRfcmVzcG9uc2l2ZV9zcGFjaW5nIiwic2VsZWN0b3JfaWQiOiI2NDI0NjRlOGRiZDZmIiwic2hvcnRjb2RlIjoidmNfY29sdW1uIiwiZGF0YSI6eyJ0YWJsZXQiOnsicGFkZGluZy1yaWdodCI6IjIxIiwicGFkZGluZy1sZWZ0IjoiMjEifSwibW9iaWxlIjp7InBhZGRpbmctcmlnaHQiOiIyMSIsInBhZGRpbmctbGVmdCI6IjIxIn19fQ==\u00bb mobile_reset_margin=\u00bbno\u00bb tablet_reset_margin=\u00bbno\u00bb wd_z_index=\u00bbno\u00bb][vc_raw_html css=\u00bb.vc_custom_1684950259997{margin-bottom: 0px !important;}\u00bb]PGRpdj4KPHRhYmxlIGNsYXNzPSJpbmR1c3RyaWVzLXRhYmxlIiB3aWR0aD0iMTAwJSI+Cjx0Ym9keT4KPHRyIHN0eWxlPSJiYWNrZ3JvdW5kLWNvbG9yOiAjZWU3NjIzOyI+Cjx0aCBzdHlsZT0iY29sb3I6ICNmZmZmZmY7IiBhbGlnbj0ibGVmdCI+UHJvZHVjdG88L3RoPgo8dGggc3R5bGU9ImNvbG9yOiAjZmZmZmZmOyIgYWxpZ249ImxlZnQiPkFuY2h1cmEgZGVsIHJvbGxvPC90aD4KPHRoIHN0eWxlPSJjb2xvcjogI2ZmZmZmZjsiIGFsaWduPSJsZWZ0Ij5Fc3Blc29yIG5vbWluYWw8L3RoPgo8dGggc3R5bGU9ImNvbG9yOiAjZmZmZmZmOyIgYWxpZ249ImxlZnQiPkxvbmdpdHVkIGRlbCByb2xsbzwvdGg+Cjx0aCBzdHlsZT0iY29sb3I6ICNmZmZmZmY7IiBhbGlnbj0ibGVmdCI+UmVzaXN0ZW5jaWEgYWwgY2Fsb3I8L3RoPgo8L3RyPgo8dHI+Cjx0ZCBzdHlsZT0iYmFja2dyb3VuZC1jb2xvcjogIzhkOGQ4ZDsgY29sb3I6ICNmZmZmZmY7IiBhbGlnbj0ibGVmdCI+RUxNRUxFQyBHTSA0MCBTUlA8L3RkPgo8dGQgYWxpZ249ImxlZnQiPjQwIGluIC8gMSwwMiBtPC90ZD4KPHRkIGFsaWduPSJsZWZ0Ij4wLDQgbW0gLyAwLDAxNiBwdWxnLjwvdGQ+Cjx0ZCBhbGlnbj0ibGVmdCI+ODIgcGllcyAoZXN0w6FuZGFyKSAvIDI1IG08L3RkPgo8dGQgYWxpZ249ImxlZnQiPjIyMDDCsEYgLyAxMjAwwrBDPC90ZD4KPC90cj4KPHRyPgo8dGQgc3R5bGU9ImJhY2tncm91bmQtY29sb3I6ICM4ZDhkOGQ7IGNvbG9yOiAjZmZmZmZmOyIgYWxpZ249ImxlZnQiPkVMTUVMRUMgQ00gMzAgU1JQPC90ZD4KPHRkIGFsaWduPSJsZWZ0Ij4zLDM1IGZ0LiAvIDEuMDIgbTwvdGQ+Cjx0ZCBhbGlnbj0ibGVmdCI+MywzIG1tIC8gMCwxMyBwdWxnLjwvdGQ+Cjx0ZCBhbGlnbj0ibGVmdCI+MTIsNSBtIC8gNDEgcGllczwvdGQ+Cjx0ZCBhbGlnbj0ibGVmdCI+MjIwMMKwRiAvIDEyMDDCsEM8L3RkPgo8L3RyPgo8dHI+Cjx0ZCBzdHlsZT0iYmFja2dyb3VuZC1jb2xvcjogIzhkOGQ4ZDsgY29sb3I6ICNmZmZmZmY7IiBhbGlnbj0ibGVmdCI+RUxNRUxFQyBWQVBPUlNISUVMRCBQTFVTPC90ZD4KPHRkIGFsaWduPSJsZWZ0Ij4xLDAyIG0gLyAzLDM1IHBpZXM8L3RkPgo8dGQgYWxpZ249ImxlZnQiPjMsNDUgbW0gLyAwLDEzNiBwdWxnLjwvdGQ+Cjx0ZCBhbGlnbj0ibGVmdCI+MTAsIDEyLDUsIDI1IG0gLyAzMiw4LCA0MSwgODIgcGllczwvdGQ+Cjx0ZCBhbGlnbj0ibGVmdCI+MjIwMMKwRiAvIDEyMDDCsEM8L3RkPgo8L3RyPgo8dHI+Cjx0ZCBzdHlsZT0iYmFja2dyb3VuZC1jb2xvcjogIzhkOGQ4ZDsgY29sb3I6ICNmZmZmZmY7IiBhbGlnbj0ibGVmdCI+RUxNRUxFQyBFTE1FU0g8L3RkPgo8dGQgYWxpZ249ImxlZnQiPk1hbGxhIGV4cHVlc3RhIDEgbGFkbzogMSwwNiBtIC8gMyw0OCBwaWVzPHA+PC9wPgo8cD5NYWxsYSBleHB1ZXN0YSAyIGxhZG9zOiAxLDAgbSAvIDMsMjggcGllczwvcD48L3RkPgo8dGQgYWxpZ249ImxlZnQiPi08L3RkPgo8dGQgYWxpZ249ImxlZnQiPjI1IG0gLyA4MiBwaWVzPC90ZD4KPHRkIGFsaWduPSJsZWZ0Ij4yMjAwwrBGIC8gMTIwMMKwQzwvdGQ+CjwvdHI+Cjx0cj4KPHRkIHN0eWxlPSJiYWNrZ3JvdW5kLWNvbG9yOiAjOGQ4ZDhkOyBjb2xvcjogI2ZmZmZmZjsiIGFsaWduPSJsZWZ0Ij5FTE1FTEVDIE1SIFNTTSBIT0pBIERFIE1JQ0E8L3RkPgo8dGQgYWxpZ249ImxlZnQiPlRhbWHDsW8gZXN0w6FuZGFyIGRlIGxhIGhvamE6IDEsMCBtwrIgLyAzLDI4IHBpZXMgY3VhZHJhZG9zPC90ZD4KPHRkIGFsaWduPSJsZWZ0Ij5HYW1hIGRlIGdyb3NvcmVzOiAxLDE4IGluIC0gMSw5NyBpbiAvIDMgY20gLSA1IGNtPC90ZD4KPHRkIGFsaWduPSJsZWZ0Ij4gIC08L3RkPgo8dGQgYWxpZ249ImxlZnQiPjE4MDDCsEYgKDEwMDDCsEMpPC90ZD4KPC90cj4KPC90Ym9keT4KPC90YWJsZT4KPC9kaXY+[\/vc_raw_html][\/vc_column][\/vc_row]<\/p>\n<\/div>","protected":false},"excerpt":{"rendered":"<p>[vc_row full_width=\u00bbstretch_row\u00bb woodmart_bg_position=\u00bbcenter-bottom\u00bb css=\u00bb.vc_custom_1684333181442{margin-top: -40px !important;padding-top: 10px !important;padding-bottom: 18px !important;background-image: url(https:\/\/alliedmineral.com\/wp-content\/uploads\/2023\/03\/Allied-Minerals-title-1.jpg?id=84) !important;background-position: center !important;background-repeat: no-repeat !important;background-size: cover !important;}\u00bb woodmart_css_id=\u00bb6464e27725146&#8243; responsive_spacing=\u00bbeyJwYXJhbV90eXBlIjoid29vZG1hcnRfcmVzcG9uc2l2ZV9zcGFjaW5nIiwic2VsZWN0b3JfaWQiOiI2NDY0ZTI3NzI1MTQ2Iiwic2hvcnRjb2RlIjoidmNfcm93IiwiZGF0YSI6eyJ0YWJsZXQiOnt9LCJtb2JpbGUiOnt9fX0=\u00bb<\/p>\n","protected":false},"author":3,"featured_media":0,"parent":11343,"menu_order":0,"comment_status":"closed","ping_status":"closed","template":"","meta":{"content-type":"","footnotes":""},"class_list":["post-11393","page","type-page","status-publish","hentry"],"yoast_head":"<!-- This site is optimized with the Yoast SEO plugin v25.7 - https:\/\/yoast.com\/wordpress\/plugins\/seo\/ -->\n<title>Plano de deslizamiento y mica: Soluciones que ayudan a proteger las bobinas de los hornos de inducci\u00f3n<\/title>\n<meta name=\"description\" content=\"Una amplia variedad de soluciones de revestimiento de mica y plano deslizante para todos los tama\u00f1os y grados de temperatura.\" \/>\n<meta name=\"robots\" content=\"index, follow, max-snippet:-1, max-image-preview:large, max-video-preview:-1\" \/>\n<link rel=\"canonical\" href=\"https:\/\/alliedmineral.com\/es\/asociaciones\/materiales-termicos-e-integrados\/plano-de-deslizamiento-y-mica\/\" \/>\n<meta property=\"og:locale\" content=\"es_ES\" \/>\n<meta property=\"og:type\" content=\"article\" \/>\n<meta property=\"og:title\" content=\"Plano de deslizamiento y mica: Soluciones que ayudan a proteger las bobinas de los hornos de inducci\u00f3n\" \/>\n<meta property=\"og:description\" content=\"Una amplia variedad de soluciones de revestimiento de mica y plano deslizante para todos los tama\u00f1os y grados de temperatura.\" \/>\n<meta property=\"og:url\" content=\"https:\/\/alliedmineral.com\/es\/asociaciones\/materiales-termicos-e-integrados\/plano-de-deslizamiento-y-mica\/\" \/>\n<meta property=\"og:site_name\" content=\"Allied Mineral Products\" \/>\n<meta property=\"article:modified_time\" content=\"2025-03-06T14:51:50+00:00\" \/>\n<meta name=\"twitter:card\" content=\"summary_large_image\" \/>\n<meta name=\"twitter:label1\" content=\"Tiempo de lectura\" \/>\n\t<meta name=\"twitter:data1\" content=\"2 minutos\" \/>\n<script type=\"application\/ld+json\" class=\"yoast-schema-graph\">{\"@context\":\"https:\/\/schema.org\",\"@graph\":[{\"@type\":\"WebPage\",\"@id\":\"https:\/\/alliedmineral.com\/es\/asociaciones\/materiales-termicos-e-integrados\/plano-de-deslizamiento-y-mica\/\",\"url\":\"https:\/\/alliedmineral.com\/es\/asociaciones\/materiales-termicos-e-integrados\/plano-de-deslizamiento-y-mica\/\",\"name\":\"Plano de deslizamiento y mica: Soluciones que ayudan a proteger las bobinas de los hornos de inducci\u00f3n\",\"isPartOf\":{\"@id\":\"https:\/\/alliedmineral.com\/es\/#website\"},\"datePublished\":\"2023-05-24T17:20:47+00:00\",\"dateModified\":\"2025-03-06T14:51:50+00:00\",\"description\":\"Una amplia variedad de soluciones de revestimiento de mica y plano deslizante para todos los tama\u00f1os y grados de temperatura.\",\"breadcrumb\":{\"@id\":\"https:\/\/alliedmineral.com\/es\/asociaciones\/materiales-termicos-e-integrados\/plano-de-deslizamiento-y-mica\/#breadcrumb\"},\"inLanguage\":\"es\",\"potentialAction\":[{\"@type\":\"ReadAction\",\"target\":[\"https:\/\/alliedmineral.com\/es\/asociaciones\/materiales-termicos-e-integrados\/plano-de-deslizamiento-y-mica\/\"]}]},{\"@type\":\"BreadcrumbList\",\"@id\":\"https:\/\/alliedmineral.com\/es\/asociaciones\/materiales-termicos-e-integrados\/plano-de-deslizamiento-y-mica\/#breadcrumb\",\"itemListElement\":[{\"@type\":\"ListItem\",\"position\":1,\"name\":\"Home\",\"item\":\"https:\/\/alliedmineral.com\/es\/\"},{\"@type\":\"ListItem\",\"position\":2,\"name\":\"Asociaciones\",\"item\":\"https:\/\/alliedmineral.com\/es\/asociaciones\/\"},{\"@type\":\"ListItem\",\"position\":3,\"name\":\"Materiales t\u00e9rmicos e integrados\",\"item\":\"https:\/\/alliedmineral.com\/es\/asociaciones\/materiales-termicos-e-integrados\/\"},{\"@type\":\"ListItem\",\"position\":4,\"name\":\"Plano de deslizamiento y mica\"}]},{\"@type\":\"WebSite\",\"@id\":\"https:\/\/alliedmineral.com\/es\/#website\",\"url\":\"https:\/\/alliedmineral.com\/es\/\",\"name\":\"Allied Mineral Products\",\"description\":\"\",\"potentialAction\":[{\"@type\":\"SearchAction\",\"target\":{\"@type\":\"EntryPoint\",\"urlTemplate\":\"https:\/\/alliedmineral.com\/es\/?s={search_term_string}\"},\"query-input\":{\"@type\":\"PropertyValueSpecification\",\"valueRequired\":true,\"valueName\":\"search_term_string\"}}],\"inLanguage\":\"es\"}]}<\/script>\n<!-- \/ Yoast SEO plugin. -->","yoast_head_json":{"title":"Plano de deslizamiento y mica: Soluciones que ayudan a proteger las bobinas de los hornos de inducci\u00f3n","description":"Una amplia variedad de soluciones de revestimiento de mica y plano deslizante para todos los tama\u00f1os y grados de temperatura.","robots":{"index":"index","follow":"follow","max-snippet":"max-snippet:-1","max-image-preview":"max-image-preview:large","max-video-preview":"max-video-preview:-1"},"canonical":"https:\/\/alliedmineral.com\/es\/asociaciones\/materiales-termicos-e-integrados\/plano-de-deslizamiento-y-mica\/","og_locale":"es_ES","og_type":"article","og_title":"Plano de deslizamiento y mica: Soluciones que ayudan a proteger las bobinas de los hornos de inducci\u00f3n","og_description":"Una amplia variedad de soluciones de revestimiento de mica y plano deslizante para todos los tama\u00f1os y grados de temperatura.","og_url":"https:\/\/alliedmineral.com\/es\/asociaciones\/materiales-termicos-e-integrados\/plano-de-deslizamiento-y-mica\/","og_site_name":"Allied Mineral Products","article_modified_time":"2025-03-06T14:51:50+00:00","twitter_card":"summary_large_image","twitter_misc":{"Tiempo de lectura":"2 minutos"},"schema":{"@context":"https:\/\/schema.org","@graph":[{"@type":"WebPage","@id":"https:\/\/alliedmineral.com\/es\/asociaciones\/materiales-termicos-e-integrados\/plano-de-deslizamiento-y-mica\/","url":"https:\/\/alliedmineral.com\/es\/asociaciones\/materiales-termicos-e-integrados\/plano-de-deslizamiento-y-mica\/","name":"Plano de deslizamiento y mica: Soluciones que ayudan a proteger las bobinas de los hornos de inducci\u00f3n","isPartOf":{"@id":"https:\/\/alliedmineral.com\/es\/#website"},"datePublished":"2023-05-24T17:20:47+00:00","dateModified":"2025-03-06T14:51:50+00:00","description":"Una amplia variedad de soluciones de revestimiento de mica y plano deslizante para todos los tama\u00f1os y grados de temperatura.","breadcrumb":{"@id":"https:\/\/alliedmineral.com\/es\/asociaciones\/materiales-termicos-e-integrados\/plano-de-deslizamiento-y-mica\/#breadcrumb"},"inLanguage":"es","potentialAction":[{"@type":"ReadAction","target":["https:\/\/alliedmineral.com\/es\/asociaciones\/materiales-termicos-e-integrados\/plano-de-deslizamiento-y-mica\/"]}]},{"@type":"BreadcrumbList","@id":"https:\/\/alliedmineral.com\/es\/asociaciones\/materiales-termicos-e-integrados\/plano-de-deslizamiento-y-mica\/#breadcrumb","itemListElement":[{"@type":"ListItem","position":1,"name":"Home","item":"https:\/\/alliedmineral.com\/es\/"},{"@type":"ListItem","position":2,"name":"Asociaciones","item":"https:\/\/alliedmineral.com\/es\/asociaciones\/"},{"@type":"ListItem","position":3,"name":"Materiales t\u00e9rmicos e integrados","item":"https:\/\/alliedmineral.com\/es\/asociaciones\/materiales-termicos-e-integrados\/"},{"@type":"ListItem","position":4,"name":"Plano de deslizamiento y mica"}]},{"@type":"WebSite","@id":"https:\/\/alliedmineral.com\/es\/#website","url":"https:\/\/alliedmineral.com\/es\/","name":"Allied Mineral Products","description":"","potentialAction":[{"@type":"SearchAction","target":{"@type":"EntryPoint","urlTemplate":"https:\/\/alliedmineral.com\/es\/?s={search_term_string}"},"query-input":{"@type":"PropertyValueSpecification","valueRequired":true,"valueName":"search_term_string"}}],"inLanguage":"es"}]}},"_links":{"self":[{"href":"https:\/\/alliedmineral.com\/es\/wp-json\/wp\/v2\/pages\/11393","targetHints":{"allow":["GET"]}}],"collection":[{"href":"https:\/\/alliedmineral.com\/es\/wp-json\/wp\/v2\/pages"}],"about":[{"href":"https:\/\/alliedmineral.com\/es\/wp-json\/wp\/v2\/types\/page"}],"author":[{"embeddable":true,"href":"https:\/\/alliedmineral.com\/es\/wp-json\/wp\/v2\/users\/3"}],"replies":[{"embeddable":true,"href":"https:\/\/alliedmineral.com\/es\/wp-json\/wp\/v2\/comments?post=11393"}],"version-history":[{"count":0,"href":"https:\/\/alliedmineral.com\/es\/wp-json\/wp\/v2\/pages\/11393\/revisions"}],"up":[{"embeddable":true,"href":"https:\/\/alliedmineral.com\/es\/wp-json\/wp\/v2\/pages\/11343"}],"wp:attachment":[{"href":"https:\/\/alliedmineral.com\/es\/wp-json\/wp\/v2\/media?parent=11393"}],"curies":[{"name":"wp","href":"https:\/\/api.w.org\/{rel}","templated":true}]}}