{"id":11390,"date":"2023-05-30T12:48:31","date_gmt":"2023-05-30T17:48:31","guid":{"rendered":"https:\/\/alliedmineral.com\/materiales-termicos-e-integrados\/herrajes-de-acero\/"},"modified":"2025-03-06T09:44:58","modified_gmt":"2025-03-06T14:44:58","slug":"herrajes-de-acero","status":"publish","type":"page","link":"https:\/\/alliedmineral.com\/es\/asociaciones\/materiales-termicos-e-integrados\/herrajes-de-acero\/","title":{"rendered":"Herrajes de acero"},"content":{"rendered":"<div class=\"wpb-content-wrapper\"><p>[vc_row full_width=\u00bbstretch_row\u00bb woodmart_bg_position=\u00bbcenter-bottom\u00bb css=\u00bb.vc_custom_1684333181442{margin-top: -40px !important;padding-top: 10px !important;padding-bottom: 18px !important;background-image: url(https:\/\/alliedmineral.com\/wp-content\/uploads\/2023\/03\/Allied-Minerals-title-1.jpg?id=84) !important;background-position: center !important;background-repeat: no-repeat !important;background-size: cover !important;}\u00bb woodmart_css_id=\u00bb6464e27725146&#8243; responsive_spacing=\u00bbeyJwYXJhbV90eXBlIjoid29vZG1hcnRfcmVzcG9uc2l2ZV9zcGFjaW5nIiwic2VsZWN0b3JfaWQiOiI2NDY0ZTI3NzI1MTQ2Iiwic2hvcnRjb2RlIjoidmNfcm93IiwiZGF0YSI6eyJ0YWJsZXQiOnt9LCJtb2JpbGUiOnt9fX0=\u00bb mobile_bg_img_hidden=\u00bbno\u00bb tablet_bg_img_hidden=\u00bbno\u00bb woodmart_parallax=\u00bb0&#8243; woodmart_gradient_switch=\u00bbno\u00bb woodmart_box_shadow=\u00bbno\u00bb wd_z_index=\u00bbno\u00bb woodmart_disable_overflow=\u00bb0&#8243; row_reverse_mobile=\u00bb0&#8243; row_reverse_tablet=\u00bb0&#8243;][vc_column][vc_custom_heading text=\u00bbHerrajes de acero\u00bb font_container=\u00bbtag:h1|font_size:40|text_align:left|color:%23ffffff|line_height:1&#8243; use_theme_fonts=\u00bbyes\u00bb css_animation=\u00bbfadeInUp\u00bb el_class=\u00bbpage-title\u00bb css=\u00bb.vc_custom_1685468860087{border-bottom-width: 4px !important;padding-bottom: 20px !important;border-bottom-color: #ee7623 !important;border-bottom-style: solid !important;}\u00bb][\/vc_column][\/vc_row][vc_row equal_height=\u00bbyes\u00bb content_placement=\u00bbmiddle\u00bb css=\u00bb.vc_custom_1685550383419{padding-top: 20px !important;padding-bottom: 100px !important;}\u00bb woodmart_css_id=\u00bb6477752732882&#8243; responsive_spacing=\u00bbeyJwYXJhbV90eXBlIjoid29vZG1hcnRfcmVzcG9uc2l2ZV9zcGFjaW5nIiwic2VsZWN0b3JfaWQiOiI2NDc3NzUyNzMyODgyIiwic2hvcnRjb2RlIjoidmNfcm93IiwiZGF0YSI6eyJ0YWJsZXQiOnt9LCJtb2JpbGUiOnt9fX0=\u00bb mobile_bg_img_hidden=\u00bbno\u00bb tablet_bg_img_hidden=\u00bbno\u00bb woodmart_parallax=\u00bb0&#8243; woodmart_gradient_switch=\u00bbno\u00bb woodmart_box_shadow=\u00bbno\u00bb wd_z_index=\u00bbno\u00bb woodmart_disable_overflow=\u00bb0&#8243; row_reverse_mobile=\u00bb0&#8243; row_reverse_tablet=\u00bb0&#8243;][vc_column css_animation=\u00bbfadeIn\u00bb offset=\u00bbvc_col-md-6&#8243; woodmart_css_id=\u00bb64245f202e99c\u00bb parallax_scroll=\u00bbno\u00bb woodmart_sticky_column=\u00bbfalse\u00bb wd_collapsible_content_switcher=\u00bbno\u00bb wd_column_role_offcanvas_desktop=\u00bbno\u00bb wd_column_role_offcanvas_tablet=\u00bbno\u00bb wd_column_role_offcanvas_mobile=\u00bbno\u00bb wd_column_role_content_desktop=\u00bbno\u00bb wd_column_role_content_tablet=\u00bbno\u00bb wd_column_role_content_mobile=\u00bbno\u00bb mobile_bg_img_hidden=\u00bbno\u00bb tablet_bg_img_hidden=\u00bbno\u00bb woodmart_parallax=\u00bb0&#8243; woodmart_box_shadow=\u00bbno\u00bb responsive_spacing=\u00bbeyJwYXJhbV90eXBlIjoid29vZG1hcnRfcmVzcG9uc2l2ZV9zcGFjaW5nIiwic2VsZWN0b3JfaWQiOiI2NDI0NWYyMDJlOTljIiwic2hvcnRjb2RlIjoidmNfY29sdW1uIiwiZGF0YSI6eyJ0YWJsZXQiOnt9LCJtb2JpbGUiOnt9fX0=\u00bb mobile_reset_margin=\u00bbno\u00bb tablet_reset_margin=\u00bbno\u00bb wd_z_index=\u00bbno\u00bb][vc_single_image image=\u00bb7988&#8243; img_size=\u00bbfull\u00bb alignment=\u00bbcenter\u00bb parallax_scroll=\u00bbno\u00bb woodmart_inline=\u00bbno\u00bb][\/vc_column][vc_column css_animation=\u00bbfadeIn\u00bb offset=\u00bbvc_col-md-6&#8243; woodmart_css_id=\u00bb6476a46e7f6f0&#8243; parallax_scroll=\u00bbno\u00bb woodmart_sticky_column=\u00bbfalse\u00bb wd_collapsible_content_switcher=\u00bbno\u00bb wd_column_role_offcanvas_desktop=\u00bbno\u00bb wd_column_role_offcanvas_tablet=\u00bbno\u00bb wd_column_role_offcanvas_mobile=\u00bbno\u00bb wd_column_role_content_desktop=\u00bbno\u00bb wd_column_role_content_tablet=\u00bbno\u00bb wd_column_role_content_mobile=\u00bbno\u00bb mobile_bg_img_hidden=\u00bbno\u00bb tablet_bg_img_hidden=\u00bbno\u00bb woodmart_parallax=\u00bb0&#8243; woodmart_box_shadow=\u00bbno\u00bb responsive_spacing=\u00bbeyJwYXJhbV90eXBlIjoid29vZG1hcnRfcmVzcG9uc2l2ZV9zcGFjaW5nIiwic2VsZWN0b3JfaWQiOiI2NDc2YTQ2ZTdmNmYwIiwic2hvcnRjb2RlIjoidmNfY29sdW1uIiwiZGF0YSI6eyJ0YWJsZXQiOnsicGFkZGluZy1sZWZ0IjoiMTUifSwibW9iaWxlIjp7fX19&#8243; mobile_reset_margin=\u00bbno\u00bb tablet_reset_margin=\u00bbno\u00bb wd_z_index=\u00bbno\u00bb css=\u00bb.vc_custom_1685496949976{padding-left: 10% !important;}\u00bb][vc_column_text woodmart_inline=\u00bbno\u00bb text_larger=\u00bbno\u00bb]<strong>Allied almacena y ofrece muchos elementos de fijaci\u00f3n y anclajes especializados de acero inoxidable de proveedores estadounidenses de confianza como RAI.<\/strong><\/p>\n<p>Los anclajes refractarios est\u00e1n especializados en fijaciones de aleaci\u00f3n de alta temperatura y acero inoxidable utilizadas para anclar refractarios en hornos y equipos de proceso. La torniller\u00eda de anclaje refractaria se forma con alambre, se troquela, se rosca con rodillo y se suelda en una variedad de productos de anclaje para revestimientos refractarios monol\u00edticos moldeables, resistentes a la abrasi\u00f3n y de fibra cer\u00e1mica.<\/p>\n<p>[\/vc_column_text]<div id=\"wd-647772ec8a3ae\" class=\" wd-rs-647772ec8a3ae  wd-button-wrapper text-center inline-element\"><a href=\"\/wp-content\/uploads\/2023\/05\/Anchors-and-C-Clips.pdf\" title=\"\" target=\"_blank\" class=\"btn btn-color-alt btn-style-default btn-style-rectangle btn-size-large\">DESCARGAR PDF<\/a><\/div>[\/vc_column][\/vc_row][vc_row full_width=\u00bbstretch_row\u00bb equal_height=\u00bbyes\u00bb css=\u00bb.vc_custom_1685496984592{margin-bottom: -40px !important;padding-top: 100px !important;padding-bottom: 100px !important;}\u00bb woodmart_css_id=\u00bb6476a48f8c3de\u00bb responsive_spacing=\u00bbeyJwYXJhbV90eXBlIjoid29vZG1hcnRfcmVzcG9uc2l2ZV9zcGFjaW5nIiwic2VsZWN0b3JfaWQiOiI2NDc2YTQ4ZjhjM2RlIiwic2hvcnRjb2RlIjoidmNfcm93IiwiZGF0YSI6eyJ0YWJsZXQiOnsicGFkZGluZy1yaWdodCI6IjM1IiwicGFkZGluZy1sZWZ0IjoiMzUifSwibW9iaWxlIjp7InBhZGRpbmctdG9wIjoiNTAiLCJwYWRkaW5nLWJvdHRvbSI6IjUwIn19fQ==\u00bb mobile_bg_img_hidden=\u00bbno\u00bb tablet_bg_img_hidden=\u00bbno\u00bb woodmart_parallax=\u00bb0&#8243; woodmart_gradient_switch=\u00bbyes\u00bb woodmart_box_shadow=\u00bbno\u00bb wd_z_index=\u00bbno\u00bb woodmart_disable_overflow=\u00bb0&#8243; row_reverse_mobile=\u00bb0&#8243; row_reverse_tablet=\u00bb0&#8243; woodmart_color_gradient=\u00bbrgb(221, 117, 39)-0\/rgb(0, 0, 0)-100\/|linear-gradient(top , rgb(221, 117, 39) , rgb(0, 0, 0) 100%)|linear|top\u00bb][vc_column css=\u00bb.vc_custom_1680106105116{margin-bottom: 0px !important;padding-bottom: 25px !important;background-color: #92412b !important;}\u00bb woodmart_css_id=\u00bb642462726b593&#8243; parallax_scroll=\u00bbno\u00bb woodmart_sticky_column=\u00bbfalse\u00bb wd_collapsible_content_switcher=\u00bbno\u00bb wd_column_role_offcanvas_desktop=\u00bbno\u00bb wd_column_role_offcanvas_tablet=\u00bbno\u00bb wd_column_role_offcanvas_mobile=\u00bbno\u00bb wd_column_role_content_desktop=\u00bbno\u00bb wd_column_role_content_tablet=\u00bbno\u00bb wd_column_role_content_mobile=\u00bbno\u00bb mobile_bg_img_hidden=\u00bbno\u00bb tablet_bg_img_hidden=\u00bbno\u00bb woodmart_parallax=\u00bb0&#8243; woodmart_box_shadow=\u00bbno\u00bb responsive_spacing=\u00bbeyJwYXJhbV90eXBlIjoid29vZG1hcnRfcmVzcG9uc2l2ZV9zcGFjaW5nIiwic2VsZWN0b3JfaWQiOiI2NDI0NjI3MjZiNTkzIiwic2hvcnRjb2RlIjoidmNfY29sdW1uIiwiZGF0YSI6eyJ0YWJsZXQiOnt9LCJtb2JpbGUiOnt9fX0=\u00bb mobile_reset_margin=\u00bbno\u00bb tablet_reset_margin=\u00bbno\u00bb wd_z_index=\u00bbno\u00bb][vc_custom_heading text=\u00bbDETALLES DEL MATERIAL\u00bb font_container=\u00bbtag:h2|text_align:center|color:%23ffffff|line_height:1&#8243; use_theme_fonts=\u00bbyes\u00bb css=\u00bb.vc_custom_1680105781030{margin-bottom: 5px !important;}\u00bb][\/vc_column][vc_column css=\u00bb.vc_custom_1685550357316{margin-top: 0px !important;padding-top: 50px !important;padding-right: 120px !important;padding-bottom: 50px !important;padding-left: 120px !important;background-color: #ffffff !important;}\u00bb woodmart_css_id=\u00bb64777509ab20d\u00bb parallax_scroll=\u00bbno\u00bb woodmart_sticky_column=\u00bbfalse\u00bb wd_collapsible_content_switcher=\u00bbno\u00bb wd_column_role_offcanvas_desktop=\u00bbno\u00bb wd_column_role_offcanvas_tablet=\u00bbno\u00bb wd_column_role_offcanvas_mobile=\u00bbno\u00bb wd_column_role_content_desktop=\u00bbno\u00bb wd_column_role_content_tablet=\u00bbno\u00bb wd_column_role_content_mobile=\u00bbno\u00bb mobile_bg_img_hidden=\u00bbno\u00bb tablet_bg_img_hidden=\u00bbno\u00bb woodmart_parallax=\u00bb0&#8243; woodmart_box_shadow=\u00bbno\u00bb responsive_spacing=\u00bbeyJwYXJhbV90eXBlIjoid29vZG1hcnRfcmVzcG9uc2l2ZV9zcGFjaW5nIiwic2VsZWN0b3JfaWQiOiI2NDc3NzUwOWFiMjBkIiwic2hvcnRjb2RlIjoidmNfY29sdW1uIiwiZGF0YSI6eyJ0YWJsZXQiOnsicGFkZGluZy1yaWdodCI6IjIxcHgiLCJwYWRkaW5nLWxlZnQiOiIyMXB4In0sIm1vYmlsZSI6eyJwYWRkaW5nLXJpZ2h0IjoiMjFweCIsInBhZGRpbmctbGVmdCI6IjIxcHgifX19&#8243; mobile_reset_margin=\u00bbno\u00bb tablet_reset_margin=\u00bbno\u00bb wd_z_index=\u00bbno\u00bb][vc_raw_html]PGRpdj4KPHRhYmxlIGNsYXNzPSJpbmR1c3RyaWVzLXRhYmxlIiB3aWR0aD0iMTAwJSI+Cjx0Ym9keT4KPHRyIHN0eWxlPSJiYWNrZ3JvdW5kLWNvbG9yOiAjZWU3NjIxOyI+Cjx0aCBzdHlsZT0idGV4dC1hbGlnbjogbGVmdDsgY29sb3I6ICNmZmZmZmY7IiBhbGlnbj0ibGVmdCI+R3JhZG88L3RoPgo8dGggc3R5bGU9InRleHQtYWxpZ246IGxlZnQ7IGNvbG9yOiAjZmZmZmZmOyIgYWxpZ249ImxlZnQiPkZvcm1hPC90aD4KPHRoIHN0eWxlPSJ0ZXh0LWFsaWduOiBsZWZ0OyBjb2xvcjogI2ZmZmZmZjsiIGFsaWduPSJsZWZ0Ij5Mw61taXRlIGNvbnRpbnVvPC90aD4KPC90cj4KPHRyPgo8dGQgYWxpZ249ImxlZnQiPjMwNDwvdGQ+Cjx0ZCBhbGlnbj0ibGVmdCI+RXh0cmFjdG8gZnVuZGlkbzwvdGQ+Cjx0ZCBhbGlnbj0ibGVmdCI+MTEwMMKwQyAvIDIwMTLCsEY8L3RkPgo8L3RyPgo8dHI+Cjx0ZCBhbGlnbj0ibGVmdCI+MzEwPC90ZD4KPHRkIGFsaWduPSJsZWZ0Ij5FeHRyYWN0byBmdW5kaWRvPC90ZD4KPHRkIGFsaWduPSJsZWZ0Ij4xMjAwwrBDIC8gMjE5MsKwRjwvdGQ+CjwvdHI+Cjx0cj4KPHRkIGFsaWduPSJsZWZ0Ij4zMzA8L3RkPgo8dGQgYWxpZ249ImxlZnQiPkV4dHJhY3RvIGZ1bmRpZG88L3RkPgo8dGQgYWxpZ249ImxlZnQiPjEyMDTCsEMgLyAyMjAwwrBGPC90ZD4KPC90cj4KPHRyPgo8dGQgYWxpZ249ImxlZnQiPjQzMDwvdGQ+Cjx0ZCBhbGlnbj0ibGVmdCI+RXh0cmFjdG8gZnVuZGlkbzwvdGQ+Cjx0ZCBhbGlnbj0ibGVmdCI+MTAwMMKwQyAvIDE4MzLCsEY8L3RkPgo8L3RyPgo8dHI+Cjx0ZCBhbGlnbj0ibGVmdCI+NDQ2PC90ZD4KPHRkIGFsaWduPSJsZWZ0Ij5FeHRyYWN0byBmdW5kaWRvPC90ZD4KPHRkIGFsaWduPSJsZWZ0Ij4xMjA0wrBDIC8gMjIwMMKwRjwvdGQ+CjwvdHI+CjwvdGJvZHk+CjwvdGFibGU+CjwvZGl2Pg==[\/vc_raw_html][\/vc_column][\/vc_row]<\/p>\n<\/div>","protected":false},"excerpt":{"rendered":"<p>[vc_row full_width=\u00bbstretch_row\u00bb woodmart_bg_position=\u00bbcenter-bottom\u00bb css=\u00bb.vc_custom_1684333181442{margin-top: -40px !important;padding-top: 10px !important;padding-bottom: 18px !important;background-image: url(https:\/\/alliedmineral.com\/wp-content\/uploads\/2023\/03\/Allied-Minerals-title-1.jpg?id=84) !important;background-position: center !important;background-repeat: no-repeat !important;background-size: cover !important;}\u00bb woodmart_css_id=\u00bb6464e27725146&#8243; responsive_spacing=\u00bbeyJwYXJhbV90eXBlIjoid29vZG1hcnRfcmVzcG9uc2l2ZV9zcGFjaW5nIiwic2VsZWN0b3JfaWQiOiI2NDY0ZTI3NzI1MTQ2Iiwic2hvcnRjb2RlIjoidmNfcm93IiwiZGF0YSI6eyJ0YWJsZXQiOnt9LCJtb2JpbGUiOnt9fX0=\u00bb<\/p>\n","protected":false},"author":3,"featured_media":0,"parent":11343,"menu_order":0,"comment_status":"closed","ping_status":"closed","template":"","meta":{"content-type":"","footnotes":""},"class_list":["post-11390","page","type-page","status-publish","hentry"],"yoast_head":"<!-- This site is optimized with the Yoast SEO plugin v25.7 - https:\/\/yoast.com\/wordpress\/plugins\/seo\/ -->\n<title>Herrajes de acero - Allied Mineral Products<\/title>\n<meta name=\"robots\" content=\"index, follow, max-snippet:-1, max-image-preview:large, max-video-preview:-1\" \/>\n<link rel=\"canonical\" href=\"https:\/\/alliedmineral.com\/es\/asociaciones\/materiales-termicos-e-integrados\/herrajes-de-acero\/\" \/>\n<meta property=\"og:locale\" content=\"es_ES\" \/>\n<meta property=\"og:type\" content=\"article\" \/>\n<meta property=\"og:title\" content=\"Herrajes de acero - Allied Mineral Products\" \/>\n<meta property=\"og:description\" content=\"[vc_row full_width=\u00bbstretch_row\u00bb woodmart_bg_position=\u00bbcenter-bottom\u00bb css=\u00bb.vc_custom_1684333181442{margin-top: -40px !important;padding-top: 10px !important;padding-bottom: 18px !important;background-image: url(https:\/\/alliedmineral.com\/wp-content\/uploads\/2023\/03\/Allied-Minerals-title-1.jpg?id=84) !important;background-position: center !important;background-repeat: no-repeat !important;background-size: cover !important;}\u00bb woodmart_css_id=\u00bb6464e27725146&#8243; responsive_spacing=\u00bbeyJwYXJhbV90eXBlIjoid29vZG1hcnRfcmVzcG9uc2l2ZV9zcGFjaW5nIiwic2VsZWN0b3JfaWQiOiI2NDY0ZTI3NzI1MTQ2Iiwic2hvcnRjb2RlIjoidmNfcm93IiwiZGF0YSI6eyJ0YWJsZXQiOnt9LCJtb2JpbGUiOnt9fX0=\u00bb\" \/>\n<meta property=\"og:url\" content=\"https:\/\/alliedmineral.com\/es\/asociaciones\/materiales-termicos-e-integrados\/herrajes-de-acero\/\" \/>\n<meta property=\"og:site_name\" content=\"Allied Mineral Products\" \/>\n<meta property=\"article:modified_time\" content=\"2025-03-06T14:44:58+00:00\" \/>\n<meta name=\"twitter:card\" content=\"summary_large_image\" \/>\n<meta name=\"twitter:label1\" content=\"Tiempo de lectura\" \/>\n\t<meta name=\"twitter:data1\" content=\"6 minutos\" \/>\n<script type=\"application\/ld+json\" class=\"yoast-schema-graph\">{\"@context\":\"https:\/\/schema.org\",\"@graph\":[{\"@type\":\"WebPage\",\"@id\":\"https:\/\/alliedmineral.com\/es\/asociaciones\/materiales-termicos-e-integrados\/herrajes-de-acero\/\",\"url\":\"https:\/\/alliedmineral.com\/es\/asociaciones\/materiales-termicos-e-integrados\/herrajes-de-acero\/\",\"name\":\"Herrajes de acero - Allied Mineral Products\",\"isPartOf\":{\"@id\":\"https:\/\/alliedmineral.com\/es\/#website\"},\"datePublished\":\"2023-05-30T17:48:31+00:00\",\"dateModified\":\"2025-03-06T14:44:58+00:00\",\"breadcrumb\":{\"@id\":\"https:\/\/alliedmineral.com\/es\/asociaciones\/materiales-termicos-e-integrados\/herrajes-de-acero\/#breadcrumb\"},\"inLanguage\":\"es\",\"potentialAction\":[{\"@type\":\"ReadAction\",\"target\":[\"https:\/\/alliedmineral.com\/es\/asociaciones\/materiales-termicos-e-integrados\/herrajes-de-acero\/\"]}]},{\"@type\":\"BreadcrumbList\",\"@id\":\"https:\/\/alliedmineral.com\/es\/asociaciones\/materiales-termicos-e-integrados\/herrajes-de-acero\/#breadcrumb\",\"itemListElement\":[{\"@type\":\"ListItem\",\"position\":1,\"name\":\"Home\",\"item\":\"https:\/\/alliedmineral.com\/es\/\"},{\"@type\":\"ListItem\",\"position\":2,\"name\":\"Asociaciones\",\"item\":\"https:\/\/alliedmineral.com\/es\/asociaciones\/\"},{\"@type\":\"ListItem\",\"position\":3,\"name\":\"Materiales t\u00e9rmicos e integrados\",\"item\":\"https:\/\/alliedmineral.com\/es\/asociaciones\/materiales-termicos-e-integrados\/\"},{\"@type\":\"ListItem\",\"position\":4,\"name\":\"Herrajes de acero\"}]},{\"@type\":\"WebSite\",\"@id\":\"https:\/\/alliedmineral.com\/es\/#website\",\"url\":\"https:\/\/alliedmineral.com\/es\/\",\"name\":\"Allied Mineral Products\",\"description\":\"\",\"potentialAction\":[{\"@type\":\"SearchAction\",\"target\":{\"@type\":\"EntryPoint\",\"urlTemplate\":\"https:\/\/alliedmineral.com\/es\/?s={search_term_string}\"},\"query-input\":{\"@type\":\"PropertyValueSpecification\",\"valueRequired\":true,\"valueName\":\"search_term_string\"}}],\"inLanguage\":\"es\"}]}<\/script>\n<!-- \/ Yoast SEO plugin. -->","yoast_head_json":{"title":"Herrajes de acero - Allied Mineral Products","robots":{"index":"index","follow":"follow","max-snippet":"max-snippet:-1","max-image-preview":"max-image-preview:large","max-video-preview":"max-video-preview:-1"},"canonical":"https:\/\/alliedmineral.com\/es\/asociaciones\/materiales-termicos-e-integrados\/herrajes-de-acero\/","og_locale":"es_ES","og_type":"article","og_title":"Herrajes de acero - Allied Mineral Products","og_description":"[vc_row full_width=\u00bbstretch_row\u00bb woodmart_bg_position=\u00bbcenter-bottom\u00bb css=\u00bb.vc_custom_1684333181442{margin-top: -40px !important;padding-top: 10px !important;padding-bottom: 18px !important;background-image: url(https:\/\/alliedmineral.com\/wp-content\/uploads\/2023\/03\/Allied-Minerals-title-1.jpg?id=84) !important;background-position: center !important;background-repeat: no-repeat !important;background-size: cover !important;}\u00bb woodmart_css_id=\u00bb6464e27725146&#8243; responsive_spacing=\u00bbeyJwYXJhbV90eXBlIjoid29vZG1hcnRfcmVzcG9uc2l2ZV9zcGFjaW5nIiwic2VsZWN0b3JfaWQiOiI2NDY0ZTI3NzI1MTQ2Iiwic2hvcnRjb2RlIjoidmNfcm93IiwiZGF0YSI6eyJ0YWJsZXQiOnt9LCJtb2JpbGUiOnt9fX0=\u00bb","og_url":"https:\/\/alliedmineral.com\/es\/asociaciones\/materiales-termicos-e-integrados\/herrajes-de-acero\/","og_site_name":"Allied Mineral Products","article_modified_time":"2025-03-06T14:44:58+00:00","twitter_card":"summary_large_image","twitter_misc":{"Tiempo de lectura":"6 minutos"},"schema":{"@context":"https:\/\/schema.org","@graph":[{"@type":"WebPage","@id":"https:\/\/alliedmineral.com\/es\/asociaciones\/materiales-termicos-e-integrados\/herrajes-de-acero\/","url":"https:\/\/alliedmineral.com\/es\/asociaciones\/materiales-termicos-e-integrados\/herrajes-de-acero\/","name":"Herrajes de acero - Allied Mineral Products","isPartOf":{"@id":"https:\/\/alliedmineral.com\/es\/#website"},"datePublished":"2023-05-30T17:48:31+00:00","dateModified":"2025-03-06T14:44:58+00:00","breadcrumb":{"@id":"https:\/\/alliedmineral.com\/es\/asociaciones\/materiales-termicos-e-integrados\/herrajes-de-acero\/#breadcrumb"},"inLanguage":"es","potentialAction":[{"@type":"ReadAction","target":["https:\/\/alliedmineral.com\/es\/asociaciones\/materiales-termicos-e-integrados\/herrajes-de-acero\/"]}]},{"@type":"BreadcrumbList","@id":"https:\/\/alliedmineral.com\/es\/asociaciones\/materiales-termicos-e-integrados\/herrajes-de-acero\/#breadcrumb","itemListElement":[{"@type":"ListItem","position":1,"name":"Home","item":"https:\/\/alliedmineral.com\/es\/"},{"@type":"ListItem","position":2,"name":"Asociaciones","item":"https:\/\/alliedmineral.com\/es\/asociaciones\/"},{"@type":"ListItem","position":3,"name":"Materiales t\u00e9rmicos e integrados","item":"https:\/\/alliedmineral.com\/es\/asociaciones\/materiales-termicos-e-integrados\/"},{"@type":"ListItem","position":4,"name":"Herrajes de acero"}]},{"@type":"WebSite","@id":"https:\/\/alliedmineral.com\/es\/#website","url":"https:\/\/alliedmineral.com\/es\/","name":"Allied Mineral Products","description":"","potentialAction":[{"@type":"SearchAction","target":{"@type":"EntryPoint","urlTemplate":"https:\/\/alliedmineral.com\/es\/?s={search_term_string}"},"query-input":{"@type":"PropertyValueSpecification","valueRequired":true,"valueName":"search_term_string"}}],"inLanguage":"es"}]}},"_links":{"self":[{"href":"https:\/\/alliedmineral.com\/es\/wp-json\/wp\/v2\/pages\/11390","targetHints":{"allow":["GET"]}}],"collection":[{"href":"https:\/\/alliedmineral.com\/es\/wp-json\/wp\/v2\/pages"}],"about":[{"href":"https:\/\/alliedmineral.com\/es\/wp-json\/wp\/v2\/types\/page"}],"author":[{"embeddable":true,"href":"https:\/\/alliedmineral.com\/es\/wp-json\/wp\/v2\/users\/3"}],"replies":[{"embeddable":true,"href":"https:\/\/alliedmineral.com\/es\/wp-json\/wp\/v2\/comments?post=11390"}],"version-history":[{"count":0,"href":"https:\/\/alliedmineral.com\/es\/wp-json\/wp\/v2\/pages\/11390\/revisions"}],"up":[{"embeddable":true,"href":"https:\/\/alliedmineral.com\/es\/wp-json\/wp\/v2\/pages\/11343"}],"wp:attachment":[{"href":"https:\/\/alliedmineral.com\/es\/wp-json\/wp\/v2\/media?parent=11390"}],"curies":[{"name":"wp","href":"https:\/\/api.w.org\/{rel}","templated":true}]}}