{"id":11383,"date":"2023-04-11T12:37:58","date_gmt":"2023-04-11T17:37:58","guid":{"rendered":"https:\/\/alliedmineral.com\/industrias\/fundicion\/cupula\/"},"modified":"2025-03-06T09:39:02","modified_gmt":"2025-03-06T14:39:02","slug":"cupula","status":"publish","type":"page","link":"https:\/\/alliedmineral.com\/es\/industrias\/fundicion\/cupula\/","title":{"rendered":"C\u00fapula"},"content":{"rendered":"<div class=\"wpb-content-wrapper\"><p>[vc_row full_width=\u00bbstretch_row\u00bb woodmart_bg_position=\u00bbcenter-bottom\u00bb css=\u00bb.vc_custom_1680617386280{margin-top: -40px !important;padding-top: 10px !important;padding-bottom: 18px !important;background-image: url(https:\/\/alliedmineral.com\/wp-content\/uploads\/2023\/03\/Allied-Minerals-title-1.jpg?id=84) !important;background-position: center !important;background-repeat: no-repeat !important;background-size: cover !important;}\u00bb woodmart_css_id=\u00bb642c2fa3441a4&#8243; responsive_spacing=\u00bbeyJwYXJhbV90eXBlIjoid29vZG1hcnRfcmVzcG9uc2l2ZV9zcGFjaW5nIiwic2VsZWN0b3JfaWQiOiI2NDJjMmZhMzQ0MWE0Iiwic2hvcnRjb2RlIjoidmNfcm93IiwiZGF0YSI6eyJ0YWJsZXQiOnt9LCJtb2JpbGUiOnt9fX0=\u00bb mobile_bg_img_hidden=\u00bbno\u00bb tablet_bg_img_hidden=\u00bbno\u00bb woodmart_parallax=\u00bb0&#8243; woodmart_gradient_switch=\u00bbno\u00bb woodmart_box_shadow=\u00bbno\u00bb wd_z_index=\u00bbno\u00bb woodmart_disable_overflow=\u00bb0&#8243; row_reverse_mobile=\u00bb0&#8243; row_reverse_tablet=\u00bb0&#8243;][vc_column css_animation=\u00bbfadeInUp\u00bb woodmart_css_id=\u00bb642ec2f26e0bf\u00bb parallax_scroll=\u00bbno\u00bb woodmart_sticky_column=\u00bbfalse\u00bb wd_collapsible_content_switcher=\u00bbno\u00bb wd_column_role_offcanvas_desktop=\u00bbno\u00bb wd_column_role_offcanvas_tablet=\u00bbno\u00bb wd_column_role_offcanvas_mobile=\u00bbno\u00bb wd_column_role_content_desktop=\u00bbno\u00bb wd_column_role_content_tablet=\u00bbno\u00bb wd_column_role_content_mobile=\u00bbno\u00bb mobile_bg_img_hidden=\u00bbno\u00bb tablet_bg_img_hidden=\u00bbno\u00bb woodmart_parallax=\u00bb0&#8243; woodmart_box_shadow=\u00bbno\u00bb responsive_spacing=\u00bbeyJwYXJhbV90eXBlIjoid29vZG1hcnRfcmVzcG9uc2l2ZV9zcGFjaW5nIiwic2VsZWN0b3JfaWQiOiI2NDJlYzJmMjZlMGJmIiwic2hvcnRjb2RlIjoidmNfY29sdW1uIiwiZGF0YSI6eyJ0YWJsZXQiOnt9LCJtb2JpbGUiOnt9fX0=\u00bb mobile_reset_margin=\u00bbno\u00bb tablet_reset_margin=\u00bbno\u00bb wd_z_index=\u00bbno\u00bb][vc_custom_heading text=\u00bbC\u00fapula\u00bb font_container=\u00bbtag:h1|font_size:40|text_align:left|color:%23ffffff|line_height:1&#8243; use_theme_fonts=\u00bbyes\u00bb el_class=\u00bbpage-title\u00bb css=\u00bb.vc_custom_1681234728446{border-bottom-width: 4px !important;padding-bottom: 20px !important;border-bottom-color: #ee7623 !important;border-bottom-style: solid !important;}\u00bb][\/vc_column][\/vc_row][vc_row woodmart_css_id=\u00bb64346da0154dc\u00bb responsive_spacing=\u00bbeyJwYXJhbV90eXBlIjoid29vZG1hcnRfcmVzcG9uc2l2ZV9zcGFjaW5nIiwic2VsZWN0b3JfaWQiOiI2NDM0NmRhMDE1NGRjIiwic2hvcnRjb2RlIjoidmNfcm93IiwiZGF0YSI6eyJ0YWJsZXQiOnt9LCJtb2JpbGUiOnt9fX0=\u00bb mobile_bg_img_hidden=\u00bbno\u00bb tablet_bg_img_hidden=\u00bbno\u00bb woodmart_parallax=\u00bb0&#8243; woodmart_gradient_switch=\u00bbno\u00bb woodmart_box_shadow=\u00bbno\u00bb wd_z_index=\u00bbno\u00bb woodmart_disable_overflow=\u00bb0&#8243; row_reverse_mobile=\u00bb0&#8243; row_reverse_tablet=\u00bb0&#8243;][vc_column offset=\u00bbvc_col-md-8&#8243; woodmart_css_id=\u00bb6477e8eb04623&#8243; parallax_scroll=\u00bbno\u00bb woodmart_sticky_column=\u00bbfalse\u00bb wd_collapsible_content_switcher=\u00bbno\u00bb wd_column_role_offcanvas_desktop=\u00bbno\u00bb wd_column_role_offcanvas_tablet=\u00bbno\u00bb wd_column_role_offcanvas_mobile=\u00bbno\u00bb wd_column_role_content_desktop=\u00bbno\u00bb wd_column_role_content_tablet=\u00bbno\u00bb wd_column_role_content_mobile=\u00bbno\u00bb mobile_bg_img_hidden=\u00bbno\u00bb tablet_bg_img_hidden=\u00bbno\u00bb woodmart_parallax=\u00bb0&#8243; woodmart_box_shadow=\u00bbno\u00bb responsive_spacing=\u00bbeyJwYXJhbV90eXBlIjoid29vZG1hcnRfcmVzcG9uc2l2ZV9zcGFjaW5nIiwic2VsZWN0b3JfaWQiOiI2NDc3ZThlYjA0NjIzIiwic2hvcnRjb2RlIjoidmNfY29sdW1uIiwiZGF0YSI6eyJ0YWJsZXQiOnt9LCJtb2JpbGUiOnt9fX0=\u00bb mobile_reset_margin=\u00bbno\u00bb tablet_reset_margin=\u00bbno\u00bb wd_z_index=\u00bbno\u00bb]\t\t\t<link rel=\"stylesheet\" id=\"wd-image-hotspot-css\" href=\"https:\/\/alliedmineral.com\/wp-content\/themes\/woodmart\/woodmart\/css\/parts\/el-hotspot.min.css?ver=7.1.4\" type=\"text\/css\" media=\"all\" \/> \t\t\t\t\t\t<link rel=\"stylesheet\" id=\"wd-mod-more-description-css\" href=\"https:\/\/alliedmineral.com\/wp-content\/themes\/woodmart\/woodmart\/css\/parts\/mod-more-description.min.css?ver=7.1.4\" type=\"text\/css\" media=\"all\" \/> \t\t\t\t\t<div class=\"wd-image-hotspot-wrapper wd-rs-6580a1781420c hotspot-action-hover hotspot-icon-default color-scheme-dark vc_custom_1702928768255\">\n\t\t\t<div class=\"wd-image-hotspot-hotspots\">\n\t\t\t\t<img loading=\"lazy\" decoding=\"async\" width=\"1024\" height=\"1024\" src=\"https:\/\/alliedmineral.com\/wp-content\/uploads\/2023\/12\/Cupola-1024x1024.png\" class=\"wd-image-hotspot-img attachment-large\" alt=\"\" title=\"Cupola\" srcset=\"https:\/\/alliedmineral.com\/wp-content\/uploads\/2023\/12\/Cupola-1024x1024.png 1024w, https:\/\/alliedmineral.com\/wp-content\/uploads\/2023\/12\/Cupola-300x300.png 300w, https:\/\/alliedmineral.com\/wp-content\/uploads\/2023\/12\/Cupola-150x150.png 150w, https:\/\/alliedmineral.com\/wp-content\/uploads\/2023\/12\/Cupola-768x768.png 768w, https:\/\/alliedmineral.com\/wp-content\/uploads\/2023\/12\/Cupola-1536x1536.png 1536w, https:\/\/alliedmineral.com\/wp-content\/uploads\/2023\/12\/Cupola-2048x2048.png 2048w\" sizes=\"auto, (max-width: 1024px) 100vw, 1024px\" \/><div class=\"wd-image-hotspot hotspot-type-text\" style=\"left: 50.390%; top: 41.137%;\"><span class=\"hotspot-sonar\"><\/span><div class=\"hotspot-btn wd-fill\"><\/div><div class=\"hotspot-text hotspot-content hotspot-dropdown-top\"><h4 class=\"wd-entities-title\">ANILLO DE CARGA<\/h4><div class=\"hotspot-content-text set-cont-mb-s reset-last-child\"><\/p>\n<div class=\"hover-table-info\">\n<table class=\"hover-tables\" style=\"margin-bottom: 20px;\">\n<tbody>\n<tr class=\"hover-table-1\">\n<td class=\"table-product\">Formas <sup>Metal-Rok<\/sup> <\/td>\n<td>Forma prefabricada con alta carga de fibra met\u00e1lica<\/td>\n<\/tr>\n<\/tbody>\n<\/table>\n<\/div>\n<p><\/div><\/div><\/div><div class=\"wd-image-hotspot hotspot-type-text\" style=\"left: 49.833%; top: 55.072%;\"><span class=\"hotspot-sonar\"><\/span><div class=\"hotspot-btn wd-fill\"><\/div><div class=\"hotspot-text hotspot-content hotspot-dropdown-top\"><h4 class=\"wd-entities-title\">PILA SUPERIOR<\/h4><div class=\"hotspot-content-text set-cont-mb-s reset-last-child\"><\/p>\n<div class=\"hover-table-info\">\n<table class=\"hover-tables\" style=\"margin-bottom: 20px;\">\n<tbody>\n<tr class=\"hover-table-1\">\n<td class=\"table-product\">FORMAS <sup>METAL-ROK<\/sup> <\/td>\n<td>Forma prefabricada cargada de fibra de alto metallix<\/td>\n<\/tr>\n<tr>\n<td class=\"table-product\">DURALAST SIC<\/td>\n<td>Ladrillo de alta conductividad con SiC. Reduce la tasa de desgaste del refractario<\/td>\n<\/tr>\n<tr class=\"hover-table-1\">\n<td class=\"table-product\">Serie de productos <sup>GUNCAST<\/sup> <\/td>\n<td>Mezclas de gunitado resistentes a la abrasi\u00f3n<\/td>\n<\/tr>\n<\/tbody>\n<\/table>\n<\/div>\n<p><\/div><\/div><\/div><div class=\"wd-image-hotspot hotspot-type-text\" style=\"left: 50.279%; top: 65.217%;\"><span class=\"hotspot-sonar\"><\/span><div class=\"hotspot-btn wd-fill\"><\/div><div class=\"hotspot-text hotspot-content hotspot-dropdown-top\"><h4 class=\"wd-entities-title\">MELTZONE<\/h4><div class=\"hotspot-content-text set-cont-mb-s reset-last-child\"><\/p>\n<div class=\"hover-table-info\">\n<table class=\"hover-tables\" style=\"margin-bottom: 20px;\">\n<tbody>\n<tr class=\"hover-table-1\">\n<td class=\"table-product\"><sup>DURAMELTZ\u00ae<\/sup> A &amp; B<\/td>\n<td>Ladrillo de alta conductividad. Reduce la tasa de desgaste del refractario<\/td>\n<\/tr>\n<tr>\n<td class=\"table-product\"><sup>DURAMELTZ\u00ae<\/sup> B<\/td>\n<td>Ladrillo de alta conductividad. Reduce la tasa de desgaste del refractario<\/td>\n<\/tr>\n<tr class=\"hover-table-1\">\n<td class=\"table-product\">DURALAST SIC<\/td>\n<td>Ladrillo de alta conductividad con SiC. Reduce la tasa de desgaste del refractario<\/td>\n<\/tr>\n<tr>\n<td class=\"table-product\">Pistolas de mezcla serie 500<\/td>\n<td>Pistolas de mezcla con alto contenido en SiC<\/td>\n<\/tr>\n<tr class=\"hover-table-1\">\n<td class=\"table-product\">Serie <sup>V-CAST<\/sup> <\/td>\n<td>Hormig\u00f3n de al\u00famina y carburo de s\u00edlice con bajo contenido de cemento<\/td>\n<\/tr>\n<tr>\n<td class=\"table-product\">Serie de productos <sup>STACKCRETE<\/sup> <\/td>\n<td>Mezclas de hormig\u00f3n proyectado de alto contenido en al\u00famina<\/td>\n<\/tr>\n<\/tbody>\n<\/table>\n<\/div>\n<p><\/div><\/div><\/div><div class=\"wd-image-hotspot hotspot-type-text\" style=\"left: 50.056%; top: 74.470%;\"><span class=\"hotspot-sonar\"><\/span><div class=\"hotspot-btn wd-fill\"><\/div><div class=\"hotspot-text hotspot-content hotspot-dropdown-top\"><h4 class=\"wd-entities-title\">POZO<\/h4><div class=\"hotspot-content-text set-cont-mb-s reset-last-child\"><\/p>\n<div class=\"hover-table-info\">\n<table class=\"hover-tables\" style=\"margin-bottom: 20px;\">\n<tbody>\n<tr class=\"hover-table-1\">\n<td class=\"table-product\">FORMAS PREFABRICADAS<\/td>\n<td>Alta al\u00famina con SiC+C<\/td>\n<\/tr>\n<tr>\n<td class=\"table-product\">CW OMEGA PLASTIC<\/td>\n<td>Pl\u00e1stico de carburo de silicio graf\u00edtico con alto contenido en al\u00famina aglomerado con resina<\/td>\n<\/tr>\n<tr class=\"hover-table-1\">\n<td class=\"table-product\">KARBSHIELD<\/td>\n<td>Mezcla aglutinante de carbono con inhibidor de oxidaci\u00f3n<\/td>\n<\/tr>\n<tr>\n<td class=\"table-product\">STACKGUN 90<\/td>\n<td>Al\u00famina tabular de bajo contenido en cemento para una excelente resistencia a la corrosi\u00f3n a altas temperaturas. entornos<\/td>\n<\/tr>\n<tr class=\"hover-table-1\">\n<td class=\"table-product\">SERIE <sup>V-CAST<\/sup> <\/td>\n<td>Hormig\u00f3n de al\u00famina y carburo de s\u00edlice con bajo contenido de cemento<\/td>\n<\/tr>\n<tr>\n<td class=\"table-product\">RAM 135<\/td>\n<td>Al\u00famina fundida, mezcla de apisonamiento graf\u00edtico<\/td>\n<\/tr>\n<tr class=\"hover-table-1\">\n<td class=\"table-product\"><sup>DURAMELTZ\u00ae<\/sup> D Ladrillo de carbono<\/td>\n<td>Ladrillo de alta conductividad. Reduce la tasa de desgaste del refractario<\/td>\n<\/tr>\n<tr>\n<td class=\"table-product\">Ladrillo de alta al\u00famina RKB<\/td>\n<td>Ladrillo de al\u00famina al 70<\/td>\n<\/tr>\n<\/tbody>\n<\/table>\n<\/div>\n<p><\/div><\/div><\/div><div class=\"wd-image-hotspot hotspot-type-text\" style=\"left: 45.485%; top: 81.605%;\"><span class=\"hotspot-sonar\"><\/span><div class=\"hotspot-btn wd-fill\"><\/div><div class=\"hotspot-text hotspot-content hotspot-dropdown-top\"><h4 class=\"wd-entities-title\">TAPHOLE<\/h4><div class=\"hotspot-content-text set-cont-mb-s reset-last-child\"><\/p>\n<div class=\"hover-table-info\">\n<table class=\"hover-tables\" style=\"margin-bottom: 20px;\">\n<tbody>\n<tr class=\"hover-table-1\">\n<td class=\"table-product\">Serie 300 Pl\u00e1stico<\/td>\n<td>Pl\u00e1stico de carburo de silicio y grafito de alto alumbre<\/td>\n<\/tr>\n<tr>\n<td class=\"table-product\">CW OMEGA PLASTIC<\/td>\n<td>Pl\u00e1stico de carburo de silicio graf\u00edtico con alto contenido en al\u00famina aglomerado con resina<\/td>\n<\/tr>\n<tr class=\"hover-table-1\">\n<td class=\"table-product\">FORMAS PREFABRICADAS<\/td>\n<td>Alta al\u00famina con SiC+C<\/td>\n<\/tr>\n<tr>\n<td class=\"table-product\"><sup>V-CAST\u00ae<\/sup> Serie 400 y Serie 700<\/td>\n<td>Hormig\u00f3n de al\u00famina y carburo de s\u00edlice con bajo contenido de cemento<\/td>\n<\/tr>\n<tr class=\"hover-table-1\">\n<td class=\"table-product\"><sup>DURAMELTZ\u00ae<\/sup> A<\/td>\n<td>Ladrillo de alta conductividad. Reduce la tasa de desgaste del refractario<\/td>\n<\/tr>\n<\/tbody>\n<\/table>\n<\/div>\n<p><\/div><\/div><\/div><div class=\"wd-image-hotspot hotspot-type-text\" style=\"left: 39.019%; top: 87.179%;\"><span class=\"hotspot-sonar\"><\/span><div class=\"hotspot-btn wd-fill\"><\/div><div class=\"hotspot-text hotspot-content hotspot-dropdown-top\"><h4 class=\"wd-entities-title\">SEPARADOR<\/h4><div class=\"hotspot-content-text set-cont-mb-s reset-last-child\"><\/p>\n<div class=\"hover-table-info\">\n<table class=\"hover-tables\" style=\"margin-bottom: 20px;\">\n<tbody>\n<tr class=\"hover-table-1\">\n<td class=\"table-product\">Carneros de la serie 400<\/td>\n<td>Mezcla de apisonamiento de carburo de silicio graf\u00edtico con alto contenido en al\u00famina aglomerada con resina<\/td>\n<\/tr>\n<tr>\n<td class=\"table-product\">RAM 165<\/td>\n<td>Mezcla de apisonamiento de carburo de silicio graf\u00edtico con alto contenido en al\u00famina aglomerada con resina<\/td>\n<\/tr>\n<tr class=\"hover-table-1\">\n<td class=\"table-product\">Tecnolog\u00eda <sup>DURAMELTZ<\/sup> <\/td>\n<td>Separador refrigerador de aire forzado. reduce la tasa de desgaste del refractario<\/td>\n<\/tr>\n<tr>\n<td class=\"table-product\">V-Cast\u00ae series 400 y 700s<\/td>\n<td>Hormig\u00f3n de al\u00famina y carburo de s\u00edlice, con bajo contenido de cemento<\/td>\n<\/tr>\n<tr class=\"hover-table-1\">\n<td class=\"table-product\">Serie TEK-CAST<\/td>\n<td>Hormig\u00f3n monocomponente de carburo de s\u00edlice y al\u00famina sin cemento<\/td>\n<\/tr>\n<\/tbody>\n<\/table>\n<\/div>\n<p><\/div><\/div><\/div><div class=\"wd-image-hotspot hotspot-type-text\" style=\"left: 50.279%; top: 77.703%;\"><span class=\"hotspot-sonar\"><\/span><div class=\"hotspot-btn wd-fill\"><\/div><div class=\"hotspot-text hotspot-content hotspot-dropdown-top\"><h4 class=\"wd-entities-title\">FONDO<\/h4><div class=\"hotspot-content-text set-cont-mb-s reset-last-child\"><\/p>\n<div class=\"hover-table-info\">\n<table class=\"hover-tables\" style=\"margin-bottom: 20px;\">\n<tbody>\n<tr class=\"hover-table-1\">\n<td class=\"table-product\">RAM LADLE<\/td>\n<td>Mezcla de apisonado con alto contenido en al\u00famina<\/td>\n<\/tr>\n<tr>\n<td class=\"table-product\">SERIE HI-AL RAM G<\/td>\n<td>Mezcla de apisonado de carburo de silicio graf\u00edtico y alto contenido en al\u00famina<\/td>\n<\/tr>\n<tr class=\"hover-table-1\">\n<td class=\"table-product\">Carneros de la serie 400<\/td>\n<td>Mezcla de apisonamiento de carburo de silicio graf\u00edtico con alto contenido en al\u00famina aglomerada con resina<\/td>\n<\/tr>\n<tr>\n<td class=\"table-product\">Carneros de la serie 100<\/td>\n<td>Al\u00famina fundida, mezcla de apisonamiento graf\u00edtico<\/td>\n<\/tr>\n<\/tbody>\n<\/table>\n<\/div>\n<p><\/div><\/div><\/div>\t\t\t<\/div>\n\t\t<\/div>\n\t\t[\/vc_column][vc_column woodmart_css_id=\u00bb6477e8f189b2f\u00bb parallax_scroll=\u00bbno\u00bb woodmart_sticky_column=\u00bbfalse\u00bb wd_collapsible_content_switcher=\u00bbno\u00bb wd_column_role_offcanvas_desktop=\u00bbno\u00bb wd_column_role_offcanvas_tablet=\u00bbno\u00bb wd_column_role_offcanvas_mobile=\u00bbno\u00bb wd_column_role_content_desktop=\u00bbno\u00bb wd_column_role_content_tablet=\u00bbno\u00bb wd_column_role_content_mobile=\u00bbno\u00bb mobile_bg_img_hidden=\u00bbno\u00bb tablet_bg_img_hidden=\u00bbno\u00bb woodmart_parallax=\u00bb0&#8243; woodmart_box_shadow=\u00bbno\u00bb responsive_spacing=\u00bbeyJwYXJhbV90eXBlIjoid29vZG1hcnRfcmVzcG9uc2l2ZV9zcGFjaW5nIiwic2VsZWN0b3JfaWQiOiI2NDc3ZThmMTg5YjJmIiwic2hvcnRjb2RlIjoidmNfY29sdW1uIiwiZGF0YSI6eyJ0YWJsZXQiOnt9LCJtb2JpbGUiOnt9fX0=\u00bb mobile_reset_margin=\u00bbno\u00bb tablet_reset_margin=\u00bbno\u00bb wd_z_index=\u00bbno\u00bb offset=\u00bbvc_col-md-4&#8243;][vc_custom_heading text=\u00bbFUNDICI\u00d3N\u00bb font_container=\u00bbtag:h3|text_align:left|color:%23ee7623&#8243; use_theme_fonts=\u00bbyes\u00bb css=\u00bb.vc_custom_1680806943647{margin-bottom: 0px !important;}\u00bb][vc_custom_heading text=\u00bbCUPOLA\u00bb font_container=\u00bbtag:h2|text_align:left|color:%231a1a1a\u00bb use_theme_fonts=\u00bbyes\u00bb][vc_column_text woodmart_inline=\u00bbno\u00bb text_larger=\u00bbno\u00bb]Allied dispone de productos refractarios cer\u00e1micos y de experiencia para servir y optimizar cubilotes de cualquier tama\u00f1o, fundiendo una amplia gama de aleaciones de fundici\u00f3n. Nuestras l\u00edneas de productos de confianza incluyen <sup>V-CAST\u00ae<\/sup>, TEK-PAK, <sup>DURAMELTZ\u00ae<\/sup>, DURALAST y STACKGUN.[\/vc_column_text]<div id=\"wd-642eff5a4f8b3\" class=\" wd-rs-642eff5a4f8b3  wd-button-wrapper text-left\"><a href=\"\/es\/?page_id=11278\" title=\"P\u00f3ngase en contacto con\" class=\"btn btn-scheme-light btn-scheme-hover-light btn-style-default btn-style-rectangle btn-size-default\">SOLICITAR PRESUPUESTO<\/a><\/div>[\/vc_column][\/vc_row]<\/p>\n<\/div>","protected":false},"excerpt":{"rendered":"<p>[vc_row full_width=\u00bbstretch_row\u00bb woodmart_bg_position=\u00bbcenter-bottom\u00bb css=\u00bb.vc_custom_1680617386280{margin-top: -40px !important;padding-top: 10px !important;padding-bottom: 18px !important;background-image: url(https:\/\/alliedmineral.com\/wp-content\/uploads\/2023\/03\/Allied-Minerals-title-1.jpg?id=84) !important;background-position: center !important;background-repeat: no-repeat !important;background-size: cover !important;}\u00bb woodmart_css_id=\u00bb642c2fa3441a4&#8243; responsive_spacing=\u00bbeyJwYXJhbV90eXBlIjoid29vZG1hcnRfcmVzcG9uc2l2ZV9zcGFjaW5nIiwic2VsZWN0b3JfaWQiOiI2NDJjMmZhMzQ0MWE0Iiwic2hvcnRjb2RlIjoidmNfcm93IiwiZGF0YSI6eyJ0YWJsZXQiOnt9LCJtb2JpbGUiOnt9fX0=\u00bb<\/p>\n","protected":false},"author":3,"featured_media":0,"parent":11277,"menu_order":0,"comment_status":"closed","ping_status":"closed","template":"","meta":{"content-type":"","footnotes":""},"class_list":["post-11383","page","type-page","status-publish","hentry"],"yoast_head":"<!-- This site is optimized with the Yoast SEO plugin v25.7 - https:\/\/yoast.com\/wordpress\/plugins\/seo\/ -->\n<title>Refractarios para hornos de cubilote<\/title>\n<meta name=\"description\" content=\"Refractarios para cubilotes en la fundici\u00f3n y las industrias sider\u00fargicas integradas\" \/>\n<meta name=\"robots\" content=\"index, follow, max-snippet:-1, max-image-preview:large, max-video-preview:-1\" \/>\n<link rel=\"canonical\" href=\"https:\/\/alliedmineral.com\/es\/industrias\/fundicion\/cupula\/\" \/>\n<meta property=\"og:locale\" content=\"es_ES\" \/>\n<meta property=\"og:type\" content=\"article\" \/>\n<meta property=\"og:title\" content=\"Refractarios para hornos de cubilote\" \/>\n<meta property=\"og:description\" content=\"Refractarios para cubilotes en la fundici\u00f3n y las industrias sider\u00fargicas integradas\" \/>\n<meta property=\"og:url\" content=\"https:\/\/alliedmineral.com\/es\/industrias\/fundicion\/cupula\/\" \/>\n<meta property=\"og:site_name\" content=\"Allied Mineral Products\" \/>\n<meta property=\"article:modified_time\" content=\"2025-03-06T14:39:02+00:00\" \/>\n<meta name=\"twitter:card\" content=\"summary_large_image\" \/>\n<meta name=\"twitter:label1\" content=\"Tiempo de lectura\" \/>\n\t<meta name=\"twitter:data1\" content=\"7 minutos\" \/>\n<script type=\"application\/ld+json\" class=\"yoast-schema-graph\">{\"@context\":\"https:\/\/schema.org\",\"@graph\":[{\"@type\":\"WebPage\",\"@id\":\"https:\/\/alliedmineral.com\/es\/industrias\/fundicion\/cupula\/\",\"url\":\"https:\/\/alliedmineral.com\/es\/industrias\/fundicion\/cupula\/\",\"name\":\"Refractarios para hornos de cubilote\",\"isPartOf\":{\"@id\":\"https:\/\/alliedmineral.com\/es\/#website\"},\"datePublished\":\"2023-04-11T17:37:58+00:00\",\"dateModified\":\"2025-03-06T14:39:02+00:00\",\"description\":\"Refractarios para cubilotes en la fundici\u00f3n y las industrias sider\u00fargicas integradas\",\"breadcrumb\":{\"@id\":\"https:\/\/alliedmineral.com\/es\/industrias\/fundicion\/cupula\/#breadcrumb\"},\"inLanguage\":\"es\",\"potentialAction\":[{\"@type\":\"ReadAction\",\"target\":[\"https:\/\/alliedmineral.com\/es\/industrias\/fundicion\/cupula\/\"]}]},{\"@type\":\"BreadcrumbList\",\"@id\":\"https:\/\/alliedmineral.com\/es\/industrias\/fundicion\/cupula\/#breadcrumb\",\"itemListElement\":[{\"@type\":\"ListItem\",\"position\":1,\"name\":\"Home\",\"item\":\"https:\/\/alliedmineral.com\/es\/\"},{\"@type\":\"ListItem\",\"position\":2,\"name\":\"Industrias\",\"item\":\"https:\/\/alliedmineral.com\/es\/industrias\/\"},{\"@type\":\"ListItem\",\"position\":3,\"name\":\"Fundici\u00f3n\",\"item\":\"https:\/\/alliedmineral.com\/es\/industrias\/fundicion\/\"},{\"@type\":\"ListItem\",\"position\":4,\"name\":\"C\u00fapula\"}]},{\"@type\":\"WebSite\",\"@id\":\"https:\/\/alliedmineral.com\/es\/#website\",\"url\":\"https:\/\/alliedmineral.com\/es\/\",\"name\":\"Allied Mineral Products\",\"description\":\"\",\"potentialAction\":[{\"@type\":\"SearchAction\",\"target\":{\"@type\":\"EntryPoint\",\"urlTemplate\":\"https:\/\/alliedmineral.com\/es\/?s={search_term_string}\"},\"query-input\":{\"@type\":\"PropertyValueSpecification\",\"valueRequired\":true,\"valueName\":\"search_term_string\"}}],\"inLanguage\":\"es\"}]}<\/script>\n<!-- \/ Yoast SEO plugin. -->","yoast_head_json":{"title":"Refractarios para hornos de cubilote","description":"Refractarios para cubilotes en la fundici\u00f3n y las industrias sider\u00fargicas integradas","robots":{"index":"index","follow":"follow","max-snippet":"max-snippet:-1","max-image-preview":"max-image-preview:large","max-video-preview":"max-video-preview:-1"},"canonical":"https:\/\/alliedmineral.com\/es\/industrias\/fundicion\/cupula\/","og_locale":"es_ES","og_type":"article","og_title":"Refractarios para hornos de cubilote","og_description":"Refractarios para cubilotes en la fundici\u00f3n y las industrias sider\u00fargicas integradas","og_url":"https:\/\/alliedmineral.com\/es\/industrias\/fundicion\/cupula\/","og_site_name":"Allied Mineral Products","article_modified_time":"2025-03-06T14:39:02+00:00","twitter_card":"summary_large_image","twitter_misc":{"Tiempo de lectura":"7 minutos"},"schema":{"@context":"https:\/\/schema.org","@graph":[{"@type":"WebPage","@id":"https:\/\/alliedmineral.com\/es\/industrias\/fundicion\/cupula\/","url":"https:\/\/alliedmineral.com\/es\/industrias\/fundicion\/cupula\/","name":"Refractarios para hornos de cubilote","isPartOf":{"@id":"https:\/\/alliedmineral.com\/es\/#website"},"datePublished":"2023-04-11T17:37:58+00:00","dateModified":"2025-03-06T14:39:02+00:00","description":"Refractarios para cubilotes en la fundici\u00f3n y las industrias sider\u00fargicas integradas","breadcrumb":{"@id":"https:\/\/alliedmineral.com\/es\/industrias\/fundicion\/cupula\/#breadcrumb"},"inLanguage":"es","potentialAction":[{"@type":"ReadAction","target":["https:\/\/alliedmineral.com\/es\/industrias\/fundicion\/cupula\/"]}]},{"@type":"BreadcrumbList","@id":"https:\/\/alliedmineral.com\/es\/industrias\/fundicion\/cupula\/#breadcrumb","itemListElement":[{"@type":"ListItem","position":1,"name":"Home","item":"https:\/\/alliedmineral.com\/es\/"},{"@type":"ListItem","position":2,"name":"Industrias","item":"https:\/\/alliedmineral.com\/es\/industrias\/"},{"@type":"ListItem","position":3,"name":"Fundici\u00f3n","item":"https:\/\/alliedmineral.com\/es\/industrias\/fundicion\/"},{"@type":"ListItem","position":4,"name":"C\u00fapula"}]},{"@type":"WebSite","@id":"https:\/\/alliedmineral.com\/es\/#website","url":"https:\/\/alliedmineral.com\/es\/","name":"Allied Mineral Products","description":"","potentialAction":[{"@type":"SearchAction","target":{"@type":"EntryPoint","urlTemplate":"https:\/\/alliedmineral.com\/es\/?s={search_term_string}"},"query-input":{"@type":"PropertyValueSpecification","valueRequired":true,"valueName":"search_term_string"}}],"inLanguage":"es"}]}},"_links":{"self":[{"href":"https:\/\/alliedmineral.com\/es\/wp-json\/wp\/v2\/pages\/11383","targetHints":{"allow":["GET"]}}],"collection":[{"href":"https:\/\/alliedmineral.com\/es\/wp-json\/wp\/v2\/pages"}],"about":[{"href":"https:\/\/alliedmineral.com\/es\/wp-json\/wp\/v2\/types\/page"}],"author":[{"embeddable":true,"href":"https:\/\/alliedmineral.com\/es\/wp-json\/wp\/v2\/users\/3"}],"replies":[{"embeddable":true,"href":"https:\/\/alliedmineral.com\/es\/wp-json\/wp\/v2\/comments?post=11383"}],"version-history":[{"count":0,"href":"https:\/\/alliedmineral.com\/es\/wp-json\/wp\/v2\/pages\/11383\/revisions"}],"up":[{"embeddable":true,"href":"https:\/\/alliedmineral.com\/es\/wp-json\/wp\/v2\/pages\/11277"}],"wp:attachment":[{"href":"https:\/\/alliedmineral.com\/es\/wp-json\/wp\/v2\/media?parent=11383"}],"curies":[{"name":"wp","href":"https:\/\/api.w.org\/{rel}","templated":true}]}}