{"id":11382,"date":"2023-05-25T18:58:21","date_gmt":"2023-05-25T23:58:21","guid":{"rendered":"https:\/\/alliedmineral.com\/materiales-termicos-e-integrados\/lazos-de-metal-fundido\/"},"modified":"2025-03-06T09:44:58","modified_gmt":"2025-03-06T14:44:58","slug":"formas-para-canal-de-metal-consumibles","status":"publish","type":"page","link":"https:\/\/alliedmineral.com\/es\/asociaciones\/materiales-termicos-e-integrados\/formas-para-canal-de-metal-consumibles\/","title":{"rendered":"FORMAS PARA CANAL DE METAL CONSUMIBLES"},"content":{"rendered":"<div class=\"wpb-content-wrapper\"><p>[vc_row full_width=\u00bbstretch_row\u00bb woodmart_bg_position=\u00bbcenter-bottom\u00bb css=\u00bb.vc_custom_1684333181442{margin-top: -40px !important;padding-top: 10px !important;padding-bottom: 18px !important;background-image: url(https:\/\/alliedmineral.com\/wp-content\/uploads\/2023\/03\/Allied-Minerals-title-1.jpg?id=84) !important;background-position: center !important;background-repeat: no-repeat !important;background-size: cover !important;}\u00bb woodmart_css_id=\u00bb6464e27725146&#8243; responsive_spacing=\u00bbeyJwYXJhbV90eXBlIjoid29vZG1hcnRfcmVzcG9uc2l2ZV9zcGFjaW5nIiwic2VsZWN0b3JfaWQiOiI2NDY0ZTI3NzI1MTQ2Iiwic2hvcnRjb2RlIjoidmNfcm93IiwiZGF0YSI6eyJ0YWJsZXQiOnt9LCJtb2JpbGUiOnt9fX0=\u00bb mobile_bg_img_hidden=\u00bbno\u00bb tablet_bg_img_hidden=\u00bbno\u00bb woodmart_parallax=\u00bb0&#8243; woodmart_gradient_switch=\u00bbno\u00bb woodmart_box_shadow=\u00bbno\u00bb wd_z_index=\u00bbno\u00bb woodmart_disable_overflow=\u00bb0&#8243; row_reverse_mobile=\u00bb0&#8243; row_reverse_tablet=\u00bb0&#8243;][vc_column][vc_custom_heading text=\u00bbFORMAS PARA CANAL DE METAL CONSUMIBLES\u00bb font_container=\u00bbtag:h1|font_size:40|text_align:left|color:%23ffffff|line_height:1&#8243; use_theme_fonts=\u00bbyes\u00bb css_animation=\u00bbfadeInUp\u00bb css=\u00bb.vc_custom_1735586468738{border-bottom-width: 4px !important;padding-bottom: 20px !important;border-bottom-style: solid !important;border-color: #ee7623 !important;}\u00bb el_class=\u00bbpage-title\u00bb][\/vc_column][\/vc_row][vc_row equal_height=\u00bbyes\u00bb content_placement=\u00bbmiddle\u00bb css=\u00bb.vc_custom_1680105536961{padding-top: 80px !important;padding-bottom: 100px !important;}\u00bb woodmart_css_id=\u00bb6424603c44aa3&#8243; responsive_spacing=\u00bbeyJwYXJhbV90eXBlIjoid29vZG1hcnRfcmVzcG9uc2l2ZV9zcGFjaW5nIiwic2VsZWN0b3JfaWQiOiI2NDI0NjAzYzQ0YWEzIiwic2hvcnRjb2RlIjoidmNfcm93IiwiZGF0YSI6eyJ0YWJsZXQiOnt9LCJtb2JpbGUiOnt9fX0=\u00bb mobile_bg_img_hidden=\u00bbno\u00bb tablet_bg_img_hidden=\u00bbno\u00bb woodmart_parallax=\u00bb0&#8243; woodmart_gradient_switch=\u00bbno\u00bb woodmart_box_shadow=\u00bbno\u00bb wd_z_index=\u00bbno\u00bb woodmart_disable_overflow=\u00bb0&#8243; row_reverse_mobile=\u00bb0&#8243; row_reverse_tablet=\u00bb0&#8243;][vc_column css_animation=\u00bbfadeIn\u00bb offset=\u00bbvc_col-md-6&#8243; woodmart_css_id=\u00bb64245f202e99c\u00bb parallax_scroll=\u00bbno\u00bb woodmart_sticky_column=\u00bbfalse\u00bb wd_collapsible_content_switcher=\u00bbno\u00bb wd_column_role_offcanvas_desktop=\u00bbno\u00bb wd_column_role_offcanvas_tablet=\u00bbno\u00bb wd_column_role_offcanvas_mobile=\u00bbno\u00bb wd_column_role_content_desktop=\u00bbno\u00bb wd_column_role_content_tablet=\u00bbno\u00bb wd_column_role_content_mobile=\u00bbno\u00bb mobile_bg_img_hidden=\u00bbno\u00bb tablet_bg_img_hidden=\u00bbno\u00bb woodmart_parallax=\u00bb0&#8243; woodmart_box_shadow=\u00bbno\u00bb responsive_spacing=\u00bbeyJwYXJhbV90eXBlIjoid29vZG1hcnRfcmVzcG9uc2l2ZV9zcGFjaW5nIiwic2VsZWN0b3JfaWQiOiI2NDI0NWYyMDJlOTljIiwic2hvcnRjb2RlIjoidmNfY29sdW1uIiwiZGF0YSI6eyJ0YWJsZXQiOnt9LCJtb2JpbGUiOnt9fX0=\u00bb mobile_reset_margin=\u00bbno\u00bb tablet_reset_margin=\u00bbno\u00bb wd_z_index=\u00bbno\u00bb][vc_single_image image=\u00bb7917&#8243; img_size=\u00bbfull\u00bb alignment=\u00bbcenter\u00bb parallax_scroll=\u00bbno\u00bb woodmart_inline=\u00bbno\u00bb][\/vc_column][vc_column css_animation=\u00bbfadeIn\u00bb offset=\u00bbvc_col-md-6&#8243; woodmart_css_id=\u00bb6476a5c10bb09&#8243; parallax_scroll=\u00bbno\u00bb woodmart_sticky_column=\u00bbfalse\u00bb wd_collapsible_content_switcher=\u00bbno\u00bb wd_column_role_offcanvas_desktop=\u00bbno\u00bb wd_column_role_offcanvas_tablet=\u00bbno\u00bb wd_column_role_offcanvas_mobile=\u00bbno\u00bb wd_column_role_content_desktop=\u00bbno\u00bb wd_column_role_content_tablet=\u00bbno\u00bb wd_column_role_content_mobile=\u00bbno\u00bb mobile_bg_img_hidden=\u00bbno\u00bb tablet_bg_img_hidden=\u00bbno\u00bb woodmart_parallax=\u00bb0&#8243; woodmart_box_shadow=\u00bbno\u00bb responsive_spacing=\u00bbeyJwYXJhbV90eXBlIjoid29vZG1hcnRfcmVzcG9uc2l2ZV9zcGFjaW5nIiwic2VsZWN0b3JfaWQiOiI2NDc2YTVjMTBiYjA5Iiwic2hvcnRjb2RlIjoidmNfY29sdW1uIiwiZGF0YSI6eyJ0YWJsZXQiOnsicGFkZGluZy1sZWZ0IjoiMTUifSwibW9iaWxlIjp7fX19&#8243; mobile_reset_margin=\u00bbno\u00bb tablet_reset_margin=\u00bbno\u00bb wd_z_index=\u00bbno\u00bb css=\u00bb.vc_custom_1685497286031{padding-left: 10% !important;}\u00bb][vc_column_text css=\u00bb\u00bb woodmart_inline=\u00bbno\u00bb text_larger=\u00bbno\u00bb]<strong>Las formas de acero fundido de Allied contribuyen a un rendimiento constante del inductor.<\/strong><\/p>\n<p>Almacenamos formas para revestimiento de inductores de canal de bucles para revestimientos inductores de repuesto entre tres de nuestras sedes, lo que nos permite organizar entregas de emergencia en cualquier momento. Allied cuenta con una gran experiencia en la instalaci\u00f3n y el mantenimiento de inductores, as\u00ed como con los conocimientos de ingenier\u00eda necesarios para recomendar las formas adecuadas.<\/p>\n<p>Las formas de metal consumible para inductores de horno de canal est\u00e1n disponibles en varios dise\u00f1os y se normalizan y someten a pruebas de calidad antes de su env\u00edo.[\/vc_column_text][\/vc_column][\/vc_row]<\/p>\n<\/div>","protected":false},"excerpt":{"rendered":"<p>[vc_row full_width=\u00bbstretch_row\u00bb woodmart_bg_position=\u00bbcenter-bottom\u00bb css=\u00bb.vc_custom_1684333181442{margin-top: -40px !important;padding-top: 10px !important;padding-bottom: 18px !important;background-image: url(https:\/\/alliedmineral.com\/wp-content\/uploads\/2023\/03\/Allied-Minerals-title-1.jpg?id=84) !important;background-position: center !important;background-repeat: no-repeat !important;background-size: cover !important;}\u00bb woodmart_css_id=\u00bb6464e27725146&#8243; responsive_spacing=\u00bbeyJwYXJhbV90eXBlIjoid29vZG1hcnRfcmVzcG9uc2l2ZV9zcGFjaW5nIiwic2VsZWN0b3JfaWQiOiI2NDY0ZTI3NzI1MTQ2Iiwic2hvcnRjb2RlIjoidmNfcm93IiwiZGF0YSI6eyJ0YWJsZXQiOnt9LCJtb2JpbGUiOnt9fX0=\u00bb<\/p>\n","protected":false},"author":3,"featured_media":0,"parent":11343,"menu_order":0,"comment_status":"closed","ping_status":"closed","template":"","meta":{"content-type":"","footnotes":""},"class_list":["post-11382","page","type-page","status-publish","hentry"],"yoast_head":"<!-- This site is optimized with the Yoast SEO plugin v25.7 - https:\/\/yoast.com\/wordpress\/plugins\/seo\/ -->\n<title>FORMAS PARA CANAL DE METAL CONSUMIBLES - Allied Mineral Products<\/title>\n<meta name=\"robots\" content=\"index, follow, max-snippet:-1, max-image-preview:large, max-video-preview:-1\" \/>\n<link rel=\"canonical\" href=\"https:\/\/alliedmineral.com\/es\/asociaciones\/materiales-termicos-e-integrados\/formas-para-canal-de-metal-consumibles\/\" \/>\n<meta property=\"og:locale\" content=\"es_ES\" \/>\n<meta property=\"og:type\" content=\"article\" \/>\n<meta property=\"og:title\" content=\"FORMAS PARA CANAL DE METAL CONSUMIBLES - Allied Mineral Products\" \/>\n<meta property=\"og:description\" content=\"[vc_row full_width=\u00bbstretch_row\u00bb woodmart_bg_position=\u00bbcenter-bottom\u00bb css=\u00bb.vc_custom_1684333181442{margin-top: -40px !important;padding-top: 10px !important;padding-bottom: 18px !important;background-image: url(https:\/\/alliedmineral.com\/wp-content\/uploads\/2023\/03\/Allied-Minerals-title-1.jpg?id=84) !important;background-position: center !important;background-repeat: no-repeat !important;background-size: cover !important;}\u00bb woodmart_css_id=\u00bb6464e27725146&#8243; responsive_spacing=\u00bbeyJwYXJhbV90eXBlIjoid29vZG1hcnRfcmVzcG9uc2l2ZV9zcGFjaW5nIiwic2VsZWN0b3JfaWQiOiI2NDY0ZTI3NzI1MTQ2Iiwic2hvcnRjb2RlIjoidmNfcm93IiwiZGF0YSI6eyJ0YWJsZXQiOnt9LCJtb2JpbGUiOnt9fX0=\u00bb\" \/>\n<meta property=\"og:url\" content=\"https:\/\/alliedmineral.com\/es\/asociaciones\/materiales-termicos-e-integrados\/formas-para-canal-de-metal-consumibles\/\" \/>\n<meta property=\"og:site_name\" content=\"Allied Mineral Products\" \/>\n<meta property=\"article:modified_time\" content=\"2025-03-06T14:44:58+00:00\" \/>\n<meta name=\"twitter:card\" content=\"summary_large_image\" \/>\n<meta name=\"twitter:label1\" content=\"Tiempo de lectura\" \/>\n\t<meta name=\"twitter:data1\" content=\"2 minutos\" \/>\n<script type=\"application\/ld+json\" class=\"yoast-schema-graph\">{\"@context\":\"https:\/\/schema.org\",\"@graph\":[{\"@type\":\"WebPage\",\"@id\":\"https:\/\/alliedmineral.com\/es\/asociaciones\/materiales-termicos-e-integrados\/formas-para-canal-de-metal-consumibles\/\",\"url\":\"https:\/\/alliedmineral.com\/es\/asociaciones\/materiales-termicos-e-integrados\/formas-para-canal-de-metal-consumibles\/\",\"name\":\"FORMAS PARA CANAL DE METAL CONSUMIBLES - Allied Mineral Products\",\"isPartOf\":{\"@id\":\"https:\/\/alliedmineral.com\/es\/#website\"},\"datePublished\":\"2023-05-25T23:58:21+00:00\",\"dateModified\":\"2025-03-06T14:44:58+00:00\",\"breadcrumb\":{\"@id\":\"https:\/\/alliedmineral.com\/es\/asociaciones\/materiales-termicos-e-integrados\/formas-para-canal-de-metal-consumibles\/#breadcrumb\"},\"inLanguage\":\"es\",\"potentialAction\":[{\"@type\":\"ReadAction\",\"target\":[\"https:\/\/alliedmineral.com\/es\/asociaciones\/materiales-termicos-e-integrados\/formas-para-canal-de-metal-consumibles\/\"]}]},{\"@type\":\"BreadcrumbList\",\"@id\":\"https:\/\/alliedmineral.com\/es\/asociaciones\/materiales-termicos-e-integrados\/formas-para-canal-de-metal-consumibles\/#breadcrumb\",\"itemListElement\":[{\"@type\":\"ListItem\",\"position\":1,\"name\":\"Home\",\"item\":\"https:\/\/alliedmineral.com\/es\/\"},{\"@type\":\"ListItem\",\"position\":2,\"name\":\"Asociaciones\",\"item\":\"https:\/\/alliedmineral.com\/es\/asociaciones\/\"},{\"@type\":\"ListItem\",\"position\":3,\"name\":\"Materiales t\u00e9rmicos e integrados\",\"item\":\"https:\/\/alliedmineral.com\/es\/asociaciones\/materiales-termicos-e-integrados\/\"},{\"@type\":\"ListItem\",\"position\":4,\"name\":\"FORMAS PARA CANAL DE METAL CONSUMIBLES\"}]},{\"@type\":\"WebSite\",\"@id\":\"https:\/\/alliedmineral.com\/es\/#website\",\"url\":\"https:\/\/alliedmineral.com\/es\/\",\"name\":\"Allied Mineral Products\",\"description\":\"\",\"potentialAction\":[{\"@type\":\"SearchAction\",\"target\":{\"@type\":\"EntryPoint\",\"urlTemplate\":\"https:\/\/alliedmineral.com\/es\/?s={search_term_string}\"},\"query-input\":{\"@type\":\"PropertyValueSpecification\",\"valueRequired\":true,\"valueName\":\"search_term_string\"}}],\"inLanguage\":\"es\"}]}<\/script>\n<!-- \/ Yoast SEO plugin. -->","yoast_head_json":{"title":"FORMAS PARA CANAL DE METAL CONSUMIBLES - Allied Mineral Products","robots":{"index":"index","follow":"follow","max-snippet":"max-snippet:-1","max-image-preview":"max-image-preview:large","max-video-preview":"max-video-preview:-1"},"canonical":"https:\/\/alliedmineral.com\/es\/asociaciones\/materiales-termicos-e-integrados\/formas-para-canal-de-metal-consumibles\/","og_locale":"es_ES","og_type":"article","og_title":"FORMAS PARA CANAL DE METAL CONSUMIBLES - Allied Mineral Products","og_description":"[vc_row full_width=\u00bbstretch_row\u00bb woodmart_bg_position=\u00bbcenter-bottom\u00bb css=\u00bb.vc_custom_1684333181442{margin-top: -40px !important;padding-top: 10px !important;padding-bottom: 18px !important;background-image: url(https:\/\/alliedmineral.com\/wp-content\/uploads\/2023\/03\/Allied-Minerals-title-1.jpg?id=84) !important;background-position: center !important;background-repeat: no-repeat !important;background-size: cover !important;}\u00bb woodmart_css_id=\u00bb6464e27725146&#8243; responsive_spacing=\u00bbeyJwYXJhbV90eXBlIjoid29vZG1hcnRfcmVzcG9uc2l2ZV9zcGFjaW5nIiwic2VsZWN0b3JfaWQiOiI2NDY0ZTI3NzI1MTQ2Iiwic2hvcnRjb2RlIjoidmNfcm93IiwiZGF0YSI6eyJ0YWJsZXQiOnt9LCJtb2JpbGUiOnt9fX0=\u00bb","og_url":"https:\/\/alliedmineral.com\/es\/asociaciones\/materiales-termicos-e-integrados\/formas-para-canal-de-metal-consumibles\/","og_site_name":"Allied Mineral Products","article_modified_time":"2025-03-06T14:44:58+00:00","twitter_card":"summary_large_image","twitter_misc":{"Tiempo de lectura":"2 minutos"},"schema":{"@context":"https:\/\/schema.org","@graph":[{"@type":"WebPage","@id":"https:\/\/alliedmineral.com\/es\/asociaciones\/materiales-termicos-e-integrados\/formas-para-canal-de-metal-consumibles\/","url":"https:\/\/alliedmineral.com\/es\/asociaciones\/materiales-termicos-e-integrados\/formas-para-canal-de-metal-consumibles\/","name":"FORMAS PARA CANAL DE METAL CONSUMIBLES - Allied Mineral Products","isPartOf":{"@id":"https:\/\/alliedmineral.com\/es\/#website"},"datePublished":"2023-05-25T23:58:21+00:00","dateModified":"2025-03-06T14:44:58+00:00","breadcrumb":{"@id":"https:\/\/alliedmineral.com\/es\/asociaciones\/materiales-termicos-e-integrados\/formas-para-canal-de-metal-consumibles\/#breadcrumb"},"inLanguage":"es","potentialAction":[{"@type":"ReadAction","target":["https:\/\/alliedmineral.com\/es\/asociaciones\/materiales-termicos-e-integrados\/formas-para-canal-de-metal-consumibles\/"]}]},{"@type":"BreadcrumbList","@id":"https:\/\/alliedmineral.com\/es\/asociaciones\/materiales-termicos-e-integrados\/formas-para-canal-de-metal-consumibles\/#breadcrumb","itemListElement":[{"@type":"ListItem","position":1,"name":"Home","item":"https:\/\/alliedmineral.com\/es\/"},{"@type":"ListItem","position":2,"name":"Asociaciones","item":"https:\/\/alliedmineral.com\/es\/asociaciones\/"},{"@type":"ListItem","position":3,"name":"Materiales t\u00e9rmicos e integrados","item":"https:\/\/alliedmineral.com\/es\/asociaciones\/materiales-termicos-e-integrados\/"},{"@type":"ListItem","position":4,"name":"FORMAS PARA CANAL DE METAL CONSUMIBLES"}]},{"@type":"WebSite","@id":"https:\/\/alliedmineral.com\/es\/#website","url":"https:\/\/alliedmineral.com\/es\/","name":"Allied Mineral Products","description":"","potentialAction":[{"@type":"SearchAction","target":{"@type":"EntryPoint","urlTemplate":"https:\/\/alliedmineral.com\/es\/?s={search_term_string}"},"query-input":{"@type":"PropertyValueSpecification","valueRequired":true,"valueName":"search_term_string"}}],"inLanguage":"es"}]}},"_links":{"self":[{"href":"https:\/\/alliedmineral.com\/es\/wp-json\/wp\/v2\/pages\/11382","targetHints":{"allow":["GET"]}}],"collection":[{"href":"https:\/\/alliedmineral.com\/es\/wp-json\/wp\/v2\/pages"}],"about":[{"href":"https:\/\/alliedmineral.com\/es\/wp-json\/wp\/v2\/types\/page"}],"author":[{"embeddable":true,"href":"https:\/\/alliedmineral.com\/es\/wp-json\/wp\/v2\/users\/3"}],"replies":[{"embeddable":true,"href":"https:\/\/alliedmineral.com\/es\/wp-json\/wp\/v2\/comments?post=11382"}],"version-history":[{"count":0,"href":"https:\/\/alliedmineral.com\/es\/wp-json\/wp\/v2\/pages\/11382\/revisions"}],"up":[{"embeddable":true,"href":"https:\/\/alliedmineral.com\/es\/wp-json\/wp\/v2\/pages\/11343"}],"wp:attachment":[{"href":"https:\/\/alliedmineral.com\/es\/wp-json\/wp\/v2\/media?parent=11382"}],"curies":[{"name":"wp","href":"https:\/\/api.w.org\/{rel}","templated":true}]}}