{"id":11379,"date":"2023-05-18T11:47:17","date_gmt":"2023-05-18T16:47:17","guid":{"rendered":"https:\/\/alliedmineral.com\/materiales-termicos-e-integrados\/bnz\/"},"modified":"2025-03-06T09:44:57","modified_gmt":"2025-03-06T14:44:57","slug":"bnz","status":"publish","type":"page","link":"https:\/\/alliedmineral.com\/es\/asociaciones\/materiales-termicos-e-integrados\/bnz\/","title":{"rendered":"BNZ"},"content":{"rendered":"<div class=\"wpb-content-wrapper\"><p>[vc_row full_width=\u00bbstretch_row\u00bb woodmart_bg_position=\u00bbcenter-bottom\u00bb css=\u00bb.vc_custom_1684333181442{margin-top: -40px !important;padding-top: 10px !important;padding-bottom: 18px !important;background-image: url(https:\/\/alliedmineral.com\/wp-content\/uploads\/2023\/03\/Allied-Minerals-title-1.jpg?id=84) !important;background-position: center !important;background-repeat: no-repeat !important;background-size: cover !important;}\u00bb woodmart_css_id=\u00bb6464e27725146&#8243; responsive_spacing=\u00bbeyJwYXJhbV90eXBlIjoid29vZG1hcnRfcmVzcG9uc2l2ZV9zcGFjaW5nIiwic2VsZWN0b3JfaWQiOiI2NDY0ZTI3NzI1MTQ2Iiwic2hvcnRjb2RlIjoidmNfcm93IiwiZGF0YSI6eyJ0YWJsZXQiOnt9LCJtb2JpbGUiOnt9fX0=\u00bb mobile_bg_img_hidden=\u00bbno\u00bb tablet_bg_img_hidden=\u00bbno\u00bb woodmart_parallax=\u00bb0&#8243; woodmart_gradient_switch=\u00bbno\u00bb woodmart_box_shadow=\u00bbno\u00bb wd_z_index=\u00bbno\u00bb woodmart_disable_overflow=\u00bb0&#8243; row_reverse_mobile=\u00bb0&#8243; row_reverse_tablet=\u00bb0&#8243;][vc_column][vc_custom_heading text=\u00bbProducto aislante de ladrillo refractario de la serie Allied-BNZ\u00bb font_container=\u00bbtag:h1|font_size:40|text_align:left|color:%23ffffff|line_height:1&#8243; use_theme_fonts=\u00bbyes\u00bb css_animation=\u00bbfadeInUp\u00bb css=\u00bb.vc_custom_1684428427999{border-bottom-width: 4px !important;padding-bottom: 20px !important;border-bottom-color: #ee7623 !important;border-bottom-style: solid !important;}\u00bb el_class=\u00bbpage-title\u00bb][\/vc_column][\/vc_row][vc_row equal_height=\u00bbyes\u00bb content_placement=\u00bbmiddle\u00bb css=\u00bb.vc_custom_1684428450453{padding-top: 80px !important;padding-bottom: 30px !important;}\u00bb woodmart_css_id=\u00bb6466569dd9f50&#8243; responsive_spacing=\u00bbeyJwYXJhbV90eXBlIjoid29vZG1hcnRfcmVzcG9uc2l2ZV9zcGFjaW5nIiwic2VsZWN0b3JfaWQiOiI2NDY2NTY5ZGQ5ZjUwIiwic2hvcnRjb2RlIjoidmNfcm93IiwiZGF0YSI6eyJ0YWJsZXQiOnt9LCJtb2JpbGUiOnt9fX0=\u00bb mobile_bg_img_hidden=\u00bbno\u00bb tablet_bg_img_hidden=\u00bbno\u00bb woodmart_parallax=\u00bb0&#8243; woodmart_gradient_switch=\u00bbno\u00bb woodmart_box_shadow=\u00bbno\u00bb wd_z_index=\u00bbno\u00bb woodmart_disable_overflow=\u00bb0&#8243; row_reverse_mobile=\u00bb0&#8243; row_reverse_tablet=\u00bb0&#8243;][vc_column css_animation=\u00bbfadeIn\u00bb offset=\u00bbvc_col-md-6&#8243; woodmart_css_id=\u00bb64245f202e99c\u00bb parallax_scroll=\u00bbno\u00bb woodmart_sticky_column=\u00bbfalse\u00bb wd_collapsible_content_switcher=\u00bbno\u00bb wd_column_role_offcanvas_desktop=\u00bbno\u00bb wd_column_role_offcanvas_tablet=\u00bbno\u00bb wd_column_role_offcanvas_mobile=\u00bbno\u00bb wd_column_role_content_desktop=\u00bbno\u00bb wd_column_role_content_tablet=\u00bbno\u00bb wd_column_role_content_mobile=\u00bbno\u00bb mobile_bg_img_hidden=\u00bbno\u00bb tablet_bg_img_hidden=\u00bbno\u00bb woodmart_parallax=\u00bb0&#8243; woodmart_box_shadow=\u00bbno\u00bb responsive_spacing=\u00bbeyJwYXJhbV90eXBlIjoid29vZG1hcnRfcmVzcG9uc2l2ZV9zcGFjaW5nIiwic2VsZWN0b3JfaWQiOiI2NDI0NWYyMDJlOTljIiwic2hvcnRjb2RlIjoidmNfY29sdW1uIiwiZGF0YSI6eyJ0YWJsZXQiOnt9LCJtb2JpbGUiOnt9fX0=\u00bb mobile_reset_margin=\u00bbno\u00bb tablet_reset_margin=\u00bbno\u00bb wd_z_index=\u00bbno\u00bb][vc_single_image image=\u00bb7730&#8243; img_size=\u00bbfull\u00bb alignment=\u00bbcenter\u00bb parallax_scroll=\u00bbno\u00bb woodmart_inline=\u00bbno\u00bb][\/vc_column][vc_column css_animation=\u00bbfadeIn\u00bb offset=\u00bbvc_col-md-6&#8243; woodmart_css_id=\u00bb6476a42fbc521&#8243; parallax_scroll=\u00bbno\u00bb woodmart_sticky_column=\u00bbfalse\u00bb wd_collapsible_content_switcher=\u00bbno\u00bb wd_column_role_offcanvas_desktop=\u00bbno\u00bb wd_column_role_offcanvas_tablet=\u00bbno\u00bb wd_column_role_offcanvas_mobile=\u00bbno\u00bb wd_column_role_content_desktop=\u00bbno\u00bb wd_column_role_content_tablet=\u00bbno\u00bb wd_column_role_content_mobile=\u00bbno\u00bb mobile_bg_img_hidden=\u00bbno\u00bb tablet_bg_img_hidden=\u00bbno\u00bb woodmart_parallax=\u00bb0&#8243; woodmart_box_shadow=\u00bbno\u00bb responsive_spacing=\u00bbeyJwYXJhbV90eXBlIjoid29vZG1hcnRfcmVzcG9uc2l2ZV9zcGFjaW5nIiwic2VsZWN0b3JfaWQiOiI2NDc2YTQyZmJjNTIxIiwic2hvcnRjb2RlIjoidmNfY29sdW1uIiwiZGF0YSI6eyJ0YWJsZXQiOnsicGFkZGluZy1sZWZ0IjoiMTUifSwibW9iaWxlIjp7fX19&#8243; mobile_reset_margin=\u00bbno\u00bb tablet_reset_margin=\u00bbno\u00bb wd_z_index=\u00bbno\u00bb css=\u00bb.vc_custom_1685496885372{padding-left: 10% !important;}\u00bb][vc_column_text css=\u00bb\u00bb woodmart_inline=\u00bbno\u00bb text_larger=\u00bbno\u00bb]<strong>VENTAJAS DEL LADRILLO AISLANTE (IFB):<\/strong><\/p>\n<ul>\n<li><strong>Alto valor aislante: <\/strong>el peso ligero y el alto valor aislante de BNZ IFB permiten reducir el grosor de las paredes del horno, mejorar la eficiencia y reducir los costes de funcionamiento.<br \/>\ncostes.<\/li>\n<li><strong>Fuerte<\/strong>: La alta resistencia a la compresi\u00f3n del IFB permite estructuras autoportantes a temperaturas elevadas. Los IFB son compatibles con el ladrillo refractario denso y a\u00f1aden resistencia a toda la construcci\u00f3n.<\/li>\n<li><strong>Bajo almacenamiento de calor<\/strong>: el menor almacenamiento de calor en comparaci\u00f3n con el ladrillo denso supone una reducci\u00f3n de los costes de combustible y un calentamiento m\u00e1s r\u00e1pido en equipos de calefacci\u00f3n de funcionamiento c\u00edclico.<\/li>\n<li><strong>Los IFB de alta pureza<\/strong>: BNZ tienen un bajo contenido de impurezas como el hierro, que puede afectar negativamente al rendimiento de los refractarios en muchas aplicaciones. Se utilizan en muchos hornos con atm\u00f3sfera controlada.<\/li>\n<\/ul>\n<p>[\/vc_column_text][\/vc_column][\/vc_row][vc_row equal_height=\u00bbyes\u00bb content_placement=\u00bbmiddle\u00bb responsive_tabs_advanced=\u00bbmobile\u00bb css=\u00bb.vc_custom_1685496906526{padding-top: 30px !important;padding-bottom: 100px !important;}\u00bb woodmart_css_id=\u00bb6476a4435591b\u00bb responsive_spacing=\u00bbeyJwYXJhbV90eXBlIjoid29vZG1hcnRfcmVzcG9uc2l2ZV9zcGFjaW5nIiwic2VsZWN0b3JfaWQiOiI2NDc2YTQ0MzU1OTFiIiwic2hvcnRjb2RlIjoidmNfcm93IiwiZGF0YSI6eyJ0YWJsZXQiOnt9LCJtb2JpbGUiOnt9fX0=\u00bb mobile_bg_img_hidden=\u00bbno\u00bb tablet_bg_img_hidden=\u00bbno\u00bb woodmart_parallax=\u00bb0&#8243; woodmart_gradient_switch=\u00bbno\u00bb woodmart_box_shadow=\u00bbno\u00bb wd_z_index=\u00bbno\u00bb woodmart_disable_overflow=\u00bb0&#8243; row_reverse_mobile=\u00bb1&#8243; row_reverse_tablet=\u00bb1&#8243;][vc_column css_animation=\u00bbfadeIn\u00bb offset=\u00bbvc_col-md-6&#8243; woodmart_css_id=\u00bb6476a437e2182&#8243; parallax_scroll=\u00bbno\u00bb woodmart_sticky_column=\u00bbfalse\u00bb wd_collapsible_content_switcher=\u00bbno\u00bb wd_column_role_offcanvas_desktop=\u00bbno\u00bb wd_column_role_offcanvas_tablet=\u00bbno\u00bb wd_column_role_offcanvas_mobile=\u00bbno\u00bb wd_column_role_content_desktop=\u00bbno\u00bb wd_column_role_content_tablet=\u00bbno\u00bb wd_column_role_content_mobile=\u00bbno\u00bb mobile_bg_img_hidden=\u00bbno\u00bb tablet_bg_img_hidden=\u00bbno\u00bb woodmart_parallax=\u00bb0&#8243; woodmart_box_shadow=\u00bbno\u00bb responsive_spacing=\u00bbeyJwYXJhbV90eXBlIjoid29vZG1hcnRfcmVzcG9uc2l2ZV9zcGFjaW5nIiwic2VsZWN0b3JfaWQiOiI2NDc2YTQzN2UyMTgyIiwic2hvcnRjb2RlIjoidmNfY29sdW1uIiwiZGF0YSI6eyJ0YWJsZXQiOnsicGFkZGluZy1yaWdodCI6IjE1In0sIm1vYmlsZSI6e319fQ==\u00bb mobile_reset_margin=\u00bbno\u00bb tablet_reset_margin=\u00bbno\u00bb wd_z_index=\u00bbno\u00bb css=\u00bb.vc_custom_1685496895058{padding-right: 10% !important;}\u00bb][vc_column_text woodmart_inline=\u00bbno\u00bb text_larger=\u00bbno\u00bb]<strong>AMP OFRECE:<\/strong><\/p>\n<ul>\n<li><strong>AMP-23 <\/strong>es el IFB tradicional de 2300\u00b0 fabricado por BNZ. Tiene un historial de excelente servicio en dise\u00f1os de arcos suspendidos en condiciones de ciclismo.<\/li>\n<li><strong>AMP-23 HS <\/strong>es un grado ASTM 23 de alta resistencia para aplicaciones en las que se requiere un ladrillo m\u00e1s resistente que el 23 tradicional.<\/li>\n<li><strong>AMP-26 <\/strong>es el grado 26 est\u00e1ndar de ASTM.<\/li>\n<li><strong>AMP-28 <\/strong>es el tradicional grado 28 de ASTM.<\/li>\n<li><strong>AMP-3000 <\/strong>ha sido durante mucho tiempo el est\u00e1ndar para el verdadero ladrillo ASTM Grado 30. Su baja contracci\u00f3n por recalentamiento a una temperatura de prueba de 2950 \u00b0F es un indicio de su capacidad para tolerar excursiones por encima de las temperaturas normales de funcionamiento en aplicaciones como los hornos de recocido de bandas.<\/li>\n<\/ul>\n<p>[\/vc_column_text]<div id=\"wd-647648d9811f7\" class=\" wd-rs-647648d9811f7  wd-button-wrapper text-left\"><a href=\"\/wp-content\/uploads\/2023\/05\/AMP-Series-BNZ-IFB-1.pdf\" title=\"BNZ\" target=\"_blank\" class=\"btn btn-color-alt btn-style-default btn-style-rectangle btn-size-default\">DESCARGAR PDF<\/a><\/div>[\/vc_column][vc_column css_animation=\u00bbfadeIn\u00bb offset=\u00bbvc_col-md-6&#8243; woodmart_css_id=\u00bb64245f202e99c\u00bb parallax_scroll=\u00bbno\u00bb woodmart_sticky_column=\u00bbfalse\u00bb wd_collapsible_content_switcher=\u00bbno\u00bb wd_column_role_offcanvas_desktop=\u00bbno\u00bb wd_column_role_offcanvas_tablet=\u00bbno\u00bb wd_column_role_offcanvas_mobile=\u00bbno\u00bb wd_column_role_content_desktop=\u00bbno\u00bb wd_column_role_content_tablet=\u00bbno\u00bb wd_column_role_content_mobile=\u00bbno\u00bb mobile_bg_img_hidden=\u00bbno\u00bb tablet_bg_img_hidden=\u00bbno\u00bb woodmart_parallax=\u00bb0&#8243; woodmart_box_shadow=\u00bbno\u00bb responsive_spacing=\u00bbeyJwYXJhbV90eXBlIjoid29vZG1hcnRfcmVzcG9uc2l2ZV9zcGFjaW5nIiwic2VsZWN0b3JfaWQiOiI2NDI0NWYyMDJlOTljIiwic2hvcnRjb2RlIjoidmNfY29sdW1uIiwiZGF0YSI6eyJ0YWJsZXQiOnt9LCJtb2JpbGUiOnt9fX0=\u00bb mobile_reset_margin=\u00bbno\u00bb tablet_reset_margin=\u00bbno\u00bb wd_z_index=\u00bbno\u00bb][vc_single_image image=\u00bb7731&#8243; img_size=\u00bbfull\u00bb alignment=\u00bbcenter\u00bb parallax_scroll=\u00bbno\u00bb woodmart_inline=\u00bbno\u00bb][\/vc_column][\/vc_row][vc_row full_width=\u00bbstretch_row\u00bb equal_height=\u00bbyes\u00bb css=\u00bb.vc_custom_1685496918558{margin-bottom: -40px !important;padding-top: 100px !important;padding-bottom: 100px !important;}\u00bb woodmart_css_id=\u00bb6476a44d57476&#8243; responsive_spacing=\u00bbeyJwYXJhbV90eXBlIjoid29vZG1hcnRfcmVzcG9uc2l2ZV9zcGFjaW5nIiwic2VsZWN0b3JfaWQiOiI2NDc2YTQ0ZDU3NDc2Iiwic2hvcnRjb2RlIjoidmNfcm93IiwiZGF0YSI6eyJ0YWJsZXQiOnsicGFkZGluZy1yaWdodCI6IjM1IiwicGFkZGluZy1sZWZ0IjoiMzUifSwibW9iaWxlIjp7InBhZGRpbmctdG9wIjoiNTAiLCJwYWRkaW5nLWJvdHRvbSI6IjUwIn19fQ==\u00bb mobile_bg_img_hidden=\u00bbno\u00bb tablet_bg_img_hidden=\u00bbno\u00bb woodmart_parallax=\u00bb0&#8243; woodmart_gradient_switch=\u00bbyes\u00bb woodmart_box_shadow=\u00bbno\u00bb wd_z_index=\u00bbno\u00bb woodmart_disable_overflow=\u00bb0&#8243; row_reverse_mobile=\u00bb0&#8243; row_reverse_tablet=\u00bb0&#8243; woodmart_color_gradient=\u00bbrgb(221, 117, 39)-0\/rgb(0, 0, 0)-100\/|linear-gradient(top , rgb(221, 117, 39) , rgb(0, 0, 0) 100%)|linear|top\u00bb][vc_column css=\u00bb.vc_custom_1680106105116{margin-bottom: 0px !important;padding-bottom: 25px !important;background-color: #92412b !important;}\u00bb woodmart_css_id=\u00bb642462726b593&#8243; parallax_scroll=\u00bbno\u00bb woodmart_sticky_column=\u00bbfalse\u00bb wd_collapsible_content_switcher=\u00bbno\u00bb wd_column_role_offcanvas_desktop=\u00bbno\u00bb wd_column_role_offcanvas_tablet=\u00bbno\u00bb wd_column_role_offcanvas_mobile=\u00bbno\u00bb wd_column_role_content_desktop=\u00bbno\u00bb wd_column_role_content_tablet=\u00bbno\u00bb wd_column_role_content_mobile=\u00bbno\u00bb mobile_bg_img_hidden=\u00bbno\u00bb tablet_bg_img_hidden=\u00bbno\u00bb woodmart_parallax=\u00bb0&#8243; woodmart_box_shadow=\u00bbno\u00bb responsive_spacing=\u00bbeyJwYXJhbV90eXBlIjoid29vZG1hcnRfcmVzcG9uc2l2ZV9zcGFjaW5nIiwic2VsZWN0b3JfaWQiOiI2NDI0NjI3MjZiNTkzIiwic2hvcnRjb2RlIjoidmNfY29sdW1uIiwiZGF0YSI6eyJ0YWJsZXQiOnt9LCJtb2JpbGUiOnt9fX0=\u00bb mobile_reset_margin=\u00bbno\u00bb tablet_reset_margin=\u00bbno\u00bb wd_z_index=\u00bbno\u00bb][vc_custom_heading text=\u00bbDETALLES DEL MATERIAL\u00bb font_container=\u00bbtag:h2|text_align:center|color:%23ffffff|line_height:1&#8243; use_theme_fonts=\u00bbyes\u00bb css=\u00bb.vc_custom_1680105781030{margin-bottom: 5px !important;}\u00bb][\/vc_column][vc_column css=\u00bb.vc_custom_1680106740193{margin-top: 0px !important;padding-top: 50px !important;padding-right: 120px !important;padding-bottom: 50px !important;padding-left: 120px !important;background-color: #ffffff !important;}\u00bb woodmart_css_id=\u00bb642464e8dbd6f\u00bb parallax_scroll=\u00bbno\u00bb woodmart_sticky_column=\u00bbfalse\u00bb wd_collapsible_content_switcher=\u00bbno\u00bb wd_column_role_offcanvas_desktop=\u00bbno\u00bb wd_column_role_offcanvas_tablet=\u00bbno\u00bb wd_column_role_offcanvas_mobile=\u00bbno\u00bb wd_column_role_content_desktop=\u00bbno\u00bb wd_column_role_content_tablet=\u00bbno\u00bb wd_column_role_content_mobile=\u00bbno\u00bb mobile_bg_img_hidden=\u00bbno\u00bb tablet_bg_img_hidden=\u00bbno\u00bb woodmart_parallax=\u00bb0&#8243; woodmart_box_shadow=\u00bbno\u00bb responsive_spacing=\u00bbeyJwYXJhbV90eXBlIjoid29vZG1hcnRfcmVzcG9uc2l2ZV9zcGFjaW5nIiwic2VsZWN0b3JfaWQiOiI2NDI0NjRlOGRiZDZmIiwic2hvcnRjb2RlIjoidmNfY29sdW1uIiwiZGF0YSI6eyJ0YWJsZXQiOnsicGFkZGluZy1yaWdodCI6IjIxIiwicGFkZGluZy1sZWZ0IjoiMjEifSwibW9iaWxlIjp7InBhZGRpbmctcmlnaHQiOiIyMSIsInBhZGRpbmctbGVmdCI6IjIxIn19fQ==\u00bb mobile_reset_margin=\u00bbno\u00bb tablet_reset_margin=\u00bbno\u00bb wd_z_index=\u00bbno\u00bb][vc_tta_accordion style=\u00bbmodern\u00bb shape=\u00bbsquare\u00bb color=\u00bbwhite\u00bb active_section=\u00bb-1&#8243; no_fill=\u00bbtrue\u00bb collapsible_all=\u00bbtrue\u00bb el_id=\u00bbproduct-category-pg\u00bb][vc_tta_section title=\u00bbAPLICACIONES T\u00cdPICAS\u00bb tab_id=\u00bbtypical-applications\u00bb][vc_column_text woodmart_inline=\u00bbno\u00bb text_larger=\u00bbno\u00bb]<\/p>\n<ul>\n<li>Recomendado para uso como revestimiento refractario primario de cara caliente o como aislamiento de apoyo detr\u00e1s de otros refractarios en hornos, chimeneas, hornos y equipos industriales similares de alta temperatura.<\/li>\n<\/ul>\n<p>[\/vc_column_text][\/vc_tta_section][\/vc_tta_accordion][\/vc_column][\/vc_row]<\/p>\n<\/div>","protected":false},"excerpt":{"rendered":"<p>[vc_row full_width=\u00bbstretch_row\u00bb woodmart_bg_position=\u00bbcenter-bottom\u00bb css=\u00bb.vc_custom_1684333181442{margin-top: -40px !important;padding-top: 10px !important;padding-bottom: 18px !important;background-image: url(https:\/\/alliedmineral.com\/wp-content\/uploads\/2023\/03\/Allied-Minerals-title-1.jpg?id=84) !important;background-position: center !important;background-repeat: no-repeat !important;background-size: cover !important;}\u00bb woodmart_css_id=\u00bb6464e27725146&#8243; responsive_spacing=\u00bbeyJwYXJhbV90eXBlIjoid29vZG1hcnRfcmVzcG9uc2l2ZV9zcGFjaW5nIiwic2VsZWN0b3JfaWQiOiI2NDY0ZTI3NzI1MTQ2Iiwic2hvcnRjb2RlIjoidmNfcm93IiwiZGF0YSI6eyJ0YWJsZXQiOnt9LCJtb2JpbGUiOnt9fX0=\u00bb<\/p>\n","protected":false},"author":3,"featured_media":0,"parent":11343,"menu_order":0,"comment_status":"closed","ping_status":"closed","template":"","meta":{"content-type":"","footnotes":""},"class_list":["post-11379","page","type-page","status-publish","hentry"],"yoast_head":"<!-- This site is optimized with the Yoast SEO plugin v25.7 - https:\/\/yoast.com\/wordpress\/plugins\/seo\/ -->\n<title>Producto aislante de ladrillo refractario de la serie Allied-BNZ<\/title>\n<meta name=\"description\" content=\"Los ladrillos refractarios aislantes tienen un alto valor aislante, un bajo almacenamiento de calor y una gran pureza para su uso en revestimientos refractarios primarios de cara caliente o como aislamiento de apoyo detr\u00e1s de otros refractarios.\" \/>\n<meta name=\"robots\" content=\"index, follow, max-snippet:-1, max-image-preview:large, max-video-preview:-1\" \/>\n<link rel=\"canonical\" href=\"https:\/\/alliedmineral.com\/es\/asociaciones\/materiales-termicos-e-integrados\/bnz\/\" \/>\n<meta property=\"og:locale\" content=\"es_ES\" \/>\n<meta property=\"og:type\" content=\"article\" \/>\n<meta property=\"og:title\" content=\"Producto aislante de ladrillo refractario de la serie Allied-BNZ\" \/>\n<meta property=\"og:description\" content=\"Los ladrillos refractarios aislantes tienen un alto valor aislante, un bajo almacenamiento de calor y una gran pureza para su uso en revestimientos refractarios primarios de cara caliente o como aislamiento de apoyo detr\u00e1s de otros refractarios.\" \/>\n<meta property=\"og:url\" content=\"https:\/\/alliedmineral.com\/es\/asociaciones\/materiales-termicos-e-integrados\/bnz\/\" \/>\n<meta property=\"og:site_name\" content=\"Allied Mineral Products\" \/>\n<meta property=\"article:modified_time\" content=\"2025-03-06T14:44:57+00:00\" \/>\n<meta name=\"twitter:card\" content=\"summary_large_image\" \/>\n<meta name=\"twitter:label1\" content=\"Tiempo de lectura\" \/>\n\t<meta name=\"twitter:data1\" content=\"3 minutos\" \/>\n<script type=\"application\/ld+json\" class=\"yoast-schema-graph\">{\"@context\":\"https:\/\/schema.org\",\"@graph\":[{\"@type\":\"WebPage\",\"@id\":\"https:\/\/alliedmineral.com\/es\/asociaciones\/materiales-termicos-e-integrados\/bnz\/\",\"url\":\"https:\/\/alliedmineral.com\/es\/asociaciones\/materiales-termicos-e-integrados\/bnz\/\",\"name\":\"Producto aislante de ladrillo refractario de la serie Allied-BNZ\",\"isPartOf\":{\"@id\":\"https:\/\/alliedmineral.com\/es\/#website\"},\"datePublished\":\"2023-05-18T16:47:17+00:00\",\"dateModified\":\"2025-03-06T14:44:57+00:00\",\"description\":\"Los ladrillos refractarios aislantes tienen un alto valor aislante, un bajo almacenamiento de calor y una gran pureza para su uso en revestimientos refractarios primarios de cara caliente o como aislamiento de apoyo detr\u00e1s de otros refractarios.\",\"breadcrumb\":{\"@id\":\"https:\/\/alliedmineral.com\/es\/asociaciones\/materiales-termicos-e-integrados\/bnz\/#breadcrumb\"},\"inLanguage\":\"es\",\"potentialAction\":[{\"@type\":\"ReadAction\",\"target\":[\"https:\/\/alliedmineral.com\/es\/asociaciones\/materiales-termicos-e-integrados\/bnz\/\"]}]},{\"@type\":\"BreadcrumbList\",\"@id\":\"https:\/\/alliedmineral.com\/es\/asociaciones\/materiales-termicos-e-integrados\/bnz\/#breadcrumb\",\"itemListElement\":[{\"@type\":\"ListItem\",\"position\":1,\"name\":\"Home\",\"item\":\"https:\/\/alliedmineral.com\/es\/\"},{\"@type\":\"ListItem\",\"position\":2,\"name\":\"Asociaciones\",\"item\":\"https:\/\/alliedmineral.com\/es\/asociaciones\/\"},{\"@type\":\"ListItem\",\"position\":3,\"name\":\"Materiales t\u00e9rmicos e integrados\",\"item\":\"https:\/\/alliedmineral.com\/es\/asociaciones\/materiales-termicos-e-integrados\/\"},{\"@type\":\"ListItem\",\"position\":4,\"name\":\"BNZ\"}]},{\"@type\":\"WebSite\",\"@id\":\"https:\/\/alliedmineral.com\/es\/#website\",\"url\":\"https:\/\/alliedmineral.com\/es\/\",\"name\":\"Allied Mineral Products\",\"description\":\"\",\"potentialAction\":[{\"@type\":\"SearchAction\",\"target\":{\"@type\":\"EntryPoint\",\"urlTemplate\":\"https:\/\/alliedmineral.com\/es\/?s={search_term_string}\"},\"query-input\":{\"@type\":\"PropertyValueSpecification\",\"valueRequired\":true,\"valueName\":\"search_term_string\"}}],\"inLanguage\":\"es\"}]}<\/script>\n<!-- \/ Yoast SEO plugin. -->","yoast_head_json":{"title":"Producto aislante de ladrillo refractario de la serie Allied-BNZ","description":"Los ladrillos refractarios aislantes tienen un alto valor aislante, un bajo almacenamiento de calor y una gran pureza para su uso en revestimientos refractarios primarios de cara caliente o como aislamiento de apoyo detr\u00e1s de otros refractarios.","robots":{"index":"index","follow":"follow","max-snippet":"max-snippet:-1","max-image-preview":"max-image-preview:large","max-video-preview":"max-video-preview:-1"},"canonical":"https:\/\/alliedmineral.com\/es\/asociaciones\/materiales-termicos-e-integrados\/bnz\/","og_locale":"es_ES","og_type":"article","og_title":"Producto aislante de ladrillo refractario de la serie Allied-BNZ","og_description":"Los ladrillos refractarios aislantes tienen un alto valor aislante, un bajo almacenamiento de calor y una gran pureza para su uso en revestimientos refractarios primarios de cara caliente o como aislamiento de apoyo detr\u00e1s de otros refractarios.","og_url":"https:\/\/alliedmineral.com\/es\/asociaciones\/materiales-termicos-e-integrados\/bnz\/","og_site_name":"Allied Mineral Products","article_modified_time":"2025-03-06T14:44:57+00:00","twitter_card":"summary_large_image","twitter_misc":{"Tiempo de lectura":"3 minutos"},"schema":{"@context":"https:\/\/schema.org","@graph":[{"@type":"WebPage","@id":"https:\/\/alliedmineral.com\/es\/asociaciones\/materiales-termicos-e-integrados\/bnz\/","url":"https:\/\/alliedmineral.com\/es\/asociaciones\/materiales-termicos-e-integrados\/bnz\/","name":"Producto aislante de ladrillo refractario de la serie Allied-BNZ","isPartOf":{"@id":"https:\/\/alliedmineral.com\/es\/#website"},"datePublished":"2023-05-18T16:47:17+00:00","dateModified":"2025-03-06T14:44:57+00:00","description":"Los ladrillos refractarios aislantes tienen un alto valor aislante, un bajo almacenamiento de calor y una gran pureza para su uso en revestimientos refractarios primarios de cara caliente o como aislamiento de apoyo detr\u00e1s de otros refractarios.","breadcrumb":{"@id":"https:\/\/alliedmineral.com\/es\/asociaciones\/materiales-termicos-e-integrados\/bnz\/#breadcrumb"},"inLanguage":"es","potentialAction":[{"@type":"ReadAction","target":["https:\/\/alliedmineral.com\/es\/asociaciones\/materiales-termicos-e-integrados\/bnz\/"]}]},{"@type":"BreadcrumbList","@id":"https:\/\/alliedmineral.com\/es\/asociaciones\/materiales-termicos-e-integrados\/bnz\/#breadcrumb","itemListElement":[{"@type":"ListItem","position":1,"name":"Home","item":"https:\/\/alliedmineral.com\/es\/"},{"@type":"ListItem","position":2,"name":"Asociaciones","item":"https:\/\/alliedmineral.com\/es\/asociaciones\/"},{"@type":"ListItem","position":3,"name":"Materiales t\u00e9rmicos e integrados","item":"https:\/\/alliedmineral.com\/es\/asociaciones\/materiales-termicos-e-integrados\/"},{"@type":"ListItem","position":4,"name":"BNZ"}]},{"@type":"WebSite","@id":"https:\/\/alliedmineral.com\/es\/#website","url":"https:\/\/alliedmineral.com\/es\/","name":"Allied Mineral Products","description":"","potentialAction":[{"@type":"SearchAction","target":{"@type":"EntryPoint","urlTemplate":"https:\/\/alliedmineral.com\/es\/?s={search_term_string}"},"query-input":{"@type":"PropertyValueSpecification","valueRequired":true,"valueName":"search_term_string"}}],"inLanguage":"es"}]}},"_links":{"self":[{"href":"https:\/\/alliedmineral.com\/es\/wp-json\/wp\/v2\/pages\/11379","targetHints":{"allow":["GET"]}}],"collection":[{"href":"https:\/\/alliedmineral.com\/es\/wp-json\/wp\/v2\/pages"}],"about":[{"href":"https:\/\/alliedmineral.com\/es\/wp-json\/wp\/v2\/types\/page"}],"author":[{"embeddable":true,"href":"https:\/\/alliedmineral.com\/es\/wp-json\/wp\/v2\/users\/3"}],"replies":[{"embeddable":true,"href":"https:\/\/alliedmineral.com\/es\/wp-json\/wp\/v2\/comments?post=11379"}],"version-history":[{"count":0,"href":"https:\/\/alliedmineral.com\/es\/wp-json\/wp\/v2\/pages\/11379\/revisions"}],"up":[{"embeddable":true,"href":"https:\/\/alliedmineral.com\/es\/wp-json\/wp\/v2\/pages\/11343"}],"wp:attachment":[{"href":"https:\/\/alliedmineral.com\/es\/wp-json\/wp\/v2\/media?parent=11379"}],"curies":[{"name":"wp","href":"https:\/\/api.w.org\/{rel}","templated":true}]}}