{"id":11373,"date":"2023-05-24T11:21:20","date_gmt":"2023-05-24T16:21:20","guid":{"rendered":"https:\/\/alliedmineral.com\/materiales-termicos-e-integrados\/formularios-para-hornos\/"},"modified":"2025-03-06T09:44:58","modified_gmt":"2025-03-06T14:44:58","slug":"formularios-para-hornos","status":"publish","type":"page","link":"https:\/\/alliedmineral.com\/es\/asociaciones\/materiales-termicos-e-integrados\/formularios-para-hornos\/","title":{"rendered":"FORMAS PARA HORNOS"},"content":{"rendered":"<div class=\"wpb-content-wrapper\"><p>[vc_row full_width=\u00bbstretch_row\u00bb woodmart_bg_position=\u00bbcenter-bottom\u00bb css=\u00bb.vc_custom_1684333181442{margin-top: -40px !important;padding-top: 10px !important;padding-bottom: 18px !important;background-image: url(https:\/\/alliedmineral.com\/wp-content\/uploads\/2023\/03\/Allied-Minerals-title-1.jpg?id=84) !important;background-position: center !important;background-repeat: no-repeat !important;background-size: cover !important;}\u00bb woodmart_css_id=\u00bb6464e27725146&#8243; responsive_spacing=\u00bbeyJwYXJhbV90eXBlIjoid29vZG1hcnRfcmVzcG9uc2l2ZV9zcGFjaW5nIiwic2VsZWN0b3JfaWQiOiI2NDY0ZTI3NzI1MTQ2Iiwic2hvcnRjb2RlIjoidmNfcm93IiwiZGF0YSI6eyJ0YWJsZXQiOnt9LCJtb2JpbGUiOnt9fX0=\u00bb mobile_bg_img_hidden=\u00bbno\u00bb tablet_bg_img_hidden=\u00bbno\u00bb woodmart_parallax=\u00bb0&#8243; woodmart_gradient_switch=\u00bbno\u00bb woodmart_box_shadow=\u00bbno\u00bb wd_z_index=\u00bbno\u00bb woodmart_disable_overflow=\u00bb0&#8243; row_reverse_mobile=\u00bb0&#8243; row_reverse_tablet=\u00bb0&#8243;][vc_column][vc_custom_heading text=\u00bbFORMAS PARA HORNOS\u00bb font_container=\u00bbtag:h1|font_size:40|text_align:left|color:%23ffffff|line_height:1&#8243; use_theme_fonts=\u00bbyes\u00bb css_animation=\u00bbfadeInUp\u00bb css=\u00bb.vc_custom_1735585251511{border-bottom-width: 4px !important;padding-bottom: 20px !important;border-bottom-style: solid !important;border-color: #ee7623 !important;}\u00bb el_class=\u00bbpage-title\u00bb][\/vc_column][\/vc_row][vc_row css=\u00bb.vc_custom_1684945406991{padding-top: 80px !important;padding-bottom: 100px !important;}\u00bb woodmart_css_id=\u00bb646e39f8127c1&#8243; responsive_spacing=\u00bbeyJwYXJhbV90eXBlIjoid29vZG1hcnRfcmVzcG9uc2l2ZV9zcGFjaW5nIiwic2VsZWN0b3JfaWQiOiI2NDZlMzlmODEyN2MxIiwic2hvcnRjb2RlIjoidmNfcm93IiwiZGF0YSI6eyJ0YWJsZXQiOnt9LCJtb2JpbGUiOnt9fX0=\u00bb mobile_bg_img_hidden=\u00bbno\u00bb tablet_bg_img_hidden=\u00bbno\u00bb woodmart_parallax=\u00bb0&#8243; woodmart_gradient_switch=\u00bbno\u00bb woodmart_box_shadow=\u00bbno\u00bb wd_z_index=\u00bbno\u00bb woodmart_disable_overflow=\u00bb0&#8243; row_reverse_mobile=\u00bb0&#8243; row_reverse_tablet=\u00bb0&#8243;][vc_column css_animation=\u00bbfadeIn\u00bb offset=\u00bbvc_col-md-6&#8243; woodmart_css_id=\u00bb646e3a00b3524&#8243; parallax_scroll=\u00bbno\u00bb woodmart_sticky_column=\u00bbfalse\u00bb wd_collapsible_content_switcher=\u00bbno\u00bb wd_column_role_offcanvas_desktop=\u00bbno\u00bb wd_column_role_offcanvas_tablet=\u00bbno\u00bb wd_column_role_offcanvas_mobile=\u00bbno\u00bb wd_column_role_content_desktop=\u00bbno\u00bb wd_column_role_content_tablet=\u00bbno\u00bb wd_column_role_content_mobile=\u00bbno\u00bb mobile_bg_img_hidden=\u00bbno\u00bb tablet_bg_img_hidden=\u00bbno\u00bb woodmart_parallax=\u00bb0&#8243; woodmart_box_shadow=\u00bbno\u00bb responsive_spacing=\u00bbeyJwYXJhbV90eXBlIjoid29vZG1hcnRfcmVzcG9uc2l2ZV9zcGFjaW5nIiwic2VsZWN0b3JfaWQiOiI2NDZlM2EwMGIzNTI0Iiwic2hvcnRjb2RlIjoidmNfY29sdW1uIiwiZGF0YSI6eyJ0YWJsZXQiOnt9LCJtb2JpbGUiOnt9fX0=\u00bb mobile_reset_margin=\u00bbno\u00bb tablet_reset_margin=\u00bbno\u00bb wd_z_index=\u00bbno\u00bb][vc_single_image image=\u00bb7932&#8243; img_size=\u00bbfull\u00bb alignment=\u00bbcenter\u00bb parallax_scroll=\u00bbno\u00bb woodmart_inline=\u00bbno\u00bb][\/vc_column][vc_column css_animation=\u00bbfadeIn\u00bb offset=\u00bbvc_col-md-6&#8243; woodmart_css_id=\u00bb6476a57da8411&#8243; parallax_scroll=\u00bbno\u00bb woodmart_sticky_column=\u00bbfalse\u00bb wd_collapsible_content_switcher=\u00bbno\u00bb wd_column_role_offcanvas_desktop=\u00bbno\u00bb wd_column_role_offcanvas_tablet=\u00bbno\u00bb wd_column_role_offcanvas_mobile=\u00bbno\u00bb wd_column_role_content_desktop=\u00bbno\u00bb wd_column_role_content_tablet=\u00bbno\u00bb wd_column_role_content_mobile=\u00bbno\u00bb mobile_bg_img_hidden=\u00bbno\u00bb tablet_bg_img_hidden=\u00bbno\u00bb woodmart_parallax=\u00bb0&#8243; woodmart_box_shadow=\u00bbno\u00bb responsive_spacing=\u00bbeyJwYXJhbV90eXBlIjoid29vZG1hcnRfcmVzcG9uc2l2ZV9zcGFjaW5nIiwic2VsZWN0b3JfaWQiOiI2NDc2YTU3ZGE4NDExIiwic2hvcnRjb2RlIjoidmNfY29sdW1uIiwiZGF0YSI6eyJ0YWJsZXQiOnsicGFkZGluZy1sZWZ0IjoiMTUifSwibW9iaWxlIjp7fX19&#8243; mobile_reset_margin=\u00bbno\u00bb tablet_reset_margin=\u00bbno\u00bb wd_z_index=\u00bbno\u00bb css=\u00bb.vc_custom_1685497220747{padding-left: 10% !important;}\u00bb][vc_column_text css=\u00bb\u00bb woodmart_inline=\u00bbno\u00bb text_larger=\u00bbno\u00bb]<strong>Un nivel de comodidad que otros no ofrecen: refractarios cer\u00e1micos y formas para hornos en un solo lugar.<\/strong><\/p>\n<p>Las formas para hornos son una parte esencial de la instalaci\u00f3n de nuevos revestimientos refractarios cer\u00e1micos. Allied puede dise\u00f1ar una forma espec\u00edfica para su horno. Allied suministra moldes de acero para hornos de inducci\u00f3n sin n\u00facleo y moldes de horno de canal para gargantas y may\u00fasculas. Obtener el las formas de Allied supone un paso menos en el proceso de revestimiento. Adem\u00e1s, las formas de horno que necesita estar\u00e1 listo para las revisiones programadas y de emergencia. Dise\u00f1os personalizados disponibles.[\/vc_column_text][\/vc_column][\/vc_row][vc_row full_width=\u00bbstretch_row\u00bb equal_height=\u00bbyes\u00bb css=\u00bb.vc_custom_1685497230745{margin-bottom: -40px !important;padding-top: 100px !important;padding-bottom: 100px !important;}\u00bb woodmart_css_id=\u00bb6476a588b253c\u00bb responsive_spacing=\u00bbeyJwYXJhbV90eXBlIjoid29vZG1hcnRfcmVzcG9uc2l2ZV9zcGFjaW5nIiwic2VsZWN0b3JfaWQiOiI2NDc2YTU4OGIyNTNjIiwic2hvcnRjb2RlIjoidmNfcm93IiwiZGF0YSI6eyJ0YWJsZXQiOnt9LCJtb2JpbGUiOnsicGFkZGluZy10b3AiOiI1MCIsInBhZGRpbmctYm90dG9tIjoiNTAifX19&#8243; mobile_bg_img_hidden=\u00bbno\u00bb tablet_bg_img_hidden=\u00bbno\u00bb woodmart_parallax=\u00bb0&#8243; woodmart_gradient_switch=\u00bbyes\u00bb woodmart_box_shadow=\u00bbno\u00bb wd_z_index=\u00bbno\u00bb woodmart_disable_overflow=\u00bb0&#8243; row_reverse_mobile=\u00bb0&#8243; row_reverse_tablet=\u00bb0&#8243; woodmart_color_gradient=\u00bbrgb(221, 117, 39)-0\/rgb(0, 0, 0)-100\/|linear-gradient(top , rgb(221, 117, 39) , rgb(0, 0, 0) 100%)|linear|top\u00bb][vc_column css=\u00bb.vc_custom_1684332712797{margin-top: 40px !important;}\u00bb woodmart_css_id=\u00bb6464e0a4b274a\u00bb parallax_scroll=\u00bbno\u00bb woodmart_sticky_column=\u00bbfalse\u00bb wd_collapsible_content_switcher=\u00bbno\u00bb wd_column_role_offcanvas_desktop=\u00bbno\u00bb wd_column_role_offcanvas_tablet=\u00bbno\u00bb wd_column_role_offcanvas_mobile=\u00bbno\u00bb wd_column_role_content_desktop=\u00bbno\u00bb wd_column_role_content_tablet=\u00bbno\u00bb wd_column_role_content_mobile=\u00bbno\u00bb mobile_bg_img_hidden=\u00bbno\u00bb tablet_bg_img_hidden=\u00bbno\u00bb woodmart_parallax=\u00bb0&#8243; woodmart_box_shadow=\u00bbno\u00bb responsive_spacing=\u00bbeyJwYXJhbV90eXBlIjoid29vZG1hcnRfcmVzcG9uc2l2ZV9zcGFjaW5nIiwic2VsZWN0b3JfaWQiOiI2NDY0ZTBhNGIyNzRhIiwic2hvcnRjb2RlIjoidmNfY29sdW1uIiwiZGF0YSI6eyJ0YWJsZXQiOnt9LCJtb2JpbGUiOnt9fX0=\u00bb mobile_reset_margin=\u00bbno\u00bb tablet_reset_margin=\u00bbno\u00bb wd_z_index=\u00bbno\u00bb]\t\t\t<link rel=\"stylesheet\" id=\"wd-photoswipe-css\" href=\"https:\/\/alliedmineral.com\/wp-content\/themes\/woodmart\/woodmart\/css\/parts\/lib-photoswipe.min.css?ver=7.1.4\" type=\"text\/css\" media=\"all\" \/> \t\t\t\t\t\t<link rel=\"stylesheet\" id=\"wd-owl-carousel-css\" href=\"https:\/\/alliedmineral.com\/wp-content\/themes\/woodmart\/woodmart\/css\/parts\/lib-owl-carousel.min.css?ver=7.1.4\" type=\"text\/css\" media=\"all\" \/> \t\t\t\t\t\t<link rel=\"stylesheet\" id=\"wd-image-gallery-css\" href=\"https:\/\/alliedmineral.com\/wp-content\/themes\/woodmart\/woodmart\/css\/parts\/el-gallery.min.css?ver=7.1.4\" type=\"text\/css\" media=\"all\" \/> \t\t\t\t\t<div id=\"gallery_953\" class=\"wd-images-gallery wd-rs-646e3bc299526 wd-justify-center wd-items-middle view-carousel photoswipe-images wd-carousel-spacing-10 wd-carousel-container\" data-owl-carousel data-wrap=\"yes\" data-autoplay=\"yes\" data-hide_pagination_control=\"yes\" data-hide_prev_next_buttons=\"no\" data-desktop=\"3\" data-tablet_landscape=\"3\" data-tablet=\"2\" data-mobile=\"1\">\n\t\t\t<div class=\"gallery-images owl-carousel owl-items-lg-3 owl-items-md-3 owl-items-sm-2 owl-items-xs-1\">\n\t\t\t\t\t\t\t\t\t\t\t\t\t\t\t<div class=\"wd-gallery-item\">\n\t\t\t\t\t\t\t\t\t\t\t\t\t\t<a href=\"https:\/\/alliedmineral.com\/wp-content\/uploads\/2023\/05\/furnace-forms-carousel-1.jpeg\" data-elementor-open-lightbox=\"no\" data-index=\"1\" data-width=\"600\" data-height=\"751\"  >\n\t\t\t\t\t\t\t\t\n\t\t\t\t\t\t\t\t\t\t\t\t\t\t\t\t\t<img decoding=\"async\" class=\"wd-gallery-image image-1 \" src=\"https:\/\/alliedmineral.com\/wp-content\/uploads\/2023\/05\/furnace-forms-carousel-1-460x751.jpeg\" width=\"460\" height=\"751\" alt=\"furnace-forms-carousel-1\" title=\"furnace-forms-carousel-1\" loading=\"lazy\" \/>\t\t\t\t\t\t\t\t\n\n\t\t\t\t\t\t\t\t\t\t\t\t\t\t\t<\/a>\n\t\t\t\t\t\t\t\t\t\t\t\t<\/div>\n\t\t\t\t\t\t\t\t\t\t\t<div class=\"wd-gallery-item\">\n\t\t\t\t\t\t\t\t\t\t\t\t\t\t<a href=\"https:\/\/alliedmineral.com\/wp-content\/uploads\/2023\/05\/furnace-forms-carousel-2.jpeg\" data-elementor-open-lightbox=\"no\" data-index=\"2\" data-width=\"600\" data-height=\"750\"  >\n\t\t\t\t\t\t\t\t\n\t\t\t\t\t\t\t\t\t\t\t\t\t\t\t\t\t<img decoding=\"async\" class=\"wd-gallery-image image-2 \" src=\"https:\/\/alliedmineral.com\/wp-content\/uploads\/2023\/05\/furnace-forms-carousel-2-460x750.jpeg\" width=\"460\" height=\"750\" alt=\"furnace-forms-carousel-2\" title=\"furnace-forms-carousel-2\" loading=\"lazy\" \/>\t\t\t\t\t\t\t\t\n\n\t\t\t\t\t\t\t\t\t\t\t\t\t\t\t<\/a>\n\t\t\t\t\t\t\t\t\t\t\t\t<\/div>\n\t\t\t\t\t\t\t\t\t\t\t<div class=\"wd-gallery-item\">\n\t\t\t\t\t\t\t\t\t\t\t\t\t\t<a href=\"https:\/\/alliedmineral.com\/wp-content\/uploads\/2023\/05\/furnace-forms-carousel-3.jpeg\" data-elementor-open-lightbox=\"no\" data-index=\"3\" data-width=\"600\" data-height=\"750\"  >\n\t\t\t\t\t\t\t\t\n\t\t\t\t\t\t\t\t\t\t\t\t\t\t\t\t\t<img decoding=\"async\" class=\"wd-gallery-image image-3 \" src=\"https:\/\/alliedmineral.com\/wp-content\/uploads\/2023\/05\/furnace-forms-carousel-3-460x750.jpeg\" width=\"460\" height=\"750\" alt=\"furnace-forms-carousel-3\" title=\"furnace-forms-carousel-3\" loading=\"lazy\" \/>\t\t\t\t\t\t\t\t\n\n\t\t\t\t\t\t\t\t\t\t\t\t\t\t\t<\/a>\n\t\t\t\t\t\t\t\t\t\t\t\t<\/div>\n\t\t\t\t\t\t\t\t\t\t\t<div class=\"wd-gallery-item\">\n\t\t\t\t\t\t\t\t\t\t\t\t\t\t<a href=\"https:\/\/alliedmineral.com\/wp-content\/uploads\/2023\/05\/furnace-forms-carousel-4.jpeg\" data-elementor-open-lightbox=\"no\" data-index=\"4\" data-width=\"600\" data-height=\"750\"  >\n\t\t\t\t\t\t\t\t\n\t\t\t\t\t\t\t\t\t\t\t\t\t\t\t\t\t<img decoding=\"async\" class=\"wd-gallery-image image-4 \" src=\"https:\/\/alliedmineral.com\/wp-content\/uploads\/2023\/05\/furnace-forms-carousel-4-460x750.jpeg\" width=\"460\" height=\"750\" alt=\"furnace-forms-carousel-4\" title=\"furnace-forms-carousel-4\" loading=\"lazy\" \/>\t\t\t\t\t\t\t\t\n\n\t\t\t\t\t\t\t\t\t\t\t\t\t\t\t<\/a>\n\t\t\t\t\t\t\t\t\t\t\t\t<\/div>\n\t\t\t\t\t\t\t\t\t\t\t<div class=\"wd-gallery-item\">\n\t\t\t\t\t\t\t\t\t\t\t\t\t\t<a href=\"https:\/\/alliedmineral.com\/wp-content\/uploads\/2023\/05\/furnace-forms-carousel-5.jpeg\" data-elementor-open-lightbox=\"no\" data-index=\"5\" data-width=\"600\" data-height=\"750\"  >\n\t\t\t\t\t\t\t\t\n\t\t\t\t\t\t\t\t\t\t\t\t\t\t\t\t\t<img decoding=\"async\" class=\"wd-gallery-image image-5 \" src=\"https:\/\/alliedmineral.com\/wp-content\/uploads\/2023\/05\/furnace-forms-carousel-5-460x750.jpeg\" width=\"460\" height=\"750\" alt=\"furnace-forms-carousel-5\" title=\"furnace-forms-carousel-5\" loading=\"lazy\" \/>\t\t\t\t\t\t\t\t\n\n\t\t\t\t\t\t\t\t\t\t\t\t\t\t\t<\/a>\n\t\t\t\t\t\t\t\t\t\t\t\t<\/div>\n\t\t\t\t\t\t\t\t\t\t\t\t<\/div>\n\t\t<\/div>\n\t\t\t\t[\/vc_column][\/vc_row]<\/p>\n<\/div>","protected":false},"excerpt":{"rendered":"<p>[vc_row full_width=\u00bbstretch_row\u00bb woodmart_bg_position=\u00bbcenter-bottom\u00bb css=\u00bb.vc_custom_1684333181442{margin-top: -40px !important;padding-top: 10px !important;padding-bottom: 18px !important;background-image: url(https:\/\/alliedmineral.com\/wp-content\/uploads\/2023\/03\/Allied-Minerals-title-1.jpg?id=84) !important;background-position: center !important;background-repeat: no-repeat !important;background-size: cover !important;}\u00bb woodmart_css_id=\u00bb6464e27725146&#8243; responsive_spacing=\u00bbeyJwYXJhbV90eXBlIjoid29vZG1hcnRfcmVzcG9uc2l2ZV9zcGFjaW5nIiwic2VsZWN0b3JfaWQiOiI2NDY0ZTI3NzI1MTQ2Iiwic2hvcnRjb2RlIjoidmNfcm93IiwiZGF0YSI6eyJ0YWJsZXQiOnt9LCJtb2JpbGUiOnt9fX0=\u00bb<\/p>\n","protected":false},"author":3,"featured_media":0,"parent":11343,"menu_order":0,"comment_status":"closed","ping_status":"closed","template":"","meta":{"content-type":"","footnotes":""},"class_list":["post-11373","page","type-page","status-publish","hentry"],"yoast_head":"<!-- This site is optimized with the Yoast SEO plugin v25.7 - https:\/\/yoast.com\/wordpress\/plugins\/seo\/ -->\n<title>Formas de horno de ingenier\u00eda creadas espec\u00edficamente para sus requisitos de horno.<\/title>\n<meta name=\"description\" content=\"Allied puede dise\u00f1ar una forma espec\u00edfica para su horno. Todos los formularios de horno creados estar\u00e1n listos para su uso, tanto para las revisiones programadas como para las de emergencia.\" \/>\n<meta name=\"robots\" content=\"index, follow, max-snippet:-1, max-image-preview:large, max-video-preview:-1\" \/>\n<link rel=\"canonical\" href=\"https:\/\/alliedmineral.com\/es\/asociaciones\/materiales-termicos-e-integrados\/formularios-para-hornos\/\" \/>\n<meta property=\"og:locale\" content=\"es_ES\" \/>\n<meta property=\"og:type\" content=\"article\" \/>\n<meta property=\"og:title\" content=\"Formas de horno de ingenier\u00eda creadas espec\u00edficamente para sus requisitos de horno.\" \/>\n<meta property=\"og:description\" content=\"Allied puede dise\u00f1ar una forma espec\u00edfica para su horno. Todos los formularios de horno creados estar\u00e1n listos para su uso, tanto para las revisiones programadas como para las de emergencia.\" \/>\n<meta property=\"og:url\" content=\"https:\/\/alliedmineral.com\/es\/asociaciones\/materiales-termicos-e-integrados\/formularios-para-hornos\/\" \/>\n<meta property=\"og:site_name\" content=\"Allied Mineral Products\" \/>\n<meta property=\"article:modified_time\" content=\"2025-03-06T14:44:58+00:00\" \/>\n<meta name=\"twitter:card\" content=\"summary_large_image\" \/>\n<meta name=\"twitter:label1\" content=\"Tiempo de lectura\" \/>\n\t<meta name=\"twitter:data1\" content=\"3 minutos\" \/>\n<script type=\"application\/ld+json\" class=\"yoast-schema-graph\">{\"@context\":\"https:\/\/schema.org\",\"@graph\":[{\"@type\":\"WebPage\",\"@id\":\"https:\/\/alliedmineral.com\/es\/asociaciones\/materiales-termicos-e-integrados\/formularios-para-hornos\/\",\"url\":\"https:\/\/alliedmineral.com\/es\/asociaciones\/materiales-termicos-e-integrados\/formularios-para-hornos\/\",\"name\":\"Formas de horno de ingenier\u00eda creadas espec\u00edficamente para sus requisitos de horno.\",\"isPartOf\":{\"@id\":\"https:\/\/alliedmineral.com\/es\/#website\"},\"datePublished\":\"2023-05-24T16:21:20+00:00\",\"dateModified\":\"2025-03-06T14:44:58+00:00\",\"description\":\"Allied puede dise\u00f1ar una forma espec\u00edfica para su horno. Todos los formularios de horno creados estar\u00e1n listos para su uso, tanto para las revisiones programadas como para las de emergencia.\",\"breadcrumb\":{\"@id\":\"https:\/\/alliedmineral.com\/es\/asociaciones\/materiales-termicos-e-integrados\/formularios-para-hornos\/#breadcrumb\"},\"inLanguage\":\"es\",\"potentialAction\":[{\"@type\":\"ReadAction\",\"target\":[\"https:\/\/alliedmineral.com\/es\/asociaciones\/materiales-termicos-e-integrados\/formularios-para-hornos\/\"]}]},{\"@type\":\"BreadcrumbList\",\"@id\":\"https:\/\/alliedmineral.com\/es\/asociaciones\/materiales-termicos-e-integrados\/formularios-para-hornos\/#breadcrumb\",\"itemListElement\":[{\"@type\":\"ListItem\",\"position\":1,\"name\":\"Home\",\"item\":\"https:\/\/alliedmineral.com\/es\/\"},{\"@type\":\"ListItem\",\"position\":2,\"name\":\"Asociaciones\",\"item\":\"https:\/\/alliedmineral.com\/es\/asociaciones\/\"},{\"@type\":\"ListItem\",\"position\":3,\"name\":\"Materiales t\u00e9rmicos e integrados\",\"item\":\"https:\/\/alliedmineral.com\/es\/asociaciones\/materiales-termicos-e-integrados\/\"},{\"@type\":\"ListItem\",\"position\":4,\"name\":\"FORMAS PARA HORNOS\"}]},{\"@type\":\"WebSite\",\"@id\":\"https:\/\/alliedmineral.com\/es\/#website\",\"url\":\"https:\/\/alliedmineral.com\/es\/\",\"name\":\"Allied Mineral Products\",\"description\":\"\",\"potentialAction\":[{\"@type\":\"SearchAction\",\"target\":{\"@type\":\"EntryPoint\",\"urlTemplate\":\"https:\/\/alliedmineral.com\/es\/?s={search_term_string}\"},\"query-input\":{\"@type\":\"PropertyValueSpecification\",\"valueRequired\":true,\"valueName\":\"search_term_string\"}}],\"inLanguage\":\"es\"}]}<\/script>\n<!-- \/ Yoast SEO plugin. -->","yoast_head_json":{"title":"Formas de horno de ingenier\u00eda creadas espec\u00edficamente para sus requisitos de horno.","description":"Allied puede dise\u00f1ar una forma espec\u00edfica para su horno. Todos los formularios de horno creados estar\u00e1n listos para su uso, tanto para las revisiones programadas como para las de emergencia.","robots":{"index":"index","follow":"follow","max-snippet":"max-snippet:-1","max-image-preview":"max-image-preview:large","max-video-preview":"max-video-preview:-1"},"canonical":"https:\/\/alliedmineral.com\/es\/asociaciones\/materiales-termicos-e-integrados\/formularios-para-hornos\/","og_locale":"es_ES","og_type":"article","og_title":"Formas de horno de ingenier\u00eda creadas espec\u00edficamente para sus requisitos de horno.","og_description":"Allied puede dise\u00f1ar una forma espec\u00edfica para su horno. Todos los formularios de horno creados estar\u00e1n listos para su uso, tanto para las revisiones programadas como para las de emergencia.","og_url":"https:\/\/alliedmineral.com\/es\/asociaciones\/materiales-termicos-e-integrados\/formularios-para-hornos\/","og_site_name":"Allied Mineral Products","article_modified_time":"2025-03-06T14:44:58+00:00","twitter_card":"summary_large_image","twitter_misc":{"Tiempo de lectura":"3 minutos"},"schema":{"@context":"https:\/\/schema.org","@graph":[{"@type":"WebPage","@id":"https:\/\/alliedmineral.com\/es\/asociaciones\/materiales-termicos-e-integrados\/formularios-para-hornos\/","url":"https:\/\/alliedmineral.com\/es\/asociaciones\/materiales-termicos-e-integrados\/formularios-para-hornos\/","name":"Formas de horno de ingenier\u00eda creadas espec\u00edficamente para sus requisitos de horno.","isPartOf":{"@id":"https:\/\/alliedmineral.com\/es\/#website"},"datePublished":"2023-05-24T16:21:20+00:00","dateModified":"2025-03-06T14:44:58+00:00","description":"Allied puede dise\u00f1ar una forma espec\u00edfica para su horno. Todos los formularios de horno creados estar\u00e1n listos para su uso, tanto para las revisiones programadas como para las de emergencia.","breadcrumb":{"@id":"https:\/\/alliedmineral.com\/es\/asociaciones\/materiales-termicos-e-integrados\/formularios-para-hornos\/#breadcrumb"},"inLanguage":"es","potentialAction":[{"@type":"ReadAction","target":["https:\/\/alliedmineral.com\/es\/asociaciones\/materiales-termicos-e-integrados\/formularios-para-hornos\/"]}]},{"@type":"BreadcrumbList","@id":"https:\/\/alliedmineral.com\/es\/asociaciones\/materiales-termicos-e-integrados\/formularios-para-hornos\/#breadcrumb","itemListElement":[{"@type":"ListItem","position":1,"name":"Home","item":"https:\/\/alliedmineral.com\/es\/"},{"@type":"ListItem","position":2,"name":"Asociaciones","item":"https:\/\/alliedmineral.com\/es\/asociaciones\/"},{"@type":"ListItem","position":3,"name":"Materiales t\u00e9rmicos e integrados","item":"https:\/\/alliedmineral.com\/es\/asociaciones\/materiales-termicos-e-integrados\/"},{"@type":"ListItem","position":4,"name":"FORMAS PARA HORNOS"}]},{"@type":"WebSite","@id":"https:\/\/alliedmineral.com\/es\/#website","url":"https:\/\/alliedmineral.com\/es\/","name":"Allied Mineral Products","description":"","potentialAction":[{"@type":"SearchAction","target":{"@type":"EntryPoint","urlTemplate":"https:\/\/alliedmineral.com\/es\/?s={search_term_string}"},"query-input":{"@type":"PropertyValueSpecification","valueRequired":true,"valueName":"search_term_string"}}],"inLanguage":"es"}]}},"_links":{"self":[{"href":"https:\/\/alliedmineral.com\/es\/wp-json\/wp\/v2\/pages\/11373","targetHints":{"allow":["GET"]}}],"collection":[{"href":"https:\/\/alliedmineral.com\/es\/wp-json\/wp\/v2\/pages"}],"about":[{"href":"https:\/\/alliedmineral.com\/es\/wp-json\/wp\/v2\/types\/page"}],"author":[{"embeddable":true,"href":"https:\/\/alliedmineral.com\/es\/wp-json\/wp\/v2\/users\/3"}],"replies":[{"embeddable":true,"href":"https:\/\/alliedmineral.com\/es\/wp-json\/wp\/v2\/comments?post=11373"}],"version-history":[{"count":0,"href":"https:\/\/alliedmineral.com\/es\/wp-json\/wp\/v2\/pages\/11373\/revisions"}],"up":[{"embeddable":true,"href":"https:\/\/alliedmineral.com\/es\/wp-json\/wp\/v2\/pages\/11343"}],"wp:attachment":[{"href":"https:\/\/alliedmineral.com\/es\/wp-json\/wp\/v2\/media?parent=11373"}],"curies":[{"name":"wp","href":"https:\/\/api.w.org\/{rel}","templated":true}]}}