{"id":11367,"date":"2023-05-18T14:14:47","date_gmt":"2023-05-18T19:14:47","guid":{"rendered":"https:\/\/alliedmineral.com\/productos\/formas-prefabricadas\/tratamiento-termico-y-forja\/"},"modified":"2025-03-06T09:42:14","modified_gmt":"2025-03-06T14:42:14","slug":"tratamiento-termico-y-forja","status":"publish","type":"page","link":"https:\/\/alliedmineral.com\/es\/productos\/formas-prefabricadas\/tratamiento-termico-y-forja\/","title":{"rendered":"Tratamiento t\u00e9rmico y forja"},"content":{"rendered":"<div class=\"wpb-content-wrapper\"><p>[vc_row full_width=\u00bbstretch_row\u00bb woodmart_bg_position=\u00bbcenter-bottom\u00bb css=\u00bb.vc_custom_1684333181442{margin-top: -40px !important;padding-top: 10px !important;padding-bottom: 18px !important;background-image: url(https:\/\/alliedmineral.com\/wp-content\/uploads\/2023\/03\/Allied-Minerals-title-1.jpg?id=84) !important;background-position: center !important;background-repeat: no-repeat !important;background-size: cover !important;}\u00bb woodmart_css_id=\u00bb6464e27725146&#8243; responsive_spacing=\u00bbeyJwYXJhbV90eXBlIjoid29vZG1hcnRfcmVzcG9uc2l2ZV9zcGFjaW5nIiwic2VsZWN0b3JfaWQiOiI2NDY0ZTI3NzI1MTQ2Iiwic2hvcnRjb2RlIjoidmNfcm93IiwiZGF0YSI6eyJ0YWJsZXQiOnt9LCJtb2JpbGUiOnt9fX0=\u00bb mobile_bg_img_hidden=\u00bbno\u00bb tablet_bg_img_hidden=\u00bbno\u00bb woodmart_parallax=\u00bb0&#8243; woodmart_gradient_switch=\u00bbno\u00bb woodmart_box_shadow=\u00bbno\u00bb wd_z_index=\u00bbno\u00bb woodmart_disable_overflow=\u00bb0&#8243; row_reverse_mobile=\u00bb0&#8243; row_reverse_tablet=\u00bb0&#8243;][vc_column][vc_custom_heading text=\u00bbFormas prefabricadas: tratamiento t\u00e9rmico y forja\u00bb font_container=\u00bbtag:h1|font_size:40|text_align:left|color:%23ffffff|line_height:1&#8243; use_theme_fonts=\u00bbyes\u00bb css_animation=\u00bbfadeInUp\u00bb css=\u00bb.vc_custom_1684437307747{border-bottom-width: 4px !important;padding-bottom: 20px !important;border-bottom-color: #ee7623 !important;border-bottom-style: solid !important;}\u00bb el_class=\u00bbpage-title\u00bb][\/vc_column][\/vc_row][vc_row css=\u00bb.vc_custom_1685408217103{padding-top: 80px !important;padding-bottom: 100px !important;}\u00bb woodmart_css_id=\u00bb647549d17df44&#8243; responsive_spacing=\u00bbeyJwYXJhbV90eXBlIjoid29vZG1hcnRfcmVzcG9uc2l2ZV9zcGFjaW5nIiwic2VsZWN0b3JfaWQiOiI2NDc1NDlkMTdkZjQ0Iiwic2hvcnRjb2RlIjoidmNfcm93IiwiZGF0YSI6eyJ0YWJsZXQiOnsicGFkZGluZy10b3AiOiIzMCIsInBhZGRpbmctYm90dG9tIjoiNTAifSwibW9iaWxlIjp7fX19&#8243; mobile_bg_img_hidden=\u00bbno\u00bb tablet_bg_img_hidden=\u00bbno\u00bb woodmart_parallax=\u00bb0&#8243; woodmart_gradient_switch=\u00bbno\u00bb woodmart_box_shadow=\u00bbno\u00bb wd_z_index=\u00bbno\u00bb woodmart_disable_overflow=\u00bb0&#8243; row_reverse_mobile=\u00bb0&#8243; row_reverse_tablet=\u00bb0&#8243;][vc_column css_animation=\u00bbfadeIn\u00bb offset=\u00bbvc_col-md-6&#8243; woodmart_css_id=\u00bb64245f202e99c\u00bb parallax_scroll=\u00bbno\u00bb woodmart_sticky_column=\u00bbfalse\u00bb wd_collapsible_content_switcher=\u00bbno\u00bb wd_column_role_offcanvas_desktop=\u00bbno\u00bb wd_column_role_offcanvas_tablet=\u00bbno\u00bb wd_column_role_offcanvas_mobile=\u00bbno\u00bb wd_column_role_content_desktop=\u00bbno\u00bb wd_column_role_content_tablet=\u00bbno\u00bb wd_column_role_content_mobile=\u00bbno\u00bb mobile_bg_img_hidden=\u00bbno\u00bb tablet_bg_img_hidden=\u00bbno\u00bb woodmart_parallax=\u00bb0&#8243; woodmart_box_shadow=\u00bbno\u00bb responsive_spacing=\u00bbeyJwYXJhbV90eXBlIjoid29vZG1hcnRfcmVzcG9uc2l2ZV9zcGFjaW5nIiwic2VsZWN0b3JfaWQiOiI2NDI0NWYyMDJlOTljIiwic2hvcnRjb2RlIjoidmNfY29sdW1uIiwiZGF0YSI6eyJ0YWJsZXQiOnt9LCJtb2JpbGUiOnt9fX0=\u00bb mobile_reset_margin=\u00bbno\u00bb tablet_reset_margin=\u00bbno\u00bb wd_z_index=\u00bbno\u00bb][vc_single_image image=\u00bb7854&#8243; img_size=\u00bbfull\u00bb alignment=\u00bbcenter\u00bb parallax_scroll=\u00bbno\u00bb woodmart_inline=\u00bbno\u00bb][\/vc_column][vc_column css_animation=\u00bbfadeIn\u00bb offset=\u00bbvc_col-md-6&#8243; woodmart_css_id=\u00bb647549a3f23ff\u00bb parallax_scroll=\u00bbno\u00bb woodmart_sticky_column=\u00bbfalse\u00bb wd_collapsible_content_switcher=\u00bbno\u00bb wd_column_role_offcanvas_desktop=\u00bbno\u00bb wd_column_role_offcanvas_tablet=\u00bbno\u00bb wd_column_role_offcanvas_mobile=\u00bbno\u00bb wd_column_role_content_desktop=\u00bbno\u00bb wd_column_role_content_tablet=\u00bbno\u00bb wd_column_role_content_mobile=\u00bbno\u00bb mobile_bg_img_hidden=\u00bbno\u00bb tablet_bg_img_hidden=\u00bbno\u00bb woodmart_parallax=\u00bb0&#8243; woodmart_box_shadow=\u00bbno\u00bb responsive_spacing=\u00bbeyJwYXJhbV90eXBlIjoid29vZG1hcnRfcmVzcG9uc2l2ZV9zcGFjaW5nIiwic2VsZWN0b3JfaWQiOiI2NDc1NDlhM2YyM2ZmIiwic2hvcnRjb2RlIjoidmNfY29sdW1uIiwiZGF0YSI6eyJ0YWJsZXQiOnsicGFkZGluZy1sZWZ0IjoiMTUifSwibW9iaWxlIjp7fX19&#8243; mobile_reset_margin=\u00bbno\u00bb tablet_reset_margin=\u00bbno\u00bb wd_z_index=\u00bbno\u00bb css=\u00bb.vc_custom_1685408175584{padding-left: 10% !important;}\u00bb][vc_column_text css=\u00bb\u00bb woodmart_inline=\u00bbno\u00bb text_larger=\u00bbno\u00bb]<strong>Una amplia gama de formas especializadas, dise\u00f1adas para soluciones personalizadas.<\/strong><\/p>\n<p>Podemos suministrar su aplicaci\u00f3n de tratamiento t\u00e9rmico o forja con:<\/p>\n<ul>\n<li>Bloques de soportes (Pier block)<\/li>\n<li>Marcos Superiores<\/li>\n<li>Marcos Laterales<\/li>\n<li>Bloques de Deslizamiento (Skip blocks)<\/li>\n<li>Formas Prefabricadas para Hogar<\/li>\n<li>Baldosas para Quemadores<\/li>\n<\/ul>\n<p>Allied ofrece una variedad de mezclas refractarias, incluidas las formas prefabricadas ARMORMAX<sup>\u00ae<\/sup> 70 SR, que han demostrado ser ampliamente exitosas en aumentar la vida \u00fatil de los bloques para soleras, marcos laterales\/superiores y bloques de soportes.[\/vc_column_text][\/vc_column][\/vc_row][vc_row full_width=\u00bbstretch_row\u00bb equal_height=\u00bbyes\u00bb css=\u00bb.vc_custom_1685408183868{margin-bottom: -40px !important;padding-top: 100px !important;padding-bottom: 100px !important;}\u00bb woodmart_css_id=\u00bb647549b1ebaf9&#8243; responsive_spacing=\u00bbeyJwYXJhbV90eXBlIjoid29vZG1hcnRfcmVzcG9uc2l2ZV9zcGFjaW5nIiwic2VsZWN0b3JfaWQiOiI2NDc1NDliMWViYWY5Iiwic2hvcnRjb2RlIjoidmNfcm93IiwiZGF0YSI6eyJ0YWJsZXQiOnt9LCJtb2JpbGUiOnsicGFkZGluZy10b3AiOiI1MCIsInBhZGRpbmctYm90dG9tIjoiNTAifX19&#8243; mobile_bg_img_hidden=\u00bbno\u00bb tablet_bg_img_hidden=\u00bbno\u00bb woodmart_parallax=\u00bb0&#8243; woodmart_gradient_switch=\u00bbyes\u00bb woodmart_box_shadow=\u00bbno\u00bb wd_z_index=\u00bbno\u00bb woodmart_disable_overflow=\u00bb0&#8243; row_reverse_mobile=\u00bb0&#8243; row_reverse_tablet=\u00bb0&#8243; woodmart_color_gradient=\u00bbrgb(221, 117, 39)-0\/rgb(0, 0, 0)-100\/|linear-gradient(top , rgb(221, 117, 39) , rgb(0, 0, 0) 100%)|linear|top\u00bb][vc_column css=\u00bb.vc_custom_1684332712797{margin-top: 40px !important;}\u00bb woodmart_css_id=\u00bb6464e0a4b274a\u00bb parallax_scroll=\u00bbno\u00bb woodmart_sticky_column=\u00bbfalse\u00bb wd_collapsible_content_switcher=\u00bbno\u00bb wd_column_role_offcanvas_desktop=\u00bbno\u00bb wd_column_role_offcanvas_tablet=\u00bbno\u00bb wd_column_role_offcanvas_mobile=\u00bbno\u00bb wd_column_role_content_desktop=\u00bbno\u00bb wd_column_role_content_tablet=\u00bbno\u00bb wd_column_role_content_mobile=\u00bbno\u00bb mobile_bg_img_hidden=\u00bbno\u00bb tablet_bg_img_hidden=\u00bbno\u00bb woodmart_parallax=\u00bb0&#8243; woodmart_box_shadow=\u00bbno\u00bb responsive_spacing=\u00bbeyJwYXJhbV90eXBlIjoid29vZG1hcnRfcmVzcG9uc2l2ZV9zcGFjaW5nIiwic2VsZWN0b3JfaWQiOiI2NDY0ZTBhNGIyNzRhIiwic2hvcnRjb2RlIjoidmNfY29sdW1uIiwiZGF0YSI6eyJ0YWJsZXQiOnt9LCJtb2JpbGUiOnt9fX0=\u00bb mobile_reset_margin=\u00bbno\u00bb tablet_reset_margin=\u00bbno\u00bb wd_z_index=\u00bbno\u00bb]\t\t\t<link rel=\"stylesheet\" id=\"wd-photoswipe-css\" href=\"https:\/\/alliedmineral.com\/wp-content\/themes\/woodmart\/woodmart\/css\/parts\/lib-photoswipe.min.css?ver=7.1.4\" type=\"text\/css\" media=\"all\" \/> \t\t\t\t\t\t<link rel=\"stylesheet\" id=\"wd-owl-carousel-css\" href=\"https:\/\/alliedmineral.com\/wp-content\/themes\/woodmart\/woodmart\/css\/parts\/lib-owl-carousel.min.css?ver=7.1.4\" type=\"text\/css\" media=\"all\" \/> \t\t\t\t\t\t<link rel=\"stylesheet\" id=\"wd-image-gallery-css\" href=\"https:\/\/alliedmineral.com\/wp-content\/themes\/woodmart\/woodmart\/css\/parts\/el-gallery.min.css?ver=7.1.4\" type=\"text\/css\" media=\"all\" \/> \t\t\t\t\t<div id=\"gallery_123\" class=\"wd-images-gallery wd-rs-64667ae51ae70 wd-justify-center wd-items-middle view-carousel photoswipe-images wd-carousel-spacing-10 wd-carousel-container\" data-owl-carousel data-wrap=\"yes\" data-autoplay=\"yes\" data-hide_pagination_control=\"yes\" data-hide_prev_next_buttons=\"no\" data-desktop=\"3\" data-tablet_landscape=\"3\" data-tablet=\"2\" data-mobile=\"1\">\n\t\t\t<div class=\"gallery-images owl-carousel owl-items-lg-3 owl-items-md-3 owl-items-sm-2 owl-items-xs-1\">\n\t\t\t\t\t\t\t\t\t\t\t\t\t\t\t<div class=\"wd-gallery-item\">\n\t\t\t\t\t\t\t\t\t\t\t\t\t\t<a href=\"https:\/\/alliedmineral.com\/wp-content\/uploads\/2023\/05\/HTF-carousel-1.jpeg\" data-elementor-open-lightbox=\"no\" data-index=\"1\" data-width=\"600\" data-height=\"429\"  >\n\t\t\t\t\t\t\t\t\n\t\t\t\t\t\t\t\t\t\t\t\t\t\t\t\t\t<img decoding=\"async\" class=\"wd-gallery-image image-1 \" src=\"https:\/\/alliedmineral.com\/wp-content\/uploads\/2023\/05\/HTF-carousel-1-460x295.jpeg\" width=\"460\" height=\"295\" alt=\"HTF-carousel-1\" title=\"HTF-carousel-1\" loading=\"lazy\" \/>\t\t\t\t\t\t\t\t\n\n\t\t\t\t\t\t\t\t\t\t\t\t\t\t\t<\/a>\n\t\t\t\t\t\t\t\t\t\t\t\t<\/div>\n\t\t\t\t\t\t\t\t\t\t\t<div class=\"wd-gallery-item\">\n\t\t\t\t\t\t\t\t\t\t\t\t\t\t<a href=\"https:\/\/alliedmineral.com\/wp-content\/uploads\/2023\/05\/HTF-carousel-6.jpeg\" data-elementor-open-lightbox=\"no\" data-index=\"2\" data-width=\"600\" data-height=\"429\"  >\n\t\t\t\t\t\t\t\t\n\t\t\t\t\t\t\t\t\t\t\t\t\t\t\t\t\t<img decoding=\"async\" class=\"wd-gallery-image image-2 \" src=\"https:\/\/alliedmineral.com\/wp-content\/uploads\/2023\/05\/HTF-carousel-6-460x295.jpeg\" width=\"460\" height=\"295\" alt=\"HTF-carousel-6\" title=\"HTF-carousel-6\" loading=\"lazy\" \/>\t\t\t\t\t\t\t\t\n\n\t\t\t\t\t\t\t\t\t\t\t\t\t\t\t<\/a>\n\t\t\t\t\t\t\t\t\t\t\t\t<\/div>\n\t\t\t\t\t\t\t\t\t\t\t<div class=\"wd-gallery-item\">\n\t\t\t\t\t\t\t\t\t\t\t\t\t\t<a href=\"https:\/\/alliedmineral.com\/wp-content\/uploads\/2023\/05\/HTF-carousel-2.jpeg\" data-elementor-open-lightbox=\"no\" data-index=\"3\" data-width=\"600\" data-height=\"429\"  >\n\t\t\t\t\t\t\t\t\n\t\t\t\t\t\t\t\t\t\t\t\t\t\t\t\t\t<img decoding=\"async\" class=\"wd-gallery-image image-3 \" src=\"https:\/\/alliedmineral.com\/wp-content\/uploads\/2023\/05\/HTF-carousel-2-460x295.jpeg\" width=\"460\" height=\"295\" alt=\"HTF-carousel-2\" title=\"HTF-carousel-2\" loading=\"lazy\" \/>\t\t\t\t\t\t\t\t\n\n\t\t\t\t\t\t\t\t\t\t\t\t\t\t\t<\/a>\n\t\t\t\t\t\t\t\t\t\t\t\t<\/div>\n\t\t\t\t\t\t\t\t\t\t\t<div class=\"wd-gallery-item\">\n\t\t\t\t\t\t\t\t\t\t\t\t\t\t<a href=\"https:\/\/alliedmineral.com\/wp-content\/uploads\/2023\/05\/HTF-carousel-3.jpeg\" data-elementor-open-lightbox=\"no\" data-index=\"4\" data-width=\"600\" data-height=\"429\"  >\n\t\t\t\t\t\t\t\t\n\t\t\t\t\t\t\t\t\t\t\t\t\t\t\t\t\t<img decoding=\"async\" class=\"wd-gallery-image image-4 \" src=\"https:\/\/alliedmineral.com\/wp-content\/uploads\/2023\/05\/HTF-carousel-3-460x295.jpeg\" width=\"460\" height=\"295\" alt=\"HTF-carousel-3\" title=\"HTF-carousel-3\" loading=\"lazy\" \/>\t\t\t\t\t\t\t\t\n\n\t\t\t\t\t\t\t\t\t\t\t\t\t\t\t<\/a>\n\t\t\t\t\t\t\t\t\t\t\t\t<\/div>\n\t\t\t\t\t\t\t\t\t\t\t<div class=\"wd-gallery-item\">\n\t\t\t\t\t\t\t\t\t\t\t\t\t\t<a href=\"https:\/\/alliedmineral.com\/wp-content\/uploads\/2023\/05\/HTF-carousel-4.jpeg\" data-elementor-open-lightbox=\"no\" data-index=\"5\" data-width=\"600\" data-height=\"429\"  >\n\t\t\t\t\t\t\t\t\n\t\t\t\t\t\t\t\t\t\t\t\t\t\t\t\t\t<img decoding=\"async\" class=\"wd-gallery-image image-5 \" src=\"https:\/\/alliedmineral.com\/wp-content\/uploads\/2023\/05\/HTF-carousel-4-460x295.jpeg\" width=\"460\" height=\"295\" alt=\"HTF-carousel-4\" title=\"HTF-carousel-4\" loading=\"lazy\" \/>\t\t\t\t\t\t\t\t\n\n\t\t\t\t\t\t\t\t\t\t\t\t\t\t\t<\/a>\n\t\t\t\t\t\t\t\t\t\t\t\t<\/div>\n\t\t\t\t\t\t\t\t\t\t\t<div class=\"wd-gallery-item\">\n\t\t\t\t\t\t\t\t\t\t\t\t\t\t<a href=\"https:\/\/alliedmineral.com\/wp-content\/uploads\/2023\/05\/HTF-carousel-7.jpeg\" data-elementor-open-lightbox=\"no\" data-index=\"6\" data-width=\"600\" data-height=\"430\"  >\n\t\t\t\t\t\t\t\t\n\t\t\t\t\t\t\t\t\t\t\t\t\t\t\t\t\t<img decoding=\"async\" class=\"wd-gallery-image image-6 \" src=\"https:\/\/alliedmineral.com\/wp-content\/uploads\/2023\/05\/HTF-carousel-7-460x295.jpeg\" width=\"460\" height=\"295\" alt=\"HTF-carousel-7\" title=\"HTF-carousel-7\" loading=\"lazy\" \/>\t\t\t\t\t\t\t\t\n\n\t\t\t\t\t\t\t\t\t\t\t\t\t\t\t<\/a>\n\t\t\t\t\t\t\t\t\t\t\t\t<\/div>\n\t\t\t\t\t\t\t\t\t\t\t<div class=\"wd-gallery-item\">\n\t\t\t\t\t\t\t\t\t\t\t\t\t\t<a href=\"https:\/\/alliedmineral.com\/wp-content\/uploads\/2023\/05\/HTF-carousel-5.jpeg\" data-elementor-open-lightbox=\"no\" data-index=\"7\" data-width=\"600\" data-height=\"428\"  >\n\t\t\t\t\t\t\t\t\n\t\t\t\t\t\t\t\t\t\t\t\t\t\t\t\t\t<img decoding=\"async\" class=\"wd-gallery-image image-7 \" src=\"https:\/\/alliedmineral.com\/wp-content\/uploads\/2023\/05\/HTF-carousel-5-460x295.jpeg\" width=\"460\" height=\"295\" alt=\"HTF-carousel-5\" title=\"HTF-carousel-5\" loading=\"lazy\" \/>\t\t\t\t\t\t\t\t\n\n\t\t\t\t\t\t\t\t\t\t\t\t\t\t\t<\/a>\n\t\t\t\t\t\t\t\t\t\t\t\t<\/div>\n\t\t\t\t\t\t\t\t\t\t\t\t<\/div>\n\t\t<\/div>\n\t\t\t\t[\/vc_column][\/vc_row]<\/p>\n<\/div>","protected":false},"excerpt":{"rendered":"<p>[vc_row full_width=\u00bbstretch_row\u00bb woodmart_bg_position=\u00bbcenter-bottom\u00bb css=\u00bb.vc_custom_1684333181442{margin-top: -40px !important;padding-top: 10px !important;padding-bottom: 18px !important;background-image: url(https:\/\/alliedmineral.com\/wp-content\/uploads\/2023\/03\/Allied-Minerals-title-1.jpg?id=84) !important;background-position: center !important;background-repeat: no-repeat !important;background-size: cover !important;}\u00bb woodmart_css_id=\u00bb6464e27725146&#8243; responsive_spacing=\u00bbeyJwYXJhbV90eXBlIjoid29vZG1hcnRfcmVzcG9uc2l2ZV9zcGFjaW5nIiwic2VsZWN0b3JfaWQiOiI2NDY0ZTI3NzI1MTQ2Iiwic2hvcnRjb2RlIjoidmNfcm93IiwiZGF0YSI6eyJ0YWJsZXQiOnt9LCJtb2JpbGUiOnt9fX0=\u00bb<\/p>\n","protected":false},"author":3,"featured_media":0,"parent":11286,"menu_order":0,"comment_status":"closed","ping_status":"closed","template":"","meta":{"content-type":"","footnotes":""},"class_list":["post-11367","page","type-page","status-publish","hentry"],"yoast_head":"<!-- This site is optimized with the Yoast SEO plugin v25.7 - https:\/\/yoast.com\/wordpress\/plugins\/seo\/ -->\n<title>Formas prefabricadas para tratamiento t\u00e9rmico y forja<\/title>\n<meta name=\"description\" content=\"Allied produce piezas prefabricadas para aplicaciones de tratamiento t\u00e9rmico y forja, como soleras, techos de veh\u00edculos, muros, bordillos, bloques de quemadores y bloques de muelle.\" \/>\n<meta name=\"robots\" content=\"index, follow, max-snippet:-1, max-image-preview:large, max-video-preview:-1\" \/>\n<link rel=\"canonical\" href=\"https:\/\/alliedmineral.com\/es\/productos\/formas-prefabricadas\/tratamiento-termico-y-forja\/\" \/>\n<meta property=\"og:locale\" content=\"es_ES\" \/>\n<meta property=\"og:type\" content=\"article\" \/>\n<meta property=\"og:title\" content=\"Formas prefabricadas para tratamiento t\u00e9rmico y forja\" \/>\n<meta property=\"og:description\" content=\"Allied produce piezas prefabricadas para aplicaciones de tratamiento t\u00e9rmico y forja, como soleras, techos de veh\u00edculos, muros, bordillos, bloques de quemadores y bloques de muelle.\" \/>\n<meta property=\"og:url\" content=\"https:\/\/alliedmineral.com\/es\/productos\/formas-prefabricadas\/tratamiento-termico-y-forja\/\" \/>\n<meta property=\"og:site_name\" content=\"Allied Mineral Products\" \/>\n<meta property=\"article:modified_time\" content=\"2025-03-06T14:42:14+00:00\" \/>\n<meta name=\"twitter:card\" content=\"summary_large_image\" \/>\n<meta name=\"twitter:label1\" content=\"Tiempo de lectura\" \/>\n\t<meta name=\"twitter:data1\" content=\"4 minutos\" \/>\n<script type=\"application\/ld+json\" class=\"yoast-schema-graph\">{\"@context\":\"https:\/\/schema.org\",\"@graph\":[{\"@type\":\"WebPage\",\"@id\":\"https:\/\/alliedmineral.com\/es\/productos\/formas-prefabricadas\/tratamiento-termico-y-forja\/\",\"url\":\"https:\/\/alliedmineral.com\/es\/productos\/formas-prefabricadas\/tratamiento-termico-y-forja\/\",\"name\":\"Formas prefabricadas para tratamiento t\u00e9rmico y forja\",\"isPartOf\":{\"@id\":\"https:\/\/alliedmineral.com\/es\/#website\"},\"datePublished\":\"2023-05-18T19:14:47+00:00\",\"dateModified\":\"2025-03-06T14:42:14+00:00\",\"description\":\"Allied produce piezas prefabricadas para aplicaciones de tratamiento t\u00e9rmico y forja, como soleras, techos de veh\u00edculos, muros, bordillos, bloques de quemadores y bloques de muelle.\",\"breadcrumb\":{\"@id\":\"https:\/\/alliedmineral.com\/es\/productos\/formas-prefabricadas\/tratamiento-termico-y-forja\/#breadcrumb\"},\"inLanguage\":\"es\",\"potentialAction\":[{\"@type\":\"ReadAction\",\"target\":[\"https:\/\/alliedmineral.com\/es\/productos\/formas-prefabricadas\/tratamiento-termico-y-forja\/\"]}]},{\"@type\":\"BreadcrumbList\",\"@id\":\"https:\/\/alliedmineral.com\/es\/productos\/formas-prefabricadas\/tratamiento-termico-y-forja\/#breadcrumb\",\"itemListElement\":[{\"@type\":\"ListItem\",\"position\":1,\"name\":\"Home\",\"item\":\"https:\/\/alliedmineral.com\/es\/\"},{\"@type\":\"ListItem\",\"position\":2,\"name\":\"Productos\",\"item\":\"https:\/\/alliedmineral.com\/es\/productos\/\"},{\"@type\":\"ListItem\",\"position\":3,\"name\":\"Formas prefabricadas\",\"item\":\"https:\/\/alliedmineral.com\/es\/productos\/formas-prefabricadas\/\"},{\"@type\":\"ListItem\",\"position\":4,\"name\":\"Tratamiento t\u00e9rmico y forja\"}]},{\"@type\":\"WebSite\",\"@id\":\"https:\/\/alliedmineral.com\/es\/#website\",\"url\":\"https:\/\/alliedmineral.com\/es\/\",\"name\":\"Allied Mineral Products\",\"description\":\"\",\"potentialAction\":[{\"@type\":\"SearchAction\",\"target\":{\"@type\":\"EntryPoint\",\"urlTemplate\":\"https:\/\/alliedmineral.com\/es\/?s={search_term_string}\"},\"query-input\":{\"@type\":\"PropertyValueSpecification\",\"valueRequired\":true,\"valueName\":\"search_term_string\"}}],\"inLanguage\":\"es\"}]}<\/script>\n<!-- \/ Yoast SEO plugin. -->","yoast_head_json":{"title":"Formas prefabricadas para tratamiento t\u00e9rmico y forja","description":"Allied produce piezas prefabricadas para aplicaciones de tratamiento t\u00e9rmico y forja, como soleras, techos de veh\u00edculos, muros, bordillos, bloques de quemadores y bloques de muelle.","robots":{"index":"index","follow":"follow","max-snippet":"max-snippet:-1","max-image-preview":"max-image-preview:large","max-video-preview":"max-video-preview:-1"},"canonical":"https:\/\/alliedmineral.com\/es\/productos\/formas-prefabricadas\/tratamiento-termico-y-forja\/","og_locale":"es_ES","og_type":"article","og_title":"Formas prefabricadas para tratamiento t\u00e9rmico y forja","og_description":"Allied produce piezas prefabricadas para aplicaciones de tratamiento t\u00e9rmico y forja, como soleras, techos de veh\u00edculos, muros, bordillos, bloques de quemadores y bloques de muelle.","og_url":"https:\/\/alliedmineral.com\/es\/productos\/formas-prefabricadas\/tratamiento-termico-y-forja\/","og_site_name":"Allied Mineral Products","article_modified_time":"2025-03-06T14:42:14+00:00","twitter_card":"summary_large_image","twitter_misc":{"Tiempo de lectura":"4 minutos"},"schema":{"@context":"https:\/\/schema.org","@graph":[{"@type":"WebPage","@id":"https:\/\/alliedmineral.com\/es\/productos\/formas-prefabricadas\/tratamiento-termico-y-forja\/","url":"https:\/\/alliedmineral.com\/es\/productos\/formas-prefabricadas\/tratamiento-termico-y-forja\/","name":"Formas prefabricadas para tratamiento t\u00e9rmico y forja","isPartOf":{"@id":"https:\/\/alliedmineral.com\/es\/#website"},"datePublished":"2023-05-18T19:14:47+00:00","dateModified":"2025-03-06T14:42:14+00:00","description":"Allied produce piezas prefabricadas para aplicaciones de tratamiento t\u00e9rmico y forja, como soleras, techos de veh\u00edculos, muros, bordillos, bloques de quemadores y bloques de muelle.","breadcrumb":{"@id":"https:\/\/alliedmineral.com\/es\/productos\/formas-prefabricadas\/tratamiento-termico-y-forja\/#breadcrumb"},"inLanguage":"es","potentialAction":[{"@type":"ReadAction","target":["https:\/\/alliedmineral.com\/es\/productos\/formas-prefabricadas\/tratamiento-termico-y-forja\/"]}]},{"@type":"BreadcrumbList","@id":"https:\/\/alliedmineral.com\/es\/productos\/formas-prefabricadas\/tratamiento-termico-y-forja\/#breadcrumb","itemListElement":[{"@type":"ListItem","position":1,"name":"Home","item":"https:\/\/alliedmineral.com\/es\/"},{"@type":"ListItem","position":2,"name":"Productos","item":"https:\/\/alliedmineral.com\/es\/productos\/"},{"@type":"ListItem","position":3,"name":"Formas prefabricadas","item":"https:\/\/alliedmineral.com\/es\/productos\/formas-prefabricadas\/"},{"@type":"ListItem","position":4,"name":"Tratamiento t\u00e9rmico y forja"}]},{"@type":"WebSite","@id":"https:\/\/alliedmineral.com\/es\/#website","url":"https:\/\/alliedmineral.com\/es\/","name":"Allied Mineral Products","description":"","potentialAction":[{"@type":"SearchAction","target":{"@type":"EntryPoint","urlTemplate":"https:\/\/alliedmineral.com\/es\/?s={search_term_string}"},"query-input":{"@type":"PropertyValueSpecification","valueRequired":true,"valueName":"search_term_string"}}],"inLanguage":"es"}]}},"_links":{"self":[{"href":"https:\/\/alliedmineral.com\/es\/wp-json\/wp\/v2\/pages\/11367","targetHints":{"allow":["GET"]}}],"collection":[{"href":"https:\/\/alliedmineral.com\/es\/wp-json\/wp\/v2\/pages"}],"about":[{"href":"https:\/\/alliedmineral.com\/es\/wp-json\/wp\/v2\/types\/page"}],"author":[{"embeddable":true,"href":"https:\/\/alliedmineral.com\/es\/wp-json\/wp\/v2\/users\/3"}],"replies":[{"embeddable":true,"href":"https:\/\/alliedmineral.com\/es\/wp-json\/wp\/v2\/comments?post=11367"}],"version-history":[{"count":0,"href":"https:\/\/alliedmineral.com\/es\/wp-json\/wp\/v2\/pages\/11367\/revisions"}],"up":[{"embeddable":true,"href":"https:\/\/alliedmineral.com\/es\/wp-json\/wp\/v2\/pages\/11286"}],"wp:attachment":[{"href":"https:\/\/alliedmineral.com\/es\/wp-json\/wp\/v2\/media?parent=11367"}],"curies":[{"name":"wp","href":"https:\/\/api.w.org\/{rel}","templated":true}]}}