{"id":11358,"date":"2023-05-04T19:32:33","date_gmt":"2023-05-05T00:32:33","guid":{"rendered":"https:\/\/alliedmineral.com\/industrias\/sujecion-transferencia-de-metales\/tundish\/"},"modified":"2025-03-06T09:40:47","modified_gmt":"2025-03-06T14:40:47","slug":"tundish","status":"publish","type":"page","link":"https:\/\/alliedmineral.com\/es\/industrias\/mantenimiento-y-transferencia-de-metales\/tundish\/","title":{"rendered":"Tundish"},"content":{"rendered":"<div class=\"wpb-content-wrapper\"><p>[vc_row full_width=\u00bbstretch_row\u00bb woodmart_bg_position=\u00bbcenter-bottom\u00bb css=\u00bb.vc_custom_1680617386280{margin-top: -40px !important;padding-top: 10px !important;padding-bottom: 18px !important;background-image: url(https:\/\/alliedmineral.com\/wp-content\/uploads\/2023\/03\/Allied-Minerals-title-1.jpg?id=84) !important;background-position: center !important;background-repeat: no-repeat !important;background-size: cover !important;}\u00bb woodmart_css_id=\u00bb642c2fa3441a4&#8243; responsive_spacing=\u00bbeyJwYXJhbV90eXBlIjoid29vZG1hcnRfcmVzcG9uc2l2ZV9zcGFjaW5nIiwic2VsZWN0b3JfaWQiOiI2NDJjMmZhMzQ0MWE0Iiwic2hvcnRjb2RlIjoidmNfcm93IiwiZGF0YSI6eyJ0YWJsZXQiOnt9LCJtb2JpbGUiOnt9fX0=\u00bb mobile_bg_img_hidden=\u00bbno\u00bb tablet_bg_img_hidden=\u00bbno\u00bb woodmart_parallax=\u00bb0&#8243; woodmart_gradient_switch=\u00bbno\u00bb woodmart_box_shadow=\u00bbno\u00bb wd_z_index=\u00bbno\u00bb woodmart_disable_overflow=\u00bb0&#8243; row_reverse_mobile=\u00bb0&#8243; row_reverse_tablet=\u00bb0&#8243;][vc_column css_animation=\u00bbfadeInUp\u00bb woodmart_css_id=\u00bb642ec2f26e0bf\u00bb parallax_scroll=\u00bbno\u00bb woodmart_sticky_column=\u00bbfalse\u00bb wd_collapsible_content_switcher=\u00bbno\u00bb wd_column_role_offcanvas_desktop=\u00bbno\u00bb wd_column_role_offcanvas_tablet=\u00bbno\u00bb wd_column_role_offcanvas_mobile=\u00bbno\u00bb wd_column_role_content_desktop=\u00bbno\u00bb wd_column_role_content_tablet=\u00bbno\u00bb wd_column_role_content_mobile=\u00bbno\u00bb mobile_bg_img_hidden=\u00bbno\u00bb tablet_bg_img_hidden=\u00bbno\u00bb woodmart_parallax=\u00bb0&#8243; woodmart_box_shadow=\u00bbno\u00bb responsive_spacing=\u00bbeyJwYXJhbV90eXBlIjoid29vZG1hcnRfcmVzcG9uc2l2ZV9zcGFjaW5nIiwic2VsZWN0b3JfaWQiOiI2NDJlYzJmMjZlMGJmIiwic2hvcnRjb2RlIjoidmNfY29sdW1uIiwiZGF0YSI6eyJ0YWJsZXQiOnt9LCJtb2JpbGUiOnt9fX0=\u00bb mobile_reset_margin=\u00bbno\u00bb tablet_reset_margin=\u00bbno\u00bb wd_z_index=\u00bbno\u00bb][vc_custom_heading text=\u00bbTundish\u00bb font_container=\u00bbtag:h1|font_size:40|text_align:left|color:%23ffffff|line_height:1&#8243; use_theme_fonts=\u00bbyes\u00bb el_class=\u00bbpage-title\u00bb css=\u00bb.vc_custom_1683246721301{border-bottom-width: 4px !important;padding-bottom: 20px !important;border-bottom-color: #ee7623 !important;border-bottom-style: solid !important;}\u00bb][\/vc_column][\/vc_row][vc_row content_placement=\u00bbmiddle\u00bb woodmart_css_id=\u00bb643595a53c85d\u00bb responsive_spacing=\u00bbeyJwYXJhbV90eXBlIjoid29vZG1hcnRfcmVzcG9uc2l2ZV9zcGFjaW5nIiwic2VsZWN0b3JfaWQiOiI2NDM1OTVhNTNjODVkIiwic2hvcnRjb2RlIjoidmNfcm93IiwiZGF0YSI6eyJ0YWJsZXQiOnt9LCJtb2JpbGUiOnt9fX0=\u00bb mobile_bg_img_hidden=\u00bbno\u00bb tablet_bg_img_hidden=\u00bbno\u00bb woodmart_parallax=\u00bb0&#8243; woodmart_gradient_switch=\u00bbno\u00bb woodmart_box_shadow=\u00bbno\u00bb wd_z_index=\u00bbno\u00bb woodmart_disable_overflow=\u00bb0&#8243; row_reverse_mobile=\u00bb0&#8243; row_reverse_tablet=\u00bb0&#8243; css=\u00bb.vc_custom_1681233321052{margin-bottom: 60px !important;}\u00bb][vc_column offset=\u00bbvc_col-md-8&#8243; woodmart_css_id=\u00bb6477f29fe00d9&#8243; parallax_scroll=\u00bbno\u00bb woodmart_sticky_column=\u00bbfalse\u00bb wd_collapsible_content_switcher=\u00bbno\u00bb wd_column_role_offcanvas_desktop=\u00bbno\u00bb wd_column_role_offcanvas_tablet=\u00bbno\u00bb wd_column_role_offcanvas_mobile=\u00bbno\u00bb wd_column_role_content_desktop=\u00bbno\u00bb wd_column_role_content_tablet=\u00bbno\u00bb wd_column_role_content_mobile=\u00bbno\u00bb mobile_bg_img_hidden=\u00bbno\u00bb tablet_bg_img_hidden=\u00bbno\u00bb woodmart_parallax=\u00bb0&#8243; woodmart_box_shadow=\u00bbno\u00bb responsive_spacing=\u00bbeyJwYXJhbV90eXBlIjoid29vZG1hcnRfcmVzcG9uc2l2ZV9zcGFjaW5nIiwic2VsZWN0b3JfaWQiOiI2NDc3ZjI5ZmUwMGQ5Iiwic2hvcnRjb2RlIjoidmNfY29sdW1uIiwiZGF0YSI6eyJ0YWJsZXQiOnt9LCJtb2JpbGUiOnt9fX0=\u00bb mobile_reset_margin=\u00bbno\u00bb tablet_reset_margin=\u00bbno\u00bb wd_z_index=\u00bbno\u00bb][vc_single_image image=\u00bb7531&#8243; img_size=\u00bbfull\u00bb alignment=\u00bbcenter\u00bb parallax_scroll=\u00bbno\u00bb woodmart_inline=\u00bbno\u00bb][\/vc_column][vc_column woodmart_css_id=\u00bb6477f2a6dc20c\u00bb parallax_scroll=\u00bbno\u00bb woodmart_sticky_column=\u00bbfalse\u00bb wd_collapsible_content_switcher=\u00bbno\u00bb wd_column_role_offcanvas_desktop=\u00bbno\u00bb wd_column_role_offcanvas_tablet=\u00bbno\u00bb wd_column_role_offcanvas_mobile=\u00bbno\u00bb wd_column_role_content_desktop=\u00bbno\u00bb wd_column_role_content_tablet=\u00bbno\u00bb wd_column_role_content_mobile=\u00bbno\u00bb mobile_bg_img_hidden=\u00bbno\u00bb tablet_bg_img_hidden=\u00bbno\u00bb woodmart_parallax=\u00bb0&#8243; woodmart_box_shadow=\u00bbno\u00bb responsive_spacing=\u00bbeyJwYXJhbV90eXBlIjoid29vZG1hcnRfcmVzcG9uc2l2ZV9zcGFjaW5nIiwic2VsZWN0b3JfaWQiOiI2NDc3ZjJhNmRjMjBjIiwic2hvcnRjb2RlIjoidmNfY29sdW1uIiwiZGF0YSI6eyJ0YWJsZXQiOnt9LCJtb2JpbGUiOnt9fX0=\u00bb mobile_reset_margin=\u00bbno\u00bb tablet_reset_margin=\u00bbno\u00bb wd_z_index=\u00bbno\u00bb offset=\u00bbvc_col-md-4&#8243;][vc_custom_heading text=\u00bbSujeci\u00f3n \/ Transferencia de metales\u00bb font_container=\u00bbtag:h3|text_align:left|color:%23ee7623&#8243; use_theme_fonts=\u00bbyes\u00bb css=\u00bb.vc_custom_1683246771665{margin-bottom: 0px !important;}\u00bb][vc_custom_heading text=\u00bbTundish\u00bb font_container=\u00bbtag:h2|text_align:left|color:%231a1a1a\u00bb use_theme_fonts=\u00bbyes\u00bb][vc_column_text woodmart_inline=\u00bbno\u00bb text_larger=\u00bbno\u00bb]Nuestros duraderos productos refractarios microendurecidos son capaces de hacer frente a las duras condiciones de las aplicaciones de metal fundido. Ofrecemos productos DRI-VIBE\u00ae, yesos y pl\u00e1sticos y hormigones dise\u00f1ados espec\u00edficamente para los tundish. Ofrecen estas ventajas:<\/p>\n<ul>\n<li>F\u00e1cil instalaci\u00f3n<\/li>\n<li>Resistencia mec\u00e1nica superior<\/li>\n<li>Excelente resistencia a la abrasi\u00f3n<\/li>\n<li>Secado flexible<\/li>\n<li>Caracter\u00edsticas mejoradas de los ciclos t\u00e9rmicos<\/li>\n<li>Capacidades de <a href=\"\/es\/?page_id=11286\">formas prefabricadas<\/a> <\/li>\n<\/ul>\n<p>[\/vc_column_text]<div id=\"wd-642eff5a4f8b3\" class=\" wd-rs-642eff5a4f8b3  wd-button-wrapper text-left\"><a href=\"\/es\/?page_id=11278\" title=\"P\u00f3ngase en contacto con\" class=\"btn btn-scheme-light btn-scheme-hover-light btn-style-default btn-style-rectangle btn-size-default\">SOLICITAR PRESUPUESTO<\/a><\/div>[\/vc_column][\/vc_row][vc_row full_width=\u00bbstretch_row\u00bb equal_height=\u00bbyes\u00bb css=\u00bb.vc_custom_1685582518582{margin-bottom: -40px !important;padding-top: 100px !important;padding-bottom: 100px !important;}\u00bb woodmart_css_id=\u00bb6477f2af276ed\u00bb responsive_spacing=\u00bbeyJwYXJhbV90eXBlIjoid29vZG1hcnRfcmVzcG9uc2l2ZV9zcGFjaW5nIiwic2VsZWN0b3JfaWQiOiI2NDc3ZjJhZjI3NmVkIiwic2hvcnRjb2RlIjoidmNfcm93IiwiZGF0YSI6eyJ0YWJsZXQiOnt9LCJtb2JpbGUiOnsicGFkZGluZy10b3AiOiI1MCIsInBhZGRpbmctYm90dG9tIjoiNTAifX19&#8243; mobile_bg_img_hidden=\u00bbno\u00bb tablet_bg_img_hidden=\u00bbno\u00bb woodmart_parallax=\u00bb0&#8243; woodmart_gradient_switch=\u00bbyes\u00bb woodmart_box_shadow=\u00bbno\u00bb wd_z_index=\u00bbno\u00bb woodmart_disable_overflow=\u00bb0&#8243; row_reverse_mobile=\u00bb0&#8243; row_reverse_tablet=\u00bb0&#8243; woodmart_color_gradient=\u00bbrgb(0, 116, 115)-0\/rgb(0, 0, 0)-100\/|linear-gradient(top , rgb(0, 116, 115) , rgb(0, 0, 0) 100%)|linear|top\u00bb][vc_column width=\u00bb5\/6&#8243; woodmart_css_id=\u00bb6477f2bcb39df\u00bb parallax_scroll=\u00bbno\u00bb woodmart_sticky_column=\u00bbfalse\u00bb wd_collapsible_content_switcher=\u00bbno\u00bb wd_column_role_offcanvas_desktop=\u00bbno\u00bb wd_column_role_offcanvas_tablet=\u00bbno\u00bb wd_column_role_offcanvas_mobile=\u00bbno\u00bb wd_column_role_content_desktop=\u00bbno\u00bb wd_column_role_content_tablet=\u00bbno\u00bb wd_column_role_content_mobile=\u00bbno\u00bb mobile_bg_img_hidden=\u00bbno\u00bb tablet_bg_img_hidden=\u00bbno\u00bb woodmart_parallax=\u00bb0&#8243; woodmart_box_shadow=\u00bbno\u00bb responsive_spacing=\u00bbeyJwYXJhbV90eXBlIjoid29vZG1hcnRfcmVzcG9uc2l2ZV9zcGFjaW5nIiwic2VsZWN0b3JfaWQiOiI2NDc3ZjJiY2IzOWRmIiwic2hvcnRjb2RlIjoidmNfY29sdW1uIiwiZGF0YSI6eyJ0YWJsZXQiOnsicGFkZGluZy1yaWdodCI6IiAiLCJwYWRkaW5nLWxlZnQiOiIgIn0sIm1vYmlsZSI6eyJwYWRkaW5nLXJpZ2h0IjoiICIsInBhZGRpbmctbGVmdCI6IiAifX19&#8243; mobile_reset_margin=\u00bbno\u00bb tablet_reset_margin=\u00bbno\u00bb wd_z_index=\u00bbno\u00bb offset=\u00bbvc_col-md-offset-2 vc_col-md-8 vc_col-xs-offset-1 vc_col-xs-10&#8243; css=\u00bb.vc_custom_1685582533931{margin-bottom: 0px !important;padding-top: 0px !important;padding-right: 0px !important;padding-bottom: 0px !important;padding-left: 0px !important;}\u00bb][vc_raw_html css=\u00bb.vc_custom_1683248165017{margin-bottom: 0px !important;}\u00bb]PGRpdj4KPGgzIHN0eWxlPSJ0ZXh0LWFsaWduOiBjZW50ZXI7IGNvbG9yOiAjZmZmOyI+UGxhdG8gZGUgYWxlYWNpw7NuIGRlIGFjZXJvPC9oMz4KPHRhYmxlIGNsYXNzPSJpbmR1c3RyaWVzLXRhYmxlIiB3aWR0aD0iMTAwJSI+Cjx0aGVhZCBjbGFzcz0iaW5kdXN0cmllcy1vcmctaGVhZC10YWJsZSI+Cjx0cj4KPHRoIGFsaWduPSJsZWZ0Ij5ab25hPC90aD4KPHRoIGFsaWduPSJsZWZ0Ij5Qcm9kdWN0b3MgcHJpbmNpcGFsZXM8L3RoPgo8L3RyPgo8L3RoZWFkPgo8dGJvZHk+Cjx0cj4KPHRkIGFsaWduPSJsZWZ0Ij5TdWVsby9wYXJlZCBsYXRlcmFsPC90ZD4KPHRkIGFsaWduPSJsZWZ0Ij5DVyA5NjUgTU9MREVBQkxFPGJyPgpMQ0YgMzg0QTwvdGQ+CjwvdHI+Cjx0cj4KPHRkIGFsaWduPSJsZWZ0Ij5SZXZlc3RpbWllbnRvcyBkZSBhcnRlc2FzPC90ZD4KPHRkIGFsaWduPSJsZWZ0Ij5DVyA4NSBLT1RFPGJyPgpQT1pPIENXIExBRExFPGJyPgo8c3VwPlQtQ09BVMKuPC9zdXA+IDY5Mk08YnI+CjxzdXA+VC1DT0FUwq48L3N1cD4gNjg5TTwvdGQ+CjwvdHI+CjwvdGJvZHk+CjwvdGFibGU+CiAKPGgzIHN0eWxlPSJ0ZXh0LWFsaWduOiBjZW50ZXI7IGNvbG9yOiAjZmZmOyI+VHVuZGlzaCBkZSBjb2JyZTwvaDM+Cjx0YWJsZSBjbGFzcz0iaW5kdXN0cmllcy10YWJsZSIgd2lkdGg9IjEwMCUiPgo8dGhlYWQgY2xhc3M9ImluZHVzdHJpZXMtb3JnLWhlYWQtdGFibGUiPgo8dHI+Cjx0aCBhbGlnbj0ibGVmdCI+Wm9uYTwvdGg+Cjx0aCBhbGlnbj0ibGVmdCI+UHJvZHVjdG9zIHByaW5jaXBhbGVzPC90aD4KPC90cj4KPC90aGVhZD4KPHRib2R5Pgo8dHI+Cjx0ZCBhbGlnbj0ibGVmdCI+U3VlbG8vcGFyZWQgbGF0ZXJhbDwvdGQ+Cjx0ZCBhbGlnbj0ibGVmdCI+ICBEdXJhbGFzdCBTaUM8YnI+CjxzdXA+QVJNT1JNQVjCrjwvc3VwPiAyOCBTaUM8YnI+CjxzdXA+VFVGRkNSRVRFwq48L3N1cD4gNjAgU2lDPC90ZD4KPC90cj4KPHRyPgo8dGQgYWxpZ249ImxlZnQiPlByb2R1Y3RvcyBkZSBhcG95bzwvdGQ+Cjx0ZCBhbGlnbj0ibGVmdCI+PGEgaHJlZj0iL3Byb2R1Y3RzL3RoZXJtYWwtaW50ZWdyYXRlZC1tYXRlcmlhbHMvc3RvcHBlci1yb2RzLW5venplbHMvIj5QYXNhZG9yZXMgeSB2YXJpbGxhcyBkZSBtZWRpY2nDs24gIDwvYT48L3RkPgo8L3RyPgo8L3Rib2R5Pgo8L3RhYmxlPgogCjxoMyBzdHlsZT0idGV4dC1hbGlnbjogY2VudGVyOyBjb2xvcjogI2ZmZjsiPkFydGVzYSBkZSBoaWVycm8gKHVuaWRhZCBkZSB2ZXJ0aWRvIHNpbiBjYWxlZmFjY2nDs24pPC9oMz4KPHRhYmxlIGNsYXNzPSJpbmR1c3RyaWVzLXRhYmxlIiB3aWR0aD0iMTAwJSI+Cjx0aGVhZCBjbGFzcz0iaW5kdXN0cmllcy1vcmctaGVhZC10YWJsZSI+Cjx0cj4KPHRoIGFsaWduPSJsZWZ0Ij5ab25hPC90aD4KPHRoIGFsaWduPSJsZWZ0Ij5Qcm9kdWN0b3MgcHJpbmNpcGFsZXM8L3RoPgo8L3RyPgo8L3RoZWFkPgo8dGJvZHk+Cjx0cj4KPHRkIGFsaWduPSJsZWZ0Ij5DdWVycG88L3RkPgo8dGQgYWxpZ249ImxlZnQiPkNXIDk2NSBNT0xERUFCTEU8YnI+CjxzdXA+Vi1DQVNUwq48L3N1cD4gNjk5QTxicj4KUVVJQ0sgPHN1cD5DQVNUwq48L3N1cD4gNjI8YnI+CkZvcm1hcyBwcmVmYWJyaWNhZGFzPC90ZD4KPC90cj4KPHRyPgo8dGQgYWxpZ249ImxlZnQiPlBvcnRhZGE8L3RkPgo8dGQgYWxpZ249ImxlZnQiPk1JTlJPLUZJUkUgQ0FTVCBGODA8YnI+CjxzdXA+SU5TVUxNSVjCrjwvc3VwPiAyNDUwIChyZXNlcnZhKTwvdGQ+CjwvdHI+Cjx0cj4KPHRkIGFsaWduPSJsZWZ0Ij5Qcm9kdWN0b3MgZGUgYXBveW88L3RkPgo8dGQgYWxpZ249ImxlZnQiPjxhIGhyZWY9Ii9wcm9kdWN0cy90aGVybWFsLWludGVncmF0ZWQtbWF0ZXJpYWxzL3N0b3BwZXItcm9kcy1ub3p6ZWxzLyI+VmFyaWxsYXMgeSBib3F1aWxsYXMgSGFnZW5idXJnZXIgIDwvYT48L3RkPgo8L3RyPgo8L3Rib2R5Pgo8L3RhYmxlPgogCjxoMyBzdHlsZT0idGV4dC1hbGlnbjogY2VudGVyOyBjb2xvcjogI2ZmZjsiPlR1bmRpc2ggZGUgdmFjw61vPC9oMz4KPHRhYmxlIGNsYXNzPSJpbmR1c3RyaWVzLXRhYmxlIiB3aWR0aD0iMTAwJSI+Cjx0aGVhZCBjbGFzcz0iaW5kdXN0cmllcy1vcmctaGVhZC10YWJsZSI+Cjx0cj4KPHRoIGFsaWduPSJsZWZ0Ij5ab25hPC90aD4KPHRoIGFsaWduPSJsZWZ0Ij5Qcm9kdWN0b3MgcHJpbmNpcGFsZXM8L3RoPgo8L3RyPgo8L3RoZWFkPgo8dGJvZHk+Cjx0cj4KPHRkIGFsaWduPSJsZWZ0Ij5TdWVsby9wYXJlZCBsYXRlcmFsPC90ZD4KPHRkIGFsaWduPSJsZWZ0Ij48YSBocmVmPSIvZXMvP3BhZ2VfaWQ9MTEyODYiPkZvcm1hcyBwcmVmYWJyaWNhZGFzPC9hPjogUHVyZXphIHVsdHJhIGFsdGEgY29uIDcwJSBvIDkwJSBkZSBhbMO6bWluYSBhw7FhZGlkYTwvdGQ+CjwvdHI+CjwvdGJvZHk+CjwvdGFibGU+CjwvZGl2Pg==[\/vc_raw_html][\/vc_column][\/vc_row]<\/p>\n<\/div>","protected":false},"excerpt":{"rendered":"<p>[vc_row full_width=\u00bbstretch_row\u00bb woodmart_bg_position=\u00bbcenter-bottom\u00bb css=\u00bb.vc_custom_1680617386280{margin-top: -40px !important;padding-top: 10px !important;padding-bottom: 18px !important;background-image: url(https:\/\/alliedmineral.com\/wp-content\/uploads\/2023\/03\/Allied-Minerals-title-1.jpg?id=84) !important;background-position: center !important;background-repeat: no-repeat !important;background-size: cover !important;}\u00bb woodmart_css_id=\u00bb642c2fa3441a4&#8243; responsive_spacing=\u00bbeyJwYXJhbV90eXBlIjoid29vZG1hcnRfcmVzcG9uc2l2ZV9zcGFjaW5nIiwic2VsZWN0b3JfaWQiOiI2NDJjMmZhMzQ0MWE0Iiwic2hvcnRjb2RlIjoidmNfcm93IiwiZGF0YSI6eyJ0YWJsZXQiOnt9LCJtb2JpbGUiOnt9fX0=\u00bb<\/p>\n","protected":false},"author":3,"featured_media":0,"parent":11290,"menu_order":0,"comment_status":"closed","ping_status":"closed","template":"","meta":{"content-type":"","footnotes":""},"class_list":["post-11358","page","type-page","status-publish","hentry"],"yoast_head":"<!-- This site is optimized with the Yoast SEO plugin v25.7 - https:\/\/yoast.com\/wordpress\/plugins\/seo\/ -->\n<title>Productos refractarios para todas las \u00e1reas de una artesa de colada en la industria sider\u00fargica integrada.<\/title>\n<meta name=\"description\" content=\"Allied ofrece DRI-VIBE\u00ae, yesos\/pl\u00e1sticos y hormigones fabricados espec\u00edficamente para tundish en la sujeci\u00f3n y transferencia de metales.\" \/>\n<meta name=\"robots\" content=\"index, follow, max-snippet:-1, max-image-preview:large, max-video-preview:-1\" \/>\n<link rel=\"canonical\" href=\"https:\/\/alliedmineral.com\/es\/industrias\/mantenimiento-y-transferencia-de-metales\/tundish\/\" \/>\n<meta property=\"og:locale\" content=\"es_ES\" \/>\n<meta property=\"og:type\" content=\"article\" \/>\n<meta property=\"og:title\" content=\"Productos refractarios para todas las \u00e1reas de una artesa de colada en la industria sider\u00fargica integrada.\" \/>\n<meta property=\"og:description\" content=\"Allied ofrece DRI-VIBE\u00ae, yesos\/pl\u00e1sticos y hormigones fabricados espec\u00edficamente para tundish en la sujeci\u00f3n y transferencia de metales.\" \/>\n<meta property=\"og:url\" content=\"https:\/\/alliedmineral.com\/es\/industrias\/mantenimiento-y-transferencia-de-metales\/tundish\/\" \/>\n<meta property=\"og:site_name\" content=\"Allied Mineral Products\" \/>\n<meta property=\"article:modified_time\" content=\"2025-03-06T14:40:47+00:00\" \/>\n<meta name=\"twitter:card\" content=\"summary_large_image\" \/>\n<meta name=\"twitter:label1\" content=\"Tiempo de lectura\" \/>\n\t<meta name=\"twitter:data1\" content=\"8 minutos\" \/>\n<script type=\"application\/ld+json\" class=\"yoast-schema-graph\">{\"@context\":\"https:\/\/schema.org\",\"@graph\":[{\"@type\":\"WebPage\",\"@id\":\"https:\/\/alliedmineral.com\/es\/industrias\/mantenimiento-y-transferencia-de-metales\/tundish\/\",\"url\":\"https:\/\/alliedmineral.com\/es\/industrias\/mantenimiento-y-transferencia-de-metales\/tundish\/\",\"name\":\"Productos refractarios para todas las \u00e1reas de una artesa de colada en la industria sider\u00fargica integrada.\",\"isPartOf\":{\"@id\":\"https:\/\/alliedmineral.com\/es\/#website\"},\"datePublished\":\"2023-05-05T00:32:33+00:00\",\"dateModified\":\"2025-03-06T14:40:47+00:00\",\"description\":\"Allied ofrece DRI-VIBE\u00ae, yesos\/pl\u00e1sticos y hormigones fabricados espec\u00edficamente para tundish en la sujeci\u00f3n y transferencia de metales.\",\"breadcrumb\":{\"@id\":\"https:\/\/alliedmineral.com\/es\/industrias\/mantenimiento-y-transferencia-de-metales\/tundish\/#breadcrumb\"},\"inLanguage\":\"es\",\"potentialAction\":[{\"@type\":\"ReadAction\",\"target\":[\"https:\/\/alliedmineral.com\/es\/industrias\/mantenimiento-y-transferencia-de-metales\/tundish\/\"]}]},{\"@type\":\"BreadcrumbList\",\"@id\":\"https:\/\/alliedmineral.com\/es\/industrias\/mantenimiento-y-transferencia-de-metales\/tundish\/#breadcrumb\",\"itemListElement\":[{\"@type\":\"ListItem\",\"position\":1,\"name\":\"Home\",\"item\":\"https:\/\/alliedmineral.com\/es\/\"},{\"@type\":\"ListItem\",\"position\":2,\"name\":\"Industrias\",\"item\":\"https:\/\/alliedmineral.com\/es\/industrias\/\"},{\"@type\":\"ListItem\",\"position\":3,\"name\":\"MANTENIMIENTO Y TRANSFERENCIA DE METALES\",\"item\":\"https:\/\/alliedmineral.com\/es\/industrias\/mantenimiento-y-transferencia-de-metales\/\"},{\"@type\":\"ListItem\",\"position\":4,\"name\":\"Tundish\"}]},{\"@type\":\"WebSite\",\"@id\":\"https:\/\/alliedmineral.com\/es\/#website\",\"url\":\"https:\/\/alliedmineral.com\/es\/\",\"name\":\"Allied Mineral Products\",\"description\":\"\",\"potentialAction\":[{\"@type\":\"SearchAction\",\"target\":{\"@type\":\"EntryPoint\",\"urlTemplate\":\"https:\/\/alliedmineral.com\/es\/?s={search_term_string}\"},\"query-input\":{\"@type\":\"PropertyValueSpecification\",\"valueRequired\":true,\"valueName\":\"search_term_string\"}}],\"inLanguage\":\"es\"}]}<\/script>\n<!-- \/ Yoast SEO plugin. -->","yoast_head_json":{"title":"Productos refractarios para todas las \u00e1reas de una artesa de colada en la industria sider\u00fargica integrada.","description":"Allied ofrece DRI-VIBE\u00ae, yesos\/pl\u00e1sticos y hormigones fabricados espec\u00edficamente para tundish en la sujeci\u00f3n y transferencia de metales.","robots":{"index":"index","follow":"follow","max-snippet":"max-snippet:-1","max-image-preview":"max-image-preview:large","max-video-preview":"max-video-preview:-1"},"canonical":"https:\/\/alliedmineral.com\/es\/industrias\/mantenimiento-y-transferencia-de-metales\/tundish\/","og_locale":"es_ES","og_type":"article","og_title":"Productos refractarios para todas las \u00e1reas de una artesa de colada en la industria sider\u00fargica integrada.","og_description":"Allied ofrece DRI-VIBE\u00ae, yesos\/pl\u00e1sticos y hormigones fabricados espec\u00edficamente para tundish en la sujeci\u00f3n y transferencia de metales.","og_url":"https:\/\/alliedmineral.com\/es\/industrias\/mantenimiento-y-transferencia-de-metales\/tundish\/","og_site_name":"Allied Mineral Products","article_modified_time":"2025-03-06T14:40:47+00:00","twitter_card":"summary_large_image","twitter_misc":{"Tiempo de lectura":"8 minutos"},"schema":{"@context":"https:\/\/schema.org","@graph":[{"@type":"WebPage","@id":"https:\/\/alliedmineral.com\/es\/industrias\/mantenimiento-y-transferencia-de-metales\/tundish\/","url":"https:\/\/alliedmineral.com\/es\/industrias\/mantenimiento-y-transferencia-de-metales\/tundish\/","name":"Productos refractarios para todas las \u00e1reas de una artesa de colada en la industria sider\u00fargica integrada.","isPartOf":{"@id":"https:\/\/alliedmineral.com\/es\/#website"},"datePublished":"2023-05-05T00:32:33+00:00","dateModified":"2025-03-06T14:40:47+00:00","description":"Allied ofrece DRI-VIBE\u00ae, yesos\/pl\u00e1sticos y hormigones fabricados espec\u00edficamente para tundish en la sujeci\u00f3n y transferencia de metales.","breadcrumb":{"@id":"https:\/\/alliedmineral.com\/es\/industrias\/mantenimiento-y-transferencia-de-metales\/tundish\/#breadcrumb"},"inLanguage":"es","potentialAction":[{"@type":"ReadAction","target":["https:\/\/alliedmineral.com\/es\/industrias\/mantenimiento-y-transferencia-de-metales\/tundish\/"]}]},{"@type":"BreadcrumbList","@id":"https:\/\/alliedmineral.com\/es\/industrias\/mantenimiento-y-transferencia-de-metales\/tundish\/#breadcrumb","itemListElement":[{"@type":"ListItem","position":1,"name":"Home","item":"https:\/\/alliedmineral.com\/es\/"},{"@type":"ListItem","position":2,"name":"Industrias","item":"https:\/\/alliedmineral.com\/es\/industrias\/"},{"@type":"ListItem","position":3,"name":"MANTENIMIENTO Y TRANSFERENCIA DE METALES","item":"https:\/\/alliedmineral.com\/es\/industrias\/mantenimiento-y-transferencia-de-metales\/"},{"@type":"ListItem","position":4,"name":"Tundish"}]},{"@type":"WebSite","@id":"https:\/\/alliedmineral.com\/es\/#website","url":"https:\/\/alliedmineral.com\/es\/","name":"Allied Mineral Products","description":"","potentialAction":[{"@type":"SearchAction","target":{"@type":"EntryPoint","urlTemplate":"https:\/\/alliedmineral.com\/es\/?s={search_term_string}"},"query-input":{"@type":"PropertyValueSpecification","valueRequired":true,"valueName":"search_term_string"}}],"inLanguage":"es"}]}},"_links":{"self":[{"href":"https:\/\/alliedmineral.com\/es\/wp-json\/wp\/v2\/pages\/11358","targetHints":{"allow":["GET"]}}],"collection":[{"href":"https:\/\/alliedmineral.com\/es\/wp-json\/wp\/v2\/pages"}],"about":[{"href":"https:\/\/alliedmineral.com\/es\/wp-json\/wp\/v2\/types\/page"}],"author":[{"embeddable":true,"href":"https:\/\/alliedmineral.com\/es\/wp-json\/wp\/v2\/users\/3"}],"replies":[{"embeddable":true,"href":"https:\/\/alliedmineral.com\/es\/wp-json\/wp\/v2\/comments?post=11358"}],"version-history":[{"count":0,"href":"https:\/\/alliedmineral.com\/es\/wp-json\/wp\/v2\/pages\/11358\/revisions"}],"up":[{"embeddable":true,"href":"https:\/\/alliedmineral.com\/es\/wp-json\/wp\/v2\/pages\/11290"}],"wp:attachment":[{"href":"https:\/\/alliedmineral.com\/es\/wp-json\/wp\/v2\/media?parent=11358"}],"curies":[{"name":"wp","href":"https:\/\/api.w.org\/{rel}","templated":true}]}}