{"id":11357,"date":"2023-05-01T20:31:06","date_gmt":"2023-05-02T01:31:06","guid":{"rendered":"https:\/\/alliedmineral.com\/industrias\/acero-integrado-y-eaf\/horno-de-solera-giratoria\/"},"modified":"2025-03-06T09:39:01","modified_gmt":"2025-03-06T14:39:01","slug":"horno-de-solera-giratoria","status":"publish","type":"page","link":"https:\/\/alliedmineral.com\/es\/industrias\/acero-integrado-y-eaf\/horno-de-solera-giratoria\/","title":{"rendered":"Horno de solera giratoria"},"content":{"rendered":"<div class=\"wpb-content-wrapper\"><p>[vc_row full_width=\u00bbstretch_row\u00bb woodmart_bg_position=\u00bbcenter-bottom\u00bb css=\u00bb.vc_custom_1680617386280{margin-top: -40px !important;padding-top: 10px !important;padding-bottom: 18px !important;background-image: url(https:\/\/alliedmineral.com\/wp-content\/uploads\/2023\/03\/Allied-Minerals-title-1.jpg?id=84) !important;background-position: center !important;background-repeat: no-repeat !important;background-size: cover !important;}\u00bb woodmart_css_id=\u00bb642c2fa3441a4&#8243; responsive_spacing=\u00bbeyJwYXJhbV90eXBlIjoid29vZG1hcnRfcmVzcG9uc2l2ZV9zcGFjaW5nIiwic2VsZWN0b3JfaWQiOiI2NDJjMmZhMzQ0MWE0Iiwic2hvcnRjb2RlIjoidmNfcm93IiwiZGF0YSI6eyJ0YWJsZXQiOnt9LCJtb2JpbGUiOnt9fX0=\u00bb mobile_bg_img_hidden=\u00bbno\u00bb tablet_bg_img_hidden=\u00bbno\u00bb woodmart_parallax=\u00bb0&#8243; woodmart_gradient_switch=\u00bbno\u00bb woodmart_box_shadow=\u00bbno\u00bb wd_z_index=\u00bbno\u00bb woodmart_disable_overflow=\u00bb0&#8243; row_reverse_mobile=\u00bb0&#8243; row_reverse_tablet=\u00bb0&#8243;][vc_column css_animation=\u00bbfadeInUp\u00bb woodmart_css_id=\u00bb643d6e130ffc3&#8243; parallax_scroll=\u00bbno\u00bb woodmart_sticky_column=\u00bbfalse\u00bb wd_collapsible_content_switcher=\u00bbno\u00bb wd_column_role_offcanvas_desktop=\u00bbno\u00bb wd_column_role_offcanvas_tablet=\u00bbno\u00bb wd_column_role_offcanvas_mobile=\u00bbno\u00bb wd_column_role_content_desktop=\u00bbno\u00bb wd_column_role_content_tablet=\u00bbno\u00bb wd_column_role_content_mobile=\u00bbno\u00bb mobile_bg_img_hidden=\u00bbno\u00bb tablet_bg_img_hidden=\u00bbno\u00bb woodmart_parallax=\u00bb0&#8243; woodmart_box_shadow=\u00bbno\u00bb responsive_spacing=\u00bbeyJwYXJhbV90eXBlIjoid29vZG1hcnRfcmVzcG9uc2l2ZV9zcGFjaW5nIiwic2VsZWN0b3JfaWQiOiI2NDNkNmUxMzBmZmMzIiwic2hvcnRjb2RlIjoidmNfY29sdW1uIiwiZGF0YSI6eyJ0YWJsZXQiOnt9LCJtb2JpbGUiOnt9fX0=\u00bb mobile_reset_margin=\u00bbno\u00bb tablet_reset_margin=\u00bbno\u00bb wd_z_index=\u00bbno\u00bb][vc_custom_heading text=\u00bbHorno de solera giratoria\u00bb font_container=\u00bbtag:h1|font_size:40|text_align:left|color:%23ffffff|line_height:1&#8243; use_theme_fonts=\u00bbyes\u00bb el_class=\u00bbpage-title\u00bb css=\u00bb.vc_custom_1681746656643{border-bottom-width: 4px !important;padding-bottom: 20px !important;border-bottom-color: #ee7623 !important;border-bottom-style: solid !important;}\u00bb][\/vc_column][\/vc_row][vc_row woodmart_css_id=\u00bb643d734e8a16a\u00bb responsive_spacing=\u00bbeyJwYXJhbV90eXBlIjoid29vZG1hcnRfcmVzcG9uc2l2ZV9zcGFjaW5nIiwic2VsZWN0b3JfaWQiOiI2NDNkNzM0ZThhMTZhIiwic2hvcnRjb2RlIjoidmNfcm93IiwiZGF0YSI6eyJ0YWJsZXQiOnt9LCJtb2JpbGUiOnt9fX0=\u00bb mobile_bg_img_hidden=\u00bbno\u00bb tablet_bg_img_hidden=\u00bbno\u00bb woodmart_parallax=\u00bb0&#8243; woodmart_gradient_switch=\u00bbno\u00bb woodmart_box_shadow=\u00bbno\u00bb wd_z_index=\u00bbno\u00bb woodmart_disable_overflow=\u00bb0&#8243; row_reverse_mobile=\u00bb0&#8243; row_reverse_tablet=\u00bb0&#8243; css=\u00bb.vc_custom_1681748820078{margin-bottom: 100px !important;}\u00bb][vc_column width=\u00bb2\/3&#8243;]\t\t\t<link rel=\"stylesheet\" id=\"wd-image-hotspot-css\" href=\"https:\/\/alliedmineral.com\/wp-content\/themes\/woodmart\/woodmart\/css\/parts\/el-hotspot.min.css?ver=7.1.4\" type=\"text\/css\" media=\"all\" \/> \t\t\t\t\t\t<link rel=\"stylesheet\" id=\"wd-mod-more-description-css\" href=\"https:\/\/alliedmineral.com\/wp-content\/themes\/woodmart\/woodmart\/css\/parts\/mod-more-description.min.css?ver=7.1.4\" type=\"text\/css\" media=\"all\" \/> \t\t\t\t\t<div class=\"wd-image-hotspot-wrapper wd-rs-643d6df386f75 hotspot-action-hover hotspot-icon-default color-scheme-dark \">\n\t\t\t<div class=\"wd-image-hotspot-hotspots\">\n\t\t\t\t<img loading=\"lazy\" decoding=\"async\" width=\"800\" height=\"652\" src=\"https:\/\/alliedmineral.com\/wp-content\/uploads\/2023\/04\/rotary-hearth.png\" class=\"wd-image-hotspot-img attachment-full\" alt=\"\" title=\"rotary-hearth\" srcset=\"https:\/\/alliedmineral.com\/wp-content\/uploads\/2023\/04\/rotary-hearth.png 800w, https:\/\/alliedmineral.com\/wp-content\/uploads\/2023\/04\/rotary-hearth-300x245.png 300w, https:\/\/alliedmineral.com\/wp-content\/uploads\/2023\/04\/rotary-hearth-768x626.png 768w, https:\/\/alliedmineral.com\/wp-content\/uploads\/2023\/04\/rotary-hearth-600x489.png 600w, https:\/\/alliedmineral.com\/wp-content\/uploads\/2023\/04\/rotary-hearth-150x122.png 150w\" sizes=\"auto, (max-width: 800px) 100vw, 800px\" \/><div class=\"wd-image-hotspot hotspot-type-text\" style=\"left: 20.974%; top: 30.052%;\"><span class=\"hotspot-sonar\"><\/span><div class=\"hotspot-btn wd-fill\"><\/div><div class=\"hotspot-text hotspot-content hotspot-dropdown-bottom\"><h4 class=\"wd-entities-title\">TECHO<\/h4><div class=\"hotspot-content-text set-cont-mb-s reset-last-child\"><\/p>\n<div class=\"hover-table-info\">\n<table class=\"hover-tables\">\n<tbody>\n<tr class=\"hover-table-1\">\n<td class=\"table-product\"><sup>ALAKAST\u00ae<\/sup> 65 LC-P<\/td>\n<td>Hormig\u00f3n moldeable por bombeo\/vibraci\u00f3n con un 60% de bajo contenido en cemento y alta resistencia<\/td>\n<\/tr>\n<tr>\n<td class=\"table-product\">BLAST <sup>KAST\u00ae<\/sup> 70 LC<\/td>\n<td>Hormig\u00f3n proyectado de bajo contenido en cemento con un 70% de al\u00famina a base de mullita<\/td>\n<\/tr>\n<\/tbody>\n<\/table>\n<\/div>\n<p>&nbsp;<\/p>\n<h5 style=\"text-align: center;\"><a style=\"color: #007473;\" href=\"\/wp-content\/uploads\/2023\/04\/Rotary-Hearth-Roof.pdf\" target=\"_blank\" rel=\"noopener\">PARA SABER M\u00c1S \u00ab<\/a><\/h5>\n<p><\/div><\/div><\/div><div class=\"wd-image-hotspot hotspot-type-text\" style=\"left: 52.639%; top: 31.381%;\"><span class=\"hotspot-sonar\"><\/span><div class=\"hotspot-btn wd-fill\"><\/div><div class=\"hotspot-text hotspot-content hotspot-dropdown-bottom\"><h4 class=\"wd-entities-title\">BLOQUES DE QUEMADOR<\/h4><div class=\"hotspot-content-text set-cont-mb-s reset-last-child\"><\/p>\n<div class=\"hover-table-info\">\n<table class=\"hover-tables\">\n<tbody>\n<tr class=\"hover-table-1\">\n<td class=\"table-product\">LCF 798A<\/td>\n<td>Hormig\u00f3n antivibratorio de bajo contenido en cemento, a base de andalucita y resistente a los choques<\/td>\n<\/tr>\n<tr>\n<td class=\"table-product\"><sup>ALAKAST\u00ae<\/sup> 85 ULC<\/td>\n<td>85% de al\u00famina, moldeable de alta resistencia<\/td>\n<\/tr>\n<tr class=\"hover-table-1\">\n<td class=\"table-product\">KAST TECH 60<\/td>\n<td>Hormig\u00f3n vibracional con un 56% de al\u00famina y bajo contenido en cemento con gran retenci\u00f3n de la resistencia<\/td>\n<\/tr>\n<\/tbody>\n<\/table>\n<\/div>\n<p>&nbsp;<\/p>\n<h5 style=\"text-align: center;\"><a style=\"color: #007473;\" href=\"\/wp-content\/uploads\/2023\/05\/ROTARY_HEARTH_BURNER_BLOCKS_product-tables.pdf\" target=\"_blank\" rel=\"noopener\">PARA SABER M\u00c1S \u00ab<\/a><\/h5>\n<p><\/div><\/div><\/div><div class=\"wd-image-hotspot hotspot-type-text\" style=\"left: 17.456%; top: 49.479%;\"><span class=\"hotspot-sonar\"><\/span><div class=\"hotspot-btn wd-fill\"><\/div><div class=\"hotspot-text hotspot-content hotspot-dropdown-bottom\"><h4 class=\"wd-entities-title\">PAREDES LATERALES<\/h4><div class=\"hotspot-content-text set-cont-mb-s reset-last-child\"><\/p>\n<div class=\"hover-table-info\">\n<table class=\"hover-tables\">\n<tbody>\n<tr class=\"hover-table-1\">\n<td class=\"table-product\">TUFF-FLO 50<\/td>\n<td>Hormig\u00f3n bomba\/vibraci\u00f3n con 50% de al\u00famina y bajo contenido en cemento<\/td>\n<\/tr>\n<tr>\n<td class=\"table-product\">BLAST <sup>KAST\u00ae<\/sup> 45 LC<\/td>\n<td>45% de al\u00famina, hormig\u00f3n proyectado de bajo contenido en cemento<\/td>\n<\/tr>\n<tr class=\"hover-table-1\">\n<td class=\"table-product\">BLAST <sup>KAST\u00ae<\/sup> 70 LC<\/td>\n<td>Hormig\u00f3n proyectado de bajo contenido en cemento con un 70% de al\u00famina a base de mullita<\/td>\n<\/tr>\n<\/tbody>\n<\/table>\n<\/div>\n<p>&nbsp;<\/p>\n<h5 style=\"text-align: center;\"><a style=\"color: #007473;\" href=\"\/wp-content\/uploads\/2023\/04\/Rotary-Hearth-Burner-Blocks.pdf\" target=\"_blank\" rel=\"noopener\">PARA SABER M\u00c1S \u00ab<\/a><\/h5>\n<p><\/div><\/div><\/div><div class=\"wd-image-hotspot hotspot-type-text\" style=\"left: 19.337%; top: 80.162%;\"><span class=\"hotspot-sonar\"><\/span><div class=\"hotspot-btn wd-fill\"><\/div><div class=\"hotspot-text hotspot-content hotspot-dropdown-top\"><h4 class=\"wd-entities-title\">CURBS<\/h4><div class=\"hotspot-content-text set-cont-mb-s reset-last-child\"><\/p>\n<div class=\"hover-table-info\">\n<table class=\"hover-tables\">\n<tbody>\n<tr class=\"hover-table-1\">\n<td class=\"table-product\">TUFF-FLO 50<\/td>\n<td>Hormig\u00f3n bomba\/vibraci\u00f3n con 50% de al\u00famina y bajo contenido en cemento<\/td>\n<\/tr>\n<tr>\n<td class=\"table-product\"><sup>ALAKAST\u00ae<\/sup> 50 LC-P<\/td>\n<td>Moldeable multiuso, bombeable, con 53% de al\u00famina y bajo contenido en cemento<\/td>\n<\/tr>\n<tr class=\"hover-table-1\">\n<td class=\"table-product\"><sup>ALAKAST\u00ae<\/sup> 68 LC-P<\/td>\n<td>Hormig\u00f3n bombeable con 68% de al\u00famina y bajo contenido en cemento<\/td>\n<\/tr>\n<\/tbody>\n<\/table>\n<\/div>\n<p>&nbsp;<\/p>\n<h5 style=\"text-align: center;\"><a style=\"color: #007473;\" href=\"\/wp-content\/uploads\/2023\/05\/ROTARY_HEARTH_CURBS_product-tables.pdf\" target=\"_blank\" rel=\"noopener\">PARA SABER M\u00c1S \u00ab<\/a><\/h5>\n<p><\/div><\/div><\/div><div class=\"wd-image-hotspot hotspot-type-text\" style=\"left: 51.286%; top: 68.241%;\"><span class=\"hotspot-sonar\"><\/span><div class=\"hotspot-btn wd-fill\"><\/div><div class=\"hotspot-text hotspot-content hotspot-dropdown-top\"><h4 class=\"wd-entities-title\">BLOQUES DESLIZANTES<\/h4><div class=\"hotspot-content-text set-cont-mb-s reset-last-child\"><\/p>\n<div class=\"hover-table-info\">\n<table class=\"hover-tables\">\n<tbody>\n<tr class=\"hover-table-1\">\n<td class=\"table-product\">ULTRACON 34C<\/td>\n<td>Hormig\u00f3n tabular grueso de alta al\u00famina con pocas impurezas (prefabricado)<\/td>\n<\/tr>\n<tr>\n<td class=\"table-product\"><sup>ALPHAMAX\u00ae<\/sup> T<\/td>\n<td>Hormig\u00f3n tabular con base de al\u00famina y muy bajo contenido de cemento (prefabricado)<\/td>\n<\/tr>\n<tr class=\"hover-table-1\">\n<td class=\"table-product\"><sup>ALAKAST\u00ae<\/sup> 98 EZC<\/td>\n<td>Hormig\u00f3n de al\u00famina de alta pureza al 98% (prefabricado)<\/td>\n<\/tr>\n<\/tbody>\n<\/table>\n<\/div>\n<p>&nbsp;<\/p>\n<h5 style=\"text-align: center;\"><a style=\"color: #007473;\" href=\"\/wp-content\/uploads\/2023\/04\/Rotary-Hearth-Skid-Blocks.pdf\" target=\"_blank\" rel=\"noopener\">PARA SABER M\u00c1S \u00ab<\/a><\/h5>\n<p><\/div><\/div><\/div><div class=\"wd-image-hotspot hotspot-type-text\" style=\"left: 41.272%; top: 73.720%;\"><span class=\"hotspot-sonar\"><\/span><div class=\"hotspot-btn wd-fill\"><\/div><div class=\"hotspot-text hotspot-content hotspot-dropdown-right\"><h4 class=\"wd-entities-title\">O\u00cdDO<\/h4><div class=\"hotspot-content-text set-cont-mb-s reset-last-child\"><\/p>\n<div class=\"hover-table-info\">\n<table class=\"hover-tables\">\n<tbody>\n<tr class=\"hover-table-1\">\n<td class=\"table-product\">TUFF-FLO 60A<\/td>\n<td>Hormig\u00f3n de bajo contenido en cemento con un 60% de al\u00famina y andalucita a\u00f1adida<\/td>\n<\/tr>\n<tr>\n<td class=\"table-product\"><sup>ALAKAST\u00ae<\/sup> 50 LC-P<\/td>\n<td>Moldeable multiuso, bombeable, con 53% de al\u00famina y bajo contenido en cemento<\/td>\n<\/tr>\n<tr class=\"hover-table-1\">\n<td class=\"table-product\"><sup>ALAKAST\u00ae<\/sup> 68 LC-P<\/td>\n<td>Hormig\u00f3n bombeable con 68% de al\u00famina y bajo contenido en cemento<\/td>\n<\/tr>\n<tr>\n<td class=\"table-product\"><sup>ALAKAST\u00ae<\/sup> 90 LC-P<\/td>\n<td>Hormig\u00f3n al 90% a base de al\u00famina tabular<\/td>\n<\/tr>\n<\/tbody>\n<\/table>\n<\/div>\n<p>&nbsp;<\/p>\n<h5 style=\"text-align: center;\"><a style=\"color: #007473;\" href=\"\/wp-content\/uploads\/2023\/04\/Rotary-Hearth-Hearth.pdf\" target=\"_blank\" rel=\"noopener\">PARA SABER M\u00c1S \u00ab<\/a><\/h5>\n<p><\/div><\/div><\/div><div class=\"wd-image-hotspot hotspot-type-text\" style=\"left: 42.896%; top: 93.478%;\"><span class=\"hotspot-sonar\"><\/span><div class=\"hotspot-btn wd-fill\"><\/div><div class=\"hotspot-text hotspot-content hotspot-dropdown-top\"><h4 class=\"wd-entities-title\">SUBEARTH<\/h4><div class=\"hotspot-content-text set-cont-mb-s reset-last-child\"><\/p>\n<div class=\"hover-table-info\">\n<table class=\"hover-tables\">\n<tbody>\n<tr class=\"hover-table-1\">\n<td class=\"table-product\"><sup>ALAKAST\u00ae<\/sup> 50 LC-P<\/td>\n<td>Moldeable multiuso, bombeable, con 53% de al\u00famina y bajo contenido en cemento<\/td>\n<\/tr>\n<tr>\n<td class=\"table-product\"><sup>TUFFCRETE\u00ae<\/sup> 2800<\/td>\n<td>Bomba de alta resistencia \/ vibraci\u00f3n moldeable<\/td>\n<\/tr>\n<\/tbody>\n<\/table>\n<\/div>\n<p>&nbsp;<\/p>\n<h5 style=\"text-align: center;\"><a style=\"color: #007473;\" href=\"\/wp-content\/uploads\/2023\/04\/Rotary-Hearth-Subhearth.pdf\" target=\"_blank\" rel=\"noopener\">PARA SABER M\u00c1S \u00ab<\/a><\/h5>\n<p><\/div><\/div><\/div>\t\t\t<\/div>\n\t\t<\/div>\n\t\t[\/vc_column][vc_column width=\u00bb1\/3&#8243; woodmart_css_id=\u00bb642f1414b7739&#8243; parallax_scroll=\u00bbno\u00bb woodmart_sticky_column=\u00bbfalse\u00bb wd_collapsible_content_switcher=\u00bbno\u00bb wd_column_role_offcanvas_desktop=\u00bbno\u00bb wd_column_role_offcanvas_tablet=\u00bbno\u00bb wd_column_role_offcanvas_mobile=\u00bbno\u00bb wd_column_role_content_desktop=\u00bbno\u00bb wd_column_role_content_tablet=\u00bbno\u00bb wd_column_role_content_mobile=\u00bbno\u00bb mobile_bg_img_hidden=\u00bbno\u00bb tablet_bg_img_hidden=\u00bbno\u00bb woodmart_parallax=\u00bb0&#8243; woodmart_box_shadow=\u00bbno\u00bb responsive_spacing=\u00bbeyJwYXJhbV90eXBlIjoid29vZG1hcnRfcmVzcG9uc2l2ZV9zcGFjaW5nIiwic2VsZWN0b3JfaWQiOiI2NDJmMTQxNGI3NzM5Iiwic2hvcnRjb2RlIjoidmNfY29sdW1uIiwiZGF0YSI6eyJ0YWJsZXQiOnt9LCJtb2JpbGUiOnt9fX0=\u00bb mobile_reset_margin=\u00bbno\u00bb tablet_reset_margin=\u00bbno\u00bb wd_z_index=\u00bbno\u00bb][vc_custom_heading text=\u00bbACERO INTEGRADO\u00bb font_container=\u00bbtag:h3|text_align:left|color:%23ee7623&#8243; use_theme_fonts=\u00bbyes\u00bb css=\u00bb.vc_custom_1682991061950{margin-bottom: 0px !important;}\u00bb][vc_custom_heading text=\u00bbHORNO DE SOLERA GIRATORIA\u00bb font_container=\u00bbtag:h2|text_align:left|color:%231a1a1a\u00bb use_theme_fonts=\u00bbyes\u00bb][vc_column_text woodmart_inline=\u00bbno\u00bb text_larger=\u00bbno\u00bb]La amplia selecci\u00f3n de productos de Allied y sus capacidades de prefabricaci\u00f3n nos permiten satisfacer las necesidades de cualquier horno de solera giratoria, desde la solera y los bordillos hasta el techo y los bloques del quemador. Le tenemos cubierto.[\/vc_column_text]<div id=\"wd-642eff5a4f8b3\" class=\" wd-rs-642eff5a4f8b3  wd-button-wrapper text-left\"><a href=\"\/es\/?page_id=11278\" title=\"P\u00f3ngase en contacto con\" class=\"btn btn-scheme-light btn-scheme-hover-light btn-style-default btn-style-rectangle btn-size-default\">SOLICITAR PRESUPUESTO<\/a><\/div>[\/vc_column][\/vc_row]<\/p>\n<\/div>","protected":false},"excerpt":{"rendered":"<p>[vc_row full_width=\u00bbstretch_row\u00bb woodmart_bg_position=\u00bbcenter-bottom\u00bb css=\u00bb.vc_custom_1680617386280{margin-top: -40px !important;padding-top: 10px !important;padding-bottom: 18px !important;background-image: url(https:\/\/alliedmineral.com\/wp-content\/uploads\/2023\/03\/Allied-Minerals-title-1.jpg?id=84) !important;background-position: center !important;background-repeat: no-repeat !important;background-size: cover !important;}\u00bb woodmart_css_id=\u00bb642c2fa3441a4&#8243; responsive_spacing=\u00bbeyJwYXJhbV90eXBlIjoid29vZG1hcnRfcmVzcG9uc2l2ZV9zcGFjaW5nIiwic2VsZWN0b3JfaWQiOiI2NDJjMmZhMzQ0MWE0Iiwic2hvcnRjb2RlIjoidmNfcm93IiwiZGF0YSI6eyJ0YWJsZXQiOnt9LCJtb2JpbGUiOnt9fX0=\u00bb<\/p>\n","protected":false},"author":3,"featured_media":0,"parent":11294,"menu_order":0,"comment_status":"closed","ping_status":"closed","template":"","meta":{"content-type":"","footnotes":""},"class_list":["post-11357","page","type-page","status-publish","hentry"],"yoast_head":"<!-- This site is optimized with the Yoast SEO plugin v25.7 - https:\/\/yoast.com\/wordpress\/plugins\/seo\/ -->\n<title>Refractarios para la siderurgia integrada con horno de solera giratoria.<\/title>\n<meta name=\"description\" content=\"Allied ofrece experiencia en hornos de solera giratoria. Nuestras capacidades en refractarios y prefabricados de formas le tienen cubierto.\" \/>\n<meta name=\"robots\" content=\"index, follow, max-snippet:-1, max-image-preview:large, max-video-preview:-1\" \/>\n<link rel=\"canonical\" href=\"https:\/\/alliedmineral.com\/es\/industrias\/acero-integrado-y-eaf\/horno-de-solera-giratoria\/\" \/>\n<meta property=\"og:locale\" content=\"es_ES\" \/>\n<meta property=\"og:type\" content=\"article\" \/>\n<meta property=\"og:title\" content=\"Refractarios para la siderurgia integrada con horno de solera giratoria.\" \/>\n<meta property=\"og:description\" content=\"Allied ofrece experiencia en hornos de solera giratoria. Nuestras capacidades en refractarios y prefabricados de formas le tienen cubierto.\" \/>\n<meta property=\"og:url\" content=\"https:\/\/alliedmineral.com\/es\/industrias\/acero-integrado-y-eaf\/horno-de-solera-giratoria\/\" \/>\n<meta property=\"og:site_name\" content=\"Allied Mineral Products\" \/>\n<meta property=\"article:modified_time\" content=\"2025-03-06T14:39:01+00:00\" \/>\n<meta name=\"twitter:card\" content=\"summary_large_image\" \/>\n<meta name=\"twitter:label1\" content=\"Tiempo de lectura\" \/>\n\t<meta name=\"twitter:data1\" content=\"6 minutos\" \/>\n<script type=\"application\/ld+json\" class=\"yoast-schema-graph\">{\"@context\":\"https:\/\/schema.org\",\"@graph\":[{\"@type\":\"WebPage\",\"@id\":\"https:\/\/alliedmineral.com\/es\/industrias\/acero-integrado-y-eaf\/horno-de-solera-giratoria\/\",\"url\":\"https:\/\/alliedmineral.com\/es\/industrias\/acero-integrado-y-eaf\/horno-de-solera-giratoria\/\",\"name\":\"Refractarios para la siderurgia integrada con horno de solera giratoria.\",\"isPartOf\":{\"@id\":\"https:\/\/alliedmineral.com\/es\/#website\"},\"datePublished\":\"2023-05-02T01:31:06+00:00\",\"dateModified\":\"2025-03-06T14:39:01+00:00\",\"description\":\"Allied ofrece experiencia en hornos de solera giratoria. Nuestras capacidades en refractarios y prefabricados de formas le tienen cubierto.\",\"breadcrumb\":{\"@id\":\"https:\/\/alliedmineral.com\/es\/industrias\/acero-integrado-y-eaf\/horno-de-solera-giratoria\/#breadcrumb\"},\"inLanguage\":\"es\",\"potentialAction\":[{\"@type\":\"ReadAction\",\"target\":[\"https:\/\/alliedmineral.com\/es\/industrias\/acero-integrado-y-eaf\/horno-de-solera-giratoria\/\"]}]},{\"@type\":\"BreadcrumbList\",\"@id\":\"https:\/\/alliedmineral.com\/es\/industrias\/acero-integrado-y-eaf\/horno-de-solera-giratoria\/#breadcrumb\",\"itemListElement\":[{\"@type\":\"ListItem\",\"position\":1,\"name\":\"Home\",\"item\":\"https:\/\/alliedmineral.com\/es\/\"},{\"@type\":\"ListItem\",\"position\":2,\"name\":\"Industrias\",\"item\":\"https:\/\/alliedmineral.com\/es\/industrias\/\"},{\"@type\":\"ListItem\",\"position\":3,\"name\":\"Acero &#8211; Integrado y EAF\",\"item\":\"https:\/\/alliedmineral.com\/es\/industrias\/acero-integrado-y-eaf\/\"},{\"@type\":\"ListItem\",\"position\":4,\"name\":\"Horno de solera giratoria\"}]},{\"@type\":\"WebSite\",\"@id\":\"https:\/\/alliedmineral.com\/es\/#website\",\"url\":\"https:\/\/alliedmineral.com\/es\/\",\"name\":\"Allied Mineral Products\",\"description\":\"\",\"potentialAction\":[{\"@type\":\"SearchAction\",\"target\":{\"@type\":\"EntryPoint\",\"urlTemplate\":\"https:\/\/alliedmineral.com\/es\/?s={search_term_string}\"},\"query-input\":{\"@type\":\"PropertyValueSpecification\",\"valueRequired\":true,\"valueName\":\"search_term_string\"}}],\"inLanguage\":\"es\"}]}<\/script>\n<!-- \/ Yoast SEO plugin. -->","yoast_head_json":{"title":"Refractarios para la siderurgia integrada con horno de solera giratoria.","description":"Allied ofrece experiencia en hornos de solera giratoria. Nuestras capacidades en refractarios y prefabricados de formas le tienen cubierto.","robots":{"index":"index","follow":"follow","max-snippet":"max-snippet:-1","max-image-preview":"max-image-preview:large","max-video-preview":"max-video-preview:-1"},"canonical":"https:\/\/alliedmineral.com\/es\/industrias\/acero-integrado-y-eaf\/horno-de-solera-giratoria\/","og_locale":"es_ES","og_type":"article","og_title":"Refractarios para la siderurgia integrada con horno de solera giratoria.","og_description":"Allied ofrece experiencia en hornos de solera giratoria. Nuestras capacidades en refractarios y prefabricados de formas le tienen cubierto.","og_url":"https:\/\/alliedmineral.com\/es\/industrias\/acero-integrado-y-eaf\/horno-de-solera-giratoria\/","og_site_name":"Allied Mineral Products","article_modified_time":"2025-03-06T14:39:01+00:00","twitter_card":"summary_large_image","twitter_misc":{"Tiempo de lectura":"6 minutos"},"schema":{"@context":"https:\/\/schema.org","@graph":[{"@type":"WebPage","@id":"https:\/\/alliedmineral.com\/es\/industrias\/acero-integrado-y-eaf\/horno-de-solera-giratoria\/","url":"https:\/\/alliedmineral.com\/es\/industrias\/acero-integrado-y-eaf\/horno-de-solera-giratoria\/","name":"Refractarios para la siderurgia integrada con horno de solera giratoria.","isPartOf":{"@id":"https:\/\/alliedmineral.com\/es\/#website"},"datePublished":"2023-05-02T01:31:06+00:00","dateModified":"2025-03-06T14:39:01+00:00","description":"Allied ofrece experiencia en hornos de solera giratoria. Nuestras capacidades en refractarios y prefabricados de formas le tienen cubierto.","breadcrumb":{"@id":"https:\/\/alliedmineral.com\/es\/industrias\/acero-integrado-y-eaf\/horno-de-solera-giratoria\/#breadcrumb"},"inLanguage":"es","potentialAction":[{"@type":"ReadAction","target":["https:\/\/alliedmineral.com\/es\/industrias\/acero-integrado-y-eaf\/horno-de-solera-giratoria\/"]}]},{"@type":"BreadcrumbList","@id":"https:\/\/alliedmineral.com\/es\/industrias\/acero-integrado-y-eaf\/horno-de-solera-giratoria\/#breadcrumb","itemListElement":[{"@type":"ListItem","position":1,"name":"Home","item":"https:\/\/alliedmineral.com\/es\/"},{"@type":"ListItem","position":2,"name":"Industrias","item":"https:\/\/alliedmineral.com\/es\/industrias\/"},{"@type":"ListItem","position":3,"name":"Acero &#8211; Integrado y EAF","item":"https:\/\/alliedmineral.com\/es\/industrias\/acero-integrado-y-eaf\/"},{"@type":"ListItem","position":4,"name":"Horno de solera giratoria"}]},{"@type":"WebSite","@id":"https:\/\/alliedmineral.com\/es\/#website","url":"https:\/\/alliedmineral.com\/es\/","name":"Allied Mineral Products","description":"","potentialAction":[{"@type":"SearchAction","target":{"@type":"EntryPoint","urlTemplate":"https:\/\/alliedmineral.com\/es\/?s={search_term_string}"},"query-input":{"@type":"PropertyValueSpecification","valueRequired":true,"valueName":"search_term_string"}}],"inLanguage":"es"}]}},"_links":{"self":[{"href":"https:\/\/alliedmineral.com\/es\/wp-json\/wp\/v2\/pages\/11357","targetHints":{"allow":["GET"]}}],"collection":[{"href":"https:\/\/alliedmineral.com\/es\/wp-json\/wp\/v2\/pages"}],"about":[{"href":"https:\/\/alliedmineral.com\/es\/wp-json\/wp\/v2\/types\/page"}],"author":[{"embeddable":true,"href":"https:\/\/alliedmineral.com\/es\/wp-json\/wp\/v2\/users\/3"}],"replies":[{"embeddable":true,"href":"https:\/\/alliedmineral.com\/es\/wp-json\/wp\/v2\/comments?post=11357"}],"version-history":[{"count":0,"href":"https:\/\/alliedmineral.com\/es\/wp-json\/wp\/v2\/pages\/11357\/revisions"}],"up":[{"embeddable":true,"href":"https:\/\/alliedmineral.com\/es\/wp-json\/wp\/v2\/pages\/11294"}],"wp:attachment":[{"href":"https:\/\/alliedmineral.com\/es\/wp-json\/wp\/v2\/media?parent=11357"}],"curies":[{"name":"wp","href":"https:\/\/api.w.org\/{rel}","templated":true}]}}