{"id":11356,"date":"2023-05-04T15:01:28","date_gmt":"2023-05-04T20:01:28","guid":{"rendered":"https:\/\/alliedmineral.com\/industrias\/sujecion-transferencia-de-metales\/launders\/"},"modified":"2025-03-06T09:40:47","modified_gmt":"2025-03-06T14:40:47","slug":"launders","status":"publish","type":"page","link":"https:\/\/alliedmineral.com\/es\/industrias\/mantenimiento-y-transferencia-de-metales\/launders\/","title":{"rendered":"Launders"},"content":{"rendered":"<div class=\"wpb-content-wrapper\"><p>[vc_row full_width=\u00bbstretch_row\u00bb woodmart_bg_position=\u00bbcenter-bottom\u00bb css=\u00bb.vc_custom_1680617386280{margin-top: -40px !important;padding-top: 10px !important;padding-bottom: 18px !important;background-image: url(https:\/\/alliedmineral.com\/wp-content\/uploads\/2023\/03\/Allied-Minerals-title-1.jpg?id=84) !important;background-position: center !important;background-repeat: no-repeat !important;background-size: cover !important;}\u00bb woodmart_css_id=\u00bb642c2fa3441a4&#8243; responsive_spacing=\u00bbeyJwYXJhbV90eXBlIjoid29vZG1hcnRfcmVzcG9uc2l2ZV9zcGFjaW5nIiwic2VsZWN0b3JfaWQiOiI2NDJjMmZhMzQ0MWE0Iiwic2hvcnRjb2RlIjoidmNfcm93IiwiZGF0YSI6eyJ0YWJsZXQiOnt9LCJtb2JpbGUiOnt9fX0=\u00bb mobile_bg_img_hidden=\u00bbno\u00bb tablet_bg_img_hidden=\u00bbno\u00bb woodmart_parallax=\u00bb0&#8243; woodmart_gradient_switch=\u00bbno\u00bb woodmart_box_shadow=\u00bbno\u00bb wd_z_index=\u00bbno\u00bb woodmart_disable_overflow=\u00bb0&#8243; row_reverse_mobile=\u00bb0&#8243; row_reverse_tablet=\u00bb0&#8243;][vc_column css_animation=\u00bbfadeInUp\u00bb woodmart_css_id=\u00bb642ec2f26e0bf\u00bb parallax_scroll=\u00bbno\u00bb woodmart_sticky_column=\u00bbfalse\u00bb wd_collapsible_content_switcher=\u00bbno\u00bb wd_column_role_offcanvas_desktop=\u00bbno\u00bb wd_column_role_offcanvas_tablet=\u00bbno\u00bb wd_column_role_offcanvas_mobile=\u00bbno\u00bb wd_column_role_content_desktop=\u00bbno\u00bb wd_column_role_content_tablet=\u00bbno\u00bb wd_column_role_content_mobile=\u00bbno\u00bb mobile_bg_img_hidden=\u00bbno\u00bb tablet_bg_img_hidden=\u00bbno\u00bb woodmart_parallax=\u00bb0&#8243; woodmart_box_shadow=\u00bbno\u00bb responsive_spacing=\u00bbeyJwYXJhbV90eXBlIjoid29vZG1hcnRfcmVzcG9uc2l2ZV9zcGFjaW5nIiwic2VsZWN0b3JfaWQiOiI2NDJlYzJmMjZlMGJmIiwic2hvcnRjb2RlIjoidmNfY29sdW1uIiwiZGF0YSI6eyJ0YWJsZXQiOnt9LCJtb2JpbGUiOnt9fX0=\u00bb mobile_reset_margin=\u00bbno\u00bb tablet_reset_margin=\u00bbno\u00bb wd_z_index=\u00bbno\u00bb][vc_custom_heading text=\u00bbLaunders\u00bb font_container=\u00bbtag:h1|font_size:40|text_align:left|color:%23ffffff|line_height:1&#8243; use_theme_fonts=\u00bbyes\u00bb el_class=\u00bbpage-title\u00bb css=\u00bb.vc_custom_1683230271964{border-bottom-width: 4px !important;padding-bottom: 20px !important;border-bottom-color: #ee7623 !important;border-bottom-style: solid !important;}\u00bb][\/vc_column][\/vc_row][vc_row content_placement=\u00bbmiddle\u00bb woodmart_css_id=\u00bb643595a53c85d\u00bb responsive_spacing=\u00bbeyJwYXJhbV90eXBlIjoid29vZG1hcnRfcmVzcG9uc2l2ZV9zcGFjaW5nIiwic2VsZWN0b3JfaWQiOiI2NDM1OTVhNTNjODVkIiwic2hvcnRjb2RlIjoidmNfcm93IiwiZGF0YSI6eyJ0YWJsZXQiOnt9LCJtb2JpbGUiOnt9fX0=\u00bb mobile_bg_img_hidden=\u00bbno\u00bb tablet_bg_img_hidden=\u00bbno\u00bb woodmart_parallax=\u00bb0&#8243; woodmart_gradient_switch=\u00bbno\u00bb woodmart_box_shadow=\u00bbno\u00bb wd_z_index=\u00bbno\u00bb woodmart_disable_overflow=\u00bb0&#8243; row_reverse_mobile=\u00bb0&#8243; row_reverse_tablet=\u00bb0&#8243; css=\u00bb.vc_custom_1681233321052{margin-bottom: 60px !important;}\u00bb][vc_column offset=\u00bbvc_col-md-offset-1 vc_col-md-6&#8243; woodmart_css_id=\u00bb6477f2dd51223&#8243; parallax_scroll=\u00bbno\u00bb woodmart_sticky_column=\u00bbfalse\u00bb wd_collapsible_content_switcher=\u00bbno\u00bb wd_column_role_offcanvas_desktop=\u00bbno\u00bb wd_column_role_offcanvas_tablet=\u00bbno\u00bb wd_column_role_offcanvas_mobile=\u00bbno\u00bb wd_column_role_content_desktop=\u00bbno\u00bb wd_column_role_content_tablet=\u00bbno\u00bb wd_column_role_content_mobile=\u00bbno\u00bb mobile_bg_img_hidden=\u00bbno\u00bb tablet_bg_img_hidden=\u00bbno\u00bb woodmart_parallax=\u00bb0&#8243; woodmart_box_shadow=\u00bbno\u00bb responsive_spacing=\u00bbeyJwYXJhbV90eXBlIjoid29vZG1hcnRfcmVzcG9uc2l2ZV9zcGFjaW5nIiwic2VsZWN0b3JfaWQiOiI2NDc3ZjJkZDUxMjIzIiwic2hvcnRjb2RlIjoidmNfY29sdW1uIiwiZGF0YSI6eyJ0YWJsZXQiOnt9LCJtb2JpbGUiOnt9fX0=\u00bb mobile_reset_margin=\u00bbno\u00bb tablet_reset_margin=\u00bbno\u00bb wd_z_index=\u00bbno\u00bb][vc_images_carousel images=\u00bb7625,7626,7627&#8243; img_size=\u00bbfull\u00bb autoplay=\u00bbyes\u00bb hide_pagination_control=\u00bbyes\u00bb wrap=\u00bbyes\u00bb][\/vc_column][vc_column woodmart_css_id=\u00bb6477f2e8954e4&#8243; parallax_scroll=\u00bbno\u00bb woodmart_sticky_column=\u00bbfalse\u00bb wd_collapsible_content_switcher=\u00bbno\u00bb wd_column_role_offcanvas_desktop=\u00bbno\u00bb wd_column_role_offcanvas_tablet=\u00bbno\u00bb wd_column_role_offcanvas_mobile=\u00bbno\u00bb wd_column_role_content_desktop=\u00bbno\u00bb wd_column_role_content_tablet=\u00bbno\u00bb wd_column_role_content_mobile=\u00bbno\u00bb mobile_bg_img_hidden=\u00bbno\u00bb tablet_bg_img_hidden=\u00bbno\u00bb woodmart_parallax=\u00bb0&#8243; woodmart_box_shadow=\u00bbno\u00bb responsive_spacing=\u00bbeyJwYXJhbV90eXBlIjoid29vZG1hcnRfcmVzcG9uc2l2ZV9zcGFjaW5nIiwic2VsZWN0b3JfaWQiOiI2NDc3ZjJlODk1NGU0Iiwic2hvcnRjb2RlIjoidmNfY29sdW1uIiwiZGF0YSI6eyJ0YWJsZXQiOnt9LCJtb2JpbGUiOnt9fX0=\u00bb mobile_reset_margin=\u00bbno\u00bb tablet_reset_margin=\u00bbno\u00bb wd_z_index=\u00bbno\u00bb offset=\u00bbvc_col-md-offset-1 vc_col-md-4&#8243;][vc_custom_heading text=\u00bbSujeci\u00f3n \/ Transferencia de metales\u00bb font_container=\u00bbtag:h3|text_align:left|color:%23ee7623&#8243; use_theme_fonts=\u00bbyes\u00bb css=\u00bb.vc_custom_1683230308379{margin-bottom: 0px !important;}\u00bb][vc_custom_heading text=\u00bbLaunders\u00bb font_container=\u00bbtag:h2|text_align:left|color:%231a1a1a\u00bb use_theme_fonts=\u00bbyes\u00bb][vc_column_text woodmart_inline=\u00bbno\u00bb text_larger=\u00bbno\u00bb]<b>Nuestras l\u00edneas de productos y nuestra flexibilidad para satisfacer las necesidades espec\u00edficas de los clientes han dado lugar a numerosas campa\u00f1as de \u00e9xito. Los productos de Allied para lavadoras con y sin calefacci\u00f3n ofrecen estas ventajas:<\/b><\/p>\n<ul>\n<li>Amplia gama de m\u00e9todos de instalaci\u00f3n<\/li>\n<li>Excelentes propiedades de contenci\u00f3n del calor<\/li>\n<li>Gran resistencia a la abrasi\u00f3n<\/li>\n<li>Alta resistencia a los ataques qu\u00edmicos<\/li>\n<li>Capacidades de formas prefabricadas<\/li>\n<\/ul>\n<p>[\/vc_column_text]<div id=\"wd-642eff5a4f8b3\" class=\" wd-rs-642eff5a4f8b3  wd-button-wrapper text-left\"><a href=\"\/es\/?page_id=11278\" title=\"P\u00f3ngase en contacto con\" class=\"btn btn-scheme-light btn-scheme-hover-light btn-style-default btn-style-rectangle btn-size-default\">SOLICITAR PRESUPUESTO<\/a><\/div>[\/vc_column][\/vc_row][vc_row full_width=\u00bbstretch_row\u00bb equal_height=\u00bbyes\u00bb css=\u00bb.vc_custom_1685582581669{margin-bottom: -40px !important;padding-top: 100px !important;padding-bottom: 100px !important;}\u00bb woodmart_css_id=\u00bb6477f2efac2e6&#8243; responsive_spacing=\u00bbeyJwYXJhbV90eXBlIjoid29vZG1hcnRfcmVzcG9uc2l2ZV9zcGFjaW5nIiwic2VsZWN0b3JfaWQiOiI2NDc3ZjJlZmFjMmU2Iiwic2hvcnRjb2RlIjoidmNfcm93IiwiZGF0YSI6eyJ0YWJsZXQiOnt9LCJtb2JpbGUiOnsicGFkZGluZy10b3AiOiI1MCIsInBhZGRpbmctYm90dG9tIjoiNTAifX19&#8243; mobile_bg_img_hidden=\u00bbno\u00bb tablet_bg_img_hidden=\u00bbno\u00bb woodmart_parallax=\u00bb0&#8243; woodmart_gradient_switch=\u00bbyes\u00bb woodmart_box_shadow=\u00bbno\u00bb wd_z_index=\u00bbno\u00bb woodmart_disable_overflow=\u00bb0&#8243; row_reverse_mobile=\u00bb0&#8243; row_reverse_tablet=\u00bb0&#8243; woodmart_color_gradient=\u00bbrgb(0, 116, 115)-0\/rgb(0, 0, 0)-100\/|linear-gradient(top , rgb(0, 116, 115) , rgb(0, 0, 0) 100%)|linear|top\u00bb][vc_column width=\u00bb5\/6&#8243; woodmart_css_id=\u00bb6477f2f75d0c1&#8243; parallax_scroll=\u00bbno\u00bb woodmart_sticky_column=\u00bbfalse\u00bb wd_collapsible_content_switcher=\u00bbno\u00bb wd_column_role_offcanvas_desktop=\u00bbno\u00bb wd_column_role_offcanvas_tablet=\u00bbno\u00bb wd_column_role_offcanvas_mobile=\u00bbno\u00bb wd_column_role_content_desktop=\u00bbno\u00bb wd_column_role_content_tablet=\u00bbno\u00bb wd_column_role_content_mobile=\u00bbno\u00bb mobile_bg_img_hidden=\u00bbno\u00bb tablet_bg_img_hidden=\u00bbno\u00bb woodmart_parallax=\u00bb0&#8243; woodmart_box_shadow=\u00bbno\u00bb responsive_spacing=\u00bbeyJwYXJhbV90eXBlIjoid29vZG1hcnRfcmVzcG9uc2l2ZV9zcGFjaW5nIiwic2VsZWN0b3JfaWQiOiI2NDc3ZjJmNzVkMGMxIiwic2hvcnRjb2RlIjoidmNfY29sdW1uIiwiZGF0YSI6eyJ0YWJsZXQiOnsicGFkZGluZy1yaWdodCI6IiAiLCJwYWRkaW5nLWxlZnQiOiIgIn0sIm1vYmlsZSI6eyJwYWRkaW5nLXJpZ2h0IjoiICIsInBhZGRpbmctbGVmdCI6IiAifX19&#8243; mobile_reset_margin=\u00bbno\u00bb tablet_reset_margin=\u00bbno\u00bb wd_z_index=\u00bbno\u00bb offset=\u00bbvc_col-md-offset-2 vc_col-md-8 vc_col-xs-offset-1 vc_col-xs-10&#8243; css=\u00bb.vc_custom_1685582591053{margin-bottom: 0px !important;padding-top: 0px !important;padding-right: 0px !important;padding-bottom: 0px !important;padding-left: 0px !important;}\u00bb][vc_raw_html css=\u00bb.vc_custom_1683232316964{margin-bottom: 0px !important;}\u00bb]PGRpdj4KPHRhYmxlIGNsYXNzPSJpbmR1c3RyaWVzLXRhYmxlIiB3aWR0aD0iMTAwJSI+Cjx0aGVhZCBjbGFzcz0iaW5kdXN0cmllcy1vcmctaGVhZC10YWJsZSI+Cjx0cj4KPHRoIGFsaWduPSJsZWZ0Ij5BbGVhY2lvbmVzIGRlIGFsdW1pbmlvIC0gU2luIGNhbGVudGFyPC90aD4KPHRoIGFsaWduPSJsZWZ0Ij5Qcm9kdWN0b3MgcHJpbmNpcGFsZXM8L3RoPgo8L3RyPgo8L3RoZWFkPgo8dGJvZHk+Cjx0cj4KPHRkIGFsaWduPSJsZWZ0Ij5Gb3JybyBkZSB0cmFiYWpvPC90ZD4KPHRkIGFsaWduPSJsZWZ0Ij5NQVRSSVNJTCBDVjxicj4KTUFUUklTSUwgU1I8YnI+Ck1BVFJJU0lMIExDPC90ZD4KPC90cj4KPHRyPgo8dGQgYWxpZ249ImxlZnQiPkNvbXBvbmVudGVzIGRlbCByZXZlc3RpbWllbnRvIGRlIGFwb3lvPC90ZD4KPHRkIGFsaWduPSJsZWZ0Ij48c3VwPkRSSS1MSVRFwq48L3N1cD4gNjVBLUw8YnI+CjxzdXA+RFJJLUxJVEXCrjwvc3VwPiA3OUFMLU08YnI+ClBMQUNBIERFIFNJTElDQVRPIEPDgUxDSUNPPGJyPgpUQUJMRVJPIERFIEZJQlJBIENFUsOBTUlDQTwvdGQ+CjwvdHI+CjwvdGJvZHk+CjwvdGFibGU+CiAKPHRhYmxlIGNsYXNzPSJpbmR1c3RyaWVzLXRhYmxlIiB3aWR0aD0iMTAwJSI+Cjx0aGVhZCBjbGFzcz0iaW5kdXN0cmllcy1vcmctaGVhZC10YWJsZSI+Cjx0cj4KPHRoIGFsaWduPSJsZWZ0Ij5BbGVhY2lvbmVzIGRlIGFsdW1pbmlvIC0gQ2FsZWZhY3RhZGFzPC90aD4KPHRoIGFsaWduPSJsZWZ0Ij5Qcm9kdWN0b3MgcHJpbmNpcGFsZXM8L3RoPgo8L3RyPgo8L3RoZWFkPgo8dGJvZHk+Cjx0cj4KPHRkIGFsaWduPSJsZWZ0Ij5Qb3J0YWRhPC90ZD4KPHRkIGFsaWduPSJsZWZ0Ij5NQVRSSUxJVEUgMjhBQzwvdGQ+CjwvdHI+Cjx0cj4KPHRkIGFsaWduPSJsZWZ0Ij5Gb3JybyBkZSB0cmFiYWpvPC90ZD4KPHRkIGFsaWduPSJsZWZ0Ij5NQVRSSUZMTyA4NUFDWDxicj4KUVVJQ0sgPHN1cD5DQVNUwq48L3N1cD4gNjFBQ1g8YnI+CjxzdXA+UVVJQ0stRklSRcKuPC9zdXA+IDg4PC90ZD4KPC90cj4KPHRyPgo8dGQgYWxpZ249ImxlZnQiPkNvbXBvbmVudGVzIGRlbCByZXZlc3RpbWllbnRvIGRlIGFwb3lvPC90ZD4KPHRkIGFsaWduPSJsZWZ0Ij48c3VwPkRSSS1MSVRFwq48L3N1cD4gNzlBTC1IPGJyPgpNQVRSSUxJVEUgMjIgQUM8L3RkPgo8L3RyPgo8L3Rib2R5Pgo8L3RhYmxlPgogCjx0YWJsZSBjbGFzcz0iaW5kdXN0cmllcy10YWJsZSIgd2lkdGg9IjEwMCUiPgo8dGhlYWQgY2xhc3M9ImluZHVzdHJpZXMtb3JnLWhlYWQtdGFibGUiPgo8dHI+Cjx0aCBhbGlnbj0ibGVmdCI+QWxlYWNpb25lcyBkZSBjb2JyZTwvdGg+Cjx0aCBhbGlnbj0ibGVmdCI+UHJvZHVjdG9zIHByaW5jaXBhbGVzPC90aD4KPC90cj4KPC90aGVhZD4KPHRib2R5Pgo8dHI+Cjx0ZCBhbGlnbj0ibGVmdCI+Rm9ycm8gZGUgdHJhYmFqbzwvdGQ+Cjx0ZCBhbGlnbj0ibGVmdCI+VFVGRi1GTE8gNjA4PGJyPgo8c3VwPkFSTU9STUFYwq48L3N1cD4gNjA4PGJyPgpDVyBNRVRBTCBLQVNUIDg1PGJyPgpTVEVFTC1QQUsgOTBDUjxicj4KVFVGRi1GTE8gODAgU2lDPGJyPgo8c3VwPkFSTU9STUFYwq48L3N1cD4gODAgU2lDPC90ZD4KPC90cj4KPC90Ym9keT4KPC90YWJsZT4KIAo8dGFibGUgY2xhc3M9ImluZHVzdHJpZXMtdGFibGUiIHdpZHRoPSIxMDAlIj4KPHRoZWFkIGNsYXNzPSJpbmR1c3RyaWVzLW9yZy1oZWFkLXRhYmxlIj4KPHRyPgo8dGggYWxpZ249ImxlZnQiPkFsZWFjaW9uZXMgZGUgaGllcnJvPC90aD4KPHRoIGFsaWduPSJsZWZ0Ij5Qcm9kdWN0b3MgcHJpbmNpcGFsZXM8L3RoPgo8L3RyPgo8L3RoZWFkPgo8dGJvZHk+Cjx0cj4KPHRkIGFsaWduPSJsZWZ0Ij5Gb3JybyBkZSB0cmFiYWpvPC90ZD4KPHRkIGFsaWduPSJsZWZ0Ij5DVyA3MTIgTU9MREVBQkxFPGJyPgpDVyA5NjUgTU9MREVBQkxFPGJyPgpDVyBWSUIgUkFNIDcwPGJyPgo8c3VwPkRSSS1WSUJFwq48L3N1cD4gOTE2QTxicj4KTEFETEUgS0FTVDxicj4KTENGIDM4NEE8L3RkPgo8L3RyPgo8dHI+Cjx0ZCBhbGlnbj0ibGVmdCI+UHJvZHVjdG9zIGRlIG1hbnRlbmltaWVudG88L3RkPgo8dGQgYWxpZ249ImxlZnQiPkNXIDg1IEtPVEU8YnI+ClBPWk8gTEFETEU8YnI+ClBBSyBERSBBQ0VSTyA5MCBDUjxicj4KPHN1cD5ULUNPQVTCrjwvc3VwPiA2OTJNPC90ZD4KPC90cj4KPC90Ym9keT4KPC90YWJsZT4KIAo8dGFibGUgY2xhc3M9ImluZHVzdHJpZXMtdGFibGUiIHdpZHRoPSIxMDAlIj4KPHRoZWFkIGNsYXNzPSJpbmR1c3RyaWVzLW9yZy1oZWFkLXRhYmxlIj4KPHRyPgo8dGggYWxpZ249ImxlZnQiPkFsZWFjaW9uZXMgZGUgemluYzwvdGg+Cjx0aCBhbGlnbj0ibGVmdCI+UHJvZHVjdG9zIHByaW5jaXBhbGVzPC90aD4KPC90cj4KPC90aGVhZD4KPHRib2R5Pgo8dHI+Cjx0ZCBhbGlnbj0ibGVmdCI+Rm9ycm8gZGUgdHJhYmFqbzwvdGQ+Cjx0ZCBhbGlnbj0ibGVmdCI+PHN1cD5NQVRSSUZJUkXCrjwvc3VwPiA4MDg1QUNYPGJyPgpNQVRSSVNJTCBDVjxicj4KPHN1cD5NSU5STy1BTMKuPC9zdXA+IFBMw4FTVElDTyBBNzY8YnI+ClFVSUNLIDxzdXA+Q0FTVMKuPC9zdXA+IDYyQUM8YnI+CjxzdXA+UVVJQ0stRklSRcKuPC9zdXA+IDgwODU8L3RkPgo8L3RyPgo8L3Rib2R5Pgo8L3RhYmxlPgo8L2Rpdj4=[\/vc_raw_html][\/vc_column][\/vc_row]<\/p>\n<\/div>","protected":false},"excerpt":{"rendered":"<p>[vc_row full_width=\u00bbstretch_row\u00bb woodmart_bg_position=\u00bbcenter-bottom\u00bb css=\u00bb.vc_custom_1680617386280{margin-top: -40px !important;padding-top: 10px !important;padding-bottom: 18px !important;background-image: url(https:\/\/alliedmineral.com\/wp-content\/uploads\/2023\/03\/Allied-Minerals-title-1.jpg?id=84) !important;background-position: center !important;background-repeat: no-repeat !important;background-size: cover !important;}\u00bb woodmart_css_id=\u00bb642c2fa3441a4&#8243; responsive_spacing=\u00bbeyJwYXJhbV90eXBlIjoid29vZG1hcnRfcmVzcG9uc2l2ZV9zcGFjaW5nIiwic2VsZWN0b3JfaWQiOiI2NDJjMmZhMzQ0MWE0Iiwic2hvcnRjb2RlIjoidmNfcm93IiwiZGF0YSI6eyJ0YWJsZXQiOnt9LCJtb2JpbGUiOnt9fX0=\u00bb<\/p>\n","protected":false},"author":3,"featured_media":0,"parent":11290,"menu_order":0,"comment_status":"closed","ping_status":"closed","template":"","meta":{"content-type":"","footnotes":""},"class_list":["post-11356","page","type-page","status-publish","hentry"],"yoast_head":"<!-- This site is optimized with the Yoast SEO plugin v25.7 - https:\/\/yoast.com\/wordpress\/plugins\/seo\/ -->\n<title>Refractarios a medida para lavaderos en mantenimiento de metales y transferencias.<\/title>\n<meta name=\"description\" content=\"Allied ofrece una amplia selecci\u00f3n de productos junto con m\u00e9todos de instalaci\u00f3n para satisfacer sus necesidades espec\u00edficas de lavaplatos en mantenimiento de metales y transferencias.\" \/>\n<meta name=\"robots\" content=\"index, follow, max-snippet:-1, max-image-preview:large, max-video-preview:-1\" \/>\n<link rel=\"canonical\" href=\"https:\/\/alliedmineral.com\/es\/industrias\/mantenimiento-y-transferencia-de-metales\/launders\/\" \/>\n<meta property=\"og:locale\" content=\"es_ES\" \/>\n<meta property=\"og:type\" content=\"article\" \/>\n<meta property=\"og:title\" content=\"Refractarios a medida para lavaderos en mantenimiento de metales y transferencias.\" \/>\n<meta property=\"og:description\" content=\"Allied ofrece una amplia selecci\u00f3n de productos junto con m\u00e9todos de instalaci\u00f3n para satisfacer sus necesidades espec\u00edficas de lavaplatos en mantenimiento de metales y transferencias.\" \/>\n<meta property=\"og:url\" content=\"https:\/\/alliedmineral.com\/es\/industrias\/mantenimiento-y-transferencia-de-metales\/launders\/\" \/>\n<meta property=\"og:site_name\" content=\"Allied Mineral Products\" \/>\n<meta property=\"article:modified_time\" content=\"2025-03-06T14:40:47+00:00\" \/>\n<meta name=\"twitter:card\" content=\"summary_large_image\" \/>\n<meta name=\"twitter:label1\" content=\"Tiempo de lectura\" \/>\n\t<meta name=\"twitter:data1\" content=\"8 minutos\" \/>\n<script type=\"application\/ld+json\" class=\"yoast-schema-graph\">{\"@context\":\"https:\/\/schema.org\",\"@graph\":[{\"@type\":\"WebPage\",\"@id\":\"https:\/\/alliedmineral.com\/es\/industrias\/mantenimiento-y-transferencia-de-metales\/launders\/\",\"url\":\"https:\/\/alliedmineral.com\/es\/industrias\/mantenimiento-y-transferencia-de-metales\/launders\/\",\"name\":\"Refractarios a medida para lavaderos en mantenimiento de metales y transferencias.\",\"isPartOf\":{\"@id\":\"https:\/\/alliedmineral.com\/es\/#website\"},\"datePublished\":\"2023-05-04T20:01:28+00:00\",\"dateModified\":\"2025-03-06T14:40:47+00:00\",\"description\":\"Allied ofrece una amplia selecci\u00f3n de productos junto con m\u00e9todos de instalaci\u00f3n para satisfacer sus necesidades espec\u00edficas de lavaplatos en mantenimiento de metales y transferencias.\",\"breadcrumb\":{\"@id\":\"https:\/\/alliedmineral.com\/es\/industrias\/mantenimiento-y-transferencia-de-metales\/launders\/#breadcrumb\"},\"inLanguage\":\"es\",\"potentialAction\":[{\"@type\":\"ReadAction\",\"target\":[\"https:\/\/alliedmineral.com\/es\/industrias\/mantenimiento-y-transferencia-de-metales\/launders\/\"]}]},{\"@type\":\"BreadcrumbList\",\"@id\":\"https:\/\/alliedmineral.com\/es\/industrias\/mantenimiento-y-transferencia-de-metales\/launders\/#breadcrumb\",\"itemListElement\":[{\"@type\":\"ListItem\",\"position\":1,\"name\":\"Home\",\"item\":\"https:\/\/alliedmineral.com\/es\/\"},{\"@type\":\"ListItem\",\"position\":2,\"name\":\"Industrias\",\"item\":\"https:\/\/alliedmineral.com\/es\/industrias\/\"},{\"@type\":\"ListItem\",\"position\":3,\"name\":\"MANTENIMIENTO Y TRANSFERENCIA DE METALES\",\"item\":\"https:\/\/alliedmineral.com\/es\/industrias\/mantenimiento-y-transferencia-de-metales\/\"},{\"@type\":\"ListItem\",\"position\":4,\"name\":\"Launders\"}]},{\"@type\":\"WebSite\",\"@id\":\"https:\/\/alliedmineral.com\/es\/#website\",\"url\":\"https:\/\/alliedmineral.com\/es\/\",\"name\":\"Allied Mineral Products\",\"description\":\"\",\"potentialAction\":[{\"@type\":\"SearchAction\",\"target\":{\"@type\":\"EntryPoint\",\"urlTemplate\":\"https:\/\/alliedmineral.com\/es\/?s={search_term_string}\"},\"query-input\":{\"@type\":\"PropertyValueSpecification\",\"valueRequired\":true,\"valueName\":\"search_term_string\"}}],\"inLanguage\":\"es\"}]}<\/script>\n<!-- \/ Yoast SEO plugin. -->","yoast_head_json":{"title":"Refractarios a medida para lavaderos en mantenimiento de metales y transferencias.","description":"Allied ofrece una amplia selecci\u00f3n de productos junto con m\u00e9todos de instalaci\u00f3n para satisfacer sus necesidades espec\u00edficas de lavaplatos en mantenimiento de metales y transferencias.","robots":{"index":"index","follow":"follow","max-snippet":"max-snippet:-1","max-image-preview":"max-image-preview:large","max-video-preview":"max-video-preview:-1"},"canonical":"https:\/\/alliedmineral.com\/es\/industrias\/mantenimiento-y-transferencia-de-metales\/launders\/","og_locale":"es_ES","og_type":"article","og_title":"Refractarios a medida para lavaderos en mantenimiento de metales y transferencias.","og_description":"Allied ofrece una amplia selecci\u00f3n de productos junto con m\u00e9todos de instalaci\u00f3n para satisfacer sus necesidades espec\u00edficas de lavaplatos en mantenimiento de metales y transferencias.","og_url":"https:\/\/alliedmineral.com\/es\/industrias\/mantenimiento-y-transferencia-de-metales\/launders\/","og_site_name":"Allied Mineral Products","article_modified_time":"2025-03-06T14:40:47+00:00","twitter_card":"summary_large_image","twitter_misc":{"Tiempo de lectura":"8 minutos"},"schema":{"@context":"https:\/\/schema.org","@graph":[{"@type":"WebPage","@id":"https:\/\/alliedmineral.com\/es\/industrias\/mantenimiento-y-transferencia-de-metales\/launders\/","url":"https:\/\/alliedmineral.com\/es\/industrias\/mantenimiento-y-transferencia-de-metales\/launders\/","name":"Refractarios a medida para lavaderos en mantenimiento de metales y transferencias.","isPartOf":{"@id":"https:\/\/alliedmineral.com\/es\/#website"},"datePublished":"2023-05-04T20:01:28+00:00","dateModified":"2025-03-06T14:40:47+00:00","description":"Allied ofrece una amplia selecci\u00f3n de productos junto con m\u00e9todos de instalaci\u00f3n para satisfacer sus necesidades espec\u00edficas de lavaplatos en mantenimiento de metales y transferencias.","breadcrumb":{"@id":"https:\/\/alliedmineral.com\/es\/industrias\/mantenimiento-y-transferencia-de-metales\/launders\/#breadcrumb"},"inLanguage":"es","potentialAction":[{"@type":"ReadAction","target":["https:\/\/alliedmineral.com\/es\/industrias\/mantenimiento-y-transferencia-de-metales\/launders\/"]}]},{"@type":"BreadcrumbList","@id":"https:\/\/alliedmineral.com\/es\/industrias\/mantenimiento-y-transferencia-de-metales\/launders\/#breadcrumb","itemListElement":[{"@type":"ListItem","position":1,"name":"Home","item":"https:\/\/alliedmineral.com\/es\/"},{"@type":"ListItem","position":2,"name":"Industrias","item":"https:\/\/alliedmineral.com\/es\/industrias\/"},{"@type":"ListItem","position":3,"name":"MANTENIMIENTO Y TRANSFERENCIA DE METALES","item":"https:\/\/alliedmineral.com\/es\/industrias\/mantenimiento-y-transferencia-de-metales\/"},{"@type":"ListItem","position":4,"name":"Launders"}]},{"@type":"WebSite","@id":"https:\/\/alliedmineral.com\/es\/#website","url":"https:\/\/alliedmineral.com\/es\/","name":"Allied Mineral Products","description":"","potentialAction":[{"@type":"SearchAction","target":{"@type":"EntryPoint","urlTemplate":"https:\/\/alliedmineral.com\/es\/?s={search_term_string}"},"query-input":{"@type":"PropertyValueSpecification","valueRequired":true,"valueName":"search_term_string"}}],"inLanguage":"es"}]}},"_links":{"self":[{"href":"https:\/\/alliedmineral.com\/es\/wp-json\/wp\/v2\/pages\/11356","targetHints":{"allow":["GET"]}}],"collection":[{"href":"https:\/\/alliedmineral.com\/es\/wp-json\/wp\/v2\/pages"}],"about":[{"href":"https:\/\/alliedmineral.com\/es\/wp-json\/wp\/v2\/types\/page"}],"author":[{"embeddable":true,"href":"https:\/\/alliedmineral.com\/es\/wp-json\/wp\/v2\/users\/3"}],"replies":[{"embeddable":true,"href":"https:\/\/alliedmineral.com\/es\/wp-json\/wp\/v2\/comments?post=11356"}],"version-history":[{"count":0,"href":"https:\/\/alliedmineral.com\/es\/wp-json\/wp\/v2\/pages\/11356\/revisions"}],"up":[{"embeddable":true,"href":"https:\/\/alliedmineral.com\/es\/wp-json\/wp\/v2\/pages\/11290"}],"wp:attachment":[{"href":"https:\/\/alliedmineral.com\/es\/wp-json\/wp\/v2\/media?parent=11356"}],"curies":[{"name":"wp","href":"https:\/\/api.w.org\/{rel}","templated":true}]}}