{"id":11347,"date":"2023-04-26T16:57:19","date_gmt":"2023-04-26T21:57:19","guid":{"rendered":"https:\/\/alliedmineral.com\/productos\/productos-innovadores\/tek-sil\/"},"modified":"2025-03-06T09:43:43","modified_gmt":"2025-03-06T14:43:43","slug":"tek-sil","status":"publish","type":"page","link":"https:\/\/alliedmineral.com\/es\/productos\/productos-innovadores\/tek-sil\/","title":{"rendered":"TEK-SIL"},"content":{"rendered":"<div class=\"wpb-content-wrapper\"><p>[vc_row full_width=\u00bbstretch_row\u00bb woodmart_bg_position=\u00bbcenter-bottom\u00bb css=\u00bb.vc_custom_1680617386280{margin-top: -40px !important;padding-top: 10px !important;padding-bottom: 18px !important;background-image: url(https:\/\/alliedmineral.com\/wp-content\/uploads\/2023\/03\/Allied-Minerals-title-1.jpg?id=84) !important;background-position: center !important;background-repeat: no-repeat !important;background-size: cover !important;}\u00bb woodmart_css_id=\u00bb642c2fa3441a4&#8243; responsive_spacing=\u00bbeyJwYXJhbV90eXBlIjoid29vZG1hcnRfcmVzcG9uc2l2ZV9zcGFjaW5nIiwic2VsZWN0b3JfaWQiOiI2NDJjMmZhMzQ0MWE0Iiwic2hvcnRjb2RlIjoidmNfcm93IiwiZGF0YSI6eyJ0YWJsZXQiOnt9LCJtb2JpbGUiOnt9fX0=\u00bb mobile_bg_img_hidden=\u00bbno\u00bb tablet_bg_img_hidden=\u00bbno\u00bb woodmart_parallax=\u00bb0&#8243; woodmart_gradient_switch=\u00bbno\u00bb woodmart_box_shadow=\u00bbno\u00bb wd_z_index=\u00bbno\u00bb woodmart_disable_overflow=\u00bb0&#8243; row_reverse_mobile=\u00bb0&#8243; row_reverse_tablet=\u00bb0&#8243;][vc_column css_animation=\u00bbfadeInUp\u00bb woodmart_css_id=\u00bb642eeb64391ac\u00bb parallax_scroll=\u00bbno\u00bb woodmart_sticky_column=\u00bbfalse\u00bb wd_collapsible_content_switcher=\u00bbno\u00bb wd_column_role_offcanvas_desktop=\u00bbno\u00bb wd_column_role_offcanvas_tablet=\u00bbno\u00bb wd_column_role_offcanvas_mobile=\u00bbno\u00bb wd_column_role_content_desktop=\u00bbno\u00bb wd_column_role_content_tablet=\u00bbno\u00bb wd_column_role_content_mobile=\u00bbno\u00bb mobile_bg_img_hidden=\u00bbno\u00bb tablet_bg_img_hidden=\u00bbno\u00bb woodmart_parallax=\u00bb0&#8243; woodmart_box_shadow=\u00bbno\u00bb responsive_spacing=\u00bbeyJwYXJhbV90eXBlIjoid29vZG1hcnRfcmVzcG9uc2l2ZV9zcGFjaW5nIiwic2VsZWN0b3JfaWQiOiI2NDJlZWI2NDM5MWFjIiwic2hvcnRjb2RlIjoidmNfY29sdW1uIiwiZGF0YSI6eyJ0YWJsZXQiOnt9LCJtb2JpbGUiOnt9fX0=\u00bb mobile_reset_margin=\u00bbno\u00bb tablet_reset_margin=\u00bbno\u00bb wd_z_index=\u00bbno\u00bb][vc_custom_heading text=\u00bbTEK-SIL\u00bb font_container=\u00bbtag:h1|font_size:40|text_align:left|color:%23ffffff|line_height:1&#8243; use_theme_fonts=\u00bbyes\u00bb el_class=\u00bbpage-title\u00bb css=\u00bb.vc_custom_1682545953989{border-bottom-width: 4px !important;padding-bottom: 20px !important;border-bottom-color: #ee7623 !important;border-bottom-style: solid !important;}\u00bb][\/vc_column][\/vc_row][vc_row equal_height=\u00bbyes\u00bb content_placement=\u00bbmiddle\u00bb css=\u00bb.vc_custom_1682111970609{padding-top: 60px !important;padding-bottom: 60px !important;}\u00bb woodmart_css_id=\u00bb6442fddaee50d\u00bb responsive_spacing=\u00bbeyJwYXJhbV90eXBlIjoid29vZG1hcnRfcmVzcG9uc2l2ZV9zcGFjaW5nIiwic2VsZWN0b3JfaWQiOiI2NDQyZmRkYWVlNTBkIiwic2hvcnRjb2RlIjoidmNfcm93IiwiZGF0YSI6eyJ0YWJsZXQiOnt9LCJtb2JpbGUiOnt9fX0=\u00bb mobile_bg_img_hidden=\u00bbno\u00bb tablet_bg_img_hidden=\u00bbno\u00bb woodmart_parallax=\u00bb0&#8243; woodmart_gradient_switch=\u00bbno\u00bb woodmart_box_shadow=\u00bbno\u00bb wd_z_index=\u00bbno\u00bb woodmart_disable_overflow=\u00bb0&#8243; row_reverse_mobile=\u00bb0&#8243; row_reverse_tablet=\u00bb0&#8243;][vc_column css_animation=\u00bbfadeIn\u00bb offset=\u00bbvc_col-md-6&#8243; woodmart_css_id=\u00bb64245f202e99c\u00bb parallax_scroll=\u00bbno\u00bb woodmart_sticky_column=\u00bbfalse\u00bb wd_collapsible_content_switcher=\u00bbno\u00bb wd_column_role_offcanvas_desktop=\u00bbno\u00bb wd_column_role_offcanvas_tablet=\u00bbno\u00bb wd_column_role_offcanvas_mobile=\u00bbno\u00bb wd_column_role_content_desktop=\u00bbno\u00bb wd_column_role_content_tablet=\u00bbno\u00bb wd_column_role_content_mobile=\u00bbno\u00bb mobile_bg_img_hidden=\u00bbno\u00bb tablet_bg_img_hidden=\u00bbno\u00bb woodmart_parallax=\u00bb0&#8243; woodmart_box_shadow=\u00bbno\u00bb responsive_spacing=\u00bbeyJwYXJhbV90eXBlIjoid29vZG1hcnRfcmVzcG9uc2l2ZV9zcGFjaW5nIiwic2VsZWN0b3JfaWQiOiI2NDI0NWYyMDJlOTljIiwic2hvcnRjb2RlIjoidmNfY29sdW1uIiwiZGF0YSI6eyJ0YWJsZXQiOnt9LCJtb2JpbGUiOnt9fX0=\u00bb mobile_reset_margin=\u00bbno\u00bb tablet_reset_margin=\u00bbno\u00bb wd_z_index=\u00bbno\u00bb][vc_single_image image=\u00bb7366&#8243; img_size=\u00bbfull\u00bb alignment=\u00bbcenter\u00bb parallax_scroll=\u00bbno\u00bb woodmart_inline=\u00bbno\u00bb][\/vc_column][vc_column css_animation=\u00bbfadeIn\u00bb offset=\u00bbvc_col-md-6&#8243; woodmart_css_id=\u00bb64769cc6acd75&#8243; parallax_scroll=\u00bbno\u00bb woodmart_sticky_column=\u00bbfalse\u00bb wd_collapsible_content_switcher=\u00bbno\u00bb wd_column_role_offcanvas_desktop=\u00bbno\u00bb wd_column_role_offcanvas_tablet=\u00bbno\u00bb wd_column_role_offcanvas_mobile=\u00bbno\u00bb wd_column_role_content_desktop=\u00bbno\u00bb wd_column_role_content_tablet=\u00bbno\u00bb wd_column_role_content_mobile=\u00bbno\u00bb mobile_bg_img_hidden=\u00bbno\u00bb tablet_bg_img_hidden=\u00bbno\u00bb woodmart_parallax=\u00bb0&#8243; woodmart_box_shadow=\u00bbno\u00bb responsive_spacing=\u00bbeyJwYXJhbV90eXBlIjoid29vZG1hcnRfcmVzcG9uc2l2ZV9zcGFjaW5nIiwic2VsZWN0b3JfaWQiOiI2NDc2OWNjNmFjZDc1Iiwic2hvcnRjb2RlIjoidmNfY29sdW1uIiwiZGF0YSI6eyJ0YWJsZXQiOnsicGFkZGluZy1sZWZ0IjoiMTUifSwibW9iaWxlIjp7fX19&#8243; mobile_reset_margin=\u00bbno\u00bb tablet_reset_margin=\u00bbno\u00bb wd_z_index=\u00bbno\u00bb css=\u00bb.vc_custom_1685494990024{padding-top: 0px !important;padding-left: 10% !important;}\u00bb][vc_column_text woodmart_inline=\u00bbno\u00bb text_larger=\u00bbno\u00bb]TEK-SIL es un producto revolucionario dise\u00f1ado para ayudar a las fundiciones a cumplir las nuevas normas sobre s\u00edlice cristalina respirable. Allied desarroll\u00f3 TEK-SIL para reducir significativamente la s\u00edlice cristalina respirable durante la instalaci\u00f3n.[\/vc_column_text]<div id=\"wd-64499a2b332ef\" class=\" wd-rs-64499a2b332ef  wd-button-wrapper text-center inline-element\"><a href=\"\/es\/?page_id=11278\" title=\"P\u00f3ngase en contacto con\" target=\"_blank\" class=\"btn btn-scheme-light btn-scheme-hover-light btn-style-default btn-style-rectangle btn-size-large\">SOLICITAR PRESUPUESTO<\/a><\/div><div id=\"wd-6463dcf53a3ec\" class=\" wd-rs-6463dcf53a3ec  wd-button-wrapper text-center inline-element\"><a href=\"\/wp-content\/uploads\/2023\/05\/TEK-SIL-flyer.pdf\" title=\"\" target=\"_blank\" class=\"btn btn-color-alt btn-style-default btn-style-rectangle btn-size-large\">Descargar PDF<\/a><\/div>[\/vc_column][\/vc_row][vc_row full_width=\u00bbstretch_row\u00bb equal_height=\u00bbyes\u00bb css=\u00bb.vc_custom_1685495000886{margin-bottom: -40px !important;padding-top: 100px !important;padding-bottom: 100px !important;}\u00bb woodmart_css_id=\u00bb64769ccfd351e\u00bb responsive_spacing=\u00bbeyJwYXJhbV90eXBlIjoid29vZG1hcnRfcmVzcG9uc2l2ZV9zcGFjaW5nIiwic2VsZWN0b3JfaWQiOiI2NDc2OWNjZmQzNTFlIiwic2hvcnRjb2RlIjoidmNfcm93IiwiZGF0YSI6eyJ0YWJsZXQiOnsicGFkZGluZy1yaWdodCI6IjM1IiwicGFkZGluZy1sZWZ0IjoiMzUifSwibW9iaWxlIjp7InBhZGRpbmctdG9wIjoiNTAiLCJwYWRkaW5nLWJvdHRvbSI6IjUwIn19fQ==\u00bb mobile_bg_img_hidden=\u00bbno\u00bb tablet_bg_img_hidden=\u00bbno\u00bb woodmart_parallax=\u00bb0&#8243; woodmart_gradient_switch=\u00bbyes\u00bb woodmart_box_shadow=\u00bbno\u00bb wd_z_index=\u00bbno\u00bb woodmart_disable_overflow=\u00bb0&#8243; row_reverse_mobile=\u00bb0&#8243; row_reverse_tablet=\u00bb0&#8243; woodmart_color_gradient=\u00bbrgb(221, 117, 39)-0\/rgb(0, 0, 0)-100\/|linear-gradient(top , rgb(221, 117, 39) , rgb(0, 0, 0) 100%)|linear|top\u00bb][vc_column css=\u00bb.vc_custom_1680106105116{margin-bottom: 0px !important;padding-bottom: 25px !important;background-color: #92412b !important;}\u00bb woodmart_css_id=\u00bb642462726b593&#8243; parallax_scroll=\u00bbno\u00bb woodmart_sticky_column=\u00bbfalse\u00bb wd_collapsible_content_switcher=\u00bbno\u00bb wd_column_role_offcanvas_desktop=\u00bbno\u00bb wd_column_role_offcanvas_tablet=\u00bbno\u00bb wd_column_role_offcanvas_mobile=\u00bbno\u00bb wd_column_role_content_desktop=\u00bbno\u00bb wd_column_role_content_tablet=\u00bbno\u00bb wd_column_role_content_mobile=\u00bbno\u00bb mobile_bg_img_hidden=\u00bbno\u00bb tablet_bg_img_hidden=\u00bbno\u00bb woodmart_parallax=\u00bb0&#8243; woodmart_box_shadow=\u00bbno\u00bb responsive_spacing=\u00bbeyJwYXJhbV90eXBlIjoid29vZG1hcnRfcmVzcG9uc2l2ZV9zcGFjaW5nIiwic2VsZWN0b3JfaWQiOiI2NDI0NjI3MjZiNTkzIiwic2hvcnRjb2RlIjoidmNfY29sdW1uIiwiZGF0YSI6eyJ0YWJsZXQiOnt9LCJtb2JpbGUiOnt9fX0=\u00bb mobile_reset_margin=\u00bbno\u00bb tablet_reset_margin=\u00bbno\u00bb wd_z_index=\u00bbno\u00bb][vc_custom_heading text=\u00bbDETALLES DEL MATERIAL\u00bb font_container=\u00bbtag:h2|text_align:center|color:%23ffffff|line_height:1&#8243; use_theme_fonts=\u00bbyes\u00bb css=\u00bb.vc_custom_1682545286442{margin-bottom: 5px !important;}\u00bb][\/vc_column][vc_column css=\u00bb.vc_custom_1680106740193{margin-top: 0px !important;padding-top: 50px !important;padding-right: 120px !important;padding-bottom: 50px !important;padding-left: 120px !important;background-color: #ffffff !important;}\u00bb woodmart_css_id=\u00bb642464e8dbd6f\u00bb parallax_scroll=\u00bbno\u00bb woodmart_sticky_column=\u00bbfalse\u00bb wd_collapsible_content_switcher=\u00bbno\u00bb wd_column_role_offcanvas_desktop=\u00bbno\u00bb wd_column_role_offcanvas_tablet=\u00bbno\u00bb wd_column_role_offcanvas_mobile=\u00bbno\u00bb wd_column_role_content_desktop=\u00bbno\u00bb wd_column_role_content_tablet=\u00bbno\u00bb wd_column_role_content_mobile=\u00bbno\u00bb mobile_bg_img_hidden=\u00bbno\u00bb tablet_bg_img_hidden=\u00bbno\u00bb woodmart_parallax=\u00bb0&#8243; woodmart_box_shadow=\u00bbno\u00bb responsive_spacing=\u00bbeyJwYXJhbV90eXBlIjoid29vZG1hcnRfcmVzcG9uc2l2ZV9zcGFjaW5nIiwic2VsZWN0b3JfaWQiOiI2NDI0NjRlOGRiZDZmIiwic2hvcnRjb2RlIjoidmNfY29sdW1uIiwiZGF0YSI6eyJ0YWJsZXQiOnsicGFkZGluZy1yaWdodCI6IjIxIiwicGFkZGluZy1sZWZ0IjoiMjEifSwibW9iaWxlIjp7InBhZGRpbmctcmlnaHQiOiIyMSIsInBhZGRpbmctbGVmdCI6IjIxIn19fQ==\u00bb mobile_reset_margin=\u00bbno\u00bb tablet_reset_margin=\u00bbno\u00bb wd_z_index=\u00bbno\u00bb][vc_custom_heading text=\u00bbInformaci\u00f3n sobre la normativa OSHA sobre s\u00edlice cristalina respirable a febrero de 2019.\u00bb font_container=\u00bbtag:h2|text_align:left|color:%23007473&#8243; use_theme_fonts=\u00bbyes\u00bb][vc_separator color=\u00bbblack\u00bb wd_hide_on_desktop=\u00bbno\u00bb wd_hide_on_tablet=\u00bbno\u00bb wd_hide_on_mobile=\u00bbno\u00bb][vc_column_text woodmart_inline=\u00bbno\u00bb text_larger=\u00bbno\u00bb]Desde el punto de vista de la salud, Salud y Seguridad Medioambiental (EHS) eval\u00faa dos tipos de polvo durante la instalaci\u00f3n de productos a base de s\u00edlice (SiO2): polvo respirable (peque\u00f1as part\u00edculas de polvo que incluyen s\u00edlice amorfa) y s\u00edlice cristalina respirable.<\/p>\n<p>Hay dos tipos diferentes de s\u00edlice, una es cristalina y la otra no cristalina (amorfa). Las tres estructuras cristalinas de la s\u00edlice son el cuarzo, la tridimita y la cristobalita. El principal tipo de s\u00edlice al que est\u00e1 expuesta la mayor\u00eda de la gente es el cuarzo (por ejemplo, la arena de playa). Cuando el tama\u00f1o de las part\u00edculas de una de las estructuras de s\u00edlice cristalina es inferior a 10 micras, se considera que se trata de s\u00edlice cristalina respirable.<\/p>\n<p>La f\u00f3rmula del l\u00edmite de exposici\u00f3n personal (PEL) no cristalino (amorfo) utilizada por la OSHA para la s\u00edlice amorfa es de 80 mg\/m3\/%SiO2 de media ponderada en el tiempo (TWA).<\/p>\n<p><strong>Polvo en suspensi\u00f3n<\/strong><br \/>\nLa norma OSHA PEL actual para el polvo respirable es de 5 mg\/m3. Un respirador de media cara (Respirador Purificador de Aire) proporciona protecci\u00f3n al Polvo Respirable hasta 50 mg\/m3. Un respirador de cara completa (Respirador Purificador de Aire) proporciona protecci\u00f3n al Polvo Respirable hasta 250 mg\/m3.<\/p>\n<p><strong>Cuarzo respirable<\/strong><br \/>\nEl PEL de la OSHA es de 0,05 mg\/m3 o 50 \u03bcg\/m3 para el cuarzo. Un respirador de media cara (Air-Purifying Respirator) o un respirador de papel (es decir, pieza facial filtrante, m\u00e1scara crepuscular) proporcionan una protecci\u00f3n hasta 10 veces superior al PEL para el cuarzo. Esto equivale a 0,50 mg\/ m3 o 500 \u03bcg\/m3. Una mascarilla respiratoria completa (Air Purifying Respirator) proporciona una protecci\u00f3n hasta 50 veces superior al PEL para el cuarzo. Esto equivale a 2,5 mg\/m3 o 2500 \u03bcg\/m3.<\/p>\n<p><strong>Pruebas<\/strong><br \/>\nLos resultados de las pruebas son normalmente las concentraciones de polvo respirable y las concentraciones de cuarzo, cristobalita y tridimita. Se recomienda el m\u00e9todo de ensayo NIOSH 0600 modificado para medir la cantidad de concentraci\u00f3n de polvo respirable. Se recomienda el m\u00e9todo de prueba NIOSH 7500 modificado para medir la s\u00edlice cristalina respirable. Las pruebas t\u00edpicas de control de la s\u00edlice en el aire no separan la s\u00edlice cristalina respirable de la s\u00edlice no cristalina (amorfa).<\/p>\n<p>El control del aire es una forma que tienen las empresas de determinar la cantidad de s\u00edlice cristalina respirable en el aire durante la instalaci\u00f3n de productos a base de s\u00edlice (SiO2). Junto con el control del aire, debe tomarse una muestra a granel del producto a base de s\u00edlice (SiO2). La muestra a granel da una representaci\u00f3n de la cantidad de s\u00edlice cristalina respirable dentro del producto. Adem\u00e1s, esto da un tipo de fondo para mostrar lo que el material de partida es antes de que se est\u00e1 manipulando.<\/p>\n<p>Para que un volumen de aire suficiente pase por el cicl\u00f3n y quede atrapado en el filtro, es necesario controlar el aire durante cierto tiempo (normalmente un m\u00ednimo de 5 horas de trabajo). Durante el control del aire, debe realizarse una manipulaci\u00f3n adecuada del equipo. Si utiliza un monitor de aire cicl\u00f3nico, aseg\u00farese de que el cicl\u00f3n no se ponga boca abajo. Esto har\u00e1 que todas las part\u00edculas sedimentadas se adhieran al medio dentro del cartucho de control de aire. Si esto ocurre, los resultados no ser\u00e1n exactos.<\/p>\n<p><strong>NOTA: Los productos TEK-SIL tienen un contenido reducido de s\u00edlice cristalina respirable en comparaci\u00f3n con [normal silica refractory ceramic products]. Sin embargo, no toda la s\u00edlice cristalina respirable se ha eliminado de los productos TEK-SIL. Deben utilizarse equipos de protecci\u00f3n individual (EPI) y de evacuaci\u00f3n de polvo adecuados.<\/strong>[\/vc_column_text]<div id=\"wd-6463dd05e6cd8\" class=\" wd-rs-6463dd05e6cd8 vc_custom_1684266253064 wd-button-wrapper text-center inline-element\"><a href=\"\/wp-content\/uploads\/2023\/05\/TEK-SIL-flyer.pdf\" title=\"\" target=\"_blank\" class=\"btn btn-color-alt btn-style-default btn-style-rectangle btn-size-large\">Descargar PDF<\/a><\/div>[\/vc_column][\/vc_row]<\/p>\n<\/div>","protected":false},"excerpt":{"rendered":"<p>[vc_row full_width=\u00bbstretch_row\u00bb woodmart_bg_position=\u00bbcenter-bottom\u00bb css=\u00bb.vc_custom_1680617386280{margin-top: -40px !important;padding-top: 10px !important;padding-bottom: 18px !important;background-image: url(https:\/\/alliedmineral.com\/wp-content\/uploads\/2023\/03\/Allied-Minerals-title-1.jpg?id=84) !important;background-position: center !important;background-repeat: no-repeat !important;background-size: cover !important;}\u00bb woodmart_css_id=\u00bb642c2fa3441a4&#8243; responsive_spacing=\u00bbeyJwYXJhbV90eXBlIjoid29vZG1hcnRfcmVzcG9uc2l2ZV9zcGFjaW5nIiwic2VsZWN0b3JfaWQiOiI2NDJjMmZhMzQ0MWE0Iiwic2hvcnRjb2RlIjoidmNfcm93IiwiZGF0YSI6eyJ0YWJsZXQiOnt9LCJtb2JpbGUiOnt9fX0=\u00bb<\/p>\n","protected":false},"author":3,"featured_media":0,"parent":11306,"menu_order":0,"comment_status":"closed","ping_status":"closed","template":"","meta":{"content-type":"","footnotes":""},"class_list":["post-11347","page","type-page","status-publish","hentry"],"yoast_head":"<!-- This site is optimized with the Yoast SEO plugin v25.7 - https:\/\/yoast.com\/wordpress\/plugins\/seo\/ -->\n<title>TEK-SIL: Producto refractario para reducir la s\u00edlice cristalina respirable durante la instalaci\u00f3n.<\/title>\n<meta name=\"description\" content=\"Dise\u00f1ado para ayudar a las fundiciones a cumplir las nuevas normas sobre s\u00edlice respirable. TEK-SIL reduce significativamente la cantidad de s\u00edlice cristalina respirable durante la instalaci\u00f3n.\" \/>\n<meta name=\"robots\" content=\"index, follow, max-snippet:-1, max-image-preview:large, max-video-preview:-1\" \/>\n<link rel=\"canonical\" href=\"https:\/\/alliedmineral.com\/es\/productos\/productos-innovadores\/tek-sil\/\" \/>\n<meta property=\"og:locale\" content=\"es_ES\" \/>\n<meta property=\"og:type\" content=\"article\" \/>\n<meta property=\"og:title\" content=\"TEK-SIL: Producto refractario para reducir la s\u00edlice cristalina respirable durante la instalaci\u00f3n.\" \/>\n<meta property=\"og:description\" content=\"Dise\u00f1ado para ayudar a las fundiciones a cumplir las nuevas normas sobre s\u00edlice respirable. TEK-SIL reduce significativamente la cantidad de s\u00edlice cristalina respirable durante la instalaci\u00f3n.\" \/>\n<meta property=\"og:url\" content=\"https:\/\/alliedmineral.com\/es\/productos\/productos-innovadores\/tek-sil\/\" \/>\n<meta property=\"og:site_name\" content=\"Allied Mineral Products\" \/>\n<meta property=\"article:modified_time\" content=\"2025-03-06T14:43:43+00:00\" \/>\n<meta name=\"twitter:card\" content=\"summary_large_image\" \/>\n<meta name=\"twitter:label1\" content=\"Tiempo de lectura\" \/>\n\t<meta name=\"twitter:data1\" content=\"10 minutos\" \/>\n<script type=\"application\/ld+json\" class=\"yoast-schema-graph\">{\"@context\":\"https:\/\/schema.org\",\"@graph\":[{\"@type\":\"WebPage\",\"@id\":\"https:\/\/alliedmineral.com\/es\/productos\/productos-innovadores\/tek-sil\/\",\"url\":\"https:\/\/alliedmineral.com\/es\/productos\/productos-innovadores\/tek-sil\/\",\"name\":\"TEK-SIL: Producto refractario para reducir la s\u00edlice cristalina respirable durante la instalaci\u00f3n.\",\"isPartOf\":{\"@id\":\"https:\/\/alliedmineral.com\/es\/#website\"},\"datePublished\":\"2023-04-26T21:57:19+00:00\",\"dateModified\":\"2025-03-06T14:43:43+00:00\",\"description\":\"Dise\u00f1ado para ayudar a las fundiciones a cumplir las nuevas normas sobre s\u00edlice respirable. TEK-SIL reduce significativamente la cantidad de s\u00edlice cristalina respirable durante la instalaci\u00f3n.\",\"breadcrumb\":{\"@id\":\"https:\/\/alliedmineral.com\/es\/productos\/productos-innovadores\/tek-sil\/#breadcrumb\"},\"inLanguage\":\"es\",\"potentialAction\":[{\"@type\":\"ReadAction\",\"target\":[\"https:\/\/alliedmineral.com\/es\/productos\/productos-innovadores\/tek-sil\/\"]}]},{\"@type\":\"BreadcrumbList\",\"@id\":\"https:\/\/alliedmineral.com\/es\/productos\/productos-innovadores\/tek-sil\/#breadcrumb\",\"itemListElement\":[{\"@type\":\"ListItem\",\"position\":1,\"name\":\"Home\",\"item\":\"https:\/\/alliedmineral.com\/es\/\"},{\"@type\":\"ListItem\",\"position\":2,\"name\":\"Productos\",\"item\":\"https:\/\/alliedmineral.com\/es\/productos\/\"},{\"@type\":\"ListItem\",\"position\":3,\"name\":\"Productos innovadores\",\"item\":\"https:\/\/alliedmineral.com\/es\/productos\/productos-innovadores\/\"},{\"@type\":\"ListItem\",\"position\":4,\"name\":\"TEK-SIL\"}]},{\"@type\":\"WebSite\",\"@id\":\"https:\/\/alliedmineral.com\/es\/#website\",\"url\":\"https:\/\/alliedmineral.com\/es\/\",\"name\":\"Allied Mineral Products\",\"description\":\"\",\"potentialAction\":[{\"@type\":\"SearchAction\",\"target\":{\"@type\":\"EntryPoint\",\"urlTemplate\":\"https:\/\/alliedmineral.com\/es\/?s={search_term_string}\"},\"query-input\":{\"@type\":\"PropertyValueSpecification\",\"valueRequired\":true,\"valueName\":\"search_term_string\"}}],\"inLanguage\":\"es\"}]}<\/script>\n<!-- \/ Yoast SEO plugin. -->","yoast_head_json":{"title":"TEK-SIL: Producto refractario para reducir la s\u00edlice cristalina respirable durante la instalaci\u00f3n.","description":"Dise\u00f1ado para ayudar a las fundiciones a cumplir las nuevas normas sobre s\u00edlice respirable. TEK-SIL reduce significativamente la cantidad de s\u00edlice cristalina respirable durante la instalaci\u00f3n.","robots":{"index":"index","follow":"follow","max-snippet":"max-snippet:-1","max-image-preview":"max-image-preview:large","max-video-preview":"max-video-preview:-1"},"canonical":"https:\/\/alliedmineral.com\/es\/productos\/productos-innovadores\/tek-sil\/","og_locale":"es_ES","og_type":"article","og_title":"TEK-SIL: Producto refractario para reducir la s\u00edlice cristalina respirable durante la instalaci\u00f3n.","og_description":"Dise\u00f1ado para ayudar a las fundiciones a cumplir las nuevas normas sobre s\u00edlice respirable. TEK-SIL reduce significativamente la cantidad de s\u00edlice cristalina respirable durante la instalaci\u00f3n.","og_url":"https:\/\/alliedmineral.com\/es\/productos\/productos-innovadores\/tek-sil\/","og_site_name":"Allied Mineral Products","article_modified_time":"2025-03-06T14:43:43+00:00","twitter_card":"summary_large_image","twitter_misc":{"Tiempo de lectura":"10 minutos"},"schema":{"@context":"https:\/\/schema.org","@graph":[{"@type":"WebPage","@id":"https:\/\/alliedmineral.com\/es\/productos\/productos-innovadores\/tek-sil\/","url":"https:\/\/alliedmineral.com\/es\/productos\/productos-innovadores\/tek-sil\/","name":"TEK-SIL: Producto refractario para reducir la s\u00edlice cristalina respirable durante la instalaci\u00f3n.","isPartOf":{"@id":"https:\/\/alliedmineral.com\/es\/#website"},"datePublished":"2023-04-26T21:57:19+00:00","dateModified":"2025-03-06T14:43:43+00:00","description":"Dise\u00f1ado para ayudar a las fundiciones a cumplir las nuevas normas sobre s\u00edlice respirable. TEK-SIL reduce significativamente la cantidad de s\u00edlice cristalina respirable durante la instalaci\u00f3n.","breadcrumb":{"@id":"https:\/\/alliedmineral.com\/es\/productos\/productos-innovadores\/tek-sil\/#breadcrumb"},"inLanguage":"es","potentialAction":[{"@type":"ReadAction","target":["https:\/\/alliedmineral.com\/es\/productos\/productos-innovadores\/tek-sil\/"]}]},{"@type":"BreadcrumbList","@id":"https:\/\/alliedmineral.com\/es\/productos\/productos-innovadores\/tek-sil\/#breadcrumb","itemListElement":[{"@type":"ListItem","position":1,"name":"Home","item":"https:\/\/alliedmineral.com\/es\/"},{"@type":"ListItem","position":2,"name":"Productos","item":"https:\/\/alliedmineral.com\/es\/productos\/"},{"@type":"ListItem","position":3,"name":"Productos innovadores","item":"https:\/\/alliedmineral.com\/es\/productos\/productos-innovadores\/"},{"@type":"ListItem","position":4,"name":"TEK-SIL"}]},{"@type":"WebSite","@id":"https:\/\/alliedmineral.com\/es\/#website","url":"https:\/\/alliedmineral.com\/es\/","name":"Allied Mineral Products","description":"","potentialAction":[{"@type":"SearchAction","target":{"@type":"EntryPoint","urlTemplate":"https:\/\/alliedmineral.com\/es\/?s={search_term_string}"},"query-input":{"@type":"PropertyValueSpecification","valueRequired":true,"valueName":"search_term_string"}}],"inLanguage":"es"}]}},"_links":{"self":[{"href":"https:\/\/alliedmineral.com\/es\/wp-json\/wp\/v2\/pages\/11347","targetHints":{"allow":["GET"]}}],"collection":[{"href":"https:\/\/alliedmineral.com\/es\/wp-json\/wp\/v2\/pages"}],"about":[{"href":"https:\/\/alliedmineral.com\/es\/wp-json\/wp\/v2\/types\/page"}],"author":[{"embeddable":true,"href":"https:\/\/alliedmineral.com\/es\/wp-json\/wp\/v2\/users\/3"}],"replies":[{"embeddable":true,"href":"https:\/\/alliedmineral.com\/es\/wp-json\/wp\/v2\/comments?post=11347"}],"version-history":[{"count":0,"href":"https:\/\/alliedmineral.com\/es\/wp-json\/wp\/v2\/pages\/11347\/revisions"}],"up":[{"embeddable":true,"href":"https:\/\/alliedmineral.com\/es\/wp-json\/wp\/v2\/pages\/11306"}],"wp:attachment":[{"href":"https:\/\/alliedmineral.com\/es\/wp-json\/wp\/v2\/media?parent=11347"}],"curies":[{"name":"wp","href":"https:\/\/api.w.org\/{rel}","templated":true}]}}