{"id":11337,"date":"2023-04-21T13:44:39","date_gmt":"2023-04-21T18:44:39","guid":{"rendered":"https:\/\/alliedmineral.com\/productos-de-grafito-y-carbono\/"},"modified":"2025-03-06T09:51:51","modified_gmt":"2025-03-06T14:51:51","slug":"productos-de-grafito-y-carbono","status":"publish","type":"page","link":"https:\/\/alliedmineral.com\/es\/asociaciones\/productos-de-grafito-y-carbono\/","title":{"rendered":"Productos de grafito y carbono"},"content":{"rendered":"<div class=\"wpb-content-wrapper\"><p>[vc_row full_width=\u00bbstretch_row\u00bb woodmart_bg_position=\u00bbcenter-bottom\u00bb css=\u00bb.vc_custom_1680617386280{margin-top: -40px !important;padding-top: 10px !important;padding-bottom: 18px !important;background-image: url(https:\/\/alliedmineral.com\/wp-content\/uploads\/2023\/03\/Allied-Minerals-title-1.jpg?id=84) !important;background-position: center !important;background-repeat: no-repeat !important;background-size: cover !important;}\u00bb woodmart_css_id=\u00bb642c2fa3441a4&#8243; responsive_spacing=\u00bbeyJwYXJhbV90eXBlIjoid29vZG1hcnRfcmVzcG9uc2l2ZV9zcGFjaW5nIiwic2VsZWN0b3JfaWQiOiI2NDJjMmZhMzQ0MWE0Iiwic2hvcnRjb2RlIjoidmNfcm93IiwiZGF0YSI6eyJ0YWJsZXQiOnt9LCJtb2JpbGUiOnt9fX0=\u00bb mobile_bg_img_hidden=\u00bbno\u00bb tablet_bg_img_hidden=\u00bbno\u00bb woodmart_parallax=\u00bb0&#8243; woodmart_gradient_switch=\u00bbno\u00bb woodmart_box_shadow=\u00bbno\u00bb wd_z_index=\u00bbno\u00bb woodmart_disable_overflow=\u00bb0&#8243; row_reverse_mobile=\u00bb0&#8243; row_reverse_tablet=\u00bb0&#8243;][vc_column css_animation=\u00bbfadeInUp\u00bb woodmart_css_id=\u00bb642eeb64391ac\u00bb parallax_scroll=\u00bbno\u00bb woodmart_sticky_column=\u00bbfalse\u00bb wd_collapsible_content_switcher=\u00bbno\u00bb wd_column_role_offcanvas_desktop=\u00bbno\u00bb wd_column_role_offcanvas_tablet=\u00bbno\u00bb wd_column_role_offcanvas_mobile=\u00bbno\u00bb wd_column_role_content_desktop=\u00bbno\u00bb wd_column_role_content_tablet=\u00bbno\u00bb wd_column_role_content_mobile=\u00bbno\u00bb mobile_bg_img_hidden=\u00bbno\u00bb tablet_bg_img_hidden=\u00bbno\u00bb woodmart_parallax=\u00bb0&#8243; woodmart_box_shadow=\u00bbno\u00bb responsive_spacing=\u00bbeyJwYXJhbV90eXBlIjoid29vZG1hcnRfcmVzcG9uc2l2ZV9zcGFjaW5nIiwic2VsZWN0b3JfaWQiOiI2NDJlZWI2NDM5MWFjIiwic2hvcnRjb2RlIjoidmNfY29sdW1uIiwiZGF0YSI6eyJ0YWJsZXQiOnt9LCJtb2JpbGUiOnt9fX0=\u00bb mobile_reset_margin=\u00bbno\u00bb tablet_reset_margin=\u00bbno\u00bb wd_z_index=\u00bbno\u00bb][vc_custom_heading text=\u00bbProductos de grafito y carbono\u00bb font_container=\u00bbtag:h1|font_size:40|text_align:left|color:%23ffffff|line_height:1&#8243; use_theme_fonts=\u00bbyes\u00bb el_class=\u00bbpage-title\u00bb css=\u00bb.vc_custom_1682102491667{border-bottom-width: 4px !important;padding-bottom: 20px !important;border-bottom-color: #ee7623 !important;border-bottom-style: solid !important;}\u00bb][\/vc_column][\/vc_row][vc_row css=\u00bb.vc_custom_1685497499262{padding-top: 20px !important;padding-bottom: 100px !important;}\u00bb woodmart_css_id=\u00bb6476a69610265&#8243; responsive_spacing=\u00bbeyJwYXJhbV90eXBlIjoid29vZG1hcnRfcmVzcG9uc2l2ZV9zcGFjaW5nIiwic2VsZWN0b3JfaWQiOiI2NDc2YTY5NjEwMjY1Iiwic2hvcnRjb2RlIjoidmNfcm93IiwiZGF0YSI6eyJ0YWJsZXQiOnt9LCJtb2JpbGUiOnt9fX0=\u00bb mobile_bg_img_hidden=\u00bbno\u00bb tablet_bg_img_hidden=\u00bbno\u00bb woodmart_parallax=\u00bb0&#8243; woodmart_gradient_switch=\u00bbno\u00bb woodmart_box_shadow=\u00bbno\u00bb wd_z_index=\u00bbno\u00bb woodmart_disable_overflow=\u00bb0&#8243; row_reverse_mobile=\u00bb0&#8243; row_reverse_tablet=\u00bb0&#8243;][vc_column css_animation=\u00bbfadeIn\u00bb offset=\u00bbvc_col-md-6&#8243; woodmart_css_id=\u00bb64245f202e99c\u00bb parallax_scroll=\u00bbno\u00bb woodmart_sticky_column=\u00bbfalse\u00bb wd_collapsible_content_switcher=\u00bbno\u00bb wd_column_role_offcanvas_desktop=\u00bbno\u00bb wd_column_role_offcanvas_tablet=\u00bbno\u00bb wd_column_role_offcanvas_mobile=\u00bbno\u00bb wd_column_role_content_desktop=\u00bbno\u00bb wd_column_role_content_tablet=\u00bbno\u00bb wd_column_role_content_mobile=\u00bbno\u00bb mobile_bg_img_hidden=\u00bbno\u00bb tablet_bg_img_hidden=\u00bbno\u00bb woodmart_parallax=\u00bb0&#8243; woodmart_box_shadow=\u00bbno\u00bb responsive_spacing=\u00bbeyJwYXJhbV90eXBlIjoid29vZG1hcnRfcmVzcG9uc2l2ZV9zcGFjaW5nIiwic2VsZWN0b3JfaWQiOiI2NDI0NWYyMDJlOTljIiwic2hvcnRjb2RlIjoidmNfY29sdW1uIiwiZGF0YSI6eyJ0YWJsZXQiOnt9LCJtb2JpbGUiOnt9fX0=\u00bb mobile_reset_margin=\u00bbno\u00bb tablet_reset_margin=\u00bbno\u00bb wd_z_index=\u00bbno\u00bb][vc_video link=\u00bbhttps:\/\/www.youtube.com\/watch?v=DxJ4H2Nujtg\u00bb woodmart_css_id=\u00bb6446da806538e\u00bb image_poster_switch=\u00bbno\u00bb][\/vc_column][vc_column css_animation=\u00bbfadeIn\u00bb offset=\u00bbvc_col-md-6&#8243; woodmart_css_id=\u00bb6476a69d5c692&#8243; parallax_scroll=\u00bbno\u00bb woodmart_sticky_column=\u00bbfalse\u00bb wd_collapsible_content_switcher=\u00bbno\u00bb wd_column_role_offcanvas_desktop=\u00bbno\u00bb wd_column_role_offcanvas_tablet=\u00bbno\u00bb wd_column_role_offcanvas_mobile=\u00bbno\u00bb wd_column_role_content_desktop=\u00bbno\u00bb wd_column_role_content_tablet=\u00bbno\u00bb wd_column_role_content_mobile=\u00bbno\u00bb mobile_bg_img_hidden=\u00bbno\u00bb tablet_bg_img_hidden=\u00bbno\u00bb woodmart_parallax=\u00bb0&#8243; woodmart_box_shadow=\u00bbno\u00bb responsive_spacing=\u00bbeyJwYXJhbV90eXBlIjoid29vZG1hcnRfcmVzcG9uc2l2ZV9zcGFjaW5nIiwic2VsZWN0b3JfaWQiOiI2NDc2YTY5ZDVjNjkyIiwic2hvcnRjb2RlIjoidmNfY29sdW1uIiwiZGF0YSI6eyJ0YWJsZXQiOnsicGFkZGluZy1sZWZ0IjoiMTUifSwibW9iaWxlIjp7fX19&#8243; mobile_reset_margin=\u00bbno\u00bb tablet_reset_margin=\u00bbno\u00bb wd_z_index=\u00bbno\u00bb css=\u00bb.vc_custom_1685497508079{padding-left: 10% !important;}\u00bb][vc_column_text woodmart_inline=\u00bbno\u00bb text_larger=\u00bbno\u00bb]<\/p>\n<h2>Podemos llenar el vac\u00edo<\/h2>\n<p>Allied ofrece una completa colecci\u00f3n de cementos, morteros, materiales de apisonado y lechadas a base de carbono y grafito. Estos productos fiables, l\u00edderes en el sector, est\u00e1n dise\u00f1ados para satisfacer las necesidades auxiliares en altos hornos, cubilotes y hornos de ferroaleaciones.<\/p>\n<p>Nuestro cat\u00e1logo de productos, anteriormente compuesto por nuestros productos \u00abHC\u00bb, se ha ampliado para incluir varios productos b\u00e1sicos del sector, ahora conocidos como nuestra l\u00ednea \u00abGC\u00bb. Se trata de los mismos cementos y pastas cer\u00e1micas refractarios que usted conoce y en los que conf\u00eda, ahora fabricados y comercializados bajo el nombre de Allied.[\/vc_column_text]<div id=\"wd-6442df4a59452\" class=\" wd-rs-6442df4a59452  wd-button-wrapper text-center inline-element\"><a href=\"\/wp-content\/uploads\/2023\/04\/productos-grafito-carbono.pdf\" title=\"P\u00f3ngase en contacto con\" target=\"_blank\" class=\"btn btn-color-alt btn-style-default btn-style-rectangle btn-size-large\">Informaci\u00f3n sobre productos de grafito\/carbono<\/a><\/div>[\/vc_column][\/vc_row][vc_row full_width=\u00bbstretch_row\u00bb equal_height=\u00bbyes\u00bb css=\u00bb.vc_custom_1685497520518{margin-bottom: -40px !important;padding-top: 100px !important;padding-bottom: 100px !important;}\u00bb woodmart_css_id=\u00bb6476a6a5efad2&#8243; responsive_spacing=\u00bbeyJwYXJhbV90eXBlIjoid29vZG1hcnRfcmVzcG9uc2l2ZV9zcGFjaW5nIiwic2VsZWN0b3JfaWQiOiI2NDc2YTZhNWVmYWQyIiwic2hvcnRjb2RlIjoidmNfcm93IiwiZGF0YSI6eyJ0YWJsZXQiOnsicGFkZGluZy1yaWdodCI6IjM1IiwicGFkZGluZy1sZWZ0IjoiMzUifSwibW9iaWxlIjp7InBhZGRpbmctdG9wIjoiNTAiLCJwYWRkaW5nLWJvdHRvbSI6IjUwIn19fQ==\u00bb mobile_bg_img_hidden=\u00bbno\u00bb tablet_bg_img_hidden=\u00bbno\u00bb woodmart_parallax=\u00bb0&#8243; woodmart_gradient_switch=\u00bbyes\u00bb woodmart_box_shadow=\u00bbno\u00bb wd_z_index=\u00bbno\u00bb woodmart_disable_overflow=\u00bb0&#8243; row_reverse_mobile=\u00bb0&#8243; row_reverse_tablet=\u00bb0&#8243; woodmart_color_gradient=\u00bbrgb(221, 117, 39)-0\/rgb(0, 0, 0)-100\/|linear-gradient(top , rgb(221, 117, 39) , rgb(0, 0, 0) 100%)|linear|top\u00bb][vc_column css=\u00bb.vc_custom_1680106105116{margin-bottom: 0px !important;padding-bottom: 25px !important;background-color: #92412b !important;}\u00bb woodmart_css_id=\u00bb642462726b593&#8243; parallax_scroll=\u00bbno\u00bb woodmart_sticky_column=\u00bbfalse\u00bb wd_collapsible_content_switcher=\u00bbno\u00bb wd_column_role_offcanvas_desktop=\u00bbno\u00bb wd_column_role_offcanvas_tablet=\u00bbno\u00bb wd_column_role_offcanvas_mobile=\u00bbno\u00bb wd_column_role_content_desktop=\u00bbno\u00bb wd_column_role_content_tablet=\u00bbno\u00bb wd_column_role_content_mobile=\u00bbno\u00bb mobile_bg_img_hidden=\u00bbno\u00bb tablet_bg_img_hidden=\u00bbno\u00bb woodmart_parallax=\u00bb0&#8243; woodmart_box_shadow=\u00bbno\u00bb responsive_spacing=\u00bbeyJwYXJhbV90eXBlIjoid29vZG1hcnRfcmVzcG9uc2l2ZV9zcGFjaW5nIiwic2VsZWN0b3JfaWQiOiI2NDI0NjI3MjZiNTkzIiwic2hvcnRjb2RlIjoidmNfY29sdW1uIiwiZGF0YSI6eyJ0YWJsZXQiOnt9LCJtb2JpbGUiOnt9fX0=\u00bb mobile_reset_margin=\u00bbno\u00bb tablet_reset_margin=\u00bbno\u00bb wd_z_index=\u00bbno\u00bb][vc_custom_heading text=\u00bbDETALLES DEL MATERIAL\u00bb font_container=\u00bbtag:h2|text_align:center|color:%23ffffff|line_height:1&#8243; use_theme_fonts=\u00bbyes\u00bb css=\u00bb.vc_custom_1680105781030{margin-bottom: 5px !important;}\u00bb][\/vc_column][vc_column css=\u00bb.vc_custom_1680106740193{margin-top: 0px !important;padding-top: 50px !important;padding-right: 120px !important;padding-bottom: 50px !important;padding-left: 120px !important;background-color: #ffffff !important;}\u00bb woodmart_css_id=\u00bb642464e8dbd6f\u00bb parallax_scroll=\u00bbno\u00bb woodmart_sticky_column=\u00bbfalse\u00bb wd_collapsible_content_switcher=\u00bbno\u00bb wd_column_role_offcanvas_desktop=\u00bbno\u00bb wd_column_role_offcanvas_tablet=\u00bbno\u00bb wd_column_role_offcanvas_mobile=\u00bbno\u00bb wd_column_role_content_desktop=\u00bbno\u00bb wd_column_role_content_tablet=\u00bbno\u00bb wd_column_role_content_mobile=\u00bbno\u00bb mobile_bg_img_hidden=\u00bbno\u00bb tablet_bg_img_hidden=\u00bbno\u00bb woodmart_parallax=\u00bb0&#8243; woodmart_box_shadow=\u00bbno\u00bb responsive_spacing=\u00bbeyJwYXJhbV90eXBlIjoid29vZG1hcnRfcmVzcG9uc2l2ZV9zcGFjaW5nIiwic2VsZWN0b3JfaWQiOiI2NDI0NjRlOGRiZDZmIiwic2hvcnRjb2RlIjoidmNfY29sdW1uIiwiZGF0YSI6eyJ0YWJsZXQiOnsicGFkZGluZy1yaWdodCI6IjIxIiwicGFkZGluZy1sZWZ0IjoiMjEifSwibW9iaWxlIjp7InBhZGRpbmctcmlnaHQiOiIyMSIsInBhZGRpbmctbGVmdCI6IjIxIn19fQ==\u00bb mobile_reset_margin=\u00bbno\u00bb tablet_reset_margin=\u00bbno\u00bb wd_z_index=\u00bbno\u00bb][vc_raw_html]PGRpdiBjbGFzcz0icHJvZHVjdC10YWJsZS1pbmZvIHByb2R1Y3QtdGFibGUxIj4KCTx0YWJsZSBjbGFzcz0icHJvZHVjdC10YWJsZXMiPgo8dGhlYWQ+Cjx0cj4KPHRoIGFsaWduPSJsZWZ0Ij5Qcm9kdWN0bzwvdGg+Cjx0aCBhbGlnbj0ibGVmdCI+SW5mb3JtYWNpw7NuPC90aD4KPC90cj4KPC90aGVhZD4KPHRib2R5Pgo8dHI+Cjx0ZCBhbGlnbj0ibGVmdCI+QzM0PC90ZD4KPHRkIGFsaWduPSJsZWZ0Ij5DZW1lbnRvIGNhcmJvbm9zbyBiaWNvbXBvbmVudGUgdGVybW9lbmR1cmVjaWJsZSBkZXNhcnJvbGxhZG8gZXNwZWPDrWZpY2FtZW50ZSBjb21vIG1vcnRlcm8gcGFyYSBzdSB1c28gZW50cmUgZm9ybWFzIGVzdHJ1Y3R1cmFsZXMgZGUgY2FyYm9ubyBvIGdyYWZpdG8uPC90ZD4KPC90cj4KPHRyPgo8dGQgYWxpZ249ImxlZnQiPkMzODwvdGQ+Cjx0ZCBhbGlnbj0ibGVmdCI+Q2VtZW50byBjYXJib25vc28gYmljb21wb25lbnRlIHRlcm1vZW5kdXJlY2libGUgZGVzYXJyb2xsYWRvIGVzcGVjw61maWNhbWVudGUgY29tbyBhZ2VudGUgYWRoZXNpdm8gcGFyYSBzdSB1c28gZW50cmUgZ3JhbmRlcyBmb3JtYXMgZGUgY2FyYm9ubyBvIGdyYWZpdG8uPC90ZD4KPC90cj4KPHRyPgo8dGQgYWxpZ249ImxlZnQiPkM0NjwvdGQ+Cjx0ZCBhbGlnbj0ibGVmdCI+Q2VtZW50byBtb25vY29tcG9uZW50ZSBjYXJib25vc28gZGUgZnJhZ3VhZG8gdMOpcm1pY28gZGVzYXJyb2xsYWRvIGVzcGVjw61maWNhbWVudGUgY29tbyBtb3J0ZXJvIHBhcmEgc3UgdXNvIGVudHJlIGZvcm1hcyBlc3RydWN0dXJhbGVzIGRlIGNhcmJvbm8gbyBncmFmaXRvLjwvdGQ+CjwvdHI+Cjx0cj4KPHRkIGFsaWduPSJsZWZ0Ij5DUDk8L3RkPgo8dGQgYWxpZ249ImxlZnQiPlBhc3RhIGRlIGFwaXNvbmFyIGNhcmJvbm9zYSBlbiBjYWxpZW50ZS48L3RkPgo8L3RyPgo8dHI+Cjx0ZCBhbGlnbj0ibGVmdCI+RVpSQU0gUlAxMDwvdGQ+Cjx0ZCBhbGlnbj0ibGVmdCI+QXJpZXRlIGdyYWbDrXRpY28gZGUgYWx0YSBjb25kdWN0aXZpZGFkIHTDqXJtaWNhLCB1dGlsaXphZG8gcHJpbmNpcGFsbWVudGUgZW4gZWwgc3Vic3VlbG8sIGVsIHR1Ym8gZGUgcmVmcmlnZXJhY2nDs24geSBlbCBlc3BhY2lvIGFudWxhciBlbnRyZSBsYSBjaGFwYSBkZSBhY2VybyB5IGxvcyByZWZyYWN0YXJpb3MuPC90ZD4KPC90cj4KPHRyPgo8dGQgYWxpZ249ImxlZnQiPlNNQVJUIFJBTSBSUDIwPC90ZD4KPHRkIGFsaWduPSJsZWZ0Ij5SYW0gY29uIGVzY2FtYXMgZGUgZ3JhZml0byBlc3BlY2lhbG1lbnRlIHRyYXRhZGFzLCBkaXNlw7FhZGFzIHBhcmEgcHJvcG9yY2lvbmFyIHVuYSBleGNlbGVudGUgY29uZHVjdGl2aWRhZCB0w6lybWljYSwgZmFjaWxpZGFkIGRlIGluc3RhbGFjacOzbiB5IHVuYSBjYXJhY3RlcsOtc3RpY2EgZGUgZXhwYW5zacOzbiDDum5pY2EgcXVlIHB1ZWRlICJhdXRvY29ycmVnaXJzZSIgZW4gY2FzbyBkZSBxdWUgZWwgbW92aW1pZW50byBkZWwgcmVmcmFjdGFyaW8gbyBsb3MgaHVlY29zIGRlYmlkb3MgYSB1bmEgaW5zdGFsYWNpw7NuIGluY29ycmVjdGEgcHJvdm9xdWVuIHVuYSBww6lyZGlkYSBkZSBjb250YWN0byByZWZyaWdlcmFudGUuPC90ZD4KPC90cj4KPHRyPgo8dGQgYWxpZ249ImxlZnQiPkdSMzc8L3RkPgo8dGQgYWxpZ249ImxlZnQiPkxlY2hhZGEgY2FyYm9ub3NhIGJpY29tcG9uZW50ZSBjb24gZ3JhZml0byBlbiBlc2NhbWFzIGV4cGFuc2libGVzLiBTZSBoYSB1dGlsaXphZG8gcGFyYSByZXN0YWJsZWNlciBlbCBjb250YWN0byBlbnRyZSBsb3MgbWF0ZXJpYWxlcyBkZSBjYXJib25vIHkgbG9zIGVsZW1lbnRvcyBkZSByZWZyaWdlcmFjacOzbiwgYXPDrSBjb21vIHBhcmEgZGV0ZW5lciBmdWdhcyBkZSBnYXMgZW4gYXBsaWNhY2lvbmVzIGRlIGFsdG9zIGhvcm5vcy48L3RkPgo8L3RyPgo8dHI+Cjx0ZCBhbGlnbj0ibGVmdCI+RVpSQU0gUlAzPC90ZD4KPHRkIGFsaWduPSJsZWZ0Ij5DYXJuZXJvIGNhcmJvbm9zbyBtb25vY29tcG9uZW50ZS48L3RkPgo8L3RyPgo8dHI+Cjx0ZCBhbGlnbj0ibGVmdCI+RVpSQU0gUlA0PC90ZD4KPHRkIGFsaWduPSJsZWZ0Ij5BcmlldGUgY2FyYm9ub3NvIG1vbm9jb21wb25lbnRlIHBhcmEgcmVsbGVuYXIgem9uYXMgY29udGVuaWRhcyBkZXRyw6FzIGRlIGVuY29mcmFkb3MgbyBlbnRyZSBmb3JtYXMgZXN0cnVjdHVyYWxlcyBkZSBjYXJib25vIHkgY29yYXphcyBkZSBob3Jub3MuPC90ZD4KPC90cj4KPC90Ym9keT4KPC90YWJsZT4KPC9kaXY+[\/vc_raw_html][\/vc_column][vc_column css=\u00bb.vc_custom_1682104015946{margin-top: 35px !important;padding-right: 0px !important;padding-left: 0px !important;}\u00bb woodmart_css_id=\u00bb6442dec724254&#8243; parallax_scroll=\u00bbno\u00bb woodmart_sticky_column=\u00bbfalse\u00bb wd_collapsible_content_switcher=\u00bbno\u00bb wd_column_role_offcanvas_desktop=\u00bbno\u00bb wd_column_role_offcanvas_tablet=\u00bbno\u00bb wd_column_role_offcanvas_mobile=\u00bbno\u00bb wd_column_role_content_desktop=\u00bbno\u00bb wd_column_role_content_tablet=\u00bbno\u00bb wd_column_role_content_mobile=\u00bbno\u00bb mobile_bg_img_hidden=\u00bbno\u00bb tablet_bg_img_hidden=\u00bbno\u00bb woodmart_parallax=\u00bb0&#8243; woodmart_box_shadow=\u00bbno\u00bb responsive_spacing=\u00bbeyJwYXJhbV90eXBlIjoid29vZG1hcnRfcmVzcG9uc2l2ZV9zcGFjaW5nIiwic2VsZWN0b3JfaWQiOiI2NDQyZGVjNzI0MjU0Iiwic2hvcnRjb2RlIjoidmNfY29sdW1uIiwiZGF0YSI6eyJ0YWJsZXQiOnt9LCJtb2JpbGUiOnt9fX0=\u00bb mobile_reset_margin=\u00bbno\u00bb tablet_reset_margin=\u00bbno\u00bb wd_z_index=\u00bbno\u00bb][vc_row_inner][vc_column_inner offset=\u00bbvc_col-md-6&#8243; woodmart_css_id=\u00bb6476a6b3e6923&#8243; parallax_scroll=\u00bbno\u00bb woodmart_sticky_column=\u00bbfalse\u00bb wd_collapsible_content_switcher=\u00bbno\u00bb wd_column_role_offcanvas_desktop=\u00bbno\u00bb wd_column_role_offcanvas_tablet=\u00bbno\u00bb wd_column_role_offcanvas_mobile=\u00bbno\u00bb wd_column_role_content_desktop=\u00bbno\u00bb wd_column_role_content_tablet=\u00bbno\u00bb wd_column_role_content_mobile=\u00bbno\u00bb mobile_bg_img_hidden=\u00bbno\u00bb tablet_bg_img_hidden=\u00bbno\u00bb woodmart_parallax=\u00bb0&#8243; woodmart_box_shadow=\u00bbno\u00bb responsive_spacing=\u00bbeyJwYXJhbV90eXBlIjoid29vZG1hcnRfcmVzcG9uc2l2ZV9zcGFjaW5nIiwic2VsZWN0b3JfaWQiOiI2NDc2YTZiM2U2OTIzIiwic2hvcnRjb2RlIjoidmNfY29sdW1uX2lubmVyIiwiZGF0YSI6eyJ0YWJsZXQiOnt9LCJtb2JpbGUiOnt9fX0=\u00bb wd_z_index=\u00bbno\u00bb][vc_video link=\u00bbhttps:\/\/www.youtube.com\/watch?v=DxJ4H2Nujtg\u00bb woodmart_css_id=\u00bb6442dd6c17f14&#8243; image_poster_switch=\u00bbno\u00bb][\/vc_column_inner][vc_column_inner offset=\u00bbvc_col-md-6&#8243; woodmart_css_id=\u00bb6476a6b9c60b5&#8243; parallax_scroll=\u00bbno\u00bb woodmart_sticky_column=\u00bbfalse\u00bb wd_collapsible_content_switcher=\u00bbno\u00bb wd_column_role_offcanvas_desktop=\u00bbno\u00bb wd_column_role_offcanvas_tablet=\u00bbno\u00bb wd_column_role_offcanvas_mobile=\u00bbno\u00bb wd_column_role_content_desktop=\u00bbno\u00bb wd_column_role_content_tablet=\u00bbno\u00bb wd_column_role_content_mobile=\u00bbno\u00bb mobile_bg_img_hidden=\u00bbno\u00bb tablet_bg_img_hidden=\u00bbno\u00bb woodmart_parallax=\u00bb0&#8243; woodmart_box_shadow=\u00bbno\u00bb responsive_spacing=\u00bbeyJwYXJhbV90eXBlIjoid29vZG1hcnRfcmVzcG9uc2l2ZV9zcGFjaW5nIiwic2VsZWN0b3JfaWQiOiI2NDc2YTZiOWM2MGI1Iiwic2hvcnRjb2RlIjoidmNfY29sdW1uX2lubmVyIiwiZGF0YSI6eyJ0YWJsZXQiOnt9LCJtb2JpbGUiOnt9fX0=\u00bb wd_z_index=\u00bbno\u00bb][vc_video link=\u00bbhttps:\/\/www.youtube.com\/watch?v=_RYy6Q206SI\u00bb woodmart_css_id=\u00bb6442dd8735565&#8243; image_poster_switch=\u00bbno\u00bb][\/vc_column_inner][\/vc_row_inner][\/vc_column][\/vc_row]<\/p>\n<\/div>","protected":false},"excerpt":{"rendered":"<p>[vc_row full_width=\u00bbstretch_row\u00bb woodmart_bg_position=\u00bbcenter-bottom\u00bb css=\u00bb.vc_custom_1680617386280{margin-top: -40px !important;padding-top: 10px !important;padding-bottom: 18px !important;background-image: url(https:\/\/alliedmineral.com\/wp-content\/uploads\/2023\/03\/Allied-Minerals-title-1.jpg?id=84) !important;background-position: center !important;background-repeat: no-repeat !important;background-size: cover !important;}\u00bb woodmart_css_id=\u00bb642c2fa3441a4&#8243; responsive_spacing=\u00bbeyJwYXJhbV90eXBlIjoid29vZG1hcnRfcmVzcG9uc2l2ZV9zcGFjaW5nIiwic2VsZWN0b3JfaWQiOiI2NDJjMmZhMzQ0MWE0Iiwic2hvcnRjb2RlIjoidmNfcm93IiwiZGF0YSI6eyJ0YWJsZXQiOnt9LCJtb2JpbGUiOnt9fX0=\u00bb<\/p>\n","protected":false},"author":3,"featured_media":0,"parent":11395,"menu_order":0,"comment_status":"closed","ping_status":"closed","template":"","meta":{"content-type":"","footnotes":""},"class_list":["post-11337","page","type-page","status-publish","hentry"],"yoast_head":"<!-- This site is optimized with the Yoast SEO plugin v25.7 - https:\/\/yoast.com\/wordpress\/plugins\/seo\/ -->\n<title>Cementos, morteros, materiales de apisonado y lechadas a base de carbono y grafito.<\/title>\n<meta name=\"description\" content=\"Conozca nuestros productos de grafito y carbono, fiables y l\u00edderes del sector, dise\u00f1ados para satisfacer las necesidades auxiliares de altos hornos, cubilotes y hornos de ferroaleaciones.\" \/>\n<meta name=\"robots\" content=\"index, follow, max-snippet:-1, max-image-preview:large, max-video-preview:-1\" \/>\n<link rel=\"canonical\" href=\"https:\/\/alliedmineral.com\/es\/asociaciones\/productos-de-grafito-y-carbono\/\" \/>\n<meta property=\"og:locale\" content=\"es_ES\" \/>\n<meta property=\"og:type\" content=\"article\" \/>\n<meta property=\"og:title\" content=\"Cementos, morteros, materiales de apisonado y lechadas a base de carbono y grafito.\" \/>\n<meta property=\"og:description\" content=\"Conozca nuestros productos de grafito y carbono, fiables y l\u00edderes del sector, dise\u00f1ados para satisfacer las necesidades auxiliares de altos hornos, cubilotes y hornos de ferroaleaciones.\" \/>\n<meta property=\"og:url\" content=\"https:\/\/alliedmineral.com\/es\/asociaciones\/productos-de-grafito-y-carbono\/\" \/>\n<meta property=\"og:site_name\" content=\"Allied Mineral Products\" \/>\n<meta property=\"article:modified_time\" content=\"2025-03-06T14:51:51+00:00\" \/>\n<meta name=\"twitter:card\" content=\"summary_large_image\" \/>\n<meta name=\"twitter:label1\" content=\"Tiempo de lectura\" \/>\n\t<meta name=\"twitter:data1\" content=\"10 minutos\" \/>\n<script type=\"application\/ld+json\" class=\"yoast-schema-graph\">{\"@context\":\"https:\/\/schema.org\",\"@graph\":[{\"@type\":\"WebPage\",\"@id\":\"https:\/\/alliedmineral.com\/es\/asociaciones\/productos-de-grafito-y-carbono\/\",\"url\":\"https:\/\/alliedmineral.com\/es\/asociaciones\/productos-de-grafito-y-carbono\/\",\"name\":\"Cementos, morteros, materiales de apisonado y lechadas a base de carbono y grafito.\",\"isPartOf\":{\"@id\":\"https:\/\/alliedmineral.com\/es\/#website\"},\"datePublished\":\"2023-04-21T18:44:39+00:00\",\"dateModified\":\"2025-03-06T14:51:51+00:00\",\"description\":\"Conozca nuestros productos de grafito y carbono, fiables y l\u00edderes del sector, dise\u00f1ados para satisfacer las necesidades auxiliares de altos hornos, cubilotes y hornos de ferroaleaciones.\",\"breadcrumb\":{\"@id\":\"https:\/\/alliedmineral.com\/es\/asociaciones\/productos-de-grafito-y-carbono\/#breadcrumb\"},\"inLanguage\":\"es\",\"potentialAction\":[{\"@type\":\"ReadAction\",\"target\":[\"https:\/\/alliedmineral.com\/es\/asociaciones\/productos-de-grafito-y-carbono\/\"]}]},{\"@type\":\"BreadcrumbList\",\"@id\":\"https:\/\/alliedmineral.com\/es\/asociaciones\/productos-de-grafito-y-carbono\/#breadcrumb\",\"itemListElement\":[{\"@type\":\"ListItem\",\"position\":1,\"name\":\"Home\",\"item\":\"https:\/\/alliedmineral.com\/es\/\"},{\"@type\":\"ListItem\",\"position\":2,\"name\":\"Asociaciones\",\"item\":\"https:\/\/alliedmineral.com\/es\/asociaciones\/\"},{\"@type\":\"ListItem\",\"position\":3,\"name\":\"Productos de grafito y carbono\"}]},{\"@type\":\"WebSite\",\"@id\":\"https:\/\/alliedmineral.com\/es\/#website\",\"url\":\"https:\/\/alliedmineral.com\/es\/\",\"name\":\"Allied Mineral Products\",\"description\":\"\",\"potentialAction\":[{\"@type\":\"SearchAction\",\"target\":{\"@type\":\"EntryPoint\",\"urlTemplate\":\"https:\/\/alliedmineral.com\/es\/?s={search_term_string}\"},\"query-input\":{\"@type\":\"PropertyValueSpecification\",\"valueRequired\":true,\"valueName\":\"search_term_string\"}}],\"inLanguage\":\"es\"}]}<\/script>\n<!-- \/ Yoast SEO plugin. -->","yoast_head_json":{"title":"Cementos, morteros, materiales de apisonado y lechadas a base de carbono y grafito.","description":"Conozca nuestros productos de grafito y carbono, fiables y l\u00edderes del sector, dise\u00f1ados para satisfacer las necesidades auxiliares de altos hornos, cubilotes y hornos de ferroaleaciones.","robots":{"index":"index","follow":"follow","max-snippet":"max-snippet:-1","max-image-preview":"max-image-preview:large","max-video-preview":"max-video-preview:-1"},"canonical":"https:\/\/alliedmineral.com\/es\/asociaciones\/productos-de-grafito-y-carbono\/","og_locale":"es_ES","og_type":"article","og_title":"Cementos, morteros, materiales de apisonado y lechadas a base de carbono y grafito.","og_description":"Conozca nuestros productos de grafito y carbono, fiables y l\u00edderes del sector, dise\u00f1ados para satisfacer las necesidades auxiliares de altos hornos, cubilotes y hornos de ferroaleaciones.","og_url":"https:\/\/alliedmineral.com\/es\/asociaciones\/productos-de-grafito-y-carbono\/","og_site_name":"Allied Mineral Products","article_modified_time":"2025-03-06T14:51:51+00:00","twitter_card":"summary_large_image","twitter_misc":{"Tiempo de lectura":"10 minutos"},"schema":{"@context":"https:\/\/schema.org","@graph":[{"@type":"WebPage","@id":"https:\/\/alliedmineral.com\/es\/asociaciones\/productos-de-grafito-y-carbono\/","url":"https:\/\/alliedmineral.com\/es\/asociaciones\/productos-de-grafito-y-carbono\/","name":"Cementos, morteros, materiales de apisonado y lechadas a base de carbono y grafito.","isPartOf":{"@id":"https:\/\/alliedmineral.com\/es\/#website"},"datePublished":"2023-04-21T18:44:39+00:00","dateModified":"2025-03-06T14:51:51+00:00","description":"Conozca nuestros productos de grafito y carbono, fiables y l\u00edderes del sector, dise\u00f1ados para satisfacer las necesidades auxiliares de altos hornos, cubilotes y hornos de ferroaleaciones.","breadcrumb":{"@id":"https:\/\/alliedmineral.com\/es\/asociaciones\/productos-de-grafito-y-carbono\/#breadcrumb"},"inLanguage":"es","potentialAction":[{"@type":"ReadAction","target":["https:\/\/alliedmineral.com\/es\/asociaciones\/productos-de-grafito-y-carbono\/"]}]},{"@type":"BreadcrumbList","@id":"https:\/\/alliedmineral.com\/es\/asociaciones\/productos-de-grafito-y-carbono\/#breadcrumb","itemListElement":[{"@type":"ListItem","position":1,"name":"Home","item":"https:\/\/alliedmineral.com\/es\/"},{"@type":"ListItem","position":2,"name":"Asociaciones","item":"https:\/\/alliedmineral.com\/es\/asociaciones\/"},{"@type":"ListItem","position":3,"name":"Productos de grafito y carbono"}]},{"@type":"WebSite","@id":"https:\/\/alliedmineral.com\/es\/#website","url":"https:\/\/alliedmineral.com\/es\/","name":"Allied Mineral Products","description":"","potentialAction":[{"@type":"SearchAction","target":{"@type":"EntryPoint","urlTemplate":"https:\/\/alliedmineral.com\/es\/?s={search_term_string}"},"query-input":{"@type":"PropertyValueSpecification","valueRequired":true,"valueName":"search_term_string"}}],"inLanguage":"es"}]}},"_links":{"self":[{"href":"https:\/\/alliedmineral.com\/es\/wp-json\/wp\/v2\/pages\/11337","targetHints":{"allow":["GET"]}}],"collection":[{"href":"https:\/\/alliedmineral.com\/es\/wp-json\/wp\/v2\/pages"}],"about":[{"href":"https:\/\/alliedmineral.com\/es\/wp-json\/wp\/v2\/types\/page"}],"author":[{"embeddable":true,"href":"https:\/\/alliedmineral.com\/es\/wp-json\/wp\/v2\/users\/3"}],"replies":[{"embeddable":true,"href":"https:\/\/alliedmineral.com\/es\/wp-json\/wp\/v2\/comments?post=11337"}],"version-history":[{"count":0,"href":"https:\/\/alliedmineral.com\/es\/wp-json\/wp\/v2\/pages\/11337\/revisions"}],"up":[{"embeddable":true,"href":"https:\/\/alliedmineral.com\/es\/wp-json\/wp\/v2\/pages\/11395"}],"wp:attachment":[{"href":"https:\/\/alliedmineral.com\/es\/wp-json\/wp\/v2\/media?parent=11337"}],"curies":[{"name":"wp","href":"https:\/\/api.w.org\/{rel}","templated":true}]}}