{"id":11334,"date":"2023-04-21T16:14:36","date_gmt":"2023-04-21T21:14:36","guid":{"rendered":"https:\/\/alliedmineral.com\/productos\/suelos-industriales\/"},"modified":"2025-03-06T09:44:12","modified_gmt":"2025-03-06T14:44:12","slug":"suelos-industriales","status":"publish","type":"page","link":"https:\/\/alliedmineral.com\/es\/productos\/suelos-industriales\/","title":{"rendered":"Suelos industriales"},"content":{"rendered":"<div class=\"wpb-content-wrapper\"><p>[vc_row full_width=\u00bbstretch_row\u00bb woodmart_bg_position=\u00bbcenter-bottom\u00bb css=\u00bb.vc_custom_1680617386280{margin-top: -40px !important;padding-top: 10px !important;padding-bottom: 18px !important;background-image: url(https:\/\/alliedmineral.com\/wp-content\/uploads\/2023\/03\/Allied-Minerals-title-1.jpg?id=84) !important;background-position: center !important;background-repeat: no-repeat !important;background-size: cover !important;}\u00bb woodmart_css_id=\u00bb642c2fa3441a4&#8243; responsive_spacing=\u00bbeyJwYXJhbV90eXBlIjoid29vZG1hcnRfcmVzcG9uc2l2ZV9zcGFjaW5nIiwic2VsZWN0b3JfaWQiOiI2NDJjMmZhMzQ0MWE0Iiwic2hvcnRjb2RlIjoidmNfcm93IiwiZGF0YSI6eyJ0YWJsZXQiOnt9LCJtb2JpbGUiOnt9fX0=\u00bb mobile_bg_img_hidden=\u00bbno\u00bb tablet_bg_img_hidden=\u00bbno\u00bb woodmart_parallax=\u00bb0&#8243; woodmart_gradient_switch=\u00bbno\u00bb woodmart_box_shadow=\u00bbno\u00bb wd_z_index=\u00bbno\u00bb woodmart_disable_overflow=\u00bb0&#8243; row_reverse_mobile=\u00bb0&#8243; row_reverse_tablet=\u00bb0&#8243;][vc_column css_animation=\u00bbfadeInUp\u00bb woodmart_css_id=\u00bb642eeb64391ac\u00bb parallax_scroll=\u00bbno\u00bb woodmart_sticky_column=\u00bbfalse\u00bb wd_collapsible_content_switcher=\u00bbno\u00bb wd_column_role_offcanvas_desktop=\u00bbno\u00bb wd_column_role_offcanvas_tablet=\u00bbno\u00bb wd_column_role_offcanvas_mobile=\u00bbno\u00bb wd_column_role_content_desktop=\u00bbno\u00bb wd_column_role_content_tablet=\u00bbno\u00bb wd_column_role_content_mobile=\u00bbno\u00bb mobile_bg_img_hidden=\u00bbno\u00bb tablet_bg_img_hidden=\u00bbno\u00bb woodmart_parallax=\u00bb0&#8243; woodmart_box_shadow=\u00bbno\u00bb responsive_spacing=\u00bbeyJwYXJhbV90eXBlIjoid29vZG1hcnRfcmVzcG9uc2l2ZV9zcGFjaW5nIiwic2VsZWN0b3JfaWQiOiI2NDJlZWI2NDM5MWFjIiwic2hvcnRjb2RlIjoidmNfY29sdW1uIiwiZGF0YSI6eyJ0YWJsZXQiOnt9LCJtb2JpbGUiOnt9fX0=\u00bb mobile_reset_margin=\u00bbno\u00bb tablet_reset_margin=\u00bbno\u00bb wd_z_index=\u00bbno\u00bb][vc_custom_heading text=\u00bbPISOS INDUSTRIALES\u00bb font_container=\u00bbtag:h1|font_size:40|text_align:left|color:%23ffffff|line_height:1&#8243; use_theme_fonts=\u00bbyes\u00bb css=\u00bb.vc_custom_1718733820256{border-bottom-width: 4px !important;padding-bottom: 20px !important;border-bottom-style: solid !important;border-color: #ee7623 !important;}\u00bb el_class=\u00bbpage-title\u00bb][\/vc_column][\/vc_row][vc_row css=\u00bb.vc_custom_1685494140158{padding-top: 60px !important;padding-bottom: 60px !important;}\u00bb woodmart_css_id=\u00bb64769975eaba5&#8243; responsive_spacing=\u00bbeyJwYXJhbV90eXBlIjoid29vZG1hcnRfcmVzcG9uc2l2ZV9zcGFjaW5nIiwic2VsZWN0b3JfaWQiOiI2NDc2OTk3NWVhYmE1Iiwic2hvcnRjb2RlIjoidmNfcm93IiwiZGF0YSI6eyJ0YWJsZXQiOnt9LCJtb2JpbGUiOnt9fX0=\u00bb mobile_bg_img_hidden=\u00bbno\u00bb tablet_bg_img_hidden=\u00bbno\u00bb woodmart_parallax=\u00bb0&#8243; woodmart_gradient_switch=\u00bbno\u00bb woodmart_box_shadow=\u00bbno\u00bb wd_z_index=\u00bbno\u00bb woodmart_disable_overflow=\u00bb0&#8243; row_reverse_mobile=\u00bb0&#8243; row_reverse_tablet=\u00bb0&#8243;][vc_column css_animation=\u00bbfadeIn\u00bb offset=\u00bbvc_col-md-6&#8243; woodmart_css_id=\u00bb64245f202e99c\u00bb parallax_scroll=\u00bbno\u00bb woodmart_sticky_column=\u00bbfalse\u00bb wd_collapsible_content_switcher=\u00bbno\u00bb wd_column_role_offcanvas_desktop=\u00bbno\u00bb wd_column_role_offcanvas_tablet=\u00bbno\u00bb wd_column_role_offcanvas_mobile=\u00bbno\u00bb wd_column_role_content_desktop=\u00bbno\u00bb wd_column_role_content_tablet=\u00bbno\u00bb wd_column_role_content_mobile=\u00bbno\u00bb mobile_bg_img_hidden=\u00bbno\u00bb tablet_bg_img_hidden=\u00bbno\u00bb woodmart_parallax=\u00bb0&#8243; woodmart_box_shadow=\u00bbno\u00bb responsive_spacing=\u00bbeyJwYXJhbV90eXBlIjoid29vZG1hcnRfcmVzcG9uc2l2ZV9zcGFjaW5nIiwic2VsZWN0b3JfaWQiOiI2NDI0NWYyMDJlOTljIiwic2hvcnRjb2RlIjoidmNfY29sdW1uIiwiZGF0YSI6eyJ0YWJsZXQiOnt9LCJtb2JpbGUiOnt9fX0=\u00bb mobile_reset_margin=\u00bbno\u00bb tablet_reset_margin=\u00bbno\u00bb wd_z_index=\u00bbno\u00bb][vc_single_image image=\u00bb7413&#8243; img_size=\u00bbfull\u00bb alignment=\u00bbcenter\u00bb parallax_scroll=\u00bbno\u00bb woodmart_inline=\u00bbno\u00bb][\/vc_column][vc_column css_animation=\u00bbfadeIn\u00bb offset=\u00bbvc_col-md-6&#8243; woodmart_css_id=\u00bb6476996d05adb\u00bb parallax_scroll=\u00bbno\u00bb woodmart_sticky_column=\u00bbfalse\u00bb wd_collapsible_content_switcher=\u00bbno\u00bb wd_column_role_offcanvas_desktop=\u00bbno\u00bb wd_column_role_offcanvas_tablet=\u00bbno\u00bb wd_column_role_offcanvas_mobile=\u00bbno\u00bb wd_column_role_content_desktop=\u00bbno\u00bb wd_column_role_content_tablet=\u00bbno\u00bb wd_column_role_content_mobile=\u00bbno\u00bb mobile_bg_img_hidden=\u00bbno\u00bb tablet_bg_img_hidden=\u00bbno\u00bb woodmart_parallax=\u00bb0&#8243; woodmart_box_shadow=\u00bbno\u00bb responsive_spacing=\u00bbeyJwYXJhbV90eXBlIjoid29vZG1hcnRfcmVzcG9uc2l2ZV9zcGFjaW5nIiwic2VsZWN0b3JfaWQiOiI2NDc2OTk2ZDA1YWRiIiwic2hvcnRjb2RlIjoidmNfY29sdW1uIiwiZGF0YSI6eyJ0YWJsZXQiOnsicGFkZGluZy1sZWZ0IjoiMTUifSwibW9iaWxlIjp7fX19&#8243; mobile_reset_margin=\u00bbno\u00bb tablet_reset_margin=\u00bbno\u00bb wd_z_index=\u00bbno\u00bb css=\u00bb.vc_custom_1685494131710{padding-top: 0px !important;padding-left: 10% !important;}\u00bb][vc_column_text css=\u00bb\u00bb woodmart_inline=\u00bbno\u00bb text_larger=\u00bbno\u00bb]<\/p>\n<h2>Los productos TUFFLOOR<sup>\u00ae<\/sup> mejoran el tiempo de entrega, reducen el desgaste y los gastos de mantenimiento<\/h2>\n<p>La l\u00ednea de productos TUFFLOOR<sup>\u00ae<\/sup> de Allied est\u00e1 dise\u00f1ada para suelos sometidos a altas temperaturas, impactos f\u00edsicos, ciclos t\u00e9rmicos y exposici\u00f3n intermitente a metal l\u00edquido o escoria.<\/p>\n<p>Los productos TUFFLOOR<sup>\u00ae<\/sup> pueden instalarse como un suelo completo, sobre hormig\u00f3n existente (o nuevo) o como baldosas prefabricadas y ofrecen varias caracter\u00edsticas:<\/p>\n<ul>\n<li>Acelera el tiempo de ejecuci\u00f3n de los proyectos debido al desarrollo temprano de la dureza<\/li>\n<li>Supera la resistencia a la compresi\u00f3n en fr\u00edo del hormig\u00f3n civil convencional.<\/li>\n<li>Reduce el tiempo y los gastos de mantenimiento<\/li>\n<li>Proporciona superficies de trabajo m\u00e1s seguras<\/li>\n<li>Minimiza el desgaste de los equipos m\u00f3viles<\/li>\n<li>Colores personalizados disponibles<\/li>\n<li>Excelentes propiedades de congelaci\u00f3n-descongelaci\u00f3n<\/li>\n<\/ul>\n<p>[\/vc_column_text]<div id=\"wd-6512bfcc2bc7a\" class=\" wd-rs-6512bfcc2bc7a  wd-button-wrapper text-center inline-element\"><a href=\"http:\/\/alliedmineral.com\/wp-content\/uploads\/2023\/09\/BR_TUFFLOOR.pdf\" title=\"P\u00f3ngase en contacto con\" target=\"_blank\" class=\"btn btn-color-alt btn-style-default btn-style-rectangle btn-size-large\">Descargar folleto TUFFLOOR<\/a><\/div>[\/vc_column][\/vc_row][vc_row woodmart_stretch_content=\u00bbsection-stretch\u00bb responsive_tabs_advanced=\u00bbmobile\u00bb css=\u00bb.vc_custom_1685494170876{padding-top: 60px !important;padding-bottom: 60px !important;background-color: #f7f7f7 !important;}\u00bb woodmart_css_id=\u00bb647699900b288&#8243; responsive_spacing=\u00bbeyJwYXJhbV90eXBlIjoid29vZG1hcnRfcmVzcG9uc2l2ZV9zcGFjaW5nIiwic2VsZWN0b3JfaWQiOiI2NDc2OTk5MDBiMjg4Iiwic2hvcnRjb2RlIjoidmNfcm93IiwiZGF0YSI6eyJ0YWJsZXQiOnt9LCJtb2JpbGUiOnt9fX0=\u00bb mobile_bg_img_hidden=\u00bbno\u00bb tablet_bg_img_hidden=\u00bbno\u00bb woodmart_parallax=\u00bb0&#8243; woodmart_gradient_switch=\u00bbno\u00bb woodmart_box_shadow=\u00bbno\u00bb wd_z_index=\u00bbno\u00bb woodmart_disable_overflow=\u00bb0&#8243; row_reverse_mobile=\u00bb1&#8243; row_reverse_tablet=\u00bb1&#8243;][vc_column css_animation=\u00bbfadeIn\u00bb offset=\u00bbvc_col-md-6&#8243; woodmart_css_id=\u00bb6476998b79561&#8243; parallax_scroll=\u00bbno\u00bb woodmart_sticky_column=\u00bbfalse\u00bb wd_collapsible_content_switcher=\u00bbno\u00bb wd_column_role_offcanvas_desktop=\u00bbno\u00bb wd_column_role_offcanvas_tablet=\u00bbno\u00bb wd_column_role_offcanvas_mobile=\u00bbno\u00bb wd_column_role_content_desktop=\u00bbno\u00bb wd_column_role_content_tablet=\u00bbno\u00bb wd_column_role_content_mobile=\u00bbno\u00bb mobile_bg_img_hidden=\u00bbno\u00bb tablet_bg_img_hidden=\u00bbno\u00bb woodmart_parallax=\u00bb0&#8243; woodmart_box_shadow=\u00bbno\u00bb responsive_spacing=\u00bbeyJwYXJhbV90eXBlIjoid29vZG1hcnRfcmVzcG9uc2l2ZV9zcGFjaW5nIiwic2VsZWN0b3JfaWQiOiI2NDc2OTk4Yjc5NTYxIiwic2hvcnRjb2RlIjoidmNfY29sdW1uIiwiZGF0YSI6eyJ0YWJsZXQiOnt9LCJtb2JpbGUiOnt9fX0=\u00bb mobile_reset_margin=\u00bbno\u00bb tablet_reset_margin=\u00bbno\u00bb wd_z_index=\u00bbno\u00bb][vc_column_text css=\u00bb.vc_custom_1718734047097{padding-top: 0px !important;padding-bottom: 0px !important;}\u00bb woodmart_inline=\u00bbno\u00bb text_larger=\u00bbno\u00bb]<\/p>\n<h2>Proteja sus pisos de impactos f\u00edsicos, ciclos t\u00e9rmicos y exposici\u00f3n a metal l\u00edquido o escoria.<\/h2>\n<p><strong>Ventajas de los pisos TUFFLOOR<sup>\u00ae<\/sup> en sus instalaciones:<\/strong><\/p>\n<ul>\n<li>Desarrollo temprano de los puntos fuertes y mayor rapidez en la ejecuci\u00f3n de los proyectos<\/li>\n<li>Resistencia a la compresi\u00f3n en fr\u00edo superior del hormig\u00f3n convencional<\/li>\n<li>Reducci\u00f3n del tiempo y los gastos de mantenimiento<\/li>\n<li>Superficies de trabajo m\u00e1s seguras<\/li>\n<li>Menor desgaste de los equipos m\u00f3viles<\/li>\n<li>Excelentes propiedades de congelaci\u00f3n-descongelaci\u00f3n<\/li>\n<li>Disponible en varios colores<\/li>\n<\/ul>\n<p>[\/vc_column_text][\/vc_column][vc_column css_animation=\u00bbfadeIn\u00bb offset=\u00bbvc_col-md-6&#8243; woodmart_css_id=\u00bb64769981e7ad7&#8243; parallax_scroll=\u00bbno\u00bb woodmart_sticky_column=\u00bbfalse\u00bb wd_collapsible_content_switcher=\u00bbno\u00bb wd_column_role_offcanvas_desktop=\u00bbno\u00bb wd_column_role_offcanvas_tablet=\u00bbno\u00bb wd_column_role_offcanvas_mobile=\u00bbno\u00bb wd_column_role_content_desktop=\u00bbno\u00bb wd_column_role_content_tablet=\u00bbno\u00bb wd_column_role_content_mobile=\u00bbno\u00bb mobile_bg_img_hidden=\u00bbno\u00bb tablet_bg_img_hidden=\u00bbno\u00bb woodmart_parallax=\u00bb0&#8243; woodmart_box_shadow=\u00bbno\u00bb responsive_spacing=\u00bbeyJwYXJhbV90eXBlIjoid29vZG1hcnRfcmVzcG9uc2l2ZV9zcGFjaW5nIiwic2VsZWN0b3JfaWQiOiI2NDc2OTk4MWU3YWQ3Iiwic2hvcnRjb2RlIjoidmNfY29sdW1uIiwiZGF0YSI6eyJ0YWJsZXQiOnsicGFkZGluZy1sZWZ0IjoiMjFweCJ9LCJtb2JpbGUiOnt9fX0=\u00bb mobile_reset_margin=\u00bbno\u00bb tablet_reset_margin=\u00bbno\u00bb wd_z_index=\u00bbno\u00bb][vc_single_image image=\u00bb7415&#8243; img_size=\u00bbfull\u00bb alignment=\u00bbcenter\u00bb parallax_scroll=\u00bbno\u00bb woodmart_inline=\u00bbno\u00bb][\/vc_column][\/vc_row][vc_row full_width=\u00bbstretch_row\u00bb equal_height=\u00bbyes\u00bb css=\u00bb.vc_custom_1685494183091{margin-bottom: -40px !important;padding-top: 100px !important;padding-bottom: 100px !important;}\u00bb woodmart_css_id=\u00bb6476999cb4af6&#8243; responsive_spacing=\u00bbeyJwYXJhbV90eXBlIjoid29vZG1hcnRfcmVzcG9uc2l2ZV9zcGFjaW5nIiwic2VsZWN0b3JfaWQiOiI2NDc2OTk5Y2I0YWY2Iiwic2hvcnRjb2RlIjoidmNfcm93IiwiZGF0YSI6eyJ0YWJsZXQiOnsicGFkZGluZy1yaWdodCI6IjM1IiwicGFkZGluZy1sZWZ0IjoiMzUifSwibW9iaWxlIjp7InBhZGRpbmctdG9wIjoiNTAiLCJwYWRkaW5nLWJvdHRvbSI6IjUwIn19fQ==\u00bb mobile_bg_img_hidden=\u00bbno\u00bb tablet_bg_img_hidden=\u00bbno\u00bb woodmart_parallax=\u00bb0&#8243; woodmart_gradient_switch=\u00bbyes\u00bb woodmart_box_shadow=\u00bbno\u00bb wd_z_index=\u00bbno\u00bb woodmart_disable_overflow=\u00bb0&#8243; row_reverse_mobile=\u00bb0&#8243; row_reverse_tablet=\u00bb0&#8243; woodmart_color_gradient=\u00bbrgb(221, 117, 39)-0\/rgb(0, 0, 0)-100\/|linear-gradient(top , rgb(221, 117, 39) , rgb(0, 0, 0) 100%)|linear|top\u00bb][vc_column css=\u00bb.vc_custom_1680106105116{margin-bottom: 0px !important;padding-bottom: 25px !important;background-color: #92412b !important;}\u00bb woodmart_css_id=\u00bb642462726b593&#8243; parallax_scroll=\u00bbno\u00bb woodmart_sticky_column=\u00bbfalse\u00bb wd_collapsible_content_switcher=\u00bbno\u00bb wd_column_role_offcanvas_desktop=\u00bbno\u00bb wd_column_role_offcanvas_tablet=\u00bbno\u00bb wd_column_role_offcanvas_mobile=\u00bbno\u00bb wd_column_role_content_desktop=\u00bbno\u00bb wd_column_role_content_tablet=\u00bbno\u00bb wd_column_role_content_mobile=\u00bbno\u00bb mobile_bg_img_hidden=\u00bbno\u00bb tablet_bg_img_hidden=\u00bbno\u00bb woodmart_parallax=\u00bb0&#8243; woodmart_box_shadow=\u00bbno\u00bb responsive_spacing=\u00bbeyJwYXJhbV90eXBlIjoid29vZG1hcnRfcmVzcG9uc2l2ZV9zcGFjaW5nIiwic2VsZWN0b3JfaWQiOiI2NDI0NjI3MjZiNTkzIiwic2hvcnRjb2RlIjoidmNfY29sdW1uIiwiZGF0YSI6eyJ0YWJsZXQiOnt9LCJtb2JpbGUiOnt9fX0=\u00bb mobile_reset_margin=\u00bbno\u00bb tablet_reset_margin=\u00bbno\u00bb wd_z_index=\u00bbno\u00bb][vc_custom_heading text=\u00bbProductos relacionados\u00bb font_container=\u00bbtag:h2|text_align:center|color:%23ffffff|line_height:1&#8243; use_theme_fonts=\u00bbyes\u00bb css=\u00bb.vc_custom_1682112013811{margin-bottom: 5px !important;}\u00bb][\/vc_column][vc_column css=\u00bb.vc_custom_1680106740193{margin-top: 0px !important;padding-top: 50px !important;padding-right: 120px !important;padding-bottom: 50px !important;padding-left: 120px !important;background-color: #ffffff !important;}\u00bb woodmart_css_id=\u00bb642464e8dbd6f\u00bb parallax_scroll=\u00bbno\u00bb woodmart_sticky_column=\u00bbfalse\u00bb wd_collapsible_content_switcher=\u00bbno\u00bb wd_column_role_offcanvas_desktop=\u00bbno\u00bb wd_column_role_offcanvas_tablet=\u00bbno\u00bb wd_column_role_offcanvas_mobile=\u00bbno\u00bb wd_column_role_content_desktop=\u00bbno\u00bb wd_column_role_content_tablet=\u00bbno\u00bb wd_column_role_content_mobile=\u00bbno\u00bb mobile_bg_img_hidden=\u00bbno\u00bb tablet_bg_img_hidden=\u00bbno\u00bb woodmart_parallax=\u00bb0&#8243; woodmart_box_shadow=\u00bbno\u00bb responsive_spacing=\u00bbeyJwYXJhbV90eXBlIjoid29vZG1hcnRfcmVzcG9uc2l2ZV9zcGFjaW5nIiwic2VsZWN0b3JfaWQiOiI2NDI0NjRlOGRiZDZmIiwic2hvcnRjb2RlIjoidmNfY29sdW1uIiwiZGF0YSI6eyJ0YWJsZXQiOnsicGFkZGluZy1yaWdodCI6IjIxIiwicGFkZGluZy1sZWZ0IjoiMjEifSwibW9iaWxlIjp7InBhZGRpbmctcmlnaHQiOiIyMSIsInBhZGRpbmctbGVmdCI6IjIxIn19fQ==\u00bb mobile_reset_margin=\u00bbno\u00bb tablet_reset_margin=\u00bbno\u00bb wd_z_index=\u00bbno\u00bb][vc_raw_html css=\u00bb\u00bb]JTNDZGl2JTIwY2xhc3MlM0QlMjJwcm9kdWN0LXRhYmxlLWluZm8lMjBwcm9kdWN0LXRhYmxlMSUyMiUzRSUwQSUwOSUzQ3RhYmxlJTIwY2xhc3MlM0QlMjJwcm9kdWN0LXRhYmxlcyUyMiUzRSUwQSUzQ3RoZWFkJTNFJTBBJTNDdHIlM0UlMEElM0N0aCUyMGFsaWduJTNEJTIybGVmdCUyMiUyMGNvbHNwYW4lM0QlMjIyJTIyJTNFRmFtaWxpYSUyMGRlJTIwcHJvZHVjdG9zJTIwVFVGRkxPT1IlM0NzdXAlM0UlQzIlQUUlM0MlMkZzdXAlM0UlMjAlM0MlMkZ0aCUzRSUwQSUzQyUyRnRyJTNFJTBBJTNDJTJGdGhlYWQlM0UlMEElM0N0Ym9keSUzRSUwQSUzQ3RyJTNFJTBBJTNDdGQlMjBhbGlnbiUzRCUyMmxlZnQlMjIlM0VUVUZGTE9PUiUzQ3N1cCUzRSVDMiVBRSUzQyUyRnN1cCUzRSUzQyUyRnRkJTNFJTBBJTNDdGQlMjBhbGlnbiUzRCUyMmxlZnQlMjIlM0VFbCUyMG0lQzMlQTFzJTIwcmVzaXN0ZW50ZSUyMHklMjB2ZXJzJUMzJUExdGlsJTIwZGUlMjBsYSUyMGwlQzMlQURuZWElMjBkZSUyMHByb2R1Y3RvcyUzQyUyRnRkJTNFJTBBJTNDJTJGdHIlM0UlMEElM0N0ciUzRSUwQSUzQ3RkJTIwYWxpZ24lM0QlMjJsZWZ0JTIyJTNFVFVGRkxPT1IlM0NzdXAlM0UlQzIlQUUlM0MlMkZzdXAlM0UlMjBIVCUzQyUyRnRkJTNFJTBBJTNDdGQlMjBhbGlnbiUzRCUyMmxlZnQlMjIlM0VDYXBheiUyMGRlJTIwc29wb3J0YXIlMjB0ZW1wZXJhdHVyYXMlMjBjb250aW51YXMlMjBkZSUyMGhhc3RhJTIwMTM3MCVDMiVCMEMlMjAlMjgyNTAwJUMyJUIwRiUyOSUyMHklMjB0ZW1wZXJhdHVyYXMlMjBpbnRlcm1pdGVudGVzJTIwZGUlMjBoYXN0YSUyMDE0MjclQzIlQjBDJTIwJTI4MjYwMCVDMiVCMEYlMjkuJTNDJTJGdGQlM0UlMEElM0MlMkZ0ciUzRSUwQSUzQ3RyJTNFJTBBJTNDdGQlMjBhbGlnbiUzRCUyMmxlZnQlMjIlM0VUVUZGTE9PUiUzQ3N1cCUzRSVDMiVBRSUzQyUyRnN1cCUzRSUyMEhUJTIwQUNYJTNDJTJGdGQlM0UlMEElM0N0ZCUyMGFsaWduJTNEJTIybGVmdCUyMiUzRVRvZG9zJTIwbG9zJTIwYmVuZWZpY2lvcyUyMGRlJTIwVFVGRkxPT1IlM0NzdXAlM0UlQzIlQUUlM0MlMkZzdXAlM0UlMjBIVCUyMCUyQiUyMGFkaXRpdm9zJTIwYW50aWFkaGVyZW50ZXMuJTIwQ2FwYXolMjBkZSUyMHNvcG9ydGFyJTIwdGVtcGVyYXR1cmFzJTIwY29udGludWFzJTIwZGUlMjBoYXN0YSUyMDEzMTUlQzIlQjBDJTIwJTI4MjQwMCVDMiVCMEYlMjklMjB5JTIwdGVtcGVyYXR1cmFzJTIwaW50ZXJtaXRlbnRlcyUyMGRlJTIwaGFzdGElMjAxMzcwJUMyJUIwQyUyMCUyODI1MDAlQzIlQjBGJTI5LiUzQyUyRnRkJTNFJTBBJTNDJTJGdHIlM0UlMEElM0MlMkZ0Ym9keSUzRSUwQSUzQyUyRnRhYmxlJTNFJTBBJTNDJTJGZGl2JTNF[\/vc_raw_html][\/vc_column][\/vc_row]<\/p>\n<\/div>","protected":false},"excerpt":{"rendered":"<p>[vc_row full_width=\u00bbstretch_row\u00bb woodmart_bg_position=\u00bbcenter-bottom\u00bb css=\u00bb.vc_custom_1680617386280{margin-top: -40px !important;padding-top: 10px !important;padding-bottom: 18px !important;background-image: url(https:\/\/alliedmineral.com\/wp-content\/uploads\/2023\/03\/Allied-Minerals-title-1.jpg?id=84) !important;background-position: center !important;background-repeat: no-repeat !important;background-size: cover !important;}\u00bb woodmart_css_id=\u00bb642c2fa3441a4&#8243; responsive_spacing=\u00bbeyJwYXJhbV90eXBlIjoid29vZG1hcnRfcmVzcG9uc2l2ZV9zcGFjaW5nIiwic2VsZWN0b3JfaWQiOiI2NDJjMmZhMzQ0MWE0Iiwic2hvcnRjb2RlIjoidmNfcm93IiwiZGF0YSI6eyJ0YWJsZXQiOnt9LCJtb2JpbGUiOnt9fX0=\u00bb<\/p>\n","protected":false},"author":3,"featured_media":0,"parent":11274,"menu_order":0,"comment_status":"closed","ping_status":"closed","template":"","meta":{"content-type":"","footnotes":""},"class_list":["post-11334","page","type-page","status-publish","hentry"],"yoast_head":"<!-- This site is optimized with the Yoast SEO plugin v25.7 - https:\/\/yoast.com\/wordpress\/plugins\/seo\/ -->\n<title>TUFFLOOR\u00ae: Soluci\u00f3n de suelo para zonas en entornos extremos.<\/title>\n<meta name=\"description\" content=\"Dise\u00f1ado para zonas expuestas a ciclos t\u00e9rmicos extremos y a la exposici\u00f3n intermitente a derrames de metal l\u00edquido, escoria y residuos.\" \/>\n<meta name=\"robots\" content=\"index, follow, max-snippet:-1, max-image-preview:large, max-video-preview:-1\" \/>\n<link rel=\"canonical\" href=\"https:\/\/alliedmineral.com\/es\/productos\/suelos-industriales\/\" \/>\n<meta property=\"og:locale\" content=\"es_ES\" \/>\n<meta property=\"og:type\" content=\"article\" \/>\n<meta property=\"og:title\" content=\"TUFFLOOR\u00ae: Soluci\u00f3n de suelo para zonas en entornos extremos.\" \/>\n<meta property=\"og:description\" content=\"Dise\u00f1ado para zonas expuestas a ciclos t\u00e9rmicos extremos y a la exposici\u00f3n intermitente a derrames de metal l\u00edquido, escoria y residuos.\" \/>\n<meta property=\"og:url\" content=\"https:\/\/alliedmineral.com\/es\/productos\/suelos-industriales\/\" \/>\n<meta property=\"og:site_name\" content=\"Allied Mineral Products\" \/>\n<meta property=\"article:modified_time\" content=\"2025-03-06T14:44:12+00:00\" \/>\n<meta name=\"twitter:card\" content=\"summary_large_image\" \/>\n<meta name=\"twitter:label1\" content=\"Tiempo de lectura\" \/>\n\t<meta name=\"twitter:data1\" content=\"3 minutos\" \/>\n<script type=\"application\/ld+json\" class=\"yoast-schema-graph\">{\"@context\":\"https:\/\/schema.org\",\"@graph\":[{\"@type\":\"WebPage\",\"@id\":\"https:\/\/alliedmineral.com\/es\/productos\/suelos-industriales\/\",\"url\":\"https:\/\/alliedmineral.com\/es\/productos\/suelos-industriales\/\",\"name\":\"TUFFLOOR\u00ae: Soluci\u00f3n de suelo para zonas en entornos extremos.\",\"isPartOf\":{\"@id\":\"https:\/\/alliedmineral.com\/es\/#website\"},\"datePublished\":\"2023-04-21T21:14:36+00:00\",\"dateModified\":\"2025-03-06T14:44:12+00:00\",\"description\":\"Dise\u00f1ado para zonas expuestas a ciclos t\u00e9rmicos extremos y a la exposici\u00f3n intermitente a derrames de metal l\u00edquido, escoria y residuos.\",\"breadcrumb\":{\"@id\":\"https:\/\/alliedmineral.com\/es\/productos\/suelos-industriales\/#breadcrumb\"},\"inLanguage\":\"es\",\"potentialAction\":[{\"@type\":\"ReadAction\",\"target\":[\"https:\/\/alliedmineral.com\/es\/productos\/suelos-industriales\/\"]}]},{\"@type\":\"BreadcrumbList\",\"@id\":\"https:\/\/alliedmineral.com\/es\/productos\/suelos-industriales\/#breadcrumb\",\"itemListElement\":[{\"@type\":\"ListItem\",\"position\":1,\"name\":\"Home\",\"item\":\"https:\/\/alliedmineral.com\/es\/\"},{\"@type\":\"ListItem\",\"position\":2,\"name\":\"Productos\",\"item\":\"https:\/\/alliedmineral.com\/es\/productos\/\"},{\"@type\":\"ListItem\",\"position\":3,\"name\":\"Suelos industriales\"}]},{\"@type\":\"WebSite\",\"@id\":\"https:\/\/alliedmineral.com\/es\/#website\",\"url\":\"https:\/\/alliedmineral.com\/es\/\",\"name\":\"Allied Mineral Products\",\"description\":\"\",\"potentialAction\":[{\"@type\":\"SearchAction\",\"target\":{\"@type\":\"EntryPoint\",\"urlTemplate\":\"https:\/\/alliedmineral.com\/es\/?s={search_term_string}\"},\"query-input\":{\"@type\":\"PropertyValueSpecification\",\"valueRequired\":true,\"valueName\":\"search_term_string\"}}],\"inLanguage\":\"es\"}]}<\/script>\n<!-- \/ Yoast SEO plugin. -->","yoast_head_json":{"title":"TUFFLOOR\u00ae: Soluci\u00f3n de suelo para zonas en entornos extremos.","description":"Dise\u00f1ado para zonas expuestas a ciclos t\u00e9rmicos extremos y a la exposici\u00f3n intermitente a derrames de metal l\u00edquido, escoria y residuos.","robots":{"index":"index","follow":"follow","max-snippet":"max-snippet:-1","max-image-preview":"max-image-preview:large","max-video-preview":"max-video-preview:-1"},"canonical":"https:\/\/alliedmineral.com\/es\/productos\/suelos-industriales\/","og_locale":"es_ES","og_type":"article","og_title":"TUFFLOOR\u00ae: Soluci\u00f3n de suelo para zonas en entornos extremos.","og_description":"Dise\u00f1ado para zonas expuestas a ciclos t\u00e9rmicos extremos y a la exposici\u00f3n intermitente a derrames de metal l\u00edquido, escoria y residuos.","og_url":"https:\/\/alliedmineral.com\/es\/productos\/suelos-industriales\/","og_site_name":"Allied Mineral Products","article_modified_time":"2025-03-06T14:44:12+00:00","twitter_card":"summary_large_image","twitter_misc":{"Tiempo de lectura":"3 minutos"},"schema":{"@context":"https:\/\/schema.org","@graph":[{"@type":"WebPage","@id":"https:\/\/alliedmineral.com\/es\/productos\/suelos-industriales\/","url":"https:\/\/alliedmineral.com\/es\/productos\/suelos-industriales\/","name":"TUFFLOOR\u00ae: Soluci\u00f3n de suelo para zonas en entornos extremos.","isPartOf":{"@id":"https:\/\/alliedmineral.com\/es\/#website"},"datePublished":"2023-04-21T21:14:36+00:00","dateModified":"2025-03-06T14:44:12+00:00","description":"Dise\u00f1ado para zonas expuestas a ciclos t\u00e9rmicos extremos y a la exposici\u00f3n intermitente a derrames de metal l\u00edquido, escoria y residuos.","breadcrumb":{"@id":"https:\/\/alliedmineral.com\/es\/productos\/suelos-industriales\/#breadcrumb"},"inLanguage":"es","potentialAction":[{"@type":"ReadAction","target":["https:\/\/alliedmineral.com\/es\/productos\/suelos-industriales\/"]}]},{"@type":"BreadcrumbList","@id":"https:\/\/alliedmineral.com\/es\/productos\/suelos-industriales\/#breadcrumb","itemListElement":[{"@type":"ListItem","position":1,"name":"Home","item":"https:\/\/alliedmineral.com\/es\/"},{"@type":"ListItem","position":2,"name":"Productos","item":"https:\/\/alliedmineral.com\/es\/productos\/"},{"@type":"ListItem","position":3,"name":"Suelos industriales"}]},{"@type":"WebSite","@id":"https:\/\/alliedmineral.com\/es\/#website","url":"https:\/\/alliedmineral.com\/es\/","name":"Allied Mineral Products","description":"","potentialAction":[{"@type":"SearchAction","target":{"@type":"EntryPoint","urlTemplate":"https:\/\/alliedmineral.com\/es\/?s={search_term_string}"},"query-input":{"@type":"PropertyValueSpecification","valueRequired":true,"valueName":"search_term_string"}}],"inLanguage":"es"}]}},"_links":{"self":[{"href":"https:\/\/alliedmineral.com\/es\/wp-json\/wp\/v2\/pages\/11334","targetHints":{"allow":["GET"]}}],"collection":[{"href":"https:\/\/alliedmineral.com\/es\/wp-json\/wp\/v2\/pages"}],"about":[{"href":"https:\/\/alliedmineral.com\/es\/wp-json\/wp\/v2\/types\/page"}],"author":[{"embeddable":true,"href":"https:\/\/alliedmineral.com\/es\/wp-json\/wp\/v2\/users\/3"}],"replies":[{"embeddable":true,"href":"https:\/\/alliedmineral.com\/es\/wp-json\/wp\/v2\/comments?post=11334"}],"version-history":[{"count":0,"href":"https:\/\/alliedmineral.com\/es\/wp-json\/wp\/v2\/pages\/11334\/revisions"}],"up":[{"embeddable":true,"href":"https:\/\/alliedmineral.com\/es\/wp-json\/wp\/v2\/pages\/11274"}],"wp:attachment":[{"href":"https:\/\/alliedmineral.com\/es\/wp-json\/wp\/v2\/media?parent=11334"}],"curies":[{"name":"wp","href":"https:\/\/api.w.org\/{rel}","templated":true}]}}