{"id":11333,"date":"2023-05-04T20:11:49","date_gmt":"2023-05-05T01:11:49","guid":{"rendered":"https:\/\/alliedmineral.com\/industrias\/sujecion-transferencia-de-metales\/coche-torpedo\/"},"modified":"2025-03-06T09:40:46","modified_gmt":"2025-03-06T14:40:46","slug":"coche-torpedo","status":"publish","type":"page","link":"https:\/\/alliedmineral.com\/es\/industrias\/mantenimiento-y-transferencia-de-metales\/coche-torpedo\/","title":{"rendered":"Coche Torpedo"},"content":{"rendered":"<div class=\"wpb-content-wrapper\"><p>[vc_row full_width=\u00bbstretch_row\u00bb woodmart_bg_position=\u00bbcenter-bottom\u00bb css=\u00bb.vc_custom_1680617386280{margin-top: -40px !important;padding-top: 10px !important;padding-bottom: 18px !important;background-image: url(https:\/\/alliedmineral.com\/wp-content\/uploads\/2023\/03\/Allied-Minerals-title-1.jpg?id=84) !important;background-position: center !important;background-repeat: no-repeat !important;background-size: cover !important;}\u00bb woodmart_css_id=\u00bb642c2fa3441a4&#8243; responsive_spacing=\u00bbeyJwYXJhbV90eXBlIjoid29vZG1hcnRfcmVzcG9uc2l2ZV9zcGFjaW5nIiwic2VsZWN0b3JfaWQiOiI2NDJjMmZhMzQ0MWE0Iiwic2hvcnRjb2RlIjoidmNfcm93IiwiZGF0YSI6eyJ0YWJsZXQiOnt9LCJtb2JpbGUiOnt9fX0=\u00bb mobile_bg_img_hidden=\u00bbno\u00bb tablet_bg_img_hidden=\u00bbno\u00bb woodmart_parallax=\u00bb0&#8243; woodmart_gradient_switch=\u00bbno\u00bb woodmart_box_shadow=\u00bbno\u00bb wd_z_index=\u00bbno\u00bb woodmart_disable_overflow=\u00bb0&#8243; row_reverse_mobile=\u00bb0&#8243; row_reverse_tablet=\u00bb0&#8243;][vc_column css_animation=\u00bbfadeInUp\u00bb woodmart_css_id=\u00bb642ec2f26e0bf\u00bb parallax_scroll=\u00bbno\u00bb woodmart_sticky_column=\u00bbfalse\u00bb wd_collapsible_content_switcher=\u00bbno\u00bb wd_column_role_offcanvas_desktop=\u00bbno\u00bb wd_column_role_offcanvas_tablet=\u00bbno\u00bb wd_column_role_offcanvas_mobile=\u00bbno\u00bb wd_column_role_content_desktop=\u00bbno\u00bb wd_column_role_content_tablet=\u00bbno\u00bb wd_column_role_content_mobile=\u00bbno\u00bb mobile_bg_img_hidden=\u00bbno\u00bb tablet_bg_img_hidden=\u00bbno\u00bb woodmart_parallax=\u00bb0&#8243; woodmart_box_shadow=\u00bbno\u00bb responsive_spacing=\u00bbeyJwYXJhbV90eXBlIjoid29vZG1hcnRfcmVzcG9uc2l2ZV9zcGFjaW5nIiwic2VsZWN0b3JfaWQiOiI2NDJlYzJmMjZlMGJmIiwic2hvcnRjb2RlIjoidmNfY29sdW1uIiwiZGF0YSI6eyJ0YWJsZXQiOnt9LCJtb2JpbGUiOnt9fX0=\u00bb mobile_reset_margin=\u00bbno\u00bb tablet_reset_margin=\u00bbno\u00bb wd_z_index=\u00bbno\u00bb][vc_custom_heading text=\u00bbCoche Torpedo\u00bb font_container=\u00bbtag:h1|font_size:40|text_align:left|color:%23ffffff|line_height:1&#8243; use_theme_fonts=\u00bbyes\u00bb el_class=\u00bbpage-title\u00bb css=\u00bb.vc_custom_1683249083512{border-bottom-width: 4px !important;padding-bottom: 20px !important;border-bottom-color: #ee7623 !important;border-bottom-style: solid !important;}\u00bb][\/vc_column][\/vc_row][vc_row content_placement=\u00bbmiddle\u00bb woodmart_css_id=\u00bb643595a53c85d\u00bb responsive_spacing=\u00bbeyJwYXJhbV90eXBlIjoid29vZG1hcnRfcmVzcG9uc2l2ZV9zcGFjaW5nIiwic2VsZWN0b3JfaWQiOiI2NDM1OTVhNTNjODVkIiwic2hvcnRjb2RlIjoidmNfcm93IiwiZGF0YSI6eyJ0YWJsZXQiOnt9LCJtb2JpbGUiOnt9fX0=\u00bb mobile_bg_img_hidden=\u00bbno\u00bb tablet_bg_img_hidden=\u00bbno\u00bb woodmart_parallax=\u00bb0&#8243; woodmart_gradient_switch=\u00bbno\u00bb woodmart_box_shadow=\u00bbno\u00bb wd_z_index=\u00bbno\u00bb woodmart_disable_overflow=\u00bb0&#8243; row_reverse_mobile=\u00bb0&#8243; row_reverse_tablet=\u00bb0&#8243; css=\u00bb.vc_custom_1681233321052{margin-bottom: 60px !important;}\u00bb][vc_column offset=\u00bbvc_col-md-8&#8243; woodmart_css_id=\u00bb6477f272b86f3&#8243; parallax_scroll=\u00bbno\u00bb woodmart_sticky_column=\u00bbfalse\u00bb wd_collapsible_content_switcher=\u00bbno\u00bb wd_column_role_offcanvas_desktop=\u00bbno\u00bb wd_column_role_offcanvas_tablet=\u00bbno\u00bb wd_column_role_offcanvas_mobile=\u00bbno\u00bb wd_column_role_content_desktop=\u00bbno\u00bb wd_column_role_content_tablet=\u00bbno\u00bb wd_column_role_content_mobile=\u00bbno\u00bb mobile_bg_img_hidden=\u00bbno\u00bb tablet_bg_img_hidden=\u00bbno\u00bb woodmart_parallax=\u00bb0&#8243; woodmart_box_shadow=\u00bbno\u00bb responsive_spacing=\u00bbeyJwYXJhbV90eXBlIjoid29vZG1hcnRfcmVzcG9uc2l2ZV9zcGFjaW5nIiwic2VsZWN0b3JfaWQiOiI2NDc3ZjI3MmI4NmYzIiwic2hvcnRjb2RlIjoidmNfY29sdW1uIiwiZGF0YSI6eyJ0YWJsZXQiOnt9LCJtb2JpbGUiOnt9fX0=\u00bb mobile_reset_margin=\u00bbno\u00bb tablet_reset_margin=\u00bbno\u00bb wd_z_index=\u00bbno\u00bb][vc_images_carousel images=\u00bb7534,7533&#8243; img_size=\u00bbfull\u00bb autoplay=\u00bbyes\u00bb hide_pagination_control=\u00bbyes\u00bb wrap=\u00bbyes\u00bb][\/vc_column][vc_column woodmart_css_id=\u00bb6477f27b882a9&#8243; parallax_scroll=\u00bbno\u00bb woodmart_sticky_column=\u00bbfalse\u00bb wd_collapsible_content_switcher=\u00bbno\u00bb wd_column_role_offcanvas_desktop=\u00bbno\u00bb wd_column_role_offcanvas_tablet=\u00bbno\u00bb wd_column_role_offcanvas_mobile=\u00bbno\u00bb wd_column_role_content_desktop=\u00bbno\u00bb wd_column_role_content_tablet=\u00bbno\u00bb wd_column_role_content_mobile=\u00bbno\u00bb mobile_bg_img_hidden=\u00bbno\u00bb tablet_bg_img_hidden=\u00bbno\u00bb woodmart_parallax=\u00bb0&#8243; woodmart_box_shadow=\u00bbno\u00bb responsive_spacing=\u00bbeyJwYXJhbV90eXBlIjoid29vZG1hcnRfcmVzcG9uc2l2ZV9zcGFjaW5nIiwic2VsZWN0b3JfaWQiOiI2NDc3ZjI3Yjg4MmE5Iiwic2hvcnRjb2RlIjoidmNfY29sdW1uIiwiZGF0YSI6eyJ0YWJsZXQiOnt9LCJtb2JpbGUiOnt9fX0=\u00bb mobile_reset_margin=\u00bbno\u00bb tablet_reset_margin=\u00bbno\u00bb wd_z_index=\u00bbno\u00bb offset=\u00bbvc_col-md-4&#8243;][vc_custom_heading text=\u00bbCoche Torpedo\u00bb font_container=\u00bbtag:h2|text_align:left|color:%231a1a1a\u00bb use_theme_fonts=\u00bbyes\u00bb][vc_column_text woodmart_inline=\u00bbno\u00bb text_larger=\u00bbno\u00bb]Allied ofrece hormigones de alta calidad y bajo contenido en cemento para revestimientos de trabajo y revestimientos de seguridad. Nuestros productos de eficacia probada maximizan el rendimiento de este componente clave de muchas plantas sider\u00fargicas.[\/vc_column_text]<div id=\"wd-642eff5a4f8b3\" class=\" wd-rs-642eff5a4f8b3  wd-button-wrapper text-left\"><a href=\"\/es\/?page_id=11278\" title=\"P\u00f3ngase en contacto con\" class=\"btn btn-scheme-light btn-scheme-hover-light btn-style-default btn-style-rectangle btn-size-default\">SOLICITAR PRESUPUESTO<\/a><\/div>[\/vc_column][\/vc_row][vc_row full_width=\u00bbstretch_row\u00bb equal_height=\u00bbyes\u00bb css=\u00bb.vc_custom_1685582475567{margin-bottom: -40px !important;padding-top: 100px !important;padding-bottom: 100px !important;}\u00bb woodmart_css_id=\u00bb6477f28510f6e\u00bb responsive_spacing=\u00bbeyJwYXJhbV90eXBlIjoid29vZG1hcnRfcmVzcG9uc2l2ZV9zcGFjaW5nIiwic2VsZWN0b3JfaWQiOiI2NDc3ZjI4NTEwZjZlIiwic2hvcnRjb2RlIjoidmNfcm93IiwiZGF0YSI6eyJ0YWJsZXQiOnt9LCJtb2JpbGUiOnsicGFkZGluZy10b3AiOiI1MCIsInBhZGRpbmctYm90dG9tIjoiNTAifX19&#8243; mobile_bg_img_hidden=\u00bbno\u00bb tablet_bg_img_hidden=\u00bbno\u00bb woodmart_parallax=\u00bb0&#8243; woodmart_gradient_switch=\u00bbyes\u00bb woodmart_box_shadow=\u00bbno\u00bb wd_z_index=\u00bbno\u00bb woodmart_disable_overflow=\u00bb0&#8243; row_reverse_mobile=\u00bb0&#8243; row_reverse_tablet=\u00bb0&#8243; woodmart_color_gradient=\u00bbrgb(0, 116, 115)-0\/rgb(0, 0, 0)-100\/|linear-gradient(top , rgb(0, 116, 115) , rgb(0, 0, 0) 100%)|linear|top\u00bb][vc_column width=\u00bb5\/6&#8243; woodmart_css_id=\u00bb6477f28ce3e18&#8243; parallax_scroll=\u00bbno\u00bb woodmart_sticky_column=\u00bbfalse\u00bb wd_collapsible_content_switcher=\u00bbno\u00bb wd_column_role_offcanvas_desktop=\u00bbno\u00bb wd_column_role_offcanvas_tablet=\u00bbno\u00bb wd_column_role_offcanvas_mobile=\u00bbno\u00bb wd_column_role_content_desktop=\u00bbno\u00bb wd_column_role_content_tablet=\u00bbno\u00bb wd_column_role_content_mobile=\u00bbno\u00bb mobile_bg_img_hidden=\u00bbno\u00bb tablet_bg_img_hidden=\u00bbno\u00bb woodmart_parallax=\u00bb0&#8243; woodmart_box_shadow=\u00bbno\u00bb responsive_spacing=\u00bbeyJwYXJhbV90eXBlIjoid29vZG1hcnRfcmVzcG9uc2l2ZV9zcGFjaW5nIiwic2VsZWN0b3JfaWQiOiI2NDc3ZjI4Y2UzZTE4Iiwic2hvcnRjb2RlIjoidmNfY29sdW1uIiwiZGF0YSI6eyJ0YWJsZXQiOnsicGFkZGluZy1yaWdodCI6IiAiLCJwYWRkaW5nLWxlZnQiOiIgIn0sIm1vYmlsZSI6eyJwYWRkaW5nLXJpZ2h0IjoiICIsInBhZGRpbmctbGVmdCI6IiAifX19&#8243; mobile_reset_margin=\u00bbno\u00bb tablet_reset_margin=\u00bbno\u00bb wd_z_index=\u00bbno\u00bb offset=\u00bbvc_col-md-offset-2 vc_col-md-8 vc_col-xs-offset-1 vc_col-xs-10&#8243; css=\u00bb.vc_custom_1685582486151{margin-bottom: 0px !important;padding-top: 0px !important;padding-right: 0px !important;padding-bottom: 0px !important;padding-left: 0px !important;}\u00bb][vc_raw_html css=\u00bb.vc_custom_1683249642242{margin-bottom: 0px !important;}\u00bb]PGRpdj4KPHRhYmxlIGNsYXNzPSJpbmR1c3RyaWVzLXRhYmxlIiB3aWR0aD0iMTAwJSI+Cjx0aGVhZCBjbGFzcz0iaW5kdXN0cmllcy1vcmctaGVhZC10YWJsZSI+Cjx0cj4KPHRoIGFsaWduPSJsZWZ0Ij5ab25hPC90aD4KPHRoIGFsaWduPSJsZWZ0Ij5Qcm9kdWN0b3MgcHJpbmNpcGFsZXM8L3RoPgo8L3RyPgo8L3RoZWFkPgo8dGJvZHk+Cjx0cj4KPHRkIGFsaWduPSJsZWZ0Ij5Gb3JybyBkZSB0cmFiYWpvPC90ZD4KPHRkIGFsaWduPSJsZWZ0Ij48c3VwPlRVRkZDUkVURcKuPC9zdXA+IDYyTS1GUjwvdGQ+CjwvdHI+Cjx0cj4KPHRkIGFsaWduPSJsZWZ0Ij5Gb3JybyBkZSBzZWd1cmlkYWQ8L3RkPgo8dGQgYWxpZ249ImxlZnQiPk1BVFJJUFVNUCA2MDwvdGQ+CjwvdHI+CjwvdGJvZHk+CjwvdGFibGU+CiAKPGgzIHN0eWxlPSJ0ZXh0LWFsaWduOiBjZW50ZXI7IGNvbG9yOiAjZmZmOyI+QmFzY3VsYW50ZSBkZSBoaWVycm88L2gzPgo8dGFibGUgY2xhc3M9ImluZHVzdHJpZXMtdGFibGUiIHdpZHRoPSIxMDAlIj4KPHRoZWFkIGNsYXNzPSJpbmR1c3RyaWVzLW9yZy1oZWFkLXRhYmxlIj4KPHRyPgo8dGggYWxpZ249ImxlZnQiPlpvbmE8L3RoPgo8dGggYWxpZ249ImxlZnQiPlByb2R1Y3RvcyBwcmluY2lwYWxlczwvdGg+CjwvdHI+CjwvdGhlYWQ+Cjx0Ym9keT4KPHRyPgo8dGQgYWxpZ249ImxlZnQiPkZvcnJvIGRlIHRyYWJham88L3RkPgo8dGQgYWxpZ249ImxlZnQiPjxzdXA+Vi1DQVNUwq48L3N1cD4gMTMzQTxicj4KPHN1cD5WLUNBU1TCrjwvc3VwPiA3MTJBPGJyPgo8c3VwPlYtQ0FTVMKuPC9zdXA+IDcyMEE8L3RkPgo8L3RyPgo8dHI+Cjx0ZCBhbGlnbj0ibGVmdCI+Rm9ycm8gZGUgc2VndXJpZGFkPC90ZD4KPHRkIGFsaWduPSJsZWZ0Ij5NQVRSSVBVTVAgNjA8L3RkPgo8L3RyPgo8L3Rib2R5Pgo8L3RhYmxlPgo8L2Rpdj4=[\/vc_raw_html][\/vc_column][\/vc_row]<\/p>\n<\/div>","protected":false},"excerpt":{"rendered":"<p>[vc_row full_width=\u00bbstretch_row\u00bb woodmart_bg_position=\u00bbcenter-bottom\u00bb css=\u00bb.vc_custom_1680617386280{margin-top: -40px !important;padding-top: 10px !important;padding-bottom: 18px !important;background-image: url(https:\/\/alliedmineral.com\/wp-content\/uploads\/2023\/03\/Allied-Minerals-title-1.jpg?id=84) !important;background-position: center !important;background-repeat: no-repeat !important;background-size: cover !important;}\u00bb woodmart_css_id=\u00bb642c2fa3441a4&#8243; responsive_spacing=\u00bbeyJwYXJhbV90eXBlIjoid29vZG1hcnRfcmVzcG9uc2l2ZV9zcGFjaW5nIiwic2VsZWN0b3JfaWQiOiI2NDJjMmZhMzQ0MWE0Iiwic2hvcnRjb2RlIjoidmNfcm93IiwiZGF0YSI6eyJ0YWJsZXQiOnt9LCJtb2JpbGUiOnt9fX0=\u00bb<\/p>\n","protected":false},"author":3,"featured_media":0,"parent":11290,"menu_order":0,"comment_status":"closed","ping_status":"closed","template":"","meta":{"content-type":"","footnotes":""},"class_list":["post-11333","page","type-page","status-publish","hentry"],"yoast_head":"<!-- This site is optimized with the Yoast SEO plugin v25.7 - https:\/\/yoast.com\/wordpress\/plugins\/seo\/ -->\n<title>Productos refractarios para todas las \u00e1reas de un carro torpedo en la industria sider\u00fargica integrada.<\/title>\n<meta name=\"description\" content=\"Los productos probados de Allied ofrecen el m\u00e1ximo rendimiento dentro de un carro torpedo.\" \/>\n<meta name=\"robots\" content=\"index, follow, max-snippet:-1, max-image-preview:large, max-video-preview:-1\" \/>\n<link rel=\"canonical\" href=\"https:\/\/alliedmineral.com\/es\/industrias\/mantenimiento-y-transferencia-de-metales\/coche-torpedo\/\" \/>\n<meta property=\"og:locale\" content=\"es_ES\" \/>\n<meta property=\"og:type\" content=\"article\" \/>\n<meta property=\"og:title\" content=\"Productos refractarios para todas las \u00e1reas de un carro torpedo en la industria sider\u00fargica integrada.\" \/>\n<meta property=\"og:description\" content=\"Los productos probados de Allied ofrecen el m\u00e1ximo rendimiento dentro de un carro torpedo.\" \/>\n<meta property=\"og:url\" content=\"https:\/\/alliedmineral.com\/es\/industrias\/mantenimiento-y-transferencia-de-metales\/coche-torpedo\/\" \/>\n<meta property=\"og:site_name\" content=\"Allied Mineral Products\" \/>\n<meta property=\"article:modified_time\" content=\"2025-03-06T14:40:46+00:00\" \/>\n<meta name=\"twitter:card\" content=\"summary_large_image\" \/>\n<meta name=\"twitter:label1\" content=\"Tiempo de lectura\" \/>\n\t<meta name=\"twitter:data1\" content=\"6 minutos\" \/>\n<script type=\"application\/ld+json\" class=\"yoast-schema-graph\">{\"@context\":\"https:\/\/schema.org\",\"@graph\":[{\"@type\":\"WebPage\",\"@id\":\"https:\/\/alliedmineral.com\/es\/industrias\/mantenimiento-y-transferencia-de-metales\/coche-torpedo\/\",\"url\":\"https:\/\/alliedmineral.com\/es\/industrias\/mantenimiento-y-transferencia-de-metales\/coche-torpedo\/\",\"name\":\"Productos refractarios para todas las \u00e1reas de un carro torpedo en la industria sider\u00fargica integrada.\",\"isPartOf\":{\"@id\":\"https:\/\/alliedmineral.com\/es\/#website\"},\"datePublished\":\"2023-05-05T01:11:49+00:00\",\"dateModified\":\"2025-03-06T14:40:46+00:00\",\"description\":\"Los productos probados de Allied ofrecen el m\u00e1ximo rendimiento dentro de un carro torpedo.\",\"breadcrumb\":{\"@id\":\"https:\/\/alliedmineral.com\/es\/industrias\/mantenimiento-y-transferencia-de-metales\/coche-torpedo\/#breadcrumb\"},\"inLanguage\":\"es\",\"potentialAction\":[{\"@type\":\"ReadAction\",\"target\":[\"https:\/\/alliedmineral.com\/es\/industrias\/mantenimiento-y-transferencia-de-metales\/coche-torpedo\/\"]}]},{\"@type\":\"BreadcrumbList\",\"@id\":\"https:\/\/alliedmineral.com\/es\/industrias\/mantenimiento-y-transferencia-de-metales\/coche-torpedo\/#breadcrumb\",\"itemListElement\":[{\"@type\":\"ListItem\",\"position\":1,\"name\":\"Home\",\"item\":\"https:\/\/alliedmineral.com\/es\/\"},{\"@type\":\"ListItem\",\"position\":2,\"name\":\"Industrias\",\"item\":\"https:\/\/alliedmineral.com\/es\/industrias\/\"},{\"@type\":\"ListItem\",\"position\":3,\"name\":\"MANTENIMIENTO Y TRANSFERENCIA DE METALES\",\"item\":\"https:\/\/alliedmineral.com\/es\/industrias\/mantenimiento-y-transferencia-de-metales\/\"},{\"@type\":\"ListItem\",\"position\":4,\"name\":\"Coche Torpedo\"}]},{\"@type\":\"WebSite\",\"@id\":\"https:\/\/alliedmineral.com\/es\/#website\",\"url\":\"https:\/\/alliedmineral.com\/es\/\",\"name\":\"Allied Mineral Products\",\"description\":\"\",\"potentialAction\":[{\"@type\":\"SearchAction\",\"target\":{\"@type\":\"EntryPoint\",\"urlTemplate\":\"https:\/\/alliedmineral.com\/es\/?s={search_term_string}\"},\"query-input\":{\"@type\":\"PropertyValueSpecification\",\"valueRequired\":true,\"valueName\":\"search_term_string\"}}],\"inLanguage\":\"es\"}]}<\/script>\n<!-- \/ Yoast SEO plugin. -->","yoast_head_json":{"title":"Productos refractarios para todas las \u00e1reas de un carro torpedo en la industria sider\u00fargica integrada.","description":"Los productos probados de Allied ofrecen el m\u00e1ximo rendimiento dentro de un carro torpedo.","robots":{"index":"index","follow":"follow","max-snippet":"max-snippet:-1","max-image-preview":"max-image-preview:large","max-video-preview":"max-video-preview:-1"},"canonical":"https:\/\/alliedmineral.com\/es\/industrias\/mantenimiento-y-transferencia-de-metales\/coche-torpedo\/","og_locale":"es_ES","og_type":"article","og_title":"Productos refractarios para todas las \u00e1reas de un carro torpedo en la industria sider\u00fargica integrada.","og_description":"Los productos probados de Allied ofrecen el m\u00e1ximo rendimiento dentro de un carro torpedo.","og_url":"https:\/\/alliedmineral.com\/es\/industrias\/mantenimiento-y-transferencia-de-metales\/coche-torpedo\/","og_site_name":"Allied Mineral Products","article_modified_time":"2025-03-06T14:40:46+00:00","twitter_card":"summary_large_image","twitter_misc":{"Tiempo de lectura":"6 minutos"},"schema":{"@context":"https:\/\/schema.org","@graph":[{"@type":"WebPage","@id":"https:\/\/alliedmineral.com\/es\/industrias\/mantenimiento-y-transferencia-de-metales\/coche-torpedo\/","url":"https:\/\/alliedmineral.com\/es\/industrias\/mantenimiento-y-transferencia-de-metales\/coche-torpedo\/","name":"Productos refractarios para todas las \u00e1reas de un carro torpedo en la industria sider\u00fargica integrada.","isPartOf":{"@id":"https:\/\/alliedmineral.com\/es\/#website"},"datePublished":"2023-05-05T01:11:49+00:00","dateModified":"2025-03-06T14:40:46+00:00","description":"Los productos probados de Allied ofrecen el m\u00e1ximo rendimiento dentro de un carro torpedo.","breadcrumb":{"@id":"https:\/\/alliedmineral.com\/es\/industrias\/mantenimiento-y-transferencia-de-metales\/coche-torpedo\/#breadcrumb"},"inLanguage":"es","potentialAction":[{"@type":"ReadAction","target":["https:\/\/alliedmineral.com\/es\/industrias\/mantenimiento-y-transferencia-de-metales\/coche-torpedo\/"]}]},{"@type":"BreadcrumbList","@id":"https:\/\/alliedmineral.com\/es\/industrias\/mantenimiento-y-transferencia-de-metales\/coche-torpedo\/#breadcrumb","itemListElement":[{"@type":"ListItem","position":1,"name":"Home","item":"https:\/\/alliedmineral.com\/es\/"},{"@type":"ListItem","position":2,"name":"Industrias","item":"https:\/\/alliedmineral.com\/es\/industrias\/"},{"@type":"ListItem","position":3,"name":"MANTENIMIENTO Y TRANSFERENCIA DE METALES","item":"https:\/\/alliedmineral.com\/es\/industrias\/mantenimiento-y-transferencia-de-metales\/"},{"@type":"ListItem","position":4,"name":"Coche Torpedo"}]},{"@type":"WebSite","@id":"https:\/\/alliedmineral.com\/es\/#website","url":"https:\/\/alliedmineral.com\/es\/","name":"Allied Mineral Products","description":"","potentialAction":[{"@type":"SearchAction","target":{"@type":"EntryPoint","urlTemplate":"https:\/\/alliedmineral.com\/es\/?s={search_term_string}"},"query-input":{"@type":"PropertyValueSpecification","valueRequired":true,"valueName":"search_term_string"}}],"inLanguage":"es"}]}},"_links":{"self":[{"href":"https:\/\/alliedmineral.com\/es\/wp-json\/wp\/v2\/pages\/11333","targetHints":{"allow":["GET"]}}],"collection":[{"href":"https:\/\/alliedmineral.com\/es\/wp-json\/wp\/v2\/pages"}],"about":[{"href":"https:\/\/alliedmineral.com\/es\/wp-json\/wp\/v2\/types\/page"}],"author":[{"embeddable":true,"href":"https:\/\/alliedmineral.com\/es\/wp-json\/wp\/v2\/users\/3"}],"replies":[{"embeddable":true,"href":"https:\/\/alliedmineral.com\/es\/wp-json\/wp\/v2\/comments?post=11333"}],"version-history":[{"count":0,"href":"https:\/\/alliedmineral.com\/es\/wp-json\/wp\/v2\/pages\/11333\/revisions"}],"up":[{"embeddable":true,"href":"https:\/\/alliedmineral.com\/es\/wp-json\/wp\/v2\/pages\/11290"}],"wp:attachment":[{"href":"https:\/\/alliedmineral.com\/es\/wp-json\/wp\/v2\/media?parent=11333"}],"curies":[{"name":"wp","href":"https:\/\/api.w.org\/{rel}","templated":true}]}}