{"id":11322,"date":"2023-04-21T08:34:43","date_gmt":"2023-04-21T13:34:43","guid":{"rendered":"https:\/\/alliedmineral.com\/de-residuos-a-energia\/"},"modified":"2025-03-06T09:40:46","modified_gmt":"2025-03-06T14:40:46","slug":"de-residuos-a-energia","status":"publish","type":"page","link":"https:\/\/alliedmineral.com\/es\/industrias\/generacion-de-energia\/de-residuos-a-energia\/","title":{"rendered":"De residuos a energ\u00eda"},"content":{"rendered":"<div class=\"wpb-content-wrapper\"><p>[vc_row full_width=\u00bbstretch_row\u00bb woodmart_bg_position=\u00bbcenter-bottom\u00bb css=\u00bb.vc_custom_1680617386280{margin-top: -40px !important;padding-top: 10px !important;padding-bottom: 18px !important;background-image: url(https:\/\/alliedmineral.com\/wp-content\/uploads\/2023\/03\/Allied-Minerals-title-1.jpg?id=84) !important;background-position: center !important;background-repeat: no-repeat !important;background-size: cover !important;}\u00bb woodmart_css_id=\u00bb642c2fa3441a4&#8243; responsive_spacing=\u00bbeyJwYXJhbV90eXBlIjoid29vZG1hcnRfcmVzcG9uc2l2ZV9zcGFjaW5nIiwic2VsZWN0b3JfaWQiOiI2NDJjMmZhMzQ0MWE0Iiwic2hvcnRjb2RlIjoidmNfcm93IiwiZGF0YSI6eyJ0YWJsZXQiOnt9LCJtb2JpbGUiOnt9fX0=\u00bb mobile_bg_img_hidden=\u00bbno\u00bb tablet_bg_img_hidden=\u00bbno\u00bb woodmart_parallax=\u00bb0&#8243; woodmart_gradient_switch=\u00bbno\u00bb woodmart_box_shadow=\u00bbno\u00bb wd_z_index=\u00bbno\u00bb woodmart_disable_overflow=\u00bb0&#8243; row_reverse_mobile=\u00bb0&#8243; row_reverse_tablet=\u00bb0&#8243;][vc_column css_animation=\u00bbfadeInUp\u00bb woodmart_css_id=\u00bb642ec2f26e0bf\u00bb parallax_scroll=\u00bbno\u00bb woodmart_sticky_column=\u00bbfalse\u00bb wd_collapsible_content_switcher=\u00bbno\u00bb wd_column_role_offcanvas_desktop=\u00bbno\u00bb wd_column_role_offcanvas_tablet=\u00bbno\u00bb wd_column_role_offcanvas_mobile=\u00bbno\u00bb wd_column_role_content_desktop=\u00bbno\u00bb wd_column_role_content_tablet=\u00bbno\u00bb wd_column_role_content_mobile=\u00bbno\u00bb mobile_bg_img_hidden=\u00bbno\u00bb tablet_bg_img_hidden=\u00bbno\u00bb woodmart_parallax=\u00bb0&#8243; woodmart_box_shadow=\u00bbno\u00bb responsive_spacing=\u00bbeyJwYXJhbV90eXBlIjoid29vZG1hcnRfcmVzcG9uc2l2ZV9zcGFjaW5nIiwic2VsZWN0b3JfaWQiOiI2NDJlYzJmMjZlMGJmIiwic2hvcnRjb2RlIjoidmNfY29sdW1uIiwiZGF0YSI6eyJ0YWJsZXQiOnt9LCJtb2JpbGUiOnt9fX0=\u00bb mobile_reset_margin=\u00bbno\u00bb tablet_reset_margin=\u00bbno\u00bb wd_z_index=\u00bbno\u00bb][vc_custom_heading text=\u00bbDe residuos a energ\u00eda\u00bb font_container=\u00bbtag:h1|font_size:40|text_align:left|color:%23ffffff|line_height:1&#8243; use_theme_fonts=\u00bbyes\u00bb el_class=\u00bbpage-title\u00bb css=\u00bb.vc_custom_1682083935411{border-bottom-width: 4px !important;padding-bottom: 20px !important;border-bottom-color: #ee7623 !important;border-bottom-style: solid !important;}\u00bb][\/vc_column][\/vc_row][vc_row woodmart_css_id=\u00bb644a6faee49c9&#8243; responsive_spacing=\u00bbeyJwYXJhbV90eXBlIjoid29vZG1hcnRfcmVzcG9uc2l2ZV9zcGFjaW5nIiwic2VsZWN0b3JfaWQiOiI2NDRhNmZhZWU0OWM5Iiwic2hvcnRjb2RlIjoidmNfcm93IiwiZGF0YSI6eyJ0YWJsZXQiOnt9LCJtb2JpbGUiOnt9fX0=\u00bb mobile_bg_img_hidden=\u00bbno\u00bb tablet_bg_img_hidden=\u00bbno\u00bb woodmart_parallax=\u00bb0&#8243; woodmart_gradient_switch=\u00bbno\u00bb woodmart_box_shadow=\u00bbno\u00bb wd_z_index=\u00bbno\u00bb woodmart_disable_overflow=\u00bb0&#8243; row_reverse_mobile=\u00bb0&#8243; row_reverse_tablet=\u00bb0&#8243; css=\u00bb.vc_custom_1682599858819{margin-top: 20px !important;margin-bottom: 60px !important;}\u00bb][vc_column css=\u00bb.vc_custom_1685581835179{padding-right: 4% !important;}\u00bb woodmart_css_id=\u00bb6477f00604fd5&#8243; parallax_scroll=\u00bbno\u00bb woodmart_sticky_column=\u00bbfalse\u00bb wd_collapsible_content_switcher=\u00bbno\u00bb wd_column_role_offcanvas_desktop=\u00bbno\u00bb wd_column_role_offcanvas_tablet=\u00bbno\u00bb wd_column_role_offcanvas_mobile=\u00bbno\u00bb wd_column_role_content_desktop=\u00bbno\u00bb wd_column_role_content_tablet=\u00bbno\u00bb wd_column_role_content_mobile=\u00bbno\u00bb mobile_bg_img_hidden=\u00bbno\u00bb tablet_bg_img_hidden=\u00bbno\u00bb woodmart_parallax=\u00bb0&#8243; woodmart_box_shadow=\u00bbno\u00bb responsive_spacing=\u00bbeyJwYXJhbV90eXBlIjoid29vZG1hcnRfcmVzcG9uc2l2ZV9zcGFjaW5nIiwic2VsZWN0b3JfaWQiOiI2NDc3ZjAwNjA0ZmQ1Iiwic2hvcnRjb2RlIjoidmNfY29sdW1uIiwiZGF0YSI6eyJ0YWJsZXQiOnt9LCJtb2JpbGUiOnt9fX0=\u00bb mobile_reset_margin=\u00bbno\u00bb tablet_reset_margin=\u00bbno\u00bb wd_z_index=\u00bbno\u00bb offset=\u00bbvc_col-md-8&#8243;][vc_single_image image=\u00bb7435&#8243; img_size=\u00bbfull\u00bb alignment=\u00bbcenter\u00bb parallax_scroll=\u00bbno\u00bb woodmart_inline=\u00bbno\u00bb][\/vc_column][vc_column woodmart_css_id=\u00bb6477f00c8e9fe\u00bb parallax_scroll=\u00bbno\u00bb woodmart_sticky_column=\u00bbfalse\u00bb wd_collapsible_content_switcher=\u00bbno\u00bb wd_column_role_offcanvas_desktop=\u00bbno\u00bb wd_column_role_offcanvas_tablet=\u00bbno\u00bb wd_column_role_offcanvas_mobile=\u00bbno\u00bb wd_column_role_content_desktop=\u00bbno\u00bb wd_column_role_content_tablet=\u00bbno\u00bb wd_column_role_content_mobile=\u00bbno\u00bb mobile_bg_img_hidden=\u00bbno\u00bb tablet_bg_img_hidden=\u00bbno\u00bb woodmart_parallax=\u00bb0&#8243; woodmart_box_shadow=\u00bbno\u00bb responsive_spacing=\u00bbeyJwYXJhbV90eXBlIjoid29vZG1hcnRfcmVzcG9uc2l2ZV9zcGFjaW5nIiwic2VsZWN0b3JfaWQiOiI2NDc3ZjAwYzhlOWZlIiwic2hvcnRjb2RlIjoidmNfY29sdW1uIiwiZGF0YSI6eyJ0YWJsZXQiOnt9LCJtb2JpbGUiOnt9fX0=\u00bb mobile_reset_margin=\u00bbno\u00bb tablet_reset_margin=\u00bbno\u00bb wd_z_index=\u00bbno\u00bb offset=\u00bbvc_col-md-4&#8243;][vc_custom_heading text=\u00bbPOTENCIA\u00bb font_container=\u00bbtag:h3|text_align:left|color:%23ee7623&#8243; use_theme_fonts=\u00bbyes\u00bb css=\u00bb.vc_custom_1682083942224{margin-bottom: 0px !important;}\u00bb][vc_custom_heading text=\u00bbCONVERSI\u00d3N DE RESIDUOS EN ENERG\u00cdA\u00bb font_container=\u00bbtag:h2|text_align:left|color:%231a1a1a\u00bb use_theme_fonts=\u00bbyes\u00bb][vc_column_text woodmart_inline=\u00bbno\u00bb text_larger=\u00bbno\u00bb]<strong><b>Convertir los residuos en energ\u00eda es un proceso que trabaja por la eficiencia y la conciencia medioambiental.<\/b><\/strong><\/p>\n<p>Las grandes incineradoras y calderas utilizadas en este mercado requieren materiales y un mantenimiento especiales para satisfacer las necesidades de la industria. Allied apoya el proceso de conversi\u00f3n de residuos en energ\u00eda suministrando una variedad de productos refractarios y formas prefabricadas para maximizar la eficiencia y el ahorro energ\u00e9tico.<\/p>\n<ul>\n<li>Maximizaci\u00f3n de la eficacia<\/li>\n<li>Ahorro de energ\u00eda<\/li>\n<li>Productos refractarios de mezcla \u00fanica dise\u00f1ados para:<\/li>\n<li>Resistencia a la abrasi\u00f3n<\/li>\n<li>Resistencia al choque t\u00e9rmico<\/li>\n<li>Prevenci\u00f3n de ataques alcalinos y qu\u00edmicos<\/li>\n<\/ul>\n<p>[\/vc_column_text]<div id=\"wd-642eff5a4f8b3\" class=\" wd-rs-642eff5a4f8b3  wd-button-wrapper text-left\"><a href=\"\/es\/?page_id=11278\" title=\"P\u00f3ngase en contacto con\" class=\"btn btn-scheme-light btn-scheme-hover-light btn-style-default btn-style-rectangle btn-size-default\">SOLICITAR PRESUPUESTO<\/a><\/div>[\/vc_column][\/vc_row][vc_row full_width=\u00bbstretch_row\u00bb equal_height=\u00bbyes\u00bb css=\u00bb.vc_custom_1685581854826{margin-bottom: -40px !important;padding-top: 100px !important;padding-bottom: 100px !important;}\u00bb woodmart_css_id=\u00bb6477f01882ccf\u00bb responsive_spacing=\u00bbeyJwYXJhbV90eXBlIjoid29vZG1hcnRfcmVzcG9uc2l2ZV9zcGFjaW5nIiwic2VsZWN0b3JfaWQiOiI2NDc3ZjAxODgyY2NmIiwic2hvcnRjb2RlIjoidmNfcm93IiwiZGF0YSI6eyJ0YWJsZXQiOnt9LCJtb2JpbGUiOnsicGFkZGluZy10b3AiOiI1MCIsInBhZGRpbmctYm90dG9tIjoiNTAifX19&#8243; mobile_bg_img_hidden=\u00bbno\u00bb tablet_bg_img_hidden=\u00bbno\u00bb woodmart_parallax=\u00bb0&#8243; woodmart_gradient_switch=\u00bbyes\u00bb woodmart_box_shadow=\u00bbno\u00bb wd_z_index=\u00bbno\u00bb woodmart_disable_overflow=\u00bb0&#8243; row_reverse_mobile=\u00bb0&#8243; row_reverse_tablet=\u00bb0&#8243; woodmart_color_gradient=\u00bbrgb(0, 116, 115)-0\/rgb(0, 0, 0)-100\/|linear-gradient(top , rgb(0, 116, 115) , rgb(0, 0, 0) 100%)|linear|top\u00bb][vc_column offset=\u00bbvc_col-md-offset-2 vc_col-md-8&#8243; woodmart_css_id=\u00bb644291409023d\u00bb parallax_scroll=\u00bbno\u00bb woodmart_sticky_column=\u00bbfalse\u00bb wd_collapsible_content_switcher=\u00bbno\u00bb wd_column_role_offcanvas_desktop=\u00bbno\u00bb wd_column_role_offcanvas_tablet=\u00bbno\u00bb wd_column_role_offcanvas_mobile=\u00bbno\u00bb wd_column_role_content_desktop=\u00bbno\u00bb wd_column_role_content_tablet=\u00bbno\u00bb wd_column_role_content_mobile=\u00bbno\u00bb mobile_bg_img_hidden=\u00bbno\u00bb tablet_bg_img_hidden=\u00bbno\u00bb woodmart_parallax=\u00bb0&#8243; woodmart_box_shadow=\u00bbno\u00bb responsive_spacing=\u00bbeyJwYXJhbV90eXBlIjoid29vZG1hcnRfcmVzcG9uc2l2ZV9zcGFjaW5nIiwic2VsZWN0b3JfaWQiOiI2NDQyOTE0MDkwMjNkIiwic2hvcnRjb2RlIjoidmNfY29sdW1uIiwiZGF0YSI6eyJ0YWJsZXQiOnt9LCJtb2JpbGUiOnt9fX0=\u00bb mobile_reset_margin=\u00bbno\u00bb tablet_reset_margin=\u00bbno\u00bb wd_z_index=\u00bbno\u00bb][vc_custom_heading text=\u00bbC\u00e1mara de combusti\u00f3n primaria (inferior)\u00bb font_container=\u00bbtag:h3|text_align:center|color:%23ffffff\u00bb use_theme_fonts=\u00bbyes\u00bb][\/vc_column][vc_column width=\u00bb5\/6&#8243; woodmart_css_id=\u00bb6477f0202506e\u00bb parallax_scroll=\u00bbno\u00bb woodmart_sticky_column=\u00bbfalse\u00bb wd_collapsible_content_switcher=\u00bbno\u00bb wd_column_role_offcanvas_desktop=\u00bbno\u00bb wd_column_role_offcanvas_tablet=\u00bbno\u00bb wd_column_role_offcanvas_mobile=\u00bbno\u00bb wd_column_role_content_desktop=\u00bbno\u00bb wd_column_role_content_tablet=\u00bbno\u00bb wd_column_role_content_mobile=\u00bbno\u00bb mobile_bg_img_hidden=\u00bbno\u00bb tablet_bg_img_hidden=\u00bbno\u00bb woodmart_parallax=\u00bb0&#8243; woodmart_box_shadow=\u00bbno\u00bb responsive_spacing=\u00bbeyJwYXJhbV90eXBlIjoid29vZG1hcnRfcmVzcG9uc2l2ZV9zcGFjaW5nIiwic2VsZWN0b3JfaWQiOiI2NDc3ZjAyMDI1MDZlIiwic2hvcnRjb2RlIjoidmNfY29sdW1uIiwiZGF0YSI6eyJ0YWJsZXQiOnsicGFkZGluZy1yaWdodCI6IiAiLCJwYWRkaW5nLWxlZnQiOiIgIn0sIm1vYmlsZSI6eyJwYWRkaW5nLXJpZ2h0IjoiICIsInBhZGRpbmctbGVmdCI6IiAifX19&#8243; mobile_reset_margin=\u00bbno\u00bb tablet_reset_margin=\u00bbno\u00bb wd_z_index=\u00bbno\u00bb offset=\u00bbvc_col-md-offset-2 vc_col-md-8 vc_col-xs-offset-1 vc_col-xs-10&#8243; css=\u00bb.vc_custom_1685581866159{margin-bottom: 0px !important;padding-top: 0px !important;padding-right: 0px !important;padding-bottom: 0px !important;padding-left: 0px !important;background-color: #ffffff !important;}\u00bb][vc_raw_html css=\u00bb.vc_custom_1683125483715{margin-bottom: 0px !important;}\u00bb]PGRpdj4KPHRhYmxlIGNsYXNzPSJpbmR1c3RyaWVzLXRhYmxlIiB3aWR0aD0iMTAwJSI+Cjx0aGVhZCBjbGFzcz0iaW5kdXN0cmllcy1vcmctaGVhZC10YWJsZSI+Cjx0cj4KPHRoIGFsaWduPSJsZWZ0Ij5ab25hPC90aD4KPHRoIGFsaWduPSJsZWZ0Ij5Qcm9kdWN0b3MgcHJpbmNpcGFsZXM8L3RoPgo8L3RyPgo8L3RoZWFkPgo8dGJvZHk+Cjx0cj4KPHRkIGFsaWduPSJsZWZ0Ij5Gb3JybzwvdGQ+Cjx0ZCBhbGlnbj0ibGVmdCI+PHN1cD5UVUZGQ1JFVEXCrjwvc3VwPiA2MDxicj4KPHN1cD5UVUZGQ1JFVEXCrjwvc3VwPiA2NTxicj4KPHN1cD5UVUZGQ1JFVEXCrjwvc3VwPiA3MDxicj4KUVVJQ0sgPHN1cD5DQVNUwq48L3N1cD4gNjI8L3RkPgo8L3RyPgo8dHI+Cjx0ZCBhbGlnbj0ibGVmdCI+UHJvZHVjdG9zIGRlIHBhcmNoZW88L3RkPgo8dGQgYWxpZ249ImxlZnQiPktBU1QgVEVDSCAyNiBUUjxicj4KS0FTVCBURUNIIDMwIFRSPGJyPgpSQU0gPHN1cD5NQVjCrjwvc3VwPiA3MCBQIFRSPGJyPgo8c3VwPlFVSUNLLUZJUkXCrjwvc3VwPiBPTkUgUEFUPGJyPgpUSVRBTiBQTEFTVElDIEZJTkU8YnI+CjwvdHI+Cjx0cj4KPHRkIGFsaWduPSJsZWZ0Ij5DYXJhcyBkZSBjYXJuZXJvIHkgem9uYXMgZGUgYWx0YSBhYnJhc2nDs248L3RkPgo8dGQgYWxpZ249ImxlZnQiPjxzdXA+TUVUQUwtUk9Lwq48L3N1cD4gRm9ybWFzPC90ZD4KPC90cj4KPC90Ym9keT4KPC90YWJsZT4KPC9kaXY+[\/vc_raw_html][\/vc_column][vc_column offset=\u00bbvc_col-md-offset-2 vc_col-md-8&#8243; woodmart_css_id=\u00bb64429359b79f7&#8243; parallax_scroll=\u00bbno\u00bb woodmart_sticky_column=\u00bbfalse\u00bb wd_collapsible_content_switcher=\u00bbno\u00bb wd_column_role_offcanvas_desktop=\u00bbno\u00bb wd_column_role_offcanvas_tablet=\u00bbno\u00bb wd_column_role_offcanvas_mobile=\u00bbno\u00bb wd_column_role_content_desktop=\u00bbno\u00bb wd_column_role_content_tablet=\u00bbno\u00bb wd_column_role_content_mobile=\u00bbno\u00bb mobile_bg_img_hidden=\u00bbno\u00bb tablet_bg_img_hidden=\u00bbno\u00bb woodmart_parallax=\u00bb0&#8243; woodmart_box_shadow=\u00bbno\u00bb responsive_spacing=\u00bbeyJwYXJhbV90eXBlIjoid29vZG1hcnRfcmVzcG9uc2l2ZV9zcGFjaW5nIiwic2VsZWN0b3JfaWQiOiI2NDQyOTM1OWI3OWY3Iiwic2hvcnRjb2RlIjoidmNfY29sdW1uIiwiZGF0YSI6eyJ0YWJsZXQiOnt9LCJtb2JpbGUiOnt9fX0=\u00bb mobile_reset_margin=\u00bbno\u00bb tablet_reset_margin=\u00bbno\u00bb wd_z_index=\u00bbno\u00bb css=\u00bb.vc_custom_1682084701905{margin-top: 60px !important;}\u00bb][vc_custom_heading text=\u00bbC\u00e1mara de combusti\u00f3n secundaria (superior)\u00bb font_container=\u00bbtag:h3|text_align:center|color:%23ffffff\u00bb use_theme_fonts=\u00bbyes\u00bb][\/vc_column][vc_column offset=\u00bbvc_col-md-offset-2 vc_col-md-8&#8243; woodmart_css_id=\u00bb6477f0333f384&#8243; parallax_scroll=\u00bbno\u00bb woodmart_sticky_column=\u00bbfalse\u00bb wd_collapsible_content_switcher=\u00bbno\u00bb wd_column_role_offcanvas_desktop=\u00bbno\u00bb wd_column_role_offcanvas_tablet=\u00bbno\u00bb wd_column_role_offcanvas_mobile=\u00bbno\u00bb wd_column_role_content_desktop=\u00bbno\u00bb wd_column_role_content_tablet=\u00bbno\u00bb wd_column_role_content_mobile=\u00bbno\u00bb mobile_bg_img_hidden=\u00bbno\u00bb tablet_bg_img_hidden=\u00bbno\u00bb woodmart_parallax=\u00bb0&#8243; woodmart_box_shadow=\u00bbno\u00bb responsive_spacing=\u00bbeyJwYXJhbV90eXBlIjoid29vZG1hcnRfcmVzcG9uc2l2ZV9zcGFjaW5nIiwic2VsZWN0b3JfaWQiOiI2NDc3ZjAzMzNmMzg0Iiwic2hvcnRjb2RlIjoidmNfY29sdW1uIiwiZGF0YSI6eyJ0YWJsZXQiOnt9LCJtb2JpbGUiOnt9fX0=\u00bb mobile_reset_margin=\u00bbno\u00bb tablet_reset_margin=\u00bbno\u00bb wd_z_index=\u00bbno\u00bb css=\u00bb.vc_custom_1685581880666{margin-bottom: 0px !important;padding-top: 0px !important;padding-right: 0px !important;padding-bottom: 0px !important;padding-left: 0px !important;background-color: #ffffff !important;}\u00bb][vc_raw_html css=\u00bb.vc_custom_1683125300836{margin-bottom: 0px !important;}\u00bb]PGRpdj4KPHRhYmxlIGNsYXNzPSJpbmR1c3RyaWVzLXRhYmxlIiB3aWR0aD0iMTAwJSI+Cjx0aGVhZCBjbGFzcz0iaW5kdXN0cmllcy1vcmctaGVhZC10YWJsZSI+Cjx0cj4KPHRoIGFsaWduPSJsZWZ0Ij5ab25hPC90aD4KPHRoIGFsaWduPSJsZWZ0Ij5Qcm9kdWN0b3MgcHJpbmNpcGFsZXM8L3RoPgo8L3RyPgo8L3RoZWFkPgo8dGJvZHk+Cjx0cj4KPHRkIGFsaWduPSJsZWZ0Ij5Gb3JybzwvdGQ+Cjx0ZCBhbGlnbj0ibGVmdCI+UkFNIDxzdXA+TUFYwq48L3N1cD4gODUgMTAgQ1IgUDxicj4KUkFNIDxzdXA+TUFYwq48L3N1cD4gODAgMTAgQ1IgUCBTPC90ZD4KPC90cj4KPHRyPgo8dGQgYWxpZ249ImxlZnQiPlByb2R1Y3RvcyBkZSBwYXJjaGVvPC90ZD4KPHRkIGFsaWduPSJsZWZ0Ij5LQVNUIFRFQ0ggMjY8YnI+CktBU1QgVEVDSCAzMDxicj4KUkFNIDxzdXA+TUFYwq48L3N1cD4gNzAgUFI8L3RkPgo8L3RyPgo8L3Rib2R5Pgo8L3RhYmxlPgo8L2Rpdj4=[\/vc_raw_html][\/vc_column][vc_column offset=\u00bbvc_col-md-offset-2 vc_col-md-8&#8243; woodmart_css_id=\u00bb644293622a8d1&#8243; parallax_scroll=\u00bbno\u00bb woodmart_sticky_column=\u00bbfalse\u00bb wd_collapsible_content_switcher=\u00bbno\u00bb wd_column_role_offcanvas_desktop=\u00bbno\u00bb wd_column_role_offcanvas_tablet=\u00bbno\u00bb wd_column_role_offcanvas_mobile=\u00bbno\u00bb wd_column_role_content_desktop=\u00bbno\u00bb wd_column_role_content_tablet=\u00bbno\u00bb wd_column_role_content_mobile=\u00bbno\u00bb mobile_bg_img_hidden=\u00bbno\u00bb tablet_bg_img_hidden=\u00bbno\u00bb woodmart_parallax=\u00bb0&#8243; woodmart_box_shadow=\u00bbno\u00bb responsive_spacing=\u00bbeyJwYXJhbV90eXBlIjoid29vZG1hcnRfcmVzcG9uc2l2ZV9zcGFjaW5nIiwic2VsZWN0b3JfaWQiOiI2NDQyOTM2MjJhOGQxIiwic2hvcnRjb2RlIjoidmNfY29sdW1uIiwiZGF0YSI6eyJ0YWJsZXQiOnt9LCJtb2JpbGUiOnt9fX0=\u00bb mobile_reset_margin=\u00bbno\u00bb tablet_reset_margin=\u00bbno\u00bb wd_z_index=\u00bbno\u00bb css=\u00bb.vc_custom_1682084710519{margin-top: 60px !important;}\u00bb][vc_custom_heading text=\u00bbSoluciones adicionales\u00bb font_container=\u00bbtag:h3|text_align:center|color:%23ffffff\u00bb use_theme_fonts=\u00bbyes\u00bb][\/vc_column][vc_column offset=\u00bbvc_col-md-offset-2 vc_col-md-8&#8243; woodmart_css_id=\u00bb6477f03b186ac\u00bb parallax_scroll=\u00bbno\u00bb woodmart_sticky_column=\u00bbfalse\u00bb wd_collapsible_content_switcher=\u00bbno\u00bb wd_column_role_offcanvas_desktop=\u00bbno\u00bb wd_column_role_offcanvas_tablet=\u00bbno\u00bb wd_column_role_offcanvas_mobile=\u00bbno\u00bb wd_column_role_content_desktop=\u00bbno\u00bb wd_column_role_content_tablet=\u00bbno\u00bb wd_column_role_content_mobile=\u00bbno\u00bb mobile_bg_img_hidden=\u00bbno\u00bb tablet_bg_img_hidden=\u00bbno\u00bb woodmart_parallax=\u00bb0&#8243; woodmart_box_shadow=\u00bbno\u00bb responsive_spacing=\u00bbeyJwYXJhbV90eXBlIjoid29vZG1hcnRfcmVzcG9uc2l2ZV9zcGFjaW5nIiwic2VsZWN0b3JfaWQiOiI2NDc3ZjAzYjE4NmFjIiwic2hvcnRjb2RlIjoidmNfY29sdW1uIiwiZGF0YSI6eyJ0YWJsZXQiOnt9LCJtb2JpbGUiOnt9fX0=\u00bb mobile_reset_margin=\u00bbno\u00bb tablet_reset_margin=\u00bbno\u00bb wd_z_index=\u00bbno\u00bb css=\u00bb.vc_custom_1685581886814{padding-top: 0px !important;padding-right: 0px !important;padding-bottom: 0px !important;padding-left: 0px !important;background-color: #ffffff !important;}\u00bb][vc_raw_html css=\u00bb.vc_custom_1683125586294{margin-bottom: 0px !important;}\u00bb]PGRpdj4KPHRhYmxlIGNsYXNzPSJpbmR1c3RyaWVzLXRhYmxlIiB3aWR0aD0iMTAwJSI+Cjx0aGVhZCBjbGFzcz0iaW5kdXN0cmllcy1vcmctaGVhZC10YWJsZSI+Cjx0cj4KPHRoIGFsaWduPSJsZWZ0Ij5ab25hPC90aD4KPHRoIGFsaWduPSJsZWZ0Ij5Qcm9kdWN0b3MgcHJpbmNpcGFsZXM8L3RoPgo8L3RyPgo8L3RoZWFkPgo8dGJvZHk+Cjx0cj4KPHRkIGFsaWduPSJsZWZ0Ij5CdWxsbm9zZTwvdGQ+Cjx0ZCBhbGlnbj0ibGVmdCI+UVVJQ0sgQ0FTVMKuIDYyIGNvbiAyLTMlIGRlIGZpYnJhcyBtZXTDoWxpY2FzPC90ZD4KPC90cj4KPHRyPgo8dGQgYWxpZ249ImxlZnQiPlpvbmFzIGRlIGFsdGEgZXNjb3JpZmljYWNpw7NuPC90ZD4KPHRkIGFsaWduPSJsZWZ0Ij5UVUZGQ1JFVEXCriAyMCBTaUM8YnI+ClRVRkZDUkVURcKuIDYwODwvdGQ+CjwvdHI+Cjx0cj4KPHRkIGFsaWduPSJsZWZ0Ij5QcmVzYSBkZSB0b21hPC90ZD4KPHRkIGFsaWduPSJsZWZ0Ij5NRVRBTC1ST0s8L3RkPgo8L3RyPgo8dHI+Cjx0ZCBhbGlnbj0ibGVmdCI+UGFyZWRlcyBkZSBjb25kdWN0b3M8L3RkPgo8dGQgYWxpZ249ImxlZnQiPjxzdXA+R1VOTUFYPC9zdXA+PGJyPgpSRVpJU1QgQUJSQURFIDY1IEc8YnI+ClJFWklTVCBBQlJBREUgNzUgRzwvdGQ+CjwvdHI+Cjx0cj4KPHRkIGFsaWduPSJsZWZ0Ij5JbnRlcmNhbWJpYWRvciBkZSBjYWxvcjwvdGQ+Cjx0ZCBhbGlnbj0ibGVmdCI+S0FTVCBURUNIIDMwPC90ZD4KPC90cj4KPC90Ym9keT4KPC90YWJsZT4KPC9kaXY+[\/vc_raw_html][\/vc_column][\/vc_row]<\/p>\n<\/div>","protected":false},"excerpt":{"rendered":"<p>[vc_row full_width=\u00bbstretch_row\u00bb woodmart_bg_position=\u00bbcenter-bottom\u00bb css=\u00bb.vc_custom_1680617386280{margin-top: -40px !important;padding-top: 10px !important;padding-bottom: 18px !important;background-image: url(https:\/\/alliedmineral.com\/wp-content\/uploads\/2023\/03\/Allied-Minerals-title-1.jpg?id=84) !important;background-position: center !important;background-repeat: no-repeat !important;background-size: cover !important;}\u00bb woodmart_css_id=\u00bb642c2fa3441a4&#8243; responsive_spacing=\u00bbeyJwYXJhbV90eXBlIjoid29vZG1hcnRfcmVzcG9uc2l2ZV9zcGFjaW5nIiwic2VsZWN0b3JfaWQiOiI2NDJjMmZhMzQ0MWE0Iiwic2hvcnRjb2RlIjoidmNfcm93IiwiZGF0YSI6eyJ0YWJsZXQiOnt9LCJtb2JpbGUiOnt9fX0=\u00bb<\/p>\n","protected":false},"author":3,"featured_media":0,"parent":11329,"menu_order":0,"comment_status":"closed","ping_status":"closed","template":"","meta":{"content-type":"","footnotes":""},"class_list":["post-11322","page","type-page","status-publish","hentry"],"yoast_head":"<!-- This site is optimized with the Yoast SEO plugin v25.7 - https:\/\/yoast.com\/wordpress\/plugins\/seo\/ -->\n<title>De residuos a energ\u00eda: Eficiencia y ahorro energ\u00e9tico de nuestros productos.<\/title>\n<meta name=\"description\" content=\"Convertir los residuos en energ\u00eda es un proceso que trabaja por la eficiencia y la conciencia medioambiental.\" \/>\n<meta name=\"robots\" content=\"index, follow, max-snippet:-1, max-image-preview:large, max-video-preview:-1\" \/>\n<link rel=\"canonical\" href=\"https:\/\/alliedmineral.com\/es\/industrias\/generacion-de-energia\/de-residuos-a-energia\/\" \/>\n<meta property=\"og:locale\" content=\"es_ES\" \/>\n<meta property=\"og:type\" content=\"article\" \/>\n<meta property=\"og:title\" content=\"De residuos a energ\u00eda: Eficiencia y ahorro energ\u00e9tico de nuestros productos.\" \/>\n<meta property=\"og:description\" content=\"Convertir los residuos en energ\u00eda es un proceso que trabaja por la eficiencia y la conciencia medioambiental.\" \/>\n<meta property=\"og:url\" content=\"https:\/\/alliedmineral.com\/es\/industrias\/generacion-de-energia\/de-residuos-a-energia\/\" \/>\n<meta property=\"og:site_name\" content=\"Allied Mineral Products\" \/>\n<meta property=\"article:modified_time\" content=\"2025-03-06T14:40:46+00:00\" \/>\n<meta name=\"twitter:card\" content=\"summary_large_image\" \/>\n<meta name=\"twitter:label1\" content=\"Tiempo de lectura\" \/>\n\t<meta name=\"twitter:data1\" content=\"11 minutos\" \/>\n<script type=\"application\/ld+json\" class=\"yoast-schema-graph\">{\"@context\":\"https:\/\/schema.org\",\"@graph\":[{\"@type\":\"WebPage\",\"@id\":\"https:\/\/alliedmineral.com\/es\/industrias\/generacion-de-energia\/de-residuos-a-energia\/\",\"url\":\"https:\/\/alliedmineral.com\/es\/industrias\/generacion-de-energia\/de-residuos-a-energia\/\",\"name\":\"De residuos a energ\u00eda: Eficiencia y ahorro energ\u00e9tico de nuestros productos.\",\"isPartOf\":{\"@id\":\"https:\/\/alliedmineral.com\/es\/#website\"},\"datePublished\":\"2023-04-21T13:34:43+00:00\",\"dateModified\":\"2025-03-06T14:40:46+00:00\",\"description\":\"Convertir los residuos en energ\u00eda es un proceso que trabaja por la eficiencia y la conciencia medioambiental.\",\"breadcrumb\":{\"@id\":\"https:\/\/alliedmineral.com\/es\/industrias\/generacion-de-energia\/de-residuos-a-energia\/#breadcrumb\"},\"inLanguage\":\"es\",\"potentialAction\":[{\"@type\":\"ReadAction\",\"target\":[\"https:\/\/alliedmineral.com\/es\/industrias\/generacion-de-energia\/de-residuos-a-energia\/\"]}]},{\"@type\":\"BreadcrumbList\",\"@id\":\"https:\/\/alliedmineral.com\/es\/industrias\/generacion-de-energia\/de-residuos-a-energia\/#breadcrumb\",\"itemListElement\":[{\"@type\":\"ListItem\",\"position\":1,\"name\":\"Home\",\"item\":\"https:\/\/alliedmineral.com\/es\/\"},{\"@type\":\"ListItem\",\"position\":2,\"name\":\"Industrias\",\"item\":\"https:\/\/alliedmineral.com\/es\/industrias\/\"},{\"@type\":\"ListItem\",\"position\":3,\"name\":\"GENERACION DE ENERGIA\",\"item\":\"https:\/\/alliedmineral.com\/es\/industrias\/generacion-de-energia\/\"},{\"@type\":\"ListItem\",\"position\":4,\"name\":\"De residuos a energ\u00eda\"}]},{\"@type\":\"WebSite\",\"@id\":\"https:\/\/alliedmineral.com\/es\/#website\",\"url\":\"https:\/\/alliedmineral.com\/es\/\",\"name\":\"Allied Mineral Products\",\"description\":\"\",\"potentialAction\":[{\"@type\":\"SearchAction\",\"target\":{\"@type\":\"EntryPoint\",\"urlTemplate\":\"https:\/\/alliedmineral.com\/es\/?s={search_term_string}\"},\"query-input\":{\"@type\":\"PropertyValueSpecification\",\"valueRequired\":true,\"valueName\":\"search_term_string\"}}],\"inLanguage\":\"es\"}]}<\/script>\n<!-- \/ Yoast SEO plugin. -->","yoast_head_json":{"title":"De residuos a energ\u00eda: Eficiencia y ahorro energ\u00e9tico de nuestros productos.","description":"Convertir los residuos en energ\u00eda es un proceso que trabaja por la eficiencia y la conciencia medioambiental.","robots":{"index":"index","follow":"follow","max-snippet":"max-snippet:-1","max-image-preview":"max-image-preview:large","max-video-preview":"max-video-preview:-1"},"canonical":"https:\/\/alliedmineral.com\/es\/industrias\/generacion-de-energia\/de-residuos-a-energia\/","og_locale":"es_ES","og_type":"article","og_title":"De residuos a energ\u00eda: Eficiencia y ahorro energ\u00e9tico de nuestros productos.","og_description":"Convertir los residuos en energ\u00eda es un proceso que trabaja por la eficiencia y la conciencia medioambiental.","og_url":"https:\/\/alliedmineral.com\/es\/industrias\/generacion-de-energia\/de-residuos-a-energia\/","og_site_name":"Allied Mineral Products","article_modified_time":"2025-03-06T14:40:46+00:00","twitter_card":"summary_large_image","twitter_misc":{"Tiempo de lectura":"11 minutos"},"schema":{"@context":"https:\/\/schema.org","@graph":[{"@type":"WebPage","@id":"https:\/\/alliedmineral.com\/es\/industrias\/generacion-de-energia\/de-residuos-a-energia\/","url":"https:\/\/alliedmineral.com\/es\/industrias\/generacion-de-energia\/de-residuos-a-energia\/","name":"De residuos a energ\u00eda: Eficiencia y ahorro energ\u00e9tico de nuestros productos.","isPartOf":{"@id":"https:\/\/alliedmineral.com\/es\/#website"},"datePublished":"2023-04-21T13:34:43+00:00","dateModified":"2025-03-06T14:40:46+00:00","description":"Convertir los residuos en energ\u00eda es un proceso que trabaja por la eficiencia y la conciencia medioambiental.","breadcrumb":{"@id":"https:\/\/alliedmineral.com\/es\/industrias\/generacion-de-energia\/de-residuos-a-energia\/#breadcrumb"},"inLanguage":"es","potentialAction":[{"@type":"ReadAction","target":["https:\/\/alliedmineral.com\/es\/industrias\/generacion-de-energia\/de-residuos-a-energia\/"]}]},{"@type":"BreadcrumbList","@id":"https:\/\/alliedmineral.com\/es\/industrias\/generacion-de-energia\/de-residuos-a-energia\/#breadcrumb","itemListElement":[{"@type":"ListItem","position":1,"name":"Home","item":"https:\/\/alliedmineral.com\/es\/"},{"@type":"ListItem","position":2,"name":"Industrias","item":"https:\/\/alliedmineral.com\/es\/industrias\/"},{"@type":"ListItem","position":3,"name":"GENERACION DE ENERGIA","item":"https:\/\/alliedmineral.com\/es\/industrias\/generacion-de-energia\/"},{"@type":"ListItem","position":4,"name":"De residuos a energ\u00eda"}]},{"@type":"WebSite","@id":"https:\/\/alliedmineral.com\/es\/#website","url":"https:\/\/alliedmineral.com\/es\/","name":"Allied Mineral Products","description":"","potentialAction":[{"@type":"SearchAction","target":{"@type":"EntryPoint","urlTemplate":"https:\/\/alliedmineral.com\/es\/?s={search_term_string}"},"query-input":{"@type":"PropertyValueSpecification","valueRequired":true,"valueName":"search_term_string"}}],"inLanguage":"es"}]}},"_links":{"self":[{"href":"https:\/\/alliedmineral.com\/es\/wp-json\/wp\/v2\/pages\/11322","targetHints":{"allow":["GET"]}}],"collection":[{"href":"https:\/\/alliedmineral.com\/es\/wp-json\/wp\/v2\/pages"}],"about":[{"href":"https:\/\/alliedmineral.com\/es\/wp-json\/wp\/v2\/types\/page"}],"author":[{"embeddable":true,"href":"https:\/\/alliedmineral.com\/es\/wp-json\/wp\/v2\/users\/3"}],"replies":[{"embeddable":true,"href":"https:\/\/alliedmineral.com\/es\/wp-json\/wp\/v2\/comments?post=11322"}],"version-history":[{"count":0,"href":"https:\/\/alliedmineral.com\/es\/wp-json\/wp\/v2\/pages\/11322\/revisions"}],"up":[{"embeddable":true,"href":"https:\/\/alliedmineral.com\/es\/wp-json\/wp\/v2\/pages\/11329"}],"wp:attachment":[{"href":"https:\/\/alliedmineral.com\/es\/wp-json\/wp\/v2\/media?parent=11322"}],"curies":[{"name":"wp","href":"https:\/\/api.w.org\/{rel}","templated":true}]}}