{"id":11320,"date":"2023-04-12T20:29:44","date_gmt":"2023-04-13T01:29:44","guid":{"rendered":"https:\/\/alliedmineral.com\/industrias\/tratamiento-termico-y-forja\/"},"modified":"2025-03-18T12:50:58","modified_gmt":"2025-03-18T17:50:58","slug":"tratamiento-termico-y-forja","status":"publish","type":"page","link":"https:\/\/alliedmineral.com\/es\/industrias\/tratamiento-termico-y-forja\/","title":{"rendered":"Tratamiento t\u00e9rmico y forja"},"content":{"rendered":"<div class=\"wpb-content-wrapper\"><p>[vc_row full_width=\u00bbstretch_row\u00bb woodmart_bg_position=\u00bbcenter-bottom\u00bb css=\u00bb.vc_custom_1680617386280{margin-top: -40px !important;padding-top: 10px !important;padding-bottom: 18px !important;background-image: url(https:\/\/alliedmineral.com\/wp-content\/uploads\/2023\/03\/Allied-Minerals-title-1.jpg?id=84) !important;background-position: center !important;background-repeat: no-repeat !important;background-size: cover !important;}\u00bb woodmart_css_id=\u00bb642c2fa3441a4&#8243; responsive_spacing=\u00bbeyJwYXJhbV90eXBlIjoid29vZG1hcnRfcmVzcG9uc2l2ZV9zcGFjaW5nIiwic2VsZWN0b3JfaWQiOiI2NDJjMmZhMzQ0MWE0Iiwic2hvcnRjb2RlIjoidmNfcm93IiwiZGF0YSI6eyJ0YWJsZXQiOnt9LCJtb2JpbGUiOnt9fX0=\u00bb mobile_bg_img_hidden=\u00bbno\u00bb tablet_bg_img_hidden=\u00bbno\u00bb woodmart_parallax=\u00bb0&#8243; woodmart_gradient_switch=\u00bbno\u00bb woodmart_box_shadow=\u00bbno\u00bb wd_z_index=\u00bbno\u00bb woodmart_disable_overflow=\u00bb0&#8243; row_reverse_mobile=\u00bb0&#8243; row_reverse_tablet=\u00bb0&#8243;][vc_column css_animation=\u00bbfadeInUp\u00bb woodmart_css_id=\u00bb642ee9cc88b10&#8243; parallax_scroll=\u00bbno\u00bb woodmart_sticky_column=\u00bbfalse\u00bb wd_collapsible_content_switcher=\u00bbno\u00bb wd_column_role_offcanvas_desktop=\u00bbno\u00bb wd_column_role_offcanvas_tablet=\u00bbno\u00bb wd_column_role_offcanvas_mobile=\u00bbno\u00bb wd_column_role_content_desktop=\u00bbno\u00bb wd_column_role_content_tablet=\u00bbno\u00bb wd_column_role_content_mobile=\u00bbno\u00bb mobile_bg_img_hidden=\u00bbno\u00bb tablet_bg_img_hidden=\u00bbno\u00bb woodmart_parallax=\u00bb0&#8243; woodmart_box_shadow=\u00bbno\u00bb responsive_spacing=\u00bbeyJwYXJhbV90eXBlIjoid29vZG1hcnRfcmVzcG9uc2l2ZV9zcGFjaW5nIiwic2VsZWN0b3JfaWQiOiI2NDJlZTljYzg4YjEwIiwic2hvcnRjb2RlIjoidmNfY29sdW1uIiwiZGF0YSI6eyJ0YWJsZXQiOnt9LCJtb2JpbGUiOnt9fX0=\u00bb mobile_reset_margin=\u00bbno\u00bb tablet_reset_margin=\u00bbno\u00bb wd_z_index=\u00bbno\u00bb][vc_custom_heading text=\u00bbTratamiento t\u00e9rmico y forja\u00bb font_container=\u00bbtag:h1|font_size:40|text_align:left|color:%23ffffff|line_height:1&#8243; use_theme_fonts=\u00bbyes\u00bb css=\u00bb.vc_custom_1681349413801{border-bottom-width: 4px !important;padding-bottom: 20px !important;border-bottom-color: #ee7623 !important;border-bottom-style: solid !important;}\u00bb el_class=\u00bbpage-title\u00bb][\/vc_column][\/vc_row][vc_row equal_height=\u00bbyes\u00bb content_placement=\u00bbmiddle\u00bb woodmart_css_id=\u00bb642ec26692cce\u00bb responsive_spacing=\u00bbeyJwYXJhbV90eXBlIjoid29vZG1hcnRfcmVzcG9uc2l2ZV9zcGFjaW5nIiwic2VsZWN0b3JfaWQiOiI2NDJlYzI2NjkyY2NlIiwic2hvcnRjb2RlIjoidmNfcm93IiwiZGF0YSI6eyJ0YWJsZXQiOnt9LCJtb2JpbGUiOnt9fX0=\u00bb mobile_bg_img_hidden=\u00bbno\u00bb tablet_bg_img_hidden=\u00bbno\u00bb woodmart_parallax=\u00bb0&#8243; woodmart_gradient_switch=\u00bbno\u00bb woodmart_box_shadow=\u00bbno\u00bb wd_z_index=\u00bbno\u00bb woodmart_disable_overflow=\u00bb0&#8243; row_reverse_mobile=\u00bb0&#8243; row_reverse_tablet=\u00bb0&#8243; css=\u00bb.vc_custom_1680786026542{margin-top: 20px !important;margin-bottom: 80px !important;}\u00bb][vc_column css_animation=\u00bbfadeIn\u00bb offset=\u00bbvc_col-md-6&#8243; woodmart_css_id=\u00bb6419dabda12ef\u00bb parallax_scroll=\u00bbno\u00bb woodmart_sticky_column=\u00bbfalse\u00bb wd_collapsible_content_switcher=\u00bbno\u00bb wd_column_role_offcanvas_desktop=\u00bbno\u00bb wd_column_role_offcanvas_tablet=\u00bbno\u00bb wd_column_role_offcanvas_mobile=\u00bbno\u00bb wd_column_role_content_desktop=\u00bbno\u00bb wd_column_role_content_tablet=\u00bbno\u00bb wd_column_role_content_mobile=\u00bbno\u00bb mobile_bg_img_hidden=\u00bbno\u00bb tablet_bg_img_hidden=\u00bbno\u00bb woodmart_parallax=\u00bb0&#8243; woodmart_box_shadow=\u00bbno\u00bb responsive_spacing=\u00bbeyJwYXJhbV90eXBlIjoid29vZG1hcnRfcmVzcG9uc2l2ZV9zcGFjaW5nIiwic2VsZWN0b3JfaWQiOiI2NDE5ZGFiZGExMmVmIiwic2hvcnRjb2RlIjoidmNfY29sdW1uIiwiZGF0YSI6eyJ0YWJsZXQiOnt9LCJtb2JpbGUiOnt9fX0=\u00bb mobile_reset_margin=\u00bbno\u00bb tablet_reset_margin=\u00bbno\u00bb wd_z_index=\u00bbno\u00bb][vc_single_image image=\u00bb7369&#8243; img_size=\u00bbfull\u00bb alignment=\u00bbcenter\u00bb parallax_scroll=\u00bbno\u00bb woodmart_inline=\u00bbno\u00bb][\/vc_column][vc_column css_animation=\u00bbfadeIn\u00bb offset=\u00bbvc_col-md-6&#8243; woodmart_css_id=\u00bb6476a8d34f37b\u00bb parallax_scroll=\u00bbno\u00bb woodmart_sticky_column=\u00bbfalse\u00bb wd_collapsible_content_switcher=\u00bbno\u00bb wd_column_role_offcanvas_desktop=\u00bbno\u00bb wd_column_role_offcanvas_tablet=\u00bbno\u00bb wd_column_role_offcanvas_mobile=\u00bbno\u00bb wd_column_role_content_desktop=\u00bbno\u00bb wd_column_role_content_tablet=\u00bbno\u00bb wd_column_role_content_mobile=\u00bbno\u00bb mobile_bg_img_hidden=\u00bbno\u00bb tablet_bg_img_hidden=\u00bbno\u00bb woodmart_parallax=\u00bb0&#8243; woodmart_box_shadow=\u00bbno\u00bb responsive_spacing=\u00bbeyJwYXJhbV90eXBlIjoid29vZG1hcnRfcmVzcG9uc2l2ZV9zcGFjaW5nIiwic2VsZWN0b3JfaWQiOiI2NDc2YThkMzRmMzdiIiwic2hvcnRjb2RlIjoidmNfY29sdW1uIiwiZGF0YSI6eyJ0YWJsZXQiOnsicGFkZGluZy1sZWZ0IjoiMTUifSwibW9iaWxlIjp7InBhZGRpbmctbGVmdCI6IiAifX19&#8243; mobile_reset_margin=\u00bbno\u00bb tablet_reset_margin=\u00bbno\u00bb wd_z_index=\u00bbno\u00bb css=\u00bb.vc_custom_1685498075937{padding-left: 10% !important;}\u00bb][vc_custom_heading text=\u00bb\u00bfLe interesa prolongar la vida \u00fatil de su horno? Podemos mejorar su proceso de tratamiento t\u00e9rmico y forja.\u00bb font_container=\u00bbtag:h2|font_size:28|text_align:left|color:%231a1a1a|line_height:1&#8243; use_theme_fonts=\u00bbyes\u00bb][vc_column_text css=\u00bb\u00bb woodmart_inline=\u00bbno\u00bb text_larger=\u00bbno\u00bb]Los procesos de tratamiento t\u00e9rmico y forja suelen implicar choques t\u00e9rmicos y abrasi\u00f3n mec\u00e1nica. Con productos vanguardistas y probados como ARMORMAX<sup>\u00ae<\/sup> y una asistencia t\u00e9cnica y comercial inigualable, podemos ayudarle a prolongar la vida \u00fatil de sus hornos, mejorar la eficiencia y reducir los costes de mantenimiento.<\/p>\n<p>Vea c\u00f3mo Allied puede beneficiarle con soluciones cer\u00e1micas refractarias monol\u00edticas y prefabricadas adaptadas al tratamiento t\u00e9rmico y la forja.[\/vc_column_text]<div id=\"wd-64375be654fad\" class=\" wd-rs-64375be654fad  wd-button-wrapper text-left\"><a href=\"\/wp-content\/uploads\/2023\/04\/BR_HTF.pdf\" title=\"\" target=\"_blank\" class=\"btn btn-color-alt btn-style-default btn-style-rectangle btn-size-default\">DESCARGAR FOLLETO<\/a><\/div>[\/vc_column][\/vc_row][vc_row full_width=\u00bbstretch_row\u00bb equal_height=\u00bbyes\u00bb css=\u00bb.vc_custom_1685498090504{margin-bottom: -40px !important;padding-top: 80px !important;padding-bottom: 80px !important;background-image: url(https:\/\/alliedmineral.com\/wp-content\/uploads\/2023\/03\/Allied-Minerals-Industries-Gateway-bg01.jpg?id=109) !important;background-position: center !important;background-repeat: no-repeat !important;background-size: cover !important;}\u00bb woodmart_css_id=\u00bb6476a8dd97f14&#8243; responsive_spacing=\u00bbeyJwYXJhbV90eXBlIjoid29vZG1hcnRfcmVzcG9uc2l2ZV9zcGFjaW5nIiwic2VsZWN0b3JfaWQiOiI2NDc2YThkZDk3ZjE0Iiwic2hvcnRjb2RlIjoidmNfcm93IiwiZGF0YSI6eyJ0YWJsZXQiOnsicGFkZGluZy1yaWdodCI6IjM1IiwicGFkZGluZy1sZWZ0IjoiMzUifSwibW9iaWxlIjp7InBhZGRpbmctdG9wIjoiNTAiLCJwYWRkaW5nLWJvdHRvbSI6IjUwIn19fQ==\u00bb mobile_bg_img_hidden=\u00bbno\u00bb tablet_bg_img_hidden=\u00bbno\u00bb woodmart_parallax=\u00bb0&#8243; woodmart_gradient_switch=\u00bbno\u00bb woodmart_box_shadow=\u00bbno\u00bb wd_z_index=\u00bbno\u00bb woodmart_disable_overflow=\u00bb0&#8243; row_reverse_mobile=\u00bb0&#8243; row_reverse_tablet=\u00bb0&#8243;][vc_column css=\u00bb.vc_custom_1679420109858{margin-bottom: 45px !important;}\u00bb woodmart_css_id=\u00bb6419eac903c37&#8243; parallax_scroll=\u00bbno\u00bb woodmart_sticky_column=\u00bbfalse\u00bb wd_collapsible_content_switcher=\u00bbno\u00bb wd_column_role_offcanvas_desktop=\u00bbno\u00bb wd_column_role_offcanvas_tablet=\u00bbno\u00bb wd_column_role_offcanvas_mobile=\u00bbno\u00bb wd_column_role_content_desktop=\u00bbno\u00bb wd_column_role_content_tablet=\u00bbno\u00bb wd_column_role_content_mobile=\u00bbno\u00bb mobile_bg_img_hidden=\u00bbno\u00bb tablet_bg_img_hidden=\u00bbno\u00bb woodmart_parallax=\u00bb0&#8243; woodmart_box_shadow=\u00bbno\u00bb responsive_spacing=\u00bbeyJwYXJhbV90eXBlIjoid29vZG1hcnRfcmVzcG9uc2l2ZV9zcGFjaW5nIiwic2VsZWN0b3JfaWQiOiI2NDE5ZWFjOTAzYzM3Iiwic2hvcnRjb2RlIjoidmNfY29sdW1uIiwiZGF0YSI6eyJ0YWJsZXQiOnt9LCJtb2JpbGUiOnt9fX0=\u00bb mobile_reset_margin=\u00bbno\u00bb tablet_reset_margin=\u00bbno\u00bb wd_z_index=\u00bbno\u00bb][vc_custom_heading text=\u00bbSOLUCIONES DE TRATAMIENTO T\u00c9RMICO Y FORJA\u00bb font_container=\u00bbtag:h2|font_size:36|text_align:center|color:%23ffffff|line_height:1&#8243; use_theme_fonts=\u00bbyes\u00bb css=\u00bb.vc_custom_1681349638751{margin-bottom: 5px !important;}\u00bb el_class=\u00bbtitle-spacing\u00bb][\/vc_column][vc_column css=\u00bb.vc_custom_1679419805337{padding-top: 50px !important;padding-right: 50px !important;padding-bottom: 50px !important;padding-left: 50px !important;background-color: #ffffff !important;}\u00bb offset=\u00bbvc_col-md-6&#8243; woodmart_css_id=\u00bb6419e99741cef\u00bb parallax_scroll=\u00bbno\u00bb woodmart_sticky_column=\u00bbfalse\u00bb wd_collapsible_content_switcher=\u00bbno\u00bb wd_column_role_offcanvas_desktop=\u00bbno\u00bb wd_column_role_offcanvas_tablet=\u00bbno\u00bb wd_column_role_offcanvas_mobile=\u00bbno\u00bb wd_column_role_content_desktop=\u00bbno\u00bb wd_column_role_content_tablet=\u00bbno\u00bb wd_column_role_content_mobile=\u00bbno\u00bb mobile_bg_img_hidden=\u00bbno\u00bb tablet_bg_img_hidden=\u00bbno\u00bb woodmart_parallax=\u00bb0&#8243; woodmart_box_shadow=\u00bbno\u00bb responsive_spacing=\u00bbeyJwYXJhbV90eXBlIjoid29vZG1hcnRfcmVzcG9uc2l2ZV9zcGFjaW5nIiwic2VsZWN0b3JfaWQiOiI2NDE5ZTk5NzQxY2VmIiwic2hvcnRjb2RlIjoidmNfY29sdW1uIiwiZGF0YSI6eyJ0YWJsZXQiOnt9LCJtb2JpbGUiOnt9fX0=\u00bb mobile_reset_margin=\u00bbno\u00bb tablet_reset_margin=\u00bbno\u00bb wd_z_index=\u00bbno\u00bb][vc_tta_accordion style=\u00bbmodern\u00bb shape=\u00bbsquare\u00bb color=\u00bbwhite\u00bb active_section=\u00bb-1&#8243; no_fill=\u00bbtrue\u00bb collapsible_all=\u00bbtrue\u00bb el_id=\u00bbproduct-category-pg\u00bb][vc_tta_section title=\u00bbHORNO DE PISO MOVIL \/ CAR BOTTOM\u00bb tab_id=\u00bbheat-treat-car-bottom-furnace\u00bb][vc_column_text woodmart_inline=\u00bbno\u00bb text_larger=\u00bbno\u00bb]Soluciones para todas las partes del horno de fondo de coche, desde la subtierra hasta los bloques de muelle. Suministramos una multitud de productos garantizados para ayudar a maximizar el rendimiento del horno.<\/p>\n<h5><a style=\"color: #007473;\" href=\"\/es\/?page_id=11303\">PARA SABER M\u00c1S \u00ab<\/a><\/h5>\n<p>[\/vc_column_text][\/vc_tta_section][vc_tta_section title=\u00bbHORNO DE CAJA \/ BOX FURNACE\u00bb tab_id=\u00bbheat-treat-box-furnace\u00bb][vc_column_text woodmart_inline=\u00bbno\u00bb text_larger=\u00bbno\u00bb]Una amplia selecci\u00f3n de productos para dar servicio a las numerosas secciones de los hornos tipo caja. Estamos equipados para optimizar el rendimiento de su horno con cer\u00e1micas refractarias y formas prefabricadas de eficacia probada.<\/p>\n<h5><a style=\"color: #007473;\" href=\"\/es\/?page_id=11309\">PARA SABER M\u00c1S \u00ab<\/a><\/h5>\n<p>[\/vc_column_text][\/vc_tta_section][vc_tta_section title=\u00bbHORNO DE PISO (SOLERA) ROTORIO\u00bb tab_id=\u00bbheat-treat-rotary-hearth-furnace\u00bb][vc_column_text woodmart_inline=\u00bbno\u00bb text_larger=\u00bbno\u00bb]La amplia selecci\u00f3n de productos de Allied y sus capacidades de prefabricaci\u00f3n completan sus necesidades de hornos de solera giratoria, desde soleras y bordillos hasta techos y bloques de quemadores.<\/p>\n<h5><a style=\"color: #007473;\" href=\"\/es\/?page_id=11312\">PARA SABER M\u00c1S \u00ab<\/a><\/h5>\n<p>[\/vc_column_text][\/vc_tta_section][vc_tta_section title=\u00bbHORNO DE VIGAS GALOPANTES\/MOBILES\u00bb tab_id=\u00bbheat-treat-walking-beam-furnace\u00bb][vc_column_text woodmart_inline=\u00bbno\u00bb text_larger=\u00bbno\u00bb]Nuestra amplia gama de hormigones, productos de hormig\u00f3n proyectado y piezas prefabricadas garantiza un funcionamiento fiable de los hornos de recalentamiento de vigas galopantes.<\/p>\n<h5><a style=\"color: #007473;\" href=\"\/es\/?page_id=11316\">PARA SABER M\u00c1S \u00ab<\/a><\/h5>\n<p>[\/vc_column_text][\/vc_tta_section][\/vc_tta_accordion][\/vc_column][vc_column css=\u00bb.vc_custom_1679419815050{padding-top: 50px !important;padding-right: 50px !important;padding-bottom: 50px !important;padding-left: 50px !important;background-color: #ffffff !important;}\u00bb woodmart_css_id=\u00bb6419e99f93636&#8243; parallax_scroll=\u00bbno\u00bb woodmart_sticky_column=\u00bbfalse\u00bb wd_collapsible_content_switcher=\u00bbno\u00bb wd_column_role_offcanvas_desktop=\u00bbno\u00bb wd_column_role_offcanvas_tablet=\u00bbno\u00bb wd_column_role_offcanvas_mobile=\u00bbno\u00bb wd_column_role_content_desktop=\u00bbno\u00bb wd_column_role_content_tablet=\u00bbno\u00bb wd_column_role_content_mobile=\u00bbno\u00bb mobile_bg_img_hidden=\u00bbno\u00bb tablet_bg_img_hidden=\u00bbno\u00bb woodmart_parallax=\u00bb0&#8243; woodmart_box_shadow=\u00bbno\u00bb responsive_spacing=\u00bbeyJwYXJhbV90eXBlIjoid29vZG1hcnRfcmVzcG9uc2l2ZV9zcGFjaW5nIiwic2VsZWN0b3JfaWQiOiI2NDE5ZTk5ZjkzNjM2Iiwic2hvcnRjb2RlIjoidmNfY29sdW1uIiwiZGF0YSI6eyJ0YWJsZXQiOnt9LCJtb2JpbGUiOnt9fX0=\u00bb mobile_reset_margin=\u00bbno\u00bb tablet_reset_margin=\u00bbno\u00bb wd_z_index=\u00bbno\u00bb offset=\u00bbvc_col-md-6&#8243;][vc_tta_accordion style=\u00bbmodern\u00bb shape=\u00bbsquare\u00bb color=\u00bbwhite\u00bb active_section=\u00bb-1&#8243; no_fill=\u00bbtrue\u00bb collapsible_all=\u00bbtrue\u00bb el_id=\u00bbproduct-category-pg\u00bb el_class=\u00bbsecond-col-mobile\u00bb][vc_tta_section title=\u00bbCALENTAMIENTO POR INDUCCI\u00d3N\u00bb tab_id=\u00bbheat-treat-induction-heating\u00bb][vc_column_text woodmart_inline=\u00bbno\u00bb text_larger=\u00bbno\u00bb]La abrasi\u00f3n severa y los ciclos t\u00e9rmicos no son rivales para la l\u00ednea de cer\u00e1micas refractarias avanzadas especializadas de Allied para bobinas de inducci\u00f3n. Tenemos la respuesta a sus necesidades, proporcion\u00e1ndole varios hormigones que resisten estas duras condiciones.<\/p>\n<h5><a style=\"color: #007473;\" href=\"\/es\/?page_id=11318\">PARA SABER M\u00c1S \u00ab<\/a><\/h5>\n<p>[\/vc_column_text][\/vc_tta_section][vc_tta_section title=\u00bbHORNO DE CARCAZA MOVIL O TIPO ALMEJA\u00bb tab_id=\u00bbheat-treat-tip-up-furnace\u00bb][vc_column_text woodmart_inline=\u00bbno\u00bb text_larger=\u00bbno\u00bb]Nuestras innovadoras soluciones de productos incluyen una amplia gama de cer\u00e1micas refractarias especializadas y formas prefabricadas personalizadas. Conf\u00ede en nuestros avanzados productos cer\u00e1micos para sus necesidades de hornos y subhornos.<\/p>\n<h5><a style=\"color: #007473;\" href=\"\/es\/?page_id=11304\">PARA SABER M\u00c1S \u00ab<\/a><\/h5>\n<p>[\/vc_column_text][\/vc_tta_section][vc_tta_section title=\u00bbHORNO DE EMPUJE\u00bb tab_id=\u00bbheat-treat-pusher-furnace\u00bb][vc_column_text woodmart_inline=\u00bbno\u00bb text_larger=\u00bbno\u00bb]Allied satisface los requisitos de cada zona de hornos de empuje con productos diversos y especializados y formas prefabricadas.<\/p>\n<h5><a style=\"color: #007473;\" href=\"\/es\/?page_id=11308\">PARA SABER M\u00c1S \u00ab<\/a><\/h5>\n<p>[\/vc_column_text][\/vc_tta_section][\/vc_tta_accordion][\/vc_column][\/vc_row]<\/p>\n<\/div>","protected":false},"excerpt":{"rendered":"<p>[vc_row full_width=\u00bbstretch_row\u00bb woodmart_bg_position=\u00bbcenter-bottom\u00bb css=\u00bb.vc_custom_1680617386280{margin-top: -40px !important;padding-top: 10px !important;padding-bottom: 18px !important;background-image: url(https:\/\/alliedmineral.com\/wp-content\/uploads\/2023\/03\/Allied-Minerals-title-1.jpg?id=84) !important;background-position: center !important;background-repeat: no-repeat !important;background-size: cover !important;}\u00bb woodmart_css_id=\u00bb642c2fa3441a4&#8243; responsive_spacing=\u00bbeyJwYXJhbV90eXBlIjoid29vZG1hcnRfcmVzcG9uc2l2ZV9zcGFjaW5nIiwic2VsZWN0b3JfaWQiOiI2NDJjMmZhMzQ0MWE0Iiwic2hvcnRjb2RlIjoidmNfcm93IiwiZGF0YSI6eyJ0YWJsZXQiOnt9LCJtb2JpbGUiOnt9fX0=\u00bb<\/p>\n","protected":false},"author":3,"featured_media":0,"parent":11270,"menu_order":0,"comment_status":"closed","ping_status":"closed","template":"","meta":{"content-type":"","footnotes":""},"class_list":["post-11320","page","type-page","status-publish","hentry"],"yoast_head":"<!-- This site is optimized with the Yoast SEO plugin v25.7 - https:\/\/yoast.com\/wordpress\/plugins\/seo\/ -->\n<title>Refractarios para las industrias del tratamiento t\u00e9rmico y la forja<\/title>\n<meta name=\"description\" content=\"Refractarios monol\u00edticos y prefabricados para todas las aplicaciones de la industria del tratamiento t\u00e9rmico y la forja\" \/>\n<meta name=\"robots\" content=\"index, follow, max-snippet:-1, max-image-preview:large, max-video-preview:-1\" \/>\n<link rel=\"canonical\" href=\"https:\/\/alliedmineral.com\/es\/industrias\/tratamiento-termico-y-forja\/\" \/>\n<meta property=\"og:locale\" content=\"es_ES\" \/>\n<meta property=\"og:type\" content=\"article\" \/>\n<meta property=\"og:title\" content=\"Refractarios para las industrias del tratamiento t\u00e9rmico y la forja\" \/>\n<meta property=\"og:description\" content=\"Refractarios monol\u00edticos y prefabricados para todas las aplicaciones de la industria del tratamiento t\u00e9rmico y la forja\" \/>\n<meta property=\"og:url\" content=\"https:\/\/alliedmineral.com\/es\/industrias\/tratamiento-termico-y-forja\/\" \/>\n<meta property=\"og:site_name\" content=\"Allied Mineral Products\" \/>\n<meta property=\"article:modified_time\" content=\"2025-03-18T17:50:58+00:00\" \/>\n<meta name=\"twitter:card\" content=\"summary_large_image\" \/>\n<meta name=\"twitter:label1\" content=\"Tiempo de lectura\" \/>\n\t<meta name=\"twitter:data1\" content=\"4 minutos\" \/>\n<script type=\"application\/ld+json\" class=\"yoast-schema-graph\">{\"@context\":\"https:\/\/schema.org\",\"@graph\":[{\"@type\":\"WebPage\",\"@id\":\"https:\/\/alliedmineral.com\/es\/industrias\/tratamiento-termico-y-forja\/\",\"url\":\"https:\/\/alliedmineral.com\/es\/industrias\/tratamiento-termico-y-forja\/\",\"name\":\"Refractarios para las industrias del tratamiento t\u00e9rmico y la forja\",\"isPartOf\":{\"@id\":\"https:\/\/alliedmineral.com\/es\/#website\"},\"datePublished\":\"2023-04-13T01:29:44+00:00\",\"dateModified\":\"2025-03-18T17:50:58+00:00\",\"description\":\"Refractarios monol\u00edticos y prefabricados para todas las aplicaciones de la industria del tratamiento t\u00e9rmico y la forja\",\"breadcrumb\":{\"@id\":\"https:\/\/alliedmineral.com\/es\/industrias\/tratamiento-termico-y-forja\/#breadcrumb\"},\"inLanguage\":\"es\",\"potentialAction\":[{\"@type\":\"ReadAction\",\"target\":[\"https:\/\/alliedmineral.com\/es\/industrias\/tratamiento-termico-y-forja\/\"]}]},{\"@type\":\"BreadcrumbList\",\"@id\":\"https:\/\/alliedmineral.com\/es\/industrias\/tratamiento-termico-y-forja\/#breadcrumb\",\"itemListElement\":[{\"@type\":\"ListItem\",\"position\":1,\"name\":\"Home\",\"item\":\"https:\/\/alliedmineral.com\/es\/\"},{\"@type\":\"ListItem\",\"position\":2,\"name\":\"Industrias\",\"item\":\"https:\/\/alliedmineral.com\/es\/industrias\/\"},{\"@type\":\"ListItem\",\"position\":3,\"name\":\"Tratamiento t\u00e9rmico y forja\"}]},{\"@type\":\"WebSite\",\"@id\":\"https:\/\/alliedmineral.com\/es\/#website\",\"url\":\"https:\/\/alliedmineral.com\/es\/\",\"name\":\"Allied Mineral Products\",\"description\":\"\",\"potentialAction\":[{\"@type\":\"SearchAction\",\"target\":{\"@type\":\"EntryPoint\",\"urlTemplate\":\"https:\/\/alliedmineral.com\/es\/?s={search_term_string}\"},\"query-input\":{\"@type\":\"PropertyValueSpecification\",\"valueRequired\":true,\"valueName\":\"search_term_string\"}}],\"inLanguage\":\"es\"}]}<\/script>\n<!-- \/ Yoast SEO plugin. -->","yoast_head_json":{"title":"Refractarios para las industrias del tratamiento t\u00e9rmico y la forja","description":"Refractarios monol\u00edticos y prefabricados para todas las aplicaciones de la industria del tratamiento t\u00e9rmico y la forja","robots":{"index":"index","follow":"follow","max-snippet":"max-snippet:-1","max-image-preview":"max-image-preview:large","max-video-preview":"max-video-preview:-1"},"canonical":"https:\/\/alliedmineral.com\/es\/industrias\/tratamiento-termico-y-forja\/","og_locale":"es_ES","og_type":"article","og_title":"Refractarios para las industrias del tratamiento t\u00e9rmico y la forja","og_description":"Refractarios monol\u00edticos y prefabricados para todas las aplicaciones de la industria del tratamiento t\u00e9rmico y la forja","og_url":"https:\/\/alliedmineral.com\/es\/industrias\/tratamiento-termico-y-forja\/","og_site_name":"Allied Mineral Products","article_modified_time":"2025-03-18T17:50:58+00:00","twitter_card":"summary_large_image","twitter_misc":{"Tiempo de lectura":"4 minutos"},"schema":{"@context":"https:\/\/schema.org","@graph":[{"@type":"WebPage","@id":"https:\/\/alliedmineral.com\/es\/industrias\/tratamiento-termico-y-forja\/","url":"https:\/\/alliedmineral.com\/es\/industrias\/tratamiento-termico-y-forja\/","name":"Refractarios para las industrias del tratamiento t\u00e9rmico y la forja","isPartOf":{"@id":"https:\/\/alliedmineral.com\/es\/#website"},"datePublished":"2023-04-13T01:29:44+00:00","dateModified":"2025-03-18T17:50:58+00:00","description":"Refractarios monol\u00edticos y prefabricados para todas las aplicaciones de la industria del tratamiento t\u00e9rmico y la forja","breadcrumb":{"@id":"https:\/\/alliedmineral.com\/es\/industrias\/tratamiento-termico-y-forja\/#breadcrumb"},"inLanguage":"es","potentialAction":[{"@type":"ReadAction","target":["https:\/\/alliedmineral.com\/es\/industrias\/tratamiento-termico-y-forja\/"]}]},{"@type":"BreadcrumbList","@id":"https:\/\/alliedmineral.com\/es\/industrias\/tratamiento-termico-y-forja\/#breadcrumb","itemListElement":[{"@type":"ListItem","position":1,"name":"Home","item":"https:\/\/alliedmineral.com\/es\/"},{"@type":"ListItem","position":2,"name":"Industrias","item":"https:\/\/alliedmineral.com\/es\/industrias\/"},{"@type":"ListItem","position":3,"name":"Tratamiento t\u00e9rmico y forja"}]},{"@type":"WebSite","@id":"https:\/\/alliedmineral.com\/es\/#website","url":"https:\/\/alliedmineral.com\/es\/","name":"Allied Mineral Products","description":"","potentialAction":[{"@type":"SearchAction","target":{"@type":"EntryPoint","urlTemplate":"https:\/\/alliedmineral.com\/es\/?s={search_term_string}"},"query-input":{"@type":"PropertyValueSpecification","valueRequired":true,"valueName":"search_term_string"}}],"inLanguage":"es"}]}},"_links":{"self":[{"href":"https:\/\/alliedmineral.com\/es\/wp-json\/wp\/v2\/pages\/11320","targetHints":{"allow":["GET"]}}],"collection":[{"href":"https:\/\/alliedmineral.com\/es\/wp-json\/wp\/v2\/pages"}],"about":[{"href":"https:\/\/alliedmineral.com\/es\/wp-json\/wp\/v2\/types\/page"}],"author":[{"embeddable":true,"href":"https:\/\/alliedmineral.com\/es\/wp-json\/wp\/v2\/users\/3"}],"replies":[{"embeddable":true,"href":"https:\/\/alliedmineral.com\/es\/wp-json\/wp\/v2\/comments?post=11320"}],"version-history":[{"count":0,"href":"https:\/\/alliedmineral.com\/es\/wp-json\/wp\/v2\/pages\/11320\/revisions"}],"up":[{"embeddable":true,"href":"https:\/\/alliedmineral.com\/es\/wp-json\/wp\/v2\/pages\/11270"}],"wp:attachment":[{"href":"https:\/\/alliedmineral.com\/es\/wp-json\/wp\/v2\/media?parent=11320"}],"curies":[{"name":"wp","href":"https:\/\/api.w.org\/{rel}","templated":true}]}}