{"id":11318,"date":"2023-04-17T19:27:31","date_gmt":"2023-04-18T00:27:31","guid":{"rendered":"https:\/\/alliedmineral.com\/bobina-de-calentamiento-por-induccion\/"},"modified":"2025-03-06T09:41:48","modified_gmt":"2025-03-06T14:41:48","slug":"bobina-de-calentamiento-por-induccion","status":"publish","type":"page","link":"https:\/\/alliedmineral.com\/es\/industrias\/tratamiento-termico-y-forja\/bobina-de-calentamiento-por-induccion\/","title":{"rendered":"Bobina de calentamiento por inducci\u00f3n"},"content":{"rendered":"<div class=\"wpb-content-wrapper\"><p>[vc_row full_width=\u00bbstretch_row\u00bb woodmart_bg_position=\u00bbcenter-bottom\u00bb css=\u00bb.vc_custom_1680617386280{margin-top: -40px !important;padding-top: 10px !important;padding-bottom: 18px !important;background-image: url(https:\/\/alliedmineral.com\/wp-content\/uploads\/2023\/03\/Allied-Minerals-title-1.jpg?id=84) !important;background-position: center !important;background-repeat: no-repeat !important;background-size: cover !important;}\u00bb woodmart_css_id=\u00bb642c2fa3441a4&#8243; responsive_spacing=\u00bbeyJwYXJhbV90eXBlIjoid29vZG1hcnRfcmVzcG9uc2l2ZV9zcGFjaW5nIiwic2VsZWN0b3JfaWQiOiI2NDJjMmZhMzQ0MWE0Iiwic2hvcnRjb2RlIjoidmNfcm93IiwiZGF0YSI6eyJ0YWJsZXQiOnt9LCJtb2JpbGUiOnt9fX0=\u00bb mobile_bg_img_hidden=\u00bbno\u00bb tablet_bg_img_hidden=\u00bbno\u00bb woodmart_parallax=\u00bb0&#8243; woodmart_gradient_switch=\u00bbno\u00bb woodmart_box_shadow=\u00bbno\u00bb wd_z_index=\u00bbno\u00bb woodmart_disable_overflow=\u00bb0&#8243; row_reverse_mobile=\u00bb0&#8243; row_reverse_tablet=\u00bb0&#8243;][vc_column css_animation=\u00bbfadeInUp\u00bb woodmart_css_id=\u00bb642ec2f26e0bf\u00bb parallax_scroll=\u00bbno\u00bb woodmart_sticky_column=\u00bbfalse\u00bb wd_collapsible_content_switcher=\u00bbno\u00bb wd_column_role_offcanvas_desktop=\u00bbno\u00bb wd_column_role_offcanvas_tablet=\u00bbno\u00bb wd_column_role_offcanvas_mobile=\u00bbno\u00bb wd_column_role_content_desktop=\u00bbno\u00bb wd_column_role_content_tablet=\u00bbno\u00bb wd_column_role_content_mobile=\u00bbno\u00bb mobile_bg_img_hidden=\u00bbno\u00bb tablet_bg_img_hidden=\u00bbno\u00bb woodmart_parallax=\u00bb0&#8243; woodmart_box_shadow=\u00bbno\u00bb responsive_spacing=\u00bbeyJwYXJhbV90eXBlIjoid29vZG1hcnRfcmVzcG9uc2l2ZV9zcGFjaW5nIiwic2VsZWN0b3JfaWQiOiI2NDJlYzJmMjZlMGJmIiwic2hvcnRjb2RlIjoidmNfY29sdW1uIiwiZGF0YSI6eyJ0YWJsZXQiOnt9LCJtb2JpbGUiOnt9fX0=\u00bb mobile_reset_margin=\u00bbno\u00bb tablet_reset_margin=\u00bbno\u00bb wd_z_index=\u00bbno\u00bb][vc_custom_heading text=\u00bbBobina de calentamiento por inducci\u00f3n\u00bb font_container=\u00bbtag:h1|font_size:40|text_align:left|color:%23ffffff|line_height:1&#8243; use_theme_fonts=\u00bbyes\u00bb el_class=\u00bbpage-title\u00bb css=\u00bb.vc_custom_1681777661078{border-bottom-width: 4px !important;padding-bottom: 20px !important;border-bottom-color: #ee7623 !important;border-bottom-style: solid !important;}\u00bb][\/vc_column][\/vc_row][vc_row woodmart_css_id=\u00bb6477eeb3dca7a\u00bb responsive_spacing=\u00bbeyJwYXJhbV90eXBlIjoid29vZG1hcnRfcmVzcG9uc2l2ZV9zcGFjaW5nIiwic2VsZWN0b3JfaWQiOiI2NDc3ZWViM2RjYTdhIiwic2hvcnRjb2RlIjoidmNfcm93IiwiZGF0YSI6eyJ0YWJsZXQiOnt9LCJtb2JpbGUiOnt9fX0=\u00bb mobile_bg_img_hidden=\u00bbno\u00bb tablet_bg_img_hidden=\u00bbno\u00bb woodmart_parallax=\u00bb0&#8243; woodmart_gradient_switch=\u00bbno\u00bb woodmart_box_shadow=\u00bbno\u00bb wd_z_index=\u00bbno\u00bb woodmart_disable_overflow=\u00bb0&#8243; row_reverse_mobile=\u00bb0&#8243; row_reverse_tablet=\u00bb0&#8243; css=\u00bb.vc_custom_1685581496807{margin-bottom: 60px !important;}\u00bb][vc_column css=\u00bb.vc_custom_1685581504339{padding-right: 10% !important;}\u00bb woodmart_css_id=\u00bb6477eebb10933&#8243; parallax_scroll=\u00bbno\u00bb woodmart_sticky_column=\u00bbfalse\u00bb wd_collapsible_content_switcher=\u00bbno\u00bb wd_column_role_offcanvas_desktop=\u00bbno\u00bb wd_column_role_offcanvas_tablet=\u00bbno\u00bb wd_column_role_offcanvas_mobile=\u00bbno\u00bb wd_column_role_content_desktop=\u00bbno\u00bb wd_column_role_content_tablet=\u00bbno\u00bb wd_column_role_content_mobile=\u00bbno\u00bb mobile_bg_img_hidden=\u00bbno\u00bb tablet_bg_img_hidden=\u00bbno\u00bb woodmart_parallax=\u00bb0&#8243; woodmart_box_shadow=\u00bbno\u00bb responsive_spacing=\u00bbeyJwYXJhbV90eXBlIjoid29vZG1hcnRfcmVzcG9uc2l2ZV9zcGFjaW5nIiwic2VsZWN0b3JfaWQiOiI2NDc3ZWViYjEwOTMzIiwic2hvcnRjb2RlIjoidmNfY29sdW1uIiwiZGF0YSI6eyJ0YWJsZXQiOnt9LCJtb2JpbGUiOnt9fX0=\u00bb mobile_reset_margin=\u00bbno\u00bb tablet_reset_margin=\u00bbno\u00bb wd_z_index=\u00bbno\u00bb offset=\u00bbvc_col-md-8&#8243;][vc_single_image image=\u00bb7478&#8243; img_size=\u00bbfull\u00bb alignment=\u00bbcenter\u00bb parallax_scroll=\u00bbno\u00bb woodmart_inline=\u00bbno\u00bb][\/vc_column][vc_column woodmart_css_id=\u00bb6477eec1abb63&#8243; parallax_scroll=\u00bbno\u00bb woodmart_sticky_column=\u00bbfalse\u00bb wd_collapsible_content_switcher=\u00bbno\u00bb wd_column_role_offcanvas_desktop=\u00bbno\u00bb wd_column_role_offcanvas_tablet=\u00bbno\u00bb wd_column_role_offcanvas_mobile=\u00bbno\u00bb wd_column_role_content_desktop=\u00bbno\u00bb wd_column_role_content_tablet=\u00bbno\u00bb wd_column_role_content_mobile=\u00bbno\u00bb mobile_bg_img_hidden=\u00bbno\u00bb tablet_bg_img_hidden=\u00bbno\u00bb woodmart_parallax=\u00bb0&#8243; woodmart_box_shadow=\u00bbno\u00bb responsive_spacing=\u00bbeyJwYXJhbV90eXBlIjoid29vZG1hcnRfcmVzcG9uc2l2ZV9zcGFjaW5nIiwic2VsZWN0b3JfaWQiOiI2NDc3ZWVjMWFiYjYzIiwic2hvcnRjb2RlIjoidmNfY29sdW1uIiwiZGF0YSI6eyJ0YWJsZXQiOnt9LCJtb2JpbGUiOnt9fX0=\u00bb mobile_reset_margin=\u00bbno\u00bb tablet_reset_margin=\u00bbno\u00bb wd_z_index=\u00bbno\u00bb offset=\u00bbvc_col-md-4&#8243;][vc_custom_heading text=\u00bbTRATAMIENTO T\u00c9RMICO Y FORJA\u00bb font_container=\u00bbtag:h3|text_align:left|color:%23ee7623&#8243; use_theme_fonts=\u00bbyes\u00bb css=\u00bb.vc_custom_1681777672877{margin-bottom: 0px !important;}\u00bb][vc_custom_heading text=\u00bbBOBINA DE CALENTAMIENTO POR INDUCCI\u00d3N\u00bb font_container=\u00bbtag:h2|text_align:left|color:%231a1a1a\u00bb use_theme_fonts=\u00bbyes\u00bb][vc_column_text woodmart_inline=\u00bbno\u00bb text_larger=\u00bbno\u00bb]La abrasi\u00f3n severa y los ciclos t\u00e9rmicos no son rivales para las cer\u00e1micas refractarias especializadas de Allied para bobinas de inducci\u00f3n. Allied dispone de una amplia gama de productos que resisten estas duras condiciones.[\/vc_column_text]<div id=\"wd-642eff5a4f8b3\" class=\" wd-rs-642eff5a4f8b3  wd-button-wrapper text-left\"><a href=\"\/es\/?page_id=11278\" title=\"P\u00f3ngase en contacto con\" class=\"btn btn-scheme-light btn-scheme-hover-light btn-style-default btn-style-rectangle btn-size-default\">SOLICITAR PRESUPUESTO<\/a><\/div>[\/vc_column][\/vc_row][vc_row full_width=\u00bbstretch_row\u00bb equal_height=\u00bbyes\u00bb css=\u00bb.vc_custom_1685581530038{margin-bottom: -40px !important;padding-top: 100px !important;padding-bottom: 100px !important;}\u00bb woodmart_css_id=\u00bb6477eed22c8f7&#8243; responsive_spacing=\u00bbeyJwYXJhbV90eXBlIjoid29vZG1hcnRfcmVzcG9uc2l2ZV9zcGFjaW5nIiwic2VsZWN0b3JfaWQiOiI2NDc3ZWVkMjJjOGY3Iiwic2hvcnRjb2RlIjoidmNfcm93IiwiZGF0YSI6eyJ0YWJsZXQiOnt9LCJtb2JpbGUiOnsicGFkZGluZy10b3AiOiI1MCIsInBhZGRpbmctYm90dG9tIjoiNTAifX19&#8243; mobile_bg_img_hidden=\u00bbno\u00bb tablet_bg_img_hidden=\u00bbno\u00bb woodmart_parallax=\u00bb0&#8243; woodmart_gradient_switch=\u00bbyes\u00bb woodmart_box_shadow=\u00bbno\u00bb wd_z_index=\u00bbno\u00bb woodmart_disable_overflow=\u00bb0&#8243; row_reverse_mobile=\u00bb0&#8243; row_reverse_tablet=\u00bb0&#8243; woodmart_color_gradient=\u00bbrgb(0, 116, 115)-0\/rgb(0, 0, 0)-100\/|linear-gradient(top , rgb(0, 116, 115) , rgb(0, 0, 0) 100%)|linear|top\u00bb][vc_column width=\u00bb5\/6&#8243; woodmart_css_id=\u00bb6477eec981124&#8243; parallax_scroll=\u00bbno\u00bb woodmart_sticky_column=\u00bbfalse\u00bb wd_collapsible_content_switcher=\u00bbno\u00bb wd_column_role_offcanvas_desktop=\u00bbno\u00bb wd_column_role_offcanvas_tablet=\u00bbno\u00bb wd_column_role_offcanvas_mobile=\u00bbno\u00bb wd_column_role_content_desktop=\u00bbno\u00bb wd_column_role_content_tablet=\u00bbno\u00bb wd_column_role_content_mobile=\u00bbno\u00bb mobile_bg_img_hidden=\u00bbno\u00bb tablet_bg_img_hidden=\u00bbno\u00bb woodmart_parallax=\u00bb0&#8243; woodmart_box_shadow=\u00bbno\u00bb responsive_spacing=\u00bbeyJwYXJhbV90eXBlIjoid29vZG1hcnRfcmVzcG9uc2l2ZV9zcGFjaW5nIiwic2VsZWN0b3JfaWQiOiI2NDc3ZWVjOTgxMTI0Iiwic2hvcnRjb2RlIjoidmNfY29sdW1uIiwiZGF0YSI6eyJ0YWJsZXQiOnsicGFkZGluZy1yaWdodCI6IiAiLCJwYWRkaW5nLWxlZnQiOiIgIn0sIm1vYmlsZSI6eyJwYWRkaW5nLXJpZ2h0IjoiICIsInBhZGRpbmctbGVmdCI6IiAifX19&#8243; mobile_reset_margin=\u00bbno\u00bb tablet_reset_margin=\u00bbno\u00bb wd_z_index=\u00bbno\u00bb offset=\u00bbvc_col-md-offset-2 vc_col-md-8 vc_col-xs-offset-1 vc_col-xs-10&#8243; css=\u00bb.vc_custom_1685581520757{margin-bottom: 0px !important;padding-top: 0px !important;padding-right: 0px !important;padding-bottom: 0px !important;padding-left: 0px !important;background-color: #ffffff !important;}\u00bb][vc_raw_html css=\u00bb.vc_custom_1683129212367{margin-bottom: 0px !important;}\u00bb]PHRhYmxlIGNsYXNzPSJpbmR1c3RyaWVzLXRhYmxlIiB3aWR0aD0iMTAwJSI+Cjx0Ym9keT4KPHRyIGNsYXNzPSJob3Zlci10YWJsZS0xIj4KPHRkIGNsYXNzPSJ0YWJsZS1wcm9kdWN0Ij5DT0lMIENBU1QgRlM8L3RkPgo8dGQgY2xhc3M9InRkLTIiPlPDrWxpY2UtbXVsbGl0YSBmdW5kaWRhLCBkZSAyIG1tIHkgbcOhcyBmaW5hLCBob3JtaWdvbmFibGUgY29udmVuY2lvbmFsIGRlIGJham8gY29udGVuaWRvIGVuIGNlbWVudG8gcGFyYSBlbCBtb2xkZW8gZGUgYm9iaW5hcyBjb24gcG9jYSBzZXBhcmFjacOzbiBlbnRyZSBlc3BpcmFzPC90ZD4KPC90cj4KPHRyPgo8dGQgY2xhc3M9InRhYmxlLXByb2R1Y3QiPkNPSUwgQ0FTVCBGUyBGQVNUPC90ZD4KPHRkPlPDrWxpY2UtbXVsbGl0YSBmdW5kaWRhLCBkZSAyIG1tIHkgbcOhcyBmaW5hLCBob3JtaWdvbmFibGUgY29udmVuY2lvbmFsIGRlIGJham8gY29udGVuaWRvIGVuIGNlbWVudG8gcGFyYSBlbCBtb2xkZW8gZGUgYm9iaW5hcyBjb24gcG9jYSBzZXBhcmFjacOzbiBlbnRyZSBlc3BpcmFzPC90ZD4KPC90cj4KPHRyIGNsYXNzPSJob3Zlci10YWJsZS0xIj4KPHRkIGNsYXNzPSJ0YWJsZS1wcm9kdWN0Ij5DQVNUIDIxNyBGUzwvdGQ+Cjx0ZD4yIG1tLCBtb2xkZWFibGUgZW4gYm9iaW5hIGRlIHPDrWxpY2UgZnVuZGlkYSB5IG11bGxpdGE8L3RkPgo8L3RyPgo8dHI+Cjx0ZCBjbGFzcz0idGFibGUtcHJvZHVjdCI+RlVORElDScOTTiAyMTcgRlMgRklORTwvdGQ+Cjx0ZD5WZXJzacOzbiBkZSBncmFubyBmaW5vIGRlIENBU1QgMjE3IEZTPC90ZD4KPC90cj4KPHRyIGNsYXNzPSJob3Zlci10YWJsZS0xIj4KPHRkIGNsYXNzPSJ0YWJsZS1wcm9kdWN0Ij5DT0lMIENBU1QgTTwvdGQ+Cjx0ZD4yLDUgbW0sIG1vbGRlYWJsZSBlbiBib2JpbmEgYSBiYXNlIGRlIG11bGxpdGE8L3RkPgo8L3RyPgo8dHI+Cjx0ZCBjbGFzcz0idGFibGUtcHJvZHVjdCI+PHN1cD5RVUlDSy1DQVNUwq48L3N1cD4gNjI8L3RkPgo8dGQ+SG9ybWlnw7NuIHZpYnJhY2lvbmFsIHBvbGl2YWxlbnRlLCBkZSBhbHRhIHJlc2lzdGVuY2lhLCBjb24gdW4gNjYlIGRlIDxzdWI+QWwyTzM8L3N1Yj4geSBiYWpvIGNvbnRlbmlkbyBlbiBjZW1lbnRvLCBwYXJhIHRhYmxlcm9zIHRlcm1pbmFsZXMgeSBjb21wb25lbnRlcyBlc3RydWN0dXJhbGVzLjwvdGQ+CjwvdHI+Cjx0ciBjbGFzcz0iaG92ZXItdGFibGUtMSI+Cjx0ZCBjbGFzcz0idGFibGUtcHJvZHVjdCI+PHN1cD5UVUZGTE9PUjwvc3VwPjwvdGQ+Cjx0ZD5Ib3JtaWfDs24gY29udmVuY2lvbmFsIGRlIGFsdGEgcmVzaXN0ZW5jaWEsIHByb2R1Y2UgdW4gYWNhYmFkbyBzdXBlcmZpY2lhbCBsaXNvIHBhcmEgbGFzIHRhYmxhcyBmaW5hbGVzPC90ZD4KPC90cj4gICAgICAgICAgICAgICAgCjwvdGJvZHk+CjwvdGFibGU+[\/vc_raw_html][\/vc_column][\/vc_row]<\/p>\n<\/div>","protected":false},"excerpt":{"rendered":"<p>[vc_row full_width=\u00bbstretch_row\u00bb woodmart_bg_position=\u00bbcenter-bottom\u00bb css=\u00bb.vc_custom_1680617386280{margin-top: -40px !important;padding-top: 10px !important;padding-bottom: 18px !important;background-image: url(https:\/\/alliedmineral.com\/wp-content\/uploads\/2023\/03\/Allied-Minerals-title-1.jpg?id=84) !important;background-position: center !important;background-repeat: no-repeat !important;background-size: cover !important;}\u00bb woodmart_css_id=\u00bb642c2fa3441a4&#8243; responsive_spacing=\u00bbeyJwYXJhbV90eXBlIjoid29vZG1hcnRfcmVzcG9uc2l2ZV9zcGFjaW5nIiwic2VsZWN0b3JfaWQiOiI2NDJjMmZhMzQ0MWE0Iiwic2hvcnRjb2RlIjoidmNfcm93IiwiZGF0YSI6eyJ0YWJsZXQiOnt9LCJtb2JpbGUiOnt9fX0=\u00bb<\/p>\n","protected":false},"author":3,"featured_media":0,"parent":11320,"menu_order":0,"comment_status":"closed","ping_status":"closed","template":"","meta":{"content-type":"","footnotes":""},"class_list":["post-11318","page","type-page","status-publish","hentry"],"yoast_head":"<!-- This site is optimized with the Yoast SEO plugin v25.7 - https:\/\/yoast.com\/wordpress\/plugins\/seo\/ -->\n<title>Lechadas, hormigones y otros refractarios para hornos de calentamiento por inducci\u00f3n<\/title>\n<meta name=\"description\" content=\"Gran variedad de refractarios monol\u00edticos disponibles para hornos de calentamiento por inducci\u00f3n\" \/>\n<meta name=\"robots\" content=\"index, follow, max-snippet:-1, max-image-preview:large, max-video-preview:-1\" \/>\n<link rel=\"canonical\" href=\"https:\/\/alliedmineral.com\/es\/industrias\/tratamiento-termico-y-forja\/bobina-de-calentamiento-por-induccion\/\" \/>\n<meta property=\"og:locale\" content=\"es_ES\" \/>\n<meta property=\"og:type\" content=\"article\" \/>\n<meta property=\"og:title\" content=\"Lechadas, hormigones y otros refractarios para hornos de calentamiento por inducci\u00f3n\" \/>\n<meta property=\"og:description\" content=\"Gran variedad de refractarios monol\u00edticos disponibles para hornos de calentamiento por inducci\u00f3n\" \/>\n<meta property=\"og:url\" content=\"https:\/\/alliedmineral.com\/es\/industrias\/tratamiento-termico-y-forja\/bobina-de-calentamiento-por-induccion\/\" \/>\n<meta property=\"og:site_name\" content=\"Allied Mineral Products\" \/>\n<meta property=\"article:modified_time\" content=\"2025-03-06T14:41:48+00:00\" \/>\n<meta name=\"twitter:card\" content=\"summary_large_image\" \/>\n<meta name=\"twitter:label1\" content=\"Tiempo de lectura\" \/>\n\t<meta name=\"twitter:data1\" content=\"2 minutos\" \/>\n<script type=\"application\/ld+json\" class=\"yoast-schema-graph\">{\"@context\":\"https:\/\/schema.org\",\"@graph\":[{\"@type\":\"WebPage\",\"@id\":\"https:\/\/alliedmineral.com\/es\/industrias\/tratamiento-termico-y-forja\/bobina-de-calentamiento-por-induccion\/\",\"url\":\"https:\/\/alliedmineral.com\/es\/industrias\/tratamiento-termico-y-forja\/bobina-de-calentamiento-por-induccion\/\",\"name\":\"Lechadas, hormigones y otros refractarios para hornos de calentamiento por inducci\u00f3n\",\"isPartOf\":{\"@id\":\"https:\/\/alliedmineral.com\/es\/#website\"},\"datePublished\":\"2023-04-18T00:27:31+00:00\",\"dateModified\":\"2025-03-06T14:41:48+00:00\",\"description\":\"Gran variedad de refractarios monol\u00edticos disponibles para hornos de calentamiento por inducci\u00f3n\",\"breadcrumb\":{\"@id\":\"https:\/\/alliedmineral.com\/es\/industrias\/tratamiento-termico-y-forja\/bobina-de-calentamiento-por-induccion\/#breadcrumb\"},\"inLanguage\":\"es\",\"potentialAction\":[{\"@type\":\"ReadAction\",\"target\":[\"https:\/\/alliedmineral.com\/es\/industrias\/tratamiento-termico-y-forja\/bobina-de-calentamiento-por-induccion\/\"]}]},{\"@type\":\"BreadcrumbList\",\"@id\":\"https:\/\/alliedmineral.com\/es\/industrias\/tratamiento-termico-y-forja\/bobina-de-calentamiento-por-induccion\/#breadcrumb\",\"itemListElement\":[{\"@type\":\"ListItem\",\"position\":1,\"name\":\"Home\",\"item\":\"https:\/\/alliedmineral.com\/es\/\"},{\"@type\":\"ListItem\",\"position\":2,\"name\":\"Industrias\",\"item\":\"https:\/\/alliedmineral.com\/es\/industrias\/\"},{\"@type\":\"ListItem\",\"position\":3,\"name\":\"Tratamiento t\u00e9rmico y forja\",\"item\":\"https:\/\/alliedmineral.com\/es\/industrias\/tratamiento-termico-y-forja\/\"},{\"@type\":\"ListItem\",\"position\":4,\"name\":\"Bobina de calentamiento por inducci\u00f3n\"}]},{\"@type\":\"WebSite\",\"@id\":\"https:\/\/alliedmineral.com\/es\/#website\",\"url\":\"https:\/\/alliedmineral.com\/es\/\",\"name\":\"Allied Mineral Products\",\"description\":\"\",\"potentialAction\":[{\"@type\":\"SearchAction\",\"target\":{\"@type\":\"EntryPoint\",\"urlTemplate\":\"https:\/\/alliedmineral.com\/es\/?s={search_term_string}\"},\"query-input\":{\"@type\":\"PropertyValueSpecification\",\"valueRequired\":true,\"valueName\":\"search_term_string\"}}],\"inLanguage\":\"es\"}]}<\/script>\n<!-- \/ Yoast SEO plugin. -->","yoast_head_json":{"title":"Lechadas, hormigones y otros refractarios para hornos de calentamiento por inducci\u00f3n","description":"Gran variedad de refractarios monol\u00edticos disponibles para hornos de calentamiento por inducci\u00f3n","robots":{"index":"index","follow":"follow","max-snippet":"max-snippet:-1","max-image-preview":"max-image-preview:large","max-video-preview":"max-video-preview:-1"},"canonical":"https:\/\/alliedmineral.com\/es\/industrias\/tratamiento-termico-y-forja\/bobina-de-calentamiento-por-induccion\/","og_locale":"es_ES","og_type":"article","og_title":"Lechadas, hormigones y otros refractarios para hornos de calentamiento por inducci\u00f3n","og_description":"Gran variedad de refractarios monol\u00edticos disponibles para hornos de calentamiento por inducci\u00f3n","og_url":"https:\/\/alliedmineral.com\/es\/industrias\/tratamiento-termico-y-forja\/bobina-de-calentamiento-por-induccion\/","og_site_name":"Allied Mineral Products","article_modified_time":"2025-03-06T14:41:48+00:00","twitter_card":"summary_large_image","twitter_misc":{"Tiempo de lectura":"2 minutos"},"schema":{"@context":"https:\/\/schema.org","@graph":[{"@type":"WebPage","@id":"https:\/\/alliedmineral.com\/es\/industrias\/tratamiento-termico-y-forja\/bobina-de-calentamiento-por-induccion\/","url":"https:\/\/alliedmineral.com\/es\/industrias\/tratamiento-termico-y-forja\/bobina-de-calentamiento-por-induccion\/","name":"Lechadas, hormigones y otros refractarios para hornos de calentamiento por inducci\u00f3n","isPartOf":{"@id":"https:\/\/alliedmineral.com\/es\/#website"},"datePublished":"2023-04-18T00:27:31+00:00","dateModified":"2025-03-06T14:41:48+00:00","description":"Gran variedad de refractarios monol\u00edticos disponibles para hornos de calentamiento por inducci\u00f3n","breadcrumb":{"@id":"https:\/\/alliedmineral.com\/es\/industrias\/tratamiento-termico-y-forja\/bobina-de-calentamiento-por-induccion\/#breadcrumb"},"inLanguage":"es","potentialAction":[{"@type":"ReadAction","target":["https:\/\/alliedmineral.com\/es\/industrias\/tratamiento-termico-y-forja\/bobina-de-calentamiento-por-induccion\/"]}]},{"@type":"BreadcrumbList","@id":"https:\/\/alliedmineral.com\/es\/industrias\/tratamiento-termico-y-forja\/bobina-de-calentamiento-por-induccion\/#breadcrumb","itemListElement":[{"@type":"ListItem","position":1,"name":"Home","item":"https:\/\/alliedmineral.com\/es\/"},{"@type":"ListItem","position":2,"name":"Industrias","item":"https:\/\/alliedmineral.com\/es\/industrias\/"},{"@type":"ListItem","position":3,"name":"Tratamiento t\u00e9rmico y forja","item":"https:\/\/alliedmineral.com\/es\/industrias\/tratamiento-termico-y-forja\/"},{"@type":"ListItem","position":4,"name":"Bobina de calentamiento por inducci\u00f3n"}]},{"@type":"WebSite","@id":"https:\/\/alliedmineral.com\/es\/#website","url":"https:\/\/alliedmineral.com\/es\/","name":"Allied Mineral Products","description":"","potentialAction":[{"@type":"SearchAction","target":{"@type":"EntryPoint","urlTemplate":"https:\/\/alliedmineral.com\/es\/?s={search_term_string}"},"query-input":{"@type":"PropertyValueSpecification","valueRequired":true,"valueName":"search_term_string"}}],"inLanguage":"es"}]}},"_links":{"self":[{"href":"https:\/\/alliedmineral.com\/es\/wp-json\/wp\/v2\/pages\/11318","targetHints":{"allow":["GET"]}}],"collection":[{"href":"https:\/\/alliedmineral.com\/es\/wp-json\/wp\/v2\/pages"}],"about":[{"href":"https:\/\/alliedmineral.com\/es\/wp-json\/wp\/v2\/types\/page"}],"author":[{"embeddable":true,"href":"https:\/\/alliedmineral.com\/es\/wp-json\/wp\/v2\/users\/3"}],"replies":[{"embeddable":true,"href":"https:\/\/alliedmineral.com\/es\/wp-json\/wp\/v2\/comments?post=11318"}],"version-history":[{"count":0,"href":"https:\/\/alliedmineral.com\/es\/wp-json\/wp\/v2\/pages\/11318\/revisions"}],"up":[{"embeddable":true,"href":"https:\/\/alliedmineral.com\/es\/wp-json\/wp\/v2\/pages\/11320"}],"wp:attachment":[{"href":"https:\/\/alliedmineral.com\/es\/wp-json\/wp\/v2\/media?parent=11318"}],"curies":[{"name":"wp","href":"https:\/\/api.w.org\/{rel}","templated":true}]}}