{"id":11317,"date":"2023-04-19T17:48:11","date_gmt":"2023-04-19T22:48:11","guid":{"rendered":"https:\/\/alliedmineral.com\/productos\/piqueras-de-arcilla\/alto-horno\/"},"modified":"2025-03-06T09:43:41","modified_gmt":"2025-03-06T14:43:41","slug":"alto-horno","status":"publish","type":"page","link":"https:\/\/alliedmineral.com\/es\/productos\/piqueras-de-arcilla\/alto-horno\/","title":{"rendered":"Alto horno"},"content":{"rendered":"<div class=\"wpb-content-wrapper\"><p>[vc_row full_width=\u00bbstretch_row\u00bb woodmart_bg_position=\u00bbcenter-bottom\u00bb css=\u00bb.vc_custom_1680617386280{margin-top: -40px !important;padding-top: 10px !important;padding-bottom: 18px !important;background-image: url(https:\/\/alliedmineral.com\/wp-content\/uploads\/2023\/03\/Allied-Minerals-title-1.jpg?id=84) !important;background-position: center !important;background-repeat: no-repeat !important;background-size: cover !important;}\u00bb woodmart_css_id=\u00bb642c2fa3441a4&#8243; responsive_spacing=\u00bbeyJwYXJhbV90eXBlIjoid29vZG1hcnRfcmVzcG9uc2l2ZV9zcGFjaW5nIiwic2VsZWN0b3JfaWQiOiI2NDJjMmZhMzQ0MWE0Iiwic2hvcnRjb2RlIjoidmNfcm93IiwiZGF0YSI6eyJ0YWJsZXQiOnt9LCJtb2JpbGUiOnt9fX0=\u00bb mobile_bg_img_hidden=\u00bbno\u00bb tablet_bg_img_hidden=\u00bbno\u00bb woodmart_parallax=\u00bb0&#8243; woodmart_gradient_switch=\u00bbno\u00bb woodmart_box_shadow=\u00bbno\u00bb wd_z_index=\u00bbno\u00bb woodmart_disable_overflow=\u00bb0&#8243; row_reverse_mobile=\u00bb0&#8243; row_reverse_tablet=\u00bb0&#8243;][vc_column css_animation=\u00bbfadeInUp\u00bb woodmart_css_id=\u00bb642ec806cdccc\u00bb parallax_scroll=\u00bbno\u00bb woodmart_sticky_column=\u00bbfalse\u00bb wd_collapsible_content_switcher=\u00bbno\u00bb wd_column_role_offcanvas_desktop=\u00bbno\u00bb wd_column_role_offcanvas_tablet=\u00bbno\u00bb wd_column_role_offcanvas_mobile=\u00bbno\u00bb wd_column_role_content_desktop=\u00bbno\u00bb wd_column_role_content_tablet=\u00bbno\u00bb wd_column_role_content_mobile=\u00bbno\u00bb mobile_bg_img_hidden=\u00bbno\u00bb tablet_bg_img_hidden=\u00bbno\u00bb woodmart_parallax=\u00bb0&#8243; woodmart_box_shadow=\u00bbno\u00bb responsive_spacing=\u00bbeyJwYXJhbV90eXBlIjoid29vZG1hcnRfcmVzcG9uc2l2ZV9zcGFjaW5nIiwic2VsZWN0b3JfaWQiOiI2NDJlYzgwNmNkY2NjIiwic2hvcnRjb2RlIjoidmNfY29sdW1uIiwiZGF0YSI6eyJ0YWJsZXQiOnt9LCJtb2JpbGUiOnt9fX0=\u00bb mobile_reset_margin=\u00bbno\u00bb tablet_reset_margin=\u00bbno\u00bb wd_z_index=\u00bbno\u00bb][vc_custom_heading text=\u00bbPiquera de colada para alto horno\u00bb font_container=\u00bbtag:h1|font_size:40|text_align:left|color:%23ffffff|line_height:1&#8243; use_theme_fonts=\u00bbyes\u00bb el_class=\u00bbpage-title\u00bb css=\u00bb.vc_custom_1681944197932{border-bottom-width: 4px !important;padding-bottom: 20px !important;border-bottom-color: #ee7623 !important;border-bottom-style: solid !important;}\u00bb][\/vc_column][\/vc_row][vc_row equal_height=\u00bbyes\u00bb content_placement=\u00bbmiddle\u00bb css=\u00bb.vc_custom_1680787333160{padding-top: 20px !important;padding-bottom: 100px !important;}\u00bb woodmart_css_id=\u00bb642ec7818c671&#8243; responsive_spacing=\u00bbeyJwYXJhbV90eXBlIjoid29vZG1hcnRfcmVzcG9uc2l2ZV9zcGFjaW5nIiwic2VsZWN0b3JfaWQiOiI2NDJlYzc4MThjNjcxIiwic2hvcnRjb2RlIjoidmNfcm93IiwiZGF0YSI6eyJ0YWJsZXQiOnt9LCJtb2JpbGUiOnt9fX0=\u00bb mobile_bg_img_hidden=\u00bbno\u00bb tablet_bg_img_hidden=\u00bbno\u00bb woodmart_parallax=\u00bb0&#8243; woodmart_gradient_switch=\u00bbno\u00bb woodmart_box_shadow=\u00bbno\u00bb wd_z_index=\u00bbno\u00bb woodmart_disable_overflow=\u00bb0&#8243; row_reverse_mobile=\u00bb0&#8243; row_reverse_tablet=\u00bb0&#8243;][vc_column css_animation=\u00bbfadeIn\u00bb offset=\u00bbvc_col-md-6&#8243; woodmart_css_id=\u00bb64245f202e99c\u00bb parallax_scroll=\u00bbno\u00bb woodmart_sticky_column=\u00bbfalse\u00bb wd_collapsible_content_switcher=\u00bbno\u00bb wd_column_role_offcanvas_desktop=\u00bbno\u00bb wd_column_role_offcanvas_tablet=\u00bbno\u00bb wd_column_role_offcanvas_mobile=\u00bbno\u00bb wd_column_role_content_desktop=\u00bbno\u00bb wd_column_role_content_tablet=\u00bbno\u00bb wd_column_role_content_mobile=\u00bbno\u00bb mobile_bg_img_hidden=\u00bbno\u00bb tablet_bg_img_hidden=\u00bbno\u00bb woodmart_parallax=\u00bb0&#8243; woodmart_box_shadow=\u00bbno\u00bb responsive_spacing=\u00bbeyJwYXJhbV90eXBlIjoid29vZG1hcnRfcmVzcG9uc2l2ZV9zcGFjaW5nIiwic2VsZWN0b3JfaWQiOiI2NDI0NWYyMDJlOTljIiwic2hvcnRjb2RlIjoidmNfY29sdW1uIiwiZGF0YSI6eyJ0YWJsZXQiOnt9LCJtb2JpbGUiOnt9fX0=\u00bb mobile_reset_margin=\u00bbno\u00bb tablet_reset_margin=\u00bbno\u00bb wd_z_index=\u00bbno\u00bb][vc_single_image image=\u00bb6979&#8243; img_size=\u00bbfull\u00bb alignment=\u00bbcenter\u00bb parallax_scroll=\u00bbno\u00bb woodmart_inline=\u00bbno\u00bb][\/vc_column][vc_column css_animation=\u00bbfadeIn\u00bb offset=\u00bbvc_col-md-6&#8243; woodmart_css_id=\u00bb64769a4c6c859&#8243; parallax_scroll=\u00bbno\u00bb woodmart_sticky_column=\u00bbfalse\u00bb wd_collapsible_content_switcher=\u00bbno\u00bb wd_column_role_offcanvas_desktop=\u00bbno\u00bb wd_column_role_offcanvas_tablet=\u00bbno\u00bb wd_column_role_offcanvas_mobile=\u00bbno\u00bb wd_column_role_content_desktop=\u00bbno\u00bb wd_column_role_content_tablet=\u00bbno\u00bb wd_column_role_content_mobile=\u00bbno\u00bb mobile_bg_img_hidden=\u00bbno\u00bb tablet_bg_img_hidden=\u00bbno\u00bb woodmart_parallax=\u00bb0&#8243; woodmart_box_shadow=\u00bbno\u00bb responsive_spacing=\u00bbeyJwYXJhbV90eXBlIjoid29vZG1hcnRfcmVzcG9uc2l2ZV9zcGFjaW5nIiwic2VsZWN0b3JfaWQiOiI2NDc2OWE0YzZjODU5Iiwic2hvcnRjb2RlIjoidmNfY29sdW1uIiwiZGF0YSI6eyJ0YWJsZXQiOnsicGFkZGluZy1sZWZ0IjoiMTUifSwibW9iaWxlIjp7fX19&#8243; mobile_reset_margin=\u00bbno\u00bb tablet_reset_margin=\u00bbno\u00bb wd_z_index=\u00bbno\u00bb css=\u00bb.vc_custom_1685494355292{padding-left: 10% !important;}\u00bb][vc_column_text woodmart_inline=\u00bbno\u00bb text_larger=\u00bbno\u00bb]<\/p>\n<h2>Piquera de colada para alto horno<\/h2>\n<p>Allied suministra una amplia variedad de arcillas de piqueras para altos hornos. Estos productos pueden utilizarse en hornos de alta producci\u00f3n y de tama\u00f1o medio. Allied tambi\u00e9n produce arcilla de restauraci\u00f3n para rellenar grietas y prolongar la vida \u00fatil de las columnas de arcilla de piqueras.[\/vc_column_text]<div id=\"wd-6425af2fe90f4\" class=\" wd-rs-6425af2fe90f4  wd-button-wrapper text-center inline-element\"><a href=\"\/es\/?page_id=11278\" title=\"P\u00f3ngase en contacto con\" class=\"btn btn-scheme-light btn-scheme-hover-light btn-style-default btn-style-rectangle btn-size-large\">SOLICITAR PRESUPUESTO<\/a><\/div><div id=\"wd-64406edc22945\" class=\" wd-rs-64406edc22945  wd-button-wrapper text-center inline-element\"><a href=\"\/wp-content\/uploads\/2023\/04\/Product-tables_Taphole-clays_taphole-clays.pdf\" title=\"P\u00f3ngase en contacto con\" target=\"_blank\" class=\"btn btn-color-alt btn-style-default btn-style-rectangle btn-size-large\">DESCARGAR PDF<\/a><\/div>[\/vc_column][\/vc_row][vc_row full_width=\u00bbstretch_row\u00bb equal_height=\u00bbyes\u00bb css=\u00bb.vc_custom_1685494366405{margin-bottom: -40px !important;padding-top: 100px !important;padding-bottom: 100px !important;}\u00bb woodmart_css_id=\u00bb64769a554a541&#8243; responsive_spacing=\u00bbeyJwYXJhbV90eXBlIjoid29vZG1hcnRfcmVzcG9uc2l2ZV9zcGFjaW5nIiwic2VsZWN0b3JfaWQiOiI2NDc2OWE1NTRhNTQxIiwic2hvcnRjb2RlIjoidmNfcm93IiwiZGF0YSI6eyJ0YWJsZXQiOnsicGFkZGluZy1yaWdodCI6IjM1IiwicGFkZGluZy1sZWZ0IjoiMzUifSwibW9iaWxlIjp7InBhZGRpbmctdG9wIjoiNTAiLCJwYWRkaW5nLWJvdHRvbSI6IjUwIn19fQ==\u00bb mobile_bg_img_hidden=\u00bbno\u00bb tablet_bg_img_hidden=\u00bbno\u00bb woodmart_parallax=\u00bb0&#8243; woodmart_gradient_switch=\u00bbyes\u00bb woodmart_box_shadow=\u00bbno\u00bb wd_z_index=\u00bbno\u00bb woodmart_disable_overflow=\u00bb0&#8243; row_reverse_mobile=\u00bb0&#8243; row_reverse_tablet=\u00bb0&#8243; woodmart_color_gradient=\u00bbrgb(221, 117, 39)-0\/rgb(0, 0, 0)-100\/|linear-gradient(top , rgb(221, 117, 39) , rgb(0, 0, 0) 100%)|linear|top\u00bb][vc_column css=\u00bb.vc_custom_1680106105116{margin-bottom: 0px !important;padding-bottom: 25px !important;background-color: #92412b !important;}\u00bb woodmart_css_id=\u00bb642462726b593&#8243; parallax_scroll=\u00bbno\u00bb woodmart_sticky_column=\u00bbfalse\u00bb wd_collapsible_content_switcher=\u00bbno\u00bb wd_column_role_offcanvas_desktop=\u00bbno\u00bb wd_column_role_offcanvas_tablet=\u00bbno\u00bb wd_column_role_offcanvas_mobile=\u00bbno\u00bb wd_column_role_content_desktop=\u00bbno\u00bb wd_column_role_content_tablet=\u00bbno\u00bb wd_column_role_content_mobile=\u00bbno\u00bb mobile_bg_img_hidden=\u00bbno\u00bb tablet_bg_img_hidden=\u00bbno\u00bb woodmart_parallax=\u00bb0&#8243; woodmart_box_shadow=\u00bbno\u00bb responsive_spacing=\u00bbeyJwYXJhbV90eXBlIjoid29vZG1hcnRfcmVzcG9uc2l2ZV9zcGFjaW5nIiwic2VsZWN0b3JfaWQiOiI2NDI0NjI3MjZiNTkzIiwic2hvcnRjb2RlIjoidmNfY29sdW1uIiwiZGF0YSI6eyJ0YWJsZXQiOnt9LCJtb2JpbGUiOnt9fX0=\u00bb mobile_reset_margin=\u00bbno\u00bb tablet_reset_margin=\u00bbno\u00bb wd_z_index=\u00bbno\u00bb][vc_custom_heading text=\u00bbDETALLES DEL MATERIAL\u00bb font_container=\u00bbtag:h2|text_align:center|color:%23ffffff|line_height:1&#8243; use_theme_fonts=\u00bbyes\u00bb css=\u00bb.vc_custom_1680105781030{margin-bottom: 5px !important;}\u00bb][\/vc_column][vc_column css=\u00bb.vc_custom_1680106740193{margin-top: 0px !important;padding-top: 50px !important;padding-right: 120px !important;padding-bottom: 50px !important;padding-left: 120px !important;background-color: #ffffff !important;}\u00bb woodmart_css_id=\u00bb642464e8dbd6f\u00bb parallax_scroll=\u00bbno\u00bb woodmart_sticky_column=\u00bbfalse\u00bb wd_collapsible_content_switcher=\u00bbno\u00bb wd_column_role_offcanvas_desktop=\u00bbno\u00bb wd_column_role_offcanvas_tablet=\u00bbno\u00bb wd_column_role_offcanvas_mobile=\u00bbno\u00bb wd_column_role_content_desktop=\u00bbno\u00bb wd_column_role_content_tablet=\u00bbno\u00bb wd_column_role_content_mobile=\u00bbno\u00bb mobile_bg_img_hidden=\u00bbno\u00bb tablet_bg_img_hidden=\u00bbno\u00bb woodmart_parallax=\u00bb0&#8243; woodmart_box_shadow=\u00bbno\u00bb responsive_spacing=\u00bbeyJwYXJhbV90eXBlIjoid29vZG1hcnRfcmVzcG9uc2l2ZV9zcGFjaW5nIiwic2VsZWN0b3JfaWQiOiI2NDI0NjRlOGRiZDZmIiwic2hvcnRjb2RlIjoidmNfY29sdW1uIiwiZGF0YSI6eyJ0YWJsZXQiOnsicGFkZGluZy1yaWdodCI6IjIxIiwicGFkZGluZy1sZWZ0IjoiMjEifSwibW9iaWxlIjp7InBhZGRpbmctcmlnaHQiOiIyMSIsInBhZGRpbmctbGVmdCI6IjIxIn19fQ==\u00bb mobile_reset_margin=\u00bbno\u00bb tablet_reset_margin=\u00bbno\u00bb wd_z_index=\u00bbno\u00bb][vc_tta_accordion style=\u00bbmodern\u00bb shape=\u00bbsquare\u00bb color=\u00bbwhite\u00bb active_section=\u00bb-1&#8243; no_fill=\u00bbtrue\u00bb collapsible_all=\u00bbtrue\u00bb el_id=\u00bbproduct-category-pg\u00bb][vc_tta_section title=\u00bbARCILLA DE PIQUERAS PARA ALTO HORNO\u00bb tab_id=\u00bbblast-furnace\u00bb][vc_raw_html css=\u00bb.vc_custom_1681944480635{border-top-width: 1px !important;border-top-color: #ee7623 !important;border-top-style: solid !important;}\u00bb]PGRpdiBjbGFzcz0icHJvZHVjdC10YWJsZS1pbmZvIj4KCTx0YWJsZSBjbGFzcz0icHJvZHVjdC10YWJsZXMiPgoJCTx0aGVhZD4KCQkJPHRyPgoJCQkJPHRoPlByb2R1Y3RvPC90aD4KCQkJCTx0aD5EZXNjcmlwY2nDs248L3RoPgoJCQk8L3RyPgoJCTwvdGhlYWQ+CgkJPHRib2R5PgogICAgPHRyPgogICAgICAgIDx0ZD5SU1IgMTAxPC90ZD4KICAgICAgICA8dGQ+VW5hIGFyY2lsbGEgcGFyYSBwaXF1ZXJhcyBkZSBhbHRvIGhvcm5vIGFuaGlkcm8gZGlzZcOxYWRhIHBhcmEgc3UgdXNvIGNvbiB1bmEgcHLDoWN0aWNhIGRlIHBlcmZvcmFjacOzbiBjb252ZW5jaW9uYWwgZW4gaG9ybm9zIGRlIHRhbWHDsW8gbWVkaW8gcXVlIHByb2R1Y2VuIGVudHJlIDQwMDAgeSA2MDAwIHRvbmVsYWRhcyBkZSBtZXRhbCBjYWxpZW50ZSBhbCBkw61hLjwvdGQ+CiAgICA8L3RyPgogICAgPHRyPgogICAgICAgIDx0ZD5SU1IgMTE3MCBSPC90ZD4KICAgICAgICA8dGQ+Rm9ybXVsYWRvIGNvbiB1bmEganVpY2lvc2EgbWV6Y2xhIGRlIGFsdW1pbm9zaWxpY2F0b3MgeSBjYXJib25lcyBzZWxlY3RvcyBwYXJhIGZvcnRpZmljYXIgbGEgbWF0cml6LiBFc3RvIHByb3BvcmNpb25hIHVuIG1hdGVyaWFsIHJlbnRhYmxlIHF1ZSByZWR1Y2UgbGFzIGVtaXNpb25lcyB5LCBwb3IgdGFudG8sIGxhcyBjaXRhcyBtZWRpb2FtYmllbnRhbGVzIHBhcmEgdW5hIHViaWNhY2nDs24gZGUgbGEgcGxhbnRhIGVuIGxhIGNpdWRhZC48L3RkPgogICAgPC90cj4KICAgIDx0cj4KICAgICAgICA8dGQ+UlNSIDExNzBSLTI8L3RkPgogICAgICAgIDx0ZD5EaXNlw7FhZG8gcGFyYSBzdSB1c28gZW4gYWx0b3MgaG9ybm9zIHF1ZSBwcm9kdWNlbiBlbnRyZSA0MDAwIHkgNjAwMCB0b25lbGFkYXMgZGUgbWV0YWwgY2FsaWVudGUgYWwgZMOtYS4gU2UgZGVzYXJyb2xsw7MgY29uIHVuYSBtZW50YWxpZGFkIG1lZGlvYW1iaWVudGFsIHkgcHVlZGUgdXRpbGl6YXJzZSBjdWFuZG8gc2UgZGVzZWFuIHRpZW1wb3MgZGUgc2VwYXJhY2nDs24gZGUgMjAgYSAyNSBtaW51dG9zLjwvdGQ+CiAgICA8L3RyPgogICAgPHRyPgogICAgICAgIDx0ZD5SU1IgMTE3MFItVzwvdGQ+CiAgICAgICAgPHRkPlVuYSBhcmNpbGxhIGRlIHBpcXVlcmEgYW5oaWRyYSBxdWUgc2UgdXRpbGl6YSBkZXNkZSBoYWNlIG3DoXMgZGUgZGlleiBhw7FvcyBlbiBhbHRvcyBob3Jub3MgcXVlIHByb2R1Y2VuIGVudHJlIDQwMDAgeSA2MDAwIHRvbmVsYWRhcyBkZSBtZXRhbCBjYWxpZW50ZSBhbCBkw61hLiBFc3TDoSBkaXNlw7FhZG8gcGFyYSB0aWVtcG9zIGRlIHNlcGFyYWNpw7NuIGNvcnRvcyAoZGUgMjUgYSAzMCBtaW51dG9zKSB5IGVzIHVuIG1hdGVyaWFsIGV4dHJlbWFkYW1lbnRlIGZpYWJsZSB5IGbDoWNpbCBkZSB1c2FyLjwvdGQ+CiAgICA8L3RyPgogICAgPHRyPgogICAgICAgIDx0ZD5SU1IgMTE3MCBSLUFNPC90ZD4KICAgICAgICA8dGQ+VW5hIGFyY2lsbGEgZGUgcGlxdWVyYSBhbmhpZHJhIHF1ZSBzZSB1dGlsaXphIGRlc2RlIGhhY2UgbcOhcyBkZSBkaWV6IGHDsW9zIGVuIGFsdG9zIGhvcm5vcyBxdWUgcHJvZHVjZW4gZW50cmUgNDAwMCB5IDYwMDAgdG9uZWxhZGFzIGRlIG1ldGFsIGNhbGllbnRlIGFsIGTDrWEuIEVzdMOhIGRpc2XDsWFkbyBwYXJhIHRpZW1wb3MgZGUgc2VwYXJhY2nDs24gY29ydG9zICgyNSAtIDMwIG1pbnV0b3MpIHkgZXMgdW4gbWF0ZXJpYWwgZXh0cmVtYWRhbWVudGUgZmlhYmxlIHkgZsOhY2lsIGRlIHVzYXIuPC90ZD4KICAgIDwvdHI+CiAgICA8dHI+CiAgICAgICAgPHRkPlJTUiAxMTcwUiBNb2RpZmljYWRvIFg8L3RkPgogICAgICAgIDx0ZD5Gb3JtdWxhZG8gY29uIHVuYSBqdWljaW9zYSBtZXpjbGEgZGUgYWx1bWlub3NpbGljYXRvcyB5IGNhcmJvbmVzIHNlbGVjdG9zIHBhcmEgZm9ydGlmaWNhciBlbCBtYS0gdHJpeC4gRXN0byBwcm9wb3JjaW9uYSB1biBtYXRlcmlhbCByZW50YWJsZSBxdWUgcmVkdWNlIGxhcyBlbWlzaW9uZXMgeSwgcG9yIHRhbnRvLCBsYXMgY2l0YXMgbWVkaW9hbWJpZW50YWxlcyBwYXJhIHVuYSB1YmljYWNpw7NuIGRlIGxhIHBsYW50YSBlbiBsYSBjaXVkYWQuPC90ZD4KICAgIDwvdHI+CiAgICA8dHI+CiAgICAgICAgPHRkPlJTUiAxMTc1PC90ZD4KICAgICAgICA8dGQ+T3B0aW1pemFkbyBwYXJhIGFsdG9zIGhvcm5vcyBkZSBkb3MgYm9jYXMgcXVlIHByb2R1Y2VuIGhhc3RhIDUwMDAgdG9uZWxhZGFzIGRlIG1ldGFsIGNhbGllbnRlIGFsIGTDrWEuIENvbnRpZW5lIG11bGxpdGEsIGNhcmJ1cm8gZGUgc2lsaWNpbyB5IG1lemNsYXMgc2VsZWNjaW9uYWRhcyBkZSBhbMO6bWluYXMgZnVuZGlkYXMgeSBmdW5jaW9uYSBiaWVuIGNvbiBwaXN0b2xhcyBkZSBsb2RvIHkgdGFsYWRyb3MgYW50aWd1b3MuPC90ZD4KICAgIDwvdHI+CiAgICA8dHI+CiAgICAgICAgPHRkPlJTUiA5MDI8L3RkPgogICAgICAgIDx0ZD5VbmEgYXJjaWxsYSBkZSBwaXF1ZXJhIGFuaGlkcmEgZm9ybXVsYWRhIGVzcGVjw61maWNhbWVudGUgcGFyYSBlbXB1amFyIChleHRydWRpcikgY29uIGZhY2lsaWRhZCwgcGVyZm9yYXIgY29uIHBvY2EgcmVzaXN0ZW5jaWEgeSBjb2xhciBkZSBmb3JtYSBmaWFibGUgZW4gYWx0b3MgaG9ybm9zIGRlIGRvcyBwaXF1ZXJhcyBxdWUgcHJvZHVjZW4gaGFzdGEgODAwMCB0b25lbGFkYXMgZGUgbWV0YWwgY2FsaWVudGUgYWwgZMOtYS48L3RkPgogICAgPC90cj4KICAgIDx0cj4KICAgICAgICA8dGQ+UlNSIDkwOEE8L3RkPgogICAgICAgIDx0ZD5EaXNlw7FhZG8gcGFyYSBncmFuZGVzIGFsdG9zIGhvcm5vcyBkZSBhbHRhIHByZXNpw7NuIHkgYWx0YSBwcm9kdWNjacOzbiBxdWUgY29udGllbmVuIGFkaWNpb25lcyBwYXJhIG1lam9yYXIgbGEgcmVzaXN0ZW5jaWEgYSBsYSBlc2NvcmlhIHkgcHJvcG9yY2lvbmFyIHVuIHJlbmRpbWllbnRvIGRlIGNvbGFkYSBleGNlcGNpb25hbC48L3RkPgogICAgPC90cj4KICAgIDx0cj4KICAgICAgICA8dGQ+UlNSIDk2My0xNDwvdGQ+CiAgICAgICAgPHRkPkVzcGVjaWFsbWVudGUgZm9ybXVsYWRvIHBhcmEgYWx0b3MgaG9ybm9zIGRlIGFsdGEgcHJvZHVjY2nDs24uIEFyY2lsbGEgZGUgYWx0byBjb250ZW5pZG8gZW4gYWzDum1pbmEgZm9ydGlmaWNhZGEgZW4gbGEgbWF0cml6IGNvbiBhbMO6bWluYSBmdW5kaWRhIHkgY2FyYnVybyBkZSBzaWxpY2lvIGNvbWJpbmFkYSBjb24gdW4gcGFxdWV0ZSBkZSBtZXRhbGVzIHF1ZSBhdW1lbnRhIGxhIHJlc2lzdGVuY2lhIGdlbmVyYWwuPC90ZD4KICAgIDwvdHI+CiAgICA8dHI+CiAgICAgICAgPHRkPlJTUiA5NjMgVDwvdGQ+CiAgICAgICAgPHRkPkRpc2XDsWFkbyBwYXJhIHN1IHVzbyBlbiBsb3MgbWF5b3JlcyBhbHRvcyBob3Jub3MgcXVlIHByb2R1Y2VuIG3DoXMgZGUgMTAuMDAwIHRvbmVsYWRhcyBkZSBtZXRhbCBjYWxpZW50ZSBhbCBkw61hLiBMb3MgbWF0ZXJpYWxlcyBkZSBhbHRhIGNhbGlkYWQgZW4gZ3JhbmRlcyBjYW50aWRhZGVzIGhhY2VuIHF1ZSBlc3RhIGFyY2lsbGEgc2VhIGV4dHJlbWFkYW1lbnRlIGR1cmFkZXJhIHBhcmEgdW4gcmVuZGltaWVudG8gw7NwdGltbyBkZSBsYSBwaXF1ZXJhLjwvdGQ+CiAgICA8L3RyPgogICAgPHRyPgogICAgICAgIDx0ZD5BcmNpbGxhIGRlIHJlc3RhdXJhY2nDs248L3RkPgogICAgICAgIDx0ZD5JZGVhbCBwYXJhIHN1IHVzbyBlbiBhbHRvcyBob3Jub3MgeSBmb3JtdWxhZG8gZXNwZWPDrWZpY2FtZW50ZSBwYXJhIHJlbGxlbmFyIGdyaWV0YXMgeSBmaXN1cmFzIGVuIGxhIGNvbHVtbmEgZGUgYXJjaWxsYSBkZSBsYSBwaXF1ZXJhLiBMYXMgYWzDum1pbmFzIGRlIGdyYW5vIGZpbm8geSBmdW5kaWRhcyBqdW50byBjb24gdW5hIG1lemNsYSBlc3BlY2lhbCBkZSBjYXJidXJvcyB5IG5pdHJ1cm9zIGxhIGNvbnZpZXJ0ZW4gZW4gdW5hIHNvbHVjacOzbiBlZmljYXogcGFyYSBsYSByZXBhcmFjacOzbiBkZSBwaXF1ZXJhcy48L3RkPgogICAgPC90cj4KICAgIDx0cj4KICAgICAgICA8dGQ+UlNSIEdyaWZvIFZlcmRlPC90ZD4KICAgICAgICA8dGQ+VW5hIGzDrW5lYSBkZSBwcm9kdWN0b3MgZGUgYmFqYSB2b2xhdGlsaWRhZCBwYXJhIGRpdmVyc2FzIGNvbmRpY2lvbmVzIGRlIGhvcm5vIHF1ZSBmYWNpbGl0YW4gbGEgcGVyZm9yYWNpw7NuIHkgYW1wbMOtYW4gbGEgbG9uZ2l0dWQgZGUgbG9zIG9yaWZpY2lvcy48L3RkPgogICAgPC90cj4KCQk8L3Rib2R5PgoJPC90YWJsZT4KPC9kaXY+[\/vc_raw_html][\/vc_tta_section][\/vc_tta_accordion]<div id=\"wd-64406eeeba16c\" class=\" wd-rs-64406eeeba16c vc_custom_1681944310734 wd-button-wrapper text-center inline-element\"><a href=\"\/wp-content\/uploads\/2023\/04\/Product-tables_Taphole-clays_taphole-clays.pdf\" title=\"P\u00f3ngase en contacto con\" target=\"_blank\" class=\"btn btn-color-alt btn-style-default btn-style-rectangle btn-size-large\">DESCARGAR PDF<\/a><\/div>[\/vc_column][\/vc_row]<\/p>\n<\/div>","protected":false},"excerpt":{"rendered":"<p>[vc_row full_width=\u00bbstretch_row\u00bb woodmart_bg_position=\u00bbcenter-bottom\u00bb css=\u00bb.vc_custom_1680617386280{margin-top: -40px !important;padding-top: 10px !important;padding-bottom: 18px !important;background-image: url(https:\/\/alliedmineral.com\/wp-content\/uploads\/2023\/03\/Allied-Minerals-title-1.jpg?id=84) !important;background-position: center !important;background-repeat: no-repeat !important;background-size: cover !important;}\u00bb woodmart_css_id=\u00bb642c2fa3441a4&#8243; responsive_spacing=\u00bbeyJwYXJhbV90eXBlIjoid29vZG1hcnRfcmVzcG9uc2l2ZV9zcGFjaW5nIiwic2VsZWN0b3JfaWQiOiI2NDJjMmZhMzQ0MWE0Iiwic2hvcnRjb2RlIjoidmNfcm93IiwiZGF0YSI6eyJ0YWJsZXQiOnt9LCJtb2JpbGUiOnt9fX0=\u00bb<\/p>\n","protected":false},"author":3,"featured_media":0,"parent":11305,"menu_order":0,"comment_status":"closed","ping_status":"closed","template":"","meta":{"content-type":"","footnotes":""},"class_list":["post-11317","page","type-page","status-publish","hentry"],"yoast_head":"<!-- This site is optimized with the Yoast SEO plugin v25.7 - https:\/\/yoast.com\/wordpress\/plugins\/seo\/ -->\n<title>Arcilla de piqueras: Productos para aplicaciones en altos hornos.<\/title>\n<meta name=\"description\" content=\"Busque en nuestra l\u00ednea de arcillas de piqueras para altos hornos, que pueden utilizarse tanto en hornos de alta producci\u00f3n como en hornos de tama\u00f1o medio.\" \/>\n<meta name=\"robots\" content=\"index, follow, max-snippet:-1, max-image-preview:large, max-video-preview:-1\" \/>\n<link rel=\"canonical\" href=\"https:\/\/alliedmineral.com\/es\/productos\/piqueras-de-arcilla\/alto-horno\/\" \/>\n<meta property=\"og:locale\" content=\"es_ES\" \/>\n<meta property=\"og:type\" content=\"article\" \/>\n<meta property=\"og:title\" content=\"Arcilla de piqueras: Productos para aplicaciones en altos hornos.\" \/>\n<meta property=\"og:description\" content=\"Busque en nuestra l\u00ednea de arcillas de piqueras para altos hornos, que pueden utilizarse tanto en hornos de alta producci\u00f3n como en hornos de tama\u00f1o medio.\" \/>\n<meta property=\"og:url\" content=\"https:\/\/alliedmineral.com\/es\/productos\/piqueras-de-arcilla\/alto-horno\/\" \/>\n<meta property=\"og:site_name\" content=\"Allied Mineral Products\" \/>\n<meta property=\"article:modified_time\" content=\"2025-03-06T14:43:41+00:00\" \/>\n<meta name=\"twitter:card\" content=\"summary_large_image\" \/>\n<meta name=\"twitter:label1\" content=\"Tiempo de lectura\" \/>\n\t<meta name=\"twitter:data1\" content=\"10 minutos\" \/>\n<script type=\"application\/ld+json\" class=\"yoast-schema-graph\">{\"@context\":\"https:\/\/schema.org\",\"@graph\":[{\"@type\":\"WebPage\",\"@id\":\"https:\/\/alliedmineral.com\/es\/productos\/piqueras-de-arcilla\/alto-horno\/\",\"url\":\"https:\/\/alliedmineral.com\/es\/productos\/piqueras-de-arcilla\/alto-horno\/\",\"name\":\"Arcilla de piqueras: Productos para aplicaciones en altos hornos.\",\"isPartOf\":{\"@id\":\"https:\/\/alliedmineral.com\/es\/#website\"},\"datePublished\":\"2023-04-19T22:48:11+00:00\",\"dateModified\":\"2025-03-06T14:43:41+00:00\",\"description\":\"Busque en nuestra l\u00ednea de arcillas de piqueras para altos hornos, que pueden utilizarse tanto en hornos de alta producci\u00f3n como en hornos de tama\u00f1o medio.\",\"breadcrumb\":{\"@id\":\"https:\/\/alliedmineral.com\/es\/productos\/piqueras-de-arcilla\/alto-horno\/#breadcrumb\"},\"inLanguage\":\"es\",\"potentialAction\":[{\"@type\":\"ReadAction\",\"target\":[\"https:\/\/alliedmineral.com\/es\/productos\/piqueras-de-arcilla\/alto-horno\/\"]}]},{\"@type\":\"BreadcrumbList\",\"@id\":\"https:\/\/alliedmineral.com\/es\/productos\/piqueras-de-arcilla\/alto-horno\/#breadcrumb\",\"itemListElement\":[{\"@type\":\"ListItem\",\"position\":1,\"name\":\"Home\",\"item\":\"https:\/\/alliedmineral.com\/es\/\"},{\"@type\":\"ListItem\",\"position\":2,\"name\":\"Productos\",\"item\":\"https:\/\/alliedmineral.com\/es\/productos\/\"},{\"@type\":\"ListItem\",\"position\":3,\"name\":\"Piqueras de arcilla\",\"item\":\"https:\/\/alliedmineral.com\/es\/productos\/piqueras-de-arcilla\/\"},{\"@type\":\"ListItem\",\"position\":4,\"name\":\"Alto horno\"}]},{\"@type\":\"WebSite\",\"@id\":\"https:\/\/alliedmineral.com\/es\/#website\",\"url\":\"https:\/\/alliedmineral.com\/es\/\",\"name\":\"Allied Mineral Products\",\"description\":\"\",\"potentialAction\":[{\"@type\":\"SearchAction\",\"target\":{\"@type\":\"EntryPoint\",\"urlTemplate\":\"https:\/\/alliedmineral.com\/es\/?s={search_term_string}\"},\"query-input\":{\"@type\":\"PropertyValueSpecification\",\"valueRequired\":true,\"valueName\":\"search_term_string\"}}],\"inLanguage\":\"es\"}]}<\/script>\n<!-- \/ Yoast SEO plugin. -->","yoast_head_json":{"title":"Arcilla de piqueras: Productos para aplicaciones en altos hornos.","description":"Busque en nuestra l\u00ednea de arcillas de piqueras para altos hornos, que pueden utilizarse tanto en hornos de alta producci\u00f3n como en hornos de tama\u00f1o medio.","robots":{"index":"index","follow":"follow","max-snippet":"max-snippet:-1","max-image-preview":"max-image-preview:large","max-video-preview":"max-video-preview:-1"},"canonical":"https:\/\/alliedmineral.com\/es\/productos\/piqueras-de-arcilla\/alto-horno\/","og_locale":"es_ES","og_type":"article","og_title":"Arcilla de piqueras: Productos para aplicaciones en altos hornos.","og_description":"Busque en nuestra l\u00ednea de arcillas de piqueras para altos hornos, que pueden utilizarse tanto en hornos de alta producci\u00f3n como en hornos de tama\u00f1o medio.","og_url":"https:\/\/alliedmineral.com\/es\/productos\/piqueras-de-arcilla\/alto-horno\/","og_site_name":"Allied Mineral Products","article_modified_time":"2025-03-06T14:43:41+00:00","twitter_card":"summary_large_image","twitter_misc":{"Tiempo de lectura":"10 minutos"},"schema":{"@context":"https:\/\/schema.org","@graph":[{"@type":"WebPage","@id":"https:\/\/alliedmineral.com\/es\/productos\/piqueras-de-arcilla\/alto-horno\/","url":"https:\/\/alliedmineral.com\/es\/productos\/piqueras-de-arcilla\/alto-horno\/","name":"Arcilla de piqueras: Productos para aplicaciones en altos hornos.","isPartOf":{"@id":"https:\/\/alliedmineral.com\/es\/#website"},"datePublished":"2023-04-19T22:48:11+00:00","dateModified":"2025-03-06T14:43:41+00:00","description":"Busque en nuestra l\u00ednea de arcillas de piqueras para altos hornos, que pueden utilizarse tanto en hornos de alta producci\u00f3n como en hornos de tama\u00f1o medio.","breadcrumb":{"@id":"https:\/\/alliedmineral.com\/es\/productos\/piqueras-de-arcilla\/alto-horno\/#breadcrumb"},"inLanguage":"es","potentialAction":[{"@type":"ReadAction","target":["https:\/\/alliedmineral.com\/es\/productos\/piqueras-de-arcilla\/alto-horno\/"]}]},{"@type":"BreadcrumbList","@id":"https:\/\/alliedmineral.com\/es\/productos\/piqueras-de-arcilla\/alto-horno\/#breadcrumb","itemListElement":[{"@type":"ListItem","position":1,"name":"Home","item":"https:\/\/alliedmineral.com\/es\/"},{"@type":"ListItem","position":2,"name":"Productos","item":"https:\/\/alliedmineral.com\/es\/productos\/"},{"@type":"ListItem","position":3,"name":"Piqueras de arcilla","item":"https:\/\/alliedmineral.com\/es\/productos\/piqueras-de-arcilla\/"},{"@type":"ListItem","position":4,"name":"Alto horno"}]},{"@type":"WebSite","@id":"https:\/\/alliedmineral.com\/es\/#website","url":"https:\/\/alliedmineral.com\/es\/","name":"Allied Mineral Products","description":"","potentialAction":[{"@type":"SearchAction","target":{"@type":"EntryPoint","urlTemplate":"https:\/\/alliedmineral.com\/es\/?s={search_term_string}"},"query-input":{"@type":"PropertyValueSpecification","valueRequired":true,"valueName":"search_term_string"}}],"inLanguage":"es"}]}},"_links":{"self":[{"href":"https:\/\/alliedmineral.com\/es\/wp-json\/wp\/v2\/pages\/11317","targetHints":{"allow":["GET"]}}],"collection":[{"href":"https:\/\/alliedmineral.com\/es\/wp-json\/wp\/v2\/pages"}],"about":[{"href":"https:\/\/alliedmineral.com\/es\/wp-json\/wp\/v2\/types\/page"}],"author":[{"embeddable":true,"href":"https:\/\/alliedmineral.com\/es\/wp-json\/wp\/v2\/users\/3"}],"replies":[{"embeddable":true,"href":"https:\/\/alliedmineral.com\/es\/wp-json\/wp\/v2\/comments?post=11317"}],"version-history":[{"count":0,"href":"https:\/\/alliedmineral.com\/es\/wp-json\/wp\/v2\/pages\/11317\/revisions"}],"up":[{"embeddable":true,"href":"https:\/\/alliedmineral.com\/es\/wp-json\/wp\/v2\/pages\/11305"}],"wp:attachment":[{"href":"https:\/\/alliedmineral.com\/es\/wp-json\/wp\/v2\/media?parent=11317"}],"curies":[{"name":"wp","href":"https:\/\/api.w.org\/{rel}","templated":true}]}}