{"id":11314,"date":"2023-04-19T13:53:40","date_gmt":"2023-04-19T18:53:40","guid":{"rendered":"https:\/\/alliedmineral.com\/productos\/plasticos-y-materiales-de-reparacion\/tratamiento-termico-y-forja\/"},"modified":"2025-03-06T09:43:42","modified_gmt":"2025-03-06T14:43:42","slug":"tratamiento-termico-y-forja","status":"publish","type":"page","link":"https:\/\/alliedmineral.com\/es\/productos\/plasticos-y-materiales-de-reparacion\/tratamiento-termico-y-forja\/","title":{"rendered":"Tratamiento t\u00e9rmico y forja"},"content":{"rendered":"<div class=\"wpb-content-wrapper\"><p>[vc_row full_width=\u00bbstretch_row\u00bb woodmart_bg_position=\u00bbcenter-bottom\u00bb css=\u00bb.vc_custom_1680617386280{margin-top: -40px !important;padding-top: 10px !important;padding-bottom: 18px !important;background-image: url(https:\/\/alliedmineral.com\/wp-content\/uploads\/2023\/03\/Allied-Minerals-title-1.jpg?id=84) !important;background-position: center !important;background-repeat: no-repeat !important;background-size: cover !important;}\u00bb woodmart_css_id=\u00bb642c2fa3441a4&#8243; responsive_spacing=\u00bbeyJwYXJhbV90eXBlIjoid29vZG1hcnRfcmVzcG9uc2l2ZV9zcGFjaW5nIiwic2VsZWN0b3JfaWQiOiI2NDJjMmZhMzQ0MWE0Iiwic2hvcnRjb2RlIjoidmNfcm93IiwiZGF0YSI6eyJ0YWJsZXQiOnt9LCJtb2JpbGUiOnt9fX0=\u00bb mobile_bg_img_hidden=\u00bbno\u00bb tablet_bg_img_hidden=\u00bbno\u00bb woodmart_parallax=\u00bb0&#8243; woodmart_gradient_switch=\u00bbno\u00bb woodmart_box_shadow=\u00bbno\u00bb wd_z_index=\u00bbno\u00bb woodmart_disable_overflow=\u00bb0&#8243; row_reverse_mobile=\u00bb0&#8243; row_reverse_tablet=\u00bb0&#8243;][vc_column css_animation=\u00bbfadeInUp\u00bb woodmart_css_id=\u00bb642ec806cdccc\u00bb parallax_scroll=\u00bbno\u00bb woodmart_sticky_column=\u00bbfalse\u00bb wd_collapsible_content_switcher=\u00bbno\u00bb wd_column_role_offcanvas_desktop=\u00bbno\u00bb wd_column_role_offcanvas_tablet=\u00bbno\u00bb wd_column_role_offcanvas_mobile=\u00bbno\u00bb wd_column_role_content_desktop=\u00bbno\u00bb wd_column_role_content_tablet=\u00bbno\u00bb wd_column_role_content_mobile=\u00bbno\u00bb mobile_bg_img_hidden=\u00bbno\u00bb tablet_bg_img_hidden=\u00bbno\u00bb woodmart_parallax=\u00bb0&#8243; woodmart_box_shadow=\u00bbno\u00bb responsive_spacing=\u00bbeyJwYXJhbV90eXBlIjoid29vZG1hcnRfcmVzcG9uc2l2ZV9zcGFjaW5nIiwic2VsZWN0b3JfaWQiOiI2NDJlYzgwNmNkY2NjIiwic2hvcnRjb2RlIjoidmNfY29sdW1uIiwiZGF0YSI6eyJ0YWJsZXQiOnt9LCJtb2JpbGUiOnt9fX0=\u00bb mobile_reset_margin=\u00bbno\u00bb tablet_reset_margin=\u00bbno\u00bb wd_z_index=\u00bbno\u00bb][vc_custom_heading text=\u00bbPl\u00e1sticos y materiales de reparaci\u00f3n<br \/>\npara tratamiento t\u00e9rmico y forja\u00bb font_container=\u00bbtag:h1|font_size:40|text_align:left|color:%23ffffff|line_height:1&#8243; use_theme_fonts=\u00bbyes\u00bb el_class=\u00bbpage-title\u00bb css=\u00bb.vc_custom_1681933737808{border-bottom-width: 4px !important;padding-bottom: 20px !important;border-bottom-color: #ee7623 !important;border-bottom-style: solid !important;}\u00bb][\/vc_column][\/vc_row][vc_row equal_height=\u00bbyes\u00bb content_placement=\u00bbmiddle\u00bb css=\u00bb.vc_custom_1680787333160{padding-top: 20px !important;padding-bottom: 100px !important;}\u00bb woodmart_css_id=\u00bb642ec7818c671&#8243; responsive_spacing=\u00bbeyJwYXJhbV90eXBlIjoid29vZG1hcnRfcmVzcG9uc2l2ZV9zcGFjaW5nIiwic2VsZWN0b3JfaWQiOiI2NDJlYzc4MThjNjcxIiwic2hvcnRjb2RlIjoidmNfcm93IiwiZGF0YSI6eyJ0YWJsZXQiOnt9LCJtb2JpbGUiOnt9fX0=\u00bb mobile_bg_img_hidden=\u00bbno\u00bb tablet_bg_img_hidden=\u00bbno\u00bb woodmart_parallax=\u00bb0&#8243; woodmart_gradient_switch=\u00bbno\u00bb woodmart_box_shadow=\u00bbno\u00bb wd_z_index=\u00bbno\u00bb woodmart_disable_overflow=\u00bb0&#8243; row_reverse_mobile=\u00bb0&#8243; row_reverse_tablet=\u00bb0&#8243;][vc_column css_animation=\u00bbfadeIn\u00bb offset=\u00bbvc_col-md-6&#8243; woodmart_css_id=\u00bb64245f202e99c\u00bb parallax_scroll=\u00bbno\u00bb woodmart_sticky_column=\u00bbfalse\u00bb wd_collapsible_content_switcher=\u00bbno\u00bb wd_column_role_offcanvas_desktop=\u00bbno\u00bb wd_column_role_offcanvas_tablet=\u00bbno\u00bb wd_column_role_offcanvas_mobile=\u00bbno\u00bb wd_column_role_content_desktop=\u00bbno\u00bb wd_column_role_content_tablet=\u00bbno\u00bb wd_column_role_content_mobile=\u00bbno\u00bb mobile_bg_img_hidden=\u00bbno\u00bb tablet_bg_img_hidden=\u00bbno\u00bb woodmart_parallax=\u00bb0&#8243; woodmart_box_shadow=\u00bbno\u00bb responsive_spacing=\u00bbeyJwYXJhbV90eXBlIjoid29vZG1hcnRfcmVzcG9uc2l2ZV9zcGFjaW5nIiwic2VsZWN0b3JfaWQiOiI2NDI0NWYyMDJlOTljIiwic2hvcnRjb2RlIjoidmNfY29sdW1uIiwiZGF0YSI6eyJ0YWJsZXQiOnt9LCJtb2JpbGUiOnt9fX0=\u00bb mobile_reset_margin=\u00bbno\u00bb tablet_reset_margin=\u00bbno\u00bb wd_z_index=\u00bbno\u00bb][vc_single_image image=\u00bb7333&#8243; img_size=\u00bbfull\u00bb alignment=\u00bbcenter\u00bb parallax_scroll=\u00bbno\u00bb woodmart_inline=\u00bbno\u00bb][\/vc_column][vc_column css_animation=\u00bbfadeIn\u00bb offset=\u00bbvc_col-md-6&#8243; woodmart_css_id=\u00bb64754f9c023bf\u00bb parallax_scroll=\u00bbno\u00bb woodmart_sticky_column=\u00bbfalse\u00bb wd_collapsible_content_switcher=\u00bbno\u00bb wd_column_role_offcanvas_desktop=\u00bbno\u00bb wd_column_role_offcanvas_tablet=\u00bbno\u00bb wd_column_role_offcanvas_mobile=\u00bbno\u00bb wd_column_role_content_desktop=\u00bbno\u00bb wd_column_role_content_tablet=\u00bbno\u00bb wd_column_role_content_mobile=\u00bbno\u00bb mobile_bg_img_hidden=\u00bbno\u00bb tablet_bg_img_hidden=\u00bbno\u00bb woodmart_parallax=\u00bb0&#8243; woodmart_box_shadow=\u00bbno\u00bb responsive_spacing=\u00bbeyJwYXJhbV90eXBlIjoid29vZG1hcnRfcmVzcG9uc2l2ZV9zcGFjaW5nIiwic2VsZWN0b3JfaWQiOiI2NDc1NGY5YzAyM2JmIiwic2hvcnRjb2RlIjoidmNfY29sdW1uIiwiZGF0YSI6eyJ0YWJsZXQiOnsicGFkZGluZy1sZWZ0IjoiMTUifSwibW9iaWxlIjp7fX19&#8243; mobile_reset_margin=\u00bbno\u00bb tablet_reset_margin=\u00bbno\u00bb wd_z_index=\u00bbno\u00bb css=\u00bb.vc_custom_1685409699924{padding-left: 10% !important;}\u00bb][vc_column_text woodmart_inline=\u00bbno\u00bb text_larger=\u00bbno\u00bb]<\/p>\n<h2>Pl\u00e1sticos y materiales de relleno para tratamiento t\u00e9rmico y forja<\/h2>\n<p>Allied suministra pl\u00e1sticos fosfatados y air-set que ofrecen una elevada conductividad t\u00e9rmica y resistencia a la abrasi\u00f3n, necesarias en la industria del tratamiento t\u00e9rmico y la forja.[\/vc_column_text]<div id=\"wd-6425af2fe90f4\" class=\" wd-rs-6425af2fe90f4  wd-button-wrapper text-center inline-element\"><a href=\"\/es\/?page_id=11278\" title=\"P\u00f3ngase en contacto con\" class=\"btn btn-scheme-light btn-scheme-hover-light btn-style-default btn-style-rectangle btn-size-large\">SOLICITAR PRESUPUESTO<\/a><\/div><div id=\"wd-648a13dc53557\" class=\" wd-rs-648a13dc53557  wd-button-wrapper text-center inline-element\"><a href=\"https:\/\/alliedmineral.com\/wp-content\/uploads\/2023\/06\/Formatted-HTF-product-tables_PLASTICS.pdf\" title=\"P\u00f3ngase en contacto con\" target=\"_blank\" class=\"btn btn-color-alt btn-style-default btn-style-rectangle btn-size-large\">DESCARGAR PDF<\/a><\/div>[\/vc_column][\/vc_row][vc_row full_width=\u00bbstretch_row\u00bb equal_height=\u00bbyes\u00bb css=\u00bb.vc_custom_1685409712122{margin-bottom: -40px !important;padding-top: 100px !important;padding-bottom: 100px !important;}\u00bb woodmart_css_id=\u00bb64754fa62042f\u00bb responsive_spacing=\u00bbeyJwYXJhbV90eXBlIjoid29vZG1hcnRfcmVzcG9uc2l2ZV9zcGFjaW5nIiwic2VsZWN0b3JfaWQiOiI2NDc1NGZhNjIwNDJmIiwic2hvcnRjb2RlIjoidmNfcm93IiwiZGF0YSI6eyJ0YWJsZXQiOnsicGFkZGluZy1yaWdodCI6IjM1IiwicGFkZGluZy1sZWZ0IjoiMzUifSwibW9iaWxlIjp7InBhZGRpbmctdG9wIjoiNTAiLCJwYWRkaW5nLWJvdHRvbSI6IjUwIn19fQ==\u00bb mobile_bg_img_hidden=\u00bbno\u00bb tablet_bg_img_hidden=\u00bbno\u00bb woodmart_parallax=\u00bb0&#8243; woodmart_gradient_switch=\u00bbyes\u00bb woodmart_box_shadow=\u00bbno\u00bb wd_z_index=\u00bbno\u00bb woodmart_disable_overflow=\u00bb0&#8243; row_reverse_mobile=\u00bb0&#8243; row_reverse_tablet=\u00bb0&#8243; woodmart_color_gradient=\u00bbrgb(221, 117, 39)-0\/rgb(0, 0, 0)-100\/|linear-gradient(top , rgb(221, 117, 39) , rgb(0, 0, 0) 100%)|linear|top\u00bb][vc_column css=\u00bb.vc_custom_1680106105116{margin-bottom: 0px !important;padding-bottom: 25px !important;background-color: #92412b !important;}\u00bb woodmart_css_id=\u00bb642462726b593&#8243; parallax_scroll=\u00bbno\u00bb woodmart_sticky_column=\u00bbfalse\u00bb wd_collapsible_content_switcher=\u00bbno\u00bb wd_column_role_offcanvas_desktop=\u00bbno\u00bb wd_column_role_offcanvas_tablet=\u00bbno\u00bb wd_column_role_offcanvas_mobile=\u00bbno\u00bb wd_column_role_content_desktop=\u00bbno\u00bb wd_column_role_content_tablet=\u00bbno\u00bb wd_column_role_content_mobile=\u00bbno\u00bb mobile_bg_img_hidden=\u00bbno\u00bb tablet_bg_img_hidden=\u00bbno\u00bb woodmart_parallax=\u00bb0&#8243; woodmart_box_shadow=\u00bbno\u00bb responsive_spacing=\u00bbeyJwYXJhbV90eXBlIjoid29vZG1hcnRfcmVzcG9uc2l2ZV9zcGFjaW5nIiwic2VsZWN0b3JfaWQiOiI2NDI0NjI3MjZiNTkzIiwic2hvcnRjb2RlIjoidmNfY29sdW1uIiwiZGF0YSI6eyJ0YWJsZXQiOnt9LCJtb2JpbGUiOnt9fX0=\u00bb mobile_reset_margin=\u00bbno\u00bb tablet_reset_margin=\u00bbno\u00bb wd_z_index=\u00bbno\u00bb][vc_custom_heading text=\u00bbDETALLES DEL MATERIAL\u00bb font_container=\u00bbtag:h2|text_align:center|color:%23ffffff|line_height:1&#8243; use_theme_fonts=\u00bbyes\u00bb css=\u00bb.vc_custom_1680105781030{margin-bottom: 5px !important;}\u00bb][\/vc_column][vc_column css=\u00bb.vc_custom_1680106740193{margin-top: 0px !important;padding-top: 50px !important;padding-right: 120px !important;padding-bottom: 50px !important;padding-left: 120px !important;background-color: #ffffff !important;}\u00bb woodmart_css_id=\u00bb642464e8dbd6f\u00bb parallax_scroll=\u00bbno\u00bb woodmart_sticky_column=\u00bbfalse\u00bb wd_collapsible_content_switcher=\u00bbno\u00bb wd_column_role_offcanvas_desktop=\u00bbno\u00bb wd_column_role_offcanvas_tablet=\u00bbno\u00bb wd_column_role_offcanvas_mobile=\u00bbno\u00bb wd_column_role_content_desktop=\u00bbno\u00bb wd_column_role_content_tablet=\u00bbno\u00bb wd_column_role_content_mobile=\u00bbno\u00bb mobile_bg_img_hidden=\u00bbno\u00bb tablet_bg_img_hidden=\u00bbno\u00bb woodmart_parallax=\u00bb0&#8243; woodmart_box_shadow=\u00bbno\u00bb responsive_spacing=\u00bbeyJwYXJhbV90eXBlIjoid29vZG1hcnRfcmVzcG9uc2l2ZV9zcGFjaW5nIiwic2VsZWN0b3JfaWQiOiI2NDI0NjRlOGRiZDZmIiwic2hvcnRjb2RlIjoidmNfY29sdW1uIiwiZGF0YSI6eyJ0YWJsZXQiOnsicGFkZGluZy1yaWdodCI6IjIxIiwicGFkZGluZy1sZWZ0IjoiMjEifSwibW9iaWxlIjp7InBhZGRpbmctcmlnaHQiOiIyMSIsInBhZGRpbmctbGVmdCI6IjIxIn19fQ==\u00bb mobile_reset_margin=\u00bbno\u00bb tablet_reset_margin=\u00bbno\u00bb wd_z_index=\u00bbno\u00bb][vc_tta_accordion style=\u00bbmodern\u00bb shape=\u00bbsquare\u00bb color=\u00bbwhite\u00bb active_section=\u00bb-1&#8243; no_fill=\u00bbtrue\u00bb collapsible_all=\u00bbtrue\u00bb el_id=\u00bbproduct-category-pg\u00bb][vc_tta_section title=\u00bbPL\u00c1STICO FOSFATADO\u00bb tab_id=\u00bbplastic-patching-heat-treat-forge-phos\u00bb][vc_raw_html css=\u00bb.vc_custom_1686842006352{border-top-width: 1px !important;border-top-color: #ee7623 !important;border-top-style: solid !important;}\u00bb]PGRpdiBjbGFzcz0icHJvZHVjdC10YWJsZS1pbmZvIj4KCTx0YWJsZSBjbGFzcz0icHJvZHVjdC10YWJsZXMiPgoJCTx0aGVhZD4KCQkJPHRyPgoJCTx0aCByb3dzcGFuPSIyIj5Qcm9kdWN0bzwvdGg+CgkJPHRoIGNvbHNwYW49IjIiPlF1w61taWNhICUuPC90aD4KCQk8dGggY29sc3Bhbj0iMiI+RGVuc2lkYWQ8YnI+ODE1wrBDICgxNTAwwrBGKTwvdGg+CgkJPHRoIGNvbHNwYW49IjIiPlRlbXAuIEzDrW1pdGU8L3RoPgoJCTx0aCByb3dzcGFuPSIyIj5Nw6l0b2RvIGRlIGluc3RhbGFjacOzbjwvdGg+CgkJCTwvdHI+CiAgICAgICAgICAgIDx0cj4KICAgICAgICAgICAgICAgIDx0aD48c3ViPkFsMk8zPC9zdWI+PC90aD4KCQk8dGg+PHN1Yj5TaU8yPC9zdWI+PC90aD4KICAgICAgICAgICAgICAgIDx0aD48c3VwPmcvY20zPC9zdXA+PC90aD4KICAgICAgICAgICAgICAgIDx0aD48c3VwPmxiL3BpZTMzPC9zdXA+PC90aD4KICAgICAgICAgICAgICAgIDx0aD7CsEM8L3RoPgogICAgICAgICAgICAgICAgPHRoPsKwRjwvdGg+CiAgICAgICAgICAgIDwvdHI+CgkJPC90aGVhZD4KCQk8dGJvZHk+CiAgICA8dHI+CiAgICAgICAgPHRkPlJBTSBNQVjCriBCUiA3MCBQIEFaVUw8L3RkPgogICAgICAgIDx0ZD42OS44PC90ZD4KICAgICAgICA8dGQ+MjMuNDwvdGQ+CiAgICAgICAgPHRkPjIuNTY8L3RkPgogICAgICAgIDx0ZD4xNjQ8L3RkPgogICAgICAgIDx0ZD4xNzYwPC90ZD4KICAgICAgICA8dGQ+MzIwMDwvdGQ+CiAgICAgICAgPHRkPkNhcm5lcm8gUG51ZW3DoXRpY288L3RkPgogICAgPC90cj4KICAgIDx0cj4KICAgICAgICA8dGQ+UkFNIE1BWMKuIDcwIFA8L3RkPgogICAgICAgIDx0ZD42OS4xPC90ZD4KICAgICAgICA8dGQ+MjIuODwvdGQ+CiAgICAgICAgPHRkPjIuNjY8L3RkPgogICAgICAgIDx0ZD4xNjY8L3RkPgogICAgICAgIDx0ZD4xNzYwPC90ZD4KICAgICAgICA8dGQ+MzIwMDwvdGQ+CiAgICAgICAgPHRkPkNhcm5lcm8gUG51ZW3DoXRpY288L3RkPgogICAgPC90cj4KICAgIDx0cj4KICAgICAgICA8dGQ+UkFNIE1BWMKuIDc1IFA8L3RkPgogICAgICAgIDx0ZD43Mi4zPC90ZD4KICAgICAgICA8dGQ+MTkuNzwvdGQ+CiAgICAgICAgPHRkPjIuNzQ8L3RkPgogICAgICAgIDx0ZD4xNzE8L3RkPgogICAgICAgIDx0ZD4xNzYwPC90ZD4KICAgICAgICA8dGQ+MzIwMDwvdGQ+CiAgICAgICAgPHRkPkNhcm5lcm8gUG51ZW3DoXRpY288L3RkPgogICAgPC90cj4KICAgIDx0cj4KICAgICAgICA8dGQ+UkFNIE1BWMKuIDg1IFA8L3RkPgogICAgICAgIDx0ZD44My44PC90ZD4KICAgICAgICA8dGQ+OS4wPC90ZD4KICAgICAgICA8dGQ+Mi45MjwvdGQ+CiAgICAgICAgPHRkPjE4MjwvdGQ+CiAgICAgICAgPHRkPjE3NjA8L3RkPgogICAgICAgIDx0ZD4zMjAwPC90ZD4KICAgICAgICA8dGQ+Q2FybmVybyBQbnVlbcOhdGljbzwvdGQ+CiAgICA8L3RyPgogICAgPHRyPgogICAgICAgIDx0ZD5SQU0gTUFYwq4gODUgUCBGSU5PPC90ZD4KICAgICAgICA8dGQ+ODIuMDwvdGQ+CiAgICAgICAgPHRkPjExLjE8L3RkPgogICAgICAgIDx0ZD4yLjkyPC90ZD4KICAgICAgICA8dGQ+MTgyPC90ZD4KICAgICAgICA8dGQ+MTc2MDwvdGQ+CiAgICAgICAgPHRkPjMyMDA8L3RkPgogICAgICAgIDx0ZD5DYXJuZXJvIFBudWVtw6F0aWNvPC90ZD4KICAgIDwvdHI+CiAgICA8dHI+CiAgICAgICAgPHRkPlJBTSBNQVjCriA5MCBQPC90ZD4KICAgICAgICA8dGQ+ODcuNDwvdGQ+CiAgICAgICAgPHRkPjcuMTwvdGQ+CiAgICAgICAgPHRkPjMuMDk8L3RkPgogICAgICAgIDx0ZD4xOTM8L3RkPgogICAgICAgIDx0ZD4xODE1PC90ZD4KICAgICAgICA8dGQ+MzMwMDwvdGQ+CiAgICAgICAgPHRkPkNhcm5lcm8gUG51ZW3DoXRpY288L3RkPgogICAgPC90cj4KICAgIDx0cj4KICAgICAgICA8dGQ+UkFNIE1BWMKuIDk1IFA8L3RkPgogICAgICAgIDx0ZD45Mi4xPC90ZD4KICAgICAgICA8dGQ+NC4xPC90ZD4KICAgICAgICA8dGQ+My4wOTwvdGQ+CiAgICAgICAgPHRkPjE5MzwvdGQ+CiAgICAgICAgPHRkPjE3NjA8L3RkPgogICAgICAgIDx0ZD4zMjAwPC90ZD4KICAgICAgICA8dGQ+Q2FybmVybyBQbnVlbcOhdGljbzwvdGQ+CiAgICA8L3RyPgogICAgPHRyPgoJCTwvdGJvZHk+Cgk8L3RhYmxlPgo8L2Rpdj4=[\/vc_raw_html][\/vc_tta_section][vc_tta_section title=\u00bbAIR SET PL\u00c1STICO\u00bb tab_id=\u00bbplastic-patching-heat-treat-forge-air\u00bb][vc_raw_html css=\u00bb.vc_custom_1686770586212{border-top-width: 1px !important;border-top-color: #ee7623 !important;border-top-style: solid !important;}\u00bb]PGRpdiBjbGFzcz0icHJvZHVjdC10YWJsZS1pbmZvIj4KCTx0YWJsZSBjbGFzcz0icHJvZHVjdC10YWJsZXMiPgoJCTx0aGVhZD4KCQkJPHRyPgoJCTx0aCByb3dzcGFuPSIyIj5Qcm9kdWN0bzwvdGg+CgkJPHRoIGNvbHNwYW49IjIiPlF1w61taWNhICUuPC90aD4KCQk8dGggY29sc3Bhbj0iMiI+RGVuc2lkYWQ8YnI+ODE1wrBDICgxNTAwwrBGKTwvdGg+CgkJPHRoIGNvbHNwYW49IjIiPlRlbXAuIEzDrW1pdGU8L3RoPgoJCTx0aCByb3dzcGFuPSIyIj5Nw6l0b2RvIGRlIGluc3RhbGFjacOzbjwvdGg+CgkJCTwvdHI+CiAgICAgICAgICAgIDx0cj4KICAgICAgICAgICAgICAgIDx0aD48c3ViPkFsMk8zPC9zdWI+PC90aD4KCQk8dGg+PHN1Yj5TaU8yPC9zdWI+PC90aD4KICAgICAgICAgICAgICAgIDx0aD48c3VwPmcvY20zPC9zdXA+PC90aD4KICAgICAgICAgICAgICAgIDx0aD48c3VwPmxiL3BpZTMzPC9zdXA+PC90aD4KICAgICAgICAgICAgICAgIDx0aD7CsEM8L3RoPgogICAgICAgICAgICAgICAgPHRoPsKwRjwvdGg+CiAgICAgICAgICAgIDwvdHI+CgkJPC90aGVhZD4KCQk8dGJvZHk+CiAgICA8dHI+CiAgICAgICAgPHRkPlJBTSBNQVjCriA0NSBBUzwvdGQ+CiAgICAgICAgPHRkPjUyLjc8L3RkPgogICAgICAgIDx0ZD40Mi4yPC90ZD4KICAgICAgICA8dGQ+Mi4yNDwvdGQ+CiAgICAgICAgPHRkPjE0Ni4wPC90ZD4KICAgICAgICA8dGQ+MTY1MDwvdGQ+CiAgICAgICAgPHRkPjMwMDA8L3RkPgogICAgICAgIDx0ZD5DYXJuZXJvIFBudWVtw6F0aWNvPC90ZD4KICAgIDwvdHI+CiAgICA8dHI+CiAgICAgICAgPHRkPlJBTSBNQVjCriA2MCBBUzwvdGQ+CiAgICAgICAgPHRkPjU3LjA8L3RkPgogICAgICAgIDx0ZD4zOC4wPC90ZD4KICAgICAgICA8dGQ+Mi41NjwvdGQ+CiAgICAgICAgPHRkPjE2MC4wPC90ZD4KICAgICAgICA8dGQ+MTY1MDwvdGQ+CiAgICAgICAgPHRkPjMwMDA8L3RkPgogICAgICAgIDx0ZD5DYXJuZXJvIFBudWVtw6F0aWNvPC90ZD4KICAgIDwvdHI+CiAgICA8dHI+CiAgICAgICAgPHRkPlJBTSBNQVjCriA2NSBBUzwvdGQ+CiAgICAgICAgPHRkPjYyLjU8L3RkPgogICAgICAgIDx0ZD4zMi44PC90ZD4KICAgICAgICA8dGQ+Mi43OTwvdGQ+CiAgICAgICAgPHRkPjE3NC4wPC90ZD4KICAgICAgICA8dGQ+MTgxNTwvdGQ+CiAgICAgICAgPHRkPjMzMDA8L3RkPgogICAgICAgIDx0ZD5DYXJuZXJvIFBudWVtw6F0aWNvPC90ZD4KICAgIDwvdHI+CiAgICA8dHI+CiAgICAgICAgPHRkPlJBTSBNQVjCriA4MCBBUzwvdGQ+CiAgICAgICAgPHRkPjc4LjA8L3RkPgogICAgICAgIDx0ZD4xNi40PC90ZD4KICAgICAgICA8dGQ+Mi43MjwvdGQ+CiAgICAgICAgPHRkPjE3MC4wPC90ZD4KICAgICAgICA8dGQ+MTc2MDwvdGQ+CiAgICAgICAgPHRkPjMyMDA8L3RkPgogICAgICAgIDx0ZD5DYXJuZXJvIFBudWVtw6F0aWNvPC90ZD4KICAgIDwvdHI+CiAgICA8dHI+CiAgICAgICAgPHRkPlJBTSBNQVjCriA5MCBBUzwvdGQ+CiAgICAgICAgPHRkPjkxLjg8L3RkPgogICAgICAgIDx0ZD43LjI8L3RkPgogICAgICAgIDx0ZD4yLjc5PC90ZD4KICAgICAgICA8dGQ+MTc0LjA8L3RkPgogICAgICAgIDx0ZD4xODE1PC90ZD4KICAgICAgICA8dGQ+MzMwMDwvdGQ+CiAgICAgICAgPHRkPkNhcm5lcm8gUG51ZW3DoXRpY288L3RkPgogICAgPC90cj4KCQk8L3Rib2R5PgoJPC90YWJsZT4KPC9kaXY+[\/vc_raw_html][\/vc_tta_section][\/vc_tta_accordion]<div id=\"wd-648a13e776cf9\" class=\" wd-rs-648a13e776cf9 vc_custom_1686770668804 wd-button-wrapper text-center inline-element\"><a href=\"https:\/\/alliedmineral.com\/wp-content\/uploads\/2023\/06\/Formatted-HTF-product-tables_PLASTICS.pdf\" title=\"P\u00f3ngase en contacto con\" target=\"_blank\" class=\"btn btn-color-alt btn-style-default btn-style-rectangle btn-size-large\">DESCARGAR PDF<\/a><\/div>[\/vc_column][\/vc_row]<\/p>\n<\/div>","protected":false},"excerpt":{"rendered":"<p>[vc_row full_width=\u00bbstretch_row\u00bb woodmart_bg_position=\u00bbcenter-bottom\u00bb css=\u00bb.vc_custom_1680617386280{margin-top: -40px !important;padding-top: 10px !important;padding-bottom: 18px !important;background-image: url(https:\/\/alliedmineral.com\/wp-content\/uploads\/2023\/03\/Allied-Minerals-title-1.jpg?id=84) !important;background-position: center !important;background-repeat: no-repeat !important;background-size: cover !important;}\u00bb woodmart_css_id=\u00bb642c2fa3441a4&#8243; responsive_spacing=\u00bbeyJwYXJhbV90eXBlIjoid29vZG1hcnRfcmVzcG9uc2l2ZV9zcGFjaW5nIiwic2VsZWN0b3JfaWQiOiI2NDJjMmZhMzQ0MWE0Iiwic2hvcnRjb2RlIjoidmNfcm93IiwiZGF0YSI6eyJ0YWJsZXQiOnt9LCJtb2JpbGUiOnt9fX0=\u00bb<\/p>\n","protected":false},"author":3,"featured_media":0,"parent":11288,"menu_order":0,"comment_status":"closed","ping_status":"closed","template":"","meta":{"content-type":"","footnotes":""},"class_list":["post-11314","page","type-page","status-publish","hentry"],"yoast_head":"<!-- This site is optimized with the Yoast SEO plugin v25.7 - https:\/\/yoast.com\/wordpress\/plugins\/seo\/ -->\n<title>Pl\u00e1sticos: Productos para aplicaciones en la industria del tratamiento t\u00e9rmico y la forja.<\/title>\n<meta name=\"description\" content=\"Suministramos una l\u00ednea completa de pl\u00e1sticos fosfatados y air-set para satisfacer los requisitos exigidos en la industria del tratamiento t\u00e9rmico y la forja.\" \/>\n<meta name=\"robots\" content=\"index, follow, max-snippet:-1, max-image-preview:large, max-video-preview:-1\" \/>\n<link rel=\"canonical\" href=\"https:\/\/alliedmineral.com\/es\/productos\/plasticos-y-materiales-de-reparacion\/tratamiento-termico-y-forja\/\" \/>\n<meta property=\"og:locale\" content=\"es_ES\" \/>\n<meta property=\"og:type\" content=\"article\" \/>\n<meta property=\"og:title\" content=\"Pl\u00e1sticos: Productos para aplicaciones en la industria del tratamiento t\u00e9rmico y la forja.\" \/>\n<meta property=\"og:description\" content=\"Suministramos una l\u00ednea completa de pl\u00e1sticos fosfatados y air-set para satisfacer los requisitos exigidos en la industria del tratamiento t\u00e9rmico y la forja.\" \/>\n<meta property=\"og:url\" content=\"https:\/\/alliedmineral.com\/es\/productos\/plasticos-y-materiales-de-reparacion\/tratamiento-termico-y-forja\/\" \/>\n<meta property=\"og:site_name\" content=\"Allied Mineral Products\" \/>\n<meta property=\"article:modified_time\" content=\"2025-03-06T14:43:42+00:00\" \/>\n<meta name=\"twitter:card\" content=\"summary_large_image\" \/>\n<meta name=\"twitter:label1\" content=\"Tiempo de lectura\" \/>\n\t<meta name=\"twitter:data1\" content=\"10 minutos\" \/>\n<script type=\"application\/ld+json\" class=\"yoast-schema-graph\">{\"@context\":\"https:\/\/schema.org\",\"@graph\":[{\"@type\":\"WebPage\",\"@id\":\"https:\/\/alliedmineral.com\/es\/productos\/plasticos-y-materiales-de-reparacion\/tratamiento-termico-y-forja\/\",\"url\":\"https:\/\/alliedmineral.com\/es\/productos\/plasticos-y-materiales-de-reparacion\/tratamiento-termico-y-forja\/\",\"name\":\"Pl\u00e1sticos: Productos para aplicaciones en la industria del tratamiento t\u00e9rmico y la forja.\",\"isPartOf\":{\"@id\":\"https:\/\/alliedmineral.com\/es\/#website\"},\"datePublished\":\"2023-04-19T18:53:40+00:00\",\"dateModified\":\"2025-03-06T14:43:42+00:00\",\"description\":\"Suministramos una l\u00ednea completa de pl\u00e1sticos fosfatados y air-set para satisfacer los requisitos exigidos en la industria del tratamiento t\u00e9rmico y la forja.\",\"breadcrumb\":{\"@id\":\"https:\/\/alliedmineral.com\/es\/productos\/plasticos-y-materiales-de-reparacion\/tratamiento-termico-y-forja\/#breadcrumb\"},\"inLanguage\":\"es\",\"potentialAction\":[{\"@type\":\"ReadAction\",\"target\":[\"https:\/\/alliedmineral.com\/es\/productos\/plasticos-y-materiales-de-reparacion\/tratamiento-termico-y-forja\/\"]}]},{\"@type\":\"BreadcrumbList\",\"@id\":\"https:\/\/alliedmineral.com\/es\/productos\/plasticos-y-materiales-de-reparacion\/tratamiento-termico-y-forja\/#breadcrumb\",\"itemListElement\":[{\"@type\":\"ListItem\",\"position\":1,\"name\":\"Home\",\"item\":\"https:\/\/alliedmineral.com\/es\/\"},{\"@type\":\"ListItem\",\"position\":2,\"name\":\"Productos\",\"item\":\"https:\/\/alliedmineral.com\/es\/productos\/\"},{\"@type\":\"ListItem\",\"position\":3,\"name\":\"Pl\u00e1sticos y materiales de reparaci\u00f3n\",\"item\":\"https:\/\/alliedmineral.com\/es\/productos\/plasticos-y-materiales-de-reparacion\/\"},{\"@type\":\"ListItem\",\"position\":4,\"name\":\"Tratamiento t\u00e9rmico y forja\"}]},{\"@type\":\"WebSite\",\"@id\":\"https:\/\/alliedmineral.com\/es\/#website\",\"url\":\"https:\/\/alliedmineral.com\/es\/\",\"name\":\"Allied Mineral Products\",\"description\":\"\",\"potentialAction\":[{\"@type\":\"SearchAction\",\"target\":{\"@type\":\"EntryPoint\",\"urlTemplate\":\"https:\/\/alliedmineral.com\/es\/?s={search_term_string}\"},\"query-input\":{\"@type\":\"PropertyValueSpecification\",\"valueRequired\":true,\"valueName\":\"search_term_string\"}}],\"inLanguage\":\"es\"}]}<\/script>\n<!-- \/ Yoast SEO plugin. -->","yoast_head_json":{"title":"Pl\u00e1sticos: Productos para aplicaciones en la industria del tratamiento t\u00e9rmico y la forja.","description":"Suministramos una l\u00ednea completa de pl\u00e1sticos fosfatados y air-set para satisfacer los requisitos exigidos en la industria del tratamiento t\u00e9rmico y la forja.","robots":{"index":"index","follow":"follow","max-snippet":"max-snippet:-1","max-image-preview":"max-image-preview:large","max-video-preview":"max-video-preview:-1"},"canonical":"https:\/\/alliedmineral.com\/es\/productos\/plasticos-y-materiales-de-reparacion\/tratamiento-termico-y-forja\/","og_locale":"es_ES","og_type":"article","og_title":"Pl\u00e1sticos: Productos para aplicaciones en la industria del tratamiento t\u00e9rmico y la forja.","og_description":"Suministramos una l\u00ednea completa de pl\u00e1sticos fosfatados y air-set para satisfacer los requisitos exigidos en la industria del tratamiento t\u00e9rmico y la forja.","og_url":"https:\/\/alliedmineral.com\/es\/productos\/plasticos-y-materiales-de-reparacion\/tratamiento-termico-y-forja\/","og_site_name":"Allied Mineral Products","article_modified_time":"2025-03-06T14:43:42+00:00","twitter_card":"summary_large_image","twitter_misc":{"Tiempo de lectura":"10 minutos"},"schema":{"@context":"https:\/\/schema.org","@graph":[{"@type":"WebPage","@id":"https:\/\/alliedmineral.com\/es\/productos\/plasticos-y-materiales-de-reparacion\/tratamiento-termico-y-forja\/","url":"https:\/\/alliedmineral.com\/es\/productos\/plasticos-y-materiales-de-reparacion\/tratamiento-termico-y-forja\/","name":"Pl\u00e1sticos: Productos para aplicaciones en la industria del tratamiento t\u00e9rmico y la forja.","isPartOf":{"@id":"https:\/\/alliedmineral.com\/es\/#website"},"datePublished":"2023-04-19T18:53:40+00:00","dateModified":"2025-03-06T14:43:42+00:00","description":"Suministramos una l\u00ednea completa de pl\u00e1sticos fosfatados y air-set para satisfacer los requisitos exigidos en la industria del tratamiento t\u00e9rmico y la forja.","breadcrumb":{"@id":"https:\/\/alliedmineral.com\/es\/productos\/plasticos-y-materiales-de-reparacion\/tratamiento-termico-y-forja\/#breadcrumb"},"inLanguage":"es","potentialAction":[{"@type":"ReadAction","target":["https:\/\/alliedmineral.com\/es\/productos\/plasticos-y-materiales-de-reparacion\/tratamiento-termico-y-forja\/"]}]},{"@type":"BreadcrumbList","@id":"https:\/\/alliedmineral.com\/es\/productos\/plasticos-y-materiales-de-reparacion\/tratamiento-termico-y-forja\/#breadcrumb","itemListElement":[{"@type":"ListItem","position":1,"name":"Home","item":"https:\/\/alliedmineral.com\/es\/"},{"@type":"ListItem","position":2,"name":"Productos","item":"https:\/\/alliedmineral.com\/es\/productos\/"},{"@type":"ListItem","position":3,"name":"Pl\u00e1sticos y materiales de reparaci\u00f3n","item":"https:\/\/alliedmineral.com\/es\/productos\/plasticos-y-materiales-de-reparacion\/"},{"@type":"ListItem","position":4,"name":"Tratamiento t\u00e9rmico y forja"}]},{"@type":"WebSite","@id":"https:\/\/alliedmineral.com\/es\/#website","url":"https:\/\/alliedmineral.com\/es\/","name":"Allied Mineral Products","description":"","potentialAction":[{"@type":"SearchAction","target":{"@type":"EntryPoint","urlTemplate":"https:\/\/alliedmineral.com\/es\/?s={search_term_string}"},"query-input":{"@type":"PropertyValueSpecification","valueRequired":true,"valueName":"search_term_string"}}],"inLanguage":"es"}]}},"_links":{"self":[{"href":"https:\/\/alliedmineral.com\/es\/wp-json\/wp\/v2\/pages\/11314","targetHints":{"allow":["GET"]}}],"collection":[{"href":"https:\/\/alliedmineral.com\/es\/wp-json\/wp\/v2\/pages"}],"about":[{"href":"https:\/\/alliedmineral.com\/es\/wp-json\/wp\/v2\/types\/page"}],"author":[{"embeddable":true,"href":"https:\/\/alliedmineral.com\/es\/wp-json\/wp\/v2\/users\/3"}],"replies":[{"embeddable":true,"href":"https:\/\/alliedmineral.com\/es\/wp-json\/wp\/v2\/comments?post=11314"}],"version-history":[{"count":0,"href":"https:\/\/alliedmineral.com\/es\/wp-json\/wp\/v2\/pages\/11314\/revisions"}],"up":[{"embeddable":true,"href":"https:\/\/alliedmineral.com\/es\/wp-json\/wp\/v2\/pages\/11288"}],"wp:attachment":[{"href":"https:\/\/alliedmineral.com\/es\/wp-json\/wp\/v2\/media?parent=11314"}],"curies":[{"name":"wp","href":"https:\/\/api.w.org\/{rel}","templated":true}]}}