{"id":11313,"date":"2023-04-19T09:12:32","date_gmt":"2023-04-19T14:12:32","guid":{"rendered":"https:\/\/alliedmineral.com\/productos\/plasticos-y-materiales-de-reparacion\/potencia\/"},"modified":"2025-03-06T09:43:41","modified_gmt":"2025-03-06T14:43:41","slug":"potencia","status":"publish","type":"page","link":"https:\/\/alliedmineral.com\/es\/productos\/plasticos-y-materiales-de-reparacion\/potencia\/","title":{"rendered":"Potencia"},"content":{"rendered":"<div class=\"wpb-content-wrapper\"><p>[vc_row full_width=\u00bbstretch_row\u00bb woodmart_bg_position=\u00bbcenter-bottom\u00bb css=\u00bb.vc_custom_1680617386280{margin-top: -40px !important;padding-top: 10px !important;padding-bottom: 18px !important;background-image: url(https:\/\/alliedmineral.com\/wp-content\/uploads\/2023\/03\/Allied-Minerals-title-1.jpg?id=84) !important;background-position: center !important;background-repeat: no-repeat !important;background-size: cover !important;}\u00bb woodmart_css_id=\u00bb642c2fa3441a4&#8243; responsive_spacing=\u00bbeyJwYXJhbV90eXBlIjoid29vZG1hcnRfcmVzcG9uc2l2ZV9zcGFjaW5nIiwic2VsZWN0b3JfaWQiOiI2NDJjMmZhMzQ0MWE0Iiwic2hvcnRjb2RlIjoidmNfcm93IiwiZGF0YSI6eyJ0YWJsZXQiOnt9LCJtb2JpbGUiOnt9fX0=\u00bb mobile_bg_img_hidden=\u00bbno\u00bb tablet_bg_img_hidden=\u00bbno\u00bb woodmart_parallax=\u00bb0&#8243; woodmart_gradient_switch=\u00bbno\u00bb woodmart_box_shadow=\u00bbno\u00bb wd_z_index=\u00bbno\u00bb woodmart_disable_overflow=\u00bb0&#8243; row_reverse_mobile=\u00bb0&#8243; row_reverse_tablet=\u00bb0&#8243;][vc_column css_animation=\u00bbfadeInUp\u00bb woodmart_css_id=\u00bb642eeb64391ac\u00bb parallax_scroll=\u00bbno\u00bb woodmart_sticky_column=\u00bbfalse\u00bb wd_collapsible_content_switcher=\u00bbno\u00bb wd_column_role_offcanvas_desktop=\u00bbno\u00bb wd_column_role_offcanvas_tablet=\u00bbno\u00bb wd_column_role_offcanvas_mobile=\u00bbno\u00bb wd_column_role_content_desktop=\u00bbno\u00bb wd_column_role_content_tablet=\u00bbno\u00bb wd_column_role_content_mobile=\u00bbno\u00bb mobile_bg_img_hidden=\u00bbno\u00bb tablet_bg_img_hidden=\u00bbno\u00bb woodmart_parallax=\u00bb0&#8243; woodmart_box_shadow=\u00bbno\u00bb responsive_spacing=\u00bbeyJwYXJhbV90eXBlIjoid29vZG1hcnRfcmVzcG9uc2l2ZV9zcGFjaW5nIiwic2VsZWN0b3JfaWQiOiI2NDJlZWI2NDM5MWFjIiwic2hvcnRjb2RlIjoidmNfY29sdW1uIiwiZGF0YSI6eyJ0YWJsZXQiOnt9LCJtb2JpbGUiOnt9fX0=\u00bb mobile_reset_margin=\u00bbno\u00bb tablet_reset_margin=\u00bbno\u00bb wd_z_index=\u00bbno\u00bb][vc_custom_heading text=\u00bbPl\u00e1sticos y materiales de parcheo para energ\u00eda\u00bb font_container=\u00bbtag:h1|font_size:40|text_align:left|color:%23ffffff|line_height:1&#8243; use_theme_fonts=\u00bbyes\u00bb el_class=\u00bbpage-title\u00bb css=\u00bb.vc_custom_1681913064163{border-bottom-width: 4px !important;padding-bottom: 20px !important;border-bottom-color: #ee7623 !important;border-bottom-style: solid !important;}\u00bb][\/vc_column][\/vc_row][vc_row equal_height=\u00bbyes\u00bb content_placement=\u00bbmiddle\u00bb css=\u00bb.vc_custom_1680617197510{padding-top: 20px !important;padding-bottom: 100px !important;}\u00bb woodmart_css_id=\u00bb642c2ed8ca6f6&#8243; responsive_spacing=\u00bbeyJwYXJhbV90eXBlIjoid29vZG1hcnRfcmVzcG9uc2l2ZV9zcGFjaW5nIiwic2VsZWN0b3JfaWQiOiI2NDJjMmVkOGNhNmY2Iiwic2hvcnRjb2RlIjoidmNfcm93IiwiZGF0YSI6eyJ0YWJsZXQiOnt9LCJtb2JpbGUiOnt9fX0=\u00bb mobile_bg_img_hidden=\u00bbno\u00bb tablet_bg_img_hidden=\u00bbno\u00bb woodmart_parallax=\u00bb0&#8243; woodmart_gradient_switch=\u00bbno\u00bb woodmart_box_shadow=\u00bbno\u00bb wd_z_index=\u00bbno\u00bb woodmart_disable_overflow=\u00bb0&#8243; row_reverse_mobile=\u00bb0&#8243; row_reverse_tablet=\u00bb0&#8243;][vc_column css_animation=\u00bbfadeIn\u00bb offset=\u00bbvc_col-md-6&#8243; woodmart_css_id=\u00bb64245f202e99c\u00bb parallax_scroll=\u00bbno\u00bb woodmart_sticky_column=\u00bbfalse\u00bb wd_collapsible_content_switcher=\u00bbno\u00bb wd_column_role_offcanvas_desktop=\u00bbno\u00bb wd_column_role_offcanvas_tablet=\u00bbno\u00bb wd_column_role_offcanvas_mobile=\u00bbno\u00bb wd_column_role_content_desktop=\u00bbno\u00bb wd_column_role_content_tablet=\u00bbno\u00bb wd_column_role_content_mobile=\u00bbno\u00bb mobile_bg_img_hidden=\u00bbno\u00bb tablet_bg_img_hidden=\u00bbno\u00bb woodmart_parallax=\u00bb0&#8243; woodmart_box_shadow=\u00bbno\u00bb responsive_spacing=\u00bbeyJwYXJhbV90eXBlIjoid29vZG1hcnRfcmVzcG9uc2l2ZV9zcGFjaW5nIiwic2VsZWN0b3JfaWQiOiI2NDI0NWYyMDJlOTljIiwic2hvcnRjb2RlIjoidmNfY29sdW1uIiwiZGF0YSI6eyJ0YWJsZXQiOnt9LCJtb2JpbGUiOnt9fX0=\u00bb mobile_reset_margin=\u00bbno\u00bb tablet_reset_margin=\u00bbno\u00bb wd_z_index=\u00bbno\u00bb][vc_single_image image=\u00bb7317&#8243; img_size=\u00bbfull\u00bb alignment=\u00bbcenter\u00bb parallax_scroll=\u00bbno\u00bb woodmart_inline=\u00bbno\u00bb][\/vc_column][vc_column css_animation=\u00bbfadeIn\u00bb offset=\u00bbvc_col-md-6&#8243; woodmart_css_id=\u00bb64754d411c094&#8243; parallax_scroll=\u00bbno\u00bb woodmart_sticky_column=\u00bbfalse\u00bb wd_collapsible_content_switcher=\u00bbno\u00bb wd_column_role_offcanvas_desktop=\u00bbno\u00bb wd_column_role_offcanvas_tablet=\u00bbno\u00bb wd_column_role_offcanvas_mobile=\u00bbno\u00bb wd_column_role_content_desktop=\u00bbno\u00bb wd_column_role_content_tablet=\u00bbno\u00bb wd_column_role_content_mobile=\u00bbno\u00bb mobile_bg_img_hidden=\u00bbno\u00bb tablet_bg_img_hidden=\u00bbno\u00bb woodmart_parallax=\u00bb0&#8243; woodmart_box_shadow=\u00bbno\u00bb responsive_spacing=\u00bbeyJwYXJhbV90eXBlIjoid29vZG1hcnRfcmVzcG9uc2l2ZV9zcGFjaW5nIiwic2VsZWN0b3JfaWQiOiI2NDc1NGQ0MTFjMDk0Iiwic2hvcnRjb2RlIjoidmNfY29sdW1uIiwiZGF0YSI6eyJ0YWJsZXQiOnsicGFkZGluZy1sZWZ0IjoiMTUifSwibW9iaWxlIjp7fX19&#8243; mobile_reset_margin=\u00bbno\u00bb tablet_reset_margin=\u00bbno\u00bb wd_z_index=\u00bbno\u00bb css=\u00bb.vc_custom_1685409096037{padding-left: 10% !important;}\u00bb][vc_column_text woodmart_inline=\u00bbno\u00bb text_larger=\u00bbno\u00bb]<\/p>\n<h2>Pl\u00e1sticos y materiales de parcheo para energ\u00eda<\/h2>\n<p>Allied Mineral Products ofrece m\u00faltiples opciones de pl\u00e1sticos fosfatados y air-set para adaptarse a las especificaciones de las aplicaciones en la industria energ\u00e9tica.[\/vc_column_text]<div id=\"wd-6425af2fe90f4\" class=\" wd-rs-6425af2fe90f4  wd-button-wrapper text-center inline-element\"><a href=\"\/es\/?page_id=11278\" title=\"P\u00f3ngase en contacto con\" class=\"btn btn-scheme-light btn-scheme-hover-light btn-style-default btn-style-rectangle btn-size-large\">SOLICITAR PRESUPUESTO<\/a><\/div><div id=\"wd-643ff5b02f508\" class=\" wd-rs-643ff5b02f508  wd-button-wrapper text-center inline-element\"><a href=\"\/wp-content\/uploads\/2023\/04\/Formatted-POWER-product-tables_PLASTICS.pdf\" title=\"P\u00f3ngase en contacto con\" target=\"_blank\" class=\"btn btn-color-alt btn-style-default btn-style-rectangle btn-size-large\">DESCARGAR PDF<\/a><\/div>[\/vc_column][\/vc_row][vc_row full_width=\u00bbstretch_row\u00bb equal_height=\u00bbyes\u00bb css=\u00bb.vc_custom_1685409131299{margin-bottom: -40px !important;padding-top: 100px !important;padding-bottom: 100px !important;}\u00bb woodmart_css_id=\u00bb64754d60bb281&#8243; responsive_spacing=\u00bbeyJwYXJhbV90eXBlIjoid29vZG1hcnRfcmVzcG9uc2l2ZV9zcGFjaW5nIiwic2VsZWN0b3JfaWQiOiI2NDc1NGQ2MGJiMjgxIiwic2hvcnRjb2RlIjoidmNfcm93IiwiZGF0YSI6eyJ0YWJsZXQiOnsicGFkZGluZy1yaWdodCI6IjM1cHgiLCJwYWRkaW5nLWxlZnQiOiIzNXB4In0sIm1vYmlsZSI6eyJwYWRkaW5nLXRvcCI6IjUwIiwicGFkZGluZy1ib3R0b20iOiI1MCJ9fX0=\u00bb mobile_bg_img_hidden=\u00bbno\u00bb tablet_bg_img_hidden=\u00bbno\u00bb woodmart_parallax=\u00bb0&#8243; woodmart_gradient_switch=\u00bbyes\u00bb woodmart_box_shadow=\u00bbno\u00bb wd_z_index=\u00bbno\u00bb woodmart_disable_overflow=\u00bb0&#8243; row_reverse_mobile=\u00bb0&#8243; row_reverse_tablet=\u00bb0&#8243; woodmart_color_gradient=\u00bbrgb(221, 117, 39)-0\/rgb(0, 0, 0)-100\/|linear-gradient(top , rgb(221, 117, 39) , rgb(0, 0, 0) 100%)|linear|top\u00bb][vc_column css=\u00bb.vc_custom_1680106105116{margin-bottom: 0px !important;padding-bottom: 25px !important;background-color: #92412b !important;}\u00bb woodmart_css_id=\u00bb642462726b593&#8243; parallax_scroll=\u00bbno\u00bb woodmart_sticky_column=\u00bbfalse\u00bb wd_collapsible_content_switcher=\u00bbno\u00bb wd_column_role_offcanvas_desktop=\u00bbno\u00bb wd_column_role_offcanvas_tablet=\u00bbno\u00bb wd_column_role_offcanvas_mobile=\u00bbno\u00bb wd_column_role_content_desktop=\u00bbno\u00bb wd_column_role_content_tablet=\u00bbno\u00bb wd_column_role_content_mobile=\u00bbno\u00bb mobile_bg_img_hidden=\u00bbno\u00bb tablet_bg_img_hidden=\u00bbno\u00bb woodmart_parallax=\u00bb0&#8243; woodmart_box_shadow=\u00bbno\u00bb responsive_spacing=\u00bbeyJwYXJhbV90eXBlIjoid29vZG1hcnRfcmVzcG9uc2l2ZV9zcGFjaW5nIiwic2VsZWN0b3JfaWQiOiI2NDI0NjI3MjZiNTkzIiwic2hvcnRjb2RlIjoidmNfY29sdW1uIiwiZGF0YSI6eyJ0YWJsZXQiOnt9LCJtb2JpbGUiOnt9fX0=\u00bb mobile_reset_margin=\u00bbno\u00bb tablet_reset_margin=\u00bbno\u00bb wd_z_index=\u00bbno\u00bb][vc_custom_heading text=\u00bbDETALLES DEL MATERIAL\u00bb font_container=\u00bbtag:h2|text_align:center|color:%23ffffff|line_height:1&#8243; use_theme_fonts=\u00bbyes\u00bb css=\u00bb.vc_custom_1680105781030{margin-bottom: 5px !important;}\u00bb][\/vc_column][vc_column css=\u00bb.vc_custom_1680106740193{margin-top: 0px !important;padding-top: 50px !important;padding-right: 120px !important;padding-bottom: 50px !important;padding-left: 120px !important;background-color: #ffffff !important;}\u00bb woodmart_css_id=\u00bb642464e8dbd6f\u00bb parallax_scroll=\u00bbno\u00bb woodmart_sticky_column=\u00bbfalse\u00bb wd_collapsible_content_switcher=\u00bbno\u00bb wd_column_role_offcanvas_desktop=\u00bbno\u00bb wd_column_role_offcanvas_tablet=\u00bbno\u00bb wd_column_role_offcanvas_mobile=\u00bbno\u00bb wd_column_role_content_desktop=\u00bbno\u00bb wd_column_role_content_tablet=\u00bbno\u00bb wd_column_role_content_mobile=\u00bbno\u00bb mobile_bg_img_hidden=\u00bbno\u00bb tablet_bg_img_hidden=\u00bbno\u00bb woodmart_parallax=\u00bb0&#8243; woodmart_box_shadow=\u00bbno\u00bb responsive_spacing=\u00bbeyJwYXJhbV90eXBlIjoid29vZG1hcnRfcmVzcG9uc2l2ZV9zcGFjaW5nIiwic2VsZWN0b3JfaWQiOiI2NDI0NjRlOGRiZDZmIiwic2hvcnRjb2RlIjoidmNfY29sdW1uIiwiZGF0YSI6eyJ0YWJsZXQiOnsicGFkZGluZy1yaWdodCI6IjIxIiwicGFkZGluZy1sZWZ0IjoiMjEifSwibW9iaWxlIjp7InBhZGRpbmctcmlnaHQiOiIyMSIsInBhZGRpbmctbGVmdCI6IjIxIn19fQ==\u00bb mobile_reset_margin=\u00bbno\u00bb tablet_reset_margin=\u00bbno\u00bb wd_z_index=\u00bbno\u00bb][vc_tta_accordion style=\u00bbmodern\u00bb shape=\u00bbsquare\u00bb color=\u00bbwhite\u00bb active_section=\u00bb-1&#8243; no_fill=\u00bbtrue\u00bb collapsible_all=\u00bbtrue\u00bb el_id=\u00bbproduct-category-pg\u00bb][vc_tta_section title=\u00bbPL\u00c1STICO FOSFATADO\u00bb tab_id=\u00bbplatics-patching-materials-power-phos-bonded\u00bb][vc_raw_html css=\u00bb.vc_custom_1686753195375{border-top-width: 1px !important;border-top-color: #ee7623 !important;border-top-style: solid !important;}\u00bb]PGRpdiBjbGFzcz0icHJvZHVjdC10YWJsZS1pbmZvIj4KCTx0YWJsZSBjbGFzcz0icHJvZHVjdC10YWJsZXMiPgoJCTx0aGVhZD4KCQkJPHRyPgoJCQkJPHRoIHJvd3NwYW49IjIiPlByb2R1Y3RvPC90aD4KCQkJCTx0aCBjb2xzcGFuPSIyIj5RdcOtbWljYTwvdGg+CgkJCQk8dGggY29sc3Bhbj0iMiI+RGVuc2lkYWQgODE1wrBDPGJyPigxNTAwwrBGKTwvdGg+CiAgICAgICAgICAgICAgICAJCTx0aCBjb2xzcGFuPSIyIj5UZW1wLiBMw61taXRlPC90aD4KCQkJCTx0aCByb3dzcGFuPSIyIj5Nw6l0b2RvIGRlIGluc3RhbGFjacOzbjwvdGg+CgkJCTwvdHI+CiAgICAgICAgICAgIDx0cj4KICAgICAgICAgICAgICAgIDx0aD48c3ViPkFsMk8zPC9zdWI+PC90aD4KCQk8dGg+PHN1Yj5TaU8yPC9zdWI+PC90aD4KICAgICAgICAgICAgICAgIDx0aD48c3VwPmcvY20zPC9zdXA+PC90aD4KICAgICAgICAgICAgICAgIDx0aD48c3VwPmxiL3BpZTMzPC9zdXA+PC90aD4KICAgICAgICAgICAgICAgIDx0aD7CsEM8L3RoPgogICAgICAgICAgICAgICAgPHRoPsKwRjwvdGg+CiAgICAgICAgICAgIDwvdHI+CgkJPC90aGVhZD4KCQk8dGJvZHk+CiAgICA8dHI+CiAgICAgICAgPHRkPlJBTSBNQVjCriBCUiA3MCBQIEFaVUw8L3RkPgogICAgICAgIDx0ZD42OS44PC90ZD4KICAgICAgICA8dGQ+MjMuNDwvdGQ+CiAgICAgICAgPHRkPjIuNTY8L3RkPgogICAgICAgIDx0ZD4xNjQ8L3RkPgogICAgICAgIDx0ZD4xNzYwPC90ZD4KICAgICAgICA8dGQ+MzIwMDwvdGQ+CiAgICAgICAgPHRkPkNhcm5lcm8gUG51ZW3DoXRpY288L3RkPgogICAgPC90cj4KICAgIDx0cj4KICAgICAgICA8dGQ+UkFNIE1BWMKuIDcwIFA8L3RkPgogICAgICAgIDx0ZD42OS4xPC90ZD4KICAgICAgICA8dGQ+MjIuODwvdGQ+CiAgICAgICAgPHRkPjIuNjY8L3RkPgogICAgICAgIDx0ZD4xNjY8L3RkPgogICAgICAgIDx0ZD4xNzYwPC90ZD4KICAgICAgICA8dGQ+MzIwMDwvdGQ+CiAgICAgICAgPHRkPkNhcm5lcm8gUG51ZW3DoXRpY288L3RkPgogICAgPC90cj4KICAgIDx0cj4KICAgICAgICA8dGQ+UkFNIE1BWMKuIDc1IFA8L3RkPgogICAgICAgIDx0ZD43Mi4zPC90ZD4KICAgICAgICA8dGQ+MTkuNzwvdGQ+CiAgICAgICAgPHRkPjIuNzQ8L3RkPgogICAgICAgIDx0ZD4xNzE8L3RkPgogICAgICAgIDx0ZD4xNzYwPC90ZD4KICAgICAgICA8dGQ+MzIwMDwvdGQ+CiAgICAgICAgPHRkPkNhcm5lcm8gUG51ZW3DoXRpY288L3RkPgogICAgPC90cj4KICAgIDx0cj4KICAgICAgICA8dGQ+UkFNIE1BWMKuIDg1IFA8L3RkPgogICAgICAgIDx0ZD44My44PC90ZD4KICAgICAgICA8dGQ+OS4wPC90ZD4KICAgICAgICA8dGQ+Mi45MjwvdGQ+CiAgICAgICAgPHRkPjE4MjwvdGQ+CiAgICAgICAgPHRkPjE3NjA8L3RkPgogICAgICAgIDx0ZD4zMjAwPC90ZD4KICAgICAgICA8dGQ+Q2FybmVybyBQbnVlbcOhdGljbzwvdGQ+CiAgICA8L3RyPgogICAgPHRyPgogICAgICAgIDx0ZD5SQU0gTUFYwq4gODUgUCBFWFQ8L3RkPgogICAgICAgIDx0ZD44MS44PC90ZD4KICAgICAgICA8dGQ+MTAuNDwvdGQ+CiAgICAgICAgPHRkPjIuNzk8L3RkPgogICAgICAgIDx0ZD4xNzg8L3RkPgogICAgICAgIDx0ZD4xNzYwPC90ZD4KICAgICAgICA8dGQ+MzIwMDwvdGQ+CiAgICAgICAgPHRkPkNhcm5lcm8gUG51ZW3DoXRpY288L3RkPgogICAgPC90cj4KICAgIDx0cj4KICAgICAgICA8dGQ+UkFNIE1BWMKuIDkwIFA8L3RkPgogICAgICAgIDx0ZD44Ny40PC90ZD4KICAgICAgICA8dGQ+Ny4xPC90ZD4KICAgICAgICA8dGQ+My4wOTwvdGQ+CiAgICAgICAgPHRkPjE5MzwvdGQ+CiAgICAgICAgIDx0ZD4xODE1PC90ZD4KICAgICAgICA8dGQ+MzMwMDwvdGQ+CiAgICAgICAgPHRkPkNhcm5lcm8gUG51ZW3DoXRpY288L3RkPgogICAgPC90cj4KICAgIDx0cj4KICAgICAgICA8dGQ+UkFNIE1BWMKuIDk1IFA8L3RkPgogICAgICAgIDx0ZD45Mi4xPC90ZD4KICAgICAgICA8dGQ+NC4xPC90ZD4KICAgICAgICA8dGQ+My4wOTwvdGQ+CiAgICAgICAgPHRkPjE5MzwvdGQ+CiAgICAgICAgPHRkPjE3NjA8L3RkPgogICAgICAgIDx0ZD4zMjAwPC90ZD4KICAgICAgICA8dGQ+Q2FybmVybyBQbnVlbcOhdGljbzwvdGQ+CiAgICA8L3RyPgogICAgPHRyPgogICAgICAgIDx0ZD5SQU0gTUFYwq4gODAgU2lDIFA8L3RkPgogICAgICAgIDx0ZD4xMS41PC90ZD4KICAgICAgICA8dGQ+NS4zPC90ZD4KICAgICAgICA8dGQ+Mi42ODwvdGQ+CiAgICAgICAgPHRkPjE2NzwvdGQ+CiAgICAgICAgPHRkPjE1MDA8L3RkPgogICAgICAgIDx0ZD4yNzMwPC90ZD4KICAgICAgICA8dGQ+Q2FybmVybyBQbnVlbcOhdGljbzwvdGQ+CiAgICA8L3RyPgogICAgPHRyPgogICAgICAgIDx0ZD5TVEVFTC1QQUsgOTAgQ3I8L3RkPgogICAgICAgIDx0ZD43NS41PC90ZD4KICAgICAgICA8dGQ+MTEuMjwvdGQ+CiAgICAgICAgPHRkPjIuOTM8L3RkPgogICAgICAgIDx0ZD4xODM8L3RkPgogICAgICAgIDx0ZD4xNzYwPC90ZD4KICAgICAgICA8dGQ+MzIwMDwvdGQ+CiAgICAgICAgPHRkPkNhcm5lcm8gUG51ZW3DoXRpY288L3RkPgogICAgPC90cj4KICAgIDx0cj4KICAgICAgICA8dGQ+U1RFRUwtUEFLIDg2IENyPC90ZD4KICAgICAgICA8dGQ+NzcuMzwvdGQ+CiAgICAgICAgPHRkPjExLjI8L3RkPgogICAgICAgIDx0ZD4yLjkyPC90ZD4KICAgICAgICA8dGQ+MTgyPC90ZD4KICAgICAgICA8dGQ+MTc2MDwvdGQ+CiAgICAgICAgPHRkPjMyMDA8L3RkPgogICAgICAgIDx0ZD5DYXJuZXJvIFBudWVtw6F0aWNvPC90ZD4KICAgIDwvdHI+CgkJPC90Ym9keT4KCTwvdGFibGU+CjwvZGl2Pg==[\/vc_raw_html][\/vc_tta_section][vc_tta_section title=\u00bbAIR SET PL\u00c1STICO\u00bb tab_id=\u00bbplastics-patching-materials-power-air-set\u00bb][vc_raw_html css=\u00bb.vc_custom_1686753306791{border-top-width: 1px !important;border-top-color: #ee7623 !important;border-top-style: solid !important;}\u00bb]PGRpdiBjbGFzcz0icHJvZHVjdC10YWJsZS1pbmZvIj4KCTx0YWJsZSBjbGFzcz0icHJvZHVjdC10YWJsZXMiPgoJCTx0aGVhZD4KCQkJPHRyPgoJCQkJPHRoIHJvd3NwYW49IjIiPlByb2R1Y3RvPC90aD4KCQkJCTx0aCBjb2xzcGFuPSIyIj5RdcOtbWljYTwvdGg+CgkJCQk8dGggY29sc3Bhbj0iMiI+RGVuc2lkYWQgODE1wrBDPGJyPigxNTAwwrBGKTwvdGg+CgkJCQk8dGggY29sc3Bhbj0iMiI+VGVtcC4gTMOtbWl0ZTwvdGg+CgkJCQk8dGggcm93c3Bhbj0iMiI+TcOpdG9kbyBkZSBpbnN0YWxhY2nDs248L3RoPgoJCQk8L3RyPgogICAgICAgICAgICA8dHI+CiAgICAgICAgICAgICAgICA8dGg+PHN1Yj5BbDJPMzwvc3ViPjwvdGg+CgkJPHRoPjxzdWI+U2lPMjwvc3ViPjwvdGg+CiAgICAgICAgICAgICAgICA8dGg+PHN1cD5nL2NtMzwvc3VwPjwvdGg+CiAgICAgICAgICAgICAgICA8dGg+PHN1cD5sYi9waWUzMzwvc3VwPjwvdGg+CiAgICAgICAgICAgICAgICA8dGg+wrBDPC90aD4KICAgICAgICAgICAgICAgIDx0aD7CsEY8L3RoPgogICAgICAgICAgICA8L3RyPgoJCTwvdGhlYWQ+CgkJPHRib2R5PgogICAgPHRyPgogICAgICAgIDx0ZD5SQU0gTUFYwq4gNDUgQVM8L3RkPgogICAgICAgIDx0ZD41Mi43PC90ZD4KICAgICAgICA8dGQ+NDIuMjwvdGQ+CiAgICAgICAgPHRkPjIuMjQ8L3RkPgogICAgICAgIDx0ZD4xNDY8L3RkPgogICAgICAgIDx0ZD4xNjQ5PC90ZD4KICAgICAgICA8dGQ+MzAwMDwvdGQ+CiAgICAgICAgPHRkPkNhcm5lcm8gUG51ZW3DoXRpY288L3RkPgogICAgPC90cj4KICAgIDx0cj4KICAgICAgICA8dGQ+UkFNIE1BWMKuIDYwIEFTPC90ZD4KICAgICAgICA8dGQ+NTcuMDwvdGQ+CiAgICAgICAgPHRkPjM4LjA8L3RkPgogICAgICAgIDx0ZD4yLjU2PC90ZD4KICAgICAgICA8dGQ+MTYwPC90ZD4KICAgICAgICA8dGQ+MTY1MDwvdGQ+CiAgICAgICAgPHRkPjMwMDA8L3RkPgogICAgICAgIDx0ZD5DYXJuZXJvIFBudWVtw6F0aWNvPC90ZD4KICAgIDwvdHI+CiAgICA8dHI+CiAgICAgICAgPHRkPlJBTSBNQVjCriA2NSBBUzwvdGQ+CiAgICAgICAgPHRkPjYyLjU8L3RkPgogICAgICAgIDx0ZD4zMi44PC90ZD4KICAgICAgICA8dGQ+Mi43OTwvdGQ+CiAgICAgICAgPHRkPjE3NDwvdGQ+CiAgICAgICAgPHRkPjE4MTU8L3RkPgogICAgICAgIDx0ZD4zMzAwPC90ZD4KICAgICAgICA8dGQ+Q2FybmVybyBQbnVlbcOhdGljbzwvdGQ+CiAgICA8L3RyPgogICAgPHRyPgogICAgICAgIDx0ZD5SQU0gTUFYwq4gODAgQVM8L3RkPgogICAgICAgIDx0ZD43OC4wPC90ZD4KICAgICAgICA8dGQ+MTYuNDwvdGQ+CiAgICAgICAgPHRkPjIuNzI8L3RkPgogICAgICAgIDx0ZD4xNzA8L3RkPgogICAgICAgIDx0ZD4xNzYwPC90ZD4KICAgICAgICA8dGQ+MzIwMDwvdGQ+CiAgICAgICAgPHRkPkNhcm5lcm8gUG51ZW3DoXRpY288L3RkPgogICAgPC90cj4KICAgIDx0cj4KICAgICAgICA8dGQ+UkFNIE1BWMKuIDkwIEFTPC90ZD4KICAgICAgICA8dGQ+OTEuODwvdGQ+CiAgICAgICAgPHRkPjcuMjwvdGQ+CiAgICAgICAgPHRkPjIuNzk8L3RkPgogICAgICAgIDx0ZD4xNzQ8L3RkPgogICAgICAgIDx0ZD4xODE1PC90ZD4KICAgICAgICA8dGQ+MzMwMDwvdGQ+CiAgICAgICAgPHRkPkNhcm5lcm8gUG51ZW3DoXRpY288L3RkPgogICAgPC90cj4KCQk8L3Rib2R5PgoJPC90YWJsZT4KPC9kaXY+[\/vc_raw_html][\/vc_tta_section][\/vc_tta_accordion]<div id=\"wd-643ff5c59f39a\" class=\" wd-rs-643ff5c59f39a vc_custom_1681913312701 wd-button-wrapper text-center inline-element\"><a href=\"\/wp-content\/uploads\/2023\/04\/Formatted-POWER-product-tables_PLASTICS.pdf\" title=\"P\u00f3ngase en contacto con\" target=\"_blank\" class=\"btn btn-color-alt btn-style-default btn-style-rectangle btn-size-large\">DESCARGAR PDF<\/a><\/div>[\/vc_column][\/vc_row]<\/p>\n<\/div>","protected":false},"excerpt":{"rendered":"<p>[vc_row full_width=\u00bbstretch_row\u00bb woodmart_bg_position=\u00bbcenter-bottom\u00bb css=\u00bb.vc_custom_1680617386280{margin-top: -40px !important;padding-top: 10px !important;padding-bottom: 18px !important;background-image: url(https:\/\/alliedmineral.com\/wp-content\/uploads\/2023\/03\/Allied-Minerals-title-1.jpg?id=84) !important;background-position: center !important;background-repeat: no-repeat !important;background-size: cover !important;}\u00bb woodmart_css_id=\u00bb642c2fa3441a4&#8243; responsive_spacing=\u00bbeyJwYXJhbV90eXBlIjoid29vZG1hcnRfcmVzcG9uc2l2ZV9zcGFjaW5nIiwic2VsZWN0b3JfaWQiOiI2NDJjMmZhMzQ0MWE0Iiwic2hvcnRjb2RlIjoidmNfcm93IiwiZGF0YSI6eyJ0YWJsZXQiOnt9LCJtb2JpbGUiOnt9fX0=\u00bb<\/p>\n","protected":false},"author":3,"featured_media":0,"parent":11288,"menu_order":0,"comment_status":"closed","ping_status":"closed","template":"","meta":{"content-type":"","footnotes":""},"class_list":["post-11313","page","type-page","status-publish","hentry"],"yoast_head":"<!-- This site is optimized with the Yoast SEO plugin v25.7 - https:\/\/yoast.com\/wordpress\/plugins\/seo\/ -->\n<title>Pl\u00e1sticos: Productos para aplicaciones en la industria energ\u00e9tica.<\/title>\n<meta name=\"description\" content=\"Cumpla las especificaciones de aplicaci\u00f3n en la industria energ\u00e9tica con las opciones de pl\u00e1stico fosfatado y air-set de Allied.\" \/>\n<meta name=\"robots\" content=\"index, follow, max-snippet:-1, max-image-preview:large, max-video-preview:-1\" \/>\n<link rel=\"canonical\" href=\"https:\/\/alliedmineral.com\/es\/productos\/plasticos-y-materiales-de-reparacion\/potencia\/\" \/>\n<meta property=\"og:locale\" content=\"es_ES\" \/>\n<meta property=\"og:type\" content=\"article\" \/>\n<meta property=\"og:title\" content=\"Pl\u00e1sticos: Productos para aplicaciones en la industria energ\u00e9tica.\" \/>\n<meta property=\"og:description\" content=\"Cumpla las especificaciones de aplicaci\u00f3n en la industria energ\u00e9tica con las opciones de pl\u00e1stico fosfatado y air-set de Allied.\" \/>\n<meta property=\"og:url\" content=\"https:\/\/alliedmineral.com\/es\/productos\/plasticos-y-materiales-de-reparacion\/potencia\/\" \/>\n<meta property=\"og:site_name\" content=\"Allied Mineral Products\" \/>\n<meta property=\"article:modified_time\" content=\"2025-03-06T14:43:41+00:00\" \/>\n<meta name=\"twitter:card\" content=\"summary_large_image\" \/>\n<meta name=\"twitter:label1\" content=\"Tiempo de lectura\" \/>\n\t<meta name=\"twitter:data1\" content=\"11 minutos\" \/>\n<script type=\"application\/ld+json\" class=\"yoast-schema-graph\">{\"@context\":\"https:\/\/schema.org\",\"@graph\":[{\"@type\":\"WebPage\",\"@id\":\"https:\/\/alliedmineral.com\/es\/productos\/plasticos-y-materiales-de-reparacion\/potencia\/\",\"url\":\"https:\/\/alliedmineral.com\/es\/productos\/plasticos-y-materiales-de-reparacion\/potencia\/\",\"name\":\"Pl\u00e1sticos: Productos para aplicaciones en la industria energ\u00e9tica.\",\"isPartOf\":{\"@id\":\"https:\/\/alliedmineral.com\/es\/#website\"},\"datePublished\":\"2023-04-19T14:12:32+00:00\",\"dateModified\":\"2025-03-06T14:43:41+00:00\",\"description\":\"Cumpla las especificaciones de aplicaci\u00f3n en la industria energ\u00e9tica con las opciones de pl\u00e1stico fosfatado y air-set de Allied.\",\"breadcrumb\":{\"@id\":\"https:\/\/alliedmineral.com\/es\/productos\/plasticos-y-materiales-de-reparacion\/potencia\/#breadcrumb\"},\"inLanguage\":\"es\",\"potentialAction\":[{\"@type\":\"ReadAction\",\"target\":[\"https:\/\/alliedmineral.com\/es\/productos\/plasticos-y-materiales-de-reparacion\/potencia\/\"]}]},{\"@type\":\"BreadcrumbList\",\"@id\":\"https:\/\/alliedmineral.com\/es\/productos\/plasticos-y-materiales-de-reparacion\/potencia\/#breadcrumb\",\"itemListElement\":[{\"@type\":\"ListItem\",\"position\":1,\"name\":\"Home\",\"item\":\"https:\/\/alliedmineral.com\/es\/\"},{\"@type\":\"ListItem\",\"position\":2,\"name\":\"Productos\",\"item\":\"https:\/\/alliedmineral.com\/es\/productos\/\"},{\"@type\":\"ListItem\",\"position\":3,\"name\":\"Pl\u00e1sticos y materiales de reparaci\u00f3n\",\"item\":\"https:\/\/alliedmineral.com\/es\/productos\/plasticos-y-materiales-de-reparacion\/\"},{\"@type\":\"ListItem\",\"position\":4,\"name\":\"Potencia\"}]},{\"@type\":\"WebSite\",\"@id\":\"https:\/\/alliedmineral.com\/es\/#website\",\"url\":\"https:\/\/alliedmineral.com\/es\/\",\"name\":\"Allied Mineral Products\",\"description\":\"\",\"potentialAction\":[{\"@type\":\"SearchAction\",\"target\":{\"@type\":\"EntryPoint\",\"urlTemplate\":\"https:\/\/alliedmineral.com\/es\/?s={search_term_string}\"},\"query-input\":{\"@type\":\"PropertyValueSpecification\",\"valueRequired\":true,\"valueName\":\"search_term_string\"}}],\"inLanguage\":\"es\"}]}<\/script>\n<!-- \/ Yoast SEO plugin. -->","yoast_head_json":{"title":"Pl\u00e1sticos: Productos para aplicaciones en la industria energ\u00e9tica.","description":"Cumpla las especificaciones de aplicaci\u00f3n en la industria energ\u00e9tica con las opciones de pl\u00e1stico fosfatado y air-set de Allied.","robots":{"index":"index","follow":"follow","max-snippet":"max-snippet:-1","max-image-preview":"max-image-preview:large","max-video-preview":"max-video-preview:-1"},"canonical":"https:\/\/alliedmineral.com\/es\/productos\/plasticos-y-materiales-de-reparacion\/potencia\/","og_locale":"es_ES","og_type":"article","og_title":"Pl\u00e1sticos: Productos para aplicaciones en la industria energ\u00e9tica.","og_description":"Cumpla las especificaciones de aplicaci\u00f3n en la industria energ\u00e9tica con las opciones de pl\u00e1stico fosfatado y air-set de Allied.","og_url":"https:\/\/alliedmineral.com\/es\/productos\/plasticos-y-materiales-de-reparacion\/potencia\/","og_site_name":"Allied Mineral Products","article_modified_time":"2025-03-06T14:43:41+00:00","twitter_card":"summary_large_image","twitter_misc":{"Tiempo de lectura":"11 minutos"},"schema":{"@context":"https:\/\/schema.org","@graph":[{"@type":"WebPage","@id":"https:\/\/alliedmineral.com\/es\/productos\/plasticos-y-materiales-de-reparacion\/potencia\/","url":"https:\/\/alliedmineral.com\/es\/productos\/plasticos-y-materiales-de-reparacion\/potencia\/","name":"Pl\u00e1sticos: Productos para aplicaciones en la industria energ\u00e9tica.","isPartOf":{"@id":"https:\/\/alliedmineral.com\/es\/#website"},"datePublished":"2023-04-19T14:12:32+00:00","dateModified":"2025-03-06T14:43:41+00:00","description":"Cumpla las especificaciones de aplicaci\u00f3n en la industria energ\u00e9tica con las opciones de pl\u00e1stico fosfatado y air-set de Allied.","breadcrumb":{"@id":"https:\/\/alliedmineral.com\/es\/productos\/plasticos-y-materiales-de-reparacion\/potencia\/#breadcrumb"},"inLanguage":"es","potentialAction":[{"@type":"ReadAction","target":["https:\/\/alliedmineral.com\/es\/productos\/plasticos-y-materiales-de-reparacion\/potencia\/"]}]},{"@type":"BreadcrumbList","@id":"https:\/\/alliedmineral.com\/es\/productos\/plasticos-y-materiales-de-reparacion\/potencia\/#breadcrumb","itemListElement":[{"@type":"ListItem","position":1,"name":"Home","item":"https:\/\/alliedmineral.com\/es\/"},{"@type":"ListItem","position":2,"name":"Productos","item":"https:\/\/alliedmineral.com\/es\/productos\/"},{"@type":"ListItem","position":3,"name":"Pl\u00e1sticos y materiales de reparaci\u00f3n","item":"https:\/\/alliedmineral.com\/es\/productos\/plasticos-y-materiales-de-reparacion\/"},{"@type":"ListItem","position":4,"name":"Potencia"}]},{"@type":"WebSite","@id":"https:\/\/alliedmineral.com\/es\/#website","url":"https:\/\/alliedmineral.com\/es\/","name":"Allied Mineral Products","description":"","potentialAction":[{"@type":"SearchAction","target":{"@type":"EntryPoint","urlTemplate":"https:\/\/alliedmineral.com\/es\/?s={search_term_string}"},"query-input":{"@type":"PropertyValueSpecification","valueRequired":true,"valueName":"search_term_string"}}],"inLanguage":"es"}]}},"_links":{"self":[{"href":"https:\/\/alliedmineral.com\/es\/wp-json\/wp\/v2\/pages\/11313","targetHints":{"allow":["GET"]}}],"collection":[{"href":"https:\/\/alliedmineral.com\/es\/wp-json\/wp\/v2\/pages"}],"about":[{"href":"https:\/\/alliedmineral.com\/es\/wp-json\/wp\/v2\/types\/page"}],"author":[{"embeddable":true,"href":"https:\/\/alliedmineral.com\/es\/wp-json\/wp\/v2\/users\/3"}],"replies":[{"embeddable":true,"href":"https:\/\/alliedmineral.com\/es\/wp-json\/wp\/v2\/comments?post=11313"}],"version-history":[{"count":0,"href":"https:\/\/alliedmineral.com\/es\/wp-json\/wp\/v2\/pages\/11313\/revisions"}],"up":[{"embeddable":true,"href":"https:\/\/alliedmineral.com\/es\/wp-json\/wp\/v2\/pages\/11288"}],"wp:attachment":[{"href":"https:\/\/alliedmineral.com\/es\/wp-json\/wp\/v2\/media?parent=11313"}],"curies":[{"name":"wp","href":"https:\/\/api.w.org\/{rel}","templated":true}]}}