{"id":11308,"date":"2023-04-17T19:58:38","date_gmt":"2023-04-18T00:58:38","guid":{"rendered":"https:\/\/alliedmineral.com\/horno-de-empuje\/"},"modified":"2025-03-06T09:41:49","modified_gmt":"2025-03-06T14:41:49","slug":"horno-de-empuje","status":"publish","type":"page","link":"https:\/\/alliedmineral.com\/es\/industrias\/tratamiento-termico-y-forja\/horno-de-empuje\/","title":{"rendered":"Horno de empuje"},"content":{"rendered":"<div class=\"wpb-content-wrapper\"><p>[vc_row full_width=\u00bbstretch_row\u00bb woodmart_bg_position=\u00bbcenter-bottom\u00bb css=\u00bb.vc_custom_1680617386280{margin-top: -40px !important;padding-top: 10px !important;padding-bottom: 18px !important;background-image: url(https:\/\/alliedmineral.com\/wp-content\/uploads\/2023\/03\/Allied-Minerals-title-1.jpg?id=84) !important;background-position: center !important;background-repeat: no-repeat !important;background-size: cover !important;}\u00bb woodmart_css_id=\u00bb642c2fa3441a4&#8243; responsive_spacing=\u00bbeyJwYXJhbV90eXBlIjoid29vZG1hcnRfcmVzcG9uc2l2ZV9zcGFjaW5nIiwic2VsZWN0b3JfaWQiOiI2NDJjMmZhMzQ0MWE0Iiwic2hvcnRjb2RlIjoidmNfcm93IiwiZGF0YSI6eyJ0YWJsZXQiOnt9LCJtb2JpbGUiOnt9fX0=\u00bb mobile_bg_img_hidden=\u00bbno\u00bb tablet_bg_img_hidden=\u00bbno\u00bb woodmart_parallax=\u00bb0&#8243; woodmart_gradient_switch=\u00bbno\u00bb woodmart_box_shadow=\u00bbno\u00bb wd_z_index=\u00bbno\u00bb woodmart_disable_overflow=\u00bb0&#8243; row_reverse_mobile=\u00bb0&#8243; row_reverse_tablet=\u00bb0&#8243;][vc_column css_animation=\u00bbfadeInUp\u00bb woodmart_css_id=\u00bb642ec2f26e0bf\u00bb parallax_scroll=\u00bbno\u00bb woodmart_sticky_column=\u00bbfalse\u00bb wd_collapsible_content_switcher=\u00bbno\u00bb wd_column_role_offcanvas_desktop=\u00bbno\u00bb wd_column_role_offcanvas_tablet=\u00bbno\u00bb wd_column_role_offcanvas_mobile=\u00bbno\u00bb wd_column_role_content_desktop=\u00bbno\u00bb wd_column_role_content_tablet=\u00bbno\u00bb wd_column_role_content_mobile=\u00bbno\u00bb mobile_bg_img_hidden=\u00bbno\u00bb tablet_bg_img_hidden=\u00bbno\u00bb woodmart_parallax=\u00bb0&#8243; woodmart_box_shadow=\u00bbno\u00bb responsive_spacing=\u00bbeyJwYXJhbV90eXBlIjoid29vZG1hcnRfcmVzcG9uc2l2ZV9zcGFjaW5nIiwic2VsZWN0b3JfaWQiOiI2NDJlYzJmMjZlMGJmIiwic2hvcnRjb2RlIjoidmNfY29sdW1uIiwiZGF0YSI6eyJ0YWJsZXQiOnt9LCJtb2JpbGUiOnt9fX0=\u00bb mobile_reset_margin=\u00bbno\u00bb tablet_reset_margin=\u00bbno\u00bb wd_z_index=\u00bbno\u00bb][vc_custom_heading text=\u00bbHorno de empuje\u00bb font_container=\u00bbtag:h1|font_size:40|text_align:left|color:%23ffffff|line_height:1&#8243; use_theme_fonts=\u00bbyes\u00bb el_class=\u00bbpage-title\u00bb css=\u00bb.vc_custom_1681779408810{border-bottom-width: 4px !important;padding-bottom: 20px !important;border-bottom-color: #ee7623 !important;border-bottom-style: solid !important;}\u00bb][\/vc_column][\/vc_row][vc_row woodmart_css_id=\u00bb64346da0154dc\u00bb responsive_spacing=\u00bbeyJwYXJhbV90eXBlIjoid29vZG1hcnRfcmVzcG9uc2l2ZV9zcGFjaW5nIiwic2VsZWN0b3JfaWQiOiI2NDM0NmRhMDE1NGRjIiwic2hvcnRjb2RlIjoidmNfcm93IiwiZGF0YSI6eyJ0YWJsZXQiOnt9LCJtb2JpbGUiOnt9fX0=\u00bb mobile_bg_img_hidden=\u00bbno\u00bb tablet_bg_img_hidden=\u00bbno\u00bb woodmart_parallax=\u00bb0&#8243; woodmart_gradient_switch=\u00bbno\u00bb woodmart_box_shadow=\u00bbno\u00bb wd_z_index=\u00bbno\u00bb woodmart_disable_overflow=\u00bb0&#8243; row_reverse_mobile=\u00bb0&#8243; row_reverse_tablet=\u00bb0&#8243;][vc_column offset=\u00bbvc_col-md-8&#8243; woodmart_css_id=\u00bb6477f6720b411&#8243; parallax_scroll=\u00bbno\u00bb woodmart_sticky_column=\u00bbfalse\u00bb wd_collapsible_content_switcher=\u00bbno\u00bb wd_column_role_offcanvas_desktop=\u00bbno\u00bb wd_column_role_offcanvas_tablet=\u00bbno\u00bb wd_column_role_offcanvas_mobile=\u00bbno\u00bb wd_column_role_content_desktop=\u00bbno\u00bb wd_column_role_content_tablet=\u00bbno\u00bb wd_column_role_content_mobile=\u00bbno\u00bb mobile_bg_img_hidden=\u00bbno\u00bb tablet_bg_img_hidden=\u00bbno\u00bb woodmart_parallax=\u00bb0&#8243; woodmart_box_shadow=\u00bbno\u00bb responsive_spacing=\u00bbeyJwYXJhbV90eXBlIjoid29vZG1hcnRfcmVzcG9uc2l2ZV9zcGFjaW5nIiwic2VsZWN0b3JfaWQiOiI2NDc3ZjY3MjBiNDExIiwic2hvcnRjb2RlIjoidmNfY29sdW1uIiwiZGF0YSI6eyJ0YWJsZXQiOnt9LCJtb2JpbGUiOnt9fX0=\u00bb mobile_reset_margin=\u00bbno\u00bb tablet_reset_margin=\u00bbno\u00bb wd_z_index=\u00bbno\u00bb]\t\t\t<link rel=\"stylesheet\" id=\"wd-image-hotspot-css\" href=\"https:\/\/alliedmineral.com\/wp-content\/themes\/woodmart\/woodmart\/css\/parts\/el-hotspot.min.css?ver=7.1.4\" type=\"text\/css\" media=\"all\" \/> \t\t\t\t\t\t<link rel=\"stylesheet\" id=\"wd-mod-more-description-css\" href=\"https:\/\/alliedmineral.com\/wp-content\/themes\/woodmart\/woodmart\/css\/parts\/mod-more-description.min.css?ver=7.1.4\" type=\"text\/css\" media=\"all\" \/> \t\t\t\t\t<div class=\"wd-image-hotspot-wrapper wd-rs-6477f684352cb hotspot-action-hover hotspot-icon-default color-scheme-dark vc_custom_1685583501096\">\n\t\t\t<div class=\"wd-image-hotspot-hotspots\">\n\t\t\t\t<img loading=\"lazy\" decoding=\"async\" width=\"900\" height=\"469\" src=\"https:\/\/alliedmineral.com\/wp-content\/uploads\/2023\/04\/allied-minerals-products-pusher-furnace.png\" class=\"wd-image-hotspot-img attachment-full\" alt=\"\" title=\"allied-minerals-products-pusher-furnace\" srcset=\"https:\/\/alliedmineral.com\/wp-content\/uploads\/2023\/04\/allied-minerals-products-pusher-furnace.png 900w, https:\/\/alliedmineral.com\/wp-content\/uploads\/2023\/04\/allied-minerals-products-pusher-furnace-300x156.png 300w, https:\/\/alliedmineral.com\/wp-content\/uploads\/2023\/04\/allied-minerals-products-pusher-furnace-768x400.png 768w, https:\/\/alliedmineral.com\/wp-content\/uploads\/2023\/04\/allied-minerals-products-pusher-furnace-600x313.png 600w, https:\/\/alliedmineral.com\/wp-content\/uploads\/2023\/04\/allied-minerals-products-pusher-furnace-150x78.png 150w\" sizes=\"auto, (max-width: 900px) 100vw, 900px\" \/><div class=\"wd-image-hotspot hotspot-type-text\" style=\"left: 3.924%; top: 65.179%;\"><span class=\"hotspot-sonar\"><\/span><div class=\"hotspot-btn wd-fill\"><\/div><div class=\"hotspot-text hotspot-content hotspot-dropdown-right\"><h4 class=\"wd-entities-title\">EXTRACTOR<\/h4><div class=\"hotspot-content-text set-cont-mb-s reset-last-child\"><\/p>\n<div class=\"hover-table-info\">\n<table class=\"hover-tables\">\n<tbody>\n<tr class=\"hover-table-1\">\n<td class=\"table-product\"><sup>ALAKAST\u00ae<\/sup> 90 LC-P<\/td>\n<td>Hormig\u00f3n al 90% a base de al\u00famina tabular para uso en zonas de desgaste intenso. Excelente producto para el hogar.<\/td>\n<\/tr>\n<tr>\n<td class=\"table-product\"><sup>ALAKAST\u00ae<\/sup> 85 LC-P-ES<\/td>\n<td>Hormig\u00f3n bombeable de al\u00famina fundida al 87%. Un moldeable de alta calidad pero m\u00e1s asequible, para su uso en m\u00faltiples aplicaciones.<\/td>\n<\/tr>\n<\/tbody>\n<\/table>\n<\/div>\n<p>&nbsp;<\/p>\n<h5 style=\"text-align: center;\"><a style=\"color: #007473;\" href=\"\/wp-content\/uploads\/2023\/05\/PUSHER_FURNACE_EXTRACTOR_product-tables.pdf\" target=\"_blank\" rel=\"noopener\">PARA SABER M\u00c1S \u00ab<\/a><\/h5>\n<p><\/div><\/div><\/div><div class=\"wd-image-hotspot hotspot-type-text\" style=\"left: 19.756%; top: 58.947%;\"><span class=\"hotspot-sonar\"><\/span><div class=\"hotspot-btn wd-fill\"><\/div><div class=\"hotspot-text hotspot-content hotspot-dropdown-right\"><h4 class=\"wd-entities-title\">O\u00cdDO<\/h4><div class=\"hotspot-content-text set-cont-mb-s reset-last-child\"><\/p>\n<div class=\"hover-table-info\">\n<table class=\"hover-tables\">\n<tbody>\n<tr class=\"hover-table-1\">\n<td class=\"table-product\"><sup>ALAKAST\u00ae<\/sup> 85 LC-P-ES<\/td>\n<td>Hormig\u00f3n bombeable de al\u00famina fundida al 87%. Un moldeable de alta calidad pero m\u00e1s asequible, para su uso en m\u00faltiples aplicaciones.<\/td>\n<\/tr>\n<tr>\n<td class=\"table-product\"><sup>ALAKAST\u00ae<\/sup> 90 LC-P<\/td>\n<td>Hormig\u00f3n al 90% a base de al\u00famina tabular para uso en zonas de desgaste intenso. Excelente producto para el hogar.<\/td>\n<\/tr>\n<tr class=\"hover-table-1\">\n<td class=\"table-product\">TUFF-FLO 98<\/td>\n<td>Hormig\u00f3n vibrado con un 98% de al\u00famina y bajo contenido de cemento, de gran resistencia.<\/td>\n<\/tr>\n<tr>\n<td class=\"table-product\">TUFF-FLO 34 SP<\/td>\n<td>89% de al\u00famina, bomba de bajo contenido en cemento\/vibraci\u00f3n moldeable.<\/td>\n<\/tr>\n<\/tbody>\n<\/table>\n<\/div>\n<p>&nbsp;<\/p>\n<h5 style=\"text-align: center;\"><a style=\"color: #007473;\" href=\"\/wp-content\/uploads\/2023\/05\/PUSHER_FURNACE_HEARTH_product-tables.pdf\" target=\"_blank\" rel=\"noopener\">PARA SABER M\u00c1S \u00ab<\/a><\/h5>\n<p><\/div><\/div><\/div><div class=\"wd-image-hotspot hotspot-type-text\" style=\"left: 27.334%; top: 65.439%;\"><span class=\"hotspot-sonar\"><\/span><div class=\"hotspot-btn wd-fill\"><\/div><div class=\"hotspot-text hotspot-content hotspot-dropdown-right\"><h4 class=\"wd-entities-title\">SUBEARTH<\/h4><div class=\"hotspot-content-text set-cont-mb-s reset-last-child\"><\/p>\n<div class=\"hover-table-info\">\n<table class=\"hover-tables\">\n<tbody>\n<tr class=\"hover-table-1\">\n<td class=\"table-product\"><sup>ALAKAST\u00ae<\/sup> 50 LC-P<\/td>\n<td>Hormig\u00f3n multiuso, bombeable, con un 53% de al\u00famina y bajo contenido en cemento. Dise\u00f1ado para tener buena resistencia a diversas temperaturas.<\/td>\n<\/tr>\n<tr>\n<td class=\"table-product\">Super Firetemp X<\/td>\n<td>Tablero de alta resistencia con excepcionales cualidades aislantes. Ideal para soportar el inmenso peso en los hogares de la zona de inmersi\u00f3n.<\/td>\n<\/tr>\n<tr class=\"hover-table-1\">\n<td class=\"table-product\"><sup>TUFFCRETE\u00ae<\/sup> 2800<\/td>\n<td>Hormig\u00f3n para bombeo\/vibraci\u00f3n de alta resistencia.<\/td>\n<\/tr>\n<\/tbody>\n<\/table>\n<\/div>\n<p>&nbsp;<\/p>\n<h5 style=\"text-align: center;\"><a style=\"color: #007473;\" href=\"\/wp-content\/uploads\/2023\/05\/PUSHER_FURNACE_SUBHEARTH_product-tables.pdf\" target=\"_blank\" rel=\"noopener\">PARA SABER M\u00c1S \u00ab<\/a><\/h5>\n<p><\/div><\/div><\/div><div class=\"wd-image-hotspot hotspot-type-text\" style=\"left: 30.717%; top: 51.676%;\"><span class=\"hotspot-sonar\"><\/span><div class=\"hotspot-btn wd-fill\"><\/div><div class=\"hotspot-text hotspot-content hotspot-dropdown-right\"><h4 class=\"wd-entities-title\">BLOQUES DE PARACHOQUES Y PATINES<\/h4><div class=\"hotspot-content-text set-cont-mb-s reset-last-child\"><\/p>\n<div class=\"hover-table-info\">\n<table class=\"hover-tables\">\n<tbody>\n<tr class=\"hover-table-1\">\n<td class=\"table-product\"><sup>ALAKAST\u00ae<\/sup> 98 EZC<\/td>\n<td>Hormig\u00f3n de al\u00famina de gran pureza (98%) con propiedades mec\u00e1nicas superiores.<\/td>\n<\/tr>\n<tr>\n<td class=\"table-product\">ULTRACON 34C<\/td>\n<td>Hormig\u00f3n tabular grueso, con alto contenido en al\u00famina y pocas impurezas (prefabricado).<\/td>\n<\/tr>\n<tr class=\"hover-table-1\">\n<td class=\"table-product\"><sup>ALPHAMAX\u00ae<\/sup> 2800<\/td>\n<td>Hormig\u00f3n (prefabricado) tabular a base de al\u00famina y muy bajo contenido de cemento.<\/td>\n<\/tr>\n<\/tbody>\n<\/table>\n<\/div>\n<p>&nbsp;<\/p>\n<h5 style=\"text-align: center;\"><a style=\"color: #007473;\" href=\"\/wp-content\/uploads\/2023\/05\/PUSHER_FURNACE_BUMPER-BLOCKS_SKID-BLOCKS_product-tables.pdf\" target=\"_blank\" rel=\"noopener\">PARA SABER M\u00c1S \u00ab<\/a><\/h5>\n<p><\/div><\/div><\/div><div class=\"wd-image-hotspot hotspot-type-text\" style=\"left: 45.873%; top: 74.268%;\"><span class=\"hotspot-sonar\"><\/span><div class=\"hotspot-btn wd-fill\"><\/div><div class=\"hotspot-text hotspot-content hotspot-dropdown-top\"><h4 class=\"wd-entities-title\">VANGUARDIA<\/h4><div class=\"hotspot-content-text set-cont-mb-s reset-last-child\"><\/p>\n<div class=\"hover-table-info\">\n<table class=\"hover-tables\">\n<tbody>\n<tr class=\"hover-table-1\">\n<td class=\"table-product\"><sup>ALAKAST\u00ae<\/sup> 90 LC-P<\/td>\n<td>Hormig\u00f3n al 90% a base de al\u00famina tabular para uso en zonas de desgaste intenso. Excelente producto para el hogar.<\/td>\n<\/tr>\n<tr>\n<td class=\"table-product\">TUFF-FLO 98<\/td>\n<td>Hormig\u00f3n vibrado con un 98% de al\u00famina y bajo contenido de cemento, de gran resistencia.<\/td>\n<\/tr>\n<\/tbody>\n<\/table>\n<\/div>\n<p>&nbsp;<\/p>\n<h5 style=\"text-align: center;\"><a style=\"color: #007473;\" href=\"\/wp-content\/uploads\/2023\/05\/PUSHER_FURNACE_LEADING-EDGE_product-tables.pdf\" target=\"_blank\" rel=\"noopener\">PARA SABER M\u00c1S \u00ab<\/a><\/h5>\n<p><\/div><\/div><\/div><div class=\"wd-image-hotspot hotspot-type-text\" style=\"left: 74.425%; top: 43.366%;\"><span class=\"hotspot-sonar\"><\/span><div class=\"hotspot-btn wd-fill\"><\/div><div class=\"hotspot-text hotspot-content hotspot-dropdown-bottom\"><h4 class=\"wd-entities-title\">QUEMADOR PAREDES Y TECHO<\/h4><div class=\"hotspot-content-text set-cont-mb-s reset-last-child\"><\/p>\n<div class=\"hover-table-info\">\n<table class=\"hover-tables\">\n<tbody>\n<tr class=\"hover-table-1\">\n<td class=\"table-product\">BLAST <sup>KAST\u00ae<\/sup> 70 LC<\/td>\n<td>Hormig\u00f3n proyectado de bajo contenido en cemento con un 70% de al\u00famina a base de mullita. Formulado para proporcionar un suministro y un rendimiento fiables. El producto estrella de Allied para paredes de quemadores de recalentamiento.<\/td>\n<\/tr>\n<tr>\n<td class=\"table-product\"><sup>ALAKAST\u00ae<\/sup> 65 LC-P<\/td>\n<td>60% bajo en cemento, alta resistencia, bomba \/ vibraci\u00f3n moldeable.<\/td>\n<\/tr>\n<\/tbody>\n<\/table>\n<\/div>\n<p>&nbsp;<\/p>\n<h5 style=\"text-align: center;\"><a style=\"color: #007473;\" href=\"\/wp-content\/uploads\/2023\/05\/PUSHER_FURNACE_BURNER-WALLS_ROOF_product-tables.pdf\" target=\"_blank\" rel=\"noopener\">PARA SABER M\u00c1S \u00ab<\/a><\/h5>\n<p><\/div><\/div><\/div><div class=\"wd-image-hotspot hotspot-type-text\" style=\"left: 71.583%; top: 82.318%;\"><span class=\"hotspot-sonar\"><\/span><div class=\"hotspot-btn wd-fill\"><\/div><div class=\"hotspot-text hotspot-content hotspot-dropdown-top\"><h4 class=\"wd-entities-title\">PISO<\/h4><div class=\"hotspot-content-text set-cont-mb-s reset-last-child\"><\/p>\n<div class=\"hover-table-info\">\n<table class=\"hover-tables\">\n<tbody>\n<tr class=\"hover-table-1\">\n<td class=\"table-product\">BLAST <sup>KAST\u00ae<\/sup> 45 LC<\/td>\n<td>45% de al\u00famina, hormig\u00f3n proyectado bajo en cemento. Bueno en zonas de baja temperatura del horno.<\/td>\n<\/tr>\n<\/tbody>\n<\/table>\n<\/div>\n<p>&nbsp;<\/p>\n<h5 style=\"text-align: center;\"><a style=\"color: #007473;\" href=\"\/wp-content\/uploads\/2023\/05\/PUSHER_FURNACE_FLOOR_product-tables.pdf\" target=\"_blank\" rel=\"noopener\">PARA SABER M\u00c1S \u00ab<\/a><\/h5>\n<p><\/div><\/div><\/div><div class=\"wd-image-hotspot hotspot-type-text\" style=\"left: 80.920%; top: 59.726%;\"><span class=\"hotspot-sonar\"><\/span><div class=\"hotspot-btn wd-fill\"><\/div><div class=\"hotspot-text hotspot-content hotspot-dropdown-left\"><h4 class=\"wd-entities-title\">SISTEMA DE PAT\u00cdN H\u00daMEDO<\/h4><div class=\"hotspot-content-text set-cont-mb-s reset-last-child\"><\/p>\n<div class=\"hover-table-info\">\n<table class=\"hover-tables\">\n<tbody>\n<tr class=\"hover-table-1\">\n<td class=\"table-product\"><sup>ALAKAST\u00ae<\/sup> 68 LC-P<\/td>\n<td>Hormig\u00f3n bombeable con un 68% de al\u00famina y bajo contenido de cemento, con buena resistencia en caliente.<\/td>\n<\/tr>\n<tr>\n<td class=\"table-product\">TUFF-FLO 65M<\/td>\n<td>64% bajo cemento bomba \/ vibraci\u00f3n moldeable.<\/td>\n<\/tr>\n<\/tbody>\n<\/table>\n<\/div>\n<p>&nbsp;<\/p>\n<h5 style=\"text-align: center;\"><a style=\"color: #007473;\" href=\"\/wp-content\/uploads\/2023\/05\/PUSHER_FURNACE_WET-SKID-SYSTEM_product-tables.pdf\" target=\"_blank\" rel=\"noopener\">PARA SABER M\u00c1S \u00ab<\/a><\/h5>\n<p><\/div><\/div><\/div><div class=\"wd-image-hotspot hotspot-type-text\" style=\"left: 87.145%; top: 49.339%;\"><span class=\"hotspot-sonar\"><\/span><div class=\"hotspot-btn wd-fill\"><\/div><div class=\"hotspot-text hotspot-content hotspot-dropdown-left\"><h4 class=\"wd-entities-title\">PAREDES LATERALES<\/h4><div class=\"hotspot-content-text set-cont-mb-s reset-last-child\"><\/p>\n<div class=\"hover-table-info\">\n<table class=\"hover-tables\">\n<tbody>\n<tr class=\"hover-table-1\">\n<td class=\"table-product\">BLAST <sup>KAST\u00ae<\/sup> 70 LC<\/td>\n<td>Hormig\u00f3n proyectado de bajo contenido en cemento con un 70% de al\u00famina a base de mullita. Formulado para proporcionar un suministro y un rendimiento fiables. El producto estrella de Allied para paredes laterales recalentadas.<\/td>\n<\/tr>\n<tr>\n<td class=\"table-product\">BLAST <sup>KAST\u00ae<\/sup> 45 LC<\/td>\n<td>45% de al\u00famina, hormig\u00f3n proyectado bajo en cemento. Bueno en zonas de baja temperatura del horno.<\/td>\n<\/tr>\n<\/tbody>\n<\/table>\n<\/div>\n<p>&nbsp;<\/p>\n<h5 style=\"text-align: center;\"><a style=\"color: #007473;\" href=\"\/wp-content\/uploads\/2023\/05\/PUSHER_FURNACE_SIDE-WALLS_product-tables.pdf\" target=\"_blank\" rel=\"noopener\">PARA SABER M\u00c1S \u00ab<\/a><\/h5>\n<p><\/div><\/div><\/div>\t\t\t<\/div>\n\t\t<\/div>\n\t\t[\/vc_column][vc_column woodmart_css_id=\u00bb6477f67bda7c5&#8243; parallax_scroll=\u00bbno\u00bb woodmart_sticky_column=\u00bbfalse\u00bb wd_collapsible_content_switcher=\u00bbno\u00bb wd_column_role_offcanvas_desktop=\u00bbno\u00bb wd_column_role_offcanvas_tablet=\u00bbno\u00bb wd_column_role_offcanvas_mobile=\u00bbno\u00bb wd_column_role_content_desktop=\u00bbno\u00bb wd_column_role_content_tablet=\u00bbno\u00bb wd_column_role_content_mobile=\u00bbno\u00bb mobile_bg_img_hidden=\u00bbno\u00bb tablet_bg_img_hidden=\u00bbno\u00bb woodmart_parallax=\u00bb0&#8243; woodmart_box_shadow=\u00bbno\u00bb responsive_spacing=\u00bbeyJwYXJhbV90eXBlIjoid29vZG1hcnRfcmVzcG9uc2l2ZV9zcGFjaW5nIiwic2VsZWN0b3JfaWQiOiI2NDc3ZjY3YmRhN2M1Iiwic2hvcnRjb2RlIjoidmNfY29sdW1uIiwiZGF0YSI6eyJ0YWJsZXQiOnt9LCJtb2JpbGUiOnt9fX0=\u00bb mobile_reset_margin=\u00bbno\u00bb tablet_reset_margin=\u00bbno\u00bb wd_z_index=\u00bbno\u00bb offset=\u00bbvc_col-md-4&#8243;][vc_custom_heading text=\u00bbHORNO DE EMPUJE\u00bb font_container=\u00bbtag:h2|text_align:left|color:%231a1a1a\u00bb use_theme_fonts=\u00bbyes\u00bb][vc_column_text woodmart_inline=\u00bbno\u00bb text_larger=\u00bbno\u00bb]Los productos de confianza de Allied satisfacen los requisitos de cada zona de hornos de empuje con productos diversos y especializados y formas prefabricadas.[\/vc_column_text]<div id=\"wd-64f229596e5e4\" class=\" wd-rs-64f229596e5e4  wd-button-wrapper text-left\"><a href=\"http:\/\/alliedmineral.com\/wp-content\/uploads\/2023\/08\/Pusher-Furnace.pdf\" title=\"\" target=\"_blank\" class=\"btn btn-scheme-light btn-scheme-hover-light btn-style-default btn-style-rectangle btn-size-default\">VOLANTE<\/a><\/div>[vc_separator color=\u00bbwhite\u00bb wd_hide_on_desktop=\u00bbno\u00bb wd_hide_on_tablet=\u00bbno\u00bb wd_hide_on_mobile=\u00bbno\u00bb]<div id=\"wd-642eff5a4f8b3\" class=\" wd-rs-642eff5a4f8b3  wd-button-wrapper text-left\"><a href=\"\/es\/?page_id=11278\" title=\"P\u00f3ngase en contacto con\" class=\"btn btn-scheme-light btn-scheme-hover-light btn-style-default btn-style-rectangle btn-size-default\">SOLICITAR PRESUPUESTO<\/a><\/div>[\/vc_column][\/vc_row]<\/p>\n<\/div>","protected":false},"excerpt":{"rendered":"<p>[vc_row full_width=\u00bbstretch_row\u00bb woodmart_bg_position=\u00bbcenter-bottom\u00bb css=\u00bb.vc_custom_1680617386280{margin-top: -40px !important;padding-top: 10px !important;padding-bottom: 18px !important;background-image: url(https:\/\/alliedmineral.com\/wp-content\/uploads\/2023\/03\/Allied-Minerals-title-1.jpg?id=84) !important;background-position: center !important;background-repeat: no-repeat !important;background-size: cover !important;}\u00bb woodmart_css_id=\u00bb642c2fa3441a4&#8243; responsive_spacing=\u00bbeyJwYXJhbV90eXBlIjoid29vZG1hcnRfcmVzcG9uc2l2ZV9zcGFjaW5nIiwic2VsZWN0b3JfaWQiOiI2NDJjMmZhMzQ0MWE0Iiwic2hvcnRjb2RlIjoidmNfcm93IiwiZGF0YSI6eyJ0YWJsZXQiOnt9LCJtb2JpbGUiOnt9fX0=\u00bb<\/p>\n","protected":false},"author":3,"featured_media":0,"parent":11320,"menu_order":0,"comment_status":"closed","ping_status":"closed","template":"","meta":{"content-type":"","footnotes":""},"class_list":["post-11308","page","type-page","status-publish","hentry"],"yoast_head":"<!-- This site is optimized with the Yoast SEO plugin v25.7 - https:\/\/yoast.com\/wordpress\/plugins\/seo\/ -->\n<title>Refractarios para hornos de empuje<\/title>\n<meta name=\"description\" content=\"Productos de confianza del sector para cada zona de los hornos de empuje.\" \/>\n<meta name=\"robots\" content=\"index, follow, max-snippet:-1, max-image-preview:large, max-video-preview:-1\" \/>\n<link rel=\"canonical\" href=\"https:\/\/alliedmineral.com\/es\/industrias\/tratamiento-termico-y-forja\/horno-de-empuje\/\" \/>\n<meta property=\"og:locale\" content=\"es_ES\" \/>\n<meta property=\"og:type\" content=\"article\" \/>\n<meta property=\"og:title\" content=\"Refractarios para hornos de empuje\" \/>\n<meta property=\"og:description\" content=\"Productos de confianza del sector para cada zona de los hornos de empuje.\" \/>\n<meta property=\"og:url\" content=\"https:\/\/alliedmineral.com\/es\/industrias\/tratamiento-termico-y-forja\/horno-de-empuje\/\" \/>\n<meta property=\"og:site_name\" content=\"Allied Mineral Products\" \/>\n<meta property=\"article:modified_time\" content=\"2025-03-06T14:41:49+00:00\" \/>\n<meta name=\"twitter:card\" content=\"summary_large_image\" \/>\n<meta name=\"twitter:label1\" content=\"Tiempo de lectura\" \/>\n\t<meta name=\"twitter:data1\" content=\"8 minutos\" \/>\n<script type=\"application\/ld+json\" class=\"yoast-schema-graph\">{\"@context\":\"https:\/\/schema.org\",\"@graph\":[{\"@type\":\"WebPage\",\"@id\":\"https:\/\/alliedmineral.com\/es\/industrias\/tratamiento-termico-y-forja\/horno-de-empuje\/\",\"url\":\"https:\/\/alliedmineral.com\/es\/industrias\/tratamiento-termico-y-forja\/horno-de-empuje\/\",\"name\":\"Refractarios para hornos de empuje\",\"isPartOf\":{\"@id\":\"https:\/\/alliedmineral.com\/es\/#website\"},\"datePublished\":\"2023-04-18T00:58:38+00:00\",\"dateModified\":\"2025-03-06T14:41:49+00:00\",\"description\":\"Productos de confianza del sector para cada zona de los hornos de empuje.\",\"breadcrumb\":{\"@id\":\"https:\/\/alliedmineral.com\/es\/industrias\/tratamiento-termico-y-forja\/horno-de-empuje\/#breadcrumb\"},\"inLanguage\":\"es\",\"potentialAction\":[{\"@type\":\"ReadAction\",\"target\":[\"https:\/\/alliedmineral.com\/es\/industrias\/tratamiento-termico-y-forja\/horno-de-empuje\/\"]}]},{\"@type\":\"BreadcrumbList\",\"@id\":\"https:\/\/alliedmineral.com\/es\/industrias\/tratamiento-termico-y-forja\/horno-de-empuje\/#breadcrumb\",\"itemListElement\":[{\"@type\":\"ListItem\",\"position\":1,\"name\":\"Home\",\"item\":\"https:\/\/alliedmineral.com\/es\/\"},{\"@type\":\"ListItem\",\"position\":2,\"name\":\"Industrias\",\"item\":\"https:\/\/alliedmineral.com\/es\/industrias\/\"},{\"@type\":\"ListItem\",\"position\":3,\"name\":\"Tratamiento t\u00e9rmico y forja\",\"item\":\"https:\/\/alliedmineral.com\/es\/industrias\/tratamiento-termico-y-forja\/\"},{\"@type\":\"ListItem\",\"position\":4,\"name\":\"Horno de empuje\"}]},{\"@type\":\"WebSite\",\"@id\":\"https:\/\/alliedmineral.com\/es\/#website\",\"url\":\"https:\/\/alliedmineral.com\/es\/\",\"name\":\"Allied Mineral Products\",\"description\":\"\",\"potentialAction\":[{\"@type\":\"SearchAction\",\"target\":{\"@type\":\"EntryPoint\",\"urlTemplate\":\"https:\/\/alliedmineral.com\/es\/?s={search_term_string}\"},\"query-input\":{\"@type\":\"PropertyValueSpecification\",\"valueRequired\":true,\"valueName\":\"search_term_string\"}}],\"inLanguage\":\"es\"}]}<\/script>\n<!-- \/ Yoast SEO plugin. -->","yoast_head_json":{"title":"Refractarios para hornos de empuje","description":"Productos de confianza del sector para cada zona de los hornos de empuje.","robots":{"index":"index","follow":"follow","max-snippet":"max-snippet:-1","max-image-preview":"max-image-preview:large","max-video-preview":"max-video-preview:-1"},"canonical":"https:\/\/alliedmineral.com\/es\/industrias\/tratamiento-termico-y-forja\/horno-de-empuje\/","og_locale":"es_ES","og_type":"article","og_title":"Refractarios para hornos de empuje","og_description":"Productos de confianza del sector para cada zona de los hornos de empuje.","og_url":"https:\/\/alliedmineral.com\/es\/industrias\/tratamiento-termico-y-forja\/horno-de-empuje\/","og_site_name":"Allied Mineral Products","article_modified_time":"2025-03-06T14:41:49+00:00","twitter_card":"summary_large_image","twitter_misc":{"Tiempo de lectura":"8 minutos"},"schema":{"@context":"https:\/\/schema.org","@graph":[{"@type":"WebPage","@id":"https:\/\/alliedmineral.com\/es\/industrias\/tratamiento-termico-y-forja\/horno-de-empuje\/","url":"https:\/\/alliedmineral.com\/es\/industrias\/tratamiento-termico-y-forja\/horno-de-empuje\/","name":"Refractarios para hornos de empuje","isPartOf":{"@id":"https:\/\/alliedmineral.com\/es\/#website"},"datePublished":"2023-04-18T00:58:38+00:00","dateModified":"2025-03-06T14:41:49+00:00","description":"Productos de confianza del sector para cada zona de los hornos de empuje.","breadcrumb":{"@id":"https:\/\/alliedmineral.com\/es\/industrias\/tratamiento-termico-y-forja\/horno-de-empuje\/#breadcrumb"},"inLanguage":"es","potentialAction":[{"@type":"ReadAction","target":["https:\/\/alliedmineral.com\/es\/industrias\/tratamiento-termico-y-forja\/horno-de-empuje\/"]}]},{"@type":"BreadcrumbList","@id":"https:\/\/alliedmineral.com\/es\/industrias\/tratamiento-termico-y-forja\/horno-de-empuje\/#breadcrumb","itemListElement":[{"@type":"ListItem","position":1,"name":"Home","item":"https:\/\/alliedmineral.com\/es\/"},{"@type":"ListItem","position":2,"name":"Industrias","item":"https:\/\/alliedmineral.com\/es\/industrias\/"},{"@type":"ListItem","position":3,"name":"Tratamiento t\u00e9rmico y forja","item":"https:\/\/alliedmineral.com\/es\/industrias\/tratamiento-termico-y-forja\/"},{"@type":"ListItem","position":4,"name":"Horno de empuje"}]},{"@type":"WebSite","@id":"https:\/\/alliedmineral.com\/es\/#website","url":"https:\/\/alliedmineral.com\/es\/","name":"Allied Mineral Products","description":"","potentialAction":[{"@type":"SearchAction","target":{"@type":"EntryPoint","urlTemplate":"https:\/\/alliedmineral.com\/es\/?s={search_term_string}"},"query-input":{"@type":"PropertyValueSpecification","valueRequired":true,"valueName":"search_term_string"}}],"inLanguage":"es"}]}},"_links":{"self":[{"href":"https:\/\/alliedmineral.com\/es\/wp-json\/wp\/v2\/pages\/11308","targetHints":{"allow":["GET"]}}],"collection":[{"href":"https:\/\/alliedmineral.com\/es\/wp-json\/wp\/v2\/pages"}],"about":[{"href":"https:\/\/alliedmineral.com\/es\/wp-json\/wp\/v2\/types\/page"}],"author":[{"embeddable":true,"href":"https:\/\/alliedmineral.com\/es\/wp-json\/wp\/v2\/users\/3"}],"replies":[{"embeddable":true,"href":"https:\/\/alliedmineral.com\/es\/wp-json\/wp\/v2\/comments?post=11308"}],"version-history":[{"count":0,"href":"https:\/\/alliedmineral.com\/es\/wp-json\/wp\/v2\/pages\/11308\/revisions"}],"up":[{"embeddable":true,"href":"https:\/\/alliedmineral.com\/es\/wp-json\/wp\/v2\/pages\/11320"}],"wp:attachment":[{"href":"https:\/\/alliedmineral.com\/es\/wp-json\/wp\/v2\/media?parent=11308"}],"curies":[{"name":"wp","href":"https:\/\/api.w.org\/{rel}","templated":true}]}}