{"id":11295,"date":"2023-04-12T14:55:23","date_gmt":"2023-04-12T19:55:23","guid":{"rendered":"https:\/\/alliedmineral.com\/recursos\/informacion-sobre-el-peligro-de-la-silice\/"},"modified":"2025-03-06T09:44:13","modified_gmt":"2025-03-06T14:44:13","slug":"informacion-sobre-el-peligro-de-la-silice","status":"publish","type":"page","link":"https:\/\/alliedmineral.com\/es\/recursos\/informacion-sobre-el-peligro-de-la-silice\/","title":{"rendered":"Informaci\u00f3n sobre el peligro de la s\u00edlice"},"content":{"rendered":"<div class=\"wpb-content-wrapper\"><p>[vc_row full_width=\u00bbstretch_row\u00bb woodmart_bg_position=\u00bbcenter-bottom\u00bb css=\u00bb.vc_custom_1681323470476{margin-top: -40px !important;padding-top: 10px !important;padding-bottom: 18px !important;background-image: url(https:\/\/alliedmineral.com\/wp-content\/uploads\/2023\/03\/Allied-Minerals-title-1.jpg?id=84) !important;background-position: center !important;background-repeat: no-repeat !important;background-size: cover !important;}\u00bb woodmart_css_id=\u00bb6436f5cbd596d\u00bb responsive_spacing=\u00bbeyJwYXJhbV90eXBlIjoid29vZG1hcnRfcmVzcG9uc2l2ZV9zcGFjaW5nIiwic2VsZWN0b3JfaWQiOiI2NDM2ZjVjYmQ1OTZkIiwic2hvcnRjb2RlIjoidmNfcm93IiwiZGF0YSI6eyJ0YWJsZXQiOnt9LCJtb2JpbGUiOnt9fX0=\u00bb mobile_bg_img_hidden=\u00bbno\u00bb tablet_bg_img_hidden=\u00bbno\u00bb woodmart_parallax=\u00bb0&#8243; woodmart_gradient_switch=\u00bbno\u00bb woodmart_box_shadow=\u00bbno\u00bb wd_z_index=\u00bbno\u00bb woodmart_disable_overflow=\u00bb0&#8243; row_reverse_mobile=\u00bb0&#8243; row_reverse_tablet=\u00bb0&#8243;][vc_column css_animation=\u00bbfadeInUp\u00bb woodmart_css_id=\u00bb6436f5aca6663&#8243; parallax_scroll=\u00bbno\u00bb woodmart_sticky_column=\u00bbfalse\u00bb wd_collapsible_content_switcher=\u00bbno\u00bb wd_column_role_offcanvas_desktop=\u00bbno\u00bb wd_column_role_offcanvas_tablet=\u00bbno\u00bb wd_column_role_offcanvas_mobile=\u00bbno\u00bb wd_column_role_content_desktop=\u00bbno\u00bb wd_column_role_content_tablet=\u00bbno\u00bb wd_column_role_content_mobile=\u00bbno\u00bb mobile_bg_img_hidden=\u00bbno\u00bb tablet_bg_img_hidden=\u00bbno\u00bb woodmart_parallax=\u00bb0&#8243; woodmart_box_shadow=\u00bbno\u00bb responsive_spacing=\u00bbeyJwYXJhbV90eXBlIjoid29vZG1hcnRfcmVzcG9uc2l2ZV9zcGFjaW5nIiwic2VsZWN0b3JfaWQiOiI2NDM2ZjVhY2E2NjYzIiwic2hvcnRjb2RlIjoidmNfY29sdW1uIiwiZGF0YSI6eyJ0YWJsZXQiOnt9LCJtb2JpbGUiOnt9fX0=\u00bb mobile_reset_margin=\u00bbno\u00bb tablet_reset_margin=\u00bbno\u00bb wd_z_index=\u00bbno\u00bb][vc_custom_heading text=\u00bbPeligro de s\u00edlice\u00bb font_container=\u00bbtag:h1|font_size:40|text_align:left|color:%23ffffff|line_height:1&#8243; use_theme_fonts=\u00bbyes\u00bb css=\u00bb.vc_custom_1681329347200{border-bottom-width: 4px !important;padding-bottom: 20px !important;border-bottom-color: #ee7623 !important;border-bottom-style: solid !important;}\u00bb el_class=\u00bbpage-title\u00bb][\/vc_column][\/vc_row][vc_row woodmart_css_id=\u00bb64764a21e2ad6&#8243; responsive_spacing=\u00bbeyJwYXJhbV90eXBlIjoid29vZG1hcnRfcmVzcG9uc2l2ZV9zcGFjaW5nIiwic2VsZWN0b3JfaWQiOiI2NDc2NGEyMWUyYWQ2Iiwic2hvcnRjb2RlIjoidmNfcm93IiwiZGF0YSI6eyJ0YWJsZXQiOnt9LCJtb2JpbGUiOnt9fX0=\u00bb mobile_bg_img_hidden=\u00bbno\u00bb tablet_bg_img_hidden=\u00bbno\u00bb woodmart_parallax=\u00bb0&#8243; woodmart_gradient_switch=\u00bbno\u00bb woodmart_box_shadow=\u00bbno\u00bb wd_z_index=\u00bbno\u00bb woodmart_disable_overflow=\u00bb0&#8243; row_reverse_mobile=\u00bb0&#8243; row_reverse_tablet=\u00bb0&#8243; css=\u00bb.vc_custom_1685473836678{margin-top: 20px !important;margin-bottom: 60px !important;}\u00bb][vc_column css_animation=\u00bbfadeIn\u00bb woodmart_css_id=\u00bb647535b8b09a6&#8243; parallax_scroll=\u00bbno\u00bb woodmart_sticky_column=\u00bbfalse\u00bb wd_collapsible_content_switcher=\u00bbno\u00bb wd_column_role_offcanvas_desktop=\u00bbno\u00bb wd_column_role_offcanvas_tablet=\u00bbno\u00bb wd_column_role_offcanvas_mobile=\u00bbno\u00bb wd_column_role_content_desktop=\u00bbno\u00bb wd_column_role_content_tablet=\u00bbno\u00bb wd_column_role_content_mobile=\u00bbno\u00bb mobile_bg_img_hidden=\u00bbno\u00bb tablet_bg_img_hidden=\u00bbno\u00bb woodmart_parallax=\u00bb0&#8243; woodmart_box_shadow=\u00bbno\u00bb responsive_spacing=\u00bbeyJwYXJhbV90eXBlIjoid29vZG1hcnRfcmVzcG9uc2l2ZV9zcGFjaW5nIiwic2VsZWN0b3JfaWQiOiI2NDc1MzViOGIwOWE2Iiwic2hvcnRjb2RlIjoidmNfY29sdW1uIiwiZGF0YSI6eyJ0YWJsZXQiOnt9LCJtb2JpbGUiOnt9fX0=\u00bb mobile_reset_margin=\u00bbno\u00bb tablet_reset_margin=\u00bbno\u00bb wd_z_index=\u00bbno\u00bb offset=\u00bbvc_col-md-6&#8243;][vc_single_image image=\u00bb7978&#8243; img_size=\u00bbfull\u00bb alignment=\u00bbcenter\u00bb parallax_scroll=\u00bbno\u00bb woodmart_inline=\u00bbno\u00bb][\/vc_column][vc_column css=\u00bb.vc_custom_1685403085147{padding-left: 10% !important;}\u00bb woodmart_css_id=\u00bb647535c24b374&#8243; parallax_scroll=\u00bbno\u00bb woodmart_sticky_column=\u00bbfalse\u00bb wd_collapsible_content_switcher=\u00bbno\u00bb wd_column_role_offcanvas_desktop=\u00bbno\u00bb wd_column_role_offcanvas_tablet=\u00bbno\u00bb wd_column_role_offcanvas_mobile=\u00bbno\u00bb wd_column_role_content_desktop=\u00bbno\u00bb wd_column_role_content_tablet=\u00bbno\u00bb wd_column_role_content_mobile=\u00bbno\u00bb mobile_bg_img_hidden=\u00bbno\u00bb tablet_bg_img_hidden=\u00bbno\u00bb woodmart_parallax=\u00bb0&#8243; woodmart_box_shadow=\u00bbno\u00bb responsive_spacing=\u00bbeyJwYXJhbV90eXBlIjoid29vZG1hcnRfcmVzcG9uc2l2ZV9zcGFjaW5nIiwic2VsZWN0b3JfaWQiOiI2NDc1MzVjMjRiMzc0Iiwic2hvcnRjb2RlIjoidmNfY29sdW1uIiwiZGF0YSI6eyJ0YWJsZXQiOnsicGFkZGluZy1sZWZ0IjoiMTUifSwibW9iaWxlIjp7fX19&#8243; mobile_reset_margin=\u00bbno\u00bb tablet_reset_margin=\u00bbno\u00bb wd_z_index=\u00bbno\u00bb offset=\u00bbvc_col-md-6&#8243;][vc_column_text woodmart_inline=\u00bbno\u00bb text_larger=\u00bbno\u00bb]Durante m\u00e1s de 45 a\u00f1os, Allied ha notificado, informado y advertido a sus clientes de los peligros potenciales asociados al uso y eliminaci\u00f3n de materiales cer\u00e1micos refractarios a base de s\u00edlice cristalina.<\/p>\n<p>En nuestro continuo esfuerzo por mantener informados a nuestros clientes, le facilitamos a continuaci\u00f3n nuestra carta detallada en la que se comunican los peligros potenciales de la s\u00edlice cristalina y nuestra ficha de datos de seguridad de los productos a base de s\u00edlice.<\/p>\n<p>Los l\u00edmites de exposici\u00f3n permisibles (PEL) de la OSHA para la s\u00edlice cristalina se adoptaron en 1971 y luego se revisaron en 2018. El PEL actual para la s\u00edlice cristalina respirable es de 50 microgramos por metro c\u00fabico. Allied Mineral Products, LLC recomienda que supervise el entorno de trabajo de su empresa y de sus empleados y determine qu\u00e9 tipos de controles de ingenier\u00eda, EPP y\/u otras medidas de protecci\u00f3n de los empleados son necesarios.<\/p>\n<p><b>Consulte tambi\u00e9n los enlaces que figuran a continuaci\u00f3n para obtener m\u00e1s informaci\u00f3n importante.<\/b>[\/vc_column_text][\/vc_column][\/vc_row][vc_row full_width=\u00bbstretch_row\u00bb equal_height=\u00bbyes\u00bb css=\u00bb.vc_custom_1685473879279{margin-bottom: -40px !important;padding-top: 100px !important;padding-bottom: 100px !important;background-image: url(https:\/\/alliedmineral.com\/wp-content\/uploads\/2023\/04\/Allied-Minerals-dark-bg.jpg?id=7162) !important;background-position: center !important;background-repeat: no-repeat !important;background-size: cover !important;}\u00bb woodmart_css_id=\u00bb64764a421ac7f\u00bb responsive_spacing=\u00bbeyJwYXJhbV90eXBlIjoid29vZG1hcnRfcmVzcG9uc2l2ZV9zcGFjaW5nIiwic2VsZWN0b3JfaWQiOiI2NDc2NGE0MjFhYzdmIiwic2hvcnRjb2RlIjoidmNfcm93IiwiZGF0YSI6eyJ0YWJsZXQiOnsicGFkZGluZy1yaWdodCI6IjM1IiwicGFkZGluZy1sZWZ0IjoiMzUifSwibW9iaWxlIjp7InBhZGRpbmctdG9wIjoiNTBweCIsInBhZGRpbmctYm90dG9tIjoiNTBweCJ9fX0=\u00bb mobile_bg_img_hidden=\u00bbno\u00bb tablet_bg_img_hidden=\u00bbno\u00bb woodmart_parallax=\u00bb0&#8243; woodmart_gradient_switch=\u00bbno\u00bb woodmart_box_shadow=\u00bbno\u00bb wd_z_index=\u00bbno\u00bb woodmart_disable_overflow=\u00bb0&#8243; row_reverse_mobile=\u00bb0&#8243; row_reverse_tablet=\u00bb0&#8243;][vc_column css=\u00bb.vc_custom_1681329822597{padding-top: 80px !important;padding-right: 50px !important;padding-bottom: 80px !important;padding-left: 50px !important;background-color: #ffffff !important;}\u00bb woodmart_css_id=\u00bb64370e984fdd0&#8243; parallax_scroll=\u00bbno\u00bb woodmart_sticky_column=\u00bbfalse\u00bb wd_collapsible_content_switcher=\u00bbno\u00bb wd_column_role_offcanvas_desktop=\u00bbno\u00bb wd_column_role_offcanvas_tablet=\u00bbno\u00bb wd_column_role_offcanvas_mobile=\u00bbno\u00bb wd_column_role_content_desktop=\u00bbno\u00bb wd_column_role_content_tablet=\u00bbno\u00bb wd_column_role_content_mobile=\u00bbno\u00bb mobile_bg_img_hidden=\u00bbno\u00bb tablet_bg_img_hidden=\u00bbno\u00bb woodmart_parallax=\u00bb0&#8243; woodmart_box_shadow=\u00bbno\u00bb responsive_spacing=\u00bbeyJwYXJhbV90eXBlIjoid29vZG1hcnRfcmVzcG9uc2l2ZV9zcGFjaW5nIiwic2VsZWN0b3JfaWQiOiI2NDM3MGU5ODRmZGQwIiwic2hvcnRjb2RlIjoidmNfY29sdW1uIiwiZGF0YSI6eyJ0YWJsZXQiOnt9LCJtb2JpbGUiOnt9fX0=\u00bb mobile_reset_margin=\u00bbno\u00bb tablet_reset_margin=\u00bbno\u00bb wd_z_index=\u00bbno\u00bb]<div id=\"wd-6787c04e0fb7b\" class=\" wd-rs-6787c04e0fb7b vc_custom_1736949848856 wd-button-wrapper text-center\"><a href=\"\/wp-content\/uploads\/2023\/04\/Silica-Letter-2021-AMP-PDJ.pdf\" title=\"\" target=\"_blank\" class=\"btn btn-color-alt btn-style-default btn-style-rectangle btn-size-large btn-full-width\">S\u00cdLICE CRISTALINA MATERIALES CER\u00c1MICOS REFRACTARIOS CARTA (USA)<\/a><\/div><div id=\"wd-6787c05a67530\" class=\" wd-rs-6787c05a67530 vc_custom_1736949859135 wd-button-wrapper text-center\"><a href=\"https:\/\/alliedmineral.com\/wp-content\/uploads\/2025\/01\/SILICA-REFRACTORIES_USENG.pdf\" title=\"\" target=\"_blank\" class=\"btn btn-color-alt btn-style-default btn-style-rectangle btn-size-large btn-full-width\">FICHA DE DATOS DE SEGURIDAD PARA CER\u00c1MICAS REFRACTARIAS DE S\u00cdLICE (USA)<\/a><\/div><div id=\"wd-6787bf7f93d35\" class=\" wd-rs-6787bf7f93d35 vc_custom_1736949653378 wd-button-wrapper text-center\"><a href=\"https:\/\/alliedmineral.com\/wp-content\/uploads\/2025\/01\/SILICA-REFRACTORIES_EUENG.pdf\" title=\"\" target=\"_blank\" class=\"btn btn-color-alt btn-style-default btn-style-rectangle btn-size-large btn-full-width\">S\u00cdLICE CRISTALINA MATERIALES CER\u00c1MICOS REFRACTARIOS CARTA (EUROPA)<\/a><\/div><div id=\"wd-6787c0658149f\" class=\" wd-rs-6787c0658149f  wd-button-wrapper text-center\"><a href=\"https:\/\/alliedmineral.com\/wp-content\/uploads\/2025\/01\/SILICA-REFRACTORIES_EUENG.pdf\" title=\"\" target=\"_blank\" class=\"btn btn-color-alt btn-style-default btn-style-rectangle btn-size-large btn-full-width\">FICHA DE DATOS DE SEGURIDAD DE LAS CER\u00c1MICAS REFRACTARIAS DE S\u00cdLICE (EUROPA)<\/a><\/div>[\/vc_column][\/vc_row]<\/p>\n<\/div>","protected":false},"excerpt":{"rendered":"<p>[vc_row full_width=\u00bbstretch_row\u00bb woodmart_bg_position=\u00bbcenter-bottom\u00bb css=\u00bb.vc_custom_1681323470476{margin-top: -40px !important;padding-top: 10px !important;padding-bottom: 18px !important;background-image: url(https:\/\/alliedmineral.com\/wp-content\/uploads\/2023\/03\/Allied-Minerals-title-1.jpg?id=84) !important;background-position: center !important;background-repeat: no-repeat !important;background-size: cover !important;}\u00bb woodmart_css_id=\u00bb6436f5cbd596d\u00bb responsive_spacing=\u00bbeyJwYXJhbV90eXBlIjoid29vZG1hcnRfcmVzcG9uc2l2ZV9zcGFjaW5nIiwic2VsZWN0b3JfaWQiOiI2NDM2ZjVjYmQ1OTZkIiwic2hvcnRjb2RlIjoidmNfcm93IiwiZGF0YSI6eyJ0YWJsZXQiOnt9LCJtb2JpbGUiOnt9fX0=\u00bb<\/p>\n","protected":false},"author":3,"featured_media":0,"parent":11272,"menu_order":0,"comment_status":"closed","ping_status":"closed","template":"","meta":{"content-type":"","footnotes":""},"class_list":["post-11295","page","type-page","status-publish","hentry"],"yoast_head":"<!-- This site is optimized with the Yoast SEO plugin v25.7 - https:\/\/yoast.com\/wordpress\/plugins\/seo\/ -->\n<title>Allied es consciente de los peligros potenciales de los productos a base de s\u00edlice cristalina.<\/title>\n<meta name=\"description\" content=\"Allied proporciona una carta detallada en la que se comunican los peligros potenciales de la s\u00edlice cristalina y nuestras fichas de datos de seguridad de los productos basados en s\u00edlice.\" \/>\n<meta name=\"robots\" content=\"index, follow, max-snippet:-1, max-image-preview:large, max-video-preview:-1\" \/>\n<link rel=\"canonical\" href=\"https:\/\/alliedmineral.com\/es\/recursos\/informacion-sobre-el-peligro-de-la-silice\/\" \/>\n<meta property=\"og:locale\" content=\"es_ES\" \/>\n<meta property=\"og:type\" content=\"article\" \/>\n<meta property=\"og:title\" content=\"Allied es consciente de los peligros potenciales de los productos a base de s\u00edlice cristalina.\" \/>\n<meta property=\"og:description\" content=\"Allied proporciona una carta detallada en la que se comunican los peligros potenciales de la s\u00edlice cristalina y nuestras fichas de datos de seguridad de los productos basados en s\u00edlice.\" \/>\n<meta property=\"og:url\" content=\"https:\/\/alliedmineral.com\/es\/recursos\/informacion-sobre-el-peligro-de-la-silice\/\" \/>\n<meta property=\"og:site_name\" content=\"Allied Mineral Products\" \/>\n<meta property=\"article:modified_time\" content=\"2025-03-06T14:44:13+00:00\" \/>\n<meta name=\"twitter:card\" content=\"summary_large_image\" \/>\n<meta name=\"twitter:label1\" content=\"Tiempo de lectura\" \/>\n\t<meta name=\"twitter:data1\" content=\"3 minutos\" \/>\n<script type=\"application\/ld+json\" class=\"yoast-schema-graph\">{\"@context\":\"https:\/\/schema.org\",\"@graph\":[{\"@type\":\"WebPage\",\"@id\":\"https:\/\/alliedmineral.com\/es\/recursos\/informacion-sobre-el-peligro-de-la-silice\/\",\"url\":\"https:\/\/alliedmineral.com\/es\/recursos\/informacion-sobre-el-peligro-de-la-silice\/\",\"name\":\"Allied es consciente de los peligros potenciales de los productos a base de s\u00edlice cristalina.\",\"isPartOf\":{\"@id\":\"https:\/\/alliedmineral.com\/es\/#website\"},\"datePublished\":\"2023-04-12T19:55:23+00:00\",\"dateModified\":\"2025-03-06T14:44:13+00:00\",\"description\":\"Allied proporciona una carta detallada en la que se comunican los peligros potenciales de la s\u00edlice cristalina y nuestras fichas de datos de seguridad de los productos basados en s\u00edlice.\",\"breadcrumb\":{\"@id\":\"https:\/\/alliedmineral.com\/es\/recursos\/informacion-sobre-el-peligro-de-la-silice\/#breadcrumb\"},\"inLanguage\":\"es\",\"potentialAction\":[{\"@type\":\"ReadAction\",\"target\":[\"https:\/\/alliedmineral.com\/es\/recursos\/informacion-sobre-el-peligro-de-la-silice\/\"]}]},{\"@type\":\"BreadcrumbList\",\"@id\":\"https:\/\/alliedmineral.com\/es\/recursos\/informacion-sobre-el-peligro-de-la-silice\/#breadcrumb\",\"itemListElement\":[{\"@type\":\"ListItem\",\"position\":1,\"name\":\"Home\",\"item\":\"https:\/\/alliedmineral.com\/es\/\"},{\"@type\":\"ListItem\",\"position\":2,\"name\":\"Recursos\",\"item\":\"https:\/\/alliedmineral.com\/es\/recursos\/\"},{\"@type\":\"ListItem\",\"position\":3,\"name\":\"Informaci\u00f3n sobre el peligro de la s\u00edlice\"}]},{\"@type\":\"WebSite\",\"@id\":\"https:\/\/alliedmineral.com\/es\/#website\",\"url\":\"https:\/\/alliedmineral.com\/es\/\",\"name\":\"Allied Mineral Products\",\"description\":\"\",\"potentialAction\":[{\"@type\":\"SearchAction\",\"target\":{\"@type\":\"EntryPoint\",\"urlTemplate\":\"https:\/\/alliedmineral.com\/es\/?s={search_term_string}\"},\"query-input\":{\"@type\":\"PropertyValueSpecification\",\"valueRequired\":true,\"valueName\":\"search_term_string\"}}],\"inLanguage\":\"es\"}]}<\/script>\n<!-- \/ Yoast SEO plugin. -->","yoast_head_json":{"title":"Allied es consciente de los peligros potenciales de los productos a base de s\u00edlice cristalina.","description":"Allied proporciona una carta detallada en la que se comunican los peligros potenciales de la s\u00edlice cristalina y nuestras fichas de datos de seguridad de los productos basados en s\u00edlice.","robots":{"index":"index","follow":"follow","max-snippet":"max-snippet:-1","max-image-preview":"max-image-preview:large","max-video-preview":"max-video-preview:-1"},"canonical":"https:\/\/alliedmineral.com\/es\/recursos\/informacion-sobre-el-peligro-de-la-silice\/","og_locale":"es_ES","og_type":"article","og_title":"Allied es consciente de los peligros potenciales de los productos a base de s\u00edlice cristalina.","og_description":"Allied proporciona una carta detallada en la que se comunican los peligros potenciales de la s\u00edlice cristalina y nuestras fichas de datos de seguridad de los productos basados en s\u00edlice.","og_url":"https:\/\/alliedmineral.com\/es\/recursos\/informacion-sobre-el-peligro-de-la-silice\/","og_site_name":"Allied Mineral Products","article_modified_time":"2025-03-06T14:44:13+00:00","twitter_card":"summary_large_image","twitter_misc":{"Tiempo de lectura":"3 minutos"},"schema":{"@context":"https:\/\/schema.org","@graph":[{"@type":"WebPage","@id":"https:\/\/alliedmineral.com\/es\/recursos\/informacion-sobre-el-peligro-de-la-silice\/","url":"https:\/\/alliedmineral.com\/es\/recursos\/informacion-sobre-el-peligro-de-la-silice\/","name":"Allied es consciente de los peligros potenciales de los productos a base de s\u00edlice cristalina.","isPartOf":{"@id":"https:\/\/alliedmineral.com\/es\/#website"},"datePublished":"2023-04-12T19:55:23+00:00","dateModified":"2025-03-06T14:44:13+00:00","description":"Allied proporciona una carta detallada en la que se comunican los peligros potenciales de la s\u00edlice cristalina y nuestras fichas de datos de seguridad de los productos basados en s\u00edlice.","breadcrumb":{"@id":"https:\/\/alliedmineral.com\/es\/recursos\/informacion-sobre-el-peligro-de-la-silice\/#breadcrumb"},"inLanguage":"es","potentialAction":[{"@type":"ReadAction","target":["https:\/\/alliedmineral.com\/es\/recursos\/informacion-sobre-el-peligro-de-la-silice\/"]}]},{"@type":"BreadcrumbList","@id":"https:\/\/alliedmineral.com\/es\/recursos\/informacion-sobre-el-peligro-de-la-silice\/#breadcrumb","itemListElement":[{"@type":"ListItem","position":1,"name":"Home","item":"https:\/\/alliedmineral.com\/es\/"},{"@type":"ListItem","position":2,"name":"Recursos","item":"https:\/\/alliedmineral.com\/es\/recursos\/"},{"@type":"ListItem","position":3,"name":"Informaci\u00f3n sobre el peligro de la s\u00edlice"}]},{"@type":"WebSite","@id":"https:\/\/alliedmineral.com\/es\/#website","url":"https:\/\/alliedmineral.com\/es\/","name":"Allied Mineral Products","description":"","potentialAction":[{"@type":"SearchAction","target":{"@type":"EntryPoint","urlTemplate":"https:\/\/alliedmineral.com\/es\/?s={search_term_string}"},"query-input":{"@type":"PropertyValueSpecification","valueRequired":true,"valueName":"search_term_string"}}],"inLanguage":"es"}]}},"_links":{"self":[{"href":"https:\/\/alliedmineral.com\/es\/wp-json\/wp\/v2\/pages\/11295","targetHints":{"allow":["GET"]}}],"collection":[{"href":"https:\/\/alliedmineral.com\/es\/wp-json\/wp\/v2\/pages"}],"about":[{"href":"https:\/\/alliedmineral.com\/es\/wp-json\/wp\/v2\/types\/page"}],"author":[{"embeddable":true,"href":"https:\/\/alliedmineral.com\/es\/wp-json\/wp\/v2\/users\/3"}],"replies":[{"embeddable":true,"href":"https:\/\/alliedmineral.com\/es\/wp-json\/wp\/v2\/comments?post=11295"}],"version-history":[{"count":0,"href":"https:\/\/alliedmineral.com\/es\/wp-json\/wp\/v2\/pages\/11295\/revisions"}],"up":[{"embeddable":true,"href":"https:\/\/alliedmineral.com\/es\/wp-json\/wp\/v2\/pages\/11272"}],"wp:attachment":[{"href":"https:\/\/alliedmineral.com\/es\/wp-json\/wp\/v2\/media?parent=11295"}],"curies":[{"name":"wp","href":"https:\/\/api.w.org\/{rel}","templated":true}]}}