{"id":11282,"date":"2023-04-10T22:51:35","date_gmt":"2023-04-11T03:51:35","guid":{"rendered":"https:\/\/alliedmineral.com\/fundicion\/"},"modified":"2025-03-06T09:44:12","modified_gmt":"2025-03-06T14:44:12","slug":"fundicion","status":"publish","type":"page","link":"https:\/\/alliedmineral.com\/es\/productos\/rammables-humedos\/fundicion\/","title":{"rendered":"Fundici\u00f3n"},"content":{"rendered":"<div class=\"wpb-content-wrapper\"><p>[vc_row full_width=\u00bbstretch_row\u00bb woodmart_bg_position=\u00bbcenter-bottom\u00bb css=\u00bb.vc_custom_1680617386280{margin-top: -40px !important;padding-top: 10px !important;padding-bottom: 18px !important;background-image: url(https:\/\/alliedmineral.com\/wp-content\/uploads\/2023\/03\/Allied-Minerals-title-1.jpg?id=84) !important;background-position: center !important;background-repeat: no-repeat !important;background-size: cover !important;}\u00bb woodmart_css_id=\u00bb642c2fa3441a4&#8243; responsive_spacing=\u00bbeyJwYXJhbV90eXBlIjoid29vZG1hcnRfcmVzcG9uc2l2ZV9zcGFjaW5nIiwic2VsZWN0b3JfaWQiOiI2NDJjMmZhMzQ0MWE0Iiwic2hvcnRjb2RlIjoidmNfcm93IiwiZGF0YSI6eyJ0YWJsZXQiOnt9LCJtb2JpbGUiOnt9fX0=\u00bb mobile_bg_img_hidden=\u00bbno\u00bb tablet_bg_img_hidden=\u00bbno\u00bb woodmart_parallax=\u00bb0&#8243; woodmart_gradient_switch=\u00bbno\u00bb woodmart_box_shadow=\u00bbno\u00bb wd_z_index=\u00bbno\u00bb woodmart_disable_overflow=\u00bb0&#8243; row_reverse_mobile=\u00bb0&#8243; row_reverse_tablet=\u00bb0&#8243;][vc_column css_animation=\u00bbfadeInUp\u00bb woodmart_css_id=\u00bb642ec806cdccc\u00bb parallax_scroll=\u00bbno\u00bb woodmart_sticky_column=\u00bbfalse\u00bb wd_collapsible_content_switcher=\u00bbno\u00bb wd_column_role_offcanvas_desktop=\u00bbno\u00bb wd_column_role_offcanvas_tablet=\u00bbno\u00bb wd_column_role_offcanvas_mobile=\u00bbno\u00bb wd_column_role_content_desktop=\u00bbno\u00bb wd_column_role_content_tablet=\u00bbno\u00bb wd_column_role_content_mobile=\u00bbno\u00bb mobile_bg_img_hidden=\u00bbno\u00bb tablet_bg_img_hidden=\u00bbno\u00bb woodmart_parallax=\u00bb0&#8243; woodmart_box_shadow=\u00bbno\u00bb responsive_spacing=\u00bbeyJwYXJhbV90eXBlIjoid29vZG1hcnRfcmVzcG9uc2l2ZV9zcGFjaW5nIiwic2VsZWN0b3JfaWQiOiI2NDJlYzgwNmNkY2NjIiwic2hvcnRjb2RlIjoidmNfY29sdW1uIiwiZGF0YSI6eyJ0YWJsZXQiOnt9LCJtb2JpbGUiOnt9fX0=\u00bb mobile_reset_margin=\u00bbno\u00bb tablet_reset_margin=\u00bbno\u00bb wd_z_index=\u00bbno\u00bb][vc_custom_heading text=\u00bbRammables h\u00famedos para fundici\u00f3n\u00bb font_container=\u00bbtag:h1|font_size:40|text_align:left|color:%23ffffff|line_height:1&#8243; use_theme_fonts=\u00bbyes\u00bb el_class=\u00bbpage-title\u00bb css=\u00bb.vc_custom_1681184885724{border-bottom-width: 4px !important;padding-bottom: 20px !important;border-bottom-color: #ee7623 !important;border-bottom-style: solid !important;}\u00bb][\/vc_column][\/vc_row][vc_row css=\u00bb.vc_custom_1685070091056{padding-top: 20px !important;padding-bottom: 100px !important;}\u00bb woodmart_css_id=\u00bb647021044d906&#8243; responsive_spacing=\u00bbeyJwYXJhbV90eXBlIjoid29vZG1hcnRfcmVzcG9uc2l2ZV9zcGFjaW5nIiwic2VsZWN0b3JfaWQiOiI2NDcwMjEwNDRkOTA2Iiwic2hvcnRjb2RlIjoidmNfcm93IiwiZGF0YSI6eyJ0YWJsZXQiOnt9LCJtb2JpbGUiOnt9fX0=\u00bb mobile_bg_img_hidden=\u00bbno\u00bb tablet_bg_img_hidden=\u00bbno\u00bb woodmart_parallax=\u00bb0&#8243; woodmart_gradient_switch=\u00bbno\u00bb woodmart_box_shadow=\u00bbno\u00bb wd_z_index=\u00bbno\u00bb woodmart_disable_overflow=\u00bb0&#8243; row_reverse_mobile=\u00bb0&#8243; row_reverse_tablet=\u00bb0&#8243;][vc_column css_animation=\u00bbfadeIn\u00bb offset=\u00bbvc_col-md-6&#8243; woodmart_css_id=\u00bb64245f202e99c\u00bb parallax_scroll=\u00bbno\u00bb woodmart_sticky_column=\u00bbfalse\u00bb wd_collapsible_content_switcher=\u00bbno\u00bb wd_column_role_offcanvas_desktop=\u00bbno\u00bb wd_column_role_offcanvas_tablet=\u00bbno\u00bb wd_column_role_offcanvas_mobile=\u00bbno\u00bb wd_column_role_content_desktop=\u00bbno\u00bb wd_column_role_content_tablet=\u00bbno\u00bb wd_column_role_content_mobile=\u00bbno\u00bb mobile_bg_img_hidden=\u00bbno\u00bb tablet_bg_img_hidden=\u00bbno\u00bb woodmart_parallax=\u00bb0&#8243; woodmart_box_shadow=\u00bbno\u00bb responsive_spacing=\u00bbeyJwYXJhbV90eXBlIjoid29vZG1hcnRfcmVzcG9uc2l2ZV9zcGFjaW5nIiwic2VsZWN0b3JfaWQiOiI2NDI0NWYyMDJlOTljIiwic2hvcnRjb2RlIjoidmNfY29sdW1uIiwiZGF0YSI6eyJ0YWJsZXQiOnt9LCJtb2JpbGUiOnt9fX0=\u00bb mobile_reset_margin=\u00bbno\u00bb tablet_reset_margin=\u00bbno\u00bb wd_z_index=\u00bbno\u00bb][vc_single_image image=\u00bb7091&#8243; img_size=\u00bbfull\u00bb alignment=\u00bbcenter\u00bb parallax_scroll=\u00bbno\u00bb woodmart_inline=\u00bbno\u00bb][\/vc_column][vc_column css_animation=\u00bbfadeIn\u00bb offset=\u00bbvc_col-md-6&#8243; woodmart_css_id=\u00bb64769b16423dd\u00bb parallax_scroll=\u00bbno\u00bb woodmart_sticky_column=\u00bbfalse\u00bb wd_collapsible_content_switcher=\u00bbno\u00bb wd_column_role_offcanvas_desktop=\u00bbno\u00bb wd_column_role_offcanvas_tablet=\u00bbno\u00bb wd_column_role_offcanvas_mobile=\u00bbno\u00bb wd_column_role_content_desktop=\u00bbno\u00bb wd_column_role_content_tablet=\u00bbno\u00bb wd_column_role_content_mobile=\u00bbno\u00bb mobile_bg_img_hidden=\u00bbno\u00bb tablet_bg_img_hidden=\u00bbno\u00bb woodmart_parallax=\u00bb0&#8243; woodmart_box_shadow=\u00bbno\u00bb responsive_spacing=\u00bbeyJwYXJhbV90eXBlIjoid29vZG1hcnRfcmVzcG9uc2l2ZV9zcGFjaW5nIiwic2VsZWN0b3JfaWQiOiI2NDc2OWIxNjQyM2RkIiwic2hvcnRjb2RlIjoidmNfY29sdW1uIiwiZGF0YSI6eyJ0YWJsZXQiOnsicGFkZGluZy1sZWZ0IjoiMTUifSwibW9iaWxlIjp7fX19&#8243; mobile_reset_margin=\u00bbno\u00bb tablet_reset_margin=\u00bbno\u00bb wd_z_index=\u00bbno\u00bb css=\u00bb.vc_custom_1685494557726{padding-left: 10% !important;}\u00bb][vc_column_text woodmart_inline=\u00bbno\u00bb text_larger=\u00bbno\u00bb]<\/p>\n<h2>Rammables h\u00famedos para fundici\u00f3n<\/h2>\n<p>Allied Mineral Products suministra productos de ariete h\u00famedo para aplicaciones en la industria de la fundici\u00f3n. Estos productos se instalan mediante t\u00e9cnicas convencionales de apisonado en h\u00famedo. Allied dispone de varios productos, como arietes de arcilla, arietes de aire, arietes de calor y arietes graf\u00edticos.[\/vc_column_text]<div id=\"wd-6425af2fe90f4\" class=\" wd-rs-6425af2fe90f4  wd-button-wrapper text-center inline-element\"><a href=\"\/es\/?page_id=11278\" title=\"P\u00f3ngase en contacto con\" class=\"btn btn-scheme-light btn-scheme-hover-light btn-style-default btn-style-rectangle btn-size-large\">SOLICITAR PRESUPUESTO<\/a><\/div><div id=\"wd-64629d72c4843\" class=\" wd-rs-64629d72c4843  wd-button-wrapper text-center inline-element\"><a href=\"\/wp-content\/uploads\/2023\/05\/Formatted-Foundry-product-tables_WET-RAM.pdf\" title=\"P\u00f3ngase en contacto con\" target=\"_blank\" class=\"btn btn-color-alt btn-style-default btn-style-rectangle btn-size-large\">DESCARGAR PDF<\/a><\/div>[\/vc_column][\/vc_row][vc_row full_width=\u00bbstretch_row\u00bb equal_height=\u00bbyes\u00bb css=\u00bb.vc_custom_1685494569137{margin-bottom: -40px !important;padding-top: 100px !important;padding-bottom: 100px !important;}\u00bb woodmart_css_id=\u00bb64769b1f9da9f\u00bb responsive_spacing=\u00bbeyJwYXJhbV90eXBlIjoid29vZG1hcnRfcmVzcG9uc2l2ZV9zcGFjaW5nIiwic2VsZWN0b3JfaWQiOiI2NDc2OWIxZjlkYTlmIiwic2hvcnRjb2RlIjoidmNfcm93IiwiZGF0YSI6eyJ0YWJsZXQiOnsicGFkZGluZy1yaWdodCI6IjM1IiwicGFkZGluZy1sZWZ0IjoiMzUifSwibW9iaWxlIjp7InBhZGRpbmctdG9wIjoiNTAiLCJwYWRkaW5nLWJvdHRvbSI6IjUwIn19fQ==\u00bb mobile_bg_img_hidden=\u00bbno\u00bb tablet_bg_img_hidden=\u00bbno\u00bb woodmart_parallax=\u00bb0&#8243; woodmart_gradient_switch=\u00bbyes\u00bb woodmart_box_shadow=\u00bbno\u00bb wd_z_index=\u00bbno\u00bb woodmart_disable_overflow=\u00bb0&#8243; row_reverse_mobile=\u00bb0&#8243; row_reverse_tablet=\u00bb0&#8243; woodmart_color_gradient=\u00bbrgb(221, 117, 39)-0\/rgb(0, 0, 0)-100\/|linear-gradient(top , rgb(221, 117, 39) , rgb(0, 0, 0) 100%)|linear|top\u00bb][vc_column css=\u00bb.vc_custom_1680106105116{margin-bottom: 0px !important;padding-bottom: 25px !important;background-color: #92412b !important;}\u00bb woodmart_css_id=\u00bb642462726b593&#8243; parallax_scroll=\u00bbno\u00bb woodmart_sticky_column=\u00bbfalse\u00bb wd_collapsible_content_switcher=\u00bbno\u00bb wd_column_role_offcanvas_desktop=\u00bbno\u00bb wd_column_role_offcanvas_tablet=\u00bbno\u00bb wd_column_role_offcanvas_mobile=\u00bbno\u00bb wd_column_role_content_desktop=\u00bbno\u00bb wd_column_role_content_tablet=\u00bbno\u00bb wd_column_role_content_mobile=\u00bbno\u00bb mobile_bg_img_hidden=\u00bbno\u00bb tablet_bg_img_hidden=\u00bbno\u00bb woodmart_parallax=\u00bb0&#8243; woodmart_box_shadow=\u00bbno\u00bb responsive_spacing=\u00bbeyJwYXJhbV90eXBlIjoid29vZG1hcnRfcmVzcG9uc2l2ZV9zcGFjaW5nIiwic2VsZWN0b3JfaWQiOiI2NDI0NjI3MjZiNTkzIiwic2hvcnRjb2RlIjoidmNfY29sdW1uIiwiZGF0YSI6eyJ0YWJsZXQiOnt9LCJtb2JpbGUiOnt9fX0=\u00bb mobile_reset_margin=\u00bbno\u00bb tablet_reset_margin=\u00bbno\u00bb wd_z_index=\u00bbno\u00bb][vc_custom_heading text=\u00bbDETALLES DEL MATERIAL\u00bb font_container=\u00bbtag:h2|text_align:center|color:%23ffffff|line_height:1&#8243; use_theme_fonts=\u00bbyes\u00bb css=\u00bb.vc_custom_1680105781030{margin-bottom: 5px !important;}\u00bb][\/vc_column][vc_column css=\u00bb.vc_custom_1680106740193{margin-top: 0px !important;padding-top: 50px !important;padding-right: 120px !important;padding-bottom: 50px !important;padding-left: 120px !important;background-color: #ffffff !important;}\u00bb woodmart_css_id=\u00bb642464e8dbd6f\u00bb parallax_scroll=\u00bbno\u00bb woodmart_sticky_column=\u00bbfalse\u00bb wd_collapsible_content_switcher=\u00bbno\u00bb wd_column_role_offcanvas_desktop=\u00bbno\u00bb wd_column_role_offcanvas_tablet=\u00bbno\u00bb wd_column_role_offcanvas_mobile=\u00bbno\u00bb wd_column_role_content_desktop=\u00bbno\u00bb wd_column_role_content_tablet=\u00bbno\u00bb wd_column_role_content_mobile=\u00bbno\u00bb mobile_bg_img_hidden=\u00bbno\u00bb tablet_bg_img_hidden=\u00bbno\u00bb woodmart_parallax=\u00bb0&#8243; woodmart_box_shadow=\u00bbno\u00bb responsive_spacing=\u00bbeyJwYXJhbV90eXBlIjoid29vZG1hcnRfcmVzcG9uc2l2ZV9zcGFjaW5nIiwic2VsZWN0b3JfaWQiOiI2NDI0NjRlOGRiZDZmIiwic2hvcnRjb2RlIjoidmNfY29sdW1uIiwiZGF0YSI6eyJ0YWJsZXQiOnsicGFkZGluZy1yaWdodCI6IjIxIiwicGFkZGluZy1sZWZ0IjoiMjEifSwibW9iaWxlIjp7InBhZGRpbmctcmlnaHQiOiIyMSIsInBhZGRpbmctbGVmdCI6IjIxIn19fQ==\u00bb mobile_reset_margin=\u00bbno\u00bb tablet_reset_margin=\u00bbno\u00bb wd_z_index=\u00bbno\u00bb][vc_tta_accordion style=\u00bbmodern\u00bb shape=\u00bbsquare\u00bb color=\u00bbwhite\u00bb active_section=\u00bb-1&#8243; no_fill=\u00bbtrue\u00bb collapsible_all=\u00bbtrue\u00bb el_id=\u00bbproduct-category-pg\u00bb][vc_tta_section title=\u00bbFOSFATO UNIDO\u00bb tab_id=\u00bbphosphate-bonded\u00bb][vc_raw_html css=\u00bb.vc_custom_1685070129570{border-top-width: 1px !important;border-top-color: #ee7623 !important;border-top-style: solid !important;}\u00bb]PGRpdiBjbGFzcz0icHJvZHVjdC10YWJsZS1pbmZvIj4KCTx0YWJsZSBjbGFzcz0icHJvZHVjdC10YWJsZXMiPgoJCTx0aGVhZD4KCQkJPHRyPgoJCQkJPHRoPlByb2R1Y3RvPC90aD4KCQkJCTx0aD48c3ViPkFsMk8zJTwvc3ViPi48L3RoPgoJCQkJPHRoPjxzdWI+U2lPMiU8L3N1Yj4uPC90aD4KCQkJCTx0aD48c3ViPkNyMk8zJTwvc3ViPi48L3RoPgoJCQkJPHRoPkRlbnNpZGFkICg8c3VwPmcvY20zPC9zdXA+IDxzdXA+L2xiL2Z0Mzwvc3VwPik8L3RoPgoJCQkJPHRoPlRlbXBlcmF0dXJhIGzDrW1pdGU8L3RoPgoJCQk8L3RyPgoJCTwvdGhlYWQ+CgkJPHRib2R5PgogICAgPHRyPgogICAgICAgIDx0ZD5SQU0gNDgyQS1XPC90ZD4KICAgICAgICA8dGQ+NzguMzwvdGQ+CiAgICAgICAgPHRkPjE1LjE8L3RkPgogICAgICAgIDx0ZD4tPC90ZD4KICAgICAgICA8dGQ+Mi43NiAvIDE3MjwvdGQ+CiAgICAgICAgPHRkPjE3NjDCsEMgKDMyMDDCsEYpPC90ZD4KICAgIDwvdHI+CiAgICA8dHI+CiAgICAgICAgPHRkPjxzdXA+TUlOUk8tQUzCrjwvc3VwPiBSQU0gQTYwLVc8L3RkPgogICAgICAgIDx0ZD45NS4zPC90ZD4KICAgICAgICA8dGQ+My43PC90ZD4KICAgICAgICA8dGQ+LTwvdGQ+CiAgICAgICAgPHRkPjIuOTYgLyAxODU8L3RkPgogICAgICAgIDx0ZD4xODE1wrBDICgzMzAwwrBGKTwvdGQ+CiAgICA8L3RyPgogICAgPHRyPgogICAgICAgIDx0ZD5PWEFMIDk1IFI8L3RkPgogICAgICAgIDx0ZD45My42PC90ZD4KICAgICAgICA8dGQ+My4yPC90ZD4KICAgICAgICA8dGQ+LTwvdGQ+CiAgICAgICAgPHRkPjMuMjAgLyAyMDA8L3RkPgogICAgICAgIDx0ZD4xODE1wrBDICgzMzAwwrBGKTwvdGQ+CiAgICA8L3RyPgogICAgPHRyPgogICAgICAgIDx0ZD5BQyBSQU08L3RkPgogICAgICAgIDx0ZD44NC44PC90ZD4KICAgICAgICA8dGQ+Mi45PC90ZD4KICAgICAgICA8dGQ+MTAuMzwvdGQ+CiAgICAgICAgPHRkPjMuMjggLyAyMDU8L3RkPgogICAgICAgIDx0ZD4xODE1wrBDICgzMzAwwrBGKTwvdGQ+CiAgICA8L3RyPgoJCTwvdGJvZHk+Cgk8L3RhYmxlPgo8L2Rpdj4=[\/vc_raw_html][\/vc_tta_section][vc_tta_section title=\u00bbAIR SET BONDED\u00bb tab_id=\u00bbair-set-bonded\u00bb][vc_raw_html css=\u00bb.vc_custom_1685070158921{border-top-width: 1px !important;border-top-color: #ee7623 !important;border-top-style: solid !important;}\u00bb]PGRpdiBjbGFzcz0icHJvZHVjdC10YWJsZS1pbmZvIj4KCTx0YWJsZSBjbGFzcz0icHJvZHVjdC10YWJsZXMiPgoJCTx0aGVhZD4KCQkJPHRyPgoJCQkJPHRoPlByb2R1Y3RvPC90aD4KCQkJCTx0aD48c3ViPkFsMk8zJTwvc3ViPi48L3RoPgoJCQkJPHRoPjxzdWI+U2lPMiU8L3N1Yj4uPC90aD4KCQkJCTx0aD5EZW5zaWRhZCAoPHN1cD5nL2NtMzwvc3VwPiA8c3VwPi9sYi9mdDM8L3N1cD4pPC90aD4KCQkJCTx0aD5UZW1wZXJhdHVyYSBsw61taXRlPC90aD4KCQkJPC90cj4KCQk8L3RoZWFkPgoJCTx0Ym9keT4KICAgIDx0cj4KICAgICAgICA8dGQ+PHN1cD5NSU5STy1BTMKuPC9zdXA+IFJBTSBBNTEtVzwvdGQ+CiAgICAgICAgPHRkPjkxLjg8L3RkPgogICAgICAgIDx0ZD4xLjg8L3RkPgogICAgICAgIDx0ZD4yLjk2IC8gMTg1PC90ZD4KICAgICAgICA8dGQ+MTc2MMKwQyAoMzIwMMKwRik8L3RkPgogICAgPC90cj4KICAgIDx0cj4KICAgICAgICA8dGQ+PHN1cD5NSU5STy1BTMKuPC9zdXA+IFBBUkNIRSBBNTMtVzwvdGQ+CiAgICAgICAgPHRkPjkzLjM8L3RkPgogICAgICAgIDx0ZD4zLjc8L3RkPgogICAgICAgIDx0ZD4yLjQwIC8gMTUwPC90ZD4KICAgICAgICA8dGQ+MTc2MMKwQyAoMzIwMMKwRik8L3RkPgogICAgPC90cj4KICAgIDx0cj4KICAgICAgICA8dGQ+PHN1cD5NSU5STy1BTMKuPC9zdXA+IFBBUkNIRSBBNTktVyBGSU5PPC90ZD4KICAgICAgICA8dGQ+OTUuNTwvdGQ+CiAgICAgICAgPHRkPjIuODwvdGQ+CiAgICAgICAgPHRkPjIuNzYgLyAxNzI8L3RkPgogICAgICAgIDx0ZD4xNzYwwrBDICgzMjAwwrBGKTwvdGQ+CiAgICA8L3RyPgogICAgPHRyPgogICAgICAgIDx0ZD5ISSBBTCBSQU0gODA8L3RkPgogICAgICAgIDx0ZD44My42PC90ZD4KICAgICAgICA8dGQ+MTAuNDwvdGQ+CiAgICAgICAgPHRkPjIuOTUgLyAxODQ8L3RkPgogICAgICAgIDx0ZD4xNzYwwrBDICgzMjAwwrBGKTwvdGQ+CiAgICA8L3RyPgoJCTwvdGJvZHk+Cgk8L3RhYmxlPgo8L2Rpdj4=[\/vc_raw_html][\/vc_tta_section][vc_tta_section title=\u00bbPEGADO TERMOFIJADO\u00bb tab_id=\u00bbheat-set-bonded\u00bb][vc_raw_html css=\u00bb.vc_custom_1685070184437{border-top-width: 1px !important;border-top-color: #ee7623 !important;border-top-style: solid !important;}\u00bb]PGRpdiBjbGFzcz0icHJvZHVjdC10YWJsZS1pbmZvIj4KCTx0YWJsZSBjbGFzcz0icHJvZHVjdC10YWJsZXMiPgoJCTx0aGVhZD4KCQkJPHRyPgoJCQkJPHRoPlByb2R1Y3RvPC90aD4KCQkJCTx0aD48c3ViPkFsMk8zJTwvc3ViPi48L3RoPgoJCQkJPHRoPjxzdWI+U2lPMiU8L3N1Yj4uPC90aD4KCQkJCTx0aD5EZW5zaWRhZCAoPHN1cD5nL2NtMzwvc3VwPiA8c3VwPi9sYi9mdDM8L3N1cD4pPC90aD4KCQkJCTx0aD5UZW1wZXJhdHVyYSBsw61taXRlPC90aD4KCQkJPC90cj4KCQk8L3RoZWFkPgoJCTx0Ym9keT4KICAgIDx0cj4KICAgICAgICA8dGQ+PHN1cD5NSU5STy1BTMKuPC9zdXA+IFJBTSBBMzEtVzwvdGQ+CiAgICAgICAgPHRkPjg4LjY8L3RkPgogICAgICAgIDx0ZD43LjA8L3RkPgogICAgICAgIDx0ZD4zLjEzIC8gMTk1PC90ZD4KICAgICAgICA8dGQ+MTcwNcKwQyAoMzEwMMKwRik8L3RkPgogICAgPC90cj4KICAgIDx0cj4KICAgICAgICA8dGQ+PHN1cD5NSU5STy1BTMKuPC9zdXA+IFJBTSBBMzQtVzwvdGQ+CiAgICAgICAgPHRkPjc1Ljk8L3RkPgogICAgICAgIDx0ZD45LjA8L3RkPgogICAgICAgIDx0ZD4yLjU2IC8gMTYwPC90ZD4KICAgICAgICA8dGQ+MTY1MMKwQyAoMzAwMMKwRik8L3RkPgogICAgPC90cj4KICAgIDx0cj4KICAgICAgICA8dGQ+UkFNIExBRExFPC90ZD4KICAgICAgICA8dGQ+NTkuODwvdGQ+CiAgICAgICAgPHRkPjM3Ljg8L3RkPgogICAgICAgIDx0ZD4yLjY5LTIuNzcgLyAxNjgtMTczPC90ZD4KICAgICAgICA8dGQ+MTcwNcKwQyAoMzEwMMKwRik8L3RkPgogICAgPC90cj4KCQk8L3Rib2R5PgoJPC90YWJsZT4KPC9kaXY+[\/vc_raw_html][\/vc_tta_section][vc_tta_section title=\u00bbRAM GR\u00c1FICA\u00bb tab_id=\u00bbgraphitic-ram\u00bb][vc_raw_html css=\u00bb.vc_custom_1685070205204{border-top-width: 1px !important;border-top-color: #ee7623 !important;border-top-style: solid !important;}\u00bb]PGRpdiBjbGFzcz0icHJvZHVjdC10YWJsZS1pbmZvIj4KCTx0YWJsZSBjbGFzcz0icHJvZHVjdC10YWJsZXMiPgoJCTx0aGVhZD4KCQkJPHRyPgoJCQkJPHRoPlByb2R1Y3RvPC90aD4KCQkJCTx0aD48c3ViPkFsMk8zJTwvc3ViPi48L3RoPgoJCQkJPHRoPjxzdWI+U2lPMiU8L3N1Yj4uPC90aD4KCQkJCTx0aD5EZW5zaWRhZCAoPHN1cD5nL2NtMzwvc3VwPiA8c3VwPi9sYi9mdDM8L3N1cD4pPC90aD4KCQkJCTx0aD5UZW1wZXJhdHVyYSBsw61taXRlPC90aD4KCQkJPC90cj4KCQk8L3RoZWFkPgoJCTx0Ym9keT4KICAgIDx0cj4KICAgICAgICA8dGQ+SE9MQSBBTCBSQU0gRyA0MTA8L3RkPgogICAgICAgIDx0ZD43My41PC90ZD4KICAgICAgICA8dGQ+OS42PC90ZD4KICAgICAgICA8dGQ+Mi43OSAvIDE3NDwvdGQ+CiAgICAgICAgPHRkPjE3MDXCsEMgKDMxMDDCsEYpPC90ZD4KICAgIDwvdHI+CiAgICA8dHI+CiAgICAgICAgPHRkPkNXIDQ2OSBSQU08L3RkPgogICAgICAgIDx0ZD42Ny45PC90ZD4KICAgICAgICA8dGQ+MS43PC90ZD4KICAgICAgICA8dGQ+My4xNiAvIDE5NzwvdGQ+CiAgICAgICAgPHRkPjE2NTDCsEMgKDMwMDDCsEYpPC90ZD4KICAgIDwvdHI+CgkJPC90Ym9keT4KCTwvdGFibGU+CjwvZGl2Pg==[\/vc_raw_html][\/vc_tta_section][\/vc_tta_accordion]<div id=\"wd-64629d8fb1670\" class=\" wd-rs-64629d8fb1670 vc_custom_1684184469538 wd-button-wrapper text-center inline-element\"><a href=\"\/wp-content\/uploads\/2023\/05\/Formatted-Foundry-product-tables_WET-RAM.pdf\" title=\"P\u00f3ngase en contacto con\" target=\"_blank\" class=\"btn btn-color-alt btn-style-default btn-style-rectangle btn-size-large\">DESCARGAR PDF<\/a><\/div>[\/vc_column][\/vc_row]<\/p>\n<\/div>","protected":false},"excerpt":{"rendered":"<p>[vc_row full_width=\u00bbstretch_row\u00bb woodmart_bg_position=\u00bbcenter-bottom\u00bb css=\u00bb.vc_custom_1680617386280{margin-top: -40px !important;padding-top: 10px !important;padding-bottom: 18px !important;background-image: url(https:\/\/alliedmineral.com\/wp-content\/uploads\/2023\/03\/Allied-Minerals-title-1.jpg?id=84) !important;background-position: center !important;background-repeat: no-repeat !important;background-size: cover !important;}\u00bb woodmart_css_id=\u00bb642c2fa3441a4&#8243; responsive_spacing=\u00bbeyJwYXJhbV90eXBlIjoid29vZG1hcnRfcmVzcG9uc2l2ZV9zcGFjaW5nIiwic2VsZWN0b3JfaWQiOiI2NDJjMmZhMzQ0MWE0Iiwic2hvcnRjb2RlIjoidmNfcm93IiwiZGF0YSI6eyJ0YWJsZXQiOnt9LCJtb2JpbGUiOnt9fX0=\u00bb<\/p>\n","protected":false},"author":3,"featured_media":0,"parent":11326,"menu_order":0,"comment_status":"closed","ping_status":"closed","template":"","meta":{"content-type":"","footnotes":""},"class_list":["post-11282","page","type-page","status-publish","hentry"],"yoast_head":"<!-- This site is optimized with the Yoast SEO plugin v25.7 - https:\/\/yoast.com\/wordpress\/plugins\/seo\/ -->\n<title>Productos inflamables en h\u00famedo: Productos para aplicaciones en la industria de la fundici\u00f3n.<\/title>\n<meta name=\"description\" content=\"Los refractarios aglomerados con arcilla, de fraguado al aire y termoendurecibles est\u00e1n disponibles para aplicaciones en la industria de la fundici\u00f3n instalados con t\u00e9cnicas de apisonado en h\u00famedo.\" \/>\n<meta name=\"robots\" content=\"index, follow, max-snippet:-1, max-image-preview:large, max-video-preview:-1\" \/>\n<link rel=\"canonical\" href=\"https:\/\/alliedmineral.com\/es\/productos\/rammables-humedos\/fundicion\/\" \/>\n<meta property=\"og:locale\" content=\"es_ES\" \/>\n<meta property=\"og:type\" content=\"article\" \/>\n<meta property=\"og:title\" content=\"Productos inflamables en h\u00famedo: Productos para aplicaciones en la industria de la fundici\u00f3n.\" \/>\n<meta property=\"og:description\" content=\"Los refractarios aglomerados con arcilla, de fraguado al aire y termoendurecibles est\u00e1n disponibles para aplicaciones en la industria de la fundici\u00f3n instalados con t\u00e9cnicas de apisonado en h\u00famedo.\" \/>\n<meta property=\"og:url\" content=\"https:\/\/alliedmineral.com\/es\/productos\/rammables-humedos\/fundicion\/\" \/>\n<meta property=\"og:site_name\" content=\"Allied Mineral Products\" \/>\n<meta property=\"article:modified_time\" content=\"2025-03-06T14:44:12+00:00\" \/>\n<meta name=\"twitter:card\" content=\"summary_large_image\" \/>\n<meta name=\"twitter:label1\" content=\"Tiempo de lectura\" \/>\n\t<meta name=\"twitter:data1\" content=\"11 minutos\" \/>\n<script type=\"application\/ld+json\" class=\"yoast-schema-graph\">{\"@context\":\"https:\/\/schema.org\",\"@graph\":[{\"@type\":\"WebPage\",\"@id\":\"https:\/\/alliedmineral.com\/es\/productos\/rammables-humedos\/fundicion\/\",\"url\":\"https:\/\/alliedmineral.com\/es\/productos\/rammables-humedos\/fundicion\/\",\"name\":\"Productos inflamables en h\u00famedo: Productos para aplicaciones en la industria de la fundici\u00f3n.\",\"isPartOf\":{\"@id\":\"https:\/\/alliedmineral.com\/es\/#website\"},\"datePublished\":\"2023-04-11T03:51:35+00:00\",\"dateModified\":\"2025-03-06T14:44:12+00:00\",\"description\":\"Los refractarios aglomerados con arcilla, de fraguado al aire y termoendurecibles est\u00e1n disponibles para aplicaciones en la industria de la fundici\u00f3n instalados con t\u00e9cnicas de apisonado en h\u00famedo.\",\"breadcrumb\":{\"@id\":\"https:\/\/alliedmineral.com\/es\/productos\/rammables-humedos\/fundicion\/#breadcrumb\"},\"inLanguage\":\"es\",\"potentialAction\":[{\"@type\":\"ReadAction\",\"target\":[\"https:\/\/alliedmineral.com\/es\/productos\/rammables-humedos\/fundicion\/\"]}]},{\"@type\":\"BreadcrumbList\",\"@id\":\"https:\/\/alliedmineral.com\/es\/productos\/rammables-humedos\/fundicion\/#breadcrumb\",\"itemListElement\":[{\"@type\":\"ListItem\",\"position\":1,\"name\":\"Home\",\"item\":\"https:\/\/alliedmineral.com\/es\/\"},{\"@type\":\"ListItem\",\"position\":2,\"name\":\"Productos\",\"item\":\"https:\/\/alliedmineral.com\/es\/productos\/\"},{\"@type\":\"ListItem\",\"position\":3,\"name\":\"Rammables h\u00famedos\",\"item\":\"https:\/\/alliedmineral.com\/es\/productos\/rammables-humedos\/\"},{\"@type\":\"ListItem\",\"position\":4,\"name\":\"Fundici\u00f3n\"}]},{\"@type\":\"WebSite\",\"@id\":\"https:\/\/alliedmineral.com\/es\/#website\",\"url\":\"https:\/\/alliedmineral.com\/es\/\",\"name\":\"Allied Mineral Products\",\"description\":\"\",\"potentialAction\":[{\"@type\":\"SearchAction\",\"target\":{\"@type\":\"EntryPoint\",\"urlTemplate\":\"https:\/\/alliedmineral.com\/es\/?s={search_term_string}\"},\"query-input\":{\"@type\":\"PropertyValueSpecification\",\"valueRequired\":true,\"valueName\":\"search_term_string\"}}],\"inLanguage\":\"es\"}]}<\/script>\n<!-- \/ Yoast SEO plugin. -->","yoast_head_json":{"title":"Productos inflamables en h\u00famedo: Productos para aplicaciones en la industria de la fundici\u00f3n.","description":"Los refractarios aglomerados con arcilla, de fraguado al aire y termoendurecibles est\u00e1n disponibles para aplicaciones en la industria de la fundici\u00f3n instalados con t\u00e9cnicas de apisonado en h\u00famedo.","robots":{"index":"index","follow":"follow","max-snippet":"max-snippet:-1","max-image-preview":"max-image-preview:large","max-video-preview":"max-video-preview:-1"},"canonical":"https:\/\/alliedmineral.com\/es\/productos\/rammables-humedos\/fundicion\/","og_locale":"es_ES","og_type":"article","og_title":"Productos inflamables en h\u00famedo: Productos para aplicaciones en la industria de la fundici\u00f3n.","og_description":"Los refractarios aglomerados con arcilla, de fraguado al aire y termoendurecibles est\u00e1n disponibles para aplicaciones en la industria de la fundici\u00f3n instalados con t\u00e9cnicas de apisonado en h\u00famedo.","og_url":"https:\/\/alliedmineral.com\/es\/productos\/rammables-humedos\/fundicion\/","og_site_name":"Allied Mineral Products","article_modified_time":"2025-03-06T14:44:12+00:00","twitter_card":"summary_large_image","twitter_misc":{"Tiempo de lectura":"11 minutos"},"schema":{"@context":"https:\/\/schema.org","@graph":[{"@type":"WebPage","@id":"https:\/\/alliedmineral.com\/es\/productos\/rammables-humedos\/fundicion\/","url":"https:\/\/alliedmineral.com\/es\/productos\/rammables-humedos\/fundicion\/","name":"Productos inflamables en h\u00famedo: Productos para aplicaciones en la industria de la fundici\u00f3n.","isPartOf":{"@id":"https:\/\/alliedmineral.com\/es\/#website"},"datePublished":"2023-04-11T03:51:35+00:00","dateModified":"2025-03-06T14:44:12+00:00","description":"Los refractarios aglomerados con arcilla, de fraguado al aire y termoendurecibles est\u00e1n disponibles para aplicaciones en la industria de la fundici\u00f3n instalados con t\u00e9cnicas de apisonado en h\u00famedo.","breadcrumb":{"@id":"https:\/\/alliedmineral.com\/es\/productos\/rammables-humedos\/fundicion\/#breadcrumb"},"inLanguage":"es","potentialAction":[{"@type":"ReadAction","target":["https:\/\/alliedmineral.com\/es\/productos\/rammables-humedos\/fundicion\/"]}]},{"@type":"BreadcrumbList","@id":"https:\/\/alliedmineral.com\/es\/productos\/rammables-humedos\/fundicion\/#breadcrumb","itemListElement":[{"@type":"ListItem","position":1,"name":"Home","item":"https:\/\/alliedmineral.com\/es\/"},{"@type":"ListItem","position":2,"name":"Productos","item":"https:\/\/alliedmineral.com\/es\/productos\/"},{"@type":"ListItem","position":3,"name":"Rammables h\u00famedos","item":"https:\/\/alliedmineral.com\/es\/productos\/rammables-humedos\/"},{"@type":"ListItem","position":4,"name":"Fundici\u00f3n"}]},{"@type":"WebSite","@id":"https:\/\/alliedmineral.com\/es\/#website","url":"https:\/\/alliedmineral.com\/es\/","name":"Allied Mineral Products","description":"","potentialAction":[{"@type":"SearchAction","target":{"@type":"EntryPoint","urlTemplate":"https:\/\/alliedmineral.com\/es\/?s={search_term_string}"},"query-input":{"@type":"PropertyValueSpecification","valueRequired":true,"valueName":"search_term_string"}}],"inLanguage":"es"}]}},"_links":{"self":[{"href":"https:\/\/alliedmineral.com\/es\/wp-json\/wp\/v2\/pages\/11282","targetHints":{"allow":["GET"]}}],"collection":[{"href":"https:\/\/alliedmineral.com\/es\/wp-json\/wp\/v2\/pages"}],"about":[{"href":"https:\/\/alliedmineral.com\/es\/wp-json\/wp\/v2\/types\/page"}],"author":[{"embeddable":true,"href":"https:\/\/alliedmineral.com\/es\/wp-json\/wp\/v2\/users\/3"}],"replies":[{"embeddable":true,"href":"https:\/\/alliedmineral.com\/es\/wp-json\/wp\/v2\/comments?post=11282"}],"version-history":[{"count":0,"href":"https:\/\/alliedmineral.com\/es\/wp-json\/wp\/v2\/pages\/11282\/revisions"}],"up":[{"embeddable":true,"href":"https:\/\/alliedmineral.com\/es\/wp-json\/wp\/v2\/pages\/11326"}],"wp:attachment":[{"href":"https:\/\/alliedmineral.com\/es\/wp-json\/wp\/v2\/media?parent=11282"}],"curies":[{"name":"wp","href":"https:\/\/api.w.org\/{rel}","templated":true}]}}